{"id":1513,"date":"2017-01-14T21:28:29","date_gmt":"2017-01-14T20:28:29","guid":{"rendered":"https:\/\/balsamico.shop\/fi\/?post_type=product&#038;p=1513"},"modified":"2026-04-22T11:21:23","modified_gmt":"2026-04-22T09:21:23","slug":"balsamico-cavalli-rypaleen-puristemehu","status":"publish","type":"product","link":"https:\/\/balsamico.shop\/fi\/tuote\/balsamico-cavalli-rypaleen-puristemehu\/","title":{"rendered":"Condimento Balsamico Cavalli &#8211; 100% ryp\u00e4leen puristemehu"},"content":{"rendered":"<p>Meilt\u00e4 kysyttiin j\u00e4lleen kerran, jos emme pysty tarjoamaan my\u00f6s balsamiviinietikkaa, joka on hyvin l\u00e4hell\u00e4 todellista perinteist\u00e4, mutta ei niin kallista. Jokap\u00e4iv\u00e4inen balsami, jota voit my\u00f6s nauttia huolettomasti ilman, ett\u00e4 ajattelet suoraan hintaa.<\/p>\n<p>Aito Aceto BalsamicoTradizionalen hinta on ennen kaikkea sen kypsymisen, tekstuurin ja monimutkaisen maun vuoksi kuluva aika. Aika edustaa balsamicoa sanan todellisessa merkityksess\u00e4 rahaksi. L\u00e4hes jokainen Modenan tai Reggio Emilian Acetaia myy Aceto Balsamico Tradizionale di Modena D.O.P.:n rinnalla. my\u00f6s condimento &#8211; niin mausteinen kastike tai prekursori Tradizionale. Acetaia Cavalli Ferdinando Scandianosta Reggio Emilian maakunnassa, josta on per\u00e4isin Aceto Balsamico Tradizionale di Reggio Emilia.<\/p>\n<p><img loading=\"lazy\" decoding=\"async\" width=\"843\" height=\"160\" class=\"alignnone wp-image-585 size-full\" src=\"https:\/\/balsamico.shop\/fi\/wp-content\/uploads\/2017\/01\/cavalli-logo.jpg\" alt=\"Balsamico\" srcset=\"https:\/\/balsamico.shop\/fi\/wp-content\/uploads\/2017\/01\/cavalli-logo.jpg 843w, https:\/\/balsamico.shop\/fi\/wp-content\/uploads\/2017\/01\/cavalli-logo-600x114.jpg 600w, https:\/\/balsamico.shop\/fi\/wp-content\/uploads\/2017\/01\/cavalli-logo-300x57.jpg 300w, https:\/\/balsamico.shop\/fi\/wp-content\/uploads\/2017\/01\/cavalli-logo-768x146.jpg 768w, https:\/\/balsamico.shop\/fi\/wp-content\/uploads\/2017\/01\/cavalli-logo-390x74.jpg 390w\" sizes=\"auto, (max-width: 843px) 100vw, 843px\" \/><\/p>\n<p>Condimento Balsamico Cavalli &#8221;Riserva Nando&#8221; on perinteisen balsamiviinietikan edelt\u00e4j\u00e4. Se kypsyy &#8221;vain&#8221; viiden ja kahdeksan vuoden v\u00e4lisen\u00e4 aikana Acetaia Cavallin tynnyreiss\u00e4, mutta sill\u00e4 on jo &#8221;todellinen&#8221; &#8211; ei aivan yht\u00e4 monimutkainen ja taloudellinen kuin Tradizionale, mutta t\u00e4m\u00e4 balsamiviinietikka tekee sen lajikkeen puhtaudesta ja sen erehtym\u00e4tt\u00f6m\u00e4st\u00e4 mausta Trebbiano-ryp\u00e4leen ja ei v\u00e4hiten sen hinnan mukaan.<\/p>\n<p>Ainesosat: 100% keitetyt ryp\u00e4leen puristemehut, lajiteltu Trebbiano-ryp\u00e4leen<\/p>\n<p>T\u00e4m\u00e4 balsamiviinietikka on gluteeniton, ILMAISEKSI ILMOITTAA, ilman s\u00e4ilytysaineita, ILMAISUUDET, ilman maustetta!<\/p>\n<p>&nbsp;<\/p>\n<p>&nbsp;<\/p>\n<p>&nbsp;<\/p>\n<p>Valmistaja:<br \/>\nCavalli cav. Ferdinando srl<br \/>\nVia del Cristo 6\/ab<br \/>\n42019 Scandiano Reggio Emilia Reggio Emilia<br \/>\nItalia<\/p>\n","protected":false},"excerpt":{"rendered":"<p>Meilt\u00e4 kysyttiin j\u00e4lleen kerran, jos emme pysty tarjoamaan my\u00f6s balsamiviinietikkaa, joka on hyvin l\u00e4hell\u00e4 todellista perinteist\u00e4, mutta ei niin kallista. Jokap\u00e4iv\u00e4inen balsami, jota voit my\u00f6s nauttia huolettomasti ilman, ett\u00e4 ajattelet suoraan hintaa. Aito Aceto BalsamicoTradizionalen hinta on ennen kaikkea sen kypsymisen, tekstuurin ja monimutkaisen maun vuoksi kuluva aika. Aika edustaa balsamicoa sanan todellisessa merkityksess\u00e4 rahaksi. L\u00e4hes jokainen Modenan tai Reggio Emilian Acetaia myy Aceto Balsamico Tradizionale di Modena D.O.P.:n rinnalla. my\u00f6s condimento &#8211; niin mausteinen kastike tai prekursori Tradizionale. Acetaia Cavalli Ferdinando Scandianosta Reggio Emilian maakunnassa, josta on per\u00e4isin Aceto Balsamico Tradizionale di Reggio Emilia. Condimento Balsamico Cavalli &#8221;Riserva Nando&#8221; on perinteisen balsamiviinietikan edelt\u00e4j\u00e4. Se kypsyy &#8221;vain&#8221; viiden ja kahdeksan vuoden v\u00e4lisen\u00e4 aikana Acetaia Cavallin tynnyreiss\u00e4, mutta sill\u00e4 on jo &#8221;todellinen&#8221; &#8211; ei aivan yht\u00e4 monimutkainen ja taloudellinen kuin Tradizionale, mutta t\u00e4m\u00e4 balsamiviinietikka tekee sen lajikkeen puhtaudesta ja sen erehtym\u00e4tt\u00f6m\u00e4st\u00e4 mausta Trebbiano-ryp\u00e4leen ja ei v\u00e4hiten sen hinnan mukaan. Ainesosat: 100% keitetyt ryp\u00e4leen puristemehut, lajiteltu Trebbiano-ryp\u00e4leen T\u00e4m\u00e4 balsamiviinietikka on gluteeniton, ILMAISEKSI ILMOITTAA, ilman s\u00e4ilytysaineita, ILMAISUUDET, ilman maustetta! &nbsp; &nbsp; &nbsp; Valmistaja: Cavalli cav. Ferdinando srl Via del Cristo 6\/ab 42019 Scandiano Reggio Emilia Reggio Emilia Italia<\/p>\n","protected":false},"featured_media":1981,"template":"","meta":[],"product_brand":[],"product_cat":[31],"product_tag":[],"class_list":{"0":"post-1513","1":"product","2":"type-product","3":"status-publish","4":"has-post-thumbnail","6":"product_cat-cavalli","7":"product_shipping_class-balsamico","9":"first","10":"instock","11":"featured","12":"taxable","13":"shipping-taxable","14":"purchasable","15":"product-type-simple"},"bundle_layout":"","bundled_by":[],"bundled_items":[],"yoast_head":"<!-- This site is optimized with the Yoast SEO plugin v27.4 - https:\/\/yoast.com\/product\/yoast-seo-wordpress\/ -->\n<title>Balsamico Cavalli - Riserva Nando - 100% ryp\u00e4leen puristemehu<\/title>\n<meta name=\"robots\" content=\"index, follow, max-snippet:-1, max-image-preview:large, max-video-preview:-1\" \/>\n<link rel=\"canonical\" href=\"https:\/\/balsamico.shop\/fi\/tuote\/balsamico-cavalli-rypaleen-puristemehu\/\" \/>\n<meta property=\"og:locale\" content=\"fi_FI\" \/>\n<meta property=\"og:type\" content=\"article\" \/>\n<meta property=\"og:title\" content=\"Balsamico Cavalli - Riserva Nando - 100% ryp\u00e4leen puristemehu\" \/>\n<meta property=\"og:description\" content=\"Meilt\u00e4 kysyttiin j\u00e4lleen kerran, jos emme pysty tarjoamaan my\u00f6s balsamiviinietikkaa, joka on hyvin l\u00e4hell\u00e4 todellista perinteist\u00e4, mutta ei niin kallista. Jokap\u00e4iv\u00e4inen balsami, jota voit my\u00f6s nauttia huolettomasti ilman, ett\u00e4 ajattelet suoraan hintaa. Aito Aceto BalsamicoTradizionalen hinta on ennen kaikkea sen kypsymisen, tekstuurin ja monimutkaisen maun vuoksi kuluva aika. Aika edustaa balsamicoa sanan todellisessa merkityksess\u00e4 rahaksi. L\u00e4hes jokainen Modenan tai Reggio Emilian Acetaia myy Aceto Balsamico Tradizionale di Modena D.O.P.:n rinnalla. my\u00f6s condimento &#8211; niin mausteinen kastike tai prekursori Tradizionale. Acetaia Cavalli Ferdinando Scandianosta Reggio Emilian maakunnassa, josta on per\u00e4isin Aceto Balsamico Tradizionale di Reggio Emilia. Condimento Balsamico Cavalli &#8221;Riserva Nando&#8221; on perinteisen balsamiviinietikan edelt\u00e4j\u00e4. Se kypsyy &#8221;vain&#8221; viiden ja kahdeksan vuoden v\u00e4lisen\u00e4 aikana Acetaia Cavallin tynnyreiss\u00e4, mutta sill\u00e4 on jo &#8221;todellinen&#8221; &#8211; ei aivan yht\u00e4 monimutkainen ja taloudellinen kuin Tradizionale, mutta t\u00e4m\u00e4 balsamiviinietikka tekee sen lajikkeen puhtaudesta ja sen erehtym\u00e4tt\u00f6m\u00e4st\u00e4 mausta Trebbiano-ryp\u00e4leen ja ei v\u00e4hiten sen hinnan mukaan. Ainesosat: 100% keitetyt ryp\u00e4leen puristemehut, lajiteltu Trebbiano-ryp\u00e4leen T\u00e4m\u00e4 balsamiviinietikka on gluteeniton, ILMAISEKSI ILMOITTAA, ilman s\u00e4ilytysaineita, ILMAISUUDET, ilman maustetta! &nbsp; &nbsp; &nbsp; Valmistaja: Cavalli cav. Ferdinando srl Via del Cristo 6\/ab 42019 Scandiano Reggio Emilia Reggio Emilia Italia\" \/>\n<meta property=\"og:url\" content=\"https:\/\/balsamico.shop\/fi\/tuote\/balsamico-cavalli-rypaleen-puristemehu\/\" \/>\n<meta property=\"og:site_name\" content=\"Aceto Balsamico Shop - Suomi\" \/>\n<meta property=\"article:modified_time\" content=\"2026-04-22T09:21:23+00:00\" \/>\n<meta property=\"og:image\" content=\"https:\/\/balsamico.shop\/fi\/wp-content\/uploads\/2017\/01\/balsamico-riserva-nando.jpg\" \/>\n\t<meta property=\"og:image:width\" content=\"1600\" \/>\n\t<meta property=\"og:image:height\" content=\"1872\" \/>\n\t<meta property=\"og:image:type\" content=\"image\/jpeg\" \/>\n<meta name=\"twitter:card\" content=\"summary_large_image\" \/>\n<meta name=\"twitter:label1\" content=\"Arvioitu lukuaika\" \/>\n\t<meta name=\"twitter:data1\" content=\"1 minuutti\" \/>\n<script type=\"application\/ld+json\" class=\"yoast-schema-graph\">{\"@context\":\"https:\\\/\\\/schema.org\",\"@graph\":[{\"@type\":\"WebPage\",\"@id\":\"https:\\\/\\\/balsamico.shop\\\/fi\\\/tuote\\\/balsamico-cavalli-rypaleen-puristemehu\\\/\",\"url\":\"https:\\\/\\\/balsamico.shop\\\/fi\\\/tuote\\\/balsamico-cavalli-rypaleen-puristemehu\\\/\",\"name\":\"Balsamico Cavalli - Riserva Nando - 100% ryp\u00e4leen puristemehu\",\"isPartOf\":{\"@id\":\"https:\\\/\\\/balsamico.shop\\\/fi\\\/#website\"},\"primaryImageOfPage\":{\"@id\":\"https:\\\/\\\/balsamico.shop\\\/fi\\\/tuote\\\/balsamico-cavalli-rypaleen-puristemehu\\\/#primaryimage\"},\"image\":{\"@id\":\"https:\\\/\\\/balsamico.shop\\\/fi\\\/tuote\\\/balsamico-cavalli-rypaleen-puristemehu\\\/#primaryimage\"},\"thumbnailUrl\":\"https:\\\/\\\/balsamico.shop\\\/fi\\\/wp-content\\\/uploads\\\/2017\\\/01\\\/balsamico-riserva-nando.jpg\",\"datePublished\":\"2017-01-14T20:28:29+00:00\",\"dateModified\":\"2026-04-22T09:21:23+00:00\",\"breadcrumb\":{\"@id\":\"https:\\\/\\\/balsamico.shop\\\/fi\\\/tuote\\\/balsamico-cavalli-rypaleen-puristemehu\\\/#breadcrumb\"},\"inLanguage\":\"fi\",\"potentialAction\":[{\"@type\":\"ReadAction\",\"target\":[\"https:\\\/\\\/balsamico.shop\\\/fi\\\/tuote\\\/balsamico-cavalli-rypaleen-puristemehu\\\/\"]}]},{\"@type\":\"ImageObject\",\"inLanguage\":\"fi\",\"@id\":\"https:\\\/\\\/balsamico.shop\\\/fi\\\/tuote\\\/balsamico-cavalli-rypaleen-puristemehu\\\/#primaryimage\",\"url\":\"https:\\\/\\\/balsamico.shop\\\/fi\\\/wp-content\\\/uploads\\\/2017\\\/01\\\/balsamico-riserva-nando.jpg\",\"contentUrl\":\"https:\\\/\\\/balsamico.shop\\\/fi\\\/wp-content\\\/uploads\\\/2017\\\/01\\\/balsamico-riserva-nando.jpg\",\"width\":1600,\"height\":1872},{\"@type\":\"BreadcrumbList\",\"@id\":\"https:\\\/\\\/balsamico.shop\\\/fi\\\/tuote\\\/balsamico-cavalli-rypaleen-puristemehu\\\/#breadcrumb\",\"itemListElement\":[{\"@type\":\"ListItem\",\"position\":1,\"name\":\"Home\",\"item\":\"https:\\\/\\\/balsamico.shop\\\/fi\\\/\"},{\"@type\":\"ListItem\",\"position\":2,\"name\":\"Balsamico Shop\",\"item\":\"https:\\\/\\\/balsamico.shop\\\/fi\\\/shop\\\/\"},{\"@type\":\"ListItem\",\"position\":3,\"name\":\"Condimento Balsamico Cavalli &#8211; 100% ryp\u00e4leen puristemehu\"}]},{\"@type\":\"WebSite\",\"@id\":\"https:\\\/\\\/balsamico.shop\\\/fi\\\/#website\",\"url\":\"https:\\\/\\\/balsamico.shop\\\/fi\\\/\",\"name\":\"Aceto Balsamico Shop - Suomi\",\"description\":\"Hienoin balsamietikka Italiasta\",\"potentialAction\":[{\"@type\":\"SearchAction\",\"target\":{\"@type\":\"EntryPoint\",\"urlTemplate\":\"https:\\\/\\\/balsamico.shop\\\/fi\\\/?s={search_term_string}\"},\"query-input\":{\"@type\":\"PropertyValueSpecification\",\"valueRequired\":true,\"valueName\":\"search_term_string\"}}],\"inLanguage\":\"fi\"}]}<\/script>\n<!-- \/ Yoast SEO plugin. -->","yoast_head_json":{"title":"Balsamico Cavalli - Riserva Nando - 100% ryp\u00e4leen puristemehu","robots":{"index":"index","follow":"follow","max-snippet":"max-snippet:-1","max-image-preview":"max-image-preview:large","max-video-preview":"max-video-preview:-1"},"canonical":"https:\/\/balsamico.shop\/fi\/tuote\/balsamico-cavalli-rypaleen-puristemehu\/","og_locale":"fi_FI","og_type":"article","og_title":"Balsamico Cavalli - Riserva Nando - 100% ryp\u00e4leen puristemehu","og_description":"Meilt\u00e4 kysyttiin j\u00e4lleen kerran, jos emme pysty tarjoamaan my\u00f6s balsamiviinietikkaa, joka on hyvin l\u00e4hell\u00e4 todellista perinteist\u00e4, mutta ei niin kallista. Jokap\u00e4iv\u00e4inen balsami, jota voit my\u00f6s nauttia huolettomasti ilman, ett\u00e4 ajattelet suoraan hintaa. Aito Aceto BalsamicoTradizionalen hinta on ennen kaikkea sen kypsymisen, tekstuurin ja monimutkaisen maun vuoksi kuluva aika. Aika edustaa balsamicoa sanan todellisessa merkityksess\u00e4 rahaksi. L\u00e4hes jokainen Modenan tai Reggio Emilian Acetaia myy Aceto Balsamico Tradizionale di Modena D.O.P.:n rinnalla. my\u00f6s condimento &#8211; niin mausteinen kastike tai prekursori Tradizionale. Acetaia Cavalli Ferdinando Scandianosta Reggio Emilian maakunnassa, josta on per\u00e4isin Aceto Balsamico Tradizionale di Reggio Emilia. Condimento Balsamico Cavalli &#8221;Riserva Nando&#8221; on perinteisen balsamiviinietikan edelt\u00e4j\u00e4. Se kypsyy &#8221;vain&#8221; viiden ja kahdeksan vuoden v\u00e4lisen\u00e4 aikana Acetaia Cavallin tynnyreiss\u00e4, mutta sill\u00e4 on jo &#8221;todellinen&#8221; &#8211; ei aivan yht\u00e4 monimutkainen ja taloudellinen kuin Tradizionale, mutta t\u00e4m\u00e4 balsamiviinietikka tekee sen lajikkeen puhtaudesta ja sen erehtym\u00e4tt\u00f6m\u00e4st\u00e4 mausta Trebbiano-ryp\u00e4leen ja ei v\u00e4hiten sen hinnan mukaan. Ainesosat: 100% keitetyt ryp\u00e4leen puristemehut, lajiteltu Trebbiano-ryp\u00e4leen T\u00e4m\u00e4 balsamiviinietikka on gluteeniton, ILMAISEKSI ILMOITTAA, ilman s\u00e4ilytysaineita, ILMAISUUDET, ilman maustetta! &nbsp; &nbsp; &nbsp; Valmistaja: Cavalli cav. Ferdinando srl Via del Cristo 6\/ab 42019 Scandiano Reggio Emilia Reggio Emilia Italia","og_url":"https:\/\/balsamico.shop\/fi\/tuote\/balsamico-cavalli-rypaleen-puristemehu\/","og_site_name":"Aceto Balsamico Shop - Suomi","article_modified_time":"2026-04-22T09:21:23+00:00","og_image":[{"width":1600,"height":1872,"url":"https:\/\/balsamico.shop\/fi\/wp-content\/uploads\/2017\/01\/balsamico-riserva-nando.jpg","type":"image\/jpeg"}],"twitter_card":"summary_large_image","twitter_misc":{"Arvioitu lukuaika":"1 minuutti"},"schema":{"@context":"https:\/\/schema.org","@graph":[{"@type":"WebPage","@id":"https:\/\/balsamico.shop\/fi\/tuote\/balsamico-cavalli-rypaleen-puristemehu\/","url":"https:\/\/balsamico.shop\/fi\/tuote\/balsamico-cavalli-rypaleen-puristemehu\/","name":"Balsamico Cavalli - Riserva Nando - 100% ryp\u00e4leen puristemehu","isPartOf":{"@id":"https:\/\/balsamico.shop\/fi\/#website"},"primaryImageOfPage":{"@id":"https:\/\/balsamico.shop\/fi\/tuote\/balsamico-cavalli-rypaleen-puristemehu\/#primaryimage"},"image":{"@id":"https:\/\/balsamico.shop\/fi\/tuote\/balsamico-cavalli-rypaleen-puristemehu\/#primaryimage"},"thumbnailUrl":"https:\/\/balsamico.shop\/fi\/wp-content\/uploads\/2017\/01\/balsamico-riserva-nando.jpg","datePublished":"2017-01-14T20:28:29+00:00","dateModified":"2026-04-22T09:21:23+00:00","breadcrumb":{"@id":"https:\/\/balsamico.shop\/fi\/tuote\/balsamico-cavalli-rypaleen-puristemehu\/#breadcrumb"},"inLanguage":"fi","potentialAction":[{"@type":"ReadAction","target":["https:\/\/balsamico.shop\/fi\/tuote\/balsamico-cavalli-rypaleen-puristemehu\/"]}]},{"@type":"ImageObject","inLanguage":"fi","@id":"https:\/\/balsamico.shop\/fi\/tuote\/balsamico-cavalli-rypaleen-puristemehu\/#primaryimage","url":"https:\/\/balsamico.shop\/fi\/wp-content\/uploads\/2017\/01\/balsamico-riserva-nando.jpg","contentUrl":"https:\/\/balsamico.shop\/fi\/wp-content\/uploads\/2017\/01\/balsamico-riserva-nando.jpg","width":1600,"height":1872},{"@type":"BreadcrumbList","@id":"https:\/\/balsamico.shop\/fi\/tuote\/balsamico-cavalli-rypaleen-puristemehu\/#breadcrumb","itemListElement":[{"@type":"ListItem","position":1,"name":"Home","item":"https:\/\/balsamico.shop\/fi\/"},{"@type":"ListItem","position":2,"name":"Balsamico Shop","item":"https:\/\/balsamico.shop\/fi\/shop\/"},{"@type":"ListItem","position":3,"name":"Condimento Balsamico Cavalli &#8211; 100% ryp\u00e4leen puristemehu"}]},{"@type":"WebSite","@id":"https:\/\/balsamico.shop\/fi\/#website","url":"https:\/\/balsamico.shop\/fi\/","name":"Aceto Balsamico Shop - Suomi","description":"Hienoin balsamietikka Italiasta","potentialAction":[{"@type":"SearchAction","target":{"@type":"EntryPoint","urlTemplate":"https:\/\/balsamico.shop\/fi\/?s={search_term_string}"},"query-input":{"@type":"PropertyValueSpecification","valueRequired":true,"valueName":"search_term_string"}}],"inLanguage":"fi"}]}},"_links":{"self":[{"href":"https:\/\/balsamico.shop\/fi\/wp-json\/wp\/v2\/product\/1513","targetHints":{"allow":["GET"]}}],"collection":[{"href":"https:\/\/balsamico.shop\/fi\/wp-json\/wp\/v2\/product"}],"about":[{"href":"https:\/\/balsamico.shop\/fi\/wp-json\/wp\/v2\/types\/product"}],"wp:featuredmedia":[{"embeddable":true,"href":"https:\/\/balsamico.shop\/fi\/wp-json\/wp\/v2\/media\/1981"}],"wp:attachment":[{"href":"https:\/\/balsamico.shop\/fi\/wp-json\/wp\/v2\/media?parent=1513"}],"wp:term":[{"taxonomy":"product_brand","embeddable":true,"href":"https:\/\/balsamico.shop\/fi\/wp-json\/wp\/v2\/product_brand?post=1513"},{"taxonomy":"product_cat","embeddable":true,"href":"https:\/\/balsamico.shop\/fi\/wp-json\/wp\/v2\/product_cat?post=1513"},{"taxonomy":"product_tag","embeddable":true,"href":"https:\/\/balsamico.shop\/fi\/wp-json\/wp\/v2\/product_tag?post=1513"}],"curies":[{"name":"wp","href":"https:\/\/api.w.org\/{rel}","templated":true}]}}