{"id":1380,"date":"2017-01-05T17:25:19","date_gmt":"2017-01-05T16:25:19","guid":{"rendered":"https:\/\/balsamico.shop\/dk\/?post_type=product&#038;p=1380"},"modified":"2024-07-15T17:45:47","modified_gmt":"2024-07-15T15:45:47","slug":"aceto-balsamico-tradizionale-extravecchio-riserva-oro","status":"publish","type":"product","link":"https:\/\/balsamico.shop\/fi\/tuote\/aceto-balsamico-tradizionale-extravecchio-riserva-oro\/","title":{"rendered":"Riserva Oro &#8211; Aceto Balsamico Tradizionale di Modena 100v"},"content":{"rendered":"<p><img loading=\"lazy\" decoding=\"async\" class=\"size-full wp-image-340 alignright\" src=\"https:\/\/balsamico.shop\/de\/wp-content\/uploads\/2016\/08\/villa-san-donnino.jpg\" alt=\"\" width=\"198\" height=\"145\" \/><\/p>\n<p>T\u00e4m\u00e4 eritt\u00e4in hyvin yksin Extravecchio sarjan maailman ainoa alle 50 pulloja Family Reserve on Lonardi perhe on saatavana ainoastaan \u200b\u200bSaksassa t\u00e4h\u00e4n menness\u00e4 vain meid\u00e4n varastosta. T\u00e4m\u00e4 Aceto Balsamico Tradizionale di Modena DOP sai kypsym\u00e4\u00e4n perheakussa, joka on toiminut yli 100 vuoden ajan.<\/p>\n<p>Ei ilman syyt\u00e4 Facebookin perustaja Mark Zuckerberg p\u00e4\u00e4tti vaimollaan viimeisell\u00e4 vierailullaan loppukes\u00e4ll\u00e4 2016 juuri t\u00e4ss\u00e4 Acetaia. Acetaia Villa San Donninon Art Nouveau -huvilassa h\u00e4n maisteli perheens\u00e4 kanssa t\u00e4m\u00e4n suuren maun balsamiviinietikkaa.<\/p>\n<p>T\u00e4m\u00e4 balsamico on ainutlaatuinen.<\/p>\n<p>Suurin tilausm\u00e4\u00e4r\u00e4 1 pullo \/ asiakas, koska t\u00e4m\u00e4 sarja on tiukasti rajoitettu.<\/p>\n<p>T\u00e4m\u00e4 perinteinen balsamiviinietikka Modenan D.O.P Riserva Oro tulee hieno koruja laatikko maistelu lusikalla posliini- ja alkuper\u00e4isen ja balsamicopullon kaatonokka Acetaia pieni alkuper\u00e4inen todistus.<\/p>\n<p>T\u00e4ll\u00e4 tuotteella toimitus tapahtuu DHL: n v\u00e4lityksell\u00e4 ilman lis\u00e4kustannuksia sinulle.<\/p>\n<p>Ainekset: 100% keitetty ryp\u00e4leen puristemehu<\/p>\n<p>&nbsp;<\/p>\n<p>&nbsp;<\/p>\n<p>&nbsp;<\/p>\n<p>Tuottaja:<br \/>\nAcetaia Villa San Donnino<br \/>\nStrada Medicina 25<br \/>\n41126 San Donnino &#8211; Modena<br \/>\nItalia<\/p>\n","protected":false},"excerpt":{"rendered":"<p>T\u00e4m\u00e4 eritt\u00e4in hyvin yksin Extravecchio sarjan maailman ainoa alle 50 pulloja Family Reserve on Lonardi perhe on saatavana ainoastaan \u200b\u200bSaksassa t\u00e4h\u00e4n menness\u00e4 vain meid\u00e4n varastosta. T\u00e4m\u00e4 Aceto Balsamico Tradizionale di Modena DOP sai kypsym\u00e4\u00e4n perheakussa, joka on toiminut yli 100 vuoden ajan. Ei ilman syyt\u00e4 Facebookin perustaja Mark Zuckerberg p\u00e4\u00e4tti vaimollaan viimeisell\u00e4 vierailullaan loppukes\u00e4ll\u00e4 2016 juuri t\u00e4ss\u00e4 Acetaia. Acetaia Villa San Donninon Art Nouveau -huvilassa h\u00e4n maisteli perheens\u00e4 kanssa t\u00e4m\u00e4n suuren maun balsamiviinietikkaa. T\u00e4m\u00e4 balsamico on ainutlaatuinen. Suurin tilausm\u00e4\u00e4r\u00e4 1 pullo \/ asiakas, koska t\u00e4m\u00e4 sarja on tiukasti rajoitettu. T\u00e4m\u00e4 perinteinen balsamiviinietikka Modenan D.O.P Riserva Oro tulee hieno koruja laatikko maistelu lusikalla posliini- ja alkuper\u00e4isen ja balsamicopullon kaatonokka Acetaia pieni alkuper\u00e4inen todistus. T\u00e4ll\u00e4 tuotteella toimitus tapahtuu DHL: n v\u00e4lityksell\u00e4 ilman lis\u00e4kustannuksia sinulle. Ainekset: 100% keitetty ryp\u00e4leen puristemehu &nbsp; &nbsp; &nbsp; Tuottaja: Acetaia Villa San Donnino Strada Medicina 25 41126 San Donnino &#8211; Modena Italia<\/p>\n","protected":false},"featured_media":1990,"template":"","meta":[],"product_brand":[],"product_cat":[36],"product_tag":[],"class_list":{"0":"post-1380","1":"product","2":"type-product","3":"status-publish","4":"has-post-thumbnail","6":"product_cat-villa-san-donnino","7":"product_shipping_class-ueber-100","9":"first","10":"outofstock","11":"sold-individually","12":"taxable","13":"shipping-taxable","14":"purchasable","15":"product-type-simple"},"bundle_layout":"","bundled_by":[],"bundled_items":[],"yoast_head":"<!-- This site is optimized with the Yoast SEO plugin v27.4 - https:\/\/yoast.com\/product\/yoast-seo-wordpress\/ -->\n<title>Riserva Oro - Aceto Balsamico Tradizionale di Modena 100v - Aceto Balsamico Shop - Suomi<\/title>\n<meta name=\"robots\" content=\"index, follow, max-snippet:-1, max-image-preview:large, max-video-preview:-1\" \/>\n<link rel=\"canonical\" href=\"https:\/\/balsamico.shop\/fi\/tuote\/aceto-balsamico-tradizionale-extravecchio-riserva-oro\/\" \/>\n<meta property=\"og:locale\" content=\"fi_FI\" \/>\n<meta property=\"og:type\" content=\"article\" \/>\n<meta property=\"og:title\" content=\"Riserva Oro - Aceto Balsamico Tradizionale di Modena 100v - Aceto Balsamico Shop - Suomi\" \/>\n<meta property=\"og:description\" content=\"T\u00e4m\u00e4 eritt\u00e4in hyvin yksin Extravecchio sarjan maailman ainoa alle 50 pulloja Family Reserve on Lonardi perhe on saatavana ainoastaan \u200b\u200bSaksassa t\u00e4h\u00e4n menness\u00e4 vain meid\u00e4n varastosta. T\u00e4m\u00e4 Aceto Balsamico Tradizionale di Modena DOP sai kypsym\u00e4\u00e4n perheakussa, joka on toiminut yli 100 vuoden ajan. Ei ilman syyt\u00e4 Facebookin perustaja Mark Zuckerberg p\u00e4\u00e4tti vaimollaan viimeisell\u00e4 vierailullaan loppukes\u00e4ll\u00e4 2016 juuri t\u00e4ss\u00e4 Acetaia. Acetaia Villa San Donninon Art Nouveau -huvilassa h\u00e4n maisteli perheens\u00e4 kanssa t\u00e4m\u00e4n suuren maun balsamiviinietikkaa. T\u00e4m\u00e4 balsamico on ainutlaatuinen. Suurin tilausm\u00e4\u00e4r\u00e4 1 pullo \/ asiakas, koska t\u00e4m\u00e4 sarja on tiukasti rajoitettu. T\u00e4m\u00e4 perinteinen balsamiviinietikka Modenan D.O.P Riserva Oro tulee hieno koruja laatikko maistelu lusikalla posliini- ja alkuper\u00e4isen ja balsamicopullon kaatonokka Acetaia pieni alkuper\u00e4inen todistus. T\u00e4ll\u00e4 tuotteella toimitus tapahtuu DHL: n v\u00e4lityksell\u00e4 ilman lis\u00e4kustannuksia sinulle. Ainekset: 100% keitetty ryp\u00e4leen puristemehu &nbsp; &nbsp; &nbsp; Tuottaja: Acetaia Villa San Donnino Strada Medicina 25 41126 San Donnino &#8211; Modena Italia\" \/>\n<meta property=\"og:url\" content=\"https:\/\/balsamico.shop\/fi\/tuote\/aceto-balsamico-tradizionale-extravecchio-riserva-oro\/\" \/>\n<meta property=\"og:site_name\" content=\"Aceto Balsamico Shop - Suomi\" \/>\n<meta property=\"article:modified_time\" content=\"2024-07-15T15:45:47+00:00\" \/>\n<meta property=\"og:image\" content=\"https:\/\/balsamico.shop\/fi\/wp-content\/uploads\/2017\/01\/acetaia-villa-san-donnino-balsamico-tradizionale-extravecchio-oro.jpg\" \/>\n\t<meta property=\"og:image:width\" content=\"1600\" \/>\n\t<meta property=\"og:image:height\" content=\"1872\" \/>\n\t<meta property=\"og:image:type\" content=\"image\/jpeg\" \/>\n<meta name=\"twitter:card\" content=\"summary_large_image\" \/>\n<meta name=\"twitter:label1\" content=\"Arvioitu lukuaika\" \/>\n\t<meta name=\"twitter:data1\" content=\"2 minuuttia\" \/>\n<script type=\"application\/ld+json\" class=\"yoast-schema-graph\">{\"@context\":\"https:\\\/\\\/schema.org\",\"@graph\":[{\"@type\":\"WebPage\",\"@id\":\"https:\\\/\\\/balsamico.shop\\\/fi\\\/tuote\\\/aceto-balsamico-tradizionale-extravecchio-riserva-oro\\\/\",\"url\":\"https:\\\/\\\/balsamico.shop\\\/fi\\\/tuote\\\/aceto-balsamico-tradizionale-extravecchio-riserva-oro\\\/\",\"name\":\"Riserva Oro - Aceto Balsamico Tradizionale di Modena 100v - Aceto Balsamico Shop - Suomi\",\"isPartOf\":{\"@id\":\"https:\\\/\\\/balsamico.shop\\\/fi\\\/#website\"},\"primaryImageOfPage\":{\"@id\":\"https:\\\/\\\/balsamico.shop\\\/fi\\\/tuote\\\/aceto-balsamico-tradizionale-extravecchio-riserva-oro\\\/#primaryimage\"},\"image\":{\"@id\":\"https:\\\/\\\/balsamico.shop\\\/fi\\\/tuote\\\/aceto-balsamico-tradizionale-extravecchio-riserva-oro\\\/#primaryimage\"},\"thumbnailUrl\":\"https:\\\/\\\/balsamico.shop\\\/fi\\\/wp-content\\\/uploads\\\/2017\\\/01\\\/acetaia-villa-san-donnino-balsamico-tradizionale-extravecchio-oro.jpg\",\"datePublished\":\"2017-01-05T16:25:19+00:00\",\"dateModified\":\"2024-07-15T15:45:47+00:00\",\"breadcrumb\":{\"@id\":\"https:\\\/\\\/balsamico.shop\\\/fi\\\/tuote\\\/aceto-balsamico-tradizionale-extravecchio-riserva-oro\\\/#breadcrumb\"},\"inLanguage\":\"fi\",\"potentialAction\":[{\"@type\":\"ReadAction\",\"target\":[\"https:\\\/\\\/balsamico.shop\\\/fi\\\/tuote\\\/aceto-balsamico-tradizionale-extravecchio-riserva-oro\\\/\"]}]},{\"@type\":\"ImageObject\",\"inLanguage\":\"fi\",\"@id\":\"https:\\\/\\\/balsamico.shop\\\/fi\\\/tuote\\\/aceto-balsamico-tradizionale-extravecchio-riserva-oro\\\/#primaryimage\",\"url\":\"https:\\\/\\\/balsamico.shop\\\/fi\\\/wp-content\\\/uploads\\\/2017\\\/01\\\/acetaia-villa-san-donnino-balsamico-tradizionale-extravecchio-oro.jpg\",\"contentUrl\":\"https:\\\/\\\/balsamico.shop\\\/fi\\\/wp-content\\\/uploads\\\/2017\\\/01\\\/acetaia-villa-san-donnino-balsamico-tradizionale-extravecchio-oro.jpg\",\"width\":1600,\"height\":1872},{\"@type\":\"BreadcrumbList\",\"@id\":\"https:\\\/\\\/balsamico.shop\\\/fi\\\/tuote\\\/aceto-balsamico-tradizionale-extravecchio-riserva-oro\\\/#breadcrumb\",\"itemListElement\":[{\"@type\":\"ListItem\",\"position\":1,\"name\":\"Home\",\"item\":\"https:\\\/\\\/balsamico.shop\\\/fi\\\/\"},{\"@type\":\"ListItem\",\"position\":2,\"name\":\"Balsamico Shop\",\"item\":\"https:\\\/\\\/balsamico.shop\\\/fi\\\/shop\\\/\"},{\"@type\":\"ListItem\",\"position\":3,\"name\":\"Riserva Oro &#8211; Aceto Balsamico Tradizionale di Modena 100v\"}]},{\"@type\":\"WebSite\",\"@id\":\"https:\\\/\\\/balsamico.shop\\\/fi\\\/#website\",\"url\":\"https:\\\/\\\/balsamico.shop\\\/fi\\\/\",\"name\":\"Aceto Balsamico Shop - Suomi\",\"description\":\"Hienoin balsamietikka Italiasta\",\"potentialAction\":[{\"@type\":\"SearchAction\",\"target\":{\"@type\":\"EntryPoint\",\"urlTemplate\":\"https:\\\/\\\/balsamico.shop\\\/fi\\\/?s={search_term_string}\"},\"query-input\":{\"@type\":\"PropertyValueSpecification\",\"valueRequired\":true,\"valueName\":\"search_term_string\"}}],\"inLanguage\":\"fi\"}]}<\/script>\n<!-- \/ Yoast SEO plugin. -->","yoast_head_json":{"title":"Riserva Oro - Aceto Balsamico Tradizionale di Modena 100v - Aceto Balsamico Shop - Suomi","robots":{"index":"index","follow":"follow","max-snippet":"max-snippet:-1","max-image-preview":"max-image-preview:large","max-video-preview":"max-video-preview:-1"},"canonical":"https:\/\/balsamico.shop\/fi\/tuote\/aceto-balsamico-tradizionale-extravecchio-riserva-oro\/","og_locale":"fi_FI","og_type":"article","og_title":"Riserva Oro - Aceto Balsamico Tradizionale di Modena 100v - Aceto Balsamico Shop - Suomi","og_description":"T\u00e4m\u00e4 eritt\u00e4in hyvin yksin Extravecchio sarjan maailman ainoa alle 50 pulloja Family Reserve on Lonardi perhe on saatavana ainoastaan \u200b\u200bSaksassa t\u00e4h\u00e4n menness\u00e4 vain meid\u00e4n varastosta. T\u00e4m\u00e4 Aceto Balsamico Tradizionale di Modena DOP sai kypsym\u00e4\u00e4n perheakussa, joka on toiminut yli 100 vuoden ajan. Ei ilman syyt\u00e4 Facebookin perustaja Mark Zuckerberg p\u00e4\u00e4tti vaimollaan viimeisell\u00e4 vierailullaan loppukes\u00e4ll\u00e4 2016 juuri t\u00e4ss\u00e4 Acetaia. Acetaia Villa San Donninon Art Nouveau -huvilassa h\u00e4n maisteli perheens\u00e4 kanssa t\u00e4m\u00e4n suuren maun balsamiviinietikkaa. T\u00e4m\u00e4 balsamico on ainutlaatuinen. Suurin tilausm\u00e4\u00e4r\u00e4 1 pullo \/ asiakas, koska t\u00e4m\u00e4 sarja on tiukasti rajoitettu. T\u00e4m\u00e4 perinteinen balsamiviinietikka Modenan D.O.P Riserva Oro tulee hieno koruja laatikko maistelu lusikalla posliini- ja alkuper\u00e4isen ja balsamicopullon kaatonokka Acetaia pieni alkuper\u00e4inen todistus. T\u00e4ll\u00e4 tuotteella toimitus tapahtuu DHL: n v\u00e4lityksell\u00e4 ilman lis\u00e4kustannuksia sinulle. Ainekset: 100% keitetty ryp\u00e4leen puristemehu &nbsp; &nbsp; &nbsp; Tuottaja: Acetaia Villa San Donnino Strada Medicina 25 41126 San Donnino &#8211; Modena Italia","og_url":"https:\/\/balsamico.shop\/fi\/tuote\/aceto-balsamico-tradizionale-extravecchio-riserva-oro\/","og_site_name":"Aceto Balsamico Shop - Suomi","article_modified_time":"2024-07-15T15:45:47+00:00","og_image":[{"width":1600,"height":1872,"url":"https:\/\/balsamico.shop\/fi\/wp-content\/uploads\/2017\/01\/acetaia-villa-san-donnino-balsamico-tradizionale-extravecchio-oro.jpg","type":"image\/jpeg"}],"twitter_card":"summary_large_image","twitter_misc":{"Arvioitu lukuaika":"2 minuuttia"},"schema":{"@context":"https:\/\/schema.org","@graph":[{"@type":"WebPage","@id":"https:\/\/balsamico.shop\/fi\/tuote\/aceto-balsamico-tradizionale-extravecchio-riserva-oro\/","url":"https:\/\/balsamico.shop\/fi\/tuote\/aceto-balsamico-tradizionale-extravecchio-riserva-oro\/","name":"Riserva Oro - Aceto Balsamico Tradizionale di Modena 100v - Aceto Balsamico Shop - Suomi","isPartOf":{"@id":"https:\/\/balsamico.shop\/fi\/#website"},"primaryImageOfPage":{"@id":"https:\/\/balsamico.shop\/fi\/tuote\/aceto-balsamico-tradizionale-extravecchio-riserva-oro\/#primaryimage"},"image":{"@id":"https:\/\/balsamico.shop\/fi\/tuote\/aceto-balsamico-tradizionale-extravecchio-riserva-oro\/#primaryimage"},"thumbnailUrl":"https:\/\/balsamico.shop\/fi\/wp-content\/uploads\/2017\/01\/acetaia-villa-san-donnino-balsamico-tradizionale-extravecchio-oro.jpg","datePublished":"2017-01-05T16:25:19+00:00","dateModified":"2024-07-15T15:45:47+00:00","breadcrumb":{"@id":"https:\/\/balsamico.shop\/fi\/tuote\/aceto-balsamico-tradizionale-extravecchio-riserva-oro\/#breadcrumb"},"inLanguage":"fi","potentialAction":[{"@type":"ReadAction","target":["https:\/\/balsamico.shop\/fi\/tuote\/aceto-balsamico-tradizionale-extravecchio-riserva-oro\/"]}]},{"@type":"ImageObject","inLanguage":"fi","@id":"https:\/\/balsamico.shop\/fi\/tuote\/aceto-balsamico-tradizionale-extravecchio-riserva-oro\/#primaryimage","url":"https:\/\/balsamico.shop\/fi\/wp-content\/uploads\/2017\/01\/acetaia-villa-san-donnino-balsamico-tradizionale-extravecchio-oro.jpg","contentUrl":"https:\/\/balsamico.shop\/fi\/wp-content\/uploads\/2017\/01\/acetaia-villa-san-donnino-balsamico-tradizionale-extravecchio-oro.jpg","width":1600,"height":1872},{"@type":"BreadcrumbList","@id":"https:\/\/balsamico.shop\/fi\/tuote\/aceto-balsamico-tradizionale-extravecchio-riserva-oro\/#breadcrumb","itemListElement":[{"@type":"ListItem","position":1,"name":"Home","item":"https:\/\/balsamico.shop\/fi\/"},{"@type":"ListItem","position":2,"name":"Balsamico Shop","item":"https:\/\/balsamico.shop\/fi\/shop\/"},{"@type":"ListItem","position":3,"name":"Riserva Oro &#8211; Aceto Balsamico Tradizionale di Modena 100v"}]},{"@type":"WebSite","@id":"https:\/\/balsamico.shop\/fi\/#website","url":"https:\/\/balsamico.shop\/fi\/","name":"Aceto Balsamico Shop - Suomi","description":"Hienoin balsamietikka Italiasta","potentialAction":[{"@type":"SearchAction","target":{"@type":"EntryPoint","urlTemplate":"https:\/\/balsamico.shop\/fi\/?s={search_term_string}"},"query-input":{"@type":"PropertyValueSpecification","valueRequired":true,"valueName":"search_term_string"}}],"inLanguage":"fi"}]}},"_links":{"self":[{"href":"https:\/\/balsamico.shop\/fi\/wp-json\/wp\/v2\/product\/1380","targetHints":{"allow":["GET"]}}],"collection":[{"href":"https:\/\/balsamico.shop\/fi\/wp-json\/wp\/v2\/product"}],"about":[{"href":"https:\/\/balsamico.shop\/fi\/wp-json\/wp\/v2\/types\/product"}],"wp:featuredmedia":[{"embeddable":true,"href":"https:\/\/balsamico.shop\/fi\/wp-json\/wp\/v2\/media\/1990"}],"wp:attachment":[{"href":"https:\/\/balsamico.shop\/fi\/wp-json\/wp\/v2\/media?parent=1380"}],"wp:term":[{"taxonomy":"product_brand","embeddable":true,"href":"https:\/\/balsamico.shop\/fi\/wp-json\/wp\/v2\/product_brand?post=1380"},{"taxonomy":"product_cat","embeddable":true,"href":"https:\/\/balsamico.shop\/fi\/wp-json\/wp\/v2\/product_cat?post=1380"},{"taxonomy":"product_tag","embeddable":true,"href":"https:\/\/balsamico.shop\/fi\/wp-json\/wp\/v2\/product_tag?post=1380"}],"curies":[{"name":"wp","href":"https:\/\/api.w.org\/{rel}","templated":true}]}}