{"id":1374,"date":"2017-01-07T22:35:34","date_gmt":"2017-01-07T21:35:34","guid":{"rendered":"https:\/\/balsamico.shop\/dk\/?post_type=product&#038;p=1374"},"modified":"2025-10-28T18:29:25","modified_gmt":"2025-10-28T17:29:25","slug":"aceto-balsamico-tradizionale-di-modena-villa-san-donnino","status":"publish","type":"product","link":"https:\/\/balsamico.shop\/fi\/tuote\/aceto-balsamico-tradizionale-di-modena-villa-san-donnino\/","title":{"rendered":"Perinteist\u00e4 ja aitoa balsamiviinietikkaa &#8211; 12v &#8211; Villa San Donnino"},"content":{"rendered":"<p><img loading=\"lazy\" decoding=\"async\" class=\"alignright wp-image-340 size-full\" src=\"https:\/\/balsamico.shop\/de\/wp-content\/uploads\/2016\/08\/villa-san-donnino.jpg\" alt=\"Aceto Balsamico Traditionel fra Modena - Balsamico eddike fra Modena\" width=\"198\" height=\"145\" \/><\/p>\n<p>Yli 12 vuotta on kulunut ennen kuin t\u00e4m\u00e4 balsamiviinietikka voidaan pakata alkuper\u00e4iseen 100 ml: n pulloonsa. Jokainen pullo vapauttaa Modenan alueen virallinen balsamikonsortio ja saa ainutkertaisen sarjanumeron. Aika, ryp\u00e4leiden \u00e4\u00e4rimm\u00e4isen korkea laatu, oikeat puuputket ja todellisen Aceto Balsamico Tradiven tekeminen tekev\u00e4t perinteisest\u00e4 unohtumattoman makuel\u00e4myksen.<\/p>\n<p>T\u00e4m\u00e4n balsamian osittain vanhojen tynnyreiden ansiosta on eritt\u00e4in erikoinen, verraton makea ja hapan maku, jossa on voimakas j\u00e4lkimaku.<\/p>\n<p>Villa San Donnino juhli 100-vuotisjuhliaan vuonna 2010, ja etikkantuotannon perinne ulottuu useille Lonardis-sukupolville.<\/p>\n<p>Jopa Facebook-perustaja Mark Zuckerberg p\u00e4\u00e4tti osallistua Villa San Donninoon t\u00e4m\u00e4n jaloa pudotuksen maistelemiseen vierailullaan Modenan alueella. Davide Lonardi esitteli Silikon laaksosta tunnetun miljardiliiton kauniin art nouveau -huvilan vuodelta 1910, joka on tyypillinen alueelle ja joka on kuuluisa useista elokuvaperunoista. Zuckerberg maisteli yhdess\u00e4 vaimonsa kanssa ainutlaatuisen Aceto Balsamico Tradicional di Modena D.O.P: n, jonka voit tilata meilt\u00e4.<\/p>\n<p><em>&#8221;Davide Lonardi yhdess\u00e4 loistava Mark Zuckerberg Villa San Donnino&#8221;<\/em><\/p>\n<p>Nauti t\u00e4m\u00e4n vaikuttavan tarkastelun vierailustasi Villa San Donninoon:<br \/>\n<iframe loading=\"lazy\" title=\"Italy_Aceto Balsamic_Villa San Donnino_Michella Kim_ENG\" width=\"1170\" height=\"658\" src=\"https:\/\/www.youtube.com\/embed\/AJDjgVRgcgU?feature=oembed\" frameborder=\"0\" allow=\"accelerometer; autoplay; clipboard-write; encrypted-media; gyroscope; picture-in-picture\" allowfullscreen><\/iframe><\/p>\n<p>Ainekset: 100% keitetty ryp\u00e4leen puristemehu + paljon aikaa<br \/>\nHuomautus: voi sis\u00e4lt\u00e4\u00e4 sulfiitteja.<\/p>\n<p>&nbsp;<\/p>\n<p>&nbsp;<\/p>\n<p>&nbsp;<\/p>\n<p>Tuottaja:<br \/>\nAcetaia Villa San Donnino<br \/>\nStrada Medicina 25<br \/>\n41126 San Donnino &#8211; Modena<br \/>\nItalia<\/p>\n","protected":false},"excerpt":{"rendered":"<p>Yli 12 vuotta on kulunut ennen kuin t\u00e4m\u00e4 balsamiviinietikka voidaan pakata alkuper\u00e4iseen 100 ml: n pulloonsa. Jokainen pullo vapauttaa Modenan alueen virallinen balsamikonsortio ja saa ainutkertaisen sarjanumeron. Aika, ryp\u00e4leiden \u00e4\u00e4rimm\u00e4isen korkea laatu, oikeat puuputket ja todellisen Aceto Balsamico Tradiven tekeminen tekev\u00e4t perinteisest\u00e4 unohtumattoman makuel\u00e4myksen. T\u00e4m\u00e4n balsamian osittain vanhojen tynnyreiden ansiosta on eritt\u00e4in erikoinen, verraton makea ja hapan maku, jossa on voimakas j\u00e4lkimaku. Villa San Donnino juhli 100-vuotisjuhliaan vuonna 2010, ja etikkantuotannon perinne ulottuu useille Lonardis-sukupolville. Jopa Facebook-perustaja Mark Zuckerberg p\u00e4\u00e4tti osallistua Villa San Donninoon t\u00e4m\u00e4n jaloa pudotuksen maistelemiseen vierailullaan Modenan alueella. Davide Lonardi esitteli Silikon laaksosta tunnetun miljardiliiton kauniin art nouveau -huvilan vuodelta 1910, joka on tyypillinen alueelle ja joka on kuuluisa useista elokuvaperunoista. Zuckerberg maisteli yhdess\u00e4 vaimonsa kanssa ainutlaatuisen Aceto Balsamico Tradicional di Modena D.O.P: n, jonka voit tilata meilt\u00e4. &#8221;Davide Lonardi yhdess\u00e4 loistava Mark Zuckerberg Villa San Donnino&#8221; Nauti t\u00e4m\u00e4n vaikuttavan tarkastelun vierailustasi Villa San Donninoon: Ainekset: 100% keitetty ryp\u00e4leen puristemehu + paljon aikaa Huomautus: voi sis\u00e4lt\u00e4\u00e4 sulfiitteja. &nbsp; &nbsp; &nbsp; Tuottaja: Acetaia Villa San Donnino Strada Medicina 25 41126 San Donnino &#8211; Modena Italia<\/p>\n","protected":false},"featured_media":1991,"template":"","meta":[],"product_brand":[],"product_cat":[36],"product_tag":[],"class_list":{"0":"post-1374","1":"product","2":"type-product","3":"status-publish","4":"has-post-thumbnail","6":"product_cat-villa-san-donnino","7":"product_shipping_class-balsamico","9":"first","10":"outofstock","11":"taxable","12":"shipping-taxable","13":"purchasable","14":"product-type-simple"},"bundle_layout":"","bundled_by":[],"bundled_items":[],"yoast_head":"<!-- This site is optimized with the Yoast SEO plugin v27.5 - https:\/\/yoast.com\/product\/yoast-seo-wordpress\/ -->\n<title>Perinteist\u00e4 ja aitoa balsamiviinietikkaa - Balsamico Tradizionale 12v<\/title>\n<meta name=\"robots\" content=\"index, follow, max-snippet:-1, max-image-preview:large, max-video-preview:-1\" \/>\n<link rel=\"canonical\" href=\"https:\/\/balsamico.shop\/fi\/tuote\/aceto-balsamico-tradizionale-di-modena-villa-san-donnino\/\" \/>\n<meta property=\"og:locale\" content=\"fi_FI\" \/>\n<meta property=\"og:type\" content=\"article\" \/>\n<meta property=\"og:title\" content=\"Perinteist\u00e4 ja aitoa balsamiviinietikkaa - Balsamico Tradizionale 12v\" \/>\n<meta property=\"og:description\" content=\"Yli 12 vuotta on kulunut ennen kuin t\u00e4m\u00e4 balsamiviinietikka voidaan pakata alkuper\u00e4iseen 100 ml: n pulloonsa. Jokainen pullo vapauttaa Modenan alueen virallinen balsamikonsortio ja saa ainutkertaisen sarjanumeron. Aika, ryp\u00e4leiden \u00e4\u00e4rimm\u00e4isen korkea laatu, oikeat puuputket ja todellisen Aceto Balsamico Tradiven tekeminen tekev\u00e4t perinteisest\u00e4 unohtumattoman makuel\u00e4myksen. T\u00e4m\u00e4n balsamian osittain vanhojen tynnyreiden ansiosta on eritt\u00e4in erikoinen, verraton makea ja hapan maku, jossa on voimakas j\u00e4lkimaku. Villa San Donnino juhli 100-vuotisjuhliaan vuonna 2010, ja etikkantuotannon perinne ulottuu useille Lonardis-sukupolville. Jopa Facebook-perustaja Mark Zuckerberg p\u00e4\u00e4tti osallistua Villa San Donninoon t\u00e4m\u00e4n jaloa pudotuksen maistelemiseen vierailullaan Modenan alueella. Davide Lonardi esitteli Silikon laaksosta tunnetun miljardiliiton kauniin art nouveau -huvilan vuodelta 1910, joka on tyypillinen alueelle ja joka on kuuluisa useista elokuvaperunoista. Zuckerberg maisteli yhdess\u00e4 vaimonsa kanssa ainutlaatuisen Aceto Balsamico Tradicional di Modena D.O.P: n, jonka voit tilata meilt\u00e4. &#8221;Davide Lonardi yhdess\u00e4 loistava Mark Zuckerberg Villa San Donnino&#8221; Nauti t\u00e4m\u00e4n vaikuttavan tarkastelun vierailustasi Villa San Donninoon: Ainekset: 100% keitetty ryp\u00e4leen puristemehu + paljon aikaa Huomautus: voi sis\u00e4lt\u00e4\u00e4 sulfiitteja. &nbsp; &nbsp; &nbsp; Tuottaja: Acetaia Villa San Donnino Strada Medicina 25 41126 San Donnino &#8211; Modena Italia\" \/>\n<meta property=\"og:url\" content=\"https:\/\/balsamico.shop\/fi\/tuote\/aceto-balsamico-tradizionale-di-modena-villa-san-donnino\/\" \/>\n<meta property=\"og:site_name\" content=\"Aceto Balsamico Shop - Suomi\" \/>\n<meta property=\"article:modified_time\" content=\"2025-10-28T17:29:25+00:00\" \/>\n<meta property=\"og:image\" content=\"https:\/\/balsamico.shop\/fi\/wp-content\/uploads\/2017\/01\/villa-san-donnino-aceto-balsamico-tradizionale-affinato-1.jpg\" \/>\n\t<meta property=\"og:image:width\" content=\"1600\" \/>\n\t<meta property=\"og:image:height\" content=\"1872\" \/>\n\t<meta property=\"og:image:type\" content=\"image\/jpeg\" \/>\n<meta name=\"twitter:card\" content=\"summary_large_image\" \/>\n<meta name=\"twitter:label1\" content=\"Arvioitu lukuaika\" \/>\n\t<meta name=\"twitter:data1\" content=\"2 minuuttia\" \/>\n<script type=\"application\/ld+json\" class=\"yoast-schema-graph\">{\"@context\":\"https:\\\/\\\/schema.org\",\"@graph\":[{\"@type\":\"WebPage\",\"@id\":\"https:\\\/\\\/balsamico.shop\\\/fi\\\/tuote\\\/aceto-balsamico-tradizionale-di-modena-villa-san-donnino\\\/\",\"url\":\"https:\\\/\\\/balsamico.shop\\\/fi\\\/tuote\\\/aceto-balsamico-tradizionale-di-modena-villa-san-donnino\\\/\",\"name\":\"Perinteist\u00e4 ja aitoa balsamiviinietikkaa - Balsamico Tradizionale 12v\",\"isPartOf\":{\"@id\":\"https:\\\/\\\/balsamico.shop\\\/fi\\\/#website\"},\"primaryImageOfPage\":{\"@id\":\"https:\\\/\\\/balsamico.shop\\\/fi\\\/tuote\\\/aceto-balsamico-tradizionale-di-modena-villa-san-donnino\\\/#primaryimage\"},\"image\":{\"@id\":\"https:\\\/\\\/balsamico.shop\\\/fi\\\/tuote\\\/aceto-balsamico-tradizionale-di-modena-villa-san-donnino\\\/#primaryimage\"},\"thumbnailUrl\":\"https:\\\/\\\/balsamico.shop\\\/fi\\\/wp-content\\\/uploads\\\/2017\\\/01\\\/villa-san-donnino-aceto-balsamico-tradizionale-affinato-1.jpg\",\"datePublished\":\"2017-01-07T21:35:34+00:00\",\"dateModified\":\"2025-10-28T17:29:25+00:00\",\"breadcrumb\":{\"@id\":\"https:\\\/\\\/balsamico.shop\\\/fi\\\/tuote\\\/aceto-balsamico-tradizionale-di-modena-villa-san-donnino\\\/#breadcrumb\"},\"inLanguage\":\"fi\",\"potentialAction\":[{\"@type\":\"ReadAction\",\"target\":[\"https:\\\/\\\/balsamico.shop\\\/fi\\\/tuote\\\/aceto-balsamico-tradizionale-di-modena-villa-san-donnino\\\/\"]}]},{\"@type\":\"ImageObject\",\"inLanguage\":\"fi\",\"@id\":\"https:\\\/\\\/balsamico.shop\\\/fi\\\/tuote\\\/aceto-balsamico-tradizionale-di-modena-villa-san-donnino\\\/#primaryimage\",\"url\":\"https:\\\/\\\/balsamico.shop\\\/fi\\\/wp-content\\\/uploads\\\/2017\\\/01\\\/villa-san-donnino-aceto-balsamico-tradizionale-affinato-1.jpg\",\"contentUrl\":\"https:\\\/\\\/balsamico.shop\\\/fi\\\/wp-content\\\/uploads\\\/2017\\\/01\\\/villa-san-donnino-aceto-balsamico-tradizionale-affinato-1.jpg\",\"width\":1600,\"height\":1872},{\"@type\":\"BreadcrumbList\",\"@id\":\"https:\\\/\\\/balsamico.shop\\\/fi\\\/tuote\\\/aceto-balsamico-tradizionale-di-modena-villa-san-donnino\\\/#breadcrumb\",\"itemListElement\":[{\"@type\":\"ListItem\",\"position\":1,\"name\":\"Home\",\"item\":\"https:\\\/\\\/balsamico.shop\\\/fi\\\/\"},{\"@type\":\"ListItem\",\"position\":2,\"name\":\"Balsamico Shop\",\"item\":\"https:\\\/\\\/balsamico.shop\\\/fi\\\/shop\\\/\"},{\"@type\":\"ListItem\",\"position\":3,\"name\":\"Perinteist\u00e4 ja aitoa balsamiviinietikkaa &#8211; 12v &#8211; Villa San Donnino\"}]},{\"@type\":\"WebSite\",\"@id\":\"https:\\\/\\\/balsamico.shop\\\/fi\\\/#website\",\"url\":\"https:\\\/\\\/balsamico.shop\\\/fi\\\/\",\"name\":\"Aceto Balsamico Shop - Suomi\",\"description\":\"Hienoin balsamietikka Italiasta\",\"potentialAction\":[{\"@type\":\"SearchAction\",\"target\":{\"@type\":\"EntryPoint\",\"urlTemplate\":\"https:\\\/\\\/balsamico.shop\\\/fi\\\/?s={search_term_string}\"},\"query-input\":{\"@type\":\"PropertyValueSpecification\",\"valueRequired\":true,\"valueName\":\"search_term_string\"}}],\"inLanguage\":\"fi\"}]}<\/script>\n<!-- \/ Yoast SEO plugin. -->","yoast_head_json":{"title":"Perinteist\u00e4 ja aitoa balsamiviinietikkaa - Balsamico Tradizionale 12v","robots":{"index":"index","follow":"follow","max-snippet":"max-snippet:-1","max-image-preview":"max-image-preview:large","max-video-preview":"max-video-preview:-1"},"canonical":"https:\/\/balsamico.shop\/fi\/tuote\/aceto-balsamico-tradizionale-di-modena-villa-san-donnino\/","og_locale":"fi_FI","og_type":"article","og_title":"Perinteist\u00e4 ja aitoa balsamiviinietikkaa - Balsamico Tradizionale 12v","og_description":"Yli 12 vuotta on kulunut ennen kuin t\u00e4m\u00e4 balsamiviinietikka voidaan pakata alkuper\u00e4iseen 100 ml: n pulloonsa. Jokainen pullo vapauttaa Modenan alueen virallinen balsamikonsortio ja saa ainutkertaisen sarjanumeron. Aika, ryp\u00e4leiden \u00e4\u00e4rimm\u00e4isen korkea laatu, oikeat puuputket ja todellisen Aceto Balsamico Tradiven tekeminen tekev\u00e4t perinteisest\u00e4 unohtumattoman makuel\u00e4myksen. T\u00e4m\u00e4n balsamian osittain vanhojen tynnyreiden ansiosta on eritt\u00e4in erikoinen, verraton makea ja hapan maku, jossa on voimakas j\u00e4lkimaku. Villa San Donnino juhli 100-vuotisjuhliaan vuonna 2010, ja etikkantuotannon perinne ulottuu useille Lonardis-sukupolville. Jopa Facebook-perustaja Mark Zuckerberg p\u00e4\u00e4tti osallistua Villa San Donninoon t\u00e4m\u00e4n jaloa pudotuksen maistelemiseen vierailullaan Modenan alueella. Davide Lonardi esitteli Silikon laaksosta tunnetun miljardiliiton kauniin art nouveau -huvilan vuodelta 1910, joka on tyypillinen alueelle ja joka on kuuluisa useista elokuvaperunoista. Zuckerberg maisteli yhdess\u00e4 vaimonsa kanssa ainutlaatuisen Aceto Balsamico Tradicional di Modena D.O.P: n, jonka voit tilata meilt\u00e4. &#8221;Davide Lonardi yhdess\u00e4 loistava Mark Zuckerberg Villa San Donnino&#8221; Nauti t\u00e4m\u00e4n vaikuttavan tarkastelun vierailustasi Villa San Donninoon: Ainekset: 100% keitetty ryp\u00e4leen puristemehu + paljon aikaa Huomautus: voi sis\u00e4lt\u00e4\u00e4 sulfiitteja. &nbsp; &nbsp; &nbsp; Tuottaja: Acetaia Villa San Donnino Strada Medicina 25 41126 San Donnino &#8211; Modena Italia","og_url":"https:\/\/balsamico.shop\/fi\/tuote\/aceto-balsamico-tradizionale-di-modena-villa-san-donnino\/","og_site_name":"Aceto Balsamico Shop - Suomi","article_modified_time":"2025-10-28T17:29:25+00:00","og_image":[{"width":1600,"height":1872,"url":"https:\/\/balsamico.shop\/fi\/wp-content\/uploads\/2017\/01\/villa-san-donnino-aceto-balsamico-tradizionale-affinato-1.jpg","type":"image\/jpeg"}],"twitter_card":"summary_large_image","twitter_misc":{"Arvioitu lukuaika":"2 minuuttia"},"schema":{"@context":"https:\/\/schema.org","@graph":[{"@type":"WebPage","@id":"https:\/\/balsamico.shop\/fi\/tuote\/aceto-balsamico-tradizionale-di-modena-villa-san-donnino\/","url":"https:\/\/balsamico.shop\/fi\/tuote\/aceto-balsamico-tradizionale-di-modena-villa-san-donnino\/","name":"Perinteist\u00e4 ja aitoa balsamiviinietikkaa - Balsamico Tradizionale 12v","isPartOf":{"@id":"https:\/\/balsamico.shop\/fi\/#website"},"primaryImageOfPage":{"@id":"https:\/\/balsamico.shop\/fi\/tuote\/aceto-balsamico-tradizionale-di-modena-villa-san-donnino\/#primaryimage"},"image":{"@id":"https:\/\/balsamico.shop\/fi\/tuote\/aceto-balsamico-tradizionale-di-modena-villa-san-donnino\/#primaryimage"},"thumbnailUrl":"https:\/\/balsamico.shop\/fi\/wp-content\/uploads\/2017\/01\/villa-san-donnino-aceto-balsamico-tradizionale-affinato-1.jpg","datePublished":"2017-01-07T21:35:34+00:00","dateModified":"2025-10-28T17:29:25+00:00","breadcrumb":{"@id":"https:\/\/balsamico.shop\/fi\/tuote\/aceto-balsamico-tradizionale-di-modena-villa-san-donnino\/#breadcrumb"},"inLanguage":"fi","potentialAction":[{"@type":"ReadAction","target":["https:\/\/balsamico.shop\/fi\/tuote\/aceto-balsamico-tradizionale-di-modena-villa-san-donnino\/"]}]},{"@type":"ImageObject","inLanguage":"fi","@id":"https:\/\/balsamico.shop\/fi\/tuote\/aceto-balsamico-tradizionale-di-modena-villa-san-donnino\/#primaryimage","url":"https:\/\/balsamico.shop\/fi\/wp-content\/uploads\/2017\/01\/villa-san-donnino-aceto-balsamico-tradizionale-affinato-1.jpg","contentUrl":"https:\/\/balsamico.shop\/fi\/wp-content\/uploads\/2017\/01\/villa-san-donnino-aceto-balsamico-tradizionale-affinato-1.jpg","width":1600,"height":1872},{"@type":"BreadcrumbList","@id":"https:\/\/balsamico.shop\/fi\/tuote\/aceto-balsamico-tradizionale-di-modena-villa-san-donnino\/#breadcrumb","itemListElement":[{"@type":"ListItem","position":1,"name":"Home","item":"https:\/\/balsamico.shop\/fi\/"},{"@type":"ListItem","position":2,"name":"Balsamico Shop","item":"https:\/\/balsamico.shop\/fi\/shop\/"},{"@type":"ListItem","position":3,"name":"Perinteist\u00e4 ja aitoa balsamiviinietikkaa &#8211; 12v &#8211; Villa San Donnino"}]},{"@type":"WebSite","@id":"https:\/\/balsamico.shop\/fi\/#website","url":"https:\/\/balsamico.shop\/fi\/","name":"Aceto Balsamico Shop - Suomi","description":"Hienoin balsamietikka Italiasta","potentialAction":[{"@type":"SearchAction","target":{"@type":"EntryPoint","urlTemplate":"https:\/\/balsamico.shop\/fi\/?s={search_term_string}"},"query-input":{"@type":"PropertyValueSpecification","valueRequired":true,"valueName":"search_term_string"}}],"inLanguage":"fi"}]}},"_links":{"self":[{"href":"https:\/\/balsamico.shop\/fi\/wp-json\/wp\/v2\/product\/1374","targetHints":{"allow":["GET"]}}],"collection":[{"href":"https:\/\/balsamico.shop\/fi\/wp-json\/wp\/v2\/product"}],"about":[{"href":"https:\/\/balsamico.shop\/fi\/wp-json\/wp\/v2\/types\/product"}],"wp:featuredmedia":[{"embeddable":true,"href":"https:\/\/balsamico.shop\/fi\/wp-json\/wp\/v2\/media\/1991"}],"wp:attachment":[{"href":"https:\/\/balsamico.shop\/fi\/wp-json\/wp\/v2\/media?parent=1374"}],"wp:term":[{"taxonomy":"product_brand","embeddable":true,"href":"https:\/\/balsamico.shop\/fi\/wp-json\/wp\/v2\/product_brand?post=1374"},{"taxonomy":"product_cat","embeddable":true,"href":"https:\/\/balsamico.shop\/fi\/wp-json\/wp\/v2\/product_cat?post=1374"},{"taxonomy":"product_tag","embeddable":true,"href":"https:\/\/balsamico.shop\/fi\/wp-json\/wp\/v2\/product_tag?post=1374"}],"curies":[{"name":"wp","href":"https:\/\/api.w.org\/{rel}","templated":true}]}}