{"id":1372,"date":"2016-09-22T13:53:17","date_gmt":"2016-09-22T11:53:17","guid":{"rendered":"https:\/\/balsamico.shop\/dk\/?post_type=product&#038;p=1372"},"modified":"2026-03-24T11:58:14","modified_gmt":"2026-03-24T10:58:14","slug":"aceto-balsamico-tradizionale-di-reggio-emilia-argento","status":"publish","type":"product","link":"https:\/\/balsamico.shop\/fi\/tuote\/aceto-balsamico-tradizionale-di-reggio-emilia-argento\/","title":{"rendered":"Aceto Balsamico Tradizionale di Reggio Emilia D.O.P &#8211; Argento"},"content":{"rendered":"<p>Giovanni Cavalli tuotettu Scandiano, pieni yhteis\u00f6 maakunnassa Reggio Emilian rakkaudella sen Perinteinen balsamiviinietikka Reggio Emilian &#8211; Argento (hopea). Cavalli k\u00e4ytt\u00e4\u00e4 sen ABTE yksinomaan makea Trebbiano ryp\u00e4leist\u00e4 alueelta Reggio Emilian ja on saanut hyv\u00e4ksynn\u00e4n kaupalliseen markkinointiin Perinteinen balsamiviinietikka Reggio Emilian jo yli 30 vuotta sitten ja on yksi ensimm\u00e4isist\u00e4 sen alueella. S\u00e4ilytyssarja tallennettiin viiteen puupylv\u00e4\u00e4seen seuraavassa j\u00e4rjestyksess\u00e4: tammi, kastanja, kataja, kirsikka, mulperi. Tiheys, joka kuvaa siirapin ominaisuutta, on v\u00e4lill\u00e4 1,33 ja 1,34 t\u00e4ss\u00e4 balsamiviinietikassa, joka on selv\u00e4sti yli 1,2: n v\u00e4himm\u00e4isvaatimuksen. T\u00e4m\u00e4 sarja sis\u00e4lt\u00e4\u00e4 vain 551 pullon maailmanlaajuisesti.<\/p>\n<p>12 vuotta ja jo hopeaa?<\/p>\n<p>Huolimatta 12 vuoden varastoinnista huolimatta t\u00e4m\u00e4 balsamikoille my\u00f6nnet\u00e4\u00e4n hopea &#8211; Argento-sinetti, koska vain v\u00e4h\u00e4n tiedet\u00e4\u00e4n, ett\u00e4 sinetti my\u00f6nnet\u00e4\u00e4n ministeri\u00f6n eritelmien mukaisesti laatupisteiden m\u00e4\u00e4r\u00e4n osalta. T\u00e4m\u00e4 etikka saavuttaa riitt\u00e4v\u00e4n m\u00e4\u00e4r\u00e4n laatupisteit\u00e4 vain 12 vuoden kuluttua saadakseen hopeatiivisteen. Asetuksen 6 \u00a7: n mukaan pistem\u00e4\u00e4r\u00e4n on oltava yli 270 pistett\u00e4 &#8211; t\u00e4m\u00e4 kriteeri saavutetaan t\u00e4ll\u00e4 saralla ja oikeutetusti kantaa hopeasensitiivis.<\/p>\n<p>Jokainen pullotus on laadunvalvonta- ja sertifioitua maa-, elintarvike- ja mets\u00e4talousministeri\u00f6n toimesta. Sin\u00e4 tunnistat alkuper\u00e4isen vahasitiivisteen, joka on varustettu kirjaimilla &#8221;DOP ABTRE&#8221;. T\u00e4t\u00e4 balsamiviinietikkaa varten on m\u00e4\u00e4r\u00e4tty pullon muoto, joka muistuttaa tulppaani. Pullo on merkitty D.O.P-tiivisteell\u00e4 ja etiketti sis\u00e4lt\u00e4\u00e4 lauseen &#8221;Certificate of Organisation of Control Authorized by Mipaaf&#8221; ja vahvistaa ministeri\u00f6n hyv\u00e4ksymistestin. T\u00e4m\u00e4n tuotteen j\u00e4ljitett\u00e4vyys on merkitty tuotteen takana olevassa sarjanumerossa.<\/p>\n<p>Ainekset: 100% keitetty ryp\u00e4leen puristemehu<\/p>\n<p>Huomautus: ei sis\u00e4ll\u00e4 sulfiitteja<\/p>\n<p>&nbsp;<\/p>\n<p>&nbsp;<\/p>\n<p>&nbsp;<\/p>\n<p>Valmistaja:<br \/>\nCavalli cav. Ferdinando srl<br \/>\nVia del Cristo 6\/ab<br \/>\n42019 Scandiano Reggio Emilia Reggio Emilia<br \/>\nItalia<\/p>\n","protected":false},"excerpt":{"rendered":"<p>Giovanni Cavalli tuotettu Scandiano, pieni yhteis\u00f6 maakunnassa Reggio Emilian rakkaudella sen Perinteinen balsamiviinietikka Reggio Emilian &#8211; Argento (hopea). Cavalli k\u00e4ytt\u00e4\u00e4 sen ABTE yksinomaan makea Trebbiano ryp\u00e4leist\u00e4 alueelta Reggio Emilian ja on saanut hyv\u00e4ksynn\u00e4n kaupalliseen markkinointiin Perinteinen balsamiviinietikka Reggio Emilian jo yli 30 vuotta sitten ja on yksi ensimm\u00e4isist\u00e4 sen alueella. S\u00e4ilytyssarja tallennettiin viiteen puupylv\u00e4\u00e4seen seuraavassa j\u00e4rjestyksess\u00e4: tammi, kastanja, kataja, kirsikka, mulperi. Tiheys, joka kuvaa siirapin ominaisuutta, on v\u00e4lill\u00e4 1,33 ja 1,34 t\u00e4ss\u00e4 balsamiviinietikassa, joka on selv\u00e4sti yli 1,2: n v\u00e4himm\u00e4isvaatimuksen. T\u00e4m\u00e4 sarja sis\u00e4lt\u00e4\u00e4 vain 551 pullon maailmanlaajuisesti. 12 vuotta ja jo hopeaa? Huolimatta 12 vuoden varastoinnista huolimatta t\u00e4m\u00e4 balsamikoille my\u00f6nnet\u00e4\u00e4n hopea &#8211; Argento-sinetti, koska vain v\u00e4h\u00e4n tiedet\u00e4\u00e4n, ett\u00e4 sinetti my\u00f6nnet\u00e4\u00e4n ministeri\u00f6n eritelmien mukaisesti laatupisteiden m\u00e4\u00e4r\u00e4n osalta. T\u00e4m\u00e4 etikka saavuttaa riitt\u00e4v\u00e4n m\u00e4\u00e4r\u00e4n laatupisteit\u00e4 vain 12 vuoden kuluttua saadakseen hopeatiivisteen. Asetuksen 6 \u00a7: n mukaan pistem\u00e4\u00e4r\u00e4n on oltava yli 270 pistett\u00e4 &#8211; t\u00e4m\u00e4 kriteeri saavutetaan t\u00e4ll\u00e4 saralla ja oikeutetusti kantaa hopeasensitiivis. Jokainen pullotus on laadunvalvonta- ja sertifioitua maa-, elintarvike- ja mets\u00e4talousministeri\u00f6n toimesta. Sin\u00e4 tunnistat alkuper\u00e4isen vahasitiivisteen, joka on varustettu kirjaimilla &#8221;DOP ABTRE&#8221;. T\u00e4t\u00e4 balsamiviinietikkaa varten on m\u00e4\u00e4r\u00e4tty pullon muoto, joka muistuttaa tulppaani. Pullo on merkitty D.O.P-tiivisteell\u00e4 ja etiketti sis\u00e4lt\u00e4\u00e4 lauseen &#8221;Certificate of Organisation of Control Authorized by Mipaaf&#8221; ja vahvistaa ministeri\u00f6n hyv\u00e4ksymistestin. T\u00e4m\u00e4n tuotteen j\u00e4ljitett\u00e4vyys on merkitty tuotteen takana olevassa sarjanumerossa. Ainekset: 100% keitetty ryp\u00e4leen puristemehu Huomautus: ei sis\u00e4ll\u00e4 sulfiitteja &nbsp; &nbsp; &nbsp; Valmistaja: Cavalli cav. Ferdinando srl Via del Cristo 6\/ab 42019 Scandiano Reggio Emilia Reggio Emilia Italia<\/p>\n","protected":false},"featured_media":1987,"template":"","meta":[],"product_brand":[],"product_cat":[31],"product_tag":[],"class_list":{"0":"post-1372","1":"product","2":"type-product","3":"status-publish","4":"has-post-thumbnail","6":"product_cat-cavalli","7":"product_shipping_class-balsamico","9":"first","10":"instock","11":"taxable","12":"shipping-taxable","13":"purchasable","14":"product-type-simple"},"bundle_layout":"","bundled_by":[],"bundled_items":[],"yoast_head":"<!-- This site is optimized with the Yoast SEO plugin v27.5 - https:\/\/yoast.com\/product\/yoast-seo-wordpress\/ -->\n<title>Aceto Balsamico Tradizionale di Reggio Emilia D.O.P - Argento - Cavalli<\/title>\n<meta name=\"robots\" content=\"index, follow, max-snippet:-1, max-image-preview:large, max-video-preview:-1\" \/>\n<link rel=\"canonical\" href=\"https:\/\/balsamico.shop\/fi\/tuote\/aceto-balsamico-tradizionale-di-reggio-emilia-argento\/\" \/>\n<meta property=\"og:locale\" content=\"fi_FI\" \/>\n<meta property=\"og:type\" content=\"article\" \/>\n<meta property=\"og:title\" content=\"Aceto Balsamico Tradizionale di Reggio Emilia D.O.P - Argento - Cavalli\" \/>\n<meta property=\"og:description\" content=\"Giovanni Cavalli tuotettu Scandiano, pieni yhteis\u00f6 maakunnassa Reggio Emilian rakkaudella sen Perinteinen balsamiviinietikka Reggio Emilian &#8211; Argento (hopea). Cavalli k\u00e4ytt\u00e4\u00e4 sen ABTE yksinomaan makea Trebbiano ryp\u00e4leist\u00e4 alueelta Reggio Emilian ja on saanut hyv\u00e4ksynn\u00e4n kaupalliseen markkinointiin Perinteinen balsamiviinietikka Reggio Emilian jo yli 30 vuotta sitten ja on yksi ensimm\u00e4isist\u00e4 sen alueella. S\u00e4ilytyssarja tallennettiin viiteen puupylv\u00e4\u00e4seen seuraavassa j\u00e4rjestyksess\u00e4: tammi, kastanja, kataja, kirsikka, mulperi. Tiheys, joka kuvaa siirapin ominaisuutta, on v\u00e4lill\u00e4 1,33 ja 1,34 t\u00e4ss\u00e4 balsamiviinietikassa, joka on selv\u00e4sti yli 1,2: n v\u00e4himm\u00e4isvaatimuksen. T\u00e4m\u00e4 sarja sis\u00e4lt\u00e4\u00e4 vain 551 pullon maailmanlaajuisesti. 12 vuotta ja jo hopeaa? Huolimatta 12 vuoden varastoinnista huolimatta t\u00e4m\u00e4 balsamikoille my\u00f6nnet\u00e4\u00e4n hopea &#8211; Argento-sinetti, koska vain v\u00e4h\u00e4n tiedet\u00e4\u00e4n, ett\u00e4 sinetti my\u00f6nnet\u00e4\u00e4n ministeri\u00f6n eritelmien mukaisesti laatupisteiden m\u00e4\u00e4r\u00e4n osalta. T\u00e4m\u00e4 etikka saavuttaa riitt\u00e4v\u00e4n m\u00e4\u00e4r\u00e4n laatupisteit\u00e4 vain 12 vuoden kuluttua saadakseen hopeatiivisteen. Asetuksen 6 \u00a7: n mukaan pistem\u00e4\u00e4r\u00e4n on oltava yli 270 pistett\u00e4 &#8211; t\u00e4m\u00e4 kriteeri saavutetaan t\u00e4ll\u00e4 saralla ja oikeutetusti kantaa hopeasensitiivis. Jokainen pullotus on laadunvalvonta- ja sertifioitua maa-, elintarvike- ja mets\u00e4talousministeri\u00f6n toimesta. Sin\u00e4 tunnistat alkuper\u00e4isen vahasitiivisteen, joka on varustettu kirjaimilla &#8221;DOP ABTRE&#8221;. T\u00e4t\u00e4 balsamiviinietikkaa varten on m\u00e4\u00e4r\u00e4tty pullon muoto, joka muistuttaa tulppaani. Pullo on merkitty D.O.P-tiivisteell\u00e4 ja etiketti sis\u00e4lt\u00e4\u00e4 lauseen &#8221;Certificate of Organisation of Control Authorized by Mipaaf&#8221; ja vahvistaa ministeri\u00f6n hyv\u00e4ksymistestin. T\u00e4m\u00e4n tuotteen j\u00e4ljitett\u00e4vyys on merkitty tuotteen takana olevassa sarjanumerossa. Ainekset: 100% keitetty ryp\u00e4leen puristemehu Huomautus: ei sis\u00e4ll\u00e4 sulfiitteja &nbsp; &nbsp; &nbsp; Valmistaja: Cavalli cav. Ferdinando srl Via del Cristo 6\/ab 42019 Scandiano Reggio Emilia Reggio Emilia Italia\" \/>\n<meta property=\"og:url\" content=\"https:\/\/balsamico.shop\/fi\/tuote\/aceto-balsamico-tradizionale-di-reggio-emilia-argento\/\" \/>\n<meta property=\"og:site_name\" content=\"Aceto Balsamico Shop - Suomi\" \/>\n<meta property=\"article:modified_time\" content=\"2026-03-24T10:58:14+00:00\" \/>\n<meta property=\"og:image\" content=\"https:\/\/balsamico.shop\/fi\/wp-content\/uploads\/2016\/09\/aceto-balsamico-tradizionale-reggioemilia-argento-cavalli.jpg\" \/>\n\t<meta property=\"og:image:width\" content=\"1600\" \/>\n\t<meta property=\"og:image:height\" content=\"1872\" \/>\n\t<meta property=\"og:image:type\" content=\"image\/jpeg\" \/>\n<meta name=\"twitter:card\" content=\"summary_large_image\" \/>\n<meta name=\"twitter:label1\" content=\"Arvioitu lukuaika\" \/>\n\t<meta name=\"twitter:data1\" content=\"1 minuutti\" \/>\n<script type=\"application\/ld+json\" class=\"yoast-schema-graph\">{\"@context\":\"https:\\\/\\\/schema.org\",\"@graph\":[{\"@type\":\"WebPage\",\"@id\":\"https:\\\/\\\/balsamico.shop\\\/fi\\\/tuote\\\/aceto-balsamico-tradizionale-di-reggio-emilia-argento\\\/\",\"url\":\"https:\\\/\\\/balsamico.shop\\\/fi\\\/tuote\\\/aceto-balsamico-tradizionale-di-reggio-emilia-argento\\\/\",\"name\":\"Aceto Balsamico Tradizionale di Reggio Emilia D.O.P - Argento - Cavalli\",\"isPartOf\":{\"@id\":\"https:\\\/\\\/balsamico.shop\\\/fi\\\/#website\"},\"primaryImageOfPage\":{\"@id\":\"https:\\\/\\\/balsamico.shop\\\/fi\\\/tuote\\\/aceto-balsamico-tradizionale-di-reggio-emilia-argento\\\/#primaryimage\"},\"image\":{\"@id\":\"https:\\\/\\\/balsamico.shop\\\/fi\\\/tuote\\\/aceto-balsamico-tradizionale-di-reggio-emilia-argento\\\/#primaryimage\"},\"thumbnailUrl\":\"https:\\\/\\\/balsamico.shop\\\/fi\\\/wp-content\\\/uploads\\\/2016\\\/09\\\/aceto-balsamico-tradizionale-reggioemilia-argento-cavalli.jpg\",\"datePublished\":\"2016-09-22T11:53:17+00:00\",\"dateModified\":\"2026-03-24T10:58:14+00:00\",\"breadcrumb\":{\"@id\":\"https:\\\/\\\/balsamico.shop\\\/fi\\\/tuote\\\/aceto-balsamico-tradizionale-di-reggio-emilia-argento\\\/#breadcrumb\"},\"inLanguage\":\"fi\",\"potentialAction\":[{\"@type\":\"ReadAction\",\"target\":[\"https:\\\/\\\/balsamico.shop\\\/fi\\\/tuote\\\/aceto-balsamico-tradizionale-di-reggio-emilia-argento\\\/\"]}]},{\"@type\":\"ImageObject\",\"inLanguage\":\"fi\",\"@id\":\"https:\\\/\\\/balsamico.shop\\\/fi\\\/tuote\\\/aceto-balsamico-tradizionale-di-reggio-emilia-argento\\\/#primaryimage\",\"url\":\"https:\\\/\\\/balsamico.shop\\\/fi\\\/wp-content\\\/uploads\\\/2016\\\/09\\\/aceto-balsamico-tradizionale-reggioemilia-argento-cavalli.jpg\",\"contentUrl\":\"https:\\\/\\\/balsamico.shop\\\/fi\\\/wp-content\\\/uploads\\\/2016\\\/09\\\/aceto-balsamico-tradizionale-reggioemilia-argento-cavalli.jpg\",\"width\":1600,\"height\":1872},{\"@type\":\"BreadcrumbList\",\"@id\":\"https:\\\/\\\/balsamico.shop\\\/fi\\\/tuote\\\/aceto-balsamico-tradizionale-di-reggio-emilia-argento\\\/#breadcrumb\",\"itemListElement\":[{\"@type\":\"ListItem\",\"position\":1,\"name\":\"Home\",\"item\":\"https:\\\/\\\/balsamico.shop\\\/fi\\\/\"},{\"@type\":\"ListItem\",\"position\":2,\"name\":\"Balsamico Shop\",\"item\":\"https:\\\/\\\/balsamico.shop\\\/fi\\\/shop\\\/\"},{\"@type\":\"ListItem\",\"position\":3,\"name\":\"Aceto Balsamico Tradizionale di Reggio Emilia D.O.P &#8211; Argento\"}]},{\"@type\":\"WebSite\",\"@id\":\"https:\\\/\\\/balsamico.shop\\\/fi\\\/#website\",\"url\":\"https:\\\/\\\/balsamico.shop\\\/fi\\\/\",\"name\":\"Aceto Balsamico Shop - Suomi\",\"description\":\"Hienoin balsamietikka Italiasta\",\"potentialAction\":[{\"@type\":\"SearchAction\",\"target\":{\"@type\":\"EntryPoint\",\"urlTemplate\":\"https:\\\/\\\/balsamico.shop\\\/fi\\\/?s={search_term_string}\"},\"query-input\":{\"@type\":\"PropertyValueSpecification\",\"valueRequired\":true,\"valueName\":\"search_term_string\"}}],\"inLanguage\":\"fi\"}]}<\/script>\n<!-- \/ Yoast SEO plugin. -->","yoast_head_json":{"title":"Aceto Balsamico Tradizionale di Reggio Emilia D.O.P - Argento - Cavalli","robots":{"index":"index","follow":"follow","max-snippet":"max-snippet:-1","max-image-preview":"max-image-preview:large","max-video-preview":"max-video-preview:-1"},"canonical":"https:\/\/balsamico.shop\/fi\/tuote\/aceto-balsamico-tradizionale-di-reggio-emilia-argento\/","og_locale":"fi_FI","og_type":"article","og_title":"Aceto Balsamico Tradizionale di Reggio Emilia D.O.P - Argento - Cavalli","og_description":"Giovanni Cavalli tuotettu Scandiano, pieni yhteis\u00f6 maakunnassa Reggio Emilian rakkaudella sen Perinteinen balsamiviinietikka Reggio Emilian &#8211; Argento (hopea). Cavalli k\u00e4ytt\u00e4\u00e4 sen ABTE yksinomaan makea Trebbiano ryp\u00e4leist\u00e4 alueelta Reggio Emilian ja on saanut hyv\u00e4ksynn\u00e4n kaupalliseen markkinointiin Perinteinen balsamiviinietikka Reggio Emilian jo yli 30 vuotta sitten ja on yksi ensimm\u00e4isist\u00e4 sen alueella. S\u00e4ilytyssarja tallennettiin viiteen puupylv\u00e4\u00e4seen seuraavassa j\u00e4rjestyksess\u00e4: tammi, kastanja, kataja, kirsikka, mulperi. Tiheys, joka kuvaa siirapin ominaisuutta, on v\u00e4lill\u00e4 1,33 ja 1,34 t\u00e4ss\u00e4 balsamiviinietikassa, joka on selv\u00e4sti yli 1,2: n v\u00e4himm\u00e4isvaatimuksen. T\u00e4m\u00e4 sarja sis\u00e4lt\u00e4\u00e4 vain 551 pullon maailmanlaajuisesti. 12 vuotta ja jo hopeaa? Huolimatta 12 vuoden varastoinnista huolimatta t\u00e4m\u00e4 balsamikoille my\u00f6nnet\u00e4\u00e4n hopea &#8211; Argento-sinetti, koska vain v\u00e4h\u00e4n tiedet\u00e4\u00e4n, ett\u00e4 sinetti my\u00f6nnet\u00e4\u00e4n ministeri\u00f6n eritelmien mukaisesti laatupisteiden m\u00e4\u00e4r\u00e4n osalta. T\u00e4m\u00e4 etikka saavuttaa riitt\u00e4v\u00e4n m\u00e4\u00e4r\u00e4n laatupisteit\u00e4 vain 12 vuoden kuluttua saadakseen hopeatiivisteen. Asetuksen 6 \u00a7: n mukaan pistem\u00e4\u00e4r\u00e4n on oltava yli 270 pistett\u00e4 &#8211; t\u00e4m\u00e4 kriteeri saavutetaan t\u00e4ll\u00e4 saralla ja oikeutetusti kantaa hopeasensitiivis. Jokainen pullotus on laadunvalvonta- ja sertifioitua maa-, elintarvike- ja mets\u00e4talousministeri\u00f6n toimesta. Sin\u00e4 tunnistat alkuper\u00e4isen vahasitiivisteen, joka on varustettu kirjaimilla &#8221;DOP ABTRE&#8221;. T\u00e4t\u00e4 balsamiviinietikkaa varten on m\u00e4\u00e4r\u00e4tty pullon muoto, joka muistuttaa tulppaani. Pullo on merkitty D.O.P-tiivisteell\u00e4 ja etiketti sis\u00e4lt\u00e4\u00e4 lauseen &#8221;Certificate of Organisation of Control Authorized by Mipaaf&#8221; ja vahvistaa ministeri\u00f6n hyv\u00e4ksymistestin. T\u00e4m\u00e4n tuotteen j\u00e4ljitett\u00e4vyys on merkitty tuotteen takana olevassa sarjanumerossa. Ainekset: 100% keitetty ryp\u00e4leen puristemehu Huomautus: ei sis\u00e4ll\u00e4 sulfiitteja &nbsp; &nbsp; &nbsp; Valmistaja: Cavalli cav. Ferdinando srl Via del Cristo 6\/ab 42019 Scandiano Reggio Emilia Reggio Emilia Italia","og_url":"https:\/\/balsamico.shop\/fi\/tuote\/aceto-balsamico-tradizionale-di-reggio-emilia-argento\/","og_site_name":"Aceto Balsamico Shop - Suomi","article_modified_time":"2026-03-24T10:58:14+00:00","og_image":[{"width":1600,"height":1872,"url":"https:\/\/balsamico.shop\/fi\/wp-content\/uploads\/2016\/09\/aceto-balsamico-tradizionale-reggioemilia-argento-cavalli.jpg","type":"image\/jpeg"}],"twitter_card":"summary_large_image","twitter_misc":{"Arvioitu lukuaika":"1 minuutti"},"schema":{"@context":"https:\/\/schema.org","@graph":[{"@type":"WebPage","@id":"https:\/\/balsamico.shop\/fi\/tuote\/aceto-balsamico-tradizionale-di-reggio-emilia-argento\/","url":"https:\/\/balsamico.shop\/fi\/tuote\/aceto-balsamico-tradizionale-di-reggio-emilia-argento\/","name":"Aceto Balsamico Tradizionale di Reggio Emilia D.O.P - Argento - Cavalli","isPartOf":{"@id":"https:\/\/balsamico.shop\/fi\/#website"},"primaryImageOfPage":{"@id":"https:\/\/balsamico.shop\/fi\/tuote\/aceto-balsamico-tradizionale-di-reggio-emilia-argento\/#primaryimage"},"image":{"@id":"https:\/\/balsamico.shop\/fi\/tuote\/aceto-balsamico-tradizionale-di-reggio-emilia-argento\/#primaryimage"},"thumbnailUrl":"https:\/\/balsamico.shop\/fi\/wp-content\/uploads\/2016\/09\/aceto-balsamico-tradizionale-reggioemilia-argento-cavalli.jpg","datePublished":"2016-09-22T11:53:17+00:00","dateModified":"2026-03-24T10:58:14+00:00","breadcrumb":{"@id":"https:\/\/balsamico.shop\/fi\/tuote\/aceto-balsamico-tradizionale-di-reggio-emilia-argento\/#breadcrumb"},"inLanguage":"fi","potentialAction":[{"@type":"ReadAction","target":["https:\/\/balsamico.shop\/fi\/tuote\/aceto-balsamico-tradizionale-di-reggio-emilia-argento\/"]}]},{"@type":"ImageObject","inLanguage":"fi","@id":"https:\/\/balsamico.shop\/fi\/tuote\/aceto-balsamico-tradizionale-di-reggio-emilia-argento\/#primaryimage","url":"https:\/\/balsamico.shop\/fi\/wp-content\/uploads\/2016\/09\/aceto-balsamico-tradizionale-reggioemilia-argento-cavalli.jpg","contentUrl":"https:\/\/balsamico.shop\/fi\/wp-content\/uploads\/2016\/09\/aceto-balsamico-tradizionale-reggioemilia-argento-cavalli.jpg","width":1600,"height":1872},{"@type":"BreadcrumbList","@id":"https:\/\/balsamico.shop\/fi\/tuote\/aceto-balsamico-tradizionale-di-reggio-emilia-argento\/#breadcrumb","itemListElement":[{"@type":"ListItem","position":1,"name":"Home","item":"https:\/\/balsamico.shop\/fi\/"},{"@type":"ListItem","position":2,"name":"Balsamico Shop","item":"https:\/\/balsamico.shop\/fi\/shop\/"},{"@type":"ListItem","position":3,"name":"Aceto Balsamico Tradizionale di Reggio Emilia D.O.P &#8211; Argento"}]},{"@type":"WebSite","@id":"https:\/\/balsamico.shop\/fi\/#website","url":"https:\/\/balsamico.shop\/fi\/","name":"Aceto Balsamico Shop - Suomi","description":"Hienoin balsamietikka Italiasta","potentialAction":[{"@type":"SearchAction","target":{"@type":"EntryPoint","urlTemplate":"https:\/\/balsamico.shop\/fi\/?s={search_term_string}"},"query-input":{"@type":"PropertyValueSpecification","valueRequired":true,"valueName":"search_term_string"}}],"inLanguage":"fi"}]}},"_links":{"self":[{"href":"https:\/\/balsamico.shop\/fi\/wp-json\/wp\/v2\/product\/1372","targetHints":{"allow":["GET"]}}],"collection":[{"href":"https:\/\/balsamico.shop\/fi\/wp-json\/wp\/v2\/product"}],"about":[{"href":"https:\/\/balsamico.shop\/fi\/wp-json\/wp\/v2\/types\/product"}],"wp:featuredmedia":[{"embeddable":true,"href":"https:\/\/balsamico.shop\/fi\/wp-json\/wp\/v2\/media\/1987"}],"wp:attachment":[{"href":"https:\/\/balsamico.shop\/fi\/wp-json\/wp\/v2\/media?parent=1372"}],"wp:term":[{"taxonomy":"product_brand","embeddable":true,"href":"https:\/\/balsamico.shop\/fi\/wp-json\/wp\/v2\/product_brand?post=1372"},{"taxonomy":"product_cat","embeddable":true,"href":"https:\/\/balsamico.shop\/fi\/wp-json\/wp\/v2\/product_cat?post=1372"},{"taxonomy":"product_tag","embeddable":true,"href":"https:\/\/balsamico.shop\/fi\/wp-json\/wp\/v2\/product_tag?post=1372"}],"curies":[{"name":"wp","href":"https:\/\/api.w.org\/{rel}","templated":true}]}}