{"id":21,"date":"2016-03-28T23:23:26","date_gmt":"2016-03-28T21:23:26","guid":{"rendered":"http:\/\/de.aceto-balsamico-tradizionale.com\/?page_id=21"},"modified":"2023-11-13T12:21:51","modified_gmt":"2023-11-13T11:21:51","slug":"toimitusmaksut","status":"publish","type":"page","link":"https:\/\/balsamico.shop\/fi\/toimitusmaksut\/","title":{"rendered":"Toimitusmaksut"},"content":{"rendered":"<p><strong>Suomen toimituskulut ovat 5,95 EUR.<\/strong><\/p>\n<p>Toimitusaika on 3-5 ty\u00f6p\u00e4iv\u00e4\u00e4. L\u00e4het\u00e4mme kaikki paketit UPS n kanssa.<\/p>\n<p><strong>Tilaukset yli 100,00 \u20ac, toimitukset Suomeen ovat ilmaisia!<\/strong><\/p>\n<p>T\u00e4ll\u00e4 hetkell\u00e4 meill\u00e4 on vain postiosoituksia seuraavissa maissa: <strong>Suomi<\/strong>, Tanska, Saksa, It\u00e4valta, Ranska, T\u0161ekin tasavalta, Puola, Ruotsi, Belgia, Kypros (Kypros &#8211; ei pohjoinen), Slovakia, Slovenia, Luxemburg, Espanja, United) lukuun ottamatta saaria, Kroatia, Liettua, Latvia, Viro, Kreikka, Unkari ja Alankomaat.<\/p>\n<p>Toimitukset Ranskassa, T\u0161ekki, Puola, Ruotsi, Belgia, Kypros (ei Pohjanmaa), Slovakia, Slovenia, Luxemburg, Espanja, manner, Iso-Britannia (Yhdistynyt kuningaskunta) lukuun ottamatta saaria, Kroatia, Liettua, Latvia, niiden kiinte\u00e4 hinta on 10,00 \u20ac.<\/p>\n","protected":false},"excerpt":{"rendered":"<p>Suomen toimituskulut ovat 5,95 EUR. Toimitusaika on 3-5 ty\u00f6p\u00e4iv\u00e4\u00e4. L\u00e4het\u00e4mme kaikki paketit UPS n kanssa. Tilaukset yli 100,00 \u20ac, toimitukset Suomeen ovat ilmaisia! T\u00e4ll\u00e4 hetkell\u00e4 meill\u00e4 on vain postiosoituksia seuraavissa maissa: Suomi, Tanska, Saksa, It\u00e4valta, Ranska, T\u0161ekin tasavalta, Puola, Ruotsi, Belgia, Kypros (Kypros &#8211; ei pohjoinen), Slovakia, Slovenia, Luxemburg, Espanja, United) lukuun ottamatta saaria, Kroatia, Liettua, Latvia, Viro, Kreikka, Unkari ja Alankomaat. Toimitukset Ranskassa, T\u0161ekki, Puola, Ruotsi, Belgia, Kypros (ei Pohjanmaa), Slovakia, Slovenia, Luxemburg, Espanja, manner, Iso-Britannia (Yhdistynyt kuningaskunta) lukuun ottamatta saaria, Kroatia, Liettua, Latvia, niiden kiinte\u00e4 hinta on 10,00 \u20ac.<\/p>\n","protected":false},"author":1,"featured_media":0,"parent":0,"menu_order":0,"comment_status":"closed","ping_status":"closed","template":"","meta":{"footnotes":""},"class_list":["post-21","page","type-page","status-publish","hentry"],"yoast_head":"<!-- This site is optimized with the Yoast SEO plugin v27.4 - https:\/\/yoast.com\/product\/yoast-seo-wordpress\/ -->\n<title>Toimitusmaksut - Aceto Balsamico Shop - Suomi<\/title>\n<meta name=\"robots\" content=\"index, follow, max-snippet:-1, max-image-preview:large, max-video-preview:-1\" \/>\n<link rel=\"canonical\" href=\"https:\/\/balsamico.shop\/fi\/toimitusmaksut\/\" \/>\n<meta property=\"og:locale\" content=\"fi_FI\" \/>\n<meta property=\"og:type\" content=\"article\" \/>\n<meta property=\"og:title\" content=\"Toimitusmaksut - Aceto Balsamico Shop - Suomi\" \/>\n<meta property=\"og:description\" content=\"Suomen toimituskulut ovat 5,95 EUR. Toimitusaika on 3-5 ty\u00f6p\u00e4iv\u00e4\u00e4. L\u00e4het\u00e4mme kaikki paketit UPS n kanssa. Tilaukset yli 100,00 \u20ac, toimitukset Suomeen ovat ilmaisia! T\u00e4ll\u00e4 hetkell\u00e4 meill\u00e4 on vain postiosoituksia seuraavissa maissa: Suomi, Tanska, Saksa, It\u00e4valta, Ranska, T\u0161ekin tasavalta, Puola, Ruotsi, Belgia, Kypros (Kypros &#8211; ei pohjoinen), Slovakia, Slovenia, Luxemburg, Espanja, United) lukuun ottamatta saaria, Kroatia, Liettua, Latvia, Viro, Kreikka, Unkari ja Alankomaat. Toimitukset Ranskassa, T\u0161ekki, Puola, Ruotsi, Belgia, Kypros (ei Pohjanmaa), Slovakia, Slovenia, Luxemburg, Espanja, manner, Iso-Britannia (Yhdistynyt kuningaskunta) lukuun ottamatta saaria, Kroatia, Liettua, Latvia, niiden kiinte\u00e4 hinta on 10,00 \u20ac.\" \/>\n<meta property=\"og:url\" content=\"https:\/\/balsamico.shop\/fi\/toimitusmaksut\/\" \/>\n<meta property=\"og:site_name\" content=\"Aceto Balsamico Shop - Suomi\" \/>\n<meta property=\"article:modified_time\" content=\"2023-11-13T11:21:51+00:00\" \/>\n<meta name=\"twitter:card\" content=\"summary_large_image\" \/>\n<meta name=\"twitter:label1\" content=\"Arvioitu lukuaika\" \/>\n\t<meta name=\"twitter:data1\" content=\"1 minuutti\" \/>\n<script type=\"application\/ld+json\" class=\"yoast-schema-graph\">{\"@context\":\"https:\\\/\\\/schema.org\",\"@graph\":[{\"@type\":\"WebPage\",\"@id\":\"https:\\\/\\\/balsamico.shop\\\/fi\\\/toimitusmaksut\\\/\",\"url\":\"https:\\\/\\\/balsamico.shop\\\/fi\\\/toimitusmaksut\\\/\",\"name\":\"Toimitusmaksut - Aceto Balsamico Shop - Suomi\",\"isPartOf\":{\"@id\":\"https:\\\/\\\/balsamico.shop\\\/fi\\\/#website\"},\"datePublished\":\"2016-03-28T21:23:26+00:00\",\"dateModified\":\"2023-11-13T11:21:51+00:00\",\"breadcrumb\":{\"@id\":\"https:\\\/\\\/balsamico.shop\\\/fi\\\/toimitusmaksut\\\/#breadcrumb\"},\"inLanguage\":\"fi\",\"potentialAction\":[{\"@type\":\"ReadAction\",\"target\":[\"https:\\\/\\\/balsamico.shop\\\/fi\\\/toimitusmaksut\\\/\"]}]},{\"@type\":\"BreadcrumbList\",\"@id\":\"https:\\\/\\\/balsamico.shop\\\/fi\\\/toimitusmaksut\\\/#breadcrumb\",\"itemListElement\":[{\"@type\":\"ListItem\",\"position\":1,\"name\":\"Home\",\"item\":\"https:\\\/\\\/balsamico.shop\\\/fi\\\/\"},{\"@type\":\"ListItem\",\"position\":2,\"name\":\"Toimitusmaksut\"}]},{\"@type\":\"WebSite\",\"@id\":\"https:\\\/\\\/balsamico.shop\\\/fi\\\/#website\",\"url\":\"https:\\\/\\\/balsamico.shop\\\/fi\\\/\",\"name\":\"Aceto Balsamico Shop - Suomi\",\"description\":\"Hienoin balsamietikka Italiasta\",\"potentialAction\":[{\"@type\":\"SearchAction\",\"target\":{\"@type\":\"EntryPoint\",\"urlTemplate\":\"https:\\\/\\\/balsamico.shop\\\/fi\\\/?s={search_term_string}\"},\"query-input\":{\"@type\":\"PropertyValueSpecification\",\"valueRequired\":true,\"valueName\":\"search_term_string\"}}],\"inLanguage\":\"fi\"}]}<\/script>\n<!-- \/ Yoast SEO plugin. -->","yoast_head_json":{"title":"Toimitusmaksut - Aceto Balsamico Shop - Suomi","robots":{"index":"index","follow":"follow","max-snippet":"max-snippet:-1","max-image-preview":"max-image-preview:large","max-video-preview":"max-video-preview:-1"},"canonical":"https:\/\/balsamico.shop\/fi\/toimitusmaksut\/","og_locale":"fi_FI","og_type":"article","og_title":"Toimitusmaksut - Aceto Balsamico Shop - Suomi","og_description":"Suomen toimituskulut ovat 5,95 EUR. Toimitusaika on 3-5 ty\u00f6p\u00e4iv\u00e4\u00e4. L\u00e4het\u00e4mme kaikki paketit UPS n kanssa. Tilaukset yli 100,00 \u20ac, toimitukset Suomeen ovat ilmaisia! T\u00e4ll\u00e4 hetkell\u00e4 meill\u00e4 on vain postiosoituksia seuraavissa maissa: Suomi, Tanska, Saksa, It\u00e4valta, Ranska, T\u0161ekin tasavalta, Puola, Ruotsi, Belgia, Kypros (Kypros &#8211; ei pohjoinen), Slovakia, Slovenia, Luxemburg, Espanja, United) lukuun ottamatta saaria, Kroatia, Liettua, Latvia, Viro, Kreikka, Unkari ja Alankomaat. Toimitukset Ranskassa, T\u0161ekki, Puola, Ruotsi, Belgia, Kypros (ei Pohjanmaa), Slovakia, Slovenia, Luxemburg, Espanja, manner, Iso-Britannia (Yhdistynyt kuningaskunta) lukuun ottamatta saaria, Kroatia, Liettua, Latvia, niiden kiinte\u00e4 hinta on 10,00 \u20ac.","og_url":"https:\/\/balsamico.shop\/fi\/toimitusmaksut\/","og_site_name":"Aceto Balsamico Shop - Suomi","article_modified_time":"2023-11-13T11:21:51+00:00","twitter_card":"summary_large_image","twitter_misc":{"Arvioitu lukuaika":"1 minuutti"},"schema":{"@context":"https:\/\/schema.org","@graph":[{"@type":"WebPage","@id":"https:\/\/balsamico.shop\/fi\/toimitusmaksut\/","url":"https:\/\/balsamico.shop\/fi\/toimitusmaksut\/","name":"Toimitusmaksut - Aceto Balsamico Shop - Suomi","isPartOf":{"@id":"https:\/\/balsamico.shop\/fi\/#website"},"datePublished":"2016-03-28T21:23:26+00:00","dateModified":"2023-11-13T11:21:51+00:00","breadcrumb":{"@id":"https:\/\/balsamico.shop\/fi\/toimitusmaksut\/#breadcrumb"},"inLanguage":"fi","potentialAction":[{"@type":"ReadAction","target":["https:\/\/balsamico.shop\/fi\/toimitusmaksut\/"]}]},{"@type":"BreadcrumbList","@id":"https:\/\/balsamico.shop\/fi\/toimitusmaksut\/#breadcrumb","itemListElement":[{"@type":"ListItem","position":1,"name":"Home","item":"https:\/\/balsamico.shop\/fi\/"},{"@type":"ListItem","position":2,"name":"Toimitusmaksut"}]},{"@type":"WebSite","@id":"https:\/\/balsamico.shop\/fi\/#website","url":"https:\/\/balsamico.shop\/fi\/","name":"Aceto Balsamico Shop - Suomi","description":"Hienoin balsamietikka Italiasta","potentialAction":[{"@type":"SearchAction","target":{"@type":"EntryPoint","urlTemplate":"https:\/\/balsamico.shop\/fi\/?s={search_term_string}"},"query-input":{"@type":"PropertyValueSpecification","valueRequired":true,"valueName":"search_term_string"}}],"inLanguage":"fi"}]}},"_links":{"self":[{"href":"https:\/\/balsamico.shop\/fi\/wp-json\/wp\/v2\/pages\/21","targetHints":{"allow":["GET"]}}],"collection":[{"href":"https:\/\/balsamico.shop\/fi\/wp-json\/wp\/v2\/pages"}],"about":[{"href":"https:\/\/balsamico.shop\/fi\/wp-json\/wp\/v2\/types\/page"}],"author":[{"embeddable":true,"href":"https:\/\/balsamico.shop\/fi\/wp-json\/wp\/v2\/users\/1"}],"replies":[{"embeddable":true,"href":"https:\/\/balsamico.shop\/fi\/wp-json\/wp\/v2\/comments?post=21"}],"version-history":[{"count":10,"href":"https:\/\/balsamico.shop\/fi\/wp-json\/wp\/v2\/pages\/21\/revisions"}],"predecessor-version":[{"id":2036,"href":"https:\/\/balsamico.shop\/fi\/wp-json\/wp\/v2\/pages\/21\/revisions\/2036"}],"wp:attachment":[{"href":"https:\/\/balsamico.shop\/fi\/wp-json\/wp\/v2\/media?parent=21"}],"curies":[{"name":"wp","href":"https:\/\/api.w.org\/{rel}","templated":true}]}}