{"id":136,"date":"2016-04-11T16:22:23","date_gmt":"2016-04-11T14:22:23","guid":{"rendered":"https:\/\/de.aceto-balsamico-tradizionale.com\/?page_id=136"},"modified":"2024-10-29T11:21:48","modified_gmt":"2024-10-29T10:21:48","slug":"maksutavat","status":"publish","type":"page","link":"https:\/\/balsamico.shop\/fi\/maksutavat\/","title":{"rendered":"Maksutavat"},"content":{"rendered":"<p>T\u00e4ll\u00e4 hetkell\u00e4 tukemme PayPalia, luottokortteja (Visa, Mastercard tai American Express) ja teemme ennakkomaksun pankkisiirrolla maksuna.<\/p>\n<p>Puoi anche utilizzare PayPal per pagare con carta di credito (Visa o Mastercard), anche se non sei registrato con PayPal.<\/p>\n","protected":false},"excerpt":{"rendered":"<p>T\u00e4ll\u00e4 hetkell\u00e4 tukemme PayPalia, luottokortteja (Visa, Mastercard tai American Express) ja teemme ennakkomaksun pankkisiirrolla maksuna. Puoi anche utilizzare PayPal per pagare con carta di credito (Visa o Mastercard), anche se non sei registrato con PayPal.<\/p>\n","protected":false},"author":1,"featured_media":0,"parent":0,"menu_order":0,"comment_status":"closed","ping_status":"closed","template":"","meta":{"footnotes":""},"class_list":["post-136","page","type-page","status-publish","hentry"],"yoast_head":"<!-- This site is optimized with the Yoast SEO plugin v27.5 - https:\/\/yoast.com\/product\/yoast-seo-wordpress\/ -->\n<title>Maksutavat - Aceto Balsamico Shop - Suomi<\/title>\n<meta name=\"robots\" content=\"index, follow, max-snippet:-1, max-image-preview:large, max-video-preview:-1\" \/>\n<link rel=\"canonical\" href=\"https:\/\/balsamico.shop\/fi\/maksutavat\/\" \/>\n<meta property=\"og:locale\" content=\"fi_FI\" \/>\n<meta property=\"og:type\" content=\"article\" \/>\n<meta property=\"og:title\" content=\"Maksutavat - Aceto Balsamico Shop - Suomi\" \/>\n<meta property=\"og:description\" content=\"T\u00e4ll\u00e4 hetkell\u00e4 tukemme PayPalia, luottokortteja (Visa, Mastercard tai American Express) ja teemme ennakkomaksun pankkisiirrolla maksuna. Puoi anche utilizzare PayPal per pagare con carta di credito (Visa o Mastercard), anche se non sei registrato con PayPal.\" \/>\n<meta property=\"og:url\" content=\"https:\/\/balsamico.shop\/fi\/maksutavat\/\" \/>\n<meta property=\"og:site_name\" content=\"Aceto Balsamico Shop - Suomi\" \/>\n<meta property=\"article:modified_time\" content=\"2024-10-29T10:21:48+00:00\" \/>\n<meta name=\"twitter:card\" content=\"summary_large_image\" \/>\n<meta name=\"twitter:label1\" content=\"Arvioitu lukuaika\" \/>\n\t<meta name=\"twitter:data1\" content=\"1 minuutti\" \/>\n<script type=\"application\/ld+json\" class=\"yoast-schema-graph\">{\"@context\":\"https:\\\/\\\/schema.org\",\"@graph\":[{\"@type\":\"WebPage\",\"@id\":\"https:\\\/\\\/balsamico.shop\\\/fi\\\/maksutavat\\\/\",\"url\":\"https:\\\/\\\/balsamico.shop\\\/fi\\\/maksutavat\\\/\",\"name\":\"Maksutavat - Aceto Balsamico Shop - Suomi\",\"isPartOf\":{\"@id\":\"https:\\\/\\\/balsamico.shop\\\/fi\\\/#website\"},\"datePublished\":\"2016-04-11T14:22:23+00:00\",\"dateModified\":\"2024-10-29T10:21:48+00:00\",\"breadcrumb\":{\"@id\":\"https:\\\/\\\/balsamico.shop\\\/fi\\\/maksutavat\\\/#breadcrumb\"},\"inLanguage\":\"fi\",\"potentialAction\":[{\"@type\":\"ReadAction\",\"target\":[\"https:\\\/\\\/balsamico.shop\\\/fi\\\/maksutavat\\\/\"]}]},{\"@type\":\"BreadcrumbList\",\"@id\":\"https:\\\/\\\/balsamico.shop\\\/fi\\\/maksutavat\\\/#breadcrumb\",\"itemListElement\":[{\"@type\":\"ListItem\",\"position\":1,\"name\":\"Home\",\"item\":\"https:\\\/\\\/balsamico.shop\\\/fi\\\/\"},{\"@type\":\"ListItem\",\"position\":2,\"name\":\"Maksutavat\"}]},{\"@type\":\"WebSite\",\"@id\":\"https:\\\/\\\/balsamico.shop\\\/fi\\\/#website\",\"url\":\"https:\\\/\\\/balsamico.shop\\\/fi\\\/\",\"name\":\"Aceto Balsamico Shop - Suomi\",\"description\":\"Hienoin balsamietikka Italiasta\",\"potentialAction\":[{\"@type\":\"SearchAction\",\"target\":{\"@type\":\"EntryPoint\",\"urlTemplate\":\"https:\\\/\\\/balsamico.shop\\\/fi\\\/?s={search_term_string}\"},\"query-input\":{\"@type\":\"PropertyValueSpecification\",\"valueRequired\":true,\"valueName\":\"search_term_string\"}}],\"inLanguage\":\"fi\"}]}<\/script>\n<!-- \/ Yoast SEO plugin. -->","yoast_head_json":{"title":"Maksutavat - Aceto Balsamico Shop - Suomi","robots":{"index":"index","follow":"follow","max-snippet":"max-snippet:-1","max-image-preview":"max-image-preview:large","max-video-preview":"max-video-preview:-1"},"canonical":"https:\/\/balsamico.shop\/fi\/maksutavat\/","og_locale":"fi_FI","og_type":"article","og_title":"Maksutavat - Aceto Balsamico Shop - Suomi","og_description":"T\u00e4ll\u00e4 hetkell\u00e4 tukemme PayPalia, luottokortteja (Visa, Mastercard tai American Express) ja teemme ennakkomaksun pankkisiirrolla maksuna. Puoi anche utilizzare PayPal per pagare con carta di credito (Visa o Mastercard), anche se non sei registrato con PayPal.","og_url":"https:\/\/balsamico.shop\/fi\/maksutavat\/","og_site_name":"Aceto Balsamico Shop - Suomi","article_modified_time":"2024-10-29T10:21:48+00:00","twitter_card":"summary_large_image","twitter_misc":{"Arvioitu lukuaika":"1 minuutti"},"schema":{"@context":"https:\/\/schema.org","@graph":[{"@type":"WebPage","@id":"https:\/\/balsamico.shop\/fi\/maksutavat\/","url":"https:\/\/balsamico.shop\/fi\/maksutavat\/","name":"Maksutavat - Aceto Balsamico Shop - Suomi","isPartOf":{"@id":"https:\/\/balsamico.shop\/fi\/#website"},"datePublished":"2016-04-11T14:22:23+00:00","dateModified":"2024-10-29T10:21:48+00:00","breadcrumb":{"@id":"https:\/\/balsamico.shop\/fi\/maksutavat\/#breadcrumb"},"inLanguage":"fi","potentialAction":[{"@type":"ReadAction","target":["https:\/\/balsamico.shop\/fi\/maksutavat\/"]}]},{"@type":"BreadcrumbList","@id":"https:\/\/balsamico.shop\/fi\/maksutavat\/#breadcrumb","itemListElement":[{"@type":"ListItem","position":1,"name":"Home","item":"https:\/\/balsamico.shop\/fi\/"},{"@type":"ListItem","position":2,"name":"Maksutavat"}]},{"@type":"WebSite","@id":"https:\/\/balsamico.shop\/fi\/#website","url":"https:\/\/balsamico.shop\/fi\/","name":"Aceto Balsamico Shop - Suomi","description":"Hienoin balsamietikka Italiasta","potentialAction":[{"@type":"SearchAction","target":{"@type":"EntryPoint","urlTemplate":"https:\/\/balsamico.shop\/fi\/?s={search_term_string}"},"query-input":{"@type":"PropertyValueSpecification","valueRequired":true,"valueName":"search_term_string"}}],"inLanguage":"fi"}]}},"_links":{"self":[{"href":"https:\/\/balsamico.shop\/fi\/wp-json\/wp\/v2\/pages\/136","targetHints":{"allow":["GET"]}}],"collection":[{"href":"https:\/\/balsamico.shop\/fi\/wp-json\/wp\/v2\/pages"}],"about":[{"href":"https:\/\/balsamico.shop\/fi\/wp-json\/wp\/v2\/types\/page"}],"author":[{"embeddable":true,"href":"https:\/\/balsamico.shop\/fi\/wp-json\/wp\/v2\/users\/1"}],"replies":[{"embeddable":true,"href":"https:\/\/balsamico.shop\/fi\/wp-json\/wp\/v2\/comments?post=136"}],"version-history":[{"count":11,"href":"https:\/\/balsamico.shop\/fi\/wp-json\/wp\/v2\/pages\/136\/revisions"}],"predecessor-version":[{"id":2228,"href":"https:\/\/balsamico.shop\/fi\/wp-json\/wp\/v2\/pages\/136\/revisions\/2228"}],"wp:attachment":[{"href":"https:\/\/balsamico.shop\/fi\/wp-json\/wp\/v2\/media?parent=136"}],"curies":[{"name":"wp","href":"https:\/\/api.w.org\/{rel}","templated":true}]}}