{"id":1929,"date":"2023-02-17T18:44:06","date_gmt":"2023-02-17T17:44:06","guid":{"rendered":"https:\/\/balsamico.shop\/es\/?post_type=product&#038;p=1929"},"modified":"2026-04-30T21:57:51","modified_gmt":"2026-04-30T19:57:51","slug":"novizio-vinagreta-balsamica-picci","status":"publish","type":"product","link":"https:\/\/balsamico.shop\/es\/producto\/novizio-vinagreta-balsamica-picci\/","title":{"rendered":"IL NOVIZIO &#8211; Para vinagreta bals\u00e1mica &#8211; Picci"},"content":{"rendered":"<p>El <strong>ali\u00f1o de vinagre bals\u00e1mico IL NOVIZIO <\/strong>de Acetaia <strong>Picci<\/strong>, de la regi\u00f3n italiana de Reggio Emilia, es el \u00faltimo producto de nuestra gama.<\/p>\n<p>Como su nombre indica (\u00abIl <em>Novizio<\/em>\u00ab= el reci\u00e9n llegado), se trata de un producto muy joven. Al madurar en barricas de madera durante s\u00f3lo 3 a\u00f1os, su sabor es muy vivo y afrutado. Debido a su corto tiempo de maduraci\u00f3n, alcanza una acidez total del 6% y, sin embargo, tiene una <strong>acidez extremadamente suave <\/strong>y es un placer incluso para los paladares sensibles en estado puro. Sencillamente, \u00a1el <strong>ali\u00f1o <\/strong>\u00f3ptimo para <strong>ensaladas<\/strong>! Debido a su baja densidad, este producto no es viscoso y se extiende excelentemente sobre las hojas de una ensalada.<\/p>\n<p>En la botella grande de 500 ml, IL NOVIZIO es un vinagre<strong> bals\u00e1mico <\/strong>afrutado de alta calidad sin aditivos, <strong>perfecto para su ensalada.<\/strong><\/p>\n<p><img loading=\"lazy\" decoding=\"async\" class=\"alignleft wp-image-13483\" src=\"https:\/\/balsamico.shop\/de\/wp-content\/uploads\/2023\/02\/Unbenannt-1-picci-fass-detail-300x221.png\" alt=\"barriles de madera bals\u00e1micos \" width=\"422\" height=\"311\" \/>Para la producci\u00f3n de IL NOVIZIO se utiliza exactamente el mismo <strong>mosto cocido certificado de <\/strong>uvas blancas de <strong>Spergola <\/strong>y <strong>Trebbiano que se utiliza <\/strong>en Acetaia Picci para los dos productos m\u00e1s antiguos y de mayor calidad <em>Aceto Balsamico Tradizionale di Reggio Emilia D.O.P -Argento (a partir de <\/em>18 a\u00f1os) y <em>Aceto Balsamico Tradizionale di Reggio Emilia D.O.P &#8211; Oro <\/em>(a partir de 25 a\u00f1os).<\/p>\n<p>Al igual que los bals\u00e1micos producidos tradicionalmente, el ali\u00f1o de vinagre bals\u00e1mico IL NOVIZIO se compone \u00fanicamente de <strong>mosto de <\/strong>uva cocido. Con este \u00fanico ingrediente, es un <strong>producto puramente natural<\/strong>.<\/p>\n<p>Este producto se madura en barricas de madera de 100 litros de dos maderas diferentes: <strong>roble <\/strong>y <strong>casta\u00f1o.<\/strong><\/p>\n<p>&nbsp;<\/p>\n<p><strong>Ingredientes<\/strong>: mosto de uva cocido, puede contener sulfitos naturales.<\/p>\n","protected":false},"excerpt":{"rendered":"<p>El vinagre bals\u00e1mico \u00ab<strong>IL NOVIZIO<\/strong>\u00ab, al igual que el Aceto Balsamico Tradizionale, tiene como \u00fanico ingrediente el mosto de uva cocido, por lo que es un producto <strong>puramente natural<\/strong>. Al madurar en barricas de madera durante s\u00f3lo 3 a\u00f1os, su sabor es muy vivo y afrutado. Debido a su corto tiempo de maduraci\u00f3n, alcanza una acidez total del 6%. Sencillamente, \u00a1el ali\u00f1o \u00f3ptimo <strong>para ensaladas<\/strong>!<\/p>\n","protected":false},"featured_media":1930,"template":"","meta":[],"product_brand":[],"product_cat":[26],"product_tag":[76],"class_list":{"0":"post-1929","1":"product","2":"type-product","3":"status-publish","4":"has-post-thumbnail","6":"product_cat-picci","7":"product_tag-vinagre-reggio-emilia","8":"product_shipping_class-balsamico","10":"first","11":"instock","12":"featured","13":"taxable","14":"shipping-taxable","15":"purchasable","16":"product-type-simple"},"bundle_layout":"","bundled_by":[],"bundled_items":[],"yoast_head":"<!-- This site is optimized with the Yoast SEO plugin v27.3 - https:\/\/yoast.com\/product\/yoast-seo-wordpress\/ -->\n<title>IL NOVIZIO - Para vinagreta bals\u00e1mica - Picci - Aceto Balsamico Shop - Espa\u00f1a<\/title>\n<meta name=\"robots\" content=\"index, follow, max-snippet:-1, max-image-preview:large, max-video-preview:-1\" \/>\n<link rel=\"canonical\" href=\"https:\/\/balsamico.shop\/es\/producto\/novizio-vinagreta-balsamica-picci\/\" \/>\n<meta property=\"og:locale\" content=\"es_ES\" \/>\n<meta property=\"og:type\" content=\"article\" \/>\n<meta property=\"og:title\" content=\"IL NOVIZIO - Para vinagreta bals\u00e1mica - Picci - Aceto Balsamico Shop - Espa\u00f1a\" \/>\n<meta property=\"og:description\" content=\"El vinagre bals\u00e1mico &quot;IL NOVIZIO&quot;, al igual que el Aceto Balsamico Tradizionale, tiene como \u00fanico ingrediente el mosto de uva cocido, por lo que es un producto puramente natural. Al madurar en barricas de madera durante s\u00f3lo 3 a\u00f1os, su sabor es muy vivo y afrutado. Debido a su corto tiempo de maduraci\u00f3n, alcanza una acidez total del 6%. Sencillamente, \u00a1el ali\u00f1o \u00f3ptimo para ensaladas!\" \/>\n<meta property=\"og:url\" content=\"https:\/\/balsamico.shop\/es\/producto\/novizio-vinagreta-balsamica-picci\/\" \/>\n<meta property=\"og:site_name\" content=\"Aceto Balsamico Shop - Espa\u00f1a\" \/>\n<meta property=\"article:modified_time\" content=\"2026-04-30T19:57:51+00:00\" \/>\n<meta property=\"og:image\" content=\"https:\/\/balsamico.shop\/es\/wp-content\/uploads\/2023\/02\/novizio-condimento-picci.jpg\" \/>\n\t<meta property=\"og:image:width\" content=\"1600\" \/>\n\t<meta property=\"og:image:height\" content=\"1872\" \/>\n\t<meta property=\"og:image:type\" content=\"image\/jpeg\" \/>\n<meta name=\"twitter:card\" content=\"summary_large_image\" \/>\n<meta name=\"twitter:label1\" content=\"Tiempo de lectura\" \/>\n\t<meta name=\"twitter:data1\" content=\"2 minutos\" \/>\n<script type=\"application\/ld+json\" class=\"yoast-schema-graph\">{\"@context\":\"https:\\\/\\\/schema.org\",\"@graph\":[{\"@type\":\"WebPage\",\"@id\":\"https:\\\/\\\/balsamico.shop\\\/es\\\/producto\\\/novizio-vinagreta-balsamica-picci\\\/\",\"url\":\"https:\\\/\\\/balsamico.shop\\\/es\\\/producto\\\/novizio-vinagreta-balsamica-picci\\\/\",\"name\":\"IL NOVIZIO - Para vinagreta bals\u00e1mica - Picci - Aceto Balsamico Shop - Espa\u00f1a\",\"isPartOf\":{\"@id\":\"https:\\\/\\\/balsamico.shop\\\/es\\\/#website\"},\"primaryImageOfPage\":{\"@id\":\"https:\\\/\\\/balsamico.shop\\\/es\\\/producto\\\/novizio-vinagreta-balsamica-picci\\\/#primaryimage\"},\"image\":{\"@id\":\"https:\\\/\\\/balsamico.shop\\\/es\\\/producto\\\/novizio-vinagreta-balsamica-picci\\\/#primaryimage\"},\"thumbnailUrl\":\"https:\\\/\\\/balsamico.shop\\\/es\\\/wp-content\\\/uploads\\\/2023\\\/02\\\/novizio-condimento-picci.jpg\",\"datePublished\":\"2023-02-17T17:44:06+00:00\",\"dateModified\":\"2026-04-30T19:57:51+00:00\",\"breadcrumb\":{\"@id\":\"https:\\\/\\\/balsamico.shop\\\/es\\\/producto\\\/novizio-vinagreta-balsamica-picci\\\/#breadcrumb\"},\"inLanguage\":\"es\",\"potentialAction\":[{\"@type\":\"ReadAction\",\"target\":[\"https:\\\/\\\/balsamico.shop\\\/es\\\/producto\\\/novizio-vinagreta-balsamica-picci\\\/\"]}]},{\"@type\":\"ImageObject\",\"inLanguage\":\"es\",\"@id\":\"https:\\\/\\\/balsamico.shop\\\/es\\\/producto\\\/novizio-vinagreta-balsamica-picci\\\/#primaryimage\",\"url\":\"https:\\\/\\\/balsamico.shop\\\/es\\\/wp-content\\\/uploads\\\/2023\\\/02\\\/novizio-condimento-picci.jpg\",\"contentUrl\":\"https:\\\/\\\/balsamico.shop\\\/es\\\/wp-content\\\/uploads\\\/2023\\\/02\\\/novizio-condimento-picci.jpg\",\"width\":1600,\"height\":1872},{\"@type\":\"BreadcrumbList\",\"@id\":\"https:\\\/\\\/balsamico.shop\\\/es\\\/producto\\\/novizio-vinagreta-balsamica-picci\\\/#breadcrumb\",\"itemListElement\":[{\"@type\":\"ListItem\",\"position\":1,\"name\":\"Home\",\"item\":\"https:\\\/\\\/balsamico.shop\\\/es\\\/\"},{\"@type\":\"ListItem\",\"position\":2,\"name\":\"Vinagre bals\u00e1mico de M\u00f3dena &#8211; Tienda Online\",\"item\":\"https:\\\/\\\/balsamico.shop\\\/es\\\/shop\\\/\"},{\"@type\":\"ListItem\",\"position\":3,\"name\":\"IL NOVIZIO &#8211; Para vinagreta bals\u00e1mica &#8211; Picci\"}]},{\"@type\":\"WebSite\",\"@id\":\"https:\\\/\\\/balsamico.shop\\\/es\\\/#website\",\"url\":\"https:\\\/\\\/balsamico.shop\\\/es\\\/\",\"name\":\"Aceto Balsamico Shop - Espa\u00f1a\",\"description\":\"Comprar vinagre bals\u00e1mico de M\u00f3dena y Reggio Emilia\",\"potentialAction\":[{\"@type\":\"SearchAction\",\"target\":{\"@type\":\"EntryPoint\",\"urlTemplate\":\"https:\\\/\\\/balsamico.shop\\\/es\\\/?s={search_term_string}\"},\"query-input\":{\"@type\":\"PropertyValueSpecification\",\"valueRequired\":true,\"valueName\":\"search_term_string\"}}],\"inLanguage\":\"es\"}]}<\/script>\n<!-- \/ Yoast SEO plugin. -->","yoast_head_json":{"title":"IL NOVIZIO - Para vinagreta bals\u00e1mica - Picci - Aceto Balsamico Shop - Espa\u00f1a","robots":{"index":"index","follow":"follow","max-snippet":"max-snippet:-1","max-image-preview":"max-image-preview:large","max-video-preview":"max-video-preview:-1"},"canonical":"https:\/\/balsamico.shop\/es\/producto\/novizio-vinagreta-balsamica-picci\/","og_locale":"es_ES","og_type":"article","og_title":"IL NOVIZIO - Para vinagreta bals\u00e1mica - Picci - Aceto Balsamico Shop - Espa\u00f1a","og_description":"El vinagre bals\u00e1mico \"IL NOVIZIO\", al igual que el Aceto Balsamico Tradizionale, tiene como \u00fanico ingrediente el mosto de uva cocido, por lo que es un producto puramente natural. Al madurar en barricas de madera durante s\u00f3lo 3 a\u00f1os, su sabor es muy vivo y afrutado. Debido a su corto tiempo de maduraci\u00f3n, alcanza una acidez total del 6%. Sencillamente, \u00a1el ali\u00f1o \u00f3ptimo para ensaladas!","og_url":"https:\/\/balsamico.shop\/es\/producto\/novizio-vinagreta-balsamica-picci\/","og_site_name":"Aceto Balsamico Shop - Espa\u00f1a","article_modified_time":"2026-04-30T19:57:51+00:00","og_image":[{"width":1600,"height":1872,"url":"https:\/\/balsamico.shop\/es\/wp-content\/uploads\/2023\/02\/novizio-condimento-picci.jpg","type":"image\/jpeg"}],"twitter_card":"summary_large_image","twitter_misc":{"Tiempo de lectura":"2 minutos"},"schema":{"@context":"https:\/\/schema.org","@graph":[{"@type":"WebPage","@id":"https:\/\/balsamico.shop\/es\/producto\/novizio-vinagreta-balsamica-picci\/","url":"https:\/\/balsamico.shop\/es\/producto\/novizio-vinagreta-balsamica-picci\/","name":"IL NOVIZIO - Para vinagreta bals\u00e1mica - Picci - Aceto Balsamico Shop - Espa\u00f1a","isPartOf":{"@id":"https:\/\/balsamico.shop\/es\/#website"},"primaryImageOfPage":{"@id":"https:\/\/balsamico.shop\/es\/producto\/novizio-vinagreta-balsamica-picci\/#primaryimage"},"image":{"@id":"https:\/\/balsamico.shop\/es\/producto\/novizio-vinagreta-balsamica-picci\/#primaryimage"},"thumbnailUrl":"https:\/\/balsamico.shop\/es\/wp-content\/uploads\/2023\/02\/novizio-condimento-picci.jpg","datePublished":"2023-02-17T17:44:06+00:00","dateModified":"2026-04-30T19:57:51+00:00","breadcrumb":{"@id":"https:\/\/balsamico.shop\/es\/producto\/novizio-vinagreta-balsamica-picci\/#breadcrumb"},"inLanguage":"es","potentialAction":[{"@type":"ReadAction","target":["https:\/\/balsamico.shop\/es\/producto\/novizio-vinagreta-balsamica-picci\/"]}]},{"@type":"ImageObject","inLanguage":"es","@id":"https:\/\/balsamico.shop\/es\/producto\/novizio-vinagreta-balsamica-picci\/#primaryimage","url":"https:\/\/balsamico.shop\/es\/wp-content\/uploads\/2023\/02\/novizio-condimento-picci.jpg","contentUrl":"https:\/\/balsamico.shop\/es\/wp-content\/uploads\/2023\/02\/novizio-condimento-picci.jpg","width":1600,"height":1872},{"@type":"BreadcrumbList","@id":"https:\/\/balsamico.shop\/es\/producto\/novizio-vinagreta-balsamica-picci\/#breadcrumb","itemListElement":[{"@type":"ListItem","position":1,"name":"Home","item":"https:\/\/balsamico.shop\/es\/"},{"@type":"ListItem","position":2,"name":"Vinagre bals\u00e1mico de M\u00f3dena &#8211; Tienda Online","item":"https:\/\/balsamico.shop\/es\/shop\/"},{"@type":"ListItem","position":3,"name":"IL NOVIZIO &#8211; Para vinagreta bals\u00e1mica &#8211; Picci"}]},{"@type":"WebSite","@id":"https:\/\/balsamico.shop\/es\/#website","url":"https:\/\/balsamico.shop\/es\/","name":"Aceto Balsamico Shop - Espa\u00f1a","description":"Comprar vinagre bals\u00e1mico de M\u00f3dena y Reggio Emilia","potentialAction":[{"@type":"SearchAction","target":{"@type":"EntryPoint","urlTemplate":"https:\/\/balsamico.shop\/es\/?s={search_term_string}"},"query-input":{"@type":"PropertyValueSpecification","valueRequired":true,"valueName":"search_term_string"}}],"inLanguage":"es"}]}},"_links":{"self":[{"href":"https:\/\/balsamico.shop\/es\/wp-json\/wp\/v2\/product\/1929","targetHints":{"allow":["GET"]}}],"collection":[{"href":"https:\/\/balsamico.shop\/es\/wp-json\/wp\/v2\/product"}],"about":[{"href":"https:\/\/balsamico.shop\/es\/wp-json\/wp\/v2\/types\/product"}],"wp:featuredmedia":[{"embeddable":true,"href":"https:\/\/balsamico.shop\/es\/wp-json\/wp\/v2\/media\/1930"}],"wp:attachment":[{"href":"https:\/\/balsamico.shop\/es\/wp-json\/wp\/v2\/media?parent=1929"}],"wp:term":[{"taxonomy":"product_brand","embeddable":true,"href":"https:\/\/balsamico.shop\/es\/wp-json\/wp\/v2\/product_brand?post=1929"},{"taxonomy":"product_cat","embeddable":true,"href":"https:\/\/balsamico.shop\/es\/wp-json\/wp\/v2\/product_cat?post=1929"},{"taxonomy":"product_tag","embeddable":true,"href":"https:\/\/balsamico.shop\/es\/wp-json\/wp\/v2\/product_tag?post=1929"}],"curies":[{"name":"wp","href":"https:\/\/api.w.org\/{rel}","templated":true}]}}