{"id":1927,"date":"2020-04-19T14:34:20","date_gmt":"2020-04-19T12:34:20","guid":{"rendered":"https:\/\/balsamico.shop\/es\/?post_type=product&#038;p=1927"},"modified":"2026-04-30T21:57:51","modified_gmt":"2026-04-30T19:57:51","slug":"giuseppe-cremonini-aceto-balsamico-di-modena-invecchiato-5-uvas-envejecido","status":"publish","type":"product","link":"https:\/\/balsamico.shop\/es\/producto\/giuseppe-cremonini-aceto-balsamico-di-modena-invecchiato-5-uvas-envejecido\/","title":{"rendered":"Aceto Balsamico di Modena I.G.P. &#8211; Invecchiato &#8211; Cremonini"},"content":{"rendered":"<p><img loading=\"lazy\" decoding=\"async\" class=\"alignright wp-image-3760 size-medium\" src=\"https:\/\/balsamico.shop\/de\/wp-content\/uploads\/2020\/04\/cremonini-logo-211x300.png\" alt=\"Giuseppe Cremonini Insignia\" width=\"211\" height=\"300\" \/>Este <strong>Vinagre Bals\u00e1mico de M\u00f3dena IGP<\/strong> <strong>envejecido<\/strong> por la bodega <strong>Giuseppe Cremonini<\/strong> fue elegido ganador del concurso de la revista alemana \u00d6KO-TEST en su n\u00famero de julio de 2021. Fue proclamado ganador con una calificaci\u00f3n global de \u00ab<strong>muy bueno<\/strong>\u00ab. En 2020, este vinagre bals\u00e1mico IGP fue elegido ganador del concurso Stiftung Warentest con una puntuaci\u00f3n de 1,6. En esa ocasi\u00f3n, se sometieron a prueba 27 vinagres bals\u00e1micos IGP diferentes, todos ellos de precio medio-bajo.<\/p>\n<p>Los vinagres <strong>Cremonini<\/strong> suelen encontrarse tambi\u00e9n en algunos supermercados. Sin embargo, <strong>este producto<\/strong> es bastante raro y es dif\u00edcil encontrarlo en las tiendas, porque se trata de la <strong>variedad de 5 uvas<\/strong> con el a\u00f1adido \u00ab<strong>Invecchiato<\/strong>\u00ab, que no debe confundirse con la versi\u00f3n m\u00e1s barata de 5 uvas <strong>sin el a\u00f1adido <\/strong>\u00ab<strong>Invecchiato<\/strong>\u00ab. Para mayor seguridad, compruebe siempre la parte posterior de la botella.<\/p>\n<p>Este bals\u00e1mico tiene una densidad de 1,33. S\u00f3lo en muy raras ocasiones un bals\u00e1mico IGP alcanza esta alta densidad y, por tanto, tiene una consistencia de jarabe. El alto porcentaje de<strong> mosto de uva cocido<\/strong> y el <strong>tiempo de maduraci\u00f3n en barrica<\/strong> son decisivos para conseguir esta caracter\u00edstica. Se produce sin aromas artificiales ni conservantes. S\u00f3lo el <a href=\"https:\/\/balsamico.shop\/es\/producto\/aceto-balsamico-tradizionale-di-modena-giuseppe-cremonini\/\" target=\"_blank\" rel=\"noopener\">Aceto Balsamico Tradizionale de Cremonini<\/a> puede superar a este vinagre bals\u00e1mico entre los productos de Cremonini. Este bals\u00e1mico est\u00e1 especialmente indicado para pescado, queso curado, verdura y fruta.<\/p>\n<p>Giuseppe Cremonini produce en el peque\u00f1o pueblo de Spilamberto, a pocos kil\u00f3metros al sureste de M\u00f3dena. Entre los conocedores del vinagre, Spilamberto es la verdadera capital del vinagre bals\u00e1mico. Tambi\u00e9n es la sede del famoso Museo de Vinagre Bals\u00e1mico Tradicional y de la Gota Bals\u00e1mica (<a href=\"http:\/\/www.lunatiscenografie.it\/portfolio\/la-goccia-balsamica-di-spilamberto\/\" target=\"_blank\" rel=\"noopener noreferrer\">la Goccia balsamica<\/a>). Spilamberto tambi\u00e9n acoge una vez al a\u00f1o el concurso de vinagre bals\u00e1mico m\u00e1s famoso del mundo: el Palio de San Giovanni.<\/p>\n<p><strong>Nuestro consejo veraniego:<\/strong> \u00a1puedes utilizar este bals\u00e1mico para hacer un <strong>spritz bals\u00e1mico<\/strong>! A\u00f1ada unas 2 cucharaditas de bals\u00e1mico a un vaso (0,33) de agua mineral fresca con gas, remu\u00e9valo un poco y listo. Una bebida veraniega, agridulce y refrescante para regular el equilibrio del pH y refrescarse en los calurosos d\u00edas de verano.<\/p>\n<p><strong>Informaci\u00f3n sobre el producto:<\/strong><\/p>\n<p><strong>Envejecimiento:<\/strong> madurado durante al menos 3 a\u00f1os en barricas de madera.<\/p>\n<p><strong>Densidad:<\/strong> 1,33 &#8211; calidad superior (consistencia densa\/viscosa)<\/p>\n<p><strong>Color:<\/strong> marr\u00f3n oscuro intenso<\/p>\n<p><strong>Aroma:<\/strong> agradable, acidez no picante, ligera nota de barrica, persistencia intensa.<\/p>\n<p><strong>Sabor e intensidad:<\/strong> sabor dulce e intenso con un toque de vainilla y acidez bien integrada.<\/p>\n<p><strong>Conservaci\u00f3n:<\/strong> conservar en lugar fresco y seco, al abrigo de la luz y el calor.<\/p>\n<p><strong>Pa\u00eds de origen:<\/strong> Italia<\/p>\n<p><strong>Lugar de producci\u00f3n y de transformaci\u00f3n:<\/strong> Spilamberto, Italia<\/p>\n<p><strong>Denominaci\u00f3n protegida:<\/strong> IGP (Indicaci\u00f3n Geogr\u00e1fica Protegida).<\/p>\n<p><strong>Denominaci\u00f3n protegida por:<\/strong> <a href=\"https:\/\/eur-lex.europa.eu\/legal-content\/es\/TXT\/HTML\/?uri=CELEX:32009R0583\" target=\"_blank\" rel=\"noopener\">Reglamento (CE) n\u00ba 583\/2009 &#8211; Vinagre Bals\u00e1mico de M\u00f3dena.<\/a><\/p>\n<p><strong>Vertedor:<\/strong> integrado, silicona<\/p>\n<p><strong>Cantidad:<\/strong> 250 mililitros<\/p>\n<p><strong>Ingredientes:<\/strong><br \/>\n6% \u00e1cido, mosto de uva cocido, vinagre de vino. Sin colorante \/ caramelo<\/p>\n<p><strong>Nota:<\/strong> contiene sulfitos<\/p>\n<p><strong>V\u00eddeo informativo:<\/strong> Vinagre bals\u00e1mico de M\u00f3dena<\/p>\n<p><a href=\"https:\/\/www.youtube.com\/watch?v=1pZ9jPxUmUo\" target=\"_blank\" rel=\"noopener noreferrer\"><img loading=\"lazy\" decoding=\"async\" class=\"alignnone wp-image-3756 size-full\" src=\"https:\/\/balsamico.shop\/de\/wp-content\/uploads\/2020\/04\/cremonini-balsamico.jpg\" alt=\"Video Vinagre Bals\u00e1mico de M\u00f3dena Cremonini \" width=\"500\" height=\"341\" \/><\/a><\/p>\n<p><strong>Otros apelativos<\/strong> &#8211; que pueden ser asignados a este producto:<\/p>\n<ul>\n<li>Cremonini Bals\u00e1mico a las 5 Uvas<\/li>\n<li>Aceto Balsamico Modena 5 GP Aged<\/li>\n<li>Aceto Balsamico di Modena I.G.P. Invecchiato Envejecido, 5 Uvas de Oro<\/li>\n<li>Giuseppe Cremonini Balsamico Ganador del concurso Stiftung Warentest 2020<\/li>\n<li>Aceto Balsamico de Cremoni &#8211; 5 uvas de oro<\/li>\n<li>Botella de 250 ml de Balsamico de Cremonini con cinco uvas<\/li>\n<\/ul>\n<p>&nbsp;<\/p>\n","protected":false},"excerpt":{"rendered":"<p>Este Vinagre Bals\u00e1mico de M\u00f3dena IGP envejecido por la bodega Giuseppe Cremonini fue elegido ganador del concurso de la revista alemana \u00d6KO-TEST en su n\u00famero de julio de 2021. Fue proclamado ganador con una calificaci\u00f3n global de \u00abmuy bueno\u00ab. En 2020, este vinagre bals\u00e1mico IGP fue elegido ganador del concurso Stiftung Warentest con una puntuaci\u00f3n de 1,6. En esa ocasi\u00f3n, se sometieron a prueba 27 vinagres bals\u00e1micos IGP diferentes, todos ellos de precio medio-bajo. Los vinagres Cremonini suelen encontrarse tambi\u00e9n en algunos supermercados. Sin embargo, este producto es bastante raro y es dif\u00edcil encontrarlo en las tiendas, porque se trata de la variedad de 5 uvas con el a\u00f1adido \u00abInvecchiato\u00ab, que no debe confundirse con la versi\u00f3n m\u00e1s barata de 5 uvas sin el a\u00f1adido \u00abInvecchiato\u00ab. Para mayor seguridad, compruebe siempre la parte posterior de la botella. Este bals\u00e1mico tiene una densidad de 1,33. S\u00f3lo en muy raras ocasiones un bals\u00e1mico IGP alcanza esta alta densidad y, por tanto, tiene una consistencia de jarabe. El alto porcentaje de mosto de uva cocido y el tiempo de maduraci\u00f3n en barrica son decisivos para conseguir esta caracter\u00edstica. Se produce sin aromas artificiales ni conservantes. S\u00f3lo el Aceto Balsamico Tradizionale de Cremonini puede superar a este vinagre bals\u00e1mico entre los productos de Cremonini. Este bals\u00e1mico est\u00e1 especialmente indicado para pescado, queso curado, verdura y fruta. Giuseppe Cremonini produce en el peque\u00f1o pueblo de Spilamberto, a pocos kil\u00f3metros al sureste de M\u00f3dena. Entre los conocedores del vinagre, Spilamberto es la verdadera capital del vinagre bals\u00e1mico. Tambi\u00e9n es la sede del famoso Museo de Vinagre Bals\u00e1mico Tradicional y de la Gota Bals\u00e1mica (la Goccia balsamica). Spilamberto tambi\u00e9n acoge una vez al a\u00f1o el concurso de vinagre bals\u00e1mico m\u00e1s famoso del mundo: el Palio de San Giovanni. Nuestro consejo veraniego: \u00a1puedes utilizar este bals\u00e1mico para hacer un spritz bals\u00e1mico! A\u00f1ada unas 2 cucharaditas de bals\u00e1mico a un vaso (0,33) de agua mineral fresca con gas, remu\u00e9valo un poco y listo. Una bebida veraniega, agridulce y refrescante para regular el equilibrio del pH y refrescarse en los calurosos d\u00edas de verano. Informaci\u00f3n sobre el producto: Envejecimiento: madurado durante al menos 3 a\u00f1os en barricas de madera. Densidad: 1,33 &#8211; calidad superior (consistencia densa\/viscosa) Color: marr\u00f3n oscuro intenso Aroma: agradable, acidez no picante, ligera nota de barrica, persistencia intensa. Sabor e intensidad: sabor dulce e intenso con un toque de vainilla y acidez bien integrada. Conservaci\u00f3n: conservar en lugar fresco y seco, al abrigo de la luz y el calor. Pa\u00eds de origen: Italia Lugar de producci\u00f3n y de transformaci\u00f3n: Spilamberto, Italia Denominaci\u00f3n protegida: IGP (Indicaci\u00f3n Geogr\u00e1fica Protegida). Denominaci\u00f3n protegida por: Reglamento (CE) n\u00ba 583\/2009 &#8211; Vinagre Bals\u00e1mico de M\u00f3dena. Vertedor: integrado, silicona Cantidad: 250 mililitros Ingredientes: 6% \u00e1cido, mosto de uva cocido, vinagre de vino. Sin colorante \/ caramelo Nota: contiene sulfitos V\u00eddeo informativo: Vinagre bals\u00e1mico de M\u00f3dena Otros apelativos &#8211; que pueden ser asignados a este producto: Cremonini Bals\u00e1mico a las 5 Uvas Aceto Balsamico Modena 5 GP Aged Aceto Balsamico di Modena I.G.P. Invecchiato Envejecido, [&hellip;]<\/p>\n","protected":false},"featured_media":1928,"template":"","meta":[],"product_brand":[],"product_cat":[59],"product_tag":[75,77],"class_list":{"0":"post-1927","1":"product","2":"type-product","3":"status-publish","4":"has-post-thumbnail","6":"product_cat-cremonini","7":"product_tag-vinagre-modena","8":"product_tag-vinagre-modena-igp","9":"product_shipping_class-balsamico","11":"first","12":"instock","13":"featured","14":"taxable","15":"shipping-taxable","16":"purchasable","17":"product-type-simple"},"bundle_layout":"","bundled_by":[],"bundled_items":[],"yoast_head":"<!-- This site is optimized with the Yoast SEO plugin v27.3 - https:\/\/yoast.com\/product\/yoast-seo-wordpress\/ -->\n<title>Aceto Balsamico di Modena I.G.P. - Invecchiato - Cremonini - Aceto Balsamico Shop - Espa\u00f1a<\/title>\n<meta name=\"robots\" content=\"index, follow, max-snippet:-1, max-image-preview:large, max-video-preview:-1\" \/>\n<link rel=\"canonical\" href=\"https:\/\/balsamico.shop\/es\/producto\/giuseppe-cremonini-aceto-balsamico-di-modena-invecchiato-5-uvas-envejecido\/\" \/>\n<meta property=\"og:locale\" content=\"es_ES\" \/>\n<meta property=\"og:type\" content=\"article\" \/>\n<meta property=\"og:title\" content=\"Aceto Balsamico di Modena I.G.P. - Invecchiato - Cremonini - Aceto Balsamico Shop - Espa\u00f1a\" \/>\n<meta property=\"og:description\" content=\"Este Vinagre Bals\u00e1mico de M\u00f3dena IGP envejecido por la bodega Giuseppe Cremonini fue elegido ganador del concurso de la revista alemana \u00d6KO-TEST en su n\u00famero de julio de 2021. Fue proclamado ganador con una calificaci\u00f3n global de \u00abmuy bueno\u00ab. En 2020, este vinagre bals\u00e1mico IGP fue elegido ganador del concurso Stiftung Warentest con una puntuaci\u00f3n de 1,6. En esa ocasi\u00f3n, se sometieron a prueba 27 vinagres bals\u00e1micos IGP diferentes, todos ellos de precio medio-bajo. Los vinagres Cremonini suelen encontrarse tambi\u00e9n en algunos supermercados. Sin embargo, este producto es bastante raro y es dif\u00edcil encontrarlo en las tiendas, porque se trata de la variedad de 5 uvas con el a\u00f1adido \u00abInvecchiato\u00ab, que no debe confundirse con la versi\u00f3n m\u00e1s barata de 5 uvas sin el a\u00f1adido \u00abInvecchiato\u00ab. Para mayor seguridad, compruebe siempre la parte posterior de la botella. Este bals\u00e1mico tiene una densidad de 1,33. S\u00f3lo en muy raras ocasiones un bals\u00e1mico IGP alcanza esta alta densidad y, por tanto, tiene una consistencia de jarabe. El alto porcentaje de mosto de uva cocido y el tiempo de maduraci\u00f3n en barrica son decisivos para conseguir esta caracter\u00edstica. Se produce sin aromas artificiales ni conservantes. S\u00f3lo el Aceto Balsamico Tradizionale de Cremonini puede superar a este vinagre bals\u00e1mico entre los productos de Cremonini. Este bals\u00e1mico est\u00e1 especialmente indicado para pescado, queso curado, verdura y fruta. Giuseppe Cremonini produce en el peque\u00f1o pueblo de Spilamberto, a pocos kil\u00f3metros al sureste de M\u00f3dena. Entre los conocedores del vinagre, Spilamberto es la verdadera capital del vinagre bals\u00e1mico. Tambi\u00e9n es la sede del famoso Museo de Vinagre Bals\u00e1mico Tradicional y de la Gota Bals\u00e1mica (la Goccia balsamica). Spilamberto tambi\u00e9n acoge una vez al a\u00f1o el concurso de vinagre bals\u00e1mico m\u00e1s famoso del mundo: el Palio de San Giovanni. Nuestro consejo veraniego: \u00a1puedes utilizar este bals\u00e1mico para hacer un spritz bals\u00e1mico! A\u00f1ada unas 2 cucharaditas de bals\u00e1mico a un vaso (0,33) de agua mineral fresca con gas, remu\u00e9valo un poco y listo. Una bebida veraniega, agridulce y refrescante para regular el equilibrio del pH y refrescarse en los calurosos d\u00edas de verano. Informaci\u00f3n sobre el producto: Envejecimiento: madurado durante al menos 3 a\u00f1os en barricas de madera. Densidad: 1,33 &#8211; calidad superior (consistencia densa\/viscosa) Color: marr\u00f3n oscuro intenso Aroma: agradable, acidez no picante, ligera nota de barrica, persistencia intensa. Sabor e intensidad: sabor dulce e intenso con un toque de vainilla y acidez bien integrada. Conservaci\u00f3n: conservar en lugar fresco y seco, al abrigo de la luz y el calor. Pa\u00eds de origen: Italia Lugar de producci\u00f3n y de transformaci\u00f3n: Spilamberto, Italia Denominaci\u00f3n protegida: IGP (Indicaci\u00f3n Geogr\u00e1fica Protegida). Denominaci\u00f3n protegida por: Reglamento (CE) n\u00ba 583\/2009 &#8211; Vinagre Bals\u00e1mico de M\u00f3dena. Vertedor: integrado, silicona Cantidad: 250 mililitros Ingredientes: 6% \u00e1cido, mosto de uva cocido, vinagre de vino. Sin colorante \/ caramelo Nota: contiene sulfitos V\u00eddeo informativo: Vinagre bals\u00e1mico de M\u00f3dena Otros apelativos &#8211; que pueden ser asignados a este producto: Cremonini Bals\u00e1mico a las 5 Uvas Aceto Balsamico Modena 5 GP Aged Aceto Balsamico di Modena I.G.P. Invecchiato Envejecido, [&hellip;]\" \/>\n<meta property=\"og:url\" content=\"https:\/\/balsamico.shop\/es\/producto\/giuseppe-cremonini-aceto-balsamico-di-modena-invecchiato-5-uvas-envejecido\/\" \/>\n<meta property=\"og:site_name\" content=\"Aceto Balsamico Shop - Espa\u00f1a\" \/>\n<meta property=\"article:modified_time\" content=\"2026-04-30T19:57:51+00:00\" \/>\n<meta property=\"og:image\" content=\"https:\/\/balsamico.shop\/es\/wp-content\/uploads\/2020\/04\/giuseppe-cremonini-aceto-balsamico-di-modena-invecchiato-5-trauben-aged.jpg\" \/>\n\t<meta property=\"og:image:width\" content=\"1600\" \/>\n\t<meta property=\"og:image:height\" content=\"1872\" \/>\n\t<meta property=\"og:image:type\" content=\"image\/jpeg\" \/>\n<meta name=\"twitter:card\" content=\"summary_large_image\" \/>\n<meta name=\"twitter:label1\" content=\"Tiempo de lectura\" \/>\n\t<meta name=\"twitter:data1\" content=\"4 minutos\" \/>\n<script type=\"application\/ld+json\" class=\"yoast-schema-graph\">{\"@context\":\"https:\\\/\\\/schema.org\",\"@graph\":[{\"@type\":\"WebPage\",\"@id\":\"https:\\\/\\\/balsamico.shop\\\/es\\\/producto\\\/giuseppe-cremonini-aceto-balsamico-di-modena-invecchiato-5-uvas-envejecido\\\/\",\"url\":\"https:\\\/\\\/balsamico.shop\\\/es\\\/producto\\\/giuseppe-cremonini-aceto-balsamico-di-modena-invecchiato-5-uvas-envejecido\\\/\",\"name\":\"Aceto Balsamico di Modena I.G.P. - Invecchiato - Cremonini - Aceto Balsamico Shop - Espa\u00f1a\",\"isPartOf\":{\"@id\":\"https:\\\/\\\/balsamico.shop\\\/es\\\/#website\"},\"primaryImageOfPage\":{\"@id\":\"https:\\\/\\\/balsamico.shop\\\/es\\\/producto\\\/giuseppe-cremonini-aceto-balsamico-di-modena-invecchiato-5-uvas-envejecido\\\/#primaryimage\"},\"image\":{\"@id\":\"https:\\\/\\\/balsamico.shop\\\/es\\\/producto\\\/giuseppe-cremonini-aceto-balsamico-di-modena-invecchiato-5-uvas-envejecido\\\/#primaryimage\"},\"thumbnailUrl\":\"https:\\\/\\\/balsamico.shop\\\/es\\\/wp-content\\\/uploads\\\/2020\\\/04\\\/giuseppe-cremonini-aceto-balsamico-di-modena-invecchiato-5-trauben-aged.jpg\",\"datePublished\":\"2020-04-19T12:34:20+00:00\",\"dateModified\":\"2026-04-30T19:57:51+00:00\",\"breadcrumb\":{\"@id\":\"https:\\\/\\\/balsamico.shop\\\/es\\\/producto\\\/giuseppe-cremonini-aceto-balsamico-di-modena-invecchiato-5-uvas-envejecido\\\/#breadcrumb\"},\"inLanguage\":\"es\",\"potentialAction\":[{\"@type\":\"ReadAction\",\"target\":[\"https:\\\/\\\/balsamico.shop\\\/es\\\/producto\\\/giuseppe-cremonini-aceto-balsamico-di-modena-invecchiato-5-uvas-envejecido\\\/\"]}]},{\"@type\":\"ImageObject\",\"inLanguage\":\"es\",\"@id\":\"https:\\\/\\\/balsamico.shop\\\/es\\\/producto\\\/giuseppe-cremonini-aceto-balsamico-di-modena-invecchiato-5-uvas-envejecido\\\/#primaryimage\",\"url\":\"https:\\\/\\\/balsamico.shop\\\/es\\\/wp-content\\\/uploads\\\/2020\\\/04\\\/giuseppe-cremonini-aceto-balsamico-di-modena-invecchiato-5-trauben-aged.jpg\",\"contentUrl\":\"https:\\\/\\\/balsamico.shop\\\/es\\\/wp-content\\\/uploads\\\/2020\\\/04\\\/giuseppe-cremonini-aceto-balsamico-di-modena-invecchiato-5-trauben-aged.jpg\",\"width\":1600,\"height\":1872},{\"@type\":\"BreadcrumbList\",\"@id\":\"https:\\\/\\\/balsamico.shop\\\/es\\\/producto\\\/giuseppe-cremonini-aceto-balsamico-di-modena-invecchiato-5-uvas-envejecido\\\/#breadcrumb\",\"itemListElement\":[{\"@type\":\"ListItem\",\"position\":1,\"name\":\"Home\",\"item\":\"https:\\\/\\\/balsamico.shop\\\/es\\\/\"},{\"@type\":\"ListItem\",\"position\":2,\"name\":\"Vinagre bals\u00e1mico de M\u00f3dena &#8211; Tienda Online\",\"item\":\"https:\\\/\\\/balsamico.shop\\\/es\\\/shop\\\/\"},{\"@type\":\"ListItem\",\"position\":3,\"name\":\"Aceto Balsamico di Modena I.G.P. &#8211; Invecchiato &#8211; Cremonini\"}]},{\"@type\":\"WebSite\",\"@id\":\"https:\\\/\\\/balsamico.shop\\\/es\\\/#website\",\"url\":\"https:\\\/\\\/balsamico.shop\\\/es\\\/\",\"name\":\"Aceto Balsamico Shop - Espa\u00f1a\",\"description\":\"Comprar vinagre bals\u00e1mico de M\u00f3dena y Reggio Emilia\",\"potentialAction\":[{\"@type\":\"SearchAction\",\"target\":{\"@type\":\"EntryPoint\",\"urlTemplate\":\"https:\\\/\\\/balsamico.shop\\\/es\\\/?s={search_term_string}\"},\"query-input\":{\"@type\":\"PropertyValueSpecification\",\"valueRequired\":true,\"valueName\":\"search_term_string\"}}],\"inLanguage\":\"es\"}]}<\/script>\n<!-- \/ Yoast SEO plugin. -->","yoast_head_json":{"title":"Aceto Balsamico di Modena I.G.P. - Invecchiato - Cremonini - Aceto Balsamico Shop - Espa\u00f1a","robots":{"index":"index","follow":"follow","max-snippet":"max-snippet:-1","max-image-preview":"max-image-preview:large","max-video-preview":"max-video-preview:-1"},"canonical":"https:\/\/balsamico.shop\/es\/producto\/giuseppe-cremonini-aceto-balsamico-di-modena-invecchiato-5-uvas-envejecido\/","og_locale":"es_ES","og_type":"article","og_title":"Aceto Balsamico di Modena I.G.P. - Invecchiato - Cremonini - Aceto Balsamico Shop - Espa\u00f1a","og_description":"Este Vinagre Bals\u00e1mico de M\u00f3dena IGP envejecido por la bodega Giuseppe Cremonini fue elegido ganador del concurso de la revista alemana \u00d6KO-TEST en su n\u00famero de julio de 2021. Fue proclamado ganador con una calificaci\u00f3n global de \u00abmuy bueno\u00ab. En 2020, este vinagre bals\u00e1mico IGP fue elegido ganador del concurso Stiftung Warentest con una puntuaci\u00f3n de 1,6. En esa ocasi\u00f3n, se sometieron a prueba 27 vinagres bals\u00e1micos IGP diferentes, todos ellos de precio medio-bajo. Los vinagres Cremonini suelen encontrarse tambi\u00e9n en algunos supermercados. Sin embargo, este producto es bastante raro y es dif\u00edcil encontrarlo en las tiendas, porque se trata de la variedad de 5 uvas con el a\u00f1adido \u00abInvecchiato\u00ab, que no debe confundirse con la versi\u00f3n m\u00e1s barata de 5 uvas sin el a\u00f1adido \u00abInvecchiato\u00ab. Para mayor seguridad, compruebe siempre la parte posterior de la botella. Este bals\u00e1mico tiene una densidad de 1,33. S\u00f3lo en muy raras ocasiones un bals\u00e1mico IGP alcanza esta alta densidad y, por tanto, tiene una consistencia de jarabe. El alto porcentaje de mosto de uva cocido y el tiempo de maduraci\u00f3n en barrica son decisivos para conseguir esta caracter\u00edstica. Se produce sin aromas artificiales ni conservantes. S\u00f3lo el Aceto Balsamico Tradizionale de Cremonini puede superar a este vinagre bals\u00e1mico entre los productos de Cremonini. Este bals\u00e1mico est\u00e1 especialmente indicado para pescado, queso curado, verdura y fruta. Giuseppe Cremonini produce en el peque\u00f1o pueblo de Spilamberto, a pocos kil\u00f3metros al sureste de M\u00f3dena. Entre los conocedores del vinagre, Spilamberto es la verdadera capital del vinagre bals\u00e1mico. Tambi\u00e9n es la sede del famoso Museo de Vinagre Bals\u00e1mico Tradicional y de la Gota Bals\u00e1mica (la Goccia balsamica). Spilamberto tambi\u00e9n acoge una vez al a\u00f1o el concurso de vinagre bals\u00e1mico m\u00e1s famoso del mundo: el Palio de San Giovanni. Nuestro consejo veraniego: \u00a1puedes utilizar este bals\u00e1mico para hacer un spritz bals\u00e1mico! A\u00f1ada unas 2 cucharaditas de bals\u00e1mico a un vaso (0,33) de agua mineral fresca con gas, remu\u00e9valo un poco y listo. Una bebida veraniega, agridulce y refrescante para regular el equilibrio del pH y refrescarse en los calurosos d\u00edas de verano. Informaci\u00f3n sobre el producto: Envejecimiento: madurado durante al menos 3 a\u00f1os en barricas de madera. Densidad: 1,33 &#8211; calidad superior (consistencia densa\/viscosa) Color: marr\u00f3n oscuro intenso Aroma: agradable, acidez no picante, ligera nota de barrica, persistencia intensa. Sabor e intensidad: sabor dulce e intenso con un toque de vainilla y acidez bien integrada. Conservaci\u00f3n: conservar en lugar fresco y seco, al abrigo de la luz y el calor. Pa\u00eds de origen: Italia Lugar de producci\u00f3n y de transformaci\u00f3n: Spilamberto, Italia Denominaci\u00f3n protegida: IGP (Indicaci\u00f3n Geogr\u00e1fica Protegida). Denominaci\u00f3n protegida por: Reglamento (CE) n\u00ba 583\/2009 &#8211; Vinagre Bals\u00e1mico de M\u00f3dena. Vertedor: integrado, silicona Cantidad: 250 mililitros Ingredientes: 6% \u00e1cido, mosto de uva cocido, vinagre de vino. Sin colorante \/ caramelo Nota: contiene sulfitos V\u00eddeo informativo: Vinagre bals\u00e1mico de M\u00f3dena Otros apelativos &#8211; que pueden ser asignados a este producto: Cremonini Bals\u00e1mico a las 5 Uvas Aceto Balsamico Modena 5 GP Aged Aceto Balsamico di Modena I.G.P. Invecchiato Envejecido, [&hellip;]","og_url":"https:\/\/balsamico.shop\/es\/producto\/giuseppe-cremonini-aceto-balsamico-di-modena-invecchiato-5-uvas-envejecido\/","og_site_name":"Aceto Balsamico Shop - Espa\u00f1a","article_modified_time":"2026-04-30T19:57:51+00:00","og_image":[{"width":1600,"height":1872,"url":"https:\/\/balsamico.shop\/es\/wp-content\/uploads\/2020\/04\/giuseppe-cremonini-aceto-balsamico-di-modena-invecchiato-5-trauben-aged.jpg","type":"image\/jpeg"}],"twitter_card":"summary_large_image","twitter_misc":{"Tiempo de lectura":"4 minutos"},"schema":{"@context":"https:\/\/schema.org","@graph":[{"@type":"WebPage","@id":"https:\/\/balsamico.shop\/es\/producto\/giuseppe-cremonini-aceto-balsamico-di-modena-invecchiato-5-uvas-envejecido\/","url":"https:\/\/balsamico.shop\/es\/producto\/giuseppe-cremonini-aceto-balsamico-di-modena-invecchiato-5-uvas-envejecido\/","name":"Aceto Balsamico di Modena I.G.P. - Invecchiato - Cremonini - Aceto Balsamico Shop - Espa\u00f1a","isPartOf":{"@id":"https:\/\/balsamico.shop\/es\/#website"},"primaryImageOfPage":{"@id":"https:\/\/balsamico.shop\/es\/producto\/giuseppe-cremonini-aceto-balsamico-di-modena-invecchiato-5-uvas-envejecido\/#primaryimage"},"image":{"@id":"https:\/\/balsamico.shop\/es\/producto\/giuseppe-cremonini-aceto-balsamico-di-modena-invecchiato-5-uvas-envejecido\/#primaryimage"},"thumbnailUrl":"https:\/\/balsamico.shop\/es\/wp-content\/uploads\/2020\/04\/giuseppe-cremonini-aceto-balsamico-di-modena-invecchiato-5-trauben-aged.jpg","datePublished":"2020-04-19T12:34:20+00:00","dateModified":"2026-04-30T19:57:51+00:00","breadcrumb":{"@id":"https:\/\/balsamico.shop\/es\/producto\/giuseppe-cremonini-aceto-balsamico-di-modena-invecchiato-5-uvas-envejecido\/#breadcrumb"},"inLanguage":"es","potentialAction":[{"@type":"ReadAction","target":["https:\/\/balsamico.shop\/es\/producto\/giuseppe-cremonini-aceto-balsamico-di-modena-invecchiato-5-uvas-envejecido\/"]}]},{"@type":"ImageObject","inLanguage":"es","@id":"https:\/\/balsamico.shop\/es\/producto\/giuseppe-cremonini-aceto-balsamico-di-modena-invecchiato-5-uvas-envejecido\/#primaryimage","url":"https:\/\/balsamico.shop\/es\/wp-content\/uploads\/2020\/04\/giuseppe-cremonini-aceto-balsamico-di-modena-invecchiato-5-trauben-aged.jpg","contentUrl":"https:\/\/balsamico.shop\/es\/wp-content\/uploads\/2020\/04\/giuseppe-cremonini-aceto-balsamico-di-modena-invecchiato-5-trauben-aged.jpg","width":1600,"height":1872},{"@type":"BreadcrumbList","@id":"https:\/\/balsamico.shop\/es\/producto\/giuseppe-cremonini-aceto-balsamico-di-modena-invecchiato-5-uvas-envejecido\/#breadcrumb","itemListElement":[{"@type":"ListItem","position":1,"name":"Home","item":"https:\/\/balsamico.shop\/es\/"},{"@type":"ListItem","position":2,"name":"Vinagre bals\u00e1mico de M\u00f3dena &#8211; Tienda Online","item":"https:\/\/balsamico.shop\/es\/shop\/"},{"@type":"ListItem","position":3,"name":"Aceto Balsamico di Modena I.G.P. &#8211; Invecchiato &#8211; Cremonini"}]},{"@type":"WebSite","@id":"https:\/\/balsamico.shop\/es\/#website","url":"https:\/\/balsamico.shop\/es\/","name":"Aceto Balsamico Shop - Espa\u00f1a","description":"Comprar vinagre bals\u00e1mico de M\u00f3dena y Reggio Emilia","potentialAction":[{"@type":"SearchAction","target":{"@type":"EntryPoint","urlTemplate":"https:\/\/balsamico.shop\/es\/?s={search_term_string}"},"query-input":{"@type":"PropertyValueSpecification","valueRequired":true,"valueName":"search_term_string"}}],"inLanguage":"es"}]}},"_links":{"self":[{"href":"https:\/\/balsamico.shop\/es\/wp-json\/wp\/v2\/product\/1927","targetHints":{"allow":["GET"]}}],"collection":[{"href":"https:\/\/balsamico.shop\/es\/wp-json\/wp\/v2\/product"}],"about":[{"href":"https:\/\/balsamico.shop\/es\/wp-json\/wp\/v2\/types\/product"}],"wp:featuredmedia":[{"embeddable":true,"href":"https:\/\/balsamico.shop\/es\/wp-json\/wp\/v2\/media\/1928"}],"wp:attachment":[{"href":"https:\/\/balsamico.shop\/es\/wp-json\/wp\/v2\/media?parent=1927"}],"wp:term":[{"taxonomy":"product_brand","embeddable":true,"href":"https:\/\/balsamico.shop\/es\/wp-json\/wp\/v2\/product_brand?post=1927"},{"taxonomy":"product_cat","embeddable":true,"href":"https:\/\/balsamico.shop\/es\/wp-json\/wp\/v2\/product_cat?post=1927"},{"taxonomy":"product_tag","embeddable":true,"href":"https:\/\/balsamico.shop\/es\/wp-json\/wp\/v2\/product_tag?post=1927"}],"curies":[{"name":"wp","href":"https:\/\/api.w.org\/{rel}","templated":true}]}}