{"id":1905,"date":"2016-10-02T16:54:11","date_gmt":"2016-10-02T14:54:11","guid":{"rendered":"https:\/\/balsamico.shop\/es\/?post_type=product&#038;p=1905"},"modified":"2024-07-15T17:47:14","modified_gmt":"2024-07-15T15:47:14","slug":"vinagre-balsamico-tradicional-modena-extra-vecchio-premium-pedroni","status":"publish","type":"product","link":"https:\/\/balsamico.shop\/es\/producto\/vinagre-balsamico-tradicional-modena-extra-vecchio-premium-pedroni\/","title":{"rendered":"Vinagre Bals\u00e1mico Tradicional de Modena &#8211; Extra Vecchio Premium &#8211; Pedroni"},"content":{"rendered":"<p><img loading=\"lazy\" decoding=\"async\" class=\"size-medium wp-image-396 alignright\" src=\"https:\/\/balsamico.shop\/de\/wp-content\/uploads\/2016\/10\/pedroni-199x300.png\" alt=\"pedroni\" width=\"199\" height=\"300\" srcset=\"https:\/\/balsamico.shop\/es\/wp-content\/uploads\/2016\/10\/pedroni-199x300.png 199w, https:\/\/balsamico.shop\/es\/wp-content\/uploads\/2016\/10\/pedroni.png 215w\" sizes=\"auto, (max-width: 199px) 100vw, 199px\" \/><strong>Este producto es la definici\u00f3n de Aceto Balsamico<\/strong>. Si quiere saber a qu\u00e9 debe saber el original, pruebe esta exquisita gota de los barriles familiares de la familia Pedroni de M\u00f3dena. El bals\u00e1mico de esta antigua bater\u00eda de barricas, cuyos or\u00edgenes se remontan a 1862, define el producto epic\u00fareo que ha ganado varios premios a lo largo de las d\u00e9cadas y que ahora se conoce como el \u00ab<strong>Aceto Balsamico Tradizionale di Modena DOP extra vecchio<\/strong>\u00ab. Un producto de calidad irreproducible caracterizado por una paciencia y una pasi\u00f3n infinitas. La bater\u00eda de barricas de la familia Pedroni, de la que procede este vinagre bals\u00e1mico, est\u00e1 formada por barricas antiguas de roble y casta\u00f1o. Algunas de estas barricas llevan m\u00e1s de 100 a\u00f1os en uso y dan a este producto llamado <strong>Cesare<\/strong> su inconfundible y genuino sabor. El bals\u00e1mico de estas barricas ha sido sometido a un m\u00ednimo de 50 trasvases. Dado que s\u00f3lo se realiza una transferencia al a\u00f1o, esto da lugar a un periodo de maduraci\u00f3n de al menos 50 a\u00f1os. <strong>Cesare Pedroni<\/strong>, bisabuelo de Giuseppe III Pedroni, fue la primera generaci\u00f3n de Pedronis que profesionaliz\u00f3 la producci\u00f3n de vinagre bals\u00e1mico en Rubbiara, cerca de M\u00f3dena, adem\u00e1s de dirigir su propia osteria. Gracias a su pasi\u00f3n por el Aceto Balsamico, construy\u00f3 un futuro seguro para su familia.<\/p>\n<blockquote><p>La calidad se sigue recordando cuando el precio hace tiempo que se ha olvidado. Aldo Gucci<\/p><\/blockquote>\n<p>A este producto se le aplica un pedido m\u00e1ximo de 1 botella por persona, mientras no se agoten las existencias.<\/p>\n<p><strong>Ingredientes<\/strong>: 100% mosto de uva del Trebbiano di Spagna.<\/p>\n<p><strong>Nota<\/strong>: Se trata de un producto 100% natural y sin aditivos.<\/p>\n<p>Productor:<br \/>\nAz. Agr. Pedroni<br \/>\nVia Risaia, 6<br \/>\nRubbiara di Nonantola<br \/>\n41015 Modena<br \/>\nItalia<\/p>\n","protected":false},"excerpt":{"rendered":"<p>Este producto es la definici\u00f3n de Aceto Balsamico. Si quiere saber a qu\u00e9 debe saber el original, pruebe esta exquisita gota de los barriles familiares de la familia Pedroni de M\u00f3dena. El bals\u00e1mico de esta antigua bater\u00eda de barricas, cuyos or\u00edgenes se remontan a 1862, define el producto epic\u00fareo que ha ganado varios premios a lo largo de las d\u00e9cadas y que ahora se conoce como el \u00abAceto Balsamico Tradizionale di Modena DOP extra vecchio\u00ab. Un producto de calidad irreproducible caracterizado por una paciencia y una pasi\u00f3n infinitas. La bater\u00eda de barricas de la familia Pedroni, de la que procede este vinagre bals\u00e1mico, est\u00e1 formada por barricas antiguas de roble y casta\u00f1o. Algunas de estas barricas llevan m\u00e1s de 100 a\u00f1os en uso y dan a este producto llamado Cesare su inconfundible y genuino sabor. El bals\u00e1mico de estas barricas ha sido sometido a un m\u00ednimo de 50 trasvases. Dado que s\u00f3lo se realiza una transferencia al a\u00f1o, esto da lugar a un periodo de maduraci\u00f3n de al menos 50 a\u00f1os. Cesare Pedroni, bisabuelo de Giuseppe III Pedroni, fue la primera generaci\u00f3n de Pedronis que profesionaliz\u00f3 la producci\u00f3n de vinagre bals\u00e1mico en Rubbiara, cerca de M\u00f3dena, adem\u00e1s de dirigir su propia osteria. Gracias a su pasi\u00f3n por el Aceto Balsamico, construy\u00f3 un futuro seguro para su familia. La calidad se sigue recordando cuando el precio hace tiempo que se ha olvidado. Aldo Gucci A este producto se le aplica un pedido m\u00e1ximo de 1 botella por persona, mientras no se agoten las existencias. Ingredientes: 100% mosto de uva del Trebbiano di Spagna. Nota: Se trata de un producto 100% natural y sin aditivos. Productor: Az. Agr. Pedroni Via Risaia, 6 Rubbiara di Nonantola 41015 Modena Italia<\/p>\n","protected":false},"featured_media":1953,"template":"","meta":[],"product_brand":[],"product_cat":[32],"product_tag":[75,74],"class_list":{"0":"post-1905","1":"product","2":"type-product","3":"status-publish","4":"has-post-thumbnail","6":"product_cat-pedroni","7":"product_tag-vinagre-modena","8":"product_tag-vinagre-25-anos","9":"product_shipping_class-ueber-100","11":"first","12":"outofstock","13":"taxable","14":"shipping-taxable","15":"purchasable","16":"product-type-simple"},"bundle_layout":"","bundled_by":[],"bundled_items":[],"yoast_head":"<!-- This site is optimized with the Yoast SEO plugin v27.3 - https:\/\/yoast.com\/product\/yoast-seo-wordpress\/ -->\n<title>Vinagre Bals\u00e1mico Tradicional de Modena - Extra Vecchio Premium - Pedroni<\/title>\n<meta name=\"robots\" content=\"index, follow, max-snippet:-1, max-image-preview:large, max-video-preview:-1\" \/>\n<link rel=\"canonical\" href=\"https:\/\/balsamico.shop\/es\/producto\/vinagre-balsamico-tradicional-modena-extra-vecchio-premium-pedroni\/\" \/>\n<meta property=\"og:locale\" content=\"es_ES\" \/>\n<meta property=\"og:type\" content=\"article\" \/>\n<meta property=\"og:title\" content=\"Vinagre Bals\u00e1mico Tradicional de Modena - Extra Vecchio Premium - Pedroni\" \/>\n<meta property=\"og:description\" content=\"Este producto es la definici\u00f3n de Aceto Balsamico. Si quiere saber a qu\u00e9 debe saber el original, pruebe esta exquisita gota de los barriles familiares de la familia Pedroni de M\u00f3dena. El bals\u00e1mico de esta antigua bater\u00eda de barricas, cuyos or\u00edgenes se remontan a 1862, define el producto epic\u00fareo que ha ganado varios premios a lo largo de las d\u00e9cadas y que ahora se conoce como el \u00abAceto Balsamico Tradizionale di Modena DOP extra vecchio\u00ab. Un producto de calidad irreproducible caracterizado por una paciencia y una pasi\u00f3n infinitas. La bater\u00eda de barricas de la familia Pedroni, de la que procede este vinagre bals\u00e1mico, est\u00e1 formada por barricas antiguas de roble y casta\u00f1o. Algunas de estas barricas llevan m\u00e1s de 100 a\u00f1os en uso y dan a este producto llamado Cesare su inconfundible y genuino sabor. El bals\u00e1mico de estas barricas ha sido sometido a un m\u00ednimo de 50 trasvases. Dado que s\u00f3lo se realiza una transferencia al a\u00f1o, esto da lugar a un periodo de maduraci\u00f3n de al menos 50 a\u00f1os. Cesare Pedroni, bisabuelo de Giuseppe III Pedroni, fue la primera generaci\u00f3n de Pedronis que profesionaliz\u00f3 la producci\u00f3n de vinagre bals\u00e1mico en Rubbiara, cerca de M\u00f3dena, adem\u00e1s de dirigir su propia osteria. Gracias a su pasi\u00f3n por el Aceto Balsamico, construy\u00f3 un futuro seguro para su familia. La calidad se sigue recordando cuando el precio hace tiempo que se ha olvidado. Aldo Gucci A este producto se le aplica un pedido m\u00e1ximo de 1 botella por persona, mientras no se agoten las existencias. Ingredientes: 100% mosto de uva del Trebbiano di Spagna. Nota: Se trata de un producto 100% natural y sin aditivos. Productor: Az. Agr. Pedroni Via Risaia, 6 Rubbiara di Nonantola 41015 Modena Italia\" \/>\n<meta property=\"og:url\" content=\"https:\/\/balsamico.shop\/es\/producto\/vinagre-balsamico-tradicional-modena-extra-vecchio-premium-pedroni\/\" \/>\n<meta property=\"og:site_name\" content=\"Aceto Balsamico Shop - Espa\u00f1a\" \/>\n<meta property=\"article:modified_time\" content=\"2024-07-15T15:47:14+00:00\" \/>\n<meta property=\"og:image\" content=\"https:\/\/balsamico.shop\/es\/wp-content\/uploads\/2016\/10\/pedroni-aceto-balsamico-tradizionale-extravecchio-cesare-1.jpg\" \/>\n\t<meta property=\"og:image:width\" content=\"1600\" \/>\n\t<meta property=\"og:image:height\" content=\"1872\" \/>\n\t<meta property=\"og:image:type\" content=\"image\/jpeg\" \/>\n<meta name=\"twitter:card\" content=\"summary_large_image\" \/>\n<meta name=\"twitter:label1\" content=\"Tiempo de lectura\" \/>\n\t<meta name=\"twitter:data1\" content=\"2 minutos\" \/>\n<script type=\"application\/ld+json\" class=\"yoast-schema-graph\">{\"@context\":\"https:\\\/\\\/schema.org\",\"@graph\":[{\"@type\":\"WebPage\",\"@id\":\"https:\\\/\\\/balsamico.shop\\\/es\\\/producto\\\/vinagre-balsamico-tradicional-modena-extra-vecchio-premium-pedroni\\\/\",\"url\":\"https:\\\/\\\/balsamico.shop\\\/es\\\/producto\\\/vinagre-balsamico-tradicional-modena-extra-vecchio-premium-pedroni\\\/\",\"name\":\"Vinagre Bals\u00e1mico Tradicional de Modena - Extra Vecchio Premium - Pedroni\",\"isPartOf\":{\"@id\":\"https:\\\/\\\/balsamico.shop\\\/es\\\/#website\"},\"primaryImageOfPage\":{\"@id\":\"https:\\\/\\\/balsamico.shop\\\/es\\\/producto\\\/vinagre-balsamico-tradicional-modena-extra-vecchio-premium-pedroni\\\/#primaryimage\"},\"image\":{\"@id\":\"https:\\\/\\\/balsamico.shop\\\/es\\\/producto\\\/vinagre-balsamico-tradicional-modena-extra-vecchio-premium-pedroni\\\/#primaryimage\"},\"thumbnailUrl\":\"https:\\\/\\\/balsamico.shop\\\/es\\\/wp-content\\\/uploads\\\/2016\\\/10\\\/pedroni-aceto-balsamico-tradizionale-extravecchio-cesare-1.jpg\",\"datePublished\":\"2016-10-02T14:54:11+00:00\",\"dateModified\":\"2024-07-15T15:47:14+00:00\",\"breadcrumb\":{\"@id\":\"https:\\\/\\\/balsamico.shop\\\/es\\\/producto\\\/vinagre-balsamico-tradicional-modena-extra-vecchio-premium-pedroni\\\/#breadcrumb\"},\"inLanguage\":\"es\",\"potentialAction\":[{\"@type\":\"ReadAction\",\"target\":[\"https:\\\/\\\/balsamico.shop\\\/es\\\/producto\\\/vinagre-balsamico-tradicional-modena-extra-vecchio-premium-pedroni\\\/\"]}]},{\"@type\":\"ImageObject\",\"inLanguage\":\"es\",\"@id\":\"https:\\\/\\\/balsamico.shop\\\/es\\\/producto\\\/vinagre-balsamico-tradicional-modena-extra-vecchio-premium-pedroni\\\/#primaryimage\",\"url\":\"https:\\\/\\\/balsamico.shop\\\/es\\\/wp-content\\\/uploads\\\/2016\\\/10\\\/pedroni-aceto-balsamico-tradizionale-extravecchio-cesare-1.jpg\",\"contentUrl\":\"https:\\\/\\\/balsamico.shop\\\/es\\\/wp-content\\\/uploads\\\/2016\\\/10\\\/pedroni-aceto-balsamico-tradizionale-extravecchio-cesare-1.jpg\",\"width\":1600,\"height\":1872},{\"@type\":\"BreadcrumbList\",\"@id\":\"https:\\\/\\\/balsamico.shop\\\/es\\\/producto\\\/vinagre-balsamico-tradicional-modena-extra-vecchio-premium-pedroni\\\/#breadcrumb\",\"itemListElement\":[{\"@type\":\"ListItem\",\"position\":1,\"name\":\"Home\",\"item\":\"https:\\\/\\\/balsamico.shop\\\/es\\\/\"},{\"@type\":\"ListItem\",\"position\":2,\"name\":\"Vinagre bals\u00e1mico de M\u00f3dena &#8211; Tienda Online\",\"item\":\"https:\\\/\\\/balsamico.shop\\\/es\\\/shop\\\/\"},{\"@type\":\"ListItem\",\"position\":3,\"name\":\"Vinagre Bals\u00e1mico Tradicional de Modena &#8211; Extra Vecchio Premium &#8211; Pedroni\"}]},{\"@type\":\"WebSite\",\"@id\":\"https:\\\/\\\/balsamico.shop\\\/es\\\/#website\",\"url\":\"https:\\\/\\\/balsamico.shop\\\/es\\\/\",\"name\":\"Aceto Balsamico Shop - Espa\u00f1a\",\"description\":\"Comprar vinagre bals\u00e1mico de M\u00f3dena y Reggio Emilia\",\"potentialAction\":[{\"@type\":\"SearchAction\",\"target\":{\"@type\":\"EntryPoint\",\"urlTemplate\":\"https:\\\/\\\/balsamico.shop\\\/es\\\/?s={search_term_string}\"},\"query-input\":{\"@type\":\"PropertyValueSpecification\",\"valueRequired\":true,\"valueName\":\"search_term_string\"}}],\"inLanguage\":\"es\"}]}<\/script>\n<!-- \/ Yoast SEO plugin. -->","yoast_head_json":{"title":"Vinagre Bals\u00e1mico Tradicional de Modena - Extra Vecchio Premium - Pedroni","robots":{"index":"index","follow":"follow","max-snippet":"max-snippet:-1","max-image-preview":"max-image-preview:large","max-video-preview":"max-video-preview:-1"},"canonical":"https:\/\/balsamico.shop\/es\/producto\/vinagre-balsamico-tradicional-modena-extra-vecchio-premium-pedroni\/","og_locale":"es_ES","og_type":"article","og_title":"Vinagre Bals\u00e1mico Tradicional de Modena - Extra Vecchio Premium - Pedroni","og_description":"Este producto es la definici\u00f3n de Aceto Balsamico. Si quiere saber a qu\u00e9 debe saber el original, pruebe esta exquisita gota de los barriles familiares de la familia Pedroni de M\u00f3dena. El bals\u00e1mico de esta antigua bater\u00eda de barricas, cuyos or\u00edgenes se remontan a 1862, define el producto epic\u00fareo que ha ganado varios premios a lo largo de las d\u00e9cadas y que ahora se conoce como el \u00abAceto Balsamico Tradizionale di Modena DOP extra vecchio\u00ab. Un producto de calidad irreproducible caracterizado por una paciencia y una pasi\u00f3n infinitas. La bater\u00eda de barricas de la familia Pedroni, de la que procede este vinagre bals\u00e1mico, est\u00e1 formada por barricas antiguas de roble y casta\u00f1o. Algunas de estas barricas llevan m\u00e1s de 100 a\u00f1os en uso y dan a este producto llamado Cesare su inconfundible y genuino sabor. El bals\u00e1mico de estas barricas ha sido sometido a un m\u00ednimo de 50 trasvases. Dado que s\u00f3lo se realiza una transferencia al a\u00f1o, esto da lugar a un periodo de maduraci\u00f3n de al menos 50 a\u00f1os. Cesare Pedroni, bisabuelo de Giuseppe III Pedroni, fue la primera generaci\u00f3n de Pedronis que profesionaliz\u00f3 la producci\u00f3n de vinagre bals\u00e1mico en Rubbiara, cerca de M\u00f3dena, adem\u00e1s de dirigir su propia osteria. Gracias a su pasi\u00f3n por el Aceto Balsamico, construy\u00f3 un futuro seguro para su familia. La calidad se sigue recordando cuando el precio hace tiempo que se ha olvidado. Aldo Gucci A este producto se le aplica un pedido m\u00e1ximo de 1 botella por persona, mientras no se agoten las existencias. Ingredientes: 100% mosto de uva del Trebbiano di Spagna. Nota: Se trata de un producto 100% natural y sin aditivos. Productor: Az. Agr. Pedroni Via Risaia, 6 Rubbiara di Nonantola 41015 Modena Italia","og_url":"https:\/\/balsamico.shop\/es\/producto\/vinagre-balsamico-tradicional-modena-extra-vecchio-premium-pedroni\/","og_site_name":"Aceto Balsamico Shop - Espa\u00f1a","article_modified_time":"2024-07-15T15:47:14+00:00","og_image":[{"width":1600,"height":1872,"url":"https:\/\/balsamico.shop\/es\/wp-content\/uploads\/2016\/10\/pedroni-aceto-balsamico-tradizionale-extravecchio-cesare-1.jpg","type":"image\/jpeg"}],"twitter_card":"summary_large_image","twitter_misc":{"Tiempo de lectura":"2 minutos"},"schema":{"@context":"https:\/\/schema.org","@graph":[{"@type":"WebPage","@id":"https:\/\/balsamico.shop\/es\/producto\/vinagre-balsamico-tradicional-modena-extra-vecchio-premium-pedroni\/","url":"https:\/\/balsamico.shop\/es\/producto\/vinagre-balsamico-tradicional-modena-extra-vecchio-premium-pedroni\/","name":"Vinagre Bals\u00e1mico Tradicional de Modena - Extra Vecchio Premium - Pedroni","isPartOf":{"@id":"https:\/\/balsamico.shop\/es\/#website"},"primaryImageOfPage":{"@id":"https:\/\/balsamico.shop\/es\/producto\/vinagre-balsamico-tradicional-modena-extra-vecchio-premium-pedroni\/#primaryimage"},"image":{"@id":"https:\/\/balsamico.shop\/es\/producto\/vinagre-balsamico-tradicional-modena-extra-vecchio-premium-pedroni\/#primaryimage"},"thumbnailUrl":"https:\/\/balsamico.shop\/es\/wp-content\/uploads\/2016\/10\/pedroni-aceto-balsamico-tradizionale-extravecchio-cesare-1.jpg","datePublished":"2016-10-02T14:54:11+00:00","dateModified":"2024-07-15T15:47:14+00:00","breadcrumb":{"@id":"https:\/\/balsamico.shop\/es\/producto\/vinagre-balsamico-tradicional-modena-extra-vecchio-premium-pedroni\/#breadcrumb"},"inLanguage":"es","potentialAction":[{"@type":"ReadAction","target":["https:\/\/balsamico.shop\/es\/producto\/vinagre-balsamico-tradicional-modena-extra-vecchio-premium-pedroni\/"]}]},{"@type":"ImageObject","inLanguage":"es","@id":"https:\/\/balsamico.shop\/es\/producto\/vinagre-balsamico-tradicional-modena-extra-vecchio-premium-pedroni\/#primaryimage","url":"https:\/\/balsamico.shop\/es\/wp-content\/uploads\/2016\/10\/pedroni-aceto-balsamico-tradizionale-extravecchio-cesare-1.jpg","contentUrl":"https:\/\/balsamico.shop\/es\/wp-content\/uploads\/2016\/10\/pedroni-aceto-balsamico-tradizionale-extravecchio-cesare-1.jpg","width":1600,"height":1872},{"@type":"BreadcrumbList","@id":"https:\/\/balsamico.shop\/es\/producto\/vinagre-balsamico-tradicional-modena-extra-vecchio-premium-pedroni\/#breadcrumb","itemListElement":[{"@type":"ListItem","position":1,"name":"Home","item":"https:\/\/balsamico.shop\/es\/"},{"@type":"ListItem","position":2,"name":"Vinagre bals\u00e1mico de M\u00f3dena &#8211; Tienda Online","item":"https:\/\/balsamico.shop\/es\/shop\/"},{"@type":"ListItem","position":3,"name":"Vinagre Bals\u00e1mico Tradicional de Modena &#8211; Extra Vecchio Premium &#8211; Pedroni"}]},{"@type":"WebSite","@id":"https:\/\/balsamico.shop\/es\/#website","url":"https:\/\/balsamico.shop\/es\/","name":"Aceto Balsamico Shop - Espa\u00f1a","description":"Comprar vinagre bals\u00e1mico de M\u00f3dena y Reggio Emilia","potentialAction":[{"@type":"SearchAction","target":{"@type":"EntryPoint","urlTemplate":"https:\/\/balsamico.shop\/es\/?s={search_term_string}"},"query-input":{"@type":"PropertyValueSpecification","valueRequired":true,"valueName":"search_term_string"}}],"inLanguage":"es"}]}},"_links":{"self":[{"href":"https:\/\/balsamico.shop\/es\/wp-json\/wp\/v2\/product\/1905","targetHints":{"allow":["GET"]}}],"collection":[{"href":"https:\/\/balsamico.shop\/es\/wp-json\/wp\/v2\/product"}],"about":[{"href":"https:\/\/balsamico.shop\/es\/wp-json\/wp\/v2\/types\/product"}],"wp:featuredmedia":[{"embeddable":true,"href":"https:\/\/balsamico.shop\/es\/wp-json\/wp\/v2\/media\/1953"}],"wp:attachment":[{"href":"https:\/\/balsamico.shop\/es\/wp-json\/wp\/v2\/media?parent=1905"}],"wp:term":[{"taxonomy":"product_brand","embeddable":true,"href":"https:\/\/balsamico.shop\/es\/wp-json\/wp\/v2\/product_brand?post=1905"},{"taxonomy":"product_cat","embeddable":true,"href":"https:\/\/balsamico.shop\/es\/wp-json\/wp\/v2\/product_cat?post=1905"},{"taxonomy":"product_tag","embeddable":true,"href":"https:\/\/balsamico.shop\/es\/wp-json\/wp\/v2\/product_tag?post=1905"}],"curies":[{"name":"wp","href":"https:\/\/api.w.org\/{rel}","templated":true}]}}