{"id":1883,"date":"2016-09-23T08:31:29","date_gmt":"2016-09-23T06:31:29","guid":{"rendered":"https:\/\/balsamico.shop\/es\/?post_type=product&#038;p=1883"},"modified":"2026-03-11T11:24:37","modified_gmt":"2026-03-11T10:24:37","slug":"cavalli-aceto-balsamico-tradizionale-reggio-emilia-25-oro","status":"publish","type":"product","link":"https:\/\/balsamico.shop\/es\/producto\/cavalli-aceto-balsamico-tradizionale-reggio-emilia-25-oro\/","title":{"rendered":"Balsamico Tradizionale &#8211; Cavalli &#8211; 25 a\u00f1os &#8211; Oro &#8211; extravecchio"},"content":{"rendered":"<p><strong>Acetaia Cavalli<\/strong> produce su Aceto Balsamico Tradizionale dorado en el peque\u00f1o municipio de Fellegara di Scandiano, a 10 km de Reggio Emilia.\u00a0 El en\u00f3logo Giovanni Cavalli, junto con su hermano Roberto, contin\u00faa la tradici\u00f3n de su padre y produce comercialmente Aceto Balsamico Tradizionale desde 1980. Ya en los a\u00f1os 50, su padre sent\u00f3 las bases del negocio actual comprando barriles antiguos. Con m\u00e1s de 800 barriles, es la mayor acetaia de la regi\u00f3n.<\/p>\n<p>Para su <strong>Aceto Balsamico Tradizionale di Reggio Emilia Extravecchio<\/strong>, s\u00f3lo se utilizaron las uvas especialmente dulces y de color claro de la variedad Trebbiano. La serie que se vende aqu\u00ed ha sido envejecida en cinco barricas de madera en el siguiente orden: roble, casta\u00f1o, enebro, cereza y mora. <strong>La densidad de este bals\u00e1mico es de 1,35<\/strong>, muy por encima de la especificaci\u00f3n m\u00ednima de 1,2, por lo que este bals\u00e1mico es m\u00e1s espeso que otros de nuestra gama. S\u00f3lo hay 40 botellas de esta serie en todo el mundo.<\/p>\n<p>Para recibir el sello Oro, el bals\u00e1mico debe haber recibido al <strong>menos 300 de 400 puntos<\/strong> en la evaluaci\u00f3n de los controladores. La adici\u00f3n \u00abextravecchio\u00bb define que este Balsamico ha sido madurado durante al menos 25 a\u00f1os en barriles de madera tradicionales.<\/p>\n<p>Cada embotellado es objeto de un control de calidad y est\u00e1 certificado por el <a href=\"https:\/\/www.politicheagricole.it\/flex\/cm\/pages\/ServeBLOB.php\/L\/IT\/IDPagina\/309\">Ministerio de Pol\u00edtica Agr\u00edcola, Alimentaria y Forestal<\/a>. Como consumidor, puede reconocer el original por el sello de cera, marcado con las letras: \u00ab<strong>DOP ABTRE<\/strong>\u00ab. La forma de botella en forma de tulip\u00e1n tambi\u00e9n se prescribe para este vinagre bals\u00e1mico. La botella est\u00e1 marcada con el sello rojo-amarillo D.O.P. La etiqueta incluye la frase \u00abCertificato da organismo di controllo autorizzato dal Mipaaf\u00bb y confirma la prueba de aceptaci\u00f3n por parte del Ministerio.<\/p>\n<p><strong>Ingredientes<\/strong>: 100% mosto de uva cocido<\/p>\n<p>Nota: no contiene sulfitos<\/p>\n<p>Productor:<br \/>\nCavalli cav. Ferdinando srl<br \/>\nVia del Cristo 6\/ab<br \/>\n42019 Scandiano Reggio Emilia<br \/>\nItalia<\/p>\n","protected":false},"excerpt":{"rendered":"<p>Acetaia Cavalli produce su Aceto Balsamico Tradizionale dorado en el peque\u00f1o municipio de Fellegara di Scandiano, a 10 km de Reggio Emilia.\u00a0 El en\u00f3logo Giovanni Cavalli, junto con su hermano Roberto, contin\u00faa la tradici\u00f3n de su padre y produce comercialmente Aceto Balsamico Tradizionale desde 1980. Ya en los a\u00f1os 50, su padre sent\u00f3 las bases del negocio actual comprando barriles antiguos. Con m\u00e1s de 800 barriles, es la mayor acetaia de la regi\u00f3n. Para su Aceto Balsamico Tradizionale di Reggio Emilia Extravecchio, s\u00f3lo se utilizaron las uvas especialmente dulces y de color claro de la variedad Trebbiano. La serie que se vende aqu\u00ed ha sido envejecida en cinco barricas de madera en el siguiente orden: roble, casta\u00f1o, enebro, cereza y mora. La densidad de este bals\u00e1mico es de 1,35, muy por encima de la especificaci\u00f3n m\u00ednima de 1,2, por lo que este bals\u00e1mico es m\u00e1s espeso que otros de nuestra gama. S\u00f3lo hay 40 botellas de esta serie en todo el mundo. Para recibir el sello Oro, el bals\u00e1mico debe haber recibido al menos 300 de 400 puntos en la evaluaci\u00f3n de los controladores. La adici\u00f3n \u00abextravecchio\u00bb define que este Balsamico ha sido madurado durante al menos 25 a\u00f1os en barriles de madera tradicionales. Cada embotellado es objeto de un control de calidad y est\u00e1 certificado por el Ministerio de Pol\u00edtica Agr\u00edcola, Alimentaria y Forestal. Como consumidor, puede reconocer el original por el sello de cera, marcado con las letras: \u00abDOP ABTRE\u00ab. La forma de botella en forma de tulip\u00e1n tambi\u00e9n se prescribe para este vinagre bals\u00e1mico. La botella est\u00e1 marcada con el sello rojo-amarillo D.O.P. La etiqueta incluye la frase \u00abCertificato da organismo di controllo autorizzato dal Mipaaf\u00bb y confirma la prueba de aceptaci\u00f3n por parte del Ministerio. Ingredientes: 100% mosto de uva cocido Nota: no contiene sulfitos Productor: Cavalli cav. Ferdinando srl Via del Cristo 6\/ab 42019 Scandiano Reggio Emilia Italia<\/p>\n","protected":false},"featured_media":1969,"template":"","meta":[],"product_brand":[],"product_cat":[31],"product_tag":[76,74],"class_list":{"0":"post-1883","1":"product","2":"type-product","3":"status-publish","4":"has-post-thumbnail","6":"product_cat-cavalli","7":"product_tag-vinagre-reggio-emilia","8":"product_tag-vinagre-25-anos","9":"product_shipping_class-ueber-100","11":"first","12":"instock","13":"featured","14":"taxable","15":"shipping-taxable","16":"purchasable","17":"product-type-simple"},"bundle_layout":"","bundled_by":[],"bundled_items":[],"yoast_head":"<!-- This site is optimized with the Yoast SEO plugin v26.6 - https:\/\/yoast.com\/wordpress\/plugins\/seo\/ -->\n<title>Balsamico Tradizionale - Cavalli - 25 a\u00f1os - Oro - extravecchio<\/title>\n<meta name=\"robots\" content=\"index, follow, max-snippet:-1, max-image-preview:large, max-video-preview:-1\" \/>\n<link rel=\"canonical\" href=\"https:\/\/balsamico.shop\/es\/producto\/cavalli-aceto-balsamico-tradizionale-reggio-emilia-25-oro\/\" \/>\n<meta property=\"og:locale\" content=\"es_ES\" \/>\n<meta property=\"og:type\" content=\"article\" \/>\n<meta property=\"og:title\" content=\"Balsamico Tradizionale - Cavalli - 25 a\u00f1os - Oro - extravecchio\" \/>\n<meta property=\"og:description\" content=\"Acetaia Cavalli produce su Aceto Balsamico Tradizionale dorado en el peque\u00f1o municipio de Fellegara di Scandiano, a 10 km de Reggio Emilia.\u00a0 El en\u00f3logo Giovanni Cavalli, junto con su hermano Roberto, contin\u00faa la tradici\u00f3n de su padre y produce comercialmente Aceto Balsamico Tradizionale desde 1980. Ya en los a\u00f1os 50, su padre sent\u00f3 las bases del negocio actual comprando barriles antiguos. Con m\u00e1s de 800 barriles, es la mayor acetaia de la regi\u00f3n. Para su Aceto Balsamico Tradizionale di Reggio Emilia Extravecchio, s\u00f3lo se utilizaron las uvas especialmente dulces y de color claro de la variedad Trebbiano. La serie que se vende aqu\u00ed ha sido envejecida en cinco barricas de madera en el siguiente orden: roble, casta\u00f1o, enebro, cereza y mora. La densidad de este bals\u00e1mico es de 1,35, muy por encima de la especificaci\u00f3n m\u00ednima de 1,2, por lo que este bals\u00e1mico es m\u00e1s espeso que otros de nuestra gama. S\u00f3lo hay 40 botellas de esta serie en todo el mundo. Para recibir el sello Oro, el bals\u00e1mico debe haber recibido al menos 300 de 400 puntos en la evaluaci\u00f3n de los controladores. La adici\u00f3n \u00abextravecchio\u00bb define que este Balsamico ha sido madurado durante al menos 25 a\u00f1os en barriles de madera tradicionales. Cada embotellado es objeto de un control de calidad y est\u00e1 certificado por el Ministerio de Pol\u00edtica Agr\u00edcola, Alimentaria y Forestal. Como consumidor, puede reconocer el original por el sello de cera, marcado con las letras: \u00abDOP ABTRE\u00ab. La forma de botella en forma de tulip\u00e1n tambi\u00e9n se prescribe para este vinagre bals\u00e1mico. La botella est\u00e1 marcada con el sello rojo-amarillo D.O.P. La etiqueta incluye la frase \u00abCertificato da organismo di controllo autorizzato dal Mipaaf\u00bb y confirma la prueba de aceptaci\u00f3n por parte del Ministerio. Ingredientes: 100% mosto de uva cocido Nota: no contiene sulfitos Productor: Cavalli cav. Ferdinando srl Via del Cristo 6\/ab 42019 Scandiano Reggio Emilia Italia\" \/>\n<meta property=\"og:url\" content=\"https:\/\/balsamico.shop\/es\/producto\/cavalli-aceto-balsamico-tradizionale-reggio-emilia-25-oro\/\" \/>\n<meta property=\"og:site_name\" content=\"Aceto Balsamico Shop - Espa\u00f1a\" \/>\n<meta property=\"article:modified_time\" content=\"2026-03-11T10:24:37+00:00\" \/>\n<meta property=\"og:image\" content=\"https:\/\/balsamico.shop\/es\/wp-content\/uploads\/2016\/09\/aceto-balsamico-tradizionale-gold-reggioemilia-cavalli.jpg\" \/>\n\t<meta property=\"og:image:width\" content=\"1600\" \/>\n\t<meta property=\"og:image:height\" content=\"1872\" \/>\n\t<meta property=\"og:image:type\" content=\"image\/jpeg\" \/>\n<meta name=\"twitter:card\" content=\"summary_large_image\" \/>\n<meta name=\"twitter:label1\" content=\"Tiempo de lectura\" \/>\n\t<meta name=\"twitter:data1\" content=\"2 minutos\" \/>\n<script type=\"application\/ld+json\" class=\"yoast-schema-graph\">{\"@context\":\"https:\/\/schema.org\",\"@graph\":[{\"@type\":\"WebPage\",\"@id\":\"https:\/\/balsamico.shop\/es\/producto\/cavalli-aceto-balsamico-tradizionale-reggio-emilia-25-oro\/\",\"url\":\"https:\/\/balsamico.shop\/es\/producto\/cavalli-aceto-balsamico-tradizionale-reggio-emilia-25-oro\/\",\"name\":\"Balsamico Tradizionale - Cavalli - 25 a\u00f1os - Oro - extravecchio\",\"isPartOf\":{\"@id\":\"https:\/\/balsamico.shop\/es\/#website\"},\"primaryImageOfPage\":{\"@id\":\"https:\/\/balsamico.shop\/es\/producto\/cavalli-aceto-balsamico-tradizionale-reggio-emilia-25-oro\/#primaryimage\"},\"image\":{\"@id\":\"https:\/\/balsamico.shop\/es\/producto\/cavalli-aceto-balsamico-tradizionale-reggio-emilia-25-oro\/#primaryimage\"},\"thumbnailUrl\":\"https:\/\/balsamico.shop\/es\/wp-content\/uploads\/2016\/09\/aceto-balsamico-tradizionale-gold-reggioemilia-cavalli.jpg\",\"datePublished\":\"2016-09-23T06:31:29+00:00\",\"dateModified\":\"2026-03-11T10:24:37+00:00\",\"breadcrumb\":{\"@id\":\"https:\/\/balsamico.shop\/es\/producto\/cavalli-aceto-balsamico-tradizionale-reggio-emilia-25-oro\/#breadcrumb\"},\"inLanguage\":\"es\",\"potentialAction\":[{\"@type\":\"ReadAction\",\"target\":[\"https:\/\/balsamico.shop\/es\/producto\/cavalli-aceto-balsamico-tradizionale-reggio-emilia-25-oro\/\"]}]},{\"@type\":\"ImageObject\",\"inLanguage\":\"es\",\"@id\":\"https:\/\/balsamico.shop\/es\/producto\/cavalli-aceto-balsamico-tradizionale-reggio-emilia-25-oro\/#primaryimage\",\"url\":\"https:\/\/balsamico.shop\/es\/wp-content\/uploads\/2016\/09\/aceto-balsamico-tradizionale-gold-reggioemilia-cavalli.jpg\",\"contentUrl\":\"https:\/\/balsamico.shop\/es\/wp-content\/uploads\/2016\/09\/aceto-balsamico-tradizionale-gold-reggioemilia-cavalli.jpg\",\"width\":1600,\"height\":1872},{\"@type\":\"BreadcrumbList\",\"@id\":\"https:\/\/balsamico.shop\/es\/producto\/cavalli-aceto-balsamico-tradizionale-reggio-emilia-25-oro\/#breadcrumb\",\"itemListElement\":[{\"@type\":\"ListItem\",\"position\":1,\"name\":\"Home\",\"item\":\"https:\/\/balsamico.shop\/es\/\"},{\"@type\":\"ListItem\",\"position\":2,\"name\":\"Vinagre bals\u00e1mico de M\u00f3dena &#8211; Tienda Online\",\"item\":\"https:\/\/balsamico.shop\/es\/shop\/\"},{\"@type\":\"ListItem\",\"position\":3,\"name\":\"Balsamico Tradizionale &#8211; Cavalli &#8211; 25 a\u00f1os &#8211; Oro &#8211; extravecchio\"}]},{\"@type\":\"WebSite\",\"@id\":\"https:\/\/balsamico.shop\/es\/#website\",\"url\":\"https:\/\/balsamico.shop\/es\/\",\"name\":\"Aceto Balsamico Shop - Espa\u00f1a\",\"description\":\"Comprar vinagre bals\u00e1mico de M\u00f3dena y Reggio Emilia\",\"potentialAction\":[{\"@type\":\"SearchAction\",\"target\":{\"@type\":\"EntryPoint\",\"urlTemplate\":\"https:\/\/balsamico.shop\/es\/?s={search_term_string}\"},\"query-input\":{\"@type\":\"PropertyValueSpecification\",\"valueRequired\":true,\"valueName\":\"search_term_string\"}}],\"inLanguage\":\"es\"}]}<\/script>\n<!-- \/ Yoast SEO plugin. -->","yoast_head_json":{"title":"Balsamico Tradizionale - Cavalli - 25 a\u00f1os - Oro - extravecchio","robots":{"index":"index","follow":"follow","max-snippet":"max-snippet:-1","max-image-preview":"max-image-preview:large","max-video-preview":"max-video-preview:-1"},"canonical":"https:\/\/balsamico.shop\/es\/producto\/cavalli-aceto-balsamico-tradizionale-reggio-emilia-25-oro\/","og_locale":"es_ES","og_type":"article","og_title":"Balsamico Tradizionale - Cavalli - 25 a\u00f1os - Oro - extravecchio","og_description":"Acetaia Cavalli produce su Aceto Balsamico Tradizionale dorado en el peque\u00f1o municipio de Fellegara di Scandiano, a 10 km de Reggio Emilia.\u00a0 El en\u00f3logo Giovanni Cavalli, junto con su hermano Roberto, contin\u00faa la tradici\u00f3n de su padre y produce comercialmente Aceto Balsamico Tradizionale desde 1980. Ya en los a\u00f1os 50, su padre sent\u00f3 las bases del negocio actual comprando barriles antiguos. Con m\u00e1s de 800 barriles, es la mayor acetaia de la regi\u00f3n. Para su Aceto Balsamico Tradizionale di Reggio Emilia Extravecchio, s\u00f3lo se utilizaron las uvas especialmente dulces y de color claro de la variedad Trebbiano. La serie que se vende aqu\u00ed ha sido envejecida en cinco barricas de madera en el siguiente orden: roble, casta\u00f1o, enebro, cereza y mora. La densidad de este bals\u00e1mico es de 1,35, muy por encima de la especificaci\u00f3n m\u00ednima de 1,2, por lo que este bals\u00e1mico es m\u00e1s espeso que otros de nuestra gama. S\u00f3lo hay 40 botellas de esta serie en todo el mundo. Para recibir el sello Oro, el bals\u00e1mico debe haber recibido al menos 300 de 400 puntos en la evaluaci\u00f3n de los controladores. La adici\u00f3n \u00abextravecchio\u00bb define que este Balsamico ha sido madurado durante al menos 25 a\u00f1os en barriles de madera tradicionales. Cada embotellado es objeto de un control de calidad y est\u00e1 certificado por el Ministerio de Pol\u00edtica Agr\u00edcola, Alimentaria y Forestal. Como consumidor, puede reconocer el original por el sello de cera, marcado con las letras: \u00abDOP ABTRE\u00ab. La forma de botella en forma de tulip\u00e1n tambi\u00e9n se prescribe para este vinagre bals\u00e1mico. La botella est\u00e1 marcada con el sello rojo-amarillo D.O.P. La etiqueta incluye la frase \u00abCertificato da organismo di controllo autorizzato dal Mipaaf\u00bb y confirma la prueba de aceptaci\u00f3n por parte del Ministerio. Ingredientes: 100% mosto de uva cocido Nota: no contiene sulfitos Productor: Cavalli cav. Ferdinando srl Via del Cristo 6\/ab 42019 Scandiano Reggio Emilia Italia","og_url":"https:\/\/balsamico.shop\/es\/producto\/cavalli-aceto-balsamico-tradizionale-reggio-emilia-25-oro\/","og_site_name":"Aceto Balsamico Shop - Espa\u00f1a","article_modified_time":"2026-03-11T10:24:37+00:00","og_image":[{"width":1600,"height":1872,"url":"https:\/\/balsamico.shop\/es\/wp-content\/uploads\/2016\/09\/aceto-balsamico-tradizionale-gold-reggioemilia-cavalli.jpg","type":"image\/jpeg"}],"twitter_card":"summary_large_image","twitter_misc":{"Tiempo de lectura":"2 minutos"},"schema":{"@context":"https:\/\/schema.org","@graph":[{"@type":"WebPage","@id":"https:\/\/balsamico.shop\/es\/producto\/cavalli-aceto-balsamico-tradizionale-reggio-emilia-25-oro\/","url":"https:\/\/balsamico.shop\/es\/producto\/cavalli-aceto-balsamico-tradizionale-reggio-emilia-25-oro\/","name":"Balsamico Tradizionale - Cavalli - 25 a\u00f1os - Oro - extravecchio","isPartOf":{"@id":"https:\/\/balsamico.shop\/es\/#website"},"primaryImageOfPage":{"@id":"https:\/\/balsamico.shop\/es\/producto\/cavalli-aceto-balsamico-tradizionale-reggio-emilia-25-oro\/#primaryimage"},"image":{"@id":"https:\/\/balsamico.shop\/es\/producto\/cavalli-aceto-balsamico-tradizionale-reggio-emilia-25-oro\/#primaryimage"},"thumbnailUrl":"https:\/\/balsamico.shop\/es\/wp-content\/uploads\/2016\/09\/aceto-balsamico-tradizionale-gold-reggioemilia-cavalli.jpg","datePublished":"2016-09-23T06:31:29+00:00","dateModified":"2026-03-11T10:24:37+00:00","breadcrumb":{"@id":"https:\/\/balsamico.shop\/es\/producto\/cavalli-aceto-balsamico-tradizionale-reggio-emilia-25-oro\/#breadcrumb"},"inLanguage":"es","potentialAction":[{"@type":"ReadAction","target":["https:\/\/balsamico.shop\/es\/producto\/cavalli-aceto-balsamico-tradizionale-reggio-emilia-25-oro\/"]}]},{"@type":"ImageObject","inLanguage":"es","@id":"https:\/\/balsamico.shop\/es\/producto\/cavalli-aceto-balsamico-tradizionale-reggio-emilia-25-oro\/#primaryimage","url":"https:\/\/balsamico.shop\/es\/wp-content\/uploads\/2016\/09\/aceto-balsamico-tradizionale-gold-reggioemilia-cavalli.jpg","contentUrl":"https:\/\/balsamico.shop\/es\/wp-content\/uploads\/2016\/09\/aceto-balsamico-tradizionale-gold-reggioemilia-cavalli.jpg","width":1600,"height":1872},{"@type":"BreadcrumbList","@id":"https:\/\/balsamico.shop\/es\/producto\/cavalli-aceto-balsamico-tradizionale-reggio-emilia-25-oro\/#breadcrumb","itemListElement":[{"@type":"ListItem","position":1,"name":"Home","item":"https:\/\/balsamico.shop\/es\/"},{"@type":"ListItem","position":2,"name":"Vinagre bals\u00e1mico de M\u00f3dena &#8211; Tienda Online","item":"https:\/\/balsamico.shop\/es\/shop\/"},{"@type":"ListItem","position":3,"name":"Balsamico Tradizionale &#8211; Cavalli &#8211; 25 a\u00f1os &#8211; Oro &#8211; extravecchio"}]},{"@type":"WebSite","@id":"https:\/\/balsamico.shop\/es\/#website","url":"https:\/\/balsamico.shop\/es\/","name":"Aceto Balsamico Shop - Espa\u00f1a","description":"Comprar vinagre bals\u00e1mico de M\u00f3dena y Reggio Emilia","potentialAction":[{"@type":"SearchAction","target":{"@type":"EntryPoint","urlTemplate":"https:\/\/balsamico.shop\/es\/?s={search_term_string}"},"query-input":{"@type":"PropertyValueSpecification","valueRequired":true,"valueName":"search_term_string"}}],"inLanguage":"es"}]}},"_links":{"self":[{"href":"https:\/\/balsamico.shop\/es\/wp-json\/wp\/v2\/product\/1883","targetHints":{"allow":["GET"]}}],"collection":[{"href":"https:\/\/balsamico.shop\/es\/wp-json\/wp\/v2\/product"}],"about":[{"href":"https:\/\/balsamico.shop\/es\/wp-json\/wp\/v2\/types\/product"}],"wp:featuredmedia":[{"embeddable":true,"href":"https:\/\/balsamico.shop\/es\/wp-json\/wp\/v2\/media\/1969"}],"wp:attachment":[{"href":"https:\/\/balsamico.shop\/es\/wp-json\/wp\/v2\/media?parent=1883"}],"wp:term":[{"taxonomy":"product_brand","embeddable":true,"href":"https:\/\/balsamico.shop\/es\/wp-json\/wp\/v2\/product_brand?post=1883"},{"taxonomy":"product_cat","embeddable":true,"href":"https:\/\/balsamico.shop\/es\/wp-json\/wp\/v2\/product_cat?post=1883"},{"taxonomy":"product_tag","embeddable":true,"href":"https:\/\/balsamico.shop\/es\/wp-json\/wp\/v2\/product_tag?post=1883"}],"curies":[{"name":"wp","href":"https:\/\/api.w.org\/{rel}","templated":true}]}}