{"id":1860,"date":"2016-10-02T17:40:28","date_gmt":"2016-10-02T15:40:28","guid":{"rendered":"https:\/\/balsamico.shop\/es\/?post_type=product&#038;p=1860"},"modified":"2026-01-29T19:15:38","modified_gmt":"2026-01-29T18:15:38","slug":"balsamico-tradizionale-juniper-12-anos-pedroni","status":"publish","type":"product","link":"https:\/\/balsamico.shop\/es\/producto\/balsamico-tradizionale-juniper-12-anos-pedroni\/","title":{"rendered":"Aceto Balsamico Tradizionale Juniper &#8211; 12 a\u00f1os &#8211; Pedroni"},"content":{"rendered":"<p>Si busca un <strong>Aceto Balsamico Tradizionale<\/strong> muy especial, ha encontrado su objetivo con este producto. De la tradicional bodega Pedroni de Rubbiara, cerca de la ciudad de M\u00f3dena, procede este Aceto Balsamico Tradizionale, picante y \u00fanico. Las uvas dulces de Trebbiano del vi\u00f1edo hist\u00f3rico, que ya entonces pertenec\u00eda al territorio de la familia noble de Alfonso I d&#8217;Este, constituyen la base de este Aceto Balsamico. Este bals\u00e1mico es especial e inconfundible porque alcanza su madurez final en las <strong>barricas de enebro<\/strong>, especialmente especiadas. Las barricas de enebro son muy raras porque este tipo de madera est\u00e1 ahora protegida y no se pueden fabricar nuevas barricas con esta madera. Acetaia Pedroni a\u00fan posee algunas barricas hist\u00f3ricas de este tipo de madera y por ello puede ofrecerle un Aceto Balsamico Tradizionale di Modena DOP Juniper. Cualquiera que haya probado un Tradizionale picante no querr\u00e1 volver a perderlo, especialmente sobre una pieza noble de carne. La botella lleva el nombre de UMBERTO.<\/p>\n<p>El nombre proviene del t\u00edo del padre de Italo Pedroni. Le proporcion\u00f3 los barriles de enebro.<\/p>\n<p>Los que ya han disfrutado de un ABTM \u00abnormal\u00bb descubrir\u00e1n un nuevo mundo de sabor con este bals\u00e1mico. Inconfundible y s\u00f3lo muy raramente disponible en el mercado de los bals\u00e1micos. Aproveche esta oportunidad \u00fanica y ll\u00e9vese este gran Aceto Balsamico a casa, a B\u00e9lgica.<\/p>\n<p><strong>Ingredientes<\/strong>: 100% mosto de uva de la variedad Trebbiano di Spagna.<\/p>\n<p>Nota: Puede contener sulfitos naturales.<\/p>\n<p>Productor:<br \/>\nAz. Agr. Pedroni<br \/>\nVia Risaia, 6<br \/>\nRubbiara di Nonantola<br \/>\n41015 Modena<br \/>\nItalia<\/p>\n","protected":false},"excerpt":{"rendered":"<p>Si busca un Aceto Balsamico Tradizionale muy especial, ha encontrado su objetivo con este producto. De la tradicional bodega Pedroni de Rubbiara, cerca de la ciudad de M\u00f3dena, procede este Aceto Balsamico Tradizionale, picante y \u00fanico. Las uvas dulces de Trebbiano del vi\u00f1edo hist\u00f3rico, que ya entonces pertenec\u00eda al territorio de la familia noble de Alfonso I d&#8217;Este, constituyen la base de este Aceto Balsamico. Este bals\u00e1mico es especial e inconfundible porque alcanza su madurez final en las barricas de enebro, especialmente especiadas. Las barricas de enebro son muy raras porque este tipo de madera est\u00e1 ahora protegida y no se pueden fabricar nuevas barricas con esta madera. Acetaia Pedroni a\u00fan posee algunas barricas hist\u00f3ricas de este tipo de madera y por ello puede ofrecerle un Aceto Balsamico Tradizionale di Modena DOP Juniper. Cualquiera que haya probado un Tradizionale picante no querr\u00e1 volver a perderlo, especialmente sobre una pieza noble de carne. La botella lleva el nombre de UMBERTO. El nombre proviene del t\u00edo del padre de Italo Pedroni. Le proporcion\u00f3 los barriles de enebro. Los que ya han disfrutado de un ABTM \u00abnormal\u00bb descubrir\u00e1n un nuevo mundo de sabor con este bals\u00e1mico. Inconfundible y s\u00f3lo muy raramente disponible en el mercado de los bals\u00e1micos. Aproveche esta oportunidad \u00fanica y ll\u00e9vese este gran Aceto Balsamico a casa, a B\u00e9lgica. Ingredientes: 100% mosto de uva de la variedad Trebbiano di Spagna. Nota: Puede contener sulfitos naturales. Productor: Az. Agr. Pedroni Via Risaia, 6 Rubbiara di Nonantola 41015 Modena Italia<\/p>\n","protected":false},"featured_media":1964,"template":"","meta":[],"product_brand":[],"product_cat":[32],"product_tag":[75,73],"class_list":{"0":"post-1860","1":"product","2":"type-product","3":"status-publish","4":"has-post-thumbnail","6":"product_cat-pedroni","7":"product_tag-vinagre-modena","8":"product_tag-vinagre-12-anos","9":"product_shipping_class-ueber-100","11":"first","12":"instock","13":"taxable","14":"shipping-taxable","15":"purchasable","16":"product-type-simple"},"bundle_layout":"","bundled_by":[],"bundled_items":[],"yoast_head":"<!-- This site is optimized with the Yoast SEO plugin v27.3 - https:\/\/yoast.com\/product\/yoast-seo-wordpress\/ -->\n<title>Aceto Balsamico Tradizionale Juniper - 12 a\u00f1os - Pedroni<\/title>\n<meta name=\"robots\" content=\"index, follow, max-snippet:-1, max-image-preview:large, max-video-preview:-1\" \/>\n<link rel=\"canonical\" href=\"https:\/\/balsamico.shop\/es\/producto\/balsamico-tradizionale-juniper-12-anos-pedroni\/\" \/>\n<meta property=\"og:locale\" content=\"es_ES\" \/>\n<meta property=\"og:type\" content=\"article\" \/>\n<meta property=\"og:title\" content=\"Aceto Balsamico Tradizionale Juniper - 12 a\u00f1os - Pedroni\" \/>\n<meta property=\"og:description\" content=\"Si busca un Aceto Balsamico Tradizionale muy especial, ha encontrado su objetivo con este producto. De la tradicional bodega Pedroni de Rubbiara, cerca de la ciudad de M\u00f3dena, procede este Aceto Balsamico Tradizionale, picante y \u00fanico. Las uvas dulces de Trebbiano del vi\u00f1edo hist\u00f3rico, que ya entonces pertenec\u00eda al territorio de la familia noble de Alfonso I d&#8217;Este, constituyen la base de este Aceto Balsamico. Este bals\u00e1mico es especial e inconfundible porque alcanza su madurez final en las barricas de enebro, especialmente especiadas. Las barricas de enebro son muy raras porque este tipo de madera est\u00e1 ahora protegida y no se pueden fabricar nuevas barricas con esta madera. Acetaia Pedroni a\u00fan posee algunas barricas hist\u00f3ricas de este tipo de madera y por ello puede ofrecerle un Aceto Balsamico Tradizionale di Modena DOP Juniper. Cualquiera que haya probado un Tradizionale picante no querr\u00e1 volver a perderlo, especialmente sobre una pieza noble de carne. La botella lleva el nombre de UMBERTO. El nombre proviene del t\u00edo del padre de Italo Pedroni. Le proporcion\u00f3 los barriles de enebro. Los que ya han disfrutado de un ABTM \u00abnormal\u00bb descubrir\u00e1n un nuevo mundo de sabor con este bals\u00e1mico. Inconfundible y s\u00f3lo muy raramente disponible en el mercado de los bals\u00e1micos. Aproveche esta oportunidad \u00fanica y ll\u00e9vese este gran Aceto Balsamico a casa, a B\u00e9lgica. Ingredientes: 100% mosto de uva de la variedad Trebbiano di Spagna. Nota: Puede contener sulfitos naturales. Productor: Az. Agr. Pedroni Via Risaia, 6 Rubbiara di Nonantola 41015 Modena Italia\" \/>\n<meta property=\"og:url\" content=\"https:\/\/balsamico.shop\/es\/producto\/balsamico-tradizionale-juniper-12-anos-pedroni\/\" \/>\n<meta property=\"og:site_name\" content=\"Aceto Balsamico Shop - Espa\u00f1a\" \/>\n<meta property=\"article:modified_time\" content=\"2026-01-29T18:15:38+00:00\" \/>\n<meta property=\"og:image\" content=\"https:\/\/balsamico.shop\/es\/wp-content\/uploads\/2016\/10\/pedroni-aceto-balsamico-tradizionale-umberto.jpg\" \/>\n\t<meta property=\"og:image:width\" content=\"1600\" \/>\n\t<meta property=\"og:image:height\" content=\"1872\" \/>\n\t<meta property=\"og:image:type\" content=\"image\/jpeg\" \/>\n<meta name=\"twitter:card\" content=\"summary_large_image\" \/>\n<meta name=\"twitter:label1\" content=\"Tiempo de lectura\" \/>\n\t<meta name=\"twitter:data1\" content=\"2 minutos\" \/>\n<script type=\"application\/ld+json\" class=\"yoast-schema-graph\">{\"@context\":\"https:\\\/\\\/schema.org\",\"@graph\":[{\"@type\":\"WebPage\",\"@id\":\"https:\\\/\\\/balsamico.shop\\\/es\\\/producto\\\/balsamico-tradizionale-juniper-12-anos-pedroni\\\/\",\"url\":\"https:\\\/\\\/balsamico.shop\\\/es\\\/producto\\\/balsamico-tradizionale-juniper-12-anos-pedroni\\\/\",\"name\":\"Aceto Balsamico Tradizionale Juniper - 12 a\u00f1os - Pedroni\",\"isPartOf\":{\"@id\":\"https:\\\/\\\/balsamico.shop\\\/es\\\/#website\"},\"primaryImageOfPage\":{\"@id\":\"https:\\\/\\\/balsamico.shop\\\/es\\\/producto\\\/balsamico-tradizionale-juniper-12-anos-pedroni\\\/#primaryimage\"},\"image\":{\"@id\":\"https:\\\/\\\/balsamico.shop\\\/es\\\/producto\\\/balsamico-tradizionale-juniper-12-anos-pedroni\\\/#primaryimage\"},\"thumbnailUrl\":\"https:\\\/\\\/balsamico.shop\\\/es\\\/wp-content\\\/uploads\\\/2016\\\/10\\\/pedroni-aceto-balsamico-tradizionale-umberto.jpg\",\"datePublished\":\"2016-10-02T15:40:28+00:00\",\"dateModified\":\"2026-01-29T18:15:38+00:00\",\"breadcrumb\":{\"@id\":\"https:\\\/\\\/balsamico.shop\\\/es\\\/producto\\\/balsamico-tradizionale-juniper-12-anos-pedroni\\\/#breadcrumb\"},\"inLanguage\":\"es\",\"potentialAction\":[{\"@type\":\"ReadAction\",\"target\":[\"https:\\\/\\\/balsamico.shop\\\/es\\\/producto\\\/balsamico-tradizionale-juniper-12-anos-pedroni\\\/\"]}]},{\"@type\":\"ImageObject\",\"inLanguage\":\"es\",\"@id\":\"https:\\\/\\\/balsamico.shop\\\/es\\\/producto\\\/balsamico-tradizionale-juniper-12-anos-pedroni\\\/#primaryimage\",\"url\":\"https:\\\/\\\/balsamico.shop\\\/es\\\/wp-content\\\/uploads\\\/2016\\\/10\\\/pedroni-aceto-balsamico-tradizionale-umberto.jpg\",\"contentUrl\":\"https:\\\/\\\/balsamico.shop\\\/es\\\/wp-content\\\/uploads\\\/2016\\\/10\\\/pedroni-aceto-balsamico-tradizionale-umberto.jpg\",\"width\":1600,\"height\":1872},{\"@type\":\"BreadcrumbList\",\"@id\":\"https:\\\/\\\/balsamico.shop\\\/es\\\/producto\\\/balsamico-tradizionale-juniper-12-anos-pedroni\\\/#breadcrumb\",\"itemListElement\":[{\"@type\":\"ListItem\",\"position\":1,\"name\":\"Home\",\"item\":\"https:\\\/\\\/balsamico.shop\\\/es\\\/\"},{\"@type\":\"ListItem\",\"position\":2,\"name\":\"Vinagre bals\u00e1mico de M\u00f3dena &#8211; Tienda Online\",\"item\":\"https:\\\/\\\/balsamico.shop\\\/es\\\/shop\\\/\"},{\"@type\":\"ListItem\",\"position\":3,\"name\":\"Aceto Balsamico Tradizionale Juniper &#8211; 12 a\u00f1os &#8211; Pedroni\"}]},{\"@type\":\"WebSite\",\"@id\":\"https:\\\/\\\/balsamico.shop\\\/es\\\/#website\",\"url\":\"https:\\\/\\\/balsamico.shop\\\/es\\\/\",\"name\":\"Aceto Balsamico Shop - Espa\u00f1a\",\"description\":\"Comprar vinagre bals\u00e1mico de M\u00f3dena y Reggio Emilia\",\"potentialAction\":[{\"@type\":\"SearchAction\",\"target\":{\"@type\":\"EntryPoint\",\"urlTemplate\":\"https:\\\/\\\/balsamico.shop\\\/es\\\/?s={search_term_string}\"},\"query-input\":{\"@type\":\"PropertyValueSpecification\",\"valueRequired\":true,\"valueName\":\"search_term_string\"}}],\"inLanguage\":\"es\"}]}<\/script>\n<!-- \/ Yoast SEO plugin. -->","yoast_head_json":{"title":"Aceto Balsamico Tradizionale Juniper - 12 a\u00f1os - Pedroni","robots":{"index":"index","follow":"follow","max-snippet":"max-snippet:-1","max-image-preview":"max-image-preview:large","max-video-preview":"max-video-preview:-1"},"canonical":"https:\/\/balsamico.shop\/es\/producto\/balsamico-tradizionale-juniper-12-anos-pedroni\/","og_locale":"es_ES","og_type":"article","og_title":"Aceto Balsamico Tradizionale Juniper - 12 a\u00f1os - Pedroni","og_description":"Si busca un Aceto Balsamico Tradizionale muy especial, ha encontrado su objetivo con este producto. De la tradicional bodega Pedroni de Rubbiara, cerca de la ciudad de M\u00f3dena, procede este Aceto Balsamico Tradizionale, picante y \u00fanico. Las uvas dulces de Trebbiano del vi\u00f1edo hist\u00f3rico, que ya entonces pertenec\u00eda al territorio de la familia noble de Alfonso I d&#8217;Este, constituyen la base de este Aceto Balsamico. Este bals\u00e1mico es especial e inconfundible porque alcanza su madurez final en las barricas de enebro, especialmente especiadas. Las barricas de enebro son muy raras porque este tipo de madera est\u00e1 ahora protegida y no se pueden fabricar nuevas barricas con esta madera. Acetaia Pedroni a\u00fan posee algunas barricas hist\u00f3ricas de este tipo de madera y por ello puede ofrecerle un Aceto Balsamico Tradizionale di Modena DOP Juniper. Cualquiera que haya probado un Tradizionale picante no querr\u00e1 volver a perderlo, especialmente sobre una pieza noble de carne. La botella lleva el nombre de UMBERTO. El nombre proviene del t\u00edo del padre de Italo Pedroni. Le proporcion\u00f3 los barriles de enebro. Los que ya han disfrutado de un ABTM \u00abnormal\u00bb descubrir\u00e1n un nuevo mundo de sabor con este bals\u00e1mico. Inconfundible y s\u00f3lo muy raramente disponible en el mercado de los bals\u00e1micos. Aproveche esta oportunidad \u00fanica y ll\u00e9vese este gran Aceto Balsamico a casa, a B\u00e9lgica. Ingredientes: 100% mosto de uva de la variedad Trebbiano di Spagna. Nota: Puede contener sulfitos naturales. Productor: Az. Agr. Pedroni Via Risaia, 6 Rubbiara di Nonantola 41015 Modena Italia","og_url":"https:\/\/balsamico.shop\/es\/producto\/balsamico-tradizionale-juniper-12-anos-pedroni\/","og_site_name":"Aceto Balsamico Shop - Espa\u00f1a","article_modified_time":"2026-01-29T18:15:38+00:00","og_image":[{"width":1600,"height":1872,"url":"https:\/\/balsamico.shop\/es\/wp-content\/uploads\/2016\/10\/pedroni-aceto-balsamico-tradizionale-umberto.jpg","type":"image\/jpeg"}],"twitter_card":"summary_large_image","twitter_misc":{"Tiempo de lectura":"2 minutos"},"schema":{"@context":"https:\/\/schema.org","@graph":[{"@type":"WebPage","@id":"https:\/\/balsamico.shop\/es\/producto\/balsamico-tradizionale-juniper-12-anos-pedroni\/","url":"https:\/\/balsamico.shop\/es\/producto\/balsamico-tradizionale-juniper-12-anos-pedroni\/","name":"Aceto Balsamico Tradizionale Juniper - 12 a\u00f1os - Pedroni","isPartOf":{"@id":"https:\/\/balsamico.shop\/es\/#website"},"primaryImageOfPage":{"@id":"https:\/\/balsamico.shop\/es\/producto\/balsamico-tradizionale-juniper-12-anos-pedroni\/#primaryimage"},"image":{"@id":"https:\/\/balsamico.shop\/es\/producto\/balsamico-tradizionale-juniper-12-anos-pedroni\/#primaryimage"},"thumbnailUrl":"https:\/\/balsamico.shop\/es\/wp-content\/uploads\/2016\/10\/pedroni-aceto-balsamico-tradizionale-umberto.jpg","datePublished":"2016-10-02T15:40:28+00:00","dateModified":"2026-01-29T18:15:38+00:00","breadcrumb":{"@id":"https:\/\/balsamico.shop\/es\/producto\/balsamico-tradizionale-juniper-12-anos-pedroni\/#breadcrumb"},"inLanguage":"es","potentialAction":[{"@type":"ReadAction","target":["https:\/\/balsamico.shop\/es\/producto\/balsamico-tradizionale-juniper-12-anos-pedroni\/"]}]},{"@type":"ImageObject","inLanguage":"es","@id":"https:\/\/balsamico.shop\/es\/producto\/balsamico-tradizionale-juniper-12-anos-pedroni\/#primaryimage","url":"https:\/\/balsamico.shop\/es\/wp-content\/uploads\/2016\/10\/pedroni-aceto-balsamico-tradizionale-umberto.jpg","contentUrl":"https:\/\/balsamico.shop\/es\/wp-content\/uploads\/2016\/10\/pedroni-aceto-balsamico-tradizionale-umberto.jpg","width":1600,"height":1872},{"@type":"BreadcrumbList","@id":"https:\/\/balsamico.shop\/es\/producto\/balsamico-tradizionale-juniper-12-anos-pedroni\/#breadcrumb","itemListElement":[{"@type":"ListItem","position":1,"name":"Home","item":"https:\/\/balsamico.shop\/es\/"},{"@type":"ListItem","position":2,"name":"Vinagre bals\u00e1mico de M\u00f3dena &#8211; Tienda Online","item":"https:\/\/balsamico.shop\/es\/shop\/"},{"@type":"ListItem","position":3,"name":"Aceto Balsamico Tradizionale Juniper &#8211; 12 a\u00f1os &#8211; Pedroni"}]},{"@type":"WebSite","@id":"https:\/\/balsamico.shop\/es\/#website","url":"https:\/\/balsamico.shop\/es\/","name":"Aceto Balsamico Shop - Espa\u00f1a","description":"Comprar vinagre bals\u00e1mico de M\u00f3dena y Reggio Emilia","potentialAction":[{"@type":"SearchAction","target":{"@type":"EntryPoint","urlTemplate":"https:\/\/balsamico.shop\/es\/?s={search_term_string}"},"query-input":{"@type":"PropertyValueSpecification","valueRequired":true,"valueName":"search_term_string"}}],"inLanguage":"es"}]}},"_links":{"self":[{"href":"https:\/\/balsamico.shop\/es\/wp-json\/wp\/v2\/product\/1860","targetHints":{"allow":["GET"]}}],"collection":[{"href":"https:\/\/balsamico.shop\/es\/wp-json\/wp\/v2\/product"}],"about":[{"href":"https:\/\/balsamico.shop\/es\/wp-json\/wp\/v2\/types\/product"}],"wp:featuredmedia":[{"embeddable":true,"href":"https:\/\/balsamico.shop\/es\/wp-json\/wp\/v2\/media\/1964"}],"wp:attachment":[{"href":"https:\/\/balsamico.shop\/es\/wp-json\/wp\/v2\/media?parent=1860"}],"wp:term":[{"taxonomy":"product_brand","embeddable":true,"href":"https:\/\/balsamico.shop\/es\/wp-json\/wp\/v2\/product_brand?post=1860"},{"taxonomy":"product_cat","embeddable":true,"href":"https:\/\/balsamico.shop\/es\/wp-json\/wp\/v2\/product_cat?post=1860"},{"taxonomy":"product_tag","embeddable":true,"href":"https:\/\/balsamico.shop\/es\/wp-json\/wp\/v2\/product_tag?post=1860"}],"curies":[{"name":"wp","href":"https:\/\/api.w.org\/{rel}","templated":true}]}}