{"id":1855,"date":"2019-12-06T09:09:52","date_gmt":"2019-12-06T08:09:52","guid":{"rendered":"https:\/\/balsamico.shop\/es\/?post_type=product&#038;p=1855"},"modified":"2026-04-25T12:44:45","modified_gmt":"2026-04-25T10:44:45","slug":"malagoli-aceto-balsamico-tradizionale-di-modena-dop","status":"publish","type":"product","link":"https:\/\/balsamico.shop\/es\/producto\/malagoli-aceto-balsamico-tradizionale-di-modena-dop\/","title":{"rendered":"Aceto Balsamico Tradizionale di Modena D.O.P. Affinato &#8211; Malagoli"},"content":{"rendered":"<p><img loading=\"lazy\" decoding=\"async\" class=\"alignright\" src=\"https:\/\/balsamico.shop\/de\/wp-content\/uploads\/2019\/12\/acetaia-malagoli.jpg\" alt=\"Acetaia Malagoli\" width=\"236\" height=\"328\" \/>Este Aceto Balsamico Tradizionale di Modena D.O.P. procede de las barricas de la Acetaia Malagoli. Esta Acetaia fue fundada por Daniele Malagoli y naci\u00f3 de la pasi\u00f3n por el bals\u00e1mico hace casi 30 a\u00f1os en una finca t\u00edpica de la regi\u00f3n al sureste de M\u00f3dena. La Acetaia est\u00e1 rodeada de vi\u00f1as, \u00e1rboles frutales y campos. El n\u00famero de barricas creci\u00f3 con los a\u00f1os y con ello la excelente calidad del Aceto Balsamico que all\u00ed se produce. En la actualidad, la Acetaia est\u00e1 representada por Sof\u00eda Malagoli, la hija mayor de los Malagolis. Al igual que su padre, Sof\u00eda tambi\u00e9n siente pasi\u00f3n por el bals\u00e1mico y participa en el Consorcio Tutela Aceto Balsamico Tradizionale di Modena como representante e imparte cursos de bals\u00e1mico y visitas guiadas profesionales sobre el tema.<\/p>\n<p>Este Aceto Balsamico Tradizionale di Modena D.O.P. Affinato madur\u00f3 entre 12 y 24 a\u00f1os en las barricas de madera de Acetaia Malagoli. Somos una de las pocas tiendas en todo el mundo donde se puede comprar en l\u00ednea este bals\u00e1mico tradicional excepcionalmente bueno.<\/p>\n<p><img loading=\"lazy\" decoding=\"async\" class=\"alignnone\" src=\"https:\/\/balsamico.shop\/de\/wp-content\/uploads\/2019\/12\/sofia-malagoli-abtm-affinato.jpg\" alt=\"Sofia Malagoli\" width=\"600\" height=\"400\" \/><\/p>\n<p>Foto &#8211; Sofia Malagoli &#8211; Acetaia Malagoli<\/p>\n<p>Este lote, cuya oferta es muy limitada, se presenta en una caja de madera con el t\u00edpico pico.<\/p>\n<p><strong>Ingredientes<\/strong>: 100% mosto de uva cocido.<\/p>\n<p>Nota: Puede contener sulfitos.<\/p>\n<p>Productor:<br \/>\nAcetaia Malagoli Daniele<br \/>\nV\u00eda Celeste 9<br \/>\n41013 Castelfranco Emilia (MO), Italia<\/p>\n<p>&nbsp;<\/p>\n","protected":false},"excerpt":{"rendered":"<p>Este Aceto Balsamico Tradizionale di Modena D.O.P. procede de las barricas de la Acetaia Malagoli. Esta Acetaia fue fundada por Daniele Malagoli y naci\u00f3 de la pasi\u00f3n por el bals\u00e1mico hace casi 30 a\u00f1os en una finca t\u00edpica de la regi\u00f3n al sureste de M\u00f3dena. La Acetaia est\u00e1 rodeada de vi\u00f1as, \u00e1rboles frutales y campos. El n\u00famero de barricas creci\u00f3 con los a\u00f1os y con ello la excelente calidad del Aceto Balsamico que all\u00ed se produce. En la actualidad, la Acetaia est\u00e1 representada por Sof\u00eda Malagoli, la hija mayor de los Malagolis. Al igual que su padre, Sof\u00eda tambi\u00e9n siente pasi\u00f3n por el bals\u00e1mico y participa en el Consorcio Tutela Aceto Balsamico Tradizionale di Modena como representante e imparte cursos de bals\u00e1mico y visitas guiadas profesionales sobre el tema. Este Aceto Balsamico Tradizionale di Modena D.O.P. Affinato madur\u00f3 entre 12 y 24 a\u00f1os en las barricas de madera de Acetaia Malagoli. Somos una de las pocas tiendas en todo el mundo donde se puede comprar en l\u00ednea este bals\u00e1mico tradicional excepcionalmente bueno. Foto &#8211; Sofia Malagoli &#8211; Acetaia Malagoli Este lote, cuya oferta es muy limitada, se presenta en una caja de madera con el t\u00edpico pico. Ingredientes: 100% mosto de uva cocido. Nota: Puede contener sulfitos. Productor: Acetaia Malagoli Daniele V\u00eda Celeste 9 41013 Castelfranco Emilia (MO), Italia &nbsp;<\/p>\n","protected":false},"featured_media":1858,"template":"","meta":[],"product_brand":[],"product_cat":[68],"product_tag":[75,73],"class_list":{"0":"post-1855","1":"product","2":"type-product","3":"status-publish","4":"has-post-thumbnail","6":"product_cat-malagoli","7":"product_tag-vinagre-modena","8":"product_tag-vinagre-12-anos","9":"product_shipping_class-balsamico","11":"first","12":"instock","13":"taxable","14":"shipping-taxable","15":"purchasable","16":"product-type-simple"},"bundle_layout":"","bundled_by":[],"bundled_items":[],"yoast_head":"<!-- This site is optimized with the Yoast SEO plugin v27.3 - https:\/\/yoast.com\/product\/yoast-seo-wordpress\/ -->\n<title>Aceto Balsamico Tradizionale di Modena D.O.P. Affinato - Malagoli<\/title>\n<meta name=\"robots\" content=\"index, follow, max-snippet:-1, max-image-preview:large, max-video-preview:-1\" \/>\n<link rel=\"canonical\" href=\"https:\/\/balsamico.shop\/es\/producto\/malagoli-aceto-balsamico-tradizionale-di-modena-dop\/\" \/>\n<meta property=\"og:locale\" content=\"es_ES\" \/>\n<meta property=\"og:type\" content=\"article\" \/>\n<meta property=\"og:title\" content=\"Aceto Balsamico Tradizionale di Modena D.O.P. Affinato - Malagoli\" \/>\n<meta property=\"og:description\" content=\"Este Aceto Balsamico Tradizionale di Modena D.O.P. procede de las barricas de la Acetaia Malagoli. Esta Acetaia fue fundada por Daniele Malagoli y naci\u00f3 de la pasi\u00f3n por el bals\u00e1mico hace casi 30 a\u00f1os en una finca t\u00edpica de la regi\u00f3n al sureste de M\u00f3dena. La Acetaia est\u00e1 rodeada de vi\u00f1as, \u00e1rboles frutales y campos. El n\u00famero de barricas creci\u00f3 con los a\u00f1os y con ello la excelente calidad del Aceto Balsamico que all\u00ed se produce. En la actualidad, la Acetaia est\u00e1 representada por Sof\u00eda Malagoli, la hija mayor de los Malagolis. Al igual que su padre, Sof\u00eda tambi\u00e9n siente pasi\u00f3n por el bals\u00e1mico y participa en el Consorcio Tutela Aceto Balsamico Tradizionale di Modena como representante e imparte cursos de bals\u00e1mico y visitas guiadas profesionales sobre el tema. Este Aceto Balsamico Tradizionale di Modena D.O.P. Affinato madur\u00f3 entre 12 y 24 a\u00f1os en las barricas de madera de Acetaia Malagoli. Somos una de las pocas tiendas en todo el mundo donde se puede comprar en l\u00ednea este bals\u00e1mico tradicional excepcionalmente bueno. Foto &#8211; Sofia Malagoli &#8211; Acetaia Malagoli Este lote, cuya oferta es muy limitada, se presenta en una caja de madera con el t\u00edpico pico. Ingredientes: 100% mosto de uva cocido. Nota: Puede contener sulfitos. Productor: Acetaia Malagoli Daniele V\u00eda Celeste 9 41013 Castelfranco Emilia (MO), Italia &nbsp;\" \/>\n<meta property=\"og:url\" content=\"https:\/\/balsamico.shop\/es\/producto\/malagoli-aceto-balsamico-tradizionale-di-modena-dop\/\" \/>\n<meta property=\"og:site_name\" content=\"Aceto Balsamico Shop - Espa\u00f1a\" \/>\n<meta property=\"article:modified_time\" content=\"2026-04-25T10:44:45+00:00\" \/>\n<meta property=\"og:image\" content=\"https:\/\/balsamico.shop\/es\/wp-content\/uploads\/2019\/12\/aceto-balsamico-tradizionale-di-modena-dop-malagoli-12.jpg\" \/>\n\t<meta property=\"og:image:width\" content=\"1600\" \/>\n\t<meta property=\"og:image:height\" content=\"1872\" \/>\n\t<meta property=\"og:image:type\" content=\"image\/jpeg\" \/>\n<meta name=\"twitter:card\" content=\"summary_large_image\" \/>\n<meta name=\"twitter:label1\" content=\"Tiempo de lectura\" \/>\n\t<meta name=\"twitter:data1\" content=\"2 minutos\" \/>\n<script type=\"application\/ld+json\" class=\"yoast-schema-graph\">{\"@context\":\"https:\\\/\\\/schema.org\",\"@graph\":[{\"@type\":\"WebPage\",\"@id\":\"https:\\\/\\\/balsamico.shop\\\/es\\\/producto\\\/malagoli-aceto-balsamico-tradizionale-di-modena-dop\\\/\",\"url\":\"https:\\\/\\\/balsamico.shop\\\/es\\\/producto\\\/malagoli-aceto-balsamico-tradizionale-di-modena-dop\\\/\",\"name\":\"Aceto Balsamico Tradizionale di Modena D.O.P. Affinato - Malagoli\",\"isPartOf\":{\"@id\":\"https:\\\/\\\/balsamico.shop\\\/es\\\/#website\"},\"primaryImageOfPage\":{\"@id\":\"https:\\\/\\\/balsamico.shop\\\/es\\\/producto\\\/malagoli-aceto-balsamico-tradizionale-di-modena-dop\\\/#primaryimage\"},\"image\":{\"@id\":\"https:\\\/\\\/balsamico.shop\\\/es\\\/producto\\\/malagoli-aceto-balsamico-tradizionale-di-modena-dop\\\/#primaryimage\"},\"thumbnailUrl\":\"https:\\\/\\\/balsamico.shop\\\/es\\\/wp-content\\\/uploads\\\/2019\\\/12\\\/aceto-balsamico-tradizionale-di-modena-dop-malagoli-12.jpg\",\"datePublished\":\"2019-12-06T08:09:52+00:00\",\"dateModified\":\"2026-04-25T10:44:45+00:00\",\"breadcrumb\":{\"@id\":\"https:\\\/\\\/balsamico.shop\\\/es\\\/producto\\\/malagoli-aceto-balsamico-tradizionale-di-modena-dop\\\/#breadcrumb\"},\"inLanguage\":\"es\",\"potentialAction\":[{\"@type\":\"ReadAction\",\"target\":[\"https:\\\/\\\/balsamico.shop\\\/es\\\/producto\\\/malagoli-aceto-balsamico-tradizionale-di-modena-dop\\\/\"]}]},{\"@type\":\"ImageObject\",\"inLanguage\":\"es\",\"@id\":\"https:\\\/\\\/balsamico.shop\\\/es\\\/producto\\\/malagoli-aceto-balsamico-tradizionale-di-modena-dop\\\/#primaryimage\",\"url\":\"https:\\\/\\\/balsamico.shop\\\/es\\\/wp-content\\\/uploads\\\/2019\\\/12\\\/aceto-balsamico-tradizionale-di-modena-dop-malagoli-12.jpg\",\"contentUrl\":\"https:\\\/\\\/balsamico.shop\\\/es\\\/wp-content\\\/uploads\\\/2019\\\/12\\\/aceto-balsamico-tradizionale-di-modena-dop-malagoli-12.jpg\",\"width\":1600,\"height\":1872,\"caption\":\"Aceto Balsamico Tradizionale di Modena DOP - Malagoli\"},{\"@type\":\"BreadcrumbList\",\"@id\":\"https:\\\/\\\/balsamico.shop\\\/es\\\/producto\\\/malagoli-aceto-balsamico-tradizionale-di-modena-dop\\\/#breadcrumb\",\"itemListElement\":[{\"@type\":\"ListItem\",\"position\":1,\"name\":\"Home\",\"item\":\"https:\\\/\\\/balsamico.shop\\\/es\\\/\"},{\"@type\":\"ListItem\",\"position\":2,\"name\":\"Vinagre bals\u00e1mico de M\u00f3dena &#8211; Tienda Online\",\"item\":\"https:\\\/\\\/balsamico.shop\\\/es\\\/shop\\\/\"},{\"@type\":\"ListItem\",\"position\":3,\"name\":\"Aceto Balsamico Tradizionale di Modena D.O.P. Affinato &#8211; Malagoli\"}]},{\"@type\":\"WebSite\",\"@id\":\"https:\\\/\\\/balsamico.shop\\\/es\\\/#website\",\"url\":\"https:\\\/\\\/balsamico.shop\\\/es\\\/\",\"name\":\"Aceto Balsamico Shop - Espa\u00f1a\",\"description\":\"Comprar vinagre bals\u00e1mico de M\u00f3dena y Reggio Emilia\",\"potentialAction\":[{\"@type\":\"SearchAction\",\"target\":{\"@type\":\"EntryPoint\",\"urlTemplate\":\"https:\\\/\\\/balsamico.shop\\\/es\\\/?s={search_term_string}\"},\"query-input\":{\"@type\":\"PropertyValueSpecification\",\"valueRequired\":true,\"valueName\":\"search_term_string\"}}],\"inLanguage\":\"es\"}]}<\/script>\n<!-- \/ Yoast SEO plugin. -->","yoast_head_json":{"title":"Aceto Balsamico Tradizionale di Modena D.O.P. Affinato - Malagoli","robots":{"index":"index","follow":"follow","max-snippet":"max-snippet:-1","max-image-preview":"max-image-preview:large","max-video-preview":"max-video-preview:-1"},"canonical":"https:\/\/balsamico.shop\/es\/producto\/malagoli-aceto-balsamico-tradizionale-di-modena-dop\/","og_locale":"es_ES","og_type":"article","og_title":"Aceto Balsamico Tradizionale di Modena D.O.P. Affinato - Malagoli","og_description":"Este Aceto Balsamico Tradizionale di Modena D.O.P. procede de las barricas de la Acetaia Malagoli. Esta Acetaia fue fundada por Daniele Malagoli y naci\u00f3 de la pasi\u00f3n por el bals\u00e1mico hace casi 30 a\u00f1os en una finca t\u00edpica de la regi\u00f3n al sureste de M\u00f3dena. La Acetaia est\u00e1 rodeada de vi\u00f1as, \u00e1rboles frutales y campos. El n\u00famero de barricas creci\u00f3 con los a\u00f1os y con ello la excelente calidad del Aceto Balsamico que all\u00ed se produce. En la actualidad, la Acetaia est\u00e1 representada por Sof\u00eda Malagoli, la hija mayor de los Malagolis. Al igual que su padre, Sof\u00eda tambi\u00e9n siente pasi\u00f3n por el bals\u00e1mico y participa en el Consorcio Tutela Aceto Balsamico Tradizionale di Modena como representante e imparte cursos de bals\u00e1mico y visitas guiadas profesionales sobre el tema. Este Aceto Balsamico Tradizionale di Modena D.O.P. Affinato madur\u00f3 entre 12 y 24 a\u00f1os en las barricas de madera de Acetaia Malagoli. Somos una de las pocas tiendas en todo el mundo donde se puede comprar en l\u00ednea este bals\u00e1mico tradicional excepcionalmente bueno. Foto &#8211; Sofia Malagoli &#8211; Acetaia Malagoli Este lote, cuya oferta es muy limitada, se presenta en una caja de madera con el t\u00edpico pico. Ingredientes: 100% mosto de uva cocido. Nota: Puede contener sulfitos. Productor: Acetaia Malagoli Daniele V\u00eda Celeste 9 41013 Castelfranco Emilia (MO), Italia &nbsp;","og_url":"https:\/\/balsamico.shop\/es\/producto\/malagoli-aceto-balsamico-tradizionale-di-modena-dop\/","og_site_name":"Aceto Balsamico Shop - Espa\u00f1a","article_modified_time":"2026-04-25T10:44:45+00:00","og_image":[{"width":1600,"height":1872,"url":"https:\/\/balsamico.shop\/es\/wp-content\/uploads\/2019\/12\/aceto-balsamico-tradizionale-di-modena-dop-malagoli-12.jpg","type":"image\/jpeg"}],"twitter_card":"summary_large_image","twitter_misc":{"Tiempo de lectura":"2 minutos"},"schema":{"@context":"https:\/\/schema.org","@graph":[{"@type":"WebPage","@id":"https:\/\/balsamico.shop\/es\/producto\/malagoli-aceto-balsamico-tradizionale-di-modena-dop\/","url":"https:\/\/balsamico.shop\/es\/producto\/malagoli-aceto-balsamico-tradizionale-di-modena-dop\/","name":"Aceto Balsamico Tradizionale di Modena D.O.P. Affinato - Malagoli","isPartOf":{"@id":"https:\/\/balsamico.shop\/es\/#website"},"primaryImageOfPage":{"@id":"https:\/\/balsamico.shop\/es\/producto\/malagoli-aceto-balsamico-tradizionale-di-modena-dop\/#primaryimage"},"image":{"@id":"https:\/\/balsamico.shop\/es\/producto\/malagoli-aceto-balsamico-tradizionale-di-modena-dop\/#primaryimage"},"thumbnailUrl":"https:\/\/balsamico.shop\/es\/wp-content\/uploads\/2019\/12\/aceto-balsamico-tradizionale-di-modena-dop-malagoli-12.jpg","datePublished":"2019-12-06T08:09:52+00:00","dateModified":"2026-04-25T10:44:45+00:00","breadcrumb":{"@id":"https:\/\/balsamico.shop\/es\/producto\/malagoli-aceto-balsamico-tradizionale-di-modena-dop\/#breadcrumb"},"inLanguage":"es","potentialAction":[{"@type":"ReadAction","target":["https:\/\/balsamico.shop\/es\/producto\/malagoli-aceto-balsamico-tradizionale-di-modena-dop\/"]}]},{"@type":"ImageObject","inLanguage":"es","@id":"https:\/\/balsamico.shop\/es\/producto\/malagoli-aceto-balsamico-tradizionale-di-modena-dop\/#primaryimage","url":"https:\/\/balsamico.shop\/es\/wp-content\/uploads\/2019\/12\/aceto-balsamico-tradizionale-di-modena-dop-malagoli-12.jpg","contentUrl":"https:\/\/balsamico.shop\/es\/wp-content\/uploads\/2019\/12\/aceto-balsamico-tradizionale-di-modena-dop-malagoli-12.jpg","width":1600,"height":1872,"caption":"Aceto Balsamico Tradizionale di Modena DOP - Malagoli"},{"@type":"BreadcrumbList","@id":"https:\/\/balsamico.shop\/es\/producto\/malagoli-aceto-balsamico-tradizionale-di-modena-dop\/#breadcrumb","itemListElement":[{"@type":"ListItem","position":1,"name":"Home","item":"https:\/\/balsamico.shop\/es\/"},{"@type":"ListItem","position":2,"name":"Vinagre bals\u00e1mico de M\u00f3dena &#8211; Tienda Online","item":"https:\/\/balsamico.shop\/es\/shop\/"},{"@type":"ListItem","position":3,"name":"Aceto Balsamico Tradizionale di Modena D.O.P. Affinato &#8211; Malagoli"}]},{"@type":"WebSite","@id":"https:\/\/balsamico.shop\/es\/#website","url":"https:\/\/balsamico.shop\/es\/","name":"Aceto Balsamico Shop - Espa\u00f1a","description":"Comprar vinagre bals\u00e1mico de M\u00f3dena y Reggio Emilia","potentialAction":[{"@type":"SearchAction","target":{"@type":"EntryPoint","urlTemplate":"https:\/\/balsamico.shop\/es\/?s={search_term_string}"},"query-input":{"@type":"PropertyValueSpecification","valueRequired":true,"valueName":"search_term_string"}}],"inLanguage":"es"}]}},"_links":{"self":[{"href":"https:\/\/balsamico.shop\/es\/wp-json\/wp\/v2\/product\/1855","targetHints":{"allow":["GET"]}}],"collection":[{"href":"https:\/\/balsamico.shop\/es\/wp-json\/wp\/v2\/product"}],"about":[{"href":"https:\/\/balsamico.shop\/es\/wp-json\/wp\/v2\/types\/product"}],"wp:featuredmedia":[{"embeddable":true,"href":"https:\/\/balsamico.shop\/es\/wp-json\/wp\/v2\/media\/1858"}],"wp:attachment":[{"href":"https:\/\/balsamico.shop\/es\/wp-json\/wp\/v2\/media?parent=1855"}],"wp:term":[{"taxonomy":"product_brand","embeddable":true,"href":"https:\/\/balsamico.shop\/es\/wp-json\/wp\/v2\/product_brand?post=1855"},{"taxonomy":"product_cat","embeddable":true,"href":"https:\/\/balsamico.shop\/es\/wp-json\/wp\/v2\/product_cat?post=1855"},{"taxonomy":"product_tag","embeddable":true,"href":"https:\/\/balsamico.shop\/es\/wp-json\/wp\/v2\/product_tag?post=1855"}],"curies":[{"name":"wp","href":"https:\/\/api.w.org\/{rel}","templated":true}]}}