{"id":1815,"date":"2018-07-07T19:07:33","date_gmt":"2018-07-07T17:07:33","guid":{"rendered":"https:\/\/balsamico.shop\/es\/?post_type=product&#038;p=1815"},"modified":"2026-04-13T20:05:12","modified_gmt":"2026-04-13T18:05:12","slug":"bernardo-tesori-oro-aceto-balsamico-tradizionale-di-modena-dop-muy-viejo","status":"publish","type":"product","link":"https:\/\/balsamico.shop\/es\/producto\/bernardo-tesori-oro-aceto-balsamico-tradizionale-di-modena-dop-muy-viejo\/","title":{"rendered":"Bernardo Tesori &#8211; Oro &#8211; Aceto Balsamico Tradizionale di Modena ExtraVecchio D.O.P."},"content":{"rendered":"<p>Nuestra edici\u00f3n especial Bernardo Tesori Gold es un <strong>Aceto Balsamico Tradizionale di Modena extravecchio D.O.P.<\/strong> en una clase propia. En Bernardo Tesori probamos innumerables vinagres bals\u00e1micos tradicionales y s\u00f3lo unos pocos llegan a nuestra tienda. Nuestra Serie Oro corona esta selecci\u00f3n, haciendo honor a un embotellado especial que nos ha conquistado por su consistencia, aroma y sabor intenso. Compartimos el resultado de esta selecci\u00f3n \u00fanica con usted y tambi\u00e9n vendemos una parte muy limitada de esta serie aqu\u00ed en la tienda.<\/p>\n<p><img decoding=\"async\" class=\"alignleft\" src=\"https:\/\/balsamico.shop\/de\/wp-content\/uploads\/2018\/07\/acetaia.jpg\" \/> Acerca de la Serie Oro de Bernardo Tesori: Este bals\u00e1mico de alta calidad ha madurado <strong>durante 25 a\u00f1os<\/strong> en cinco barricas de madera diferentes (roble, casta\u00f1o, fresno, cerezo y enebro). Los vi\u00f1edos de este bals\u00e1mico se encuentran a unos 15 km al norte del centro de M\u00f3dena. Las variedades de uva Trebbiano y Lambrusco fueron procesadas en este bals\u00e1mico. <img decoding=\"async\" class=\"alignright\" src=\"https:\/\/balsamico.shop\/de\/wp-content\/uploads\/2018\/07\/zeit-ist-geld.jpg\" \/><\/p>\n<p>Nuestra cata demostr\u00f3 que este bals\u00e1mico tiene la armon\u00eda adecuada entre acidez, intensidad y dulzor. El equilibrio y los sabores t\u00edpicos de la regi\u00f3n y de la variedad de uva, as\u00ed como las antiguas bater\u00edas de barriles, nos han convencido. Con un valor Brix de m\u00e1s de 70 puntos, este Aceto Balsamico Tradizionale D.O.P. ofrece el dulzor necesario de un bals\u00e1mico extra viejo. La acidez del 4% est\u00e1 perfectamente integrada. As\u00ed es como debe saber un <strong>Tradizionale Extravecchio<\/strong>.<\/p>\n<p>Entregamos nuestra Serie Oro en la botella original y en una caja de regalo de madera sostenible que incluye un vertedor de <strong>corcho de vidrio original<\/strong>.<\/p>\n<p>&nbsp;<\/p>\n<p>Ingredientes: 100% mosto de uva cocido. Puede contener sulfitos naturales.<\/p>\n<p>Distribuidor: Bernardo Tesori &#8211; una marca de Acoonia GmbH. Brabandtstra\u00dfe 8, 38100 Braunschweig, Alemania<\/p>\n<p>Productor responsable: ACETOMODENA &#8211; Borelle 120 &#8211; 41126 Modena (MO), Italia<\/p>\n","protected":false},"excerpt":{"rendered":"<p>Nuestra edici\u00f3n especial Bernardo Tesori Gold es un Aceto Balsamico Tradizionale di Modena extravecchio D.O.P. en una clase propia. En Bernardo Tesori probamos innumerables vinagres bals\u00e1micos tradicionales y s\u00f3lo unos pocos llegan a nuestra tienda. Nuestra Serie Oro corona esta selecci\u00f3n, haciendo honor a un embotellado especial que nos ha conquistado por su consistencia, aroma y sabor intenso. Compartimos el resultado de esta selecci\u00f3n \u00fanica con usted y tambi\u00e9n vendemos una parte muy limitada de esta serie aqu\u00ed en la tienda. Acerca de la Serie Oro de Bernardo Tesori: Este bals\u00e1mico de alta calidad ha madurado durante 25 a\u00f1os en cinco barricas de madera diferentes (roble, casta\u00f1o, fresno, cerezo y enebro). Los vi\u00f1edos de este bals\u00e1mico se encuentran a unos 15 km al norte del centro de M\u00f3dena. Las variedades de uva Trebbiano y Lambrusco fueron procesadas en este bals\u00e1mico. Nuestra cata demostr\u00f3 que este bals\u00e1mico tiene la armon\u00eda adecuada entre acidez, intensidad y dulzor. El equilibrio y los sabores t\u00edpicos de la regi\u00f3n y de la variedad de uva, as\u00ed como las antiguas bater\u00edas de barriles, nos han convencido. Con un valor Brix de m\u00e1s de 70 puntos, este Aceto Balsamico Tradizionale D.O.P. ofrece el dulzor necesario de un bals\u00e1mico extra viejo. La acidez del 4% est\u00e1 perfectamente integrada. As\u00ed es como debe saber un Tradizionale Extravecchio. Entregamos nuestra Serie Oro en la botella original y en una caja de regalo de madera sostenible que incluye un vertedor de corcho de vidrio original. &nbsp; Ingredientes: 100% mosto de uva cocido. Puede contener sulfitos naturales. Distribuidor: Bernardo Tesori &#8211; una marca de Acoonia GmbH. Brabandtstra\u00dfe 8, 38100 Braunschweig, Alemania Productor responsable: ACETOMODENA &#8211; Borelle 120 &#8211; 41126 Modena (MO), Italia<\/p>\n","protected":false},"featured_media":1818,"template":"","meta":[],"product_brand":[],"product_cat":[54],"product_tag":[75,74],"class_list":{"0":"post-1815","1":"product","2":"type-product","3":"status-publish","4":"has-post-thumbnail","6":"product_cat-bernardo-tesori","7":"product_tag-vinagre-modena","8":"product_tag-vinagre-25-anos","9":"product_shipping_class-ueber-100","11":"first","12":"instock","13":"taxable","14":"shipping-taxable","15":"purchasable","16":"product-type-simple"},"bundle_layout":"","bundled_by":[],"bundled_items":[],"yoast_head":"<!-- This site is optimized with the Yoast SEO plugin v27.3 - https:\/\/yoast.com\/product\/yoast-seo-wordpress\/ -->\n<title>Bernardo Tesori - Oro - Aceto Balsamico Tradizionale di Modena ExtraVecchio D.O.P.<\/title>\n<meta name=\"robots\" content=\"index, follow, max-snippet:-1, max-image-preview:large, max-video-preview:-1\" \/>\n<link rel=\"canonical\" href=\"https:\/\/balsamico.shop\/es\/producto\/bernardo-tesori-oro-aceto-balsamico-tradizionale-di-modena-dop-muy-viejo\/\" \/>\n<meta property=\"og:locale\" content=\"es_ES\" \/>\n<meta property=\"og:type\" content=\"article\" \/>\n<meta property=\"og:title\" content=\"Bernardo Tesori - Oro - Aceto Balsamico Tradizionale di Modena ExtraVecchio D.O.P.\" \/>\n<meta property=\"og:description\" content=\"Nuestra edici\u00f3n especial Bernardo Tesori Gold es un Aceto Balsamico Tradizionale di Modena extravecchio D.O.P. en una clase propia. En Bernardo Tesori probamos innumerables vinagres bals\u00e1micos tradicionales y s\u00f3lo unos pocos llegan a nuestra tienda. Nuestra Serie Oro corona esta selecci\u00f3n, haciendo honor a un embotellado especial que nos ha conquistado por su consistencia, aroma y sabor intenso. Compartimos el resultado de esta selecci\u00f3n \u00fanica con usted y tambi\u00e9n vendemos una parte muy limitada de esta serie aqu\u00ed en la tienda. Acerca de la Serie Oro de Bernardo Tesori: Este bals\u00e1mico de alta calidad ha madurado durante 25 a\u00f1os en cinco barricas de madera diferentes (roble, casta\u00f1o, fresno, cerezo y enebro). Los vi\u00f1edos de este bals\u00e1mico se encuentran a unos 15 km al norte del centro de M\u00f3dena. Las variedades de uva Trebbiano y Lambrusco fueron procesadas en este bals\u00e1mico. Nuestra cata demostr\u00f3 que este bals\u00e1mico tiene la armon\u00eda adecuada entre acidez, intensidad y dulzor. El equilibrio y los sabores t\u00edpicos de la regi\u00f3n y de la variedad de uva, as\u00ed como las antiguas bater\u00edas de barriles, nos han convencido. Con un valor Brix de m\u00e1s de 70 puntos, este Aceto Balsamico Tradizionale D.O.P. ofrece el dulzor necesario de un bals\u00e1mico extra viejo. La acidez del 4% est\u00e1 perfectamente integrada. As\u00ed es como debe saber un Tradizionale Extravecchio. Entregamos nuestra Serie Oro en la botella original y en una caja de regalo de madera sostenible que incluye un vertedor de corcho de vidrio original. &nbsp; Ingredientes: 100% mosto de uva cocido. Puede contener sulfitos naturales. Distribuidor: Bernardo Tesori &#8211; una marca de Acoonia GmbH. Brabandtstra\u00dfe 8, 38100 Braunschweig, Alemania Productor responsable: ACETOMODENA &#8211; Borelle 120 &#8211; 41126 Modena (MO), Italia\" \/>\n<meta property=\"og:url\" content=\"https:\/\/balsamico.shop\/es\/producto\/bernardo-tesori-oro-aceto-balsamico-tradizionale-di-modena-dop-muy-viejo\/\" \/>\n<meta property=\"og:site_name\" content=\"Aceto Balsamico Shop - Espa\u00f1a\" \/>\n<meta property=\"article:modified_time\" content=\"2026-04-13T18:05:12+00:00\" \/>\n<meta property=\"og:image\" content=\"https:\/\/balsamico.shop\/es\/wp-content\/uploads\/2018\/07\/bernardo-tesori-aceto-balsamico-tradizionale-di-modena-gold.jpg\" \/>\n\t<meta property=\"og:image:width\" content=\"400\" \/>\n\t<meta property=\"og:image:height\" content=\"520\" \/>\n\t<meta property=\"og:image:type\" content=\"image\/jpeg\" \/>\n<meta name=\"twitter:card\" content=\"summary_large_image\" \/>\n<meta name=\"twitter:label1\" content=\"Tiempo de lectura\" \/>\n\t<meta name=\"twitter:data1\" content=\"2 minutos\" \/>\n<script type=\"application\/ld+json\" class=\"yoast-schema-graph\">{\"@context\":\"https:\\\/\\\/schema.org\",\"@graph\":[{\"@type\":\"WebPage\",\"@id\":\"https:\\\/\\\/balsamico.shop\\\/es\\\/producto\\\/bernardo-tesori-oro-aceto-balsamico-tradizionale-di-modena-dop-muy-viejo\\\/\",\"url\":\"https:\\\/\\\/balsamico.shop\\\/es\\\/producto\\\/bernardo-tesori-oro-aceto-balsamico-tradizionale-di-modena-dop-muy-viejo\\\/\",\"name\":\"Bernardo Tesori - Oro - Aceto Balsamico Tradizionale di Modena ExtraVecchio D.O.P.\",\"isPartOf\":{\"@id\":\"https:\\\/\\\/balsamico.shop\\\/es\\\/#website\"},\"primaryImageOfPage\":{\"@id\":\"https:\\\/\\\/balsamico.shop\\\/es\\\/producto\\\/bernardo-tesori-oro-aceto-balsamico-tradizionale-di-modena-dop-muy-viejo\\\/#primaryimage\"},\"image\":{\"@id\":\"https:\\\/\\\/balsamico.shop\\\/es\\\/producto\\\/bernardo-tesori-oro-aceto-balsamico-tradizionale-di-modena-dop-muy-viejo\\\/#primaryimage\"},\"thumbnailUrl\":\"https:\\\/\\\/balsamico.shop\\\/es\\\/wp-content\\\/uploads\\\/2018\\\/07\\\/bernardo-tesori-aceto-balsamico-tradizionale-di-modena-gold.jpg\",\"datePublished\":\"2018-07-07T17:07:33+00:00\",\"dateModified\":\"2026-04-13T18:05:12+00:00\",\"breadcrumb\":{\"@id\":\"https:\\\/\\\/balsamico.shop\\\/es\\\/producto\\\/bernardo-tesori-oro-aceto-balsamico-tradizionale-di-modena-dop-muy-viejo\\\/#breadcrumb\"},\"inLanguage\":\"es\",\"potentialAction\":[{\"@type\":\"ReadAction\",\"target\":[\"https:\\\/\\\/balsamico.shop\\\/es\\\/producto\\\/bernardo-tesori-oro-aceto-balsamico-tradizionale-di-modena-dop-muy-viejo\\\/\"]}]},{\"@type\":\"ImageObject\",\"inLanguage\":\"es\",\"@id\":\"https:\\\/\\\/balsamico.shop\\\/es\\\/producto\\\/bernardo-tesori-oro-aceto-balsamico-tradizionale-di-modena-dop-muy-viejo\\\/#primaryimage\",\"url\":\"https:\\\/\\\/balsamico.shop\\\/es\\\/wp-content\\\/uploads\\\/2018\\\/07\\\/bernardo-tesori-aceto-balsamico-tradizionale-di-modena-gold.jpg\",\"contentUrl\":\"https:\\\/\\\/balsamico.shop\\\/es\\\/wp-content\\\/uploads\\\/2018\\\/07\\\/bernardo-tesori-aceto-balsamico-tradizionale-di-modena-gold.jpg\",\"width\":400,\"height\":520,\"caption\":\"Bernardo Tesori Aceto Balsamico Tradizionale di Modena DOP extravecchio - Gold\"},{\"@type\":\"BreadcrumbList\",\"@id\":\"https:\\\/\\\/balsamico.shop\\\/es\\\/producto\\\/bernardo-tesori-oro-aceto-balsamico-tradizionale-di-modena-dop-muy-viejo\\\/#breadcrumb\",\"itemListElement\":[{\"@type\":\"ListItem\",\"position\":1,\"name\":\"Home\",\"item\":\"https:\\\/\\\/balsamico.shop\\\/es\\\/\"},{\"@type\":\"ListItem\",\"position\":2,\"name\":\"Vinagre bals\u00e1mico de M\u00f3dena &#8211; Tienda Online\",\"item\":\"https:\\\/\\\/balsamico.shop\\\/es\\\/shop\\\/\"},{\"@type\":\"ListItem\",\"position\":3,\"name\":\"Bernardo Tesori &#8211; Oro &#8211; Aceto Balsamico Tradizionale di Modena ExtraVecchio D.O.P.\"}]},{\"@type\":\"WebSite\",\"@id\":\"https:\\\/\\\/balsamico.shop\\\/es\\\/#website\",\"url\":\"https:\\\/\\\/balsamico.shop\\\/es\\\/\",\"name\":\"Aceto Balsamico Shop - Espa\u00f1a\",\"description\":\"Comprar vinagre bals\u00e1mico de M\u00f3dena y Reggio Emilia\",\"potentialAction\":[{\"@type\":\"SearchAction\",\"target\":{\"@type\":\"EntryPoint\",\"urlTemplate\":\"https:\\\/\\\/balsamico.shop\\\/es\\\/?s={search_term_string}\"},\"query-input\":{\"@type\":\"PropertyValueSpecification\",\"valueRequired\":true,\"valueName\":\"search_term_string\"}}],\"inLanguage\":\"es\"}]}<\/script>\n<!-- \/ Yoast SEO plugin. -->","yoast_head_json":{"title":"Bernardo Tesori - Oro - Aceto Balsamico Tradizionale di Modena ExtraVecchio D.O.P.","robots":{"index":"index","follow":"follow","max-snippet":"max-snippet:-1","max-image-preview":"max-image-preview:large","max-video-preview":"max-video-preview:-1"},"canonical":"https:\/\/balsamico.shop\/es\/producto\/bernardo-tesori-oro-aceto-balsamico-tradizionale-di-modena-dop-muy-viejo\/","og_locale":"es_ES","og_type":"article","og_title":"Bernardo Tesori - Oro - Aceto Balsamico Tradizionale di Modena ExtraVecchio D.O.P.","og_description":"Nuestra edici\u00f3n especial Bernardo Tesori Gold es un Aceto Balsamico Tradizionale di Modena extravecchio D.O.P. en una clase propia. En Bernardo Tesori probamos innumerables vinagres bals\u00e1micos tradicionales y s\u00f3lo unos pocos llegan a nuestra tienda. Nuestra Serie Oro corona esta selecci\u00f3n, haciendo honor a un embotellado especial que nos ha conquistado por su consistencia, aroma y sabor intenso. Compartimos el resultado de esta selecci\u00f3n \u00fanica con usted y tambi\u00e9n vendemos una parte muy limitada de esta serie aqu\u00ed en la tienda. Acerca de la Serie Oro de Bernardo Tesori: Este bals\u00e1mico de alta calidad ha madurado durante 25 a\u00f1os en cinco barricas de madera diferentes (roble, casta\u00f1o, fresno, cerezo y enebro). Los vi\u00f1edos de este bals\u00e1mico se encuentran a unos 15 km al norte del centro de M\u00f3dena. Las variedades de uva Trebbiano y Lambrusco fueron procesadas en este bals\u00e1mico. Nuestra cata demostr\u00f3 que este bals\u00e1mico tiene la armon\u00eda adecuada entre acidez, intensidad y dulzor. El equilibrio y los sabores t\u00edpicos de la regi\u00f3n y de la variedad de uva, as\u00ed como las antiguas bater\u00edas de barriles, nos han convencido. Con un valor Brix de m\u00e1s de 70 puntos, este Aceto Balsamico Tradizionale D.O.P. ofrece el dulzor necesario de un bals\u00e1mico extra viejo. La acidez del 4% est\u00e1 perfectamente integrada. As\u00ed es como debe saber un Tradizionale Extravecchio. Entregamos nuestra Serie Oro en la botella original y en una caja de regalo de madera sostenible que incluye un vertedor de corcho de vidrio original. &nbsp; Ingredientes: 100% mosto de uva cocido. Puede contener sulfitos naturales. Distribuidor: Bernardo Tesori &#8211; una marca de Acoonia GmbH. Brabandtstra\u00dfe 8, 38100 Braunschweig, Alemania Productor responsable: ACETOMODENA &#8211; Borelle 120 &#8211; 41126 Modena (MO), Italia","og_url":"https:\/\/balsamico.shop\/es\/producto\/bernardo-tesori-oro-aceto-balsamico-tradizionale-di-modena-dop-muy-viejo\/","og_site_name":"Aceto Balsamico Shop - Espa\u00f1a","article_modified_time":"2026-04-13T18:05:12+00:00","og_image":[{"width":400,"height":520,"url":"https:\/\/balsamico.shop\/es\/wp-content\/uploads\/2018\/07\/bernardo-tesori-aceto-balsamico-tradizionale-di-modena-gold.jpg","type":"image\/jpeg"}],"twitter_card":"summary_large_image","twitter_misc":{"Tiempo de lectura":"2 minutos"},"schema":{"@context":"https:\/\/schema.org","@graph":[{"@type":"WebPage","@id":"https:\/\/balsamico.shop\/es\/producto\/bernardo-tesori-oro-aceto-balsamico-tradizionale-di-modena-dop-muy-viejo\/","url":"https:\/\/balsamico.shop\/es\/producto\/bernardo-tesori-oro-aceto-balsamico-tradizionale-di-modena-dop-muy-viejo\/","name":"Bernardo Tesori - Oro - Aceto Balsamico Tradizionale di Modena ExtraVecchio D.O.P.","isPartOf":{"@id":"https:\/\/balsamico.shop\/es\/#website"},"primaryImageOfPage":{"@id":"https:\/\/balsamico.shop\/es\/producto\/bernardo-tesori-oro-aceto-balsamico-tradizionale-di-modena-dop-muy-viejo\/#primaryimage"},"image":{"@id":"https:\/\/balsamico.shop\/es\/producto\/bernardo-tesori-oro-aceto-balsamico-tradizionale-di-modena-dop-muy-viejo\/#primaryimage"},"thumbnailUrl":"https:\/\/balsamico.shop\/es\/wp-content\/uploads\/2018\/07\/bernardo-tesori-aceto-balsamico-tradizionale-di-modena-gold.jpg","datePublished":"2018-07-07T17:07:33+00:00","dateModified":"2026-04-13T18:05:12+00:00","breadcrumb":{"@id":"https:\/\/balsamico.shop\/es\/producto\/bernardo-tesori-oro-aceto-balsamico-tradizionale-di-modena-dop-muy-viejo\/#breadcrumb"},"inLanguage":"es","potentialAction":[{"@type":"ReadAction","target":["https:\/\/balsamico.shop\/es\/producto\/bernardo-tesori-oro-aceto-balsamico-tradizionale-di-modena-dop-muy-viejo\/"]}]},{"@type":"ImageObject","inLanguage":"es","@id":"https:\/\/balsamico.shop\/es\/producto\/bernardo-tesori-oro-aceto-balsamico-tradizionale-di-modena-dop-muy-viejo\/#primaryimage","url":"https:\/\/balsamico.shop\/es\/wp-content\/uploads\/2018\/07\/bernardo-tesori-aceto-balsamico-tradizionale-di-modena-gold.jpg","contentUrl":"https:\/\/balsamico.shop\/es\/wp-content\/uploads\/2018\/07\/bernardo-tesori-aceto-balsamico-tradizionale-di-modena-gold.jpg","width":400,"height":520,"caption":"Bernardo Tesori Aceto Balsamico Tradizionale di Modena DOP extravecchio - Gold"},{"@type":"BreadcrumbList","@id":"https:\/\/balsamico.shop\/es\/producto\/bernardo-tesori-oro-aceto-balsamico-tradizionale-di-modena-dop-muy-viejo\/#breadcrumb","itemListElement":[{"@type":"ListItem","position":1,"name":"Home","item":"https:\/\/balsamico.shop\/es\/"},{"@type":"ListItem","position":2,"name":"Vinagre bals\u00e1mico de M\u00f3dena &#8211; Tienda Online","item":"https:\/\/balsamico.shop\/es\/shop\/"},{"@type":"ListItem","position":3,"name":"Bernardo Tesori &#8211; Oro &#8211; Aceto Balsamico Tradizionale di Modena ExtraVecchio D.O.P."}]},{"@type":"WebSite","@id":"https:\/\/balsamico.shop\/es\/#website","url":"https:\/\/balsamico.shop\/es\/","name":"Aceto Balsamico Shop - Espa\u00f1a","description":"Comprar vinagre bals\u00e1mico de M\u00f3dena y Reggio Emilia","potentialAction":[{"@type":"SearchAction","target":{"@type":"EntryPoint","urlTemplate":"https:\/\/balsamico.shop\/es\/?s={search_term_string}"},"query-input":{"@type":"PropertyValueSpecification","valueRequired":true,"valueName":"search_term_string"}}],"inLanguage":"es"}]}},"_links":{"self":[{"href":"https:\/\/balsamico.shop\/es\/wp-json\/wp\/v2\/product\/1815","targetHints":{"allow":["GET"]}}],"collection":[{"href":"https:\/\/balsamico.shop\/es\/wp-json\/wp\/v2\/product"}],"about":[{"href":"https:\/\/balsamico.shop\/es\/wp-json\/wp\/v2\/types\/product"}],"wp:featuredmedia":[{"embeddable":true,"href":"https:\/\/balsamico.shop\/es\/wp-json\/wp\/v2\/media\/1818"}],"wp:attachment":[{"href":"https:\/\/balsamico.shop\/es\/wp-json\/wp\/v2\/media?parent=1815"}],"wp:term":[{"taxonomy":"product_brand","embeddable":true,"href":"https:\/\/balsamico.shop\/es\/wp-json\/wp\/v2\/product_brand?post=1815"},{"taxonomy":"product_cat","embeddable":true,"href":"https:\/\/balsamico.shop\/es\/wp-json\/wp\/v2\/product_cat?post=1815"},{"taxonomy":"product_tag","embeddable":true,"href":"https:\/\/balsamico.shop\/es\/wp-json\/wp\/v2\/product_tag?post=1815"}],"curies":[{"name":"wp","href":"https:\/\/api.w.org\/{rel}","templated":true}]}}