{"id":1810,"date":"2021-03-27T23:31:16","date_gmt":"2021-03-27T22:31:16","guid":{"rendered":"https:\/\/balsamico.shop\/es\/?post_type=product&#038;p=1810"},"modified":"2026-04-01T13:45:56","modified_gmt":"2026-04-01T11:45:56","slug":"aceto-balsamico-di-modena-igp-bernardo-tesori","status":"publish","type":"product","link":"https:\/\/balsamico.shop\/es\/producto\/aceto-balsamico-di-modena-igp-bernardo-tesori\/","title":{"rendered":"Aceto Balsamico di Modena IGP &#8211; Bernardo Tesori"},"content":{"rendered":"<p>\u00a1Nuevo! Nuestro Bernardo Tesori &#8211; <strong>Aceto Balsamico di Modena I.G.P.<\/strong> &#8211; Edici\u00f3n de Bronce en un embotellado exclusivo. Este bals\u00e1mico envejecido en barricas de madera convence por su alta densidad y <strong>consistencia almibarada<\/strong>. Es ideal para preparar sabrosos aderezos y salsas de <strong>uso cotidiano<\/strong>. Su consistencia espesa tambi\u00e9n la hace adecuada para la guarnici\u00f3n de los platos principales. Especialmente indicado para la receta cl\u00e1sica con tomate, mozzarella, vinagre bals\u00e1mico y albahaca fresca. Obtendr\u00e1 un Aceto Balsamico di Modena IGP de primera clase con una incre\u00edble relaci\u00f3n calidad-precio.<\/p>\n<p>Este <strong>bals\u00e1mico certificado por la I.G.P.<\/strong> es extremadamente oscuro, con un sabor excepcionalmente afrutado e impregnado de sutiles notas amaderadas de cereza y roble. El seis por ciento de acidez (que debe tener un Aceto Balsamico di Modena I.G.P.) est\u00e1 perfectamente integrado y forma una agradable armon\u00eda entre el dulzor y la acidez, de modo que este bals\u00e1mico tambi\u00e9n puede disfrutarse puro. Este producto natural italiano se ha elaborado sin colorantes ni aditivos artificiales.<img loading=\"lazy\" decoding=\"async\" class=\"alignright\" src=\"https:\/\/balsamico.shop\/de\/wp-content\/uploads\/2021\/03\/bronze-tropfen-balsamico-bernardo-tesori.png\" alt=\"Aceto Balsamico di Modena IGP - Bernardo Tesori\" width=\"253\" height=\"256\" \/><\/p>\n<p>El aroma es equilibrado, con ligeras notas de tabaco y ciruelas. La acidez est\u00e1 discretamente en segundo plano y no destaca.<\/p>\n<p>El embotellado Bernardo Tesori Bronce ha sido creado en estrecha colaboraci\u00f3n con los mejores especialistas en bals\u00e1micos de M\u00f3dena y perfeccionado por el \u00abMaestro del Gusto\u00bb de una conocida acetaia familiar. Recibir\u00e1 un bals\u00e1mico de primera calidad, que s\u00f3lo podr\u00e1 adquirir aqu\u00ed en nuestra tienda online. El vertedor, ya integrado, garantiza el vertido sin goteo. De este modo, puede colocar la botella en la mesa del comedor de forma visualmente atractiva. Una deliciosa obra maestra a un precio inmejorable.<\/p>\n<p><strong>Informaci\u00f3n sobre el almacenamiento y la conservaci\u00f3n<\/strong>: Fecha de consumo preferente: 03\/2031, incluso despu\u00e9s de abierto. Almacenar cerrado a temperatura ambiente y alejado de la luz solar directa.<\/p>\n<p><span style=\"text-decoration: underline;\"><strong>Datos del producto:<\/strong><\/span><\/p>\n<p><strong>Envejecimiento<\/strong>: El mosto de uva madur\u00f3 en barricas de madera de roble, el vinagre de vino en barricas de roble.<\/p>\n<p><strong>Variedad de uva<\/strong>: Lambrusco y Trebbiano.<\/p>\n<p><strong>Densidad<\/strong>: 1,34 &#8211; calidad superior (almibarada \/ viscosa)<\/p>\n<p><strong>Color<\/strong>: marr\u00f3n oscuro intenso<\/p>\n<p><strong>Aroma<\/strong>: agradablemente comedido, acidez ligada, intensamente afrutado y estimulante<\/p>\n<p><strong>Sabor e intensidad<\/strong>: sabor dulce e intenso con ligeras notas de tabaco y ciruela, acidez armoniosamente integrada.<\/p>\n<p><strong>Almacenamiento<\/strong>: conservar en un lugar fresco y seco, protegido de la luz y el calor.<\/p>\n<p><strong>Embotellado<\/strong>: 2021<\/p>\n<p><strong>Vida \u00fatil<\/strong>: 10 a\u00f1os &#8211; hasta MHD 03\/2031<\/p>\n<p><strong>Pa\u00eds de origen<\/strong>: Italia<\/p>\n<p><strong>Producido y procesado<\/strong>: M\u00f3dena, Italia<\/p>\n<p><strong>Sello de protecci\u00f3n<\/strong>: I.G.P. = Indicaci\u00f3n geogr\u00e1fica protegida.<\/p>\n<p><strong>Designaci\u00f3n protegida por<\/strong>: Reglamento (CE) n\u00ba 583\/2009 &#8211; Aceto Balsamico di Modena.<\/p>\n<p><strong>Ca\u00f1o<\/strong>: integrado, de silicona<\/p>\n<p><strong>Cantidad<\/strong>: 250 mililitros<\/p>\n<p><strong>Ingredientes<\/strong>: 6% de acidez, mosto de uva, vinagre de vino.<\/p>\n<p><strong>Nota<\/strong>: contiene sulfitos<\/p>\n<p>Lugar de embotellado: n.CSAQ 392211, M\u00f3dena, Italia<\/p>\n<p>Distribuidor: Bernardo Tesori &#8211; una marca de Acoonia GmbH. Brabandtstrasse 8, 38100 Brunswick<\/p>\n","protected":false},"excerpt":{"rendered":"<p>\u00a1Nuevo! Nuestro Bernardo Tesori &#8211; Aceto Balsamico di Modena I.G.P. &#8211; Edici\u00f3n de Bronce en un embotellado exclusivo. Este bals\u00e1mico envejecido en barricas de madera convence por su alta densidad y consistencia almibarada. Es ideal para preparar sabrosos aderezos y salsas de uso cotidiano. Su consistencia espesa tambi\u00e9n la hace adecuada para la guarnici\u00f3n de los platos principales. Especialmente indicado para la receta cl\u00e1sica con tomate, mozzarella, vinagre bals\u00e1mico y albahaca fresca. Obtendr\u00e1 un Aceto Balsamico di Modena IGP de primera clase con una incre\u00edble relaci\u00f3n calidad-precio. Este bals\u00e1mico certificado por la I.G.P. es extremadamente oscuro, con un sabor excepcionalmente afrutado e impregnado de sutiles notas amaderadas de cereza y roble. El seis por ciento de acidez (que debe tener un Aceto Balsamico di Modena I.G.P.) est\u00e1 perfectamente integrado y forma una agradable armon\u00eda entre el dulzor y la acidez, de modo que este bals\u00e1mico tambi\u00e9n puede disfrutarse puro. Este producto natural italiano se ha elaborado sin colorantes ni aditivos artificiales. El aroma es equilibrado, con ligeras notas de tabaco y ciruelas. La acidez est\u00e1 discretamente en segundo plano y no destaca. El embotellado Bernardo Tesori Bronce ha sido creado en estrecha colaboraci\u00f3n con los mejores especialistas en bals\u00e1micos de M\u00f3dena y perfeccionado por el \u00abMaestro del Gusto\u00bb de una conocida acetaia familiar. Recibir\u00e1 un bals\u00e1mico de primera calidad, que s\u00f3lo podr\u00e1 adquirir aqu\u00ed en nuestra tienda online. El vertedor, ya integrado, garantiza el vertido sin goteo. De este modo, puede colocar la botella en la mesa del comedor de forma visualmente atractiva. Una deliciosa obra maestra a un precio inmejorable. Informaci\u00f3n sobre el almacenamiento y la conservaci\u00f3n: Fecha de consumo preferente: 03\/2031, incluso despu\u00e9s de abierto. Almacenar cerrado a temperatura ambiente y alejado de la luz solar directa. Datos del producto: Envejecimiento: El mosto de uva madur\u00f3 en barricas de madera de roble, el vinagre de vino en barricas de roble. Variedad de uva: Lambrusco y Trebbiano. Densidad: 1,34 &#8211; calidad superior (almibarada \/ viscosa) Color: marr\u00f3n oscuro intenso Aroma: agradablemente comedido, acidez ligada, intensamente afrutado y estimulante Sabor e intensidad: sabor dulce e intenso con ligeras notas de tabaco y ciruela, acidez armoniosamente integrada. Almacenamiento: conservar en un lugar fresco y seco, protegido de la luz y el calor. Embotellado: 2021 Vida \u00fatil: 10 a\u00f1os &#8211; hasta MHD 03\/2031 Pa\u00eds de origen: Italia Producido y procesado: M\u00f3dena, Italia Sello de protecci\u00f3n: I.G.P. = Indicaci\u00f3n geogr\u00e1fica protegida. Designaci\u00f3n protegida por: Reglamento (CE) n\u00ba 583\/2009 &#8211; Aceto Balsamico di Modena. Ca\u00f1o: integrado, de silicona Cantidad: 250 mililitros Ingredientes: 6% de acidez, mosto de uva, vinagre de vino. Nota: contiene sulfitos Lugar de embotellado: n.CSAQ 392211, M\u00f3dena, Italia Distribuidor: Bernardo Tesori &#8211; una marca de Acoonia GmbH. Brabandtstrasse 8, 38100 Brunswick<\/p>\n","protected":false},"featured_media":1813,"template":"","meta":[],"product_brand":[],"product_cat":[54],"product_tag":[75,77],"class_list":{"0":"post-1810","1":"product","2":"type-product","3":"status-publish","4":"has-post-thumbnail","6":"product_cat-bernardo-tesori","7":"product_tag-vinagre-modena","8":"product_tag-vinagre-modena-igp","9":"product_shipping_class-balsamico","11":"first","12":"outofstock","13":"taxable","14":"shipping-taxable","15":"purchasable","16":"product-type-simple"},"bundle_layout":"","bundled_by":[],"bundled_items":[],"yoast_head":"<!-- This site is optimized with the Yoast SEO plugin v27.5 - https:\/\/yoast.com\/product\/yoast-seo-wordpress\/ -->\n<title>Aceto Balsamico di Modena IGP - Bernardo Tesori<\/title>\n<meta name=\"robots\" content=\"index, follow, max-snippet:-1, max-image-preview:large, max-video-preview:-1\" \/>\n<link rel=\"canonical\" href=\"https:\/\/balsamico.shop\/es\/producto\/aceto-balsamico-di-modena-igp-bernardo-tesori\/\" \/>\n<meta property=\"og:locale\" content=\"es_ES\" \/>\n<meta property=\"og:type\" content=\"article\" \/>\n<meta property=\"og:title\" content=\"Aceto Balsamico di Modena IGP - Bernardo Tesori\" \/>\n<meta property=\"og:description\" content=\"\u00a1Nuevo! Nuestro Bernardo Tesori &#8211; Aceto Balsamico di Modena I.G.P. &#8211; Edici\u00f3n de Bronce en un embotellado exclusivo. Este bals\u00e1mico envejecido en barricas de madera convence por su alta densidad y consistencia almibarada. Es ideal para preparar sabrosos aderezos y salsas de uso cotidiano. Su consistencia espesa tambi\u00e9n la hace adecuada para la guarnici\u00f3n de los platos principales. Especialmente indicado para la receta cl\u00e1sica con tomate, mozzarella, vinagre bals\u00e1mico y albahaca fresca. Obtendr\u00e1 un Aceto Balsamico di Modena IGP de primera clase con una incre\u00edble relaci\u00f3n calidad-precio. Este bals\u00e1mico certificado por la I.G.P. es extremadamente oscuro, con un sabor excepcionalmente afrutado e impregnado de sutiles notas amaderadas de cereza y roble. El seis por ciento de acidez (que debe tener un Aceto Balsamico di Modena I.G.P.) est\u00e1 perfectamente integrado y forma una agradable armon\u00eda entre el dulzor y la acidez, de modo que este bals\u00e1mico tambi\u00e9n puede disfrutarse puro. Este producto natural italiano se ha elaborado sin colorantes ni aditivos artificiales. El aroma es equilibrado, con ligeras notas de tabaco y ciruelas. La acidez est\u00e1 discretamente en segundo plano y no destaca. El embotellado Bernardo Tesori Bronce ha sido creado en estrecha colaboraci\u00f3n con los mejores especialistas en bals\u00e1micos de M\u00f3dena y perfeccionado por el \u00abMaestro del Gusto\u00bb de una conocida acetaia familiar. Recibir\u00e1 un bals\u00e1mico de primera calidad, que s\u00f3lo podr\u00e1 adquirir aqu\u00ed en nuestra tienda online. El vertedor, ya integrado, garantiza el vertido sin goteo. De este modo, puede colocar la botella en la mesa del comedor de forma visualmente atractiva. Una deliciosa obra maestra a un precio inmejorable. Informaci\u00f3n sobre el almacenamiento y la conservaci\u00f3n: Fecha de consumo preferente: 03\/2031, incluso despu\u00e9s de abierto. Almacenar cerrado a temperatura ambiente y alejado de la luz solar directa. Datos del producto: Envejecimiento: El mosto de uva madur\u00f3 en barricas de madera de roble, el vinagre de vino en barricas de roble. Variedad de uva: Lambrusco y Trebbiano. Densidad: 1,34 &#8211; calidad superior (almibarada \/ viscosa) Color: marr\u00f3n oscuro intenso Aroma: agradablemente comedido, acidez ligada, intensamente afrutado y estimulante Sabor e intensidad: sabor dulce e intenso con ligeras notas de tabaco y ciruela, acidez armoniosamente integrada. Almacenamiento: conservar en un lugar fresco y seco, protegido de la luz y el calor. Embotellado: 2021 Vida \u00fatil: 10 a\u00f1os &#8211; hasta MHD 03\/2031 Pa\u00eds de origen: Italia Producido y procesado: M\u00f3dena, Italia Sello de protecci\u00f3n: I.G.P. = Indicaci\u00f3n geogr\u00e1fica protegida. Designaci\u00f3n protegida por: Reglamento (CE) n\u00ba 583\/2009 &#8211; Aceto Balsamico di Modena. Ca\u00f1o: integrado, de silicona Cantidad: 250 mililitros Ingredientes: 6% de acidez, mosto de uva, vinagre de vino. Nota: contiene sulfitos Lugar de embotellado: n.CSAQ 392211, M\u00f3dena, Italia Distribuidor: Bernardo Tesori &#8211; una marca de Acoonia GmbH. Brabandtstrasse 8, 38100 Brunswick\" \/>\n<meta property=\"og:url\" content=\"https:\/\/balsamico.shop\/es\/producto\/aceto-balsamico-di-modena-igp-bernardo-tesori\/\" \/>\n<meta property=\"og:site_name\" content=\"Aceto Balsamico Shop - Espa\u00f1a\" \/>\n<meta property=\"article:modified_time\" content=\"2026-04-01T11:45:56+00:00\" \/>\n<meta property=\"og:image\" content=\"https:\/\/balsamico.shop\/es\/wp-content\/uploads\/2021\/03\/bernardo-tesori-aceto-balsamico-di-modena-igp.jpg\" \/>\n\t<meta property=\"og:image:width\" content=\"1600\" \/>\n\t<meta property=\"og:image:height\" content=\"1872\" \/>\n\t<meta property=\"og:image:type\" content=\"image\/jpeg\" \/>\n<meta name=\"twitter:card\" content=\"summary_large_image\" \/>\n<meta name=\"twitter:label1\" content=\"Tiempo de lectura\" \/>\n\t<meta name=\"twitter:data1\" content=\"3 minutos\" \/>\n<script type=\"application\/ld+json\" class=\"yoast-schema-graph\">{\"@context\":\"https:\\\/\\\/schema.org\",\"@graph\":[{\"@type\":\"WebPage\",\"@id\":\"https:\\\/\\\/balsamico.shop\\\/es\\\/producto\\\/aceto-balsamico-di-modena-igp-bernardo-tesori\\\/\",\"url\":\"https:\\\/\\\/balsamico.shop\\\/es\\\/producto\\\/aceto-balsamico-di-modena-igp-bernardo-tesori\\\/\",\"name\":\"Aceto Balsamico di Modena IGP - Bernardo Tesori\",\"isPartOf\":{\"@id\":\"https:\\\/\\\/balsamico.shop\\\/es\\\/#website\"},\"primaryImageOfPage\":{\"@id\":\"https:\\\/\\\/balsamico.shop\\\/es\\\/producto\\\/aceto-balsamico-di-modena-igp-bernardo-tesori\\\/#primaryimage\"},\"image\":{\"@id\":\"https:\\\/\\\/balsamico.shop\\\/es\\\/producto\\\/aceto-balsamico-di-modena-igp-bernardo-tesori\\\/#primaryimage\"},\"thumbnailUrl\":\"https:\\\/\\\/balsamico.shop\\\/es\\\/wp-content\\\/uploads\\\/2021\\\/03\\\/bernardo-tesori-aceto-balsamico-di-modena-igp.jpg\",\"datePublished\":\"2021-03-27T22:31:16+00:00\",\"dateModified\":\"2026-04-01T11:45:56+00:00\",\"breadcrumb\":{\"@id\":\"https:\\\/\\\/balsamico.shop\\\/es\\\/producto\\\/aceto-balsamico-di-modena-igp-bernardo-tesori\\\/#breadcrumb\"},\"inLanguage\":\"es\",\"potentialAction\":[{\"@type\":\"ReadAction\",\"target\":[\"https:\\\/\\\/balsamico.shop\\\/es\\\/producto\\\/aceto-balsamico-di-modena-igp-bernardo-tesori\\\/\"]}]},{\"@type\":\"ImageObject\",\"inLanguage\":\"es\",\"@id\":\"https:\\\/\\\/balsamico.shop\\\/es\\\/producto\\\/aceto-balsamico-di-modena-igp-bernardo-tesori\\\/#primaryimage\",\"url\":\"https:\\\/\\\/balsamico.shop\\\/es\\\/wp-content\\\/uploads\\\/2021\\\/03\\\/bernardo-tesori-aceto-balsamico-di-modena-igp.jpg\",\"contentUrl\":\"https:\\\/\\\/balsamico.shop\\\/es\\\/wp-content\\\/uploads\\\/2021\\\/03\\\/bernardo-tesori-aceto-balsamico-di-modena-igp.jpg\",\"width\":1600,\"height\":1872},{\"@type\":\"BreadcrumbList\",\"@id\":\"https:\\\/\\\/balsamico.shop\\\/es\\\/producto\\\/aceto-balsamico-di-modena-igp-bernardo-tesori\\\/#breadcrumb\",\"itemListElement\":[{\"@type\":\"ListItem\",\"position\":1,\"name\":\"Home\",\"item\":\"https:\\\/\\\/balsamico.shop\\\/es\\\/\"},{\"@type\":\"ListItem\",\"position\":2,\"name\":\"Vinagre bals\u00e1mico de M\u00f3dena &#8211; Tienda Online\",\"item\":\"https:\\\/\\\/balsamico.shop\\\/es\\\/shop\\\/\"},{\"@type\":\"ListItem\",\"position\":3,\"name\":\"Aceto Balsamico di Modena IGP &#8211; Bernardo Tesori\"}]},{\"@type\":\"WebSite\",\"@id\":\"https:\\\/\\\/balsamico.shop\\\/es\\\/#website\",\"url\":\"https:\\\/\\\/balsamico.shop\\\/es\\\/\",\"name\":\"Aceto Balsamico Shop - Espa\u00f1a\",\"description\":\"Comprar vinagre bals\u00e1mico de M\u00f3dena y Reggio Emilia\",\"potentialAction\":[{\"@type\":\"SearchAction\",\"target\":{\"@type\":\"EntryPoint\",\"urlTemplate\":\"https:\\\/\\\/balsamico.shop\\\/es\\\/?s={search_term_string}\"},\"query-input\":{\"@type\":\"PropertyValueSpecification\",\"valueRequired\":true,\"valueName\":\"search_term_string\"}}],\"inLanguage\":\"es\"}]}<\/script>\n<!-- \/ Yoast SEO plugin. -->","yoast_head_json":{"title":"Aceto Balsamico di Modena IGP - Bernardo Tesori","robots":{"index":"index","follow":"follow","max-snippet":"max-snippet:-1","max-image-preview":"max-image-preview:large","max-video-preview":"max-video-preview:-1"},"canonical":"https:\/\/balsamico.shop\/es\/producto\/aceto-balsamico-di-modena-igp-bernardo-tesori\/","og_locale":"es_ES","og_type":"article","og_title":"Aceto Balsamico di Modena IGP - Bernardo Tesori","og_description":"\u00a1Nuevo! Nuestro Bernardo Tesori &#8211; Aceto Balsamico di Modena I.G.P. &#8211; Edici\u00f3n de Bronce en un embotellado exclusivo. Este bals\u00e1mico envejecido en barricas de madera convence por su alta densidad y consistencia almibarada. Es ideal para preparar sabrosos aderezos y salsas de uso cotidiano. Su consistencia espesa tambi\u00e9n la hace adecuada para la guarnici\u00f3n de los platos principales. Especialmente indicado para la receta cl\u00e1sica con tomate, mozzarella, vinagre bals\u00e1mico y albahaca fresca. Obtendr\u00e1 un Aceto Balsamico di Modena IGP de primera clase con una incre\u00edble relaci\u00f3n calidad-precio. Este bals\u00e1mico certificado por la I.G.P. es extremadamente oscuro, con un sabor excepcionalmente afrutado e impregnado de sutiles notas amaderadas de cereza y roble. El seis por ciento de acidez (que debe tener un Aceto Balsamico di Modena I.G.P.) est\u00e1 perfectamente integrado y forma una agradable armon\u00eda entre el dulzor y la acidez, de modo que este bals\u00e1mico tambi\u00e9n puede disfrutarse puro. Este producto natural italiano se ha elaborado sin colorantes ni aditivos artificiales. El aroma es equilibrado, con ligeras notas de tabaco y ciruelas. La acidez est\u00e1 discretamente en segundo plano y no destaca. El embotellado Bernardo Tesori Bronce ha sido creado en estrecha colaboraci\u00f3n con los mejores especialistas en bals\u00e1micos de M\u00f3dena y perfeccionado por el \u00abMaestro del Gusto\u00bb de una conocida acetaia familiar. Recibir\u00e1 un bals\u00e1mico de primera calidad, que s\u00f3lo podr\u00e1 adquirir aqu\u00ed en nuestra tienda online. El vertedor, ya integrado, garantiza el vertido sin goteo. De este modo, puede colocar la botella en la mesa del comedor de forma visualmente atractiva. Una deliciosa obra maestra a un precio inmejorable. Informaci\u00f3n sobre el almacenamiento y la conservaci\u00f3n: Fecha de consumo preferente: 03\/2031, incluso despu\u00e9s de abierto. Almacenar cerrado a temperatura ambiente y alejado de la luz solar directa. Datos del producto: Envejecimiento: El mosto de uva madur\u00f3 en barricas de madera de roble, el vinagre de vino en barricas de roble. Variedad de uva: Lambrusco y Trebbiano. Densidad: 1,34 &#8211; calidad superior (almibarada \/ viscosa) Color: marr\u00f3n oscuro intenso Aroma: agradablemente comedido, acidez ligada, intensamente afrutado y estimulante Sabor e intensidad: sabor dulce e intenso con ligeras notas de tabaco y ciruela, acidez armoniosamente integrada. Almacenamiento: conservar en un lugar fresco y seco, protegido de la luz y el calor. Embotellado: 2021 Vida \u00fatil: 10 a\u00f1os &#8211; hasta MHD 03\/2031 Pa\u00eds de origen: Italia Producido y procesado: M\u00f3dena, Italia Sello de protecci\u00f3n: I.G.P. = Indicaci\u00f3n geogr\u00e1fica protegida. Designaci\u00f3n protegida por: Reglamento (CE) n\u00ba 583\/2009 &#8211; Aceto Balsamico di Modena. Ca\u00f1o: integrado, de silicona Cantidad: 250 mililitros Ingredientes: 6% de acidez, mosto de uva, vinagre de vino. Nota: contiene sulfitos Lugar de embotellado: n.CSAQ 392211, M\u00f3dena, Italia Distribuidor: Bernardo Tesori &#8211; una marca de Acoonia GmbH. Brabandtstrasse 8, 38100 Brunswick","og_url":"https:\/\/balsamico.shop\/es\/producto\/aceto-balsamico-di-modena-igp-bernardo-tesori\/","og_site_name":"Aceto Balsamico Shop - Espa\u00f1a","article_modified_time":"2026-04-01T11:45:56+00:00","og_image":[{"width":1600,"height":1872,"url":"https:\/\/balsamico.shop\/es\/wp-content\/uploads\/2021\/03\/bernardo-tesori-aceto-balsamico-di-modena-igp.jpg","type":"image\/jpeg"}],"twitter_card":"summary_large_image","twitter_misc":{"Tiempo de lectura":"3 minutos"},"schema":{"@context":"https:\/\/schema.org","@graph":[{"@type":"WebPage","@id":"https:\/\/balsamico.shop\/es\/producto\/aceto-balsamico-di-modena-igp-bernardo-tesori\/","url":"https:\/\/balsamico.shop\/es\/producto\/aceto-balsamico-di-modena-igp-bernardo-tesori\/","name":"Aceto Balsamico di Modena IGP - Bernardo Tesori","isPartOf":{"@id":"https:\/\/balsamico.shop\/es\/#website"},"primaryImageOfPage":{"@id":"https:\/\/balsamico.shop\/es\/producto\/aceto-balsamico-di-modena-igp-bernardo-tesori\/#primaryimage"},"image":{"@id":"https:\/\/balsamico.shop\/es\/producto\/aceto-balsamico-di-modena-igp-bernardo-tesori\/#primaryimage"},"thumbnailUrl":"https:\/\/balsamico.shop\/es\/wp-content\/uploads\/2021\/03\/bernardo-tesori-aceto-balsamico-di-modena-igp.jpg","datePublished":"2021-03-27T22:31:16+00:00","dateModified":"2026-04-01T11:45:56+00:00","breadcrumb":{"@id":"https:\/\/balsamico.shop\/es\/producto\/aceto-balsamico-di-modena-igp-bernardo-tesori\/#breadcrumb"},"inLanguage":"es","potentialAction":[{"@type":"ReadAction","target":["https:\/\/balsamico.shop\/es\/producto\/aceto-balsamico-di-modena-igp-bernardo-tesori\/"]}]},{"@type":"ImageObject","inLanguage":"es","@id":"https:\/\/balsamico.shop\/es\/producto\/aceto-balsamico-di-modena-igp-bernardo-tesori\/#primaryimage","url":"https:\/\/balsamico.shop\/es\/wp-content\/uploads\/2021\/03\/bernardo-tesori-aceto-balsamico-di-modena-igp.jpg","contentUrl":"https:\/\/balsamico.shop\/es\/wp-content\/uploads\/2021\/03\/bernardo-tesori-aceto-balsamico-di-modena-igp.jpg","width":1600,"height":1872},{"@type":"BreadcrumbList","@id":"https:\/\/balsamico.shop\/es\/producto\/aceto-balsamico-di-modena-igp-bernardo-tesori\/#breadcrumb","itemListElement":[{"@type":"ListItem","position":1,"name":"Home","item":"https:\/\/balsamico.shop\/es\/"},{"@type":"ListItem","position":2,"name":"Vinagre bals\u00e1mico de M\u00f3dena &#8211; Tienda Online","item":"https:\/\/balsamico.shop\/es\/shop\/"},{"@type":"ListItem","position":3,"name":"Aceto Balsamico di Modena IGP &#8211; Bernardo Tesori"}]},{"@type":"WebSite","@id":"https:\/\/balsamico.shop\/es\/#website","url":"https:\/\/balsamico.shop\/es\/","name":"Aceto Balsamico Shop - Espa\u00f1a","description":"Comprar vinagre bals\u00e1mico de M\u00f3dena y Reggio Emilia","potentialAction":[{"@type":"SearchAction","target":{"@type":"EntryPoint","urlTemplate":"https:\/\/balsamico.shop\/es\/?s={search_term_string}"},"query-input":{"@type":"PropertyValueSpecification","valueRequired":true,"valueName":"search_term_string"}}],"inLanguage":"es"}]}},"_links":{"self":[{"href":"https:\/\/balsamico.shop\/es\/wp-json\/wp\/v2\/product\/1810","targetHints":{"allow":["GET"]}}],"collection":[{"href":"https:\/\/balsamico.shop\/es\/wp-json\/wp\/v2\/product"}],"about":[{"href":"https:\/\/balsamico.shop\/es\/wp-json\/wp\/v2\/types\/product"}],"wp:featuredmedia":[{"embeddable":true,"href":"https:\/\/balsamico.shop\/es\/wp-json\/wp\/v2\/media\/1813"}],"wp:attachment":[{"href":"https:\/\/balsamico.shop\/es\/wp-json\/wp\/v2\/media?parent=1810"}],"wp:term":[{"taxonomy":"product_brand","embeddable":true,"href":"https:\/\/balsamico.shop\/es\/wp-json\/wp\/v2\/product_brand?post=1810"},{"taxonomy":"product_cat","embeddable":true,"href":"https:\/\/balsamico.shop\/es\/wp-json\/wp\/v2\/product_cat?post=1810"},{"taxonomy":"product_tag","embeddable":true,"href":"https:\/\/balsamico.shop\/es\/wp-json\/wp\/v2\/product_tag?post=1810"}],"curies":[{"name":"wp","href":"https:\/\/api.w.org\/{rel}","templated":true}]}}