{"id":1631,"date":"2020-06-04T08:24:52","date_gmt":"2020-06-04T06:24:52","guid":{"rendered":"https:\/\/balsamico.shop\/es\/?post_type=product&#038;p=1631"},"modified":"2025-11-30T21:01:42","modified_gmt":"2025-11-30T20:01:42","slug":"aceto-balsamico-tradizionale-di-modena-giuseppe-cremonini","status":"publish","type":"product","link":"https:\/\/balsamico.shop\/es\/producto\/aceto-balsamico-tradizionale-di-modena-giuseppe-cremonini\/","title":{"rendered":"Aceto Balsamico Tradizionale di Modena &#8211; Giuseppe Cremonini"},"content":{"rendered":"<p><img loading=\"lazy\" decoding=\"async\" class=\"size-medium wp-image-1633 alignright\" src=\"https:\/\/balsamico.shop\/es\/wp-content\/uploads\/2020\/06\/cremonini-logo-211x300.png\" alt=\"\" width=\"211\" height=\"300\" srcset=\"https:\/\/balsamico.shop\/es\/wp-content\/uploads\/2020\/06\/cremonini-logo-211x300.png 211w, https:\/\/balsamico.shop\/es\/wp-content\/uploads\/2020\/06\/cremonini-logo.png 238w\" sizes=\"auto, (max-width: 211px) 100vw, 211px\" \/>Uno de los m\u00e1s famosos productores de bals\u00e1mico en Italia es la familia Cremonini. Entre los pueblos de San Donnino y Spilamberto, rodeados de vi\u00f1edos y campos, la empresa <strong>Giuseppe Cremonini<\/strong> lleva muchos a\u00f1os produciendo Aceto Balsamico.<\/p>\n<p>La empresa tradicional conoce bien los diferentes niveles de calidad industrial y, adem\u00e1s de los numerosos vinagres bals\u00e1micos de precio optimizado para el comercio al por menor, Cremonini tambi\u00e9n puede puntuar con una calidad extremadamente alta. Esto fue recientemente probado en una prueba realizada por Stiftung Warentest en Alemania &#8211; donde Giuseppe Cremonini gan\u00f3 con su Premium Aceto Balsamico madurado en barril!<\/p>\n<p>Giuseppe Cremonini produce un <strong>Aceto Balsamico Tradizionale di Modena D.O.P.<\/strong> en muy peque\u00f1as cantidades. Este producto puede ser encontrado por Cremonini casi nunca en tiendas normales. Es el arte m\u00e1s alto de la producci\u00f3n de Balsamico y en esta \u00e1rea el Affinato puede convencer plenamente en el gusto despu\u00e9s de 12 a\u00f1os de maduraci\u00f3n en barriles de madera.<\/p>\n<p>Experimente la extraordinaria intensidad de sabor de este Aceto Balsamico Tradizionale di Modena. Inmediatamente probar\u00e1 la diferencia con otros productos de este productor.<\/p>\n<p>Este \u00abAceto Balsamico Tradizionale\u00bb est\u00e1 compuesto exclusivamente por mosto de uva hervido y sin ning\u00fan otro aditivo, especialmente sin la adici\u00f3n de vinagre de vino. La acidez se mezcla perfectamente con el producto, tiene un sabor intenso y duradero y convence por su sabor distintivo de a\u00f1os de maduraci\u00f3n.<\/p>\n<p>Ingredientes: 100% de mosto de uva hervido<\/p>\n<p>Nota: Puede contener sulfitos.<\/p>\n<p>&nbsp;<\/p>\n<p>&nbsp;<\/p>\n<p>&nbsp;<\/p>\n<p>&nbsp;<\/p>\n<p>Productor:<br \/>\nAcetaia Giuseppe Cremonini srl<br \/>\nVia Foschiero, 1142 Spilamberto, M\u00f3dena, Italia<\/p>\n","protected":false},"excerpt":{"rendered":"<p>Uno de los m\u00e1s famosos productores de bals\u00e1mico en Italia es la familia Cremonini. Entre los pueblos de San Donnino y Spilamberto, rodeados de vi\u00f1edos y campos, la empresa Giuseppe Cremonini lleva muchos a\u00f1os produciendo Aceto Balsamico. La empresa tradicional conoce bien los diferentes niveles de calidad industrial y, adem\u00e1s de los numerosos vinagres bals\u00e1micos de precio optimizado para el comercio al por menor, Cremonini tambi\u00e9n puede puntuar con una calidad extremadamente alta. Esto fue recientemente probado en una prueba realizada por Stiftung Warentest en Alemania &#8211; donde Giuseppe Cremonini gan\u00f3 con su Premium Aceto Balsamico madurado en barril! Giuseppe Cremonini produce un Aceto Balsamico Tradizionale di Modena D.O.P. en muy peque\u00f1as cantidades. Este producto puede ser encontrado por Cremonini casi nunca en tiendas normales. Es el arte m\u00e1s alto de la producci\u00f3n de Balsamico y en esta \u00e1rea el Affinato puede convencer plenamente en el gusto despu\u00e9s de 12 a\u00f1os de maduraci\u00f3n en barriles de madera. Experimente la extraordinaria intensidad de sabor de este Aceto Balsamico Tradizionale di Modena. Inmediatamente probar\u00e1 la diferencia con otros productos de este productor. Este \u00abAceto Balsamico Tradizionale\u00bb est\u00e1 compuesto exclusivamente por mosto de uva hervido y sin ning\u00fan otro aditivo, especialmente sin la adici\u00f3n de vinagre de vino. La acidez se mezcla perfectamente con el producto, tiene un sabor intenso y duradero y convence por su sabor distintivo de a\u00f1os de maduraci\u00f3n. Ingredientes: 100% de mosto de uva hervido Nota: Puede contener sulfitos. &nbsp; &nbsp; &nbsp; &nbsp; Productor: Acetaia Giuseppe Cremonini srl Via Foschiero, 1142 Spilamberto, M\u00f3dena, Italia<\/p>\n","protected":false},"featured_media":1636,"template":"","meta":[],"product_brand":[],"product_cat":[59],"product_tag":[75,73],"class_list":{"0":"post-1631","1":"product","2":"type-product","3":"status-publish","4":"has-post-thumbnail","6":"product_cat-cremonini","7":"product_tag-vinagre-modena","8":"product_tag-vinagre-12-anos","9":"product_shipping_class-balsamico","11":"first","12":"outofstock","13":"taxable","14":"shipping-taxable","15":"purchasable","16":"product-type-simple"},"bundle_layout":"","bundled_by":[],"bundled_items":[],"yoast_head":"<!-- This site is optimized with the Yoast SEO plugin v27.3 - https:\/\/yoast.com\/product\/yoast-seo-wordpress\/ -->\n<title>Aceto Balsamico Tradizionale di Modena - Giuseppe Cremonini<\/title>\n<meta name=\"robots\" content=\"index, follow, max-snippet:-1, max-image-preview:large, max-video-preview:-1\" \/>\n<link rel=\"canonical\" href=\"https:\/\/balsamico.shop\/es\/producto\/aceto-balsamico-tradizionale-di-modena-giuseppe-cremonini\/\" \/>\n<meta property=\"og:locale\" content=\"es_ES\" \/>\n<meta property=\"og:type\" content=\"article\" \/>\n<meta property=\"og:title\" content=\"Aceto Balsamico Tradizionale di Modena - Giuseppe Cremonini\" \/>\n<meta property=\"og:description\" content=\"Uno de los m\u00e1s famosos productores de bals\u00e1mico en Italia es la familia Cremonini. Entre los pueblos de San Donnino y Spilamberto, rodeados de vi\u00f1edos y campos, la empresa Giuseppe Cremonini lleva muchos a\u00f1os produciendo Aceto Balsamico. La empresa tradicional conoce bien los diferentes niveles de calidad industrial y, adem\u00e1s de los numerosos vinagres bals\u00e1micos de precio optimizado para el comercio al por menor, Cremonini tambi\u00e9n puede puntuar con una calidad extremadamente alta. Esto fue recientemente probado en una prueba realizada por Stiftung Warentest en Alemania &#8211; donde Giuseppe Cremonini gan\u00f3 con su Premium Aceto Balsamico madurado en barril! Giuseppe Cremonini produce un Aceto Balsamico Tradizionale di Modena D.O.P. en muy peque\u00f1as cantidades. Este producto puede ser encontrado por Cremonini casi nunca en tiendas normales. Es el arte m\u00e1s alto de la producci\u00f3n de Balsamico y en esta \u00e1rea el Affinato puede convencer plenamente en el gusto despu\u00e9s de 12 a\u00f1os de maduraci\u00f3n en barriles de madera. Experimente la extraordinaria intensidad de sabor de este Aceto Balsamico Tradizionale di Modena. Inmediatamente probar\u00e1 la diferencia con otros productos de este productor. Este \u00abAceto Balsamico Tradizionale\u00bb est\u00e1 compuesto exclusivamente por mosto de uva hervido y sin ning\u00fan otro aditivo, especialmente sin la adici\u00f3n de vinagre de vino. La acidez se mezcla perfectamente con el producto, tiene un sabor intenso y duradero y convence por su sabor distintivo de a\u00f1os de maduraci\u00f3n. Ingredientes: 100% de mosto de uva hervido Nota: Puede contener sulfitos. &nbsp; &nbsp; &nbsp; &nbsp; Productor: Acetaia Giuseppe Cremonini srl Via Foschiero, 1142 Spilamberto, M\u00f3dena, Italia\" \/>\n<meta property=\"og:url\" content=\"https:\/\/balsamico.shop\/es\/producto\/aceto-balsamico-tradizionale-di-modena-giuseppe-cremonini\/\" \/>\n<meta property=\"og:site_name\" content=\"Aceto Balsamico Shop - Espa\u00f1a\" \/>\n<meta property=\"article:modified_time\" content=\"2025-11-30T20:01:42+00:00\" \/>\n<meta property=\"og:image\" content=\"https:\/\/balsamico.shop\/es\/wp-content\/uploads\/2020\/06\/aceto-balsamico-tradizionale-di-modena-giuseppe-cremonini-12-lum.jpg\" \/>\n\t<meta property=\"og:image:width\" content=\"1600\" \/>\n\t<meta property=\"og:image:height\" content=\"1872\" \/>\n\t<meta property=\"og:image:type\" content=\"image\/jpeg\" \/>\n<meta name=\"twitter:card\" content=\"summary_large_image\" \/>\n<meta name=\"twitter:label1\" content=\"Tiempo de lectura\" \/>\n\t<meta name=\"twitter:data1\" content=\"2 minutos\" \/>\n<script type=\"application\/ld+json\" class=\"yoast-schema-graph\">{\"@context\":\"https:\\\/\\\/schema.org\",\"@graph\":[{\"@type\":\"WebPage\",\"@id\":\"https:\\\/\\\/balsamico.shop\\\/es\\\/producto\\\/aceto-balsamico-tradizionale-di-modena-giuseppe-cremonini\\\/\",\"url\":\"https:\\\/\\\/balsamico.shop\\\/es\\\/producto\\\/aceto-balsamico-tradizionale-di-modena-giuseppe-cremonini\\\/\",\"name\":\"Aceto Balsamico Tradizionale di Modena - Giuseppe Cremonini\",\"isPartOf\":{\"@id\":\"https:\\\/\\\/balsamico.shop\\\/es\\\/#website\"},\"primaryImageOfPage\":{\"@id\":\"https:\\\/\\\/balsamico.shop\\\/es\\\/producto\\\/aceto-balsamico-tradizionale-di-modena-giuseppe-cremonini\\\/#primaryimage\"},\"image\":{\"@id\":\"https:\\\/\\\/balsamico.shop\\\/es\\\/producto\\\/aceto-balsamico-tradizionale-di-modena-giuseppe-cremonini\\\/#primaryimage\"},\"thumbnailUrl\":\"https:\\\/\\\/balsamico.shop\\\/es\\\/wp-content\\\/uploads\\\/2020\\\/06\\\/aceto-balsamico-tradizionale-di-modena-giuseppe-cremonini-12-lum.jpg\",\"datePublished\":\"2020-06-04T06:24:52+00:00\",\"dateModified\":\"2025-11-30T20:01:42+00:00\",\"breadcrumb\":{\"@id\":\"https:\\\/\\\/balsamico.shop\\\/es\\\/producto\\\/aceto-balsamico-tradizionale-di-modena-giuseppe-cremonini\\\/#breadcrumb\"},\"inLanguage\":\"es\",\"potentialAction\":[{\"@type\":\"ReadAction\",\"target\":[\"https:\\\/\\\/balsamico.shop\\\/es\\\/producto\\\/aceto-balsamico-tradizionale-di-modena-giuseppe-cremonini\\\/\"]}]},{\"@type\":\"ImageObject\",\"inLanguage\":\"es\",\"@id\":\"https:\\\/\\\/balsamico.shop\\\/es\\\/producto\\\/aceto-balsamico-tradizionale-di-modena-giuseppe-cremonini\\\/#primaryimage\",\"url\":\"https:\\\/\\\/balsamico.shop\\\/es\\\/wp-content\\\/uploads\\\/2020\\\/06\\\/aceto-balsamico-tradizionale-di-modena-giuseppe-cremonini-12-lum.jpg\",\"contentUrl\":\"https:\\\/\\\/balsamico.shop\\\/es\\\/wp-content\\\/uploads\\\/2020\\\/06\\\/aceto-balsamico-tradizionale-di-modena-giuseppe-cremonini-12-lum.jpg\",\"width\":1600,\"height\":1872,\"caption\":\"Aceto Balsamico Tradizionale Giuseppe Cremonini\"},{\"@type\":\"BreadcrumbList\",\"@id\":\"https:\\\/\\\/balsamico.shop\\\/es\\\/producto\\\/aceto-balsamico-tradizionale-di-modena-giuseppe-cremonini\\\/#breadcrumb\",\"itemListElement\":[{\"@type\":\"ListItem\",\"position\":1,\"name\":\"Home\",\"item\":\"https:\\\/\\\/balsamico.shop\\\/es\\\/\"},{\"@type\":\"ListItem\",\"position\":2,\"name\":\"Vinagre bals\u00e1mico de M\u00f3dena &#8211; Tienda Online\",\"item\":\"https:\\\/\\\/balsamico.shop\\\/es\\\/shop\\\/\"},{\"@type\":\"ListItem\",\"position\":3,\"name\":\"Aceto Balsamico Tradizionale di Modena &#8211; Giuseppe Cremonini\"}]},{\"@type\":\"WebSite\",\"@id\":\"https:\\\/\\\/balsamico.shop\\\/es\\\/#website\",\"url\":\"https:\\\/\\\/balsamico.shop\\\/es\\\/\",\"name\":\"Aceto Balsamico Shop - Espa\u00f1a\",\"description\":\"Comprar vinagre bals\u00e1mico de M\u00f3dena y Reggio Emilia\",\"potentialAction\":[{\"@type\":\"SearchAction\",\"target\":{\"@type\":\"EntryPoint\",\"urlTemplate\":\"https:\\\/\\\/balsamico.shop\\\/es\\\/?s={search_term_string}\"},\"query-input\":{\"@type\":\"PropertyValueSpecification\",\"valueRequired\":true,\"valueName\":\"search_term_string\"}}],\"inLanguage\":\"es\"}]}<\/script>\n<!-- \/ Yoast SEO plugin. -->","yoast_head_json":{"title":"Aceto Balsamico Tradizionale di Modena - Giuseppe Cremonini","robots":{"index":"index","follow":"follow","max-snippet":"max-snippet:-1","max-image-preview":"max-image-preview:large","max-video-preview":"max-video-preview:-1"},"canonical":"https:\/\/balsamico.shop\/es\/producto\/aceto-balsamico-tradizionale-di-modena-giuseppe-cremonini\/","og_locale":"es_ES","og_type":"article","og_title":"Aceto Balsamico Tradizionale di Modena - Giuseppe Cremonini","og_description":"Uno de los m\u00e1s famosos productores de bals\u00e1mico en Italia es la familia Cremonini. Entre los pueblos de San Donnino y Spilamberto, rodeados de vi\u00f1edos y campos, la empresa Giuseppe Cremonini lleva muchos a\u00f1os produciendo Aceto Balsamico. La empresa tradicional conoce bien los diferentes niveles de calidad industrial y, adem\u00e1s de los numerosos vinagres bals\u00e1micos de precio optimizado para el comercio al por menor, Cremonini tambi\u00e9n puede puntuar con una calidad extremadamente alta. Esto fue recientemente probado en una prueba realizada por Stiftung Warentest en Alemania &#8211; donde Giuseppe Cremonini gan\u00f3 con su Premium Aceto Balsamico madurado en barril! Giuseppe Cremonini produce un Aceto Balsamico Tradizionale di Modena D.O.P. en muy peque\u00f1as cantidades. Este producto puede ser encontrado por Cremonini casi nunca en tiendas normales. Es el arte m\u00e1s alto de la producci\u00f3n de Balsamico y en esta \u00e1rea el Affinato puede convencer plenamente en el gusto despu\u00e9s de 12 a\u00f1os de maduraci\u00f3n en barriles de madera. Experimente la extraordinaria intensidad de sabor de este Aceto Balsamico Tradizionale di Modena. Inmediatamente probar\u00e1 la diferencia con otros productos de este productor. Este \u00abAceto Balsamico Tradizionale\u00bb est\u00e1 compuesto exclusivamente por mosto de uva hervido y sin ning\u00fan otro aditivo, especialmente sin la adici\u00f3n de vinagre de vino. La acidez se mezcla perfectamente con el producto, tiene un sabor intenso y duradero y convence por su sabor distintivo de a\u00f1os de maduraci\u00f3n. Ingredientes: 100% de mosto de uva hervido Nota: Puede contener sulfitos. &nbsp; &nbsp; &nbsp; &nbsp; Productor: Acetaia Giuseppe Cremonini srl Via Foschiero, 1142 Spilamberto, M\u00f3dena, Italia","og_url":"https:\/\/balsamico.shop\/es\/producto\/aceto-balsamico-tradizionale-di-modena-giuseppe-cremonini\/","og_site_name":"Aceto Balsamico Shop - Espa\u00f1a","article_modified_time":"2025-11-30T20:01:42+00:00","og_image":[{"width":1600,"height":1872,"url":"https:\/\/balsamico.shop\/es\/wp-content\/uploads\/2020\/06\/aceto-balsamico-tradizionale-di-modena-giuseppe-cremonini-12-lum.jpg","type":"image\/jpeg"}],"twitter_card":"summary_large_image","twitter_misc":{"Tiempo de lectura":"2 minutos"},"schema":{"@context":"https:\/\/schema.org","@graph":[{"@type":"WebPage","@id":"https:\/\/balsamico.shop\/es\/producto\/aceto-balsamico-tradizionale-di-modena-giuseppe-cremonini\/","url":"https:\/\/balsamico.shop\/es\/producto\/aceto-balsamico-tradizionale-di-modena-giuseppe-cremonini\/","name":"Aceto Balsamico Tradizionale di Modena - Giuseppe Cremonini","isPartOf":{"@id":"https:\/\/balsamico.shop\/es\/#website"},"primaryImageOfPage":{"@id":"https:\/\/balsamico.shop\/es\/producto\/aceto-balsamico-tradizionale-di-modena-giuseppe-cremonini\/#primaryimage"},"image":{"@id":"https:\/\/balsamico.shop\/es\/producto\/aceto-balsamico-tradizionale-di-modena-giuseppe-cremonini\/#primaryimage"},"thumbnailUrl":"https:\/\/balsamico.shop\/es\/wp-content\/uploads\/2020\/06\/aceto-balsamico-tradizionale-di-modena-giuseppe-cremonini-12-lum.jpg","datePublished":"2020-06-04T06:24:52+00:00","dateModified":"2025-11-30T20:01:42+00:00","breadcrumb":{"@id":"https:\/\/balsamico.shop\/es\/producto\/aceto-balsamico-tradizionale-di-modena-giuseppe-cremonini\/#breadcrumb"},"inLanguage":"es","potentialAction":[{"@type":"ReadAction","target":["https:\/\/balsamico.shop\/es\/producto\/aceto-balsamico-tradizionale-di-modena-giuseppe-cremonini\/"]}]},{"@type":"ImageObject","inLanguage":"es","@id":"https:\/\/balsamico.shop\/es\/producto\/aceto-balsamico-tradizionale-di-modena-giuseppe-cremonini\/#primaryimage","url":"https:\/\/balsamico.shop\/es\/wp-content\/uploads\/2020\/06\/aceto-balsamico-tradizionale-di-modena-giuseppe-cremonini-12-lum.jpg","contentUrl":"https:\/\/balsamico.shop\/es\/wp-content\/uploads\/2020\/06\/aceto-balsamico-tradizionale-di-modena-giuseppe-cremonini-12-lum.jpg","width":1600,"height":1872,"caption":"Aceto Balsamico Tradizionale Giuseppe Cremonini"},{"@type":"BreadcrumbList","@id":"https:\/\/balsamico.shop\/es\/producto\/aceto-balsamico-tradizionale-di-modena-giuseppe-cremonini\/#breadcrumb","itemListElement":[{"@type":"ListItem","position":1,"name":"Home","item":"https:\/\/balsamico.shop\/es\/"},{"@type":"ListItem","position":2,"name":"Vinagre bals\u00e1mico de M\u00f3dena &#8211; Tienda Online","item":"https:\/\/balsamico.shop\/es\/shop\/"},{"@type":"ListItem","position":3,"name":"Aceto Balsamico Tradizionale di Modena &#8211; Giuseppe Cremonini"}]},{"@type":"WebSite","@id":"https:\/\/balsamico.shop\/es\/#website","url":"https:\/\/balsamico.shop\/es\/","name":"Aceto Balsamico Shop - Espa\u00f1a","description":"Comprar vinagre bals\u00e1mico de M\u00f3dena y Reggio Emilia","potentialAction":[{"@type":"SearchAction","target":{"@type":"EntryPoint","urlTemplate":"https:\/\/balsamico.shop\/es\/?s={search_term_string}"},"query-input":{"@type":"PropertyValueSpecification","valueRequired":true,"valueName":"search_term_string"}}],"inLanguage":"es"}]}},"_links":{"self":[{"href":"https:\/\/balsamico.shop\/es\/wp-json\/wp\/v2\/product\/1631","targetHints":{"allow":["GET"]}}],"collection":[{"href":"https:\/\/balsamico.shop\/es\/wp-json\/wp\/v2\/product"}],"about":[{"href":"https:\/\/balsamico.shop\/es\/wp-json\/wp\/v2\/types\/product"}],"wp:featuredmedia":[{"embeddable":true,"href":"https:\/\/balsamico.shop\/es\/wp-json\/wp\/v2\/media\/1636"}],"wp:attachment":[{"href":"https:\/\/balsamico.shop\/es\/wp-json\/wp\/v2\/media?parent=1631"}],"wp:term":[{"taxonomy":"product_brand","embeddable":true,"href":"https:\/\/balsamico.shop\/es\/wp-json\/wp\/v2\/product_brand?post=1631"},{"taxonomy":"product_cat","embeddable":true,"href":"https:\/\/balsamico.shop\/es\/wp-json\/wp\/v2\/product_cat?post=1631"},{"taxonomy":"product_tag","embeddable":true,"href":"https:\/\/balsamico.shop\/es\/wp-json\/wp\/v2\/product_tag?post=1631"}],"curies":[{"name":"wp","href":"https:\/\/api.w.org\/{rel}","templated":true}]}}