{"id":1628,"date":"2016-10-02T00:57:39","date_gmt":"2016-10-01T22:57:39","guid":{"rendered":"https:\/\/balsamico.shop\/es\/?post_type=product&#038;p=1628"},"modified":"2026-04-17T10:27:01","modified_gmt":"2026-04-17T08:27:01","slug":"duetto-aceti-balsamici-tradizionali-1225-anos-la-secchia","status":"publish","type":"product","link":"https:\/\/balsamico.shop\/es\/producto\/duetto-aceti-balsamici-tradizionali-1225-anos-la-secchia\/","title":{"rendered":"Duetto &#8211; Dos Aceto Balsamico Tradizionale di Modena D.O.P. &#8211; 12+25 a\u00f1os &#8211; La Secchia"},"content":{"rendered":"<p>El regalo perfecto para el amante del vinagre bals\u00e1mico &#8211; \u00abIl Duetto\u00bb &#8211; las dos perfecciones se unen en una unidad cerrada. El \u00abAceto Balsamico Tradizionale di Modena DOP &#8211; Affinato\u00bb y el \u00abAceto Balsamico Tradizionale di Modena DOP &#8211; Extravecchio\u00bb de Lorenzo Righi se entregan en una hermosa y moderna caja doble que incluye un ca\u00f1o tradicional y muestran al conocedor toda la variedad de la artesan\u00eda bals\u00e1mica tradicional de M\u00f3dena.<\/p>\n<p><img loading=\"lazy\" decoding=\"async\" width=\"552\" height=\"505\" class=\"alignnone wp-image-393 size-full\" src=\"https:\/\/balsamico.shop\/es\/wp-content\/uploads\/2016\/10\/duetto-box.png\" alt=\"Aceto Balsamico Tradizionale 12 + 25 Modena\" srcset=\"https:\/\/balsamico.shop\/es\/wp-content\/uploads\/2016\/10\/duetto-box.png 552w, https:\/\/balsamico.shop\/es\/wp-content\/uploads\/2016\/10\/duetto-box-300x274.png 300w, https:\/\/balsamico.shop\/es\/wp-content\/uploads\/2016\/10\/duetto-box-390x357.png 390w\" sizes=\"auto, (max-width: 552px) 100vw, 552px\" \/><\/p>\n<p>Como coordinador del Club Excelencia, una cooperativa de los principales comerciantes e importadores de vino de Italia, y con su experiencia profesional en el sector del vino, Lorenzo Righi tambi\u00e9n conoce su camino en el mundo de la vinicultura. Como operador de su Acetaia La Secchia en el sur de M\u00f3dena, tambi\u00e9n ofrece a los interesados una visi\u00f3n directa del mundo del vinagre bals\u00e1mico con una visita guiada a sus instalaciones de almacenamiento de barriles y una posterior degustaci\u00f3n a petici\u00f3n:<\/p>\n<p><img loading=\"lazy\" decoding=\"async\" width=\"699\" height=\"747\" class=\"alignnone wp-image-391 size-full\" src=\"https:\/\/balsamico.shop\/es\/wp-content\/uploads\/2016\/10\/la-secchia.png\" alt=\"Acetaia La Secchia Modena\" srcset=\"https:\/\/balsamico.shop\/es\/wp-content\/uploads\/2016\/10\/la-secchia.png 699w, https:\/\/balsamico.shop\/es\/wp-content\/uploads\/2016\/10\/la-secchia-600x641.png 600w, https:\/\/balsamico.shop\/es\/wp-content\/uploads\/2016\/10\/la-secchia-281x300.png 281w, https:\/\/balsamico.shop\/es\/wp-content\/uploads\/2016\/10\/la-secchia-390x417.png 390w, https:\/\/balsamico.shop\/es\/wp-content\/uploads\/2016\/10\/la-secchia-300x321.png 300w\" sizes=\"auto, (max-width: 699px) 100vw, 699px\" \/><\/p>\n<p>Ingredientes: 100% de mosto de uva<\/p>\n<p>Nota: Puede contener sulfitos naturales.<\/p>\n<p>&nbsp;<\/p>\n<p>&nbsp;<\/p>\n<p>&nbsp;<\/p>\n<p>Productor:<br \/>\nAntica Acetaia La Secchia di Righi L.<br \/>\nVia Francesco Ghiaroni, 169\/171<br \/>\n41126 Modena<br \/>\nItalia<\/p>\n","protected":false},"excerpt":{"rendered":"<p>El regalo perfecto para el amante del vinagre bals\u00e1mico &#8211; \u00abIl Duetto\u00bb &#8211; las dos perfecciones se unen en una unidad cerrada. El \u00abAceto Balsamico Tradizionale di Modena DOP &#8211; Affinato\u00bb y el \u00abAceto Balsamico Tradizionale di Modena DOP &#8211; Extravecchio\u00bb de Lorenzo Righi se entregan en una hermosa y moderna caja doble que incluye un ca\u00f1o tradicional y muestran al conocedor toda la variedad de la artesan\u00eda bals\u00e1mica tradicional de M\u00f3dena. Como coordinador del Club Excelencia, una cooperativa de los principales comerciantes e importadores de vino de Italia, y con su experiencia profesional en el sector del vino, Lorenzo Righi tambi\u00e9n conoce su camino en el mundo de la vinicultura. Como operador de su Acetaia La Secchia en el sur de M\u00f3dena, tambi\u00e9n ofrece a los interesados una visi\u00f3n directa del mundo del vinagre bals\u00e1mico con una visita guiada a sus instalaciones de almacenamiento de barriles y una posterior degustaci\u00f3n a petici\u00f3n: Ingredientes: 100% de mosto de uva Nota: Puede contener sulfitos naturales. &nbsp; &nbsp; &nbsp; Productor: Antica Acetaia La Secchia di Righi L. Via Francesco Ghiaroni, 169\/171 41126 Modena Italia<\/p>\n","protected":false},"featured_media":1959,"template":"","meta":[],"product_brand":[],"product_cat":[33],"product_tag":[75,73,74],"class_list":{"0":"post-1628","1":"product","2":"type-product","3":"status-publish","4":"has-post-thumbnail","6":"product_cat-la-secchia","7":"product_tag-vinagre-modena","8":"product_tag-vinagre-12-anos","9":"product_tag-vinagre-25-anos","11":"first","12":"instock","13":"featured","14":"taxable","15":"shipping-taxable","16":"purchasable","17":"product-type-simple"},"bundle_layout":"","bundled_by":[],"bundled_items":[],"yoast_head":"<!-- This site is optimized with the Yoast SEO plugin v27.3 - https:\/\/yoast.com\/product\/yoast-seo-wordpress\/ -->\n<title>Duetto - Dos Aceto Balsamico Tradizionale di Modena D.O.P. - 12+25 a\u00f1os - La Secchia<\/title>\n<meta name=\"robots\" content=\"index, follow, max-snippet:-1, max-image-preview:large, max-video-preview:-1\" \/>\n<link rel=\"canonical\" href=\"https:\/\/balsamico.shop\/es\/producto\/duetto-aceti-balsamici-tradizionali-1225-anos-la-secchia\/\" \/>\n<meta property=\"og:locale\" content=\"es_ES\" \/>\n<meta property=\"og:type\" content=\"article\" \/>\n<meta property=\"og:title\" content=\"Duetto - Dos Aceto Balsamico Tradizionale di Modena D.O.P. - 12+25 a\u00f1os - La Secchia\" \/>\n<meta property=\"og:description\" content=\"El regalo perfecto para el amante del vinagre bals\u00e1mico &#8211; \u00abIl Duetto\u00bb &#8211; las dos perfecciones se unen en una unidad cerrada. El \u00abAceto Balsamico Tradizionale di Modena DOP &#8211; Affinato\u00bb y el \u00abAceto Balsamico Tradizionale di Modena DOP &#8211; Extravecchio\u00bb de Lorenzo Righi se entregan en una hermosa y moderna caja doble que incluye un ca\u00f1o tradicional y muestran al conocedor toda la variedad de la artesan\u00eda bals\u00e1mica tradicional de M\u00f3dena. Como coordinador del Club Excelencia, una cooperativa de los principales comerciantes e importadores de vino de Italia, y con su experiencia profesional en el sector del vino, Lorenzo Righi tambi\u00e9n conoce su camino en el mundo de la vinicultura. Como operador de su Acetaia La Secchia en el sur de M\u00f3dena, tambi\u00e9n ofrece a los interesados una visi\u00f3n directa del mundo del vinagre bals\u00e1mico con una visita guiada a sus instalaciones de almacenamiento de barriles y una posterior degustaci\u00f3n a petici\u00f3n: Ingredientes: 100% de mosto de uva Nota: Puede contener sulfitos naturales. &nbsp; &nbsp; &nbsp; Productor: Antica Acetaia La Secchia di Righi L. Via Francesco Ghiaroni, 169\/171 41126 Modena Italia\" \/>\n<meta property=\"og:url\" content=\"https:\/\/balsamico.shop\/es\/producto\/duetto-aceti-balsamici-tradizionali-1225-anos-la-secchia\/\" \/>\n<meta property=\"og:site_name\" content=\"Aceto Balsamico Shop - Espa\u00f1a\" \/>\n<meta property=\"article:modified_time\" content=\"2026-04-17T08:27:01+00:00\" \/>\n<meta property=\"og:image\" content=\"https:\/\/balsamico.shop\/es\/wp-content\/uploads\/2016\/10\/duetto-aceto-balsamico-affinato-extravecchio-1.jpg\" \/>\n\t<meta property=\"og:image:width\" content=\"1600\" \/>\n\t<meta property=\"og:image:height\" content=\"1872\" \/>\n\t<meta property=\"og:image:type\" content=\"image\/jpeg\" \/>\n<meta name=\"twitter:card\" content=\"summary_large_image\" \/>\n<meta name=\"twitter:label1\" content=\"Tiempo de lectura\" \/>\n\t<meta name=\"twitter:data1\" content=\"2 minutos\" \/>\n<script type=\"application\/ld+json\" class=\"yoast-schema-graph\">{\"@context\":\"https:\\\/\\\/schema.org\",\"@graph\":[{\"@type\":\"WebPage\",\"@id\":\"https:\\\/\\\/balsamico.shop\\\/es\\\/producto\\\/duetto-aceti-balsamici-tradizionali-1225-anos-la-secchia\\\/\",\"url\":\"https:\\\/\\\/balsamico.shop\\\/es\\\/producto\\\/duetto-aceti-balsamici-tradizionali-1225-anos-la-secchia\\\/\",\"name\":\"Duetto - Dos Aceto Balsamico Tradizionale di Modena D.O.P. - 12+25 a\u00f1os - La Secchia\",\"isPartOf\":{\"@id\":\"https:\\\/\\\/balsamico.shop\\\/es\\\/#website\"},\"primaryImageOfPage\":{\"@id\":\"https:\\\/\\\/balsamico.shop\\\/es\\\/producto\\\/duetto-aceti-balsamici-tradizionali-1225-anos-la-secchia\\\/#primaryimage\"},\"image\":{\"@id\":\"https:\\\/\\\/balsamico.shop\\\/es\\\/producto\\\/duetto-aceti-balsamici-tradizionali-1225-anos-la-secchia\\\/#primaryimage\"},\"thumbnailUrl\":\"https:\\\/\\\/balsamico.shop\\\/es\\\/wp-content\\\/uploads\\\/2016\\\/10\\\/duetto-aceto-balsamico-affinato-extravecchio-1.jpg\",\"datePublished\":\"2016-10-01T22:57:39+00:00\",\"dateModified\":\"2026-04-17T08:27:01+00:00\",\"breadcrumb\":{\"@id\":\"https:\\\/\\\/balsamico.shop\\\/es\\\/producto\\\/duetto-aceti-balsamici-tradizionali-1225-anos-la-secchia\\\/#breadcrumb\"},\"inLanguage\":\"es\",\"potentialAction\":[{\"@type\":\"ReadAction\",\"target\":[\"https:\\\/\\\/balsamico.shop\\\/es\\\/producto\\\/duetto-aceti-balsamici-tradizionali-1225-anos-la-secchia\\\/\"]}]},{\"@type\":\"ImageObject\",\"inLanguage\":\"es\",\"@id\":\"https:\\\/\\\/balsamico.shop\\\/es\\\/producto\\\/duetto-aceti-balsamici-tradizionali-1225-anos-la-secchia\\\/#primaryimage\",\"url\":\"https:\\\/\\\/balsamico.shop\\\/es\\\/wp-content\\\/uploads\\\/2016\\\/10\\\/duetto-aceto-balsamico-affinato-extravecchio-1.jpg\",\"contentUrl\":\"https:\\\/\\\/balsamico.shop\\\/es\\\/wp-content\\\/uploads\\\/2016\\\/10\\\/duetto-aceto-balsamico-affinato-extravecchio-1.jpg\",\"width\":1600,\"height\":1872},{\"@type\":\"BreadcrumbList\",\"@id\":\"https:\\\/\\\/balsamico.shop\\\/es\\\/producto\\\/duetto-aceti-balsamici-tradizionali-1225-anos-la-secchia\\\/#breadcrumb\",\"itemListElement\":[{\"@type\":\"ListItem\",\"position\":1,\"name\":\"Home\",\"item\":\"https:\\\/\\\/balsamico.shop\\\/es\\\/\"},{\"@type\":\"ListItem\",\"position\":2,\"name\":\"Vinagre bals\u00e1mico de M\u00f3dena &#8211; Tienda Online\",\"item\":\"https:\\\/\\\/balsamico.shop\\\/es\\\/shop\\\/\"},{\"@type\":\"ListItem\",\"position\":3,\"name\":\"Duetto &#8211; Dos Aceto Balsamico Tradizionale di Modena D.O.P. &#8211; 12+25 a\u00f1os &#8211; La Secchia\"}]},{\"@type\":\"WebSite\",\"@id\":\"https:\\\/\\\/balsamico.shop\\\/es\\\/#website\",\"url\":\"https:\\\/\\\/balsamico.shop\\\/es\\\/\",\"name\":\"Aceto Balsamico Shop - Espa\u00f1a\",\"description\":\"Comprar vinagre bals\u00e1mico de M\u00f3dena y Reggio Emilia\",\"potentialAction\":[{\"@type\":\"SearchAction\",\"target\":{\"@type\":\"EntryPoint\",\"urlTemplate\":\"https:\\\/\\\/balsamico.shop\\\/es\\\/?s={search_term_string}\"},\"query-input\":{\"@type\":\"PropertyValueSpecification\",\"valueRequired\":true,\"valueName\":\"search_term_string\"}}],\"inLanguage\":\"es\"}]}<\/script>\n<!-- \/ Yoast SEO plugin. -->","yoast_head_json":{"title":"Duetto - Dos Aceto Balsamico Tradizionale di Modena D.O.P. - 12+25 a\u00f1os - La Secchia","robots":{"index":"index","follow":"follow","max-snippet":"max-snippet:-1","max-image-preview":"max-image-preview:large","max-video-preview":"max-video-preview:-1"},"canonical":"https:\/\/balsamico.shop\/es\/producto\/duetto-aceti-balsamici-tradizionali-1225-anos-la-secchia\/","og_locale":"es_ES","og_type":"article","og_title":"Duetto - Dos Aceto Balsamico Tradizionale di Modena D.O.P. - 12+25 a\u00f1os - La Secchia","og_description":"El regalo perfecto para el amante del vinagre bals\u00e1mico &#8211; \u00abIl Duetto\u00bb &#8211; las dos perfecciones se unen en una unidad cerrada. El \u00abAceto Balsamico Tradizionale di Modena DOP &#8211; Affinato\u00bb y el \u00abAceto Balsamico Tradizionale di Modena DOP &#8211; Extravecchio\u00bb de Lorenzo Righi se entregan en una hermosa y moderna caja doble que incluye un ca\u00f1o tradicional y muestran al conocedor toda la variedad de la artesan\u00eda bals\u00e1mica tradicional de M\u00f3dena. Como coordinador del Club Excelencia, una cooperativa de los principales comerciantes e importadores de vino de Italia, y con su experiencia profesional en el sector del vino, Lorenzo Righi tambi\u00e9n conoce su camino en el mundo de la vinicultura. Como operador de su Acetaia La Secchia en el sur de M\u00f3dena, tambi\u00e9n ofrece a los interesados una visi\u00f3n directa del mundo del vinagre bals\u00e1mico con una visita guiada a sus instalaciones de almacenamiento de barriles y una posterior degustaci\u00f3n a petici\u00f3n: Ingredientes: 100% de mosto de uva Nota: Puede contener sulfitos naturales. &nbsp; &nbsp; &nbsp; Productor: Antica Acetaia La Secchia di Righi L. Via Francesco Ghiaroni, 169\/171 41126 Modena Italia","og_url":"https:\/\/balsamico.shop\/es\/producto\/duetto-aceti-balsamici-tradizionali-1225-anos-la-secchia\/","og_site_name":"Aceto Balsamico Shop - Espa\u00f1a","article_modified_time":"2026-04-17T08:27:01+00:00","og_image":[{"width":1600,"height":1872,"url":"https:\/\/balsamico.shop\/es\/wp-content\/uploads\/2016\/10\/duetto-aceto-balsamico-affinato-extravecchio-1.jpg","type":"image\/jpeg"}],"twitter_card":"summary_large_image","twitter_misc":{"Tiempo de lectura":"2 minutos"},"schema":{"@context":"https:\/\/schema.org","@graph":[{"@type":"WebPage","@id":"https:\/\/balsamico.shop\/es\/producto\/duetto-aceti-balsamici-tradizionali-1225-anos-la-secchia\/","url":"https:\/\/balsamico.shop\/es\/producto\/duetto-aceti-balsamici-tradizionali-1225-anos-la-secchia\/","name":"Duetto - Dos Aceto Balsamico Tradizionale di Modena D.O.P. - 12+25 a\u00f1os - La Secchia","isPartOf":{"@id":"https:\/\/balsamico.shop\/es\/#website"},"primaryImageOfPage":{"@id":"https:\/\/balsamico.shop\/es\/producto\/duetto-aceti-balsamici-tradizionali-1225-anos-la-secchia\/#primaryimage"},"image":{"@id":"https:\/\/balsamico.shop\/es\/producto\/duetto-aceti-balsamici-tradizionali-1225-anos-la-secchia\/#primaryimage"},"thumbnailUrl":"https:\/\/balsamico.shop\/es\/wp-content\/uploads\/2016\/10\/duetto-aceto-balsamico-affinato-extravecchio-1.jpg","datePublished":"2016-10-01T22:57:39+00:00","dateModified":"2026-04-17T08:27:01+00:00","breadcrumb":{"@id":"https:\/\/balsamico.shop\/es\/producto\/duetto-aceti-balsamici-tradizionali-1225-anos-la-secchia\/#breadcrumb"},"inLanguage":"es","potentialAction":[{"@type":"ReadAction","target":["https:\/\/balsamico.shop\/es\/producto\/duetto-aceti-balsamici-tradizionali-1225-anos-la-secchia\/"]}]},{"@type":"ImageObject","inLanguage":"es","@id":"https:\/\/balsamico.shop\/es\/producto\/duetto-aceti-balsamici-tradizionali-1225-anos-la-secchia\/#primaryimage","url":"https:\/\/balsamico.shop\/es\/wp-content\/uploads\/2016\/10\/duetto-aceto-balsamico-affinato-extravecchio-1.jpg","contentUrl":"https:\/\/balsamico.shop\/es\/wp-content\/uploads\/2016\/10\/duetto-aceto-balsamico-affinato-extravecchio-1.jpg","width":1600,"height":1872},{"@type":"BreadcrumbList","@id":"https:\/\/balsamico.shop\/es\/producto\/duetto-aceti-balsamici-tradizionali-1225-anos-la-secchia\/#breadcrumb","itemListElement":[{"@type":"ListItem","position":1,"name":"Home","item":"https:\/\/balsamico.shop\/es\/"},{"@type":"ListItem","position":2,"name":"Vinagre bals\u00e1mico de M\u00f3dena &#8211; Tienda Online","item":"https:\/\/balsamico.shop\/es\/shop\/"},{"@type":"ListItem","position":3,"name":"Duetto &#8211; Dos Aceto Balsamico Tradizionale di Modena D.O.P. &#8211; 12+25 a\u00f1os &#8211; La Secchia"}]},{"@type":"WebSite","@id":"https:\/\/balsamico.shop\/es\/#website","url":"https:\/\/balsamico.shop\/es\/","name":"Aceto Balsamico Shop - Espa\u00f1a","description":"Comprar vinagre bals\u00e1mico de M\u00f3dena y Reggio Emilia","potentialAction":[{"@type":"SearchAction","target":{"@type":"EntryPoint","urlTemplate":"https:\/\/balsamico.shop\/es\/?s={search_term_string}"},"query-input":{"@type":"PropertyValueSpecification","valueRequired":true,"valueName":"search_term_string"}}],"inLanguage":"es"}]}},"_links":{"self":[{"href":"https:\/\/balsamico.shop\/es\/wp-json\/wp\/v2\/product\/1628","targetHints":{"allow":["GET"]}}],"collection":[{"href":"https:\/\/balsamico.shop\/es\/wp-json\/wp\/v2\/product"}],"about":[{"href":"https:\/\/balsamico.shop\/es\/wp-json\/wp\/v2\/types\/product"}],"wp:featuredmedia":[{"embeddable":true,"href":"https:\/\/balsamico.shop\/es\/wp-json\/wp\/v2\/media\/1959"}],"wp:attachment":[{"href":"https:\/\/balsamico.shop\/es\/wp-json\/wp\/v2\/media?parent=1628"}],"wp:term":[{"taxonomy":"product_brand","embeddable":true,"href":"https:\/\/balsamico.shop\/es\/wp-json\/wp\/v2\/product_brand?post=1628"},{"taxonomy":"product_cat","embeddable":true,"href":"https:\/\/balsamico.shop\/es\/wp-json\/wp\/v2\/product_cat?post=1628"},{"taxonomy":"product_tag","embeddable":true,"href":"https:\/\/balsamico.shop\/es\/wp-json\/wp\/v2\/product_tag?post=1628"}],"curies":[{"name":"wp","href":"https:\/\/api.w.org\/{rel}","templated":true}]}}