{"id":1445,"date":"2017-01-14T21:28:29","date_gmt":"2017-01-14T20:28:29","guid":{"rendered":"https:\/\/balsamico.shop\/nl\/?post_type=product&#038;p=1445"},"modified":"2026-04-29T17:31:14","modified_gmt":"2026-04-29T15:31:14","slug":"condimento-balsamico-cavalli-mosto-de-uva","status":"publish","type":"product","link":"https:\/\/balsamico.shop\/es\/producto\/condimento-balsamico-cavalli-mosto-de-uva\/","title":{"rendered":"Condimento Balsamico Cavalli &#8211; 100% mosto de uva"},"content":{"rendered":"<p>Una y otra vez, nuestros clientes nos preguntaron si no pod\u00edamos ofrecer vinagre bals\u00e1mico, que es muy similar a uno tradicional pero no tan caro. Un vinagre bals\u00e1mico de uso diario, que tambi\u00e9n puede disfrutar sin preocuparse, sin considerar inmediatamente el precio.<\/p>\n<p>El precio de un verdadero Aceto BalsamicoTradizionale es principalmente el tiempo requerido para la maduraci\u00f3n, la textura y el sabor complejo. El tiempo representa un bals\u00e1mico en el verdadero sentido de la palabra para el dinero. Casi todos los Acetaia en M\u00f3dena o Reggio Emilia venden adem\u00e1s del Aceto Bals\u00e1mico Tradizionale di Modena D.O.P. Tambi\u00e9n un condimento &#8211; por lo que una salsa picante o un precursor de Tradizionale. As\u00ed que el Acetaia Cavalli Ferdinando de Scandiano, provincia de Reggio Emilia, donde el vinagre bals\u00e1mico tradicional proviene de Reggio Emilia.<\/p>\n<p><img loading=\"lazy\" decoding=\"async\" width=\"843\" height=\"160\" class=\"alignnone wp-image-585 size-full\" src=\"https:\/\/balsamico.shop\/nl\/wp-content\/uploads\/2017\/01\/cavalli-logo.jpg\" alt=\"Balsamico\" srcset=\"https:\/\/balsamico.shop\/es\/wp-content\/uploads\/2017\/01\/cavalli-logo.jpg 843w, https:\/\/balsamico.shop\/es\/wp-content\/uploads\/2017\/01\/cavalli-logo-600x114.jpg 600w, https:\/\/balsamico.shop\/es\/wp-content\/uploads\/2017\/01\/cavalli-logo-300x57.jpg 300w, https:\/\/balsamico.shop\/es\/wp-content\/uploads\/2017\/01\/cavalli-logo-768x146.jpg 768w, https:\/\/balsamico.shop\/es\/wp-content\/uploads\/2017\/01\/cavalli-logo-390x74.jpg 390w\" sizes=\"auto, (max-width: 843px) 100vw, 843px\" \/><\/p>\n<p>El Cavalli bals\u00e1mico \u00abRiserva Nando\u00bb es un precursor del vinagre bals\u00e1mico tradicional. Aunque madura \u00absolo\u00bb de cinco a ocho a\u00f1os en barriles de Acetaia Cavalli, pero ya tiene la consistencia de un \u00abreal\u00bb, no es tan complejo y fino como el tradicional, pero este vinagre bals\u00e1mico impresiona por su pureza y su sabor distintivo. Uva trebbiano y no menos importante por su precio.<\/p>\n<p>Ingredientes: mosto de uva 100% cocido, clasificado por la uva Trebbiano.<\/p>\n<p>Este vinagre bals\u00e1mico es sin gluten, sin vinagre de vino, sin colorantes artificiales, sin espesante, sin conservantes, sin saborizantes.<\/p>\n<p>&nbsp;<\/p>\n<p>&nbsp;<\/p>\n<p>&nbsp;<\/p>\n<p>Fabricante:<br \/>\nCavalli cav. Ferdinando srl<br \/>\nVia del Cristo 6\/ab<br \/>\n42019 Scandiano Reggio Emilia<br \/>\nItalia<\/p>\n","protected":false},"excerpt":{"rendered":"<p>Una y otra vez, nuestros clientes nos preguntaron si no pod\u00edamos ofrecer vinagre bals\u00e1mico, que es muy similar a uno tradicional pero no tan caro. Un vinagre bals\u00e1mico de uso diario, que tambi\u00e9n puede disfrutar sin preocuparse, sin considerar inmediatamente el precio. El precio de un verdadero Aceto BalsamicoTradizionale es principalmente el tiempo requerido para la maduraci\u00f3n, la textura y el sabor complejo. El tiempo representa un bals\u00e1mico en el verdadero sentido de la palabra para el dinero. Casi todos los Acetaia en M\u00f3dena o Reggio Emilia venden adem\u00e1s del Aceto Bals\u00e1mico Tradizionale di Modena D.O.P. Tambi\u00e9n un condimento &#8211; por lo que una salsa picante o un precursor de Tradizionale. As\u00ed que el Acetaia Cavalli Ferdinando de Scandiano, provincia de Reggio Emilia, donde el vinagre bals\u00e1mico tradicional proviene de Reggio Emilia. El Cavalli bals\u00e1mico \u00abRiserva Nando\u00bb es un precursor del vinagre bals\u00e1mico tradicional. Aunque madura \u00absolo\u00bb de cinco a ocho a\u00f1os en barriles de Acetaia Cavalli, pero ya tiene la consistencia de un \u00abreal\u00bb, no es tan complejo y fino como el tradicional, pero este vinagre bals\u00e1mico impresiona por su pureza y su sabor distintivo. Uva trebbiano y no menos importante por su precio. Ingredientes: mosto de uva 100% cocido, clasificado por la uva Trebbiano. Este vinagre bals\u00e1mico es sin gluten, sin vinagre de vino, sin colorantes artificiales, sin espesante, sin conservantes, sin saborizantes. &nbsp; &nbsp; &nbsp; Fabricante: Cavalli cav. Ferdinando srl Via del Cristo 6\/ab 42019 Scandiano Reggio Emilia Italia<\/p>\n","protected":false},"featured_media":1960,"template":"","meta":[],"product_brand":[],"product_cat":[31],"product_tag":[76],"class_list":{"0":"post-1445","1":"product","2":"type-product","3":"status-publish","4":"has-post-thumbnail","6":"product_cat-cavalli","7":"product_tag-vinagre-reggio-emilia","8":"product_shipping_class-balsamico","10":"first","11":"instock","12":"featured","13":"taxable","14":"shipping-taxable","15":"purchasable","16":"product-type-simple"},"bundle_layout":"","bundled_by":[],"bundled_items":[],"yoast_head":"<!-- This site is optimized with the Yoast SEO plugin v27.3 - https:\/\/yoast.com\/product\/yoast-seo-wordpress\/ -->\n<title>Condimento Balsamico Cavalli - 100% mosto de uva - Vinagre bals\u00e1mico<\/title>\n<meta name=\"robots\" content=\"index, follow, max-snippet:-1, max-image-preview:large, max-video-preview:-1\" \/>\n<link rel=\"canonical\" href=\"https:\/\/balsamico.shop\/es\/producto\/condimento-balsamico-cavalli-mosto-de-uva\/\" \/>\n<meta property=\"og:locale\" content=\"es_ES\" \/>\n<meta property=\"og:type\" content=\"article\" \/>\n<meta property=\"og:title\" content=\"Condimento Balsamico Cavalli - 100% mosto de uva - Vinagre bals\u00e1mico\" \/>\n<meta property=\"og:description\" content=\"Una y otra vez, nuestros clientes nos preguntaron si no pod\u00edamos ofrecer vinagre bals\u00e1mico, que es muy similar a uno tradicional pero no tan caro. Un vinagre bals\u00e1mico de uso diario, que tambi\u00e9n puede disfrutar sin preocuparse, sin considerar inmediatamente el precio. El precio de un verdadero Aceto BalsamicoTradizionale es principalmente el tiempo requerido para la maduraci\u00f3n, la textura y el sabor complejo. El tiempo representa un bals\u00e1mico en el verdadero sentido de la palabra para el dinero. Casi todos los Acetaia en M\u00f3dena o Reggio Emilia venden adem\u00e1s del Aceto Bals\u00e1mico Tradizionale di Modena D.O.P. Tambi\u00e9n un condimento &#8211; por lo que una salsa picante o un precursor de Tradizionale. As\u00ed que el Acetaia Cavalli Ferdinando de Scandiano, provincia de Reggio Emilia, donde el vinagre bals\u00e1mico tradicional proviene de Reggio Emilia. El Cavalli bals\u00e1mico \u00abRiserva Nando\u00bb es un precursor del vinagre bals\u00e1mico tradicional. Aunque madura \u00absolo\u00bb de cinco a ocho a\u00f1os en barriles de Acetaia Cavalli, pero ya tiene la consistencia de un \u00abreal\u00bb, no es tan complejo y fino como el tradicional, pero este vinagre bals\u00e1mico impresiona por su pureza y su sabor distintivo. Uva trebbiano y no menos importante por su precio. Ingredientes: mosto de uva 100% cocido, clasificado por la uva Trebbiano. Este vinagre bals\u00e1mico es sin gluten, sin vinagre de vino, sin colorantes artificiales, sin espesante, sin conservantes, sin saborizantes. &nbsp; &nbsp; &nbsp; Fabricante: Cavalli cav. Ferdinando srl Via del Cristo 6\/ab 42019 Scandiano Reggio Emilia Italia\" \/>\n<meta property=\"og:url\" content=\"https:\/\/balsamico.shop\/es\/producto\/condimento-balsamico-cavalli-mosto-de-uva\/\" \/>\n<meta property=\"og:site_name\" content=\"Aceto Balsamico Shop - Espa\u00f1a\" \/>\n<meta property=\"article:modified_time\" content=\"2026-04-29T15:31:14+00:00\" \/>\n<meta property=\"og:image\" content=\"https:\/\/balsamico.shop\/es\/wp-content\/uploads\/2017\/01\/balsamico-riserva-nando.jpg\" \/>\n\t<meta property=\"og:image:width\" content=\"1600\" \/>\n\t<meta property=\"og:image:height\" content=\"1872\" \/>\n\t<meta property=\"og:image:type\" content=\"image\/jpeg\" \/>\n<meta name=\"twitter:card\" content=\"summary_large_image\" \/>\n<meta name=\"twitter:label1\" content=\"Tiempo de lectura\" \/>\n\t<meta name=\"twitter:data1\" content=\"2 minutos\" \/>\n<script type=\"application\/ld+json\" class=\"yoast-schema-graph\">{\"@context\":\"https:\\\/\\\/schema.org\",\"@graph\":[{\"@type\":\"WebPage\",\"@id\":\"https:\\\/\\\/balsamico.shop\\\/es\\\/producto\\\/condimento-balsamico-cavalli-mosto-de-uva\\\/\",\"url\":\"https:\\\/\\\/balsamico.shop\\\/es\\\/producto\\\/condimento-balsamico-cavalli-mosto-de-uva\\\/\",\"name\":\"Condimento Balsamico Cavalli - 100% mosto de uva - Vinagre bals\u00e1mico\",\"isPartOf\":{\"@id\":\"https:\\\/\\\/balsamico.shop\\\/es\\\/#website\"},\"primaryImageOfPage\":{\"@id\":\"https:\\\/\\\/balsamico.shop\\\/es\\\/producto\\\/condimento-balsamico-cavalli-mosto-de-uva\\\/#primaryimage\"},\"image\":{\"@id\":\"https:\\\/\\\/balsamico.shop\\\/es\\\/producto\\\/condimento-balsamico-cavalli-mosto-de-uva\\\/#primaryimage\"},\"thumbnailUrl\":\"https:\\\/\\\/balsamico.shop\\\/es\\\/wp-content\\\/uploads\\\/2017\\\/01\\\/balsamico-riserva-nando.jpg\",\"datePublished\":\"2017-01-14T20:28:29+00:00\",\"dateModified\":\"2026-04-29T15:31:14+00:00\",\"breadcrumb\":{\"@id\":\"https:\\\/\\\/balsamico.shop\\\/es\\\/producto\\\/condimento-balsamico-cavalli-mosto-de-uva\\\/#breadcrumb\"},\"inLanguage\":\"es\",\"potentialAction\":[{\"@type\":\"ReadAction\",\"target\":[\"https:\\\/\\\/balsamico.shop\\\/es\\\/producto\\\/condimento-balsamico-cavalli-mosto-de-uva\\\/\"]}]},{\"@type\":\"ImageObject\",\"inLanguage\":\"es\",\"@id\":\"https:\\\/\\\/balsamico.shop\\\/es\\\/producto\\\/condimento-balsamico-cavalli-mosto-de-uva\\\/#primaryimage\",\"url\":\"https:\\\/\\\/balsamico.shop\\\/es\\\/wp-content\\\/uploads\\\/2017\\\/01\\\/balsamico-riserva-nando.jpg\",\"contentUrl\":\"https:\\\/\\\/balsamico.shop\\\/es\\\/wp-content\\\/uploads\\\/2017\\\/01\\\/balsamico-riserva-nando.jpg\",\"width\":1600,\"height\":1872},{\"@type\":\"BreadcrumbList\",\"@id\":\"https:\\\/\\\/balsamico.shop\\\/es\\\/producto\\\/condimento-balsamico-cavalli-mosto-de-uva\\\/#breadcrumb\",\"itemListElement\":[{\"@type\":\"ListItem\",\"position\":1,\"name\":\"Home\",\"item\":\"https:\\\/\\\/balsamico.shop\\\/es\\\/\"},{\"@type\":\"ListItem\",\"position\":2,\"name\":\"Vinagre bals\u00e1mico de M\u00f3dena &#8211; Tienda Online\",\"item\":\"https:\\\/\\\/balsamico.shop\\\/es\\\/shop\\\/\"},{\"@type\":\"ListItem\",\"position\":3,\"name\":\"Condimento Balsamico Cavalli &#8211; 100% mosto de uva\"}]},{\"@type\":\"WebSite\",\"@id\":\"https:\\\/\\\/balsamico.shop\\\/es\\\/#website\",\"url\":\"https:\\\/\\\/balsamico.shop\\\/es\\\/\",\"name\":\"Aceto Balsamico Shop - Espa\u00f1a\",\"description\":\"Comprar vinagre bals\u00e1mico de M\u00f3dena y Reggio Emilia\",\"potentialAction\":[{\"@type\":\"SearchAction\",\"target\":{\"@type\":\"EntryPoint\",\"urlTemplate\":\"https:\\\/\\\/balsamico.shop\\\/es\\\/?s={search_term_string}\"},\"query-input\":{\"@type\":\"PropertyValueSpecification\",\"valueRequired\":true,\"valueName\":\"search_term_string\"}}],\"inLanguage\":\"es\"}]}<\/script>\n<!-- \/ Yoast SEO plugin. -->","yoast_head_json":{"title":"Condimento Balsamico Cavalli - 100% mosto de uva - Vinagre bals\u00e1mico","robots":{"index":"index","follow":"follow","max-snippet":"max-snippet:-1","max-image-preview":"max-image-preview:large","max-video-preview":"max-video-preview:-1"},"canonical":"https:\/\/balsamico.shop\/es\/producto\/condimento-balsamico-cavalli-mosto-de-uva\/","og_locale":"es_ES","og_type":"article","og_title":"Condimento Balsamico Cavalli - 100% mosto de uva - Vinagre bals\u00e1mico","og_description":"Una y otra vez, nuestros clientes nos preguntaron si no pod\u00edamos ofrecer vinagre bals\u00e1mico, que es muy similar a uno tradicional pero no tan caro. Un vinagre bals\u00e1mico de uso diario, que tambi\u00e9n puede disfrutar sin preocuparse, sin considerar inmediatamente el precio. El precio de un verdadero Aceto BalsamicoTradizionale es principalmente el tiempo requerido para la maduraci\u00f3n, la textura y el sabor complejo. El tiempo representa un bals\u00e1mico en el verdadero sentido de la palabra para el dinero. Casi todos los Acetaia en M\u00f3dena o Reggio Emilia venden adem\u00e1s del Aceto Bals\u00e1mico Tradizionale di Modena D.O.P. Tambi\u00e9n un condimento &#8211; por lo que una salsa picante o un precursor de Tradizionale. As\u00ed que el Acetaia Cavalli Ferdinando de Scandiano, provincia de Reggio Emilia, donde el vinagre bals\u00e1mico tradicional proviene de Reggio Emilia. El Cavalli bals\u00e1mico \u00abRiserva Nando\u00bb es un precursor del vinagre bals\u00e1mico tradicional. Aunque madura \u00absolo\u00bb de cinco a ocho a\u00f1os en barriles de Acetaia Cavalli, pero ya tiene la consistencia de un \u00abreal\u00bb, no es tan complejo y fino como el tradicional, pero este vinagre bals\u00e1mico impresiona por su pureza y su sabor distintivo. Uva trebbiano y no menos importante por su precio. Ingredientes: mosto de uva 100% cocido, clasificado por la uva Trebbiano. Este vinagre bals\u00e1mico es sin gluten, sin vinagre de vino, sin colorantes artificiales, sin espesante, sin conservantes, sin saborizantes. &nbsp; &nbsp; &nbsp; Fabricante: Cavalli cav. Ferdinando srl Via del Cristo 6\/ab 42019 Scandiano Reggio Emilia Italia","og_url":"https:\/\/balsamico.shop\/es\/producto\/condimento-balsamico-cavalli-mosto-de-uva\/","og_site_name":"Aceto Balsamico Shop - Espa\u00f1a","article_modified_time":"2026-04-29T15:31:14+00:00","og_image":[{"width":1600,"height":1872,"url":"https:\/\/balsamico.shop\/es\/wp-content\/uploads\/2017\/01\/balsamico-riserva-nando.jpg","type":"image\/jpeg"}],"twitter_card":"summary_large_image","twitter_misc":{"Tiempo de lectura":"2 minutos"},"schema":{"@context":"https:\/\/schema.org","@graph":[{"@type":"WebPage","@id":"https:\/\/balsamico.shop\/es\/producto\/condimento-balsamico-cavalli-mosto-de-uva\/","url":"https:\/\/balsamico.shop\/es\/producto\/condimento-balsamico-cavalli-mosto-de-uva\/","name":"Condimento Balsamico Cavalli - 100% mosto de uva - Vinagre bals\u00e1mico","isPartOf":{"@id":"https:\/\/balsamico.shop\/es\/#website"},"primaryImageOfPage":{"@id":"https:\/\/balsamico.shop\/es\/producto\/condimento-balsamico-cavalli-mosto-de-uva\/#primaryimage"},"image":{"@id":"https:\/\/balsamico.shop\/es\/producto\/condimento-balsamico-cavalli-mosto-de-uva\/#primaryimage"},"thumbnailUrl":"https:\/\/balsamico.shop\/es\/wp-content\/uploads\/2017\/01\/balsamico-riserva-nando.jpg","datePublished":"2017-01-14T20:28:29+00:00","dateModified":"2026-04-29T15:31:14+00:00","breadcrumb":{"@id":"https:\/\/balsamico.shop\/es\/producto\/condimento-balsamico-cavalli-mosto-de-uva\/#breadcrumb"},"inLanguage":"es","potentialAction":[{"@type":"ReadAction","target":["https:\/\/balsamico.shop\/es\/producto\/condimento-balsamico-cavalli-mosto-de-uva\/"]}]},{"@type":"ImageObject","inLanguage":"es","@id":"https:\/\/balsamico.shop\/es\/producto\/condimento-balsamico-cavalli-mosto-de-uva\/#primaryimage","url":"https:\/\/balsamico.shop\/es\/wp-content\/uploads\/2017\/01\/balsamico-riserva-nando.jpg","contentUrl":"https:\/\/balsamico.shop\/es\/wp-content\/uploads\/2017\/01\/balsamico-riserva-nando.jpg","width":1600,"height":1872},{"@type":"BreadcrumbList","@id":"https:\/\/balsamico.shop\/es\/producto\/condimento-balsamico-cavalli-mosto-de-uva\/#breadcrumb","itemListElement":[{"@type":"ListItem","position":1,"name":"Home","item":"https:\/\/balsamico.shop\/es\/"},{"@type":"ListItem","position":2,"name":"Vinagre bals\u00e1mico de M\u00f3dena &#8211; Tienda Online","item":"https:\/\/balsamico.shop\/es\/shop\/"},{"@type":"ListItem","position":3,"name":"Condimento Balsamico Cavalli &#8211; 100% mosto de uva"}]},{"@type":"WebSite","@id":"https:\/\/balsamico.shop\/es\/#website","url":"https:\/\/balsamico.shop\/es\/","name":"Aceto Balsamico Shop - Espa\u00f1a","description":"Comprar vinagre bals\u00e1mico de M\u00f3dena y Reggio Emilia","potentialAction":[{"@type":"SearchAction","target":{"@type":"EntryPoint","urlTemplate":"https:\/\/balsamico.shop\/es\/?s={search_term_string}"},"query-input":{"@type":"PropertyValueSpecification","valueRequired":true,"valueName":"search_term_string"}}],"inLanguage":"es"}]}},"_links":{"self":[{"href":"https:\/\/balsamico.shop\/es\/wp-json\/wp\/v2\/product\/1445","targetHints":{"allow":["GET"]}}],"collection":[{"href":"https:\/\/balsamico.shop\/es\/wp-json\/wp\/v2\/product"}],"about":[{"href":"https:\/\/balsamico.shop\/es\/wp-json\/wp\/v2\/types\/product"}],"wp:featuredmedia":[{"embeddable":true,"href":"https:\/\/balsamico.shop\/es\/wp-json\/wp\/v2\/media\/1960"}],"wp:attachment":[{"href":"https:\/\/balsamico.shop\/es\/wp-json\/wp\/v2\/media?parent=1445"}],"wp:term":[{"taxonomy":"product_brand","embeddable":true,"href":"https:\/\/balsamico.shop\/es\/wp-json\/wp\/v2\/product_brand?post=1445"},{"taxonomy":"product_cat","embeddable":true,"href":"https:\/\/balsamico.shop\/es\/wp-json\/wp\/v2\/product_cat?post=1445"},{"taxonomy":"product_tag","embeddable":true,"href":"https:\/\/balsamico.shop\/es\/wp-json\/wp\/v2\/product_tag?post=1445"}],"curies":[{"name":"wp","href":"https:\/\/api.w.org\/{rel}","templated":true}]}}