{"id":1392,"date":"2016-05-03T22:57:19","date_gmt":"2016-05-03T20:57:19","guid":{"rendered":"https:\/\/balsamico.shop\/dk\/?post_type=product&#038;p=1392"},"modified":"2026-03-26T11:29:24","modified_gmt":"2026-03-26T10:29:24","slug":"aceto-balsamico-tradizionale-di-reggio-emilia-oro-picci","status":"publish","type":"product","link":"https:\/\/balsamico.shop\/es\/producto\/aceto-balsamico-tradizionale-di-reggio-emilia-oro-picci\/","title":{"rendered":"Aceto Balsamico Tradizionale di Reggio Emilia DOP &#8211; ORO &#8211; Picci"},"content":{"rendered":"<p>El dorado, o en italiano, ORO, lo mejor de Reggio Emilia de la tradicional Acetaia de Marco Piccirilli, el propietario de Acetaia Picci en Cavriago, Reggio Emilia, Italia. Con moderaci\u00f3n, puede disfrutar de este Aceto Balsamic Tradizionale di Reggio Emilia DOP por su largo postgusto en el sabor como el tracto digestivo o como la culminaci\u00f3n de una comida festiva. Este aceto tambi\u00e9n es perfecto para un buen queso duro viejo o viejo, y su dulzura lo hace adecuado para el postre.<\/p>\n<p>Ingredientes: queso de uva cocido.<\/p>\n<p>Nota: Puede contener sulfitos naturales.<\/p>\n<p>&nbsp;<\/p>\n<p>&nbsp;<\/p>\n<p>&nbsp;<\/p>\n<p>Productor:<br \/>\nACETAIA PICCI snc<br \/>\nVia Roncaglio 29<br \/>\n42025 Cavriago Reggio Emilia<br \/>\nItalia<\/p>\n","protected":false},"excerpt":{"rendered":"<p>El dorado, o en italiano, ORO, lo mejor de Reggio Emilia de la tradicional Acetaia de Marco Piccirilli, el propietario de Acetaia Picci en Cavriago, Reggio Emilia, Italia. Con moderaci\u00f3n, puede disfrutar de este Aceto Balsamic Tradizionale di Reggio Emilia DOP por su largo postgusto en el sabor como el tracto digestivo o como la culminaci\u00f3n de una comida festiva. Este aceto tambi\u00e9n es perfecto para un buen queso duro viejo o viejo, y su dulzura lo hace adecuado para el postre. Ingredientes: queso de uva cocido. Nota: Puede contener sulfitos naturales. &nbsp; &nbsp; &nbsp; Productor: ACETAIA PICCI snc Via Roncaglio 29 42025 Cavriago Reggio Emilia Italia<\/p>\n","protected":false},"featured_media":1958,"template":"","meta":[],"product_brand":[],"product_cat":[26],"product_tag":[76,74],"class_list":{"0":"post-1392","1":"product","2":"type-product","3":"status-publish","4":"has-post-thumbnail","6":"product_cat-picci","7":"product_tag-vinagre-reggio-emilia","8":"product_tag-vinagre-25-anos","9":"product_shipping_class-ueber-100","11":"first","12":"instock","13":"taxable","14":"shipping-taxable","15":"purchasable","16":"product-type-simple"},"bundle_layout":"","bundled_by":[],"bundled_items":[],"yoast_head":"<!-- This site is optimized with the Yoast SEO plugin v26.6 - https:\/\/yoast.com\/wordpress\/plugins\/seo\/ -->\n<title>Aceto Balsamico Tradizionale di Reggio Emilia DOP - ORO - Picci<\/title>\n<meta name=\"robots\" content=\"index, follow, max-snippet:-1, max-image-preview:large, max-video-preview:-1\" \/>\n<link rel=\"canonical\" href=\"https:\/\/balsamico.shop\/es\/producto\/aceto-balsamico-tradizionale-di-reggio-emilia-oro-picci\/\" \/>\n<meta property=\"og:locale\" content=\"es_ES\" \/>\n<meta property=\"og:type\" content=\"article\" \/>\n<meta property=\"og:title\" content=\"Aceto Balsamico Tradizionale di Reggio Emilia DOP - ORO - Picci\" \/>\n<meta property=\"og:description\" content=\"El dorado, o en italiano, ORO, lo mejor de Reggio Emilia de la tradicional Acetaia de Marco Piccirilli, el propietario de Acetaia Picci en Cavriago, Reggio Emilia, Italia. Con moderaci\u00f3n, puede disfrutar de este Aceto Balsamic Tradizionale di Reggio Emilia DOP por su largo postgusto en el sabor como el tracto digestivo o como la culminaci\u00f3n de una comida festiva. Este aceto tambi\u00e9n es perfecto para un buen queso duro viejo o viejo, y su dulzura lo hace adecuado para el postre. Ingredientes: queso de uva cocido. Nota: Puede contener sulfitos naturales. &nbsp; &nbsp; &nbsp; Productor: ACETAIA PICCI snc Via Roncaglio 29 42025 Cavriago Reggio Emilia Italia\" \/>\n<meta property=\"og:url\" content=\"https:\/\/balsamico.shop\/es\/producto\/aceto-balsamico-tradizionale-di-reggio-emilia-oro-picci\/\" \/>\n<meta property=\"og:site_name\" content=\"Aceto Balsamico Shop - Espa\u00f1a\" \/>\n<meta property=\"article:modified_time\" content=\"2026-03-26T10:29:24+00:00\" \/>\n<meta property=\"og:image\" content=\"https:\/\/balsamico.shop\/es\/wp-content\/uploads\/2016\/05\/picci-oro-aceto-balsamico-tradizionale-reggioemilia.jpg\" \/>\n\t<meta property=\"og:image:width\" content=\"1600\" \/>\n\t<meta property=\"og:image:height\" content=\"1872\" \/>\n\t<meta property=\"og:image:type\" content=\"image\/jpeg\" \/>\n<meta name=\"twitter:card\" content=\"summary_large_image\" \/>\n<meta name=\"twitter:label1\" content=\"Tiempo de lectura\" \/>\n\t<meta name=\"twitter:data1\" content=\"1 minuto\" \/>\n<script type=\"application\/ld+json\" class=\"yoast-schema-graph\">{\"@context\":\"https:\/\/schema.org\",\"@graph\":[{\"@type\":\"WebPage\",\"@id\":\"https:\/\/balsamico.shop\/es\/producto\/aceto-balsamico-tradizionale-di-reggio-emilia-oro-picci\/\",\"url\":\"https:\/\/balsamico.shop\/es\/producto\/aceto-balsamico-tradizionale-di-reggio-emilia-oro-picci\/\",\"name\":\"Aceto Balsamico Tradizionale di Reggio Emilia DOP - ORO - Picci\",\"isPartOf\":{\"@id\":\"https:\/\/balsamico.shop\/es\/#website\"},\"primaryImageOfPage\":{\"@id\":\"https:\/\/balsamico.shop\/es\/producto\/aceto-balsamico-tradizionale-di-reggio-emilia-oro-picci\/#primaryimage\"},\"image\":{\"@id\":\"https:\/\/balsamico.shop\/es\/producto\/aceto-balsamico-tradizionale-di-reggio-emilia-oro-picci\/#primaryimage\"},\"thumbnailUrl\":\"https:\/\/balsamico.shop\/es\/wp-content\/uploads\/2016\/05\/picci-oro-aceto-balsamico-tradizionale-reggioemilia.jpg\",\"datePublished\":\"2016-05-03T20:57:19+00:00\",\"dateModified\":\"2026-03-26T10:29:24+00:00\",\"breadcrumb\":{\"@id\":\"https:\/\/balsamico.shop\/es\/producto\/aceto-balsamico-tradizionale-di-reggio-emilia-oro-picci\/#breadcrumb\"},\"inLanguage\":\"es\",\"potentialAction\":[{\"@type\":\"ReadAction\",\"target\":[\"https:\/\/balsamico.shop\/es\/producto\/aceto-balsamico-tradizionale-di-reggio-emilia-oro-picci\/\"]}]},{\"@type\":\"ImageObject\",\"inLanguage\":\"es\",\"@id\":\"https:\/\/balsamico.shop\/es\/producto\/aceto-balsamico-tradizionale-di-reggio-emilia-oro-picci\/#primaryimage\",\"url\":\"https:\/\/balsamico.shop\/es\/wp-content\/uploads\/2016\/05\/picci-oro-aceto-balsamico-tradizionale-reggioemilia.jpg\",\"contentUrl\":\"https:\/\/balsamico.shop\/es\/wp-content\/uploads\/2016\/05\/picci-oro-aceto-balsamico-tradizionale-reggioemilia.jpg\",\"width\":1600,\"height\":1872},{\"@type\":\"BreadcrumbList\",\"@id\":\"https:\/\/balsamico.shop\/es\/producto\/aceto-balsamico-tradizionale-di-reggio-emilia-oro-picci\/#breadcrumb\",\"itemListElement\":[{\"@type\":\"ListItem\",\"position\":1,\"name\":\"Home\",\"item\":\"https:\/\/balsamico.shop\/es\/\"},{\"@type\":\"ListItem\",\"position\":2,\"name\":\"Vinagre bals\u00e1mico de M\u00f3dena &#8211; Tienda Online\",\"item\":\"https:\/\/balsamico.shop\/es\/shop\/\"},{\"@type\":\"ListItem\",\"position\":3,\"name\":\"Aceto Balsamico Tradizionale di Reggio Emilia DOP &#8211; ORO &#8211; Picci\"}]},{\"@type\":\"WebSite\",\"@id\":\"https:\/\/balsamico.shop\/es\/#website\",\"url\":\"https:\/\/balsamico.shop\/es\/\",\"name\":\"Aceto Balsamico Shop - Espa\u00f1a\",\"description\":\"Comprar vinagre bals\u00e1mico de M\u00f3dena y Reggio Emilia\",\"potentialAction\":[{\"@type\":\"SearchAction\",\"target\":{\"@type\":\"EntryPoint\",\"urlTemplate\":\"https:\/\/balsamico.shop\/es\/?s={search_term_string}\"},\"query-input\":{\"@type\":\"PropertyValueSpecification\",\"valueRequired\":true,\"valueName\":\"search_term_string\"}}],\"inLanguage\":\"es\"}]}<\/script>\n<!-- \/ Yoast SEO plugin. -->","yoast_head_json":{"title":"Aceto Balsamico Tradizionale di Reggio Emilia DOP - ORO - Picci","robots":{"index":"index","follow":"follow","max-snippet":"max-snippet:-1","max-image-preview":"max-image-preview:large","max-video-preview":"max-video-preview:-1"},"canonical":"https:\/\/balsamico.shop\/es\/producto\/aceto-balsamico-tradizionale-di-reggio-emilia-oro-picci\/","og_locale":"es_ES","og_type":"article","og_title":"Aceto Balsamico Tradizionale di Reggio Emilia DOP - ORO - Picci","og_description":"El dorado, o en italiano, ORO, lo mejor de Reggio Emilia de la tradicional Acetaia de Marco Piccirilli, el propietario de Acetaia Picci en Cavriago, Reggio Emilia, Italia. Con moderaci\u00f3n, puede disfrutar de este Aceto Balsamic Tradizionale di Reggio Emilia DOP por su largo postgusto en el sabor como el tracto digestivo o como la culminaci\u00f3n de una comida festiva. Este aceto tambi\u00e9n es perfecto para un buen queso duro viejo o viejo, y su dulzura lo hace adecuado para el postre. Ingredientes: queso de uva cocido. Nota: Puede contener sulfitos naturales. &nbsp; &nbsp; &nbsp; Productor: ACETAIA PICCI snc Via Roncaglio 29 42025 Cavriago Reggio Emilia Italia","og_url":"https:\/\/balsamico.shop\/es\/producto\/aceto-balsamico-tradizionale-di-reggio-emilia-oro-picci\/","og_site_name":"Aceto Balsamico Shop - Espa\u00f1a","article_modified_time":"2026-03-26T10:29:24+00:00","og_image":[{"width":1600,"height":1872,"url":"https:\/\/balsamico.shop\/es\/wp-content\/uploads\/2016\/05\/picci-oro-aceto-balsamico-tradizionale-reggioemilia.jpg","type":"image\/jpeg"}],"twitter_card":"summary_large_image","twitter_misc":{"Tiempo de lectura":"1 minuto"},"schema":{"@context":"https:\/\/schema.org","@graph":[{"@type":"WebPage","@id":"https:\/\/balsamico.shop\/es\/producto\/aceto-balsamico-tradizionale-di-reggio-emilia-oro-picci\/","url":"https:\/\/balsamico.shop\/es\/producto\/aceto-balsamico-tradizionale-di-reggio-emilia-oro-picci\/","name":"Aceto Balsamico Tradizionale di Reggio Emilia DOP - ORO - Picci","isPartOf":{"@id":"https:\/\/balsamico.shop\/es\/#website"},"primaryImageOfPage":{"@id":"https:\/\/balsamico.shop\/es\/producto\/aceto-balsamico-tradizionale-di-reggio-emilia-oro-picci\/#primaryimage"},"image":{"@id":"https:\/\/balsamico.shop\/es\/producto\/aceto-balsamico-tradizionale-di-reggio-emilia-oro-picci\/#primaryimage"},"thumbnailUrl":"https:\/\/balsamico.shop\/es\/wp-content\/uploads\/2016\/05\/picci-oro-aceto-balsamico-tradizionale-reggioemilia.jpg","datePublished":"2016-05-03T20:57:19+00:00","dateModified":"2026-03-26T10:29:24+00:00","breadcrumb":{"@id":"https:\/\/balsamico.shop\/es\/producto\/aceto-balsamico-tradizionale-di-reggio-emilia-oro-picci\/#breadcrumb"},"inLanguage":"es","potentialAction":[{"@type":"ReadAction","target":["https:\/\/balsamico.shop\/es\/producto\/aceto-balsamico-tradizionale-di-reggio-emilia-oro-picci\/"]}]},{"@type":"ImageObject","inLanguage":"es","@id":"https:\/\/balsamico.shop\/es\/producto\/aceto-balsamico-tradizionale-di-reggio-emilia-oro-picci\/#primaryimage","url":"https:\/\/balsamico.shop\/es\/wp-content\/uploads\/2016\/05\/picci-oro-aceto-balsamico-tradizionale-reggioemilia.jpg","contentUrl":"https:\/\/balsamico.shop\/es\/wp-content\/uploads\/2016\/05\/picci-oro-aceto-balsamico-tradizionale-reggioemilia.jpg","width":1600,"height":1872},{"@type":"BreadcrumbList","@id":"https:\/\/balsamico.shop\/es\/producto\/aceto-balsamico-tradizionale-di-reggio-emilia-oro-picci\/#breadcrumb","itemListElement":[{"@type":"ListItem","position":1,"name":"Home","item":"https:\/\/balsamico.shop\/es\/"},{"@type":"ListItem","position":2,"name":"Vinagre bals\u00e1mico de M\u00f3dena &#8211; Tienda Online","item":"https:\/\/balsamico.shop\/es\/shop\/"},{"@type":"ListItem","position":3,"name":"Aceto Balsamico Tradizionale di Reggio Emilia DOP &#8211; ORO &#8211; Picci"}]},{"@type":"WebSite","@id":"https:\/\/balsamico.shop\/es\/#website","url":"https:\/\/balsamico.shop\/es\/","name":"Aceto Balsamico Shop - Espa\u00f1a","description":"Comprar vinagre bals\u00e1mico de M\u00f3dena y Reggio Emilia","potentialAction":[{"@type":"SearchAction","target":{"@type":"EntryPoint","urlTemplate":"https:\/\/balsamico.shop\/es\/?s={search_term_string}"},"query-input":{"@type":"PropertyValueSpecification","valueRequired":true,"valueName":"search_term_string"}}],"inLanguage":"es"}]}},"_links":{"self":[{"href":"https:\/\/balsamico.shop\/es\/wp-json\/wp\/v2\/product\/1392","targetHints":{"allow":["GET"]}}],"collection":[{"href":"https:\/\/balsamico.shop\/es\/wp-json\/wp\/v2\/product"}],"about":[{"href":"https:\/\/balsamico.shop\/es\/wp-json\/wp\/v2\/types\/product"}],"wp:featuredmedia":[{"embeddable":true,"href":"https:\/\/balsamico.shop\/es\/wp-json\/wp\/v2\/media\/1958"}],"wp:attachment":[{"href":"https:\/\/balsamico.shop\/es\/wp-json\/wp\/v2\/media?parent=1392"}],"wp:term":[{"taxonomy":"product_brand","embeddable":true,"href":"https:\/\/balsamico.shop\/es\/wp-json\/wp\/v2\/product_brand?post=1392"},{"taxonomy":"product_cat","embeddable":true,"href":"https:\/\/balsamico.shop\/es\/wp-json\/wp\/v2\/product_cat?post=1392"},{"taxonomy":"product_tag","embeddable":true,"href":"https:\/\/balsamico.shop\/es\/wp-json\/wp\/v2\/product_tag?post=1392"}],"curies":[{"name":"wp","href":"https:\/\/api.w.org\/{rel}","templated":true}]}}