{"id":1380,"date":"2017-01-05T17:25:19","date_gmt":"2017-01-05T16:25:19","guid":{"rendered":"https:\/\/balsamico.shop\/dk\/?post_type=product&#038;p=1380"},"modified":"2026-01-13T15:16:49","modified_gmt":"2026-01-13T14:16:49","slug":"extravecchio-riserva-oro-aceto-balsamico-tradicional-100-anos","status":"publish","type":"product","link":"https:\/\/balsamico.shop\/es\/producto\/extravecchio-riserva-oro-aceto-balsamico-tradicional-100-anos\/","title":{"rendered":"Riserva Oro &#8211; Aceto Balsamico Tradizionale di Modena DOP &#8211; 100 a\u00f1os"},"content":{"rendered":"<p><img loading=\"lazy\" decoding=\"async\" class=\"size-full wp-image-340 alignright\" src=\"https:\/\/balsamico.shop\/de\/wp-content\/uploads\/2016\/08\/villa-san-donnino.jpg\" alt=\"\" width=\"198\" height=\"145\" \/><\/p>\n<p>Esta serie exclusiva de Extravecchio con solo menos de 50 botellas de la familia Lonardi actualmente solo est\u00e1 disponible en nuestro almac\u00e9n. Este Aceto Bals\u00e1mico Tradicional de M\u00f3dena se cultiva completamente en la bater\u00eda familiar, que ha estado activa por m\u00e1s de 100 a\u00f1os.<\/p>\n<p>No es por nada que Mark Zuckerberg, fundador de Facebook, decidi\u00f3 con su esposa durante su \u00faltima visita a fines del verano de 2016 en este viaje especial de Acetaia. En la villa de estilo Art Nouveau de Acetaia Villa San Donnino, \u00e9l y su familia probaron este gran placer del vinagre bals\u00e1mico.<\/p>\n<p>Este vinagre bals\u00e1mico es \u00fanico.<\/p>\n<p>Cantidad m\u00e1xima de pedido 1 botella \/ cliente, porque esta serie est\u00e1 estrictamente limitada.<\/p>\n<p>El Aceto Balsamic Traditional di Modena D.O.P Riserva Oro viene en una hermosa caja de joyer\u00eda con un catador de porcelana y un original quemador de corcho \/ vidrio y un peque\u00f1o certificado original de Acetaia.<\/p>\n<p>Este producto se enviar\u00e1 a trav\u00e9s de DHL sin costo adicional.<\/p>\n<p>Ingredientes: 100% mosto de uva cocida.<\/p>\n<p>&nbsp;<\/p>\n<p>&nbsp;<\/p>\n<p>&nbsp;<\/p>\n<p>Productor:<br \/>\nAcetaia Villa San Donnino<br \/>\nCalle Medicina 25<br \/>\n41126 San Donnino &#8211; Modena<br \/>\nItalia<\/p>\n","protected":false},"excerpt":{"rendered":"<p>Esta serie exclusiva de Extravecchio con solo menos de 50 botellas de la familia Lonardi actualmente solo est\u00e1 disponible en nuestro almac\u00e9n. Este Aceto Bals\u00e1mico Tradicional de M\u00f3dena se cultiva completamente en la bater\u00eda familiar, que ha estado activa por m\u00e1s de 100 a\u00f1os. No es por nada que Mark Zuckerberg, fundador de Facebook, decidi\u00f3 con su esposa durante su \u00faltima visita a fines del verano de 2016 en este viaje especial de Acetaia. En la villa de estilo Art Nouveau de Acetaia Villa San Donnino, \u00e9l y su familia probaron este gran placer del vinagre bals\u00e1mico. Este vinagre bals\u00e1mico es \u00fanico. Cantidad m\u00e1xima de pedido 1 botella \/ cliente, porque esta serie est\u00e1 estrictamente limitada. El Aceto Balsamic Traditional di Modena D.O.P Riserva Oro viene en una hermosa caja de joyer\u00eda con un catador de porcelana y un original quemador de corcho \/ vidrio y un peque\u00f1o certificado original de Acetaia. Este producto se enviar\u00e1 a trav\u00e9s de DHL sin costo adicional. Ingredientes: 100% mosto de uva cocida. &nbsp; &nbsp; &nbsp; Productor: Acetaia Villa San Donnino Calle Medicina 25 41126 San Donnino &#8211; Modena Italia<\/p>\n","protected":false},"featured_media":1970,"template":"","meta":[],"product_brand":[],"product_cat":[36],"product_tag":[75,74],"class_list":{"0":"post-1380","1":"product","2":"type-product","3":"status-publish","4":"has-post-thumbnail","6":"product_cat-villa-san-donnino","7":"product_tag-vinagre-modena","8":"product_tag-vinagre-25-anos","9":"product_shipping_class-ueber-100","11":"first","12":"outofstock","13":"sold-individually","14":"taxable","15":"shipping-taxable","16":"purchasable","17":"product-type-simple"},"bundle_layout":"","bundled_by":[],"bundled_items":[],"yoast_head":"<!-- This site is optimized with the Yoast SEO plugin v27.3 - https:\/\/yoast.com\/product\/yoast-seo-wordpress\/ -->\n<title>Riserva Oro - Aceto Balsamico Tradizionale di Modena DOP - 100 a\u00f1os - Aceto Balsamico Shop - Espa\u00f1a<\/title>\n<meta name=\"robots\" content=\"index, follow, max-snippet:-1, max-image-preview:large, max-video-preview:-1\" \/>\n<link rel=\"canonical\" href=\"https:\/\/balsamico.shop\/es\/producto\/extravecchio-riserva-oro-aceto-balsamico-tradicional-100-anos\/\" \/>\n<meta property=\"og:locale\" content=\"es_ES\" \/>\n<meta property=\"og:type\" content=\"article\" \/>\n<meta property=\"og:title\" content=\"Riserva Oro - Aceto Balsamico Tradizionale di Modena DOP - 100 a\u00f1os - Aceto Balsamico Shop - Espa\u00f1a\" \/>\n<meta property=\"og:description\" content=\"Esta serie exclusiva de Extravecchio con solo menos de 50 botellas de la familia Lonardi actualmente solo est\u00e1 disponible en nuestro almac\u00e9n. Este Aceto Bals\u00e1mico Tradicional de M\u00f3dena se cultiva completamente en la bater\u00eda familiar, que ha estado activa por m\u00e1s de 100 a\u00f1os. No es por nada que Mark Zuckerberg, fundador de Facebook, decidi\u00f3 con su esposa durante su \u00faltima visita a fines del verano de 2016 en este viaje especial de Acetaia. En la villa de estilo Art Nouveau de Acetaia Villa San Donnino, \u00e9l y su familia probaron este gran placer del vinagre bals\u00e1mico. Este vinagre bals\u00e1mico es \u00fanico. Cantidad m\u00e1xima de pedido 1 botella \/ cliente, porque esta serie est\u00e1 estrictamente limitada. El Aceto Balsamic Traditional di Modena D.O.P Riserva Oro viene en una hermosa caja de joyer\u00eda con un catador de porcelana y un original quemador de corcho \/ vidrio y un peque\u00f1o certificado original de Acetaia. Este producto se enviar\u00e1 a trav\u00e9s de DHL sin costo adicional. Ingredientes: 100% mosto de uva cocida. &nbsp; &nbsp; &nbsp; Productor: Acetaia Villa San Donnino Calle Medicina 25 41126 San Donnino &#8211; Modena Italia\" \/>\n<meta property=\"og:url\" content=\"https:\/\/balsamico.shop\/es\/producto\/extravecchio-riserva-oro-aceto-balsamico-tradicional-100-anos\/\" \/>\n<meta property=\"og:site_name\" content=\"Aceto Balsamico Shop - Espa\u00f1a\" \/>\n<meta property=\"article:modified_time\" content=\"2026-01-13T14:16:49+00:00\" \/>\n<meta property=\"og:image\" content=\"https:\/\/balsamico.shop\/es\/wp-content\/uploads\/2017\/01\/acetaia-villa-san-donnino-balsamico-tradizionale-extravecchio-oro.jpg\" \/>\n\t<meta property=\"og:image:width\" content=\"1600\" \/>\n\t<meta property=\"og:image:height\" content=\"1872\" \/>\n\t<meta property=\"og:image:type\" content=\"image\/jpeg\" \/>\n<meta name=\"twitter:card\" content=\"summary_large_image\" \/>\n<meta name=\"twitter:label1\" content=\"Tiempo de lectura\" \/>\n\t<meta name=\"twitter:data1\" content=\"2 minutos\" \/>\n<script type=\"application\/ld+json\" class=\"yoast-schema-graph\">{\"@context\":\"https:\\\/\\\/schema.org\",\"@graph\":[{\"@type\":\"WebPage\",\"@id\":\"https:\\\/\\\/balsamico.shop\\\/es\\\/producto\\\/extravecchio-riserva-oro-aceto-balsamico-tradicional-100-anos\\\/\",\"url\":\"https:\\\/\\\/balsamico.shop\\\/es\\\/producto\\\/extravecchio-riserva-oro-aceto-balsamico-tradicional-100-anos\\\/\",\"name\":\"Riserva Oro - Aceto Balsamico Tradizionale di Modena DOP - 100 a\u00f1os - Aceto Balsamico Shop - Espa\u00f1a\",\"isPartOf\":{\"@id\":\"https:\\\/\\\/balsamico.shop\\\/es\\\/#website\"},\"primaryImageOfPage\":{\"@id\":\"https:\\\/\\\/balsamico.shop\\\/es\\\/producto\\\/extravecchio-riserva-oro-aceto-balsamico-tradicional-100-anos\\\/#primaryimage\"},\"image\":{\"@id\":\"https:\\\/\\\/balsamico.shop\\\/es\\\/producto\\\/extravecchio-riserva-oro-aceto-balsamico-tradicional-100-anos\\\/#primaryimage\"},\"thumbnailUrl\":\"https:\\\/\\\/balsamico.shop\\\/es\\\/wp-content\\\/uploads\\\/2017\\\/01\\\/acetaia-villa-san-donnino-balsamico-tradizionale-extravecchio-oro.jpg\",\"datePublished\":\"2017-01-05T16:25:19+00:00\",\"dateModified\":\"2026-01-13T14:16:49+00:00\",\"breadcrumb\":{\"@id\":\"https:\\\/\\\/balsamico.shop\\\/es\\\/producto\\\/extravecchio-riserva-oro-aceto-balsamico-tradicional-100-anos\\\/#breadcrumb\"},\"inLanguage\":\"es\",\"potentialAction\":[{\"@type\":\"ReadAction\",\"target\":[\"https:\\\/\\\/balsamico.shop\\\/es\\\/producto\\\/extravecchio-riserva-oro-aceto-balsamico-tradicional-100-anos\\\/\"]}]},{\"@type\":\"ImageObject\",\"inLanguage\":\"es\",\"@id\":\"https:\\\/\\\/balsamico.shop\\\/es\\\/producto\\\/extravecchio-riserva-oro-aceto-balsamico-tradicional-100-anos\\\/#primaryimage\",\"url\":\"https:\\\/\\\/balsamico.shop\\\/es\\\/wp-content\\\/uploads\\\/2017\\\/01\\\/acetaia-villa-san-donnino-balsamico-tradizionale-extravecchio-oro.jpg\",\"contentUrl\":\"https:\\\/\\\/balsamico.shop\\\/es\\\/wp-content\\\/uploads\\\/2017\\\/01\\\/acetaia-villa-san-donnino-balsamico-tradizionale-extravecchio-oro.jpg\",\"width\":1600,\"height\":1872},{\"@type\":\"BreadcrumbList\",\"@id\":\"https:\\\/\\\/balsamico.shop\\\/es\\\/producto\\\/extravecchio-riserva-oro-aceto-balsamico-tradicional-100-anos\\\/#breadcrumb\",\"itemListElement\":[{\"@type\":\"ListItem\",\"position\":1,\"name\":\"Home\",\"item\":\"https:\\\/\\\/balsamico.shop\\\/es\\\/\"},{\"@type\":\"ListItem\",\"position\":2,\"name\":\"Vinagre bals\u00e1mico de M\u00f3dena &#8211; Tienda Online\",\"item\":\"https:\\\/\\\/balsamico.shop\\\/es\\\/shop\\\/\"},{\"@type\":\"ListItem\",\"position\":3,\"name\":\"Riserva Oro &#8211; Aceto Balsamico Tradizionale di Modena DOP &#8211; 100 a\u00f1os\"}]},{\"@type\":\"WebSite\",\"@id\":\"https:\\\/\\\/balsamico.shop\\\/es\\\/#website\",\"url\":\"https:\\\/\\\/balsamico.shop\\\/es\\\/\",\"name\":\"Aceto Balsamico Shop - Espa\u00f1a\",\"description\":\"Comprar vinagre bals\u00e1mico de M\u00f3dena y Reggio Emilia\",\"potentialAction\":[{\"@type\":\"SearchAction\",\"target\":{\"@type\":\"EntryPoint\",\"urlTemplate\":\"https:\\\/\\\/balsamico.shop\\\/es\\\/?s={search_term_string}\"},\"query-input\":{\"@type\":\"PropertyValueSpecification\",\"valueRequired\":true,\"valueName\":\"search_term_string\"}}],\"inLanguage\":\"es\"}]}<\/script>\n<!-- \/ Yoast SEO plugin. -->","yoast_head_json":{"title":"Riserva Oro - Aceto Balsamico Tradizionale di Modena DOP - 100 a\u00f1os - Aceto Balsamico Shop - Espa\u00f1a","robots":{"index":"index","follow":"follow","max-snippet":"max-snippet:-1","max-image-preview":"max-image-preview:large","max-video-preview":"max-video-preview:-1"},"canonical":"https:\/\/balsamico.shop\/es\/producto\/extravecchio-riserva-oro-aceto-balsamico-tradicional-100-anos\/","og_locale":"es_ES","og_type":"article","og_title":"Riserva Oro - Aceto Balsamico Tradizionale di Modena DOP - 100 a\u00f1os - Aceto Balsamico Shop - Espa\u00f1a","og_description":"Esta serie exclusiva de Extravecchio con solo menos de 50 botellas de la familia Lonardi actualmente solo est\u00e1 disponible en nuestro almac\u00e9n. Este Aceto Bals\u00e1mico Tradicional de M\u00f3dena se cultiva completamente en la bater\u00eda familiar, que ha estado activa por m\u00e1s de 100 a\u00f1os. No es por nada que Mark Zuckerberg, fundador de Facebook, decidi\u00f3 con su esposa durante su \u00faltima visita a fines del verano de 2016 en este viaje especial de Acetaia. En la villa de estilo Art Nouveau de Acetaia Villa San Donnino, \u00e9l y su familia probaron este gran placer del vinagre bals\u00e1mico. Este vinagre bals\u00e1mico es \u00fanico. Cantidad m\u00e1xima de pedido 1 botella \/ cliente, porque esta serie est\u00e1 estrictamente limitada. El Aceto Balsamic Traditional di Modena D.O.P Riserva Oro viene en una hermosa caja de joyer\u00eda con un catador de porcelana y un original quemador de corcho \/ vidrio y un peque\u00f1o certificado original de Acetaia. Este producto se enviar\u00e1 a trav\u00e9s de DHL sin costo adicional. Ingredientes: 100% mosto de uva cocida. &nbsp; &nbsp; &nbsp; Productor: Acetaia Villa San Donnino Calle Medicina 25 41126 San Donnino &#8211; Modena Italia","og_url":"https:\/\/balsamico.shop\/es\/producto\/extravecchio-riserva-oro-aceto-balsamico-tradicional-100-anos\/","og_site_name":"Aceto Balsamico Shop - Espa\u00f1a","article_modified_time":"2026-01-13T14:16:49+00:00","og_image":[{"width":1600,"height":1872,"url":"https:\/\/balsamico.shop\/es\/wp-content\/uploads\/2017\/01\/acetaia-villa-san-donnino-balsamico-tradizionale-extravecchio-oro.jpg","type":"image\/jpeg"}],"twitter_card":"summary_large_image","twitter_misc":{"Tiempo de lectura":"2 minutos"},"schema":{"@context":"https:\/\/schema.org","@graph":[{"@type":"WebPage","@id":"https:\/\/balsamico.shop\/es\/producto\/extravecchio-riserva-oro-aceto-balsamico-tradicional-100-anos\/","url":"https:\/\/balsamico.shop\/es\/producto\/extravecchio-riserva-oro-aceto-balsamico-tradicional-100-anos\/","name":"Riserva Oro - Aceto Balsamico Tradizionale di Modena DOP - 100 a\u00f1os - Aceto Balsamico Shop - Espa\u00f1a","isPartOf":{"@id":"https:\/\/balsamico.shop\/es\/#website"},"primaryImageOfPage":{"@id":"https:\/\/balsamico.shop\/es\/producto\/extravecchio-riserva-oro-aceto-balsamico-tradicional-100-anos\/#primaryimage"},"image":{"@id":"https:\/\/balsamico.shop\/es\/producto\/extravecchio-riserva-oro-aceto-balsamico-tradicional-100-anos\/#primaryimage"},"thumbnailUrl":"https:\/\/balsamico.shop\/es\/wp-content\/uploads\/2017\/01\/acetaia-villa-san-donnino-balsamico-tradizionale-extravecchio-oro.jpg","datePublished":"2017-01-05T16:25:19+00:00","dateModified":"2026-01-13T14:16:49+00:00","breadcrumb":{"@id":"https:\/\/balsamico.shop\/es\/producto\/extravecchio-riserva-oro-aceto-balsamico-tradicional-100-anos\/#breadcrumb"},"inLanguage":"es","potentialAction":[{"@type":"ReadAction","target":["https:\/\/balsamico.shop\/es\/producto\/extravecchio-riserva-oro-aceto-balsamico-tradicional-100-anos\/"]}]},{"@type":"ImageObject","inLanguage":"es","@id":"https:\/\/balsamico.shop\/es\/producto\/extravecchio-riserva-oro-aceto-balsamico-tradicional-100-anos\/#primaryimage","url":"https:\/\/balsamico.shop\/es\/wp-content\/uploads\/2017\/01\/acetaia-villa-san-donnino-balsamico-tradizionale-extravecchio-oro.jpg","contentUrl":"https:\/\/balsamico.shop\/es\/wp-content\/uploads\/2017\/01\/acetaia-villa-san-donnino-balsamico-tradizionale-extravecchio-oro.jpg","width":1600,"height":1872},{"@type":"BreadcrumbList","@id":"https:\/\/balsamico.shop\/es\/producto\/extravecchio-riserva-oro-aceto-balsamico-tradicional-100-anos\/#breadcrumb","itemListElement":[{"@type":"ListItem","position":1,"name":"Home","item":"https:\/\/balsamico.shop\/es\/"},{"@type":"ListItem","position":2,"name":"Vinagre bals\u00e1mico de M\u00f3dena &#8211; Tienda Online","item":"https:\/\/balsamico.shop\/es\/shop\/"},{"@type":"ListItem","position":3,"name":"Riserva Oro &#8211; Aceto Balsamico Tradizionale di Modena DOP &#8211; 100 a\u00f1os"}]},{"@type":"WebSite","@id":"https:\/\/balsamico.shop\/es\/#website","url":"https:\/\/balsamico.shop\/es\/","name":"Aceto Balsamico Shop - Espa\u00f1a","description":"Comprar vinagre bals\u00e1mico de M\u00f3dena y Reggio Emilia","potentialAction":[{"@type":"SearchAction","target":{"@type":"EntryPoint","urlTemplate":"https:\/\/balsamico.shop\/es\/?s={search_term_string}"},"query-input":{"@type":"PropertyValueSpecification","valueRequired":true,"valueName":"search_term_string"}}],"inLanguage":"es"}]}},"_links":{"self":[{"href":"https:\/\/balsamico.shop\/es\/wp-json\/wp\/v2\/product\/1380","targetHints":{"allow":["GET"]}}],"collection":[{"href":"https:\/\/balsamico.shop\/es\/wp-json\/wp\/v2\/product"}],"about":[{"href":"https:\/\/balsamico.shop\/es\/wp-json\/wp\/v2\/types\/product"}],"wp:featuredmedia":[{"embeddable":true,"href":"https:\/\/balsamico.shop\/es\/wp-json\/wp\/v2\/media\/1970"}],"wp:attachment":[{"href":"https:\/\/balsamico.shop\/es\/wp-json\/wp\/v2\/media?parent=1380"}],"wp:term":[{"taxonomy":"product_brand","embeddable":true,"href":"https:\/\/balsamico.shop\/es\/wp-json\/wp\/v2\/product_brand?post=1380"},{"taxonomy":"product_cat","embeddable":true,"href":"https:\/\/balsamico.shop\/es\/wp-json\/wp\/v2\/product_cat?post=1380"},{"taxonomy":"product_tag","embeddable":true,"href":"https:\/\/balsamico.shop\/es\/wp-json\/wp\/v2\/product_tag?post=1380"}],"curies":[{"name":"wp","href":"https:\/\/api.w.org\/{rel}","templated":true}]}}