{"id":1374,"date":"2017-01-07T22:35:34","date_gmt":"2017-01-07T21:35:34","guid":{"rendered":"https:\/\/balsamico.shop\/dk\/?post_type=product&#038;p=1374"},"modified":"2025-10-28T18:29:26","modified_gmt":"2025-10-28T17:29:26","slug":"aceto-balsamico-tradizionale-modena-12-villasandonnino","status":"publish","type":"product","link":"https:\/\/balsamico.shop\/es\/producto\/aceto-balsamico-tradizionale-modena-12-villasandonnino\/","title":{"rendered":"Vinagre Bals\u00e1mico Tradicional de M\u00f3dena &#8211; 12 a\u00f1os &#8211; Villa San Donnino"},"content":{"rendered":"<p><img loading=\"lazy\" decoding=\"async\" class=\"alignright wp-image-340 size-full\" src=\"https:\/\/balsamico.shop\/de\/wp-content\/uploads\/2016\/08\/villa-san-donnino.jpg\" alt=\"Aceto Balsamico Traditionel fra Modena - Balsamico eddike fra Modena\" width=\"198\" height=\"145\" \/>Deben transcurrir m\u00e1s de 12 a\u00f1os antes de que este vinagre bals\u00e1mico se pueda embotellar en la botella original de 100 ml. Cada botella es liberada por el consorcio bals\u00e1mico oficial en la regi\u00f3n de M\u00f3dena y se le asigna un n\u00famero de serie \u00fanico. El tiempo, una calidad muy alta de las uvas, la correcta p\u00e9rdida de madera y el arte de hacer un verdadero Aceto Bals\u00e1mico Tradicional hacen vinagre bals\u00e1mico tradicional para una experiencia de sabor inolvidable.<\/p>\n<p><img loading=\"lazy\" decoding=\"async\" class=\"alignleft wp-image-817\" src=\"https:\/\/balsamico.shop\/de\/wp-content\/uploads\/2017\/04\/goldener-tropfen-0417-n2-254x300.png\" alt=\"Balsamico eddikke fra Modena - Balsamisk eddike fra Modena\" width=\"189\" height=\"213\" \/><\/p>\n<p>Debido a los barriles parcialmente viejos de esta l\u00e1mina bals\u00e1mica, se despliega un sabor agridulce muy especial e incomparable con un retrogusto intenso.<\/p>\n<p>Villa San Donnino celebr\u00f3 su centenario en 2010 y la tradici\u00f3n de producci\u00f3n de vinagre se remonta a diferentes generaciones de Lonardis.<\/p>\n<p>Incluso el fundador de Facebook, Mark Zuckerberg, decidi\u00f3 participar en una muestra de esta noble ca\u00edda en Villa San Donnino durante su visita a la regi\u00f3n de M\u00f3dena. Davide Lonardi le mostr\u00f3 al famoso multimillonario de Silicon Valley su hermosa Villa Art Nouveau de 1920, t\u00edpica de la regi\u00f3n y conocida a trav\u00e9s de varias grabaciones de pel\u00edculas. Zuckerberg y su esposa han probado el exclusivo Aceto Bals\u00e1mico Tradicional de M\u00f3dena, que puede ordenar de nosotros.<\/p>\n<div id=\"fb-root\"><\/div>\n<div class=\"fb-post\" data-href=\"https:\/\/www.facebook.com\/122128577843060\/photos\/a.225297457526171\/1096409640414944\/?type=3&amp;theater\" data-width=\"500\" data-show-text=\"true\">\n<blockquote class=\"fb-xfbml-parse-ignore\" cite=\"https:\/\/developers.facebook.com\/permalink.php?story_fbid=1096409640414944&amp;id=122128577843060&amp;substory_index=0\"><p>from <a href=\"https:\/\/www.facebook.com\/Villa-San-Donnino-122128577843060\/\">Villa San Donnino<\/a> @ <a href=\"https:\/\/developers.facebook.com\/permalink.php?story_fbid=1096409640414944&amp;id=122128577843060&amp;substory_index=0\">3. September 2016<\/a><\/p><\/blockquote>\n<\/div>\n<p>\u00ab<em>Davide Lonardi zusammen mit Mark Zuckerberg vor dem Eingang der Villa San Donnino<\/em>\u00bb<\/p>\n<p>D\u00e9jese encantar por esta impresionante rese\u00f1a de su visita a Villa San Donnino:<br \/>\n<iframe loading=\"lazy\" title=\"Italy_Aceto Balsamic_Villa San Donnino_Michella Kim_ENG\" width=\"1170\" height=\"658\" src=\"https:\/\/www.youtube.com\/embed\/AJDjgVRgcgU?feature=oembed\" frameborder=\"0\" allow=\"accelerometer; autoplay; clipboard-write; encrypted-media; gyroscope; picture-in-picture; web-share\" allowfullscreen><\/iframe><\/p>\n<p>Ingredientes: 100% de uva cocida no se deben m\u00e1s sulfitos.<\/p>\n<p>&nbsp;<\/p>\n<p>&nbsp;<\/p>\n<p>&nbsp;<\/p>\n<p>Productor:<br \/>\nAcetaia Villa San Donnino<br \/>\nCalle Medicina 25<br \/>\n41126 San Donnino &#8211; Modena<br \/>\nItalia<\/p>\n","protected":false},"excerpt":{"rendered":"<p>Deben transcurrir m\u00e1s de 12 a\u00f1os antes de que este vinagre bals\u00e1mico se pueda embotellar en la botella original de 100 ml. Cada botella es liberada por el consorcio bals\u00e1mico oficial en la regi\u00f3n de M\u00f3dena y se le asigna un n\u00famero de serie \u00fanico. El tiempo, una calidad muy alta de las uvas, la correcta p\u00e9rdida de madera y el arte de hacer un verdadero Aceto Bals\u00e1mico Tradicional hacen vinagre bals\u00e1mico tradicional para una experiencia de sabor inolvidable. Debido a los barriles parcialmente viejos de esta l\u00e1mina bals\u00e1mica, se despliega un sabor agridulce muy especial e incomparable con un retrogusto intenso. Villa San Donnino celebr\u00f3 su centenario en 2010 y la tradici\u00f3n de producci\u00f3n de vinagre se remonta a diferentes generaciones de Lonardis. Incluso el fundador de Facebook, Mark Zuckerberg, decidi\u00f3 participar en una muestra de esta noble ca\u00edda en Villa San Donnino durante su visita a la regi\u00f3n de M\u00f3dena. Davide Lonardi le mostr\u00f3 al famoso multimillonario de Silicon Valley su hermosa Villa Art Nouveau de 1920, t\u00edpica de la regi\u00f3n y conocida a trav\u00e9s de varias grabaciones de pel\u00edculas. Zuckerberg y su esposa han probado el exclusivo Aceto Bals\u00e1mico Tradicional de M\u00f3dena, que puede ordenar de nosotros. from Villa San Donnino @ 3. September 2016 \u00abDavide Lonardi zusammen mit Mark Zuckerberg vor dem Eingang der Villa San Donnino\u00bb D\u00e9jese encantar por esta impresionante rese\u00f1a de su visita a Villa San Donnino: Ingredientes: 100% de uva cocida no se deben m\u00e1s sulfitos. &nbsp; &nbsp; &nbsp; Productor: Acetaia Villa San Donnino Calle Medicina 25 41126 San Donnino &#8211; Modena Italia<\/p>\n","protected":false},"featured_media":1971,"template":"","meta":[],"product_brand":[],"product_cat":[36],"product_tag":[75,73],"class_list":{"0":"post-1374","1":"product","2":"type-product","3":"status-publish","4":"has-post-thumbnail","6":"product_cat-villa-san-donnino","7":"product_tag-vinagre-modena","8":"product_tag-vinagre-12-anos","9":"product_shipping_class-balsamico","11":"first","12":"outofstock","13":"featured","14":"taxable","15":"shipping-taxable","16":"purchasable","17":"product-type-simple"},"bundle_layout":"","bundled_by":[],"bundled_items":[],"yoast_head":"<!-- This site is optimized with the Yoast SEO plugin v27.3 - https:\/\/yoast.com\/product\/yoast-seo-wordpress\/ -->\n<title>Vinagre Bals\u00e1mico Tradicional de M\u00f3dena - 12 a\u00f1os - Villa San Donnino - Aceto Balsamico Shop - Espa\u00f1a<\/title>\n<meta name=\"robots\" content=\"index, follow, max-snippet:-1, max-image-preview:large, max-video-preview:-1\" \/>\n<link rel=\"canonical\" href=\"https:\/\/balsamico.shop\/es\/producto\/aceto-balsamico-tradizionale-modena-12-villasandonnino\/\" \/>\n<meta property=\"og:locale\" content=\"es_ES\" \/>\n<meta property=\"og:type\" content=\"article\" \/>\n<meta property=\"og:title\" content=\"Vinagre Bals\u00e1mico Tradicional de M\u00f3dena - 12 a\u00f1os - Villa San Donnino - Aceto Balsamico Shop - Espa\u00f1a\" \/>\n<meta property=\"og:description\" content=\"Deben transcurrir m\u00e1s de 12 a\u00f1os antes de que este vinagre bals\u00e1mico se pueda embotellar en la botella original de 100 ml. Cada botella es liberada por el consorcio bals\u00e1mico oficial en la regi\u00f3n de M\u00f3dena y se le asigna un n\u00famero de serie \u00fanico. El tiempo, una calidad muy alta de las uvas, la correcta p\u00e9rdida de madera y el arte de hacer un verdadero Aceto Bals\u00e1mico Tradicional hacen vinagre bals\u00e1mico tradicional para una experiencia de sabor inolvidable. Debido a los barriles parcialmente viejos de esta l\u00e1mina bals\u00e1mica, se despliega un sabor agridulce muy especial e incomparable con un retrogusto intenso. Villa San Donnino celebr\u00f3 su centenario en 2010 y la tradici\u00f3n de producci\u00f3n de vinagre se remonta a diferentes generaciones de Lonardis. Incluso el fundador de Facebook, Mark Zuckerberg, decidi\u00f3 participar en una muestra de esta noble ca\u00edda en Villa San Donnino durante su visita a la regi\u00f3n de M\u00f3dena. Davide Lonardi le mostr\u00f3 al famoso multimillonario de Silicon Valley su hermosa Villa Art Nouveau de 1920, t\u00edpica de la regi\u00f3n y conocida a trav\u00e9s de varias grabaciones de pel\u00edculas. Zuckerberg y su esposa han probado el exclusivo Aceto Bals\u00e1mico Tradicional de M\u00f3dena, que puede ordenar de nosotros. from Villa San Donnino @ 3. September 2016 \u00abDavide Lonardi zusammen mit Mark Zuckerberg vor dem Eingang der Villa San Donnino\u00bb D\u00e9jese encantar por esta impresionante rese\u00f1a de su visita a Villa San Donnino: Ingredientes: 100% de uva cocida no se deben m\u00e1s sulfitos. &nbsp; &nbsp; &nbsp; Productor: Acetaia Villa San Donnino Calle Medicina 25 41126 San Donnino &#8211; Modena Italia\" \/>\n<meta property=\"og:url\" content=\"https:\/\/balsamico.shop\/es\/producto\/aceto-balsamico-tradizionale-modena-12-villasandonnino\/\" \/>\n<meta property=\"og:site_name\" content=\"Aceto Balsamico Shop - Espa\u00f1a\" \/>\n<meta property=\"article:modified_time\" content=\"2025-10-28T17:29:26+00:00\" \/>\n<meta property=\"og:image\" content=\"https:\/\/balsamico.shop\/es\/wp-content\/uploads\/2017\/01\/villa-san-donnino-aceto-balsamico-tradizionale-affinato-1.jpg\" \/>\n\t<meta property=\"og:image:width\" content=\"1600\" \/>\n\t<meta property=\"og:image:height\" content=\"1872\" \/>\n\t<meta property=\"og:image:type\" content=\"image\/jpeg\" \/>\n<meta name=\"twitter:card\" content=\"summary_large_image\" \/>\n<meta name=\"twitter:label1\" content=\"Tiempo de lectura\" \/>\n\t<meta name=\"twitter:data1\" content=\"2 minutos\" \/>\n<script type=\"application\/ld+json\" class=\"yoast-schema-graph\">{\"@context\":\"https:\\\/\\\/schema.org\",\"@graph\":[{\"@type\":\"WebPage\",\"@id\":\"https:\\\/\\\/balsamico.shop\\\/es\\\/producto\\\/aceto-balsamico-tradizionale-modena-12-villasandonnino\\\/\",\"url\":\"https:\\\/\\\/balsamico.shop\\\/es\\\/producto\\\/aceto-balsamico-tradizionale-modena-12-villasandonnino\\\/\",\"name\":\"Vinagre Bals\u00e1mico Tradicional de M\u00f3dena - 12 a\u00f1os - Villa San Donnino - Aceto Balsamico Shop - Espa\u00f1a\",\"isPartOf\":{\"@id\":\"https:\\\/\\\/balsamico.shop\\\/es\\\/#website\"},\"primaryImageOfPage\":{\"@id\":\"https:\\\/\\\/balsamico.shop\\\/es\\\/producto\\\/aceto-balsamico-tradizionale-modena-12-villasandonnino\\\/#primaryimage\"},\"image\":{\"@id\":\"https:\\\/\\\/balsamico.shop\\\/es\\\/producto\\\/aceto-balsamico-tradizionale-modena-12-villasandonnino\\\/#primaryimage\"},\"thumbnailUrl\":\"https:\\\/\\\/balsamico.shop\\\/es\\\/wp-content\\\/uploads\\\/2017\\\/01\\\/villa-san-donnino-aceto-balsamico-tradizionale-affinato-1.jpg\",\"datePublished\":\"2017-01-07T21:35:34+00:00\",\"dateModified\":\"2025-10-28T17:29:26+00:00\",\"breadcrumb\":{\"@id\":\"https:\\\/\\\/balsamico.shop\\\/es\\\/producto\\\/aceto-balsamico-tradizionale-modena-12-villasandonnino\\\/#breadcrumb\"},\"inLanguage\":\"es\",\"potentialAction\":[{\"@type\":\"ReadAction\",\"target\":[\"https:\\\/\\\/balsamico.shop\\\/es\\\/producto\\\/aceto-balsamico-tradizionale-modena-12-villasandonnino\\\/\"]}]},{\"@type\":\"ImageObject\",\"inLanguage\":\"es\",\"@id\":\"https:\\\/\\\/balsamico.shop\\\/es\\\/producto\\\/aceto-balsamico-tradizionale-modena-12-villasandonnino\\\/#primaryimage\",\"url\":\"https:\\\/\\\/balsamico.shop\\\/es\\\/wp-content\\\/uploads\\\/2017\\\/01\\\/villa-san-donnino-aceto-balsamico-tradizionale-affinato-1.jpg\",\"contentUrl\":\"https:\\\/\\\/balsamico.shop\\\/es\\\/wp-content\\\/uploads\\\/2017\\\/01\\\/villa-san-donnino-aceto-balsamico-tradizionale-affinato-1.jpg\",\"width\":1600,\"height\":1872},{\"@type\":\"BreadcrumbList\",\"@id\":\"https:\\\/\\\/balsamico.shop\\\/es\\\/producto\\\/aceto-balsamico-tradizionale-modena-12-villasandonnino\\\/#breadcrumb\",\"itemListElement\":[{\"@type\":\"ListItem\",\"position\":1,\"name\":\"Home\",\"item\":\"https:\\\/\\\/balsamico.shop\\\/es\\\/\"},{\"@type\":\"ListItem\",\"position\":2,\"name\":\"Vinagre bals\u00e1mico de M\u00f3dena &#8211; Tienda Online\",\"item\":\"https:\\\/\\\/balsamico.shop\\\/es\\\/shop\\\/\"},{\"@type\":\"ListItem\",\"position\":3,\"name\":\"Vinagre Bals\u00e1mico Tradicional de M\u00f3dena &#8211; 12 a\u00f1os &#8211; Villa San Donnino\"}]},{\"@type\":\"WebSite\",\"@id\":\"https:\\\/\\\/balsamico.shop\\\/es\\\/#website\",\"url\":\"https:\\\/\\\/balsamico.shop\\\/es\\\/\",\"name\":\"Aceto Balsamico Shop - Espa\u00f1a\",\"description\":\"Comprar vinagre bals\u00e1mico de M\u00f3dena y Reggio Emilia\",\"potentialAction\":[{\"@type\":\"SearchAction\",\"target\":{\"@type\":\"EntryPoint\",\"urlTemplate\":\"https:\\\/\\\/balsamico.shop\\\/es\\\/?s={search_term_string}\"},\"query-input\":{\"@type\":\"PropertyValueSpecification\",\"valueRequired\":true,\"valueName\":\"search_term_string\"}}],\"inLanguage\":\"es\"}]}<\/script>\n<!-- \/ Yoast SEO plugin. -->","yoast_head_json":{"title":"Vinagre Bals\u00e1mico Tradicional de M\u00f3dena - 12 a\u00f1os - Villa San Donnino - Aceto Balsamico Shop - Espa\u00f1a","robots":{"index":"index","follow":"follow","max-snippet":"max-snippet:-1","max-image-preview":"max-image-preview:large","max-video-preview":"max-video-preview:-1"},"canonical":"https:\/\/balsamico.shop\/es\/producto\/aceto-balsamico-tradizionale-modena-12-villasandonnino\/","og_locale":"es_ES","og_type":"article","og_title":"Vinagre Bals\u00e1mico Tradicional de M\u00f3dena - 12 a\u00f1os - Villa San Donnino - Aceto Balsamico Shop - Espa\u00f1a","og_description":"Deben transcurrir m\u00e1s de 12 a\u00f1os antes de que este vinagre bals\u00e1mico se pueda embotellar en la botella original de 100 ml. Cada botella es liberada por el consorcio bals\u00e1mico oficial en la regi\u00f3n de M\u00f3dena y se le asigna un n\u00famero de serie \u00fanico. El tiempo, una calidad muy alta de las uvas, la correcta p\u00e9rdida de madera y el arte de hacer un verdadero Aceto Bals\u00e1mico Tradicional hacen vinagre bals\u00e1mico tradicional para una experiencia de sabor inolvidable. Debido a los barriles parcialmente viejos de esta l\u00e1mina bals\u00e1mica, se despliega un sabor agridulce muy especial e incomparable con un retrogusto intenso. Villa San Donnino celebr\u00f3 su centenario en 2010 y la tradici\u00f3n de producci\u00f3n de vinagre se remonta a diferentes generaciones de Lonardis. Incluso el fundador de Facebook, Mark Zuckerberg, decidi\u00f3 participar en una muestra de esta noble ca\u00edda en Villa San Donnino durante su visita a la regi\u00f3n de M\u00f3dena. Davide Lonardi le mostr\u00f3 al famoso multimillonario de Silicon Valley su hermosa Villa Art Nouveau de 1920, t\u00edpica de la regi\u00f3n y conocida a trav\u00e9s de varias grabaciones de pel\u00edculas. Zuckerberg y su esposa han probado el exclusivo Aceto Bals\u00e1mico Tradicional de M\u00f3dena, que puede ordenar de nosotros. from Villa San Donnino @ 3. September 2016 \u00abDavide Lonardi zusammen mit Mark Zuckerberg vor dem Eingang der Villa San Donnino\u00bb D\u00e9jese encantar por esta impresionante rese\u00f1a de su visita a Villa San Donnino: Ingredientes: 100% de uva cocida no se deben m\u00e1s sulfitos. &nbsp; &nbsp; &nbsp; Productor: Acetaia Villa San Donnino Calle Medicina 25 41126 San Donnino &#8211; Modena Italia","og_url":"https:\/\/balsamico.shop\/es\/producto\/aceto-balsamico-tradizionale-modena-12-villasandonnino\/","og_site_name":"Aceto Balsamico Shop - Espa\u00f1a","article_modified_time":"2025-10-28T17:29:26+00:00","og_image":[{"width":1600,"height":1872,"url":"https:\/\/balsamico.shop\/es\/wp-content\/uploads\/2017\/01\/villa-san-donnino-aceto-balsamico-tradizionale-affinato-1.jpg","type":"image\/jpeg"}],"twitter_card":"summary_large_image","twitter_misc":{"Tiempo de lectura":"2 minutos"},"schema":{"@context":"https:\/\/schema.org","@graph":[{"@type":"WebPage","@id":"https:\/\/balsamico.shop\/es\/producto\/aceto-balsamico-tradizionale-modena-12-villasandonnino\/","url":"https:\/\/balsamico.shop\/es\/producto\/aceto-balsamico-tradizionale-modena-12-villasandonnino\/","name":"Vinagre Bals\u00e1mico Tradicional de M\u00f3dena - 12 a\u00f1os - Villa San Donnino - Aceto Balsamico Shop - Espa\u00f1a","isPartOf":{"@id":"https:\/\/balsamico.shop\/es\/#website"},"primaryImageOfPage":{"@id":"https:\/\/balsamico.shop\/es\/producto\/aceto-balsamico-tradizionale-modena-12-villasandonnino\/#primaryimage"},"image":{"@id":"https:\/\/balsamico.shop\/es\/producto\/aceto-balsamico-tradizionale-modena-12-villasandonnino\/#primaryimage"},"thumbnailUrl":"https:\/\/balsamico.shop\/es\/wp-content\/uploads\/2017\/01\/villa-san-donnino-aceto-balsamico-tradizionale-affinato-1.jpg","datePublished":"2017-01-07T21:35:34+00:00","dateModified":"2025-10-28T17:29:26+00:00","breadcrumb":{"@id":"https:\/\/balsamico.shop\/es\/producto\/aceto-balsamico-tradizionale-modena-12-villasandonnino\/#breadcrumb"},"inLanguage":"es","potentialAction":[{"@type":"ReadAction","target":["https:\/\/balsamico.shop\/es\/producto\/aceto-balsamico-tradizionale-modena-12-villasandonnino\/"]}]},{"@type":"ImageObject","inLanguage":"es","@id":"https:\/\/balsamico.shop\/es\/producto\/aceto-balsamico-tradizionale-modena-12-villasandonnino\/#primaryimage","url":"https:\/\/balsamico.shop\/es\/wp-content\/uploads\/2017\/01\/villa-san-donnino-aceto-balsamico-tradizionale-affinato-1.jpg","contentUrl":"https:\/\/balsamico.shop\/es\/wp-content\/uploads\/2017\/01\/villa-san-donnino-aceto-balsamico-tradizionale-affinato-1.jpg","width":1600,"height":1872},{"@type":"BreadcrumbList","@id":"https:\/\/balsamico.shop\/es\/producto\/aceto-balsamico-tradizionale-modena-12-villasandonnino\/#breadcrumb","itemListElement":[{"@type":"ListItem","position":1,"name":"Home","item":"https:\/\/balsamico.shop\/es\/"},{"@type":"ListItem","position":2,"name":"Vinagre bals\u00e1mico de M\u00f3dena &#8211; Tienda Online","item":"https:\/\/balsamico.shop\/es\/shop\/"},{"@type":"ListItem","position":3,"name":"Vinagre Bals\u00e1mico Tradicional de M\u00f3dena &#8211; 12 a\u00f1os &#8211; Villa San Donnino"}]},{"@type":"WebSite","@id":"https:\/\/balsamico.shop\/es\/#website","url":"https:\/\/balsamico.shop\/es\/","name":"Aceto Balsamico Shop - Espa\u00f1a","description":"Comprar vinagre bals\u00e1mico de M\u00f3dena y Reggio Emilia","potentialAction":[{"@type":"SearchAction","target":{"@type":"EntryPoint","urlTemplate":"https:\/\/balsamico.shop\/es\/?s={search_term_string}"},"query-input":{"@type":"PropertyValueSpecification","valueRequired":true,"valueName":"search_term_string"}}],"inLanguage":"es"}]}},"_links":{"self":[{"href":"https:\/\/balsamico.shop\/es\/wp-json\/wp\/v2\/product\/1374","targetHints":{"allow":["GET"]}}],"collection":[{"href":"https:\/\/balsamico.shop\/es\/wp-json\/wp\/v2\/product"}],"about":[{"href":"https:\/\/balsamico.shop\/es\/wp-json\/wp\/v2\/types\/product"}],"wp:featuredmedia":[{"embeddable":true,"href":"https:\/\/balsamico.shop\/es\/wp-json\/wp\/v2\/media\/1971"}],"wp:attachment":[{"href":"https:\/\/balsamico.shop\/es\/wp-json\/wp\/v2\/media?parent=1374"}],"wp:term":[{"taxonomy":"product_brand","embeddable":true,"href":"https:\/\/balsamico.shop\/es\/wp-json\/wp\/v2\/product_brand?post=1374"},{"taxonomy":"product_cat","embeddable":true,"href":"https:\/\/balsamico.shop\/es\/wp-json\/wp\/v2\/product_cat?post=1374"},{"taxonomy":"product_tag","embeddable":true,"href":"https:\/\/balsamico.shop\/es\/wp-json\/wp\/v2\/product_tag?post=1374"}],"curies":[{"name":"wp","href":"https:\/\/api.w.org\/{rel}","templated":true}]}}