{"id":2,"date":"2016-03-28T16:24:27","date_gmt":"2016-03-28T14:24:27","guid":{"rendered":"http:\/\/de.aceto-balsamico-tradizionale.com\/?page_id=2"},"modified":"2024-12-17T10:36:48","modified_gmt":"2024-12-17T09:36:48","slug":"home","status":"publish","type":"page","link":"https:\/\/balsamico.shop\/es\/","title":{"rendered":"Inicio"},"content":{"rendered":"<p>Vinagre Bals\u00e1mico no solo es <a href=\"https:\/\/balsamico.shop\/es\/diferencia-vinagre-balsamico-autentico-vinagre-balsamico\/\">vinagre bals\u00e1mico<\/a>: la gama de vinagre de M\u00f3dena en el mercado var\u00eda de 0,50 EUR \/ litro a m\u00e1s de 10,000 EUR \/ litro. Estas diferencias de precios se deben principalmente a las diferencias extremas de calidad del vinagre bals\u00e1mico de M\u00f3dena. El sabor de un vinagre bals\u00e1mico natural y sin aditivos, que consiste exclusivamente en mosto de uva cocido y madurado en diferentes barriles de madera durante m\u00e1s de 12 a\u00f1os, es una experiencia de sabor inolvidable e intenso entre lo dulce y lo \u00e1cido en una combinaci\u00f3n \u00fanica. Encontrar\u00e1 nuestra selecci\u00f3n de vinagres bals\u00e1micos en nuestro <a href=\"https:\/\/balsamico.shop\/es\/shop\/\">bals\u00e1mico shop<\/a>.<br \/>\n<style id=\"sp_product_slider_dynamic_css2007\">#wps-slider-section #sp-woo-product-slider-2007.wps-product-section .wpsp-pagination-dot .swiper-pagination-bullet{ background-color:#cccccc; } #wps-slider-section #sp-woo-product-slider-2007.wps-product-section .wpsp-pagination-dot .swiper-pagination-bullet.swiper-pagination-bullet-active{ background-color:#333333; }#wps-slider-section #sp-woo-product-slider-2007.wps-product-section .wpsp-nav { color:#444444; background-color:transparent; border: 1px solid #aaaaaa; } #wps-slider-section #sp-woo-product-slider-2007.wps-product-section .wpsp-nav:hover { color:#ffffff; background-color:#444444; border-color:#444444; } #wps-slider-section.wps-slider-section-2007{ padding-top: 45px; }#wps-slider-section #sp-woo-product-slider-2007.wps-product-section[data-layout=grid] { margin-left: -20px;}#wps-slider-section #sp-woo-product-slider-2007 .wpsf-grid-item { padding-left: 20px; margin-bottom: 20px;}#wps-slider-section #sp-woo-product-slider-2007 .wpsf-product-title a{ color: #444444; font-size: 15px; } #wps-slider-section #sp-woo-product-slider-2007 .wpsf-product-title a:hover{ color: #955b89; }#sp-woo-product-slider-2007.sp-wps-custom-template .wps-product-image .wpsf-product-img,#sp-woo-product-slider-2007.sp-wps-theme_one .wps-product-image { border: 1px solid #dddddd;}#wps-slider-section #sp-woo-product-slider-2007.sp-wps-theme_one .wpsf-product:hover .wps-product-image, #sp-woo-product-slider-2007.sp-wps-custom-template .sp-wps-product-image-area:hover .wps-product-image .wpsf-product-img { border-color: #dddddd;}#wps-slider-section #sp-woo-product-slider-2007 .wps-pagination ul li .page-numbers {background: transparent; color: #5e5e5e; border: 2px solid #dddddd; } #wps-slider-section #sp-woo-product-slider-2007 .wps-pagination ul li .page-numbers:hover,#wps-slider-section #sp-woo-product-slider-2007 .wps-pagination ul li .page-numbers.current {background: #5e5e5e; color: #ffffff; border-color: #5e5e5e; }#wps-slider-section #sp-woo-product-slider-2007 a.sp-wqv-view-button{ display: none; }<\/style><div id=\"wps-slider-section\" class=\"wps-slider-section wps-slider-section-2007\">\n\t\t<div class=\"wps-preloader\" id=\"wps-preloader-2007\" style=\"\">\n\t\t<img decoding=\"async\" src=\"https:\/\/balsamico.shop\/es\/wp-content\/plugins\/woo-product-slider\/src\/Admin\/assets\/images\/spinner.svg\" alt=\"loader-image\"\/>\n\t<\/div>\n\t\t\t<div id=\"sp-woo-product-slider-2007\" class=\"wps-product-section sp-wps-theme_one\" data-swiper='{ \"pauseOnHover\": true, \"infinite\": true, \"slidesToShow\": 4, \"speed\": 600,\"spaceBetween\": 20, \"autoplay\": true, \"autoplaySpeed\": 3000, \"swipe\": true, \"draggable\": true,\"freeMode\":false,\"carousel_accessibility\": false,\"mousewheel\": false,\"adaptiveHeight\": false, \"slidesPerView\":{\"lg_desktop\":4, \"desktop\":3, \"tablet\":2, \"mobile\":1} }'  dir=\"ltr\" data-preloader=\"1\">\n\t\t\t<div class=\"swiper-wrapper\">\n\t\t<div class=\"wpsf-product  swiper-slide\">\n\t<div class=\"sp-wps-product-image-area\">\n\t\t<a href=\"https:\/\/balsamico.shop\/es\/producto\/novizio-vinagreta-balsamica-picci\/\" class=\"wps-product-image\">\n\t<img loading=\"lazy\" decoding=\"async\" width=\"256\" height=\"300\" src=\"https:\/\/balsamico.shop\/es\/wp-content\/uploads\/2023\/02\/novizio-condimento-picci-256x300.jpg\" class=\"wpsf-product-img wp-post-image\" alt=\"\" srcset=\"https:\/\/balsamico.shop\/es\/wp-content\/uploads\/2023\/02\/novizio-condimento-picci-256x300.jpg 256w, https:\/\/balsamico.shop\/es\/wp-content\/uploads\/2023\/02\/novizio-condimento-picci-875x1024.jpg 875w, https:\/\/balsamico.shop\/es\/wp-content\/uploads\/2023\/02\/novizio-condimento-picci-768x899.jpg 768w, https:\/\/balsamico.shop\/es\/wp-content\/uploads\/2023\/02\/novizio-condimento-picci-1313x1536.jpg 1313w, https:\/\/balsamico.shop\/es\/wp-content\/uploads\/2023\/02\/novizio-condimento-picci-1170x1369.jpg 1170w, https:\/\/balsamico.shop\/es\/wp-content\/uploads\/2023\/02\/novizio-condimento-picci-870x1018.jpg 870w, https:\/\/balsamico.shop\/es\/wp-content\/uploads\/2023\/02\/novizio-condimento-picci-390x456.jpg 390w, https:\/\/balsamico.shop\/es\/wp-content\/uploads\/2023\/02\/novizio-condimento-picci-300x351.jpg 300w, https:\/\/balsamico.shop\/es\/wp-content\/uploads\/2023\/02\/novizio-condimento-picci-600x702.jpg 600w, https:\/\/balsamico.shop\/es\/wp-content\/uploads\/2023\/02\/novizio-condimento-picci.jpg 1600w\" sizes=\"auto, (max-width: 256px) 100vw, 256px\" \/><\/a>\n\t\t<div class=\"sp-wps-product-details\">\n\t\t\t<div class=\"sp-wps-product-details-inner\">\n\t\t\t\t\t\t<div class=\"wpsf-product-title\"><a href=\"https:\/\/balsamico.shop\/es\/producto\/novizio-vinagreta-balsamica-picci\/\">IL NOVIZIO &#8211; Para vinagreta bals\u00e1mica &#8211; Picci<\/a><\/div>\n\t\t\t\t<\/div> <!-- sp-wps-product-details-inner. -->\n\t\t<\/div> <!--  sp-wps-product-details. -->\n\t<\/div> <!-- sp-wps-product-image-area.  -->\n<\/div> <!-- wpsf-product. -->\n<div class=\"wpsf-product  swiper-slide\">\n\t<div class=\"sp-wps-product-image-area\">\n\t\t<a href=\"https:\/\/balsamico.shop\/es\/producto\/giuseppe-cremonini-aceto-balsamico-di-modena-invecchiato-5-uvas-envejecido\/\" class=\"wps-product-image\">\n\t<img loading=\"lazy\" decoding=\"async\" width=\"256\" height=\"300\" src=\"https:\/\/balsamico.shop\/es\/wp-content\/uploads\/2020\/04\/giuseppe-cremonini-aceto-balsamico-di-modena-invecchiato-5-trauben-aged-256x300.jpg\" class=\"wpsf-product-img wp-post-image\" alt=\"\" srcset=\"https:\/\/balsamico.shop\/es\/wp-content\/uploads\/2020\/04\/giuseppe-cremonini-aceto-balsamico-di-modena-invecchiato-5-trauben-aged-256x300.jpg 256w, https:\/\/balsamico.shop\/es\/wp-content\/uploads\/2020\/04\/giuseppe-cremonini-aceto-balsamico-di-modena-invecchiato-5-trauben-aged-875x1024.jpg 875w, https:\/\/balsamico.shop\/es\/wp-content\/uploads\/2020\/04\/giuseppe-cremonini-aceto-balsamico-di-modena-invecchiato-5-trauben-aged-768x899.jpg 768w, https:\/\/balsamico.shop\/es\/wp-content\/uploads\/2020\/04\/giuseppe-cremonini-aceto-balsamico-di-modena-invecchiato-5-trauben-aged-1313x1536.jpg 1313w, https:\/\/balsamico.shop\/es\/wp-content\/uploads\/2020\/04\/giuseppe-cremonini-aceto-balsamico-di-modena-invecchiato-5-trauben-aged-1170x1369.jpg 1170w, https:\/\/balsamico.shop\/es\/wp-content\/uploads\/2020\/04\/giuseppe-cremonini-aceto-balsamico-di-modena-invecchiato-5-trauben-aged-870x1018.jpg 870w, https:\/\/balsamico.shop\/es\/wp-content\/uploads\/2020\/04\/giuseppe-cremonini-aceto-balsamico-di-modena-invecchiato-5-trauben-aged-390x456.jpg 390w, https:\/\/balsamico.shop\/es\/wp-content\/uploads\/2020\/04\/giuseppe-cremonini-aceto-balsamico-di-modena-invecchiato-5-trauben-aged-300x351.jpg 300w, https:\/\/balsamico.shop\/es\/wp-content\/uploads\/2020\/04\/giuseppe-cremonini-aceto-balsamico-di-modena-invecchiato-5-trauben-aged-600x702.jpg 600w, https:\/\/balsamico.shop\/es\/wp-content\/uploads\/2020\/04\/giuseppe-cremonini-aceto-balsamico-di-modena-invecchiato-5-trauben-aged.jpg 1600w\" sizes=\"auto, (max-width: 256px) 100vw, 256px\" \/><\/a>\n\t\t<div class=\"sp-wps-product-details\">\n\t\t\t<div class=\"sp-wps-product-details-inner\">\n\t\t\t\t\t\t<div class=\"wpsf-product-title\"><a href=\"https:\/\/balsamico.shop\/es\/producto\/giuseppe-cremonini-aceto-balsamico-di-modena-invecchiato-5-uvas-envejecido\/\">Aceto Balsamico di Modena I.G.P. &#8211; Invecchiato &#8211; Cremonini<\/a><\/div>\n\t\t\t\t<\/div> <!-- sp-wps-product-details-inner. -->\n\t\t<\/div> <!--  sp-wps-product-details. -->\n\t<\/div> <!-- sp-wps-product-image-area.  -->\n<\/div> <!-- wpsf-product. -->\n<div class=\"wpsf-product  swiper-slide\">\n\t<div class=\"sp-wps-product-image-area\">\n\t\t<a href=\"https:\/\/balsamico.shop\/es\/producto\/cavalli-aceto-balsamico-tradizionale-reggio-emilia-25-oro\/\" class=\"wps-product-image\">\n\t<img loading=\"lazy\" decoding=\"async\" width=\"256\" height=\"300\" src=\"https:\/\/balsamico.shop\/es\/wp-content\/uploads\/2016\/09\/aceto-balsamico-tradizionale-gold-reggioemilia-cavalli-256x300.jpg\" class=\"wpsf-product-img wp-post-image\" alt=\"\" srcset=\"https:\/\/balsamico.shop\/es\/wp-content\/uploads\/2016\/09\/aceto-balsamico-tradizionale-gold-reggioemilia-cavalli-256x300.jpg 256w, https:\/\/balsamico.shop\/es\/wp-content\/uploads\/2016\/09\/aceto-balsamico-tradizionale-gold-reggioemilia-cavalli-875x1024.jpg 875w, https:\/\/balsamico.shop\/es\/wp-content\/uploads\/2016\/09\/aceto-balsamico-tradizionale-gold-reggioemilia-cavalli-768x899.jpg 768w, https:\/\/balsamico.shop\/es\/wp-content\/uploads\/2016\/09\/aceto-balsamico-tradizionale-gold-reggioemilia-cavalli-1313x1536.jpg 1313w, https:\/\/balsamico.shop\/es\/wp-content\/uploads\/2016\/09\/aceto-balsamico-tradizionale-gold-reggioemilia-cavalli-1170x1369.jpg 1170w, https:\/\/balsamico.shop\/es\/wp-content\/uploads\/2016\/09\/aceto-balsamico-tradizionale-gold-reggioemilia-cavalli-870x1018.jpg 870w, https:\/\/balsamico.shop\/es\/wp-content\/uploads\/2016\/09\/aceto-balsamico-tradizionale-gold-reggioemilia-cavalli-390x456.jpg 390w, https:\/\/balsamico.shop\/es\/wp-content\/uploads\/2016\/09\/aceto-balsamico-tradizionale-gold-reggioemilia-cavalli-300x351.jpg 300w, https:\/\/balsamico.shop\/es\/wp-content\/uploads\/2016\/09\/aceto-balsamico-tradizionale-gold-reggioemilia-cavalli-600x702.jpg 600w, https:\/\/balsamico.shop\/es\/wp-content\/uploads\/2016\/09\/aceto-balsamico-tradizionale-gold-reggioemilia-cavalli.jpg 1600w\" sizes=\"auto, (max-width: 256px) 100vw, 256px\" \/><\/a>\n\t\t<div class=\"sp-wps-product-details\">\n\t\t\t<div class=\"sp-wps-product-details-inner\">\n\t\t\t\t\t\t<div class=\"wpsf-product-title\"><a href=\"https:\/\/balsamico.shop\/es\/producto\/cavalli-aceto-balsamico-tradizionale-reggio-emilia-25-oro\/\">Balsamico Tradizionale &#8211; Cavalli &#8211; 25 a\u00f1os &#8211; Oro &#8211; extravecchio<\/a><\/div>\n\t\t\t\t<\/div> <!-- sp-wps-product-details-inner. -->\n\t\t<\/div> <!--  sp-wps-product-details. -->\n\t<\/div> <!-- sp-wps-product-image-area.  -->\n<\/div> <!-- wpsf-product. -->\n<div class=\"wpsf-product  swiper-slide\">\n\t<div class=\"sp-wps-product-image-area\">\n\t\t<a href=\"https:\/\/balsamico.shop\/es\/producto\/duetto-aceti-balsamici-tradizionali-1225-anos-la-secchia\/\" class=\"wps-product-image\">\n\t<img loading=\"lazy\" decoding=\"async\" width=\"256\" height=\"300\" src=\"https:\/\/balsamico.shop\/es\/wp-content\/uploads\/2016\/10\/duetto-aceto-balsamico-affinato-extravecchio-1-256x300.jpg\" class=\"wpsf-product-img wp-post-image\" alt=\"\" srcset=\"https:\/\/balsamico.shop\/es\/wp-content\/uploads\/2016\/10\/duetto-aceto-balsamico-affinato-extravecchio-1-256x300.jpg 256w, https:\/\/balsamico.shop\/es\/wp-content\/uploads\/2016\/10\/duetto-aceto-balsamico-affinato-extravecchio-1-875x1024.jpg 875w, https:\/\/balsamico.shop\/es\/wp-content\/uploads\/2016\/10\/duetto-aceto-balsamico-affinato-extravecchio-1-768x899.jpg 768w, https:\/\/balsamico.shop\/es\/wp-content\/uploads\/2016\/10\/duetto-aceto-balsamico-affinato-extravecchio-1-1313x1536.jpg 1313w, https:\/\/balsamico.shop\/es\/wp-content\/uploads\/2016\/10\/duetto-aceto-balsamico-affinato-extravecchio-1-1170x1369.jpg 1170w, https:\/\/balsamico.shop\/es\/wp-content\/uploads\/2016\/10\/duetto-aceto-balsamico-affinato-extravecchio-1-870x1018.jpg 870w, https:\/\/balsamico.shop\/es\/wp-content\/uploads\/2016\/10\/duetto-aceto-balsamico-affinato-extravecchio-1-390x456.jpg 390w, https:\/\/balsamico.shop\/es\/wp-content\/uploads\/2016\/10\/duetto-aceto-balsamico-affinato-extravecchio-1-300x351.jpg 300w, https:\/\/balsamico.shop\/es\/wp-content\/uploads\/2016\/10\/duetto-aceto-balsamico-affinato-extravecchio-1-600x702.jpg 600w, https:\/\/balsamico.shop\/es\/wp-content\/uploads\/2016\/10\/duetto-aceto-balsamico-affinato-extravecchio-1.jpg 1600w\" sizes=\"auto, (max-width: 256px) 100vw, 256px\" \/><\/a>\n\t\t<div class=\"sp-wps-product-details\">\n\t\t\t<div class=\"sp-wps-product-details-inner\">\n\t\t\t\t\t\t<div class=\"wpsf-product-title\"><a href=\"https:\/\/balsamico.shop\/es\/producto\/duetto-aceti-balsamici-tradizionali-1225-anos-la-secchia\/\">Duetto &#8211; Dos Aceto Balsamico Tradizionale di Modena D.O.P. &#8211; 12+25 a\u00f1os &#8211; La Secchia<\/a><\/div>\n\t\t\t\t<\/div> <!-- sp-wps-product-details-inner. -->\n\t\t<\/div> <!--  sp-wps-product-details. -->\n\t<\/div> <!-- sp-wps-product-image-area.  -->\n<\/div> <!-- wpsf-product. -->\n<div class=\"wpsf-product  swiper-slide\">\n\t<div class=\"sp-wps-product-image-area\">\n\t\t<a href=\"https:\/\/balsamico.shop\/es\/producto\/condimento-balsamico-cavalli-mosto-de-uva\/\" class=\"wps-product-image\">\n\t<img loading=\"lazy\" decoding=\"async\" width=\"256\" height=\"300\" src=\"https:\/\/balsamico.shop\/es\/wp-content\/uploads\/2017\/01\/balsamico-riserva-nando-256x300.jpg\" class=\"wpsf-product-img wp-post-image\" alt=\"\" srcset=\"https:\/\/balsamico.shop\/es\/wp-content\/uploads\/2017\/01\/balsamico-riserva-nando-256x300.jpg 256w, https:\/\/balsamico.shop\/es\/wp-content\/uploads\/2017\/01\/balsamico-riserva-nando-875x1024.jpg 875w, https:\/\/balsamico.shop\/es\/wp-content\/uploads\/2017\/01\/balsamico-riserva-nando-768x899.jpg 768w, https:\/\/balsamico.shop\/es\/wp-content\/uploads\/2017\/01\/balsamico-riserva-nando-1313x1536.jpg 1313w, https:\/\/balsamico.shop\/es\/wp-content\/uploads\/2017\/01\/balsamico-riserva-nando-1170x1369.jpg 1170w, https:\/\/balsamico.shop\/es\/wp-content\/uploads\/2017\/01\/balsamico-riserva-nando-870x1018.jpg 870w, https:\/\/balsamico.shop\/es\/wp-content\/uploads\/2017\/01\/balsamico-riserva-nando-390x456.jpg 390w, https:\/\/balsamico.shop\/es\/wp-content\/uploads\/2017\/01\/balsamico-riserva-nando-300x351.jpg 300w, https:\/\/balsamico.shop\/es\/wp-content\/uploads\/2017\/01\/balsamico-riserva-nando-600x702.jpg 600w, https:\/\/balsamico.shop\/es\/wp-content\/uploads\/2017\/01\/balsamico-riserva-nando.jpg 1600w\" sizes=\"auto, (max-width: 256px) 100vw, 256px\" \/><\/a>\n\t\t<div class=\"sp-wps-product-details\">\n\t\t\t<div class=\"sp-wps-product-details-inner\">\n\t\t\t\t\t\t<div class=\"wpsf-product-title\"><a href=\"https:\/\/balsamico.shop\/es\/producto\/condimento-balsamico-cavalli-mosto-de-uva\/\">Condimento Balsamico Cavalli &#8211; 100% mosto de uva<\/a><\/div>\n\t\t\t\t<\/div> <!-- sp-wps-product-details-inner. -->\n\t\t<\/div> <!--  sp-wps-product-details. -->\n\t<\/div> <!-- sp-wps-product-image-area.  -->\n<\/div> <!-- wpsf-product. -->\n<div class=\"wpsf-product  swiper-slide\">\n\t<div class=\"sp-wps-product-image-area\">\n\t\t<a href=\"https:\/\/balsamico.shop\/es\/producto\/aceto-balsamico-tradizionale-di-modena-dop-plata\/\" class=\"wps-product-image\">\n\t<img loading=\"lazy\" decoding=\"async\" width=\"256\" height=\"300\" src=\"https:\/\/balsamico.shop\/es\/wp-content\/uploads\/2019\/01\/holzbox-bernardo-tesori-silber-dop-256x300.jpg\" class=\"wpsf-product-img wp-post-image\" alt=\"Bernardo Tesori Silber Holzbox Geschenk - Aceto Balsamico Tradizionale di Modena DOP\" srcset=\"https:\/\/balsamico.shop\/es\/wp-content\/uploads\/2019\/01\/holzbox-bernardo-tesori-silber-dop-256x300.jpg 256w, https:\/\/balsamico.shop\/es\/wp-content\/uploads\/2019\/01\/holzbox-bernardo-tesori-silber-dop-875x1024.jpg 875w, https:\/\/balsamico.shop\/es\/wp-content\/uploads\/2019\/01\/holzbox-bernardo-tesori-silber-dop-768x899.jpg 768w, https:\/\/balsamico.shop\/es\/wp-content\/uploads\/2019\/01\/holzbox-bernardo-tesori-silber-dop-1313x1536.jpg 1313w, https:\/\/balsamico.shop\/es\/wp-content\/uploads\/2019\/01\/holzbox-bernardo-tesori-silber-dop-1170x1369.jpg 1170w, https:\/\/balsamico.shop\/es\/wp-content\/uploads\/2019\/01\/holzbox-bernardo-tesori-silber-dop-870x1018.jpg 870w, https:\/\/balsamico.shop\/es\/wp-content\/uploads\/2019\/01\/holzbox-bernardo-tesori-silber-dop-390x456.jpg 390w, https:\/\/balsamico.shop\/es\/wp-content\/uploads\/2019\/01\/holzbox-bernardo-tesori-silber-dop-300x351.jpg 300w, https:\/\/balsamico.shop\/es\/wp-content\/uploads\/2019\/01\/holzbox-bernardo-tesori-silber-dop-600x702.jpg 600w, https:\/\/balsamico.shop\/es\/wp-content\/uploads\/2019\/01\/holzbox-bernardo-tesori-silber-dop.jpg 1600w\" sizes=\"auto, (max-width: 256px) 100vw, 256px\" \/><\/a>\n\t\t<div class=\"sp-wps-product-details\">\n\t\t\t<div class=\"sp-wps-product-details-inner\">\n\t\t\t\t\t\t<div class=\"wpsf-product-title\"><a href=\"https:\/\/balsamico.shop\/es\/producto\/aceto-balsamico-tradizionale-di-modena-dop-plata\/\">Aceto Balsamico Tradizionale di Modena D.O.P. &#8211; 12 a\u00f1os &#8211; Plata<\/a><\/div>\n\t\t\t\t<\/div> <!-- sp-wps-product-details-inner. -->\n\t\t<\/div> <!--  sp-wps-product-details. -->\n\t<\/div> <!-- sp-wps-product-image-area.  -->\n<\/div> <!-- wpsf-product. -->\n\t\t\t<\/div> <!-- end swiper-wrapper tag  -->\n\t\t\t\t\t\t\t<!-- next \/ prev arrows -->\n\t\t\t<div class=\"wpsp-nav swiper-button-next\"><i class=\"fa fa-angle-right\"><\/i><\/div>\n\t\t\t<div class=\"wpsp-nav swiper-button-prev\"><i class=\"fa fa-angle-left\"><\/i><\/div>\n\t\t\t<!-- !next \/ prev arrows -->\n\t\t\t\t\t\t\t<!-- pagination dots -->\n\t\t\t<div class=\"wpsp-pagination-dot swiper-pagination\"><\/div>\n\t\t\t<!-- !pagination dots -->\n\t\t\t\t<\/div>\n<\/div>\n<\/p>\n<blockquote><p>Creemos que solo aquellos que han probado un <a href=\"https:\/\/balsamico.shop\/es\/shop\/\"><span style=\"color: yellow;\">Aceto Bals\u00e1mico Tradicional<\/span><\/a> autentico saben por qu\u00e9 este alimento es, con raz\u00f3n, uno de los alimentos m\u00e1s caros del mundo.<\/p><\/blockquote>\n<p>Descubra en nuestra tienda en l\u00ednea Aceto Balsamico Tradizionale D.O.P. una selecci\u00f3n peque\u00f1a pero exquisita de vinos finos de productores seleccionados de vinagre de las regiones de M\u00f3dena y Reggio Emilia en Italia, as\u00ed como algunas rarezas ex\u00f3ticas del mundo del vinagre bals\u00e1mico.<\/p>\n","protected":false},"excerpt":{"rendered":"<p>Vinagre Bals\u00e1mico no solo es vinagre bals\u00e1mico: la gama de vinagre de M\u00f3dena en el mercado var\u00eda de 0,50 EUR \/ litro a m\u00e1s de 10,000 EUR \/ litro. Estas diferencias de precios se deben principalmente a las diferencias extremas de calidad del vinagre bals\u00e1mico de M\u00f3dena. El sabor de un vinagre bals\u00e1mico natural y sin aditivos, que consiste exclusivamente en mosto de uva cocido y madurado en diferentes barriles de madera durante m\u00e1s de 12 a\u00f1os, es una experiencia de sabor inolvidable e intenso entre lo dulce y lo \u00e1cido en una combinaci\u00f3n \u00fanica. Encontrar\u00e1 nuestra selecci\u00f3n de vinagres bals\u00e1micos en nuestro bals\u00e1mico shop. Creemos que solo aquellos que han probado un Aceto Bals\u00e1mico Tradicional autentico saben por qu\u00e9 este alimento es, con raz\u00f3n, uno de los alimentos m\u00e1s caros del mundo. Descubra en nuestra tienda en l\u00ednea Aceto Balsamico Tradizionale D.O.P. una selecci\u00f3n peque\u00f1a pero exquisita de vinos finos de productores seleccionados de vinagre de las regiones de M\u00f3dena y Reggio Emilia en Italia, as\u00ed como algunas rarezas ex\u00f3ticas del mundo del vinagre bals\u00e1mico.<\/p>\n","protected":false},"author":1,"featured_media":0,"parent":0,"menu_order":0,"comment_status":"closed","ping_status":"open","template":"","meta":{"footnotes":""},"class_list":["post-2","page","type-page","status-publish","hentry"],"yoast_head":"<!-- This site is optimized with the Yoast SEO plugin v27.3 - https:\/\/yoast.com\/product\/yoast-seo-wordpress\/ -->\n<title>Vinagre bals\u00e1mico \u2764 Aceto Balsamico di Modena DOP<\/title>\n<meta name=\"description\" content=\"Nosotros Aceto Balsamico - vinagre bals\u00e1mico aut\u00e9ntico de M\u00f3dena y Reggio Emilia - probado para usted y ahora a la venta!\" \/>\n<meta name=\"robots\" content=\"index, follow, max-snippet:-1, max-image-preview:large, max-video-preview:-1\" \/>\n<link rel=\"canonical\" href=\"https:\/\/balsamico.shop\/es\/\" \/>\n<meta property=\"og:locale\" content=\"es_ES\" \/>\n<meta property=\"og:type\" content=\"article\" \/>\n<meta property=\"og:title\" content=\"Vinagre bals\u00e1mico \u2764 Aceto Balsamico di Modena DOP\" \/>\n<meta property=\"og:description\" content=\"Nosotros Aceto Balsamico - vinagre bals\u00e1mico aut\u00e9ntico de M\u00f3dena y Reggio Emilia - probado para usted y ahora a la venta!\" \/>\n<meta property=\"og:url\" content=\"https:\/\/balsamico.shop\/es\/\" \/>\n<meta property=\"og:site_name\" content=\"Aceto Balsamico Shop - Espa\u00f1a\" \/>\n<meta property=\"article:modified_time\" content=\"2024-12-17T09:36:48+00:00\" \/>\n<meta name=\"twitter:card\" content=\"summary_large_image\" \/>\n<meta name=\"twitter:label1\" content=\"Tiempo de lectura\" \/>\n\t<meta name=\"twitter:data1\" content=\"1 minuto\" \/>\n<script type=\"application\/ld+json\" class=\"yoast-schema-graph\">{\"@context\":\"https:\\\/\\\/schema.org\",\"@graph\":[{\"@type\":\"WebPage\",\"@id\":\"https:\\\/\\\/balsamico.shop\\\/es\\\/\",\"url\":\"https:\\\/\\\/balsamico.shop\\\/es\\\/\",\"name\":\"Vinagre bals\u00e1mico \u2764 Aceto Balsamico di Modena DOP\",\"isPartOf\":{\"@id\":\"https:\\\/\\\/balsamico.shop\\\/es\\\/#website\"},\"datePublished\":\"2016-03-28T14:24:27+00:00\",\"dateModified\":\"2024-12-17T09:36:48+00:00\",\"description\":\"Nosotros Aceto Balsamico - vinagre bals\u00e1mico aut\u00e9ntico de M\u00f3dena y Reggio Emilia - probado para usted y ahora a la venta!\",\"breadcrumb\":{\"@id\":\"https:\\\/\\\/balsamico.shop\\\/es\\\/#breadcrumb\"},\"inLanguage\":\"es\",\"potentialAction\":[{\"@type\":\"ReadAction\",\"target\":[\"https:\\\/\\\/balsamico.shop\\\/es\\\/\"]}]},{\"@type\":\"BreadcrumbList\",\"@id\":\"https:\\\/\\\/balsamico.shop\\\/es\\\/#breadcrumb\",\"itemListElement\":[{\"@type\":\"ListItem\",\"position\":1,\"name\":\"Home\",\"item\":\"https:\\\/\\\/balsamico.shop\\\/es\\\/\"},{\"@type\":\"ListItem\",\"position\":2,\"name\":\"Inicio\"}]},{\"@type\":\"WebSite\",\"@id\":\"https:\\\/\\\/balsamico.shop\\\/es\\\/#website\",\"url\":\"https:\\\/\\\/balsamico.shop\\\/es\\\/\",\"name\":\"Aceto Balsamico Shop - Espa\u00f1a\",\"description\":\"Comprar vinagre bals\u00e1mico de M\u00f3dena y Reggio Emilia\",\"potentialAction\":[{\"@type\":\"SearchAction\",\"target\":{\"@type\":\"EntryPoint\",\"urlTemplate\":\"https:\\\/\\\/balsamico.shop\\\/es\\\/?s={search_term_string}\"},\"query-input\":{\"@type\":\"PropertyValueSpecification\",\"valueRequired\":true,\"valueName\":\"search_term_string\"}}],\"inLanguage\":\"es\"}]}<\/script>\n<!-- \/ Yoast SEO plugin. -->","yoast_head_json":{"title":"Vinagre bals\u00e1mico \u2764 Aceto Balsamico di Modena DOP","description":"Nosotros Aceto Balsamico - vinagre bals\u00e1mico aut\u00e9ntico de M\u00f3dena y Reggio Emilia - probado para usted y ahora a la venta!","robots":{"index":"index","follow":"follow","max-snippet":"max-snippet:-1","max-image-preview":"max-image-preview:large","max-video-preview":"max-video-preview:-1"},"canonical":"https:\/\/balsamico.shop\/es\/","og_locale":"es_ES","og_type":"article","og_title":"Vinagre bals\u00e1mico \u2764 Aceto Balsamico di Modena DOP","og_description":"Nosotros Aceto Balsamico - vinagre bals\u00e1mico aut\u00e9ntico de M\u00f3dena y Reggio Emilia - probado para usted y ahora a la venta!","og_url":"https:\/\/balsamico.shop\/es\/","og_site_name":"Aceto Balsamico Shop - Espa\u00f1a","article_modified_time":"2024-12-17T09:36:48+00:00","twitter_card":"summary_large_image","twitter_misc":{"Tiempo de lectura":"1 minuto"},"schema":{"@context":"https:\/\/schema.org","@graph":[{"@type":"WebPage","@id":"https:\/\/balsamico.shop\/es\/","url":"https:\/\/balsamico.shop\/es\/","name":"Vinagre bals\u00e1mico \u2764 Aceto Balsamico di Modena DOP","isPartOf":{"@id":"https:\/\/balsamico.shop\/es\/#website"},"datePublished":"2016-03-28T14:24:27+00:00","dateModified":"2024-12-17T09:36:48+00:00","description":"Nosotros Aceto Balsamico - vinagre bals\u00e1mico aut\u00e9ntico de M\u00f3dena y Reggio Emilia - probado para usted y ahora a la venta!","breadcrumb":{"@id":"https:\/\/balsamico.shop\/es\/#breadcrumb"},"inLanguage":"es","potentialAction":[{"@type":"ReadAction","target":["https:\/\/balsamico.shop\/es\/"]}]},{"@type":"BreadcrumbList","@id":"https:\/\/balsamico.shop\/es\/#breadcrumb","itemListElement":[{"@type":"ListItem","position":1,"name":"Home","item":"https:\/\/balsamico.shop\/es\/"},{"@type":"ListItem","position":2,"name":"Inicio"}]},{"@type":"WebSite","@id":"https:\/\/balsamico.shop\/es\/#website","url":"https:\/\/balsamico.shop\/es\/","name":"Aceto Balsamico Shop - Espa\u00f1a","description":"Comprar vinagre bals\u00e1mico de M\u00f3dena y Reggio Emilia","potentialAction":[{"@type":"SearchAction","target":{"@type":"EntryPoint","urlTemplate":"https:\/\/balsamico.shop\/es\/?s={search_term_string}"},"query-input":{"@type":"PropertyValueSpecification","valueRequired":true,"valueName":"search_term_string"}}],"inLanguage":"es"}]}},"_links":{"self":[{"href":"https:\/\/balsamico.shop\/es\/wp-json\/wp\/v2\/pages\/2","targetHints":{"allow":["GET"]}}],"collection":[{"href":"https:\/\/balsamico.shop\/es\/wp-json\/wp\/v2\/pages"}],"about":[{"href":"https:\/\/balsamico.shop\/es\/wp-json\/wp\/v2\/types\/page"}],"author":[{"embeddable":true,"href":"https:\/\/balsamico.shop\/es\/wp-json\/wp\/v2\/users\/1"}],"replies":[{"embeddable":true,"href":"https:\/\/balsamico.shop\/es\/wp-json\/wp\/v2\/comments?post=2"}],"version-history":[{"count":26,"href":"https:\/\/balsamico.shop\/es\/wp-json\/wp\/v2\/pages\/2\/revisions"}],"predecessor-version":[{"id":2311,"href":"https:\/\/balsamico.shop\/es\/wp-json\/wp\/v2\/pages\/2\/revisions\/2311"}],"wp:attachment":[{"href":"https:\/\/balsamico.shop\/es\/wp-json\/wp\/v2\/media?parent=2"}],"curies":[{"name":"wp","href":"https:\/\/api.w.org\/{rel}","templated":true}]}}