{"id":17,"date":"2016-03-28T23:07:51","date_gmt":"2016-03-28T21:07:51","guid":{"rendered":"http:\/\/de.aceto-balsamico-tradizionale.com\/?page_id=17"},"modified":"2021-01-01T01:34:37","modified_gmt":"2021-01-01T00:34:37","slug":"devolucion-reembolso","status":"publish","type":"page","link":"https:\/\/balsamico.shop\/es\/devolucion-reembolso\/","title":{"rendered":"Devoluci\u00f3n y reembolso"},"content":{"rendered":"<p>Devoluci\u00f3n y reembolso<\/p>\n<p>Usted tiene el derecho de rescindir este contrato dentro de los catorce d\u00edas sin dar ninguna raz\u00f3n.<\/p>\n<p>El per\u00edodo de retenci\u00f3n es de catorce d\u00edas a partir de la fecha de posesi\u00f3n del \u00faltimo art\u00edculo que usted o un tercero indicado por usted no usa o tiene.<\/p>\n<p>Para ejercer su derecho, debe (Bernardo Tesori &#8211; Acoonia GmbH, Brabandtstrasse 8, 38100 Braunschweig, Alemania &#8211; Correo electr\u00f3nico: shop@balsamico.shop, \u2706 +49 5041 \/ 9472970) proporcionar una declaraci\u00f3n clara (por ejemplo, enviada por carta o correo electr\u00f3nico) Usted acerca de su decisi\u00f3n de cancelar este contrato. Puede utilizar el formulario de retiro modelo adjunto que no es necesario.<\/p>\n<p>Para proteger el per\u00edodo de retenci\u00f3n, es suficiente que env\u00ede la secci\u00f3n central del derecho de retiro antes del per\u00edodo de retiro.<\/p>\n<p>Consecuencias de la cancelaci\u00f3n.<br \/>\nSi se retira de este contrato, con la excepci\u00f3n de los costos adicionales que recibimos de usted, incluidos los costos de env\u00edo (a partir del hecho de que ha elegido un tipo de entrega diferente a los que ofrecemos), Est\u00e1ndar Est\u00e1ndar), recibido inmediatamente y no m\u00e1s tarde de 14 d\u00edas a partir de la fecha de notificaci\u00f3n de su retiro de este contrato. Para este reembolso, utilizamos los mismos m\u00e9todos de pago que utiliz\u00f3 en la transacci\u00f3n original, a menos que se acuerde expresamente con usted. En ning\u00fan caso se cobrar\u00e1n estos anticipos. Podemos negarnos a reembolsarle hasta que hayamos recibido la devoluci\u00f3n de los bienes, o hasta que hayan proporcionado una prueba de que usted ha devuelto los bienes, lo que ocurra primero.<\/p>\n<p>Debe devolvernos las mercanc\u00edas de inmediato y, en cualquier caso, dentro de los catorce d\u00edas a partir de la fecha en que nos informe de la cancelaci\u00f3n de este contrato. El plazo se cumple si env\u00eda las mercanc\u00edas dentro de catorce d\u00edas.<\/p>\n<p>Usted asume los costes directos de devoluci\u00f3n de las mercanc\u00edas.<\/p>\n<p>Solo tiene que pagar por la depreciaci\u00f3n del art\u00edculo si la p\u00e9rdida de valor se debe a la necesidad de determinar la naturaleza, las caracter\u00edsticas y la funci\u00f3n del manejo de la carga.<\/p>\n<p>Informaci\u00f3n general<\/p>\n<p>1) Evitar da\u00f1os y contaminaci\u00f3n de las mercanc\u00edas. Devuelva los art\u00edculos si es necesario en el empaque original con todos los accesorios y todas las partes del empaque. Use un embalaje exterior protector si es necesario. Si ya no tiene el embalaje original, asegure un embalaje adecuado que ofrezca suficiente protecci\u00f3n contra los da\u00f1os del transporte.<\/p>\n<p>Fin de las reglas de cancelaci\u00f3n.<\/p>\n<p>Acoonia GmbH<br \/>\nBrabandtstrasse 8<br \/>\n38100 Braunschweig, Alemania<br \/>\nshop@balsamico.shop<\/p>\n<p>Forma<\/p>\n<p>Si desea cancelar el contrato, complete este formulario y env\u00edelo de vuelta.<\/p>\n<p>&#8211; El [Bernardo Tesori &#8211; Acoonia GmbH, Brabandtstrasse 8, 38100 Braunschweig, Alemania &#8211; Correo electr\u00f3nico: shop@balsamico.shop]:<\/p>\n<p>&#8211; Por la presente anuncia que yo \/ nosotros (*) cancel\u00e9 mi \/ nuestro (*) contrato para la compra de los siguientes productos (*) \/ la entrega de los siguientes servicios (*)<\/p>\n<p>-Publicado el (*) \/ recibido (*)<\/p>\n<p>Nombre del consumidor (s)<\/p>\n<p>Direcci\u00f3n para el consumidor<\/p>\n<p>&#8211; Firma del consumidor (solo) si se comunica en papel.<\/p>\n<p>fecha<br \/>\n_______________<br \/>\n(*) Tachar lo que no corresponda.<\/p>\n","protected":false},"excerpt":{"rendered":"<p>Devoluci\u00f3n y reembolso Usted tiene el derecho de rescindir este contrato dentro de los catorce d\u00edas sin dar ninguna raz\u00f3n. El per\u00edodo de retenci\u00f3n es de catorce d\u00edas a partir de la fecha de posesi\u00f3n del \u00faltimo art\u00edculo que usted o un tercero indicado por usted no usa o tiene. Para ejercer su derecho, debe (Bernardo Tesori &#8211; Acoonia GmbH, Brabandtstrasse 8, 38100 Braunschweig, Alemania &#8211; Correo electr\u00f3nico: shop@balsamico.shop, \u2706 +49 5041 \/ 9472970) proporcionar una declaraci\u00f3n clara (por ejemplo, enviada por carta o correo electr\u00f3nico) Usted acerca de su decisi\u00f3n de cancelar este contrato. Puede utilizar el formulario de retiro modelo adjunto que no es necesario. Para proteger el per\u00edodo de retenci\u00f3n, es suficiente que env\u00ede la secci\u00f3n central del derecho de retiro antes del per\u00edodo de retiro. Consecuencias de la cancelaci\u00f3n. Si se retira de este contrato, con la excepci\u00f3n de los costos adicionales que recibimos de usted, incluidos los costos de env\u00edo (a partir del hecho de que ha elegido un tipo de entrega diferente a los que ofrecemos), Est\u00e1ndar Est\u00e1ndar), recibido inmediatamente y no m\u00e1s tarde de 14 d\u00edas a partir de la fecha de notificaci\u00f3n de su retiro de este contrato. Para este reembolso, utilizamos los mismos m\u00e9todos de pago que utiliz\u00f3 en la transacci\u00f3n original, a menos que se acuerde expresamente con usted. En ning\u00fan caso se cobrar\u00e1n estos anticipos. Podemos negarnos a reembolsarle hasta que hayamos recibido la devoluci\u00f3n de los bienes, o hasta que hayan proporcionado una prueba de que usted ha devuelto los bienes, lo que ocurra primero. Debe devolvernos las mercanc\u00edas de inmediato y, en cualquier caso, dentro de los catorce d\u00edas a partir de la fecha en que nos informe de la cancelaci\u00f3n de este contrato. El plazo se cumple si env\u00eda las mercanc\u00edas dentro de catorce d\u00edas. Usted asume los costes directos de devoluci\u00f3n de las mercanc\u00edas. Solo tiene que pagar por la depreciaci\u00f3n del art\u00edculo si la p\u00e9rdida de valor se debe a la necesidad de determinar la naturaleza, las caracter\u00edsticas y la funci\u00f3n del manejo de la carga. Informaci\u00f3n general 1) Evitar da\u00f1os y contaminaci\u00f3n de las mercanc\u00edas. Devuelva los art\u00edculos si es necesario en el empaque original con todos los accesorios y todas las partes del empaque. Use un embalaje exterior protector si es necesario. Si ya no tiene el embalaje original, asegure un embalaje adecuado que ofrezca suficiente protecci\u00f3n contra los da\u00f1os del transporte. Fin de las reglas de cancelaci\u00f3n. Acoonia GmbH Brabandtstrasse 8 38100 Braunschweig, Alemania shop@balsamico.shop Forma Si desea cancelar el contrato, complete este formulario y env\u00edelo de vuelta. &#8211; El [Bernardo Tesori &#8211; Acoonia GmbH, Brabandtstrasse 8, 38100 Braunschweig, Alemania &#8211; Correo electr\u00f3nico: shop@balsamico.shop]: &#8211; Por la presente anuncia que yo \/ nosotros (*) cancel\u00e9 mi \/ nuestro (*) contrato para la compra de los siguientes productos (*) \/ la entrega de los siguientes servicios (*) -Publicado el (*) \/ recibido (*) Nombre del consumidor (s) Direcci\u00f3n para el consumidor &#8211; Firma del consumidor (solo) si se comunica en papel. fecha [&hellip;]<\/p>\n","protected":false},"author":1,"featured_media":0,"parent":0,"menu_order":0,"comment_status":"closed","ping_status":"closed","template":"","meta":{"footnotes":""},"class_list":["post-17","page","type-page","status-publish","hentry"],"yoast_head":"<!-- This site is optimized with the Yoast SEO plugin v27.3 - https:\/\/yoast.com\/product\/yoast-seo-wordpress\/ -->\n<title>Devoluci\u00f3n y reembolso - Aceto Balsamico Shop - Espa\u00f1a<\/title>\n<meta name=\"robots\" content=\"index, follow, max-snippet:-1, max-image-preview:large, max-video-preview:-1\" \/>\n<link rel=\"canonical\" href=\"https:\/\/balsamico.shop\/es\/devolucion-reembolso\/\" \/>\n<meta property=\"og:locale\" content=\"es_ES\" \/>\n<meta property=\"og:type\" content=\"article\" \/>\n<meta property=\"og:title\" content=\"Devoluci\u00f3n y reembolso - Aceto Balsamico Shop - Espa\u00f1a\" \/>\n<meta property=\"og:description\" content=\"Devoluci\u00f3n y reembolso Usted tiene el derecho de rescindir este contrato dentro de los catorce d\u00edas sin dar ninguna raz\u00f3n. El per\u00edodo de retenci\u00f3n es de catorce d\u00edas a partir de la fecha de posesi\u00f3n del \u00faltimo art\u00edculo que usted o un tercero indicado por usted no usa o tiene. Para ejercer su derecho, debe (Bernardo Tesori &#8211; Acoonia GmbH, Brabandtstrasse 8, 38100 Braunschweig, Alemania &#8211; Correo electr\u00f3nico: shop@balsamico.shop, \u2706 +49 5041 \/ 9472970) proporcionar una declaraci\u00f3n clara (por ejemplo, enviada por carta o correo electr\u00f3nico) Usted acerca de su decisi\u00f3n de cancelar este contrato. Puede utilizar el formulario de retiro modelo adjunto que no es necesario. Para proteger el per\u00edodo de retenci\u00f3n, es suficiente que env\u00ede la secci\u00f3n central del derecho de retiro antes del per\u00edodo de retiro. Consecuencias de la cancelaci\u00f3n. Si se retira de este contrato, con la excepci\u00f3n de los costos adicionales que recibimos de usted, incluidos los costos de env\u00edo (a partir del hecho de que ha elegido un tipo de entrega diferente a los que ofrecemos), Est\u00e1ndar Est\u00e1ndar), recibido inmediatamente y no m\u00e1s tarde de 14 d\u00edas a partir de la fecha de notificaci\u00f3n de su retiro de este contrato. Para este reembolso, utilizamos los mismos m\u00e9todos de pago que utiliz\u00f3 en la transacci\u00f3n original, a menos que se acuerde expresamente con usted. En ning\u00fan caso se cobrar\u00e1n estos anticipos. Podemos negarnos a reembolsarle hasta que hayamos recibido la devoluci\u00f3n de los bienes, o hasta que hayan proporcionado una prueba de que usted ha devuelto los bienes, lo que ocurra primero. Debe devolvernos las mercanc\u00edas de inmediato y, en cualquier caso, dentro de los catorce d\u00edas a partir de la fecha en que nos informe de la cancelaci\u00f3n de este contrato. El plazo se cumple si env\u00eda las mercanc\u00edas dentro de catorce d\u00edas. Usted asume los costes directos de devoluci\u00f3n de las mercanc\u00edas. Solo tiene que pagar por la depreciaci\u00f3n del art\u00edculo si la p\u00e9rdida de valor se debe a la necesidad de determinar la naturaleza, las caracter\u00edsticas y la funci\u00f3n del manejo de la carga. Informaci\u00f3n general 1) Evitar da\u00f1os y contaminaci\u00f3n de las mercanc\u00edas. Devuelva los art\u00edculos si es necesario en el empaque original con todos los accesorios y todas las partes del empaque. Use un embalaje exterior protector si es necesario. Si ya no tiene el embalaje original, asegure un embalaje adecuado que ofrezca suficiente protecci\u00f3n contra los da\u00f1os del transporte. Fin de las reglas de cancelaci\u00f3n. Acoonia GmbH Brabandtstrasse 8 38100 Braunschweig, Alemania shop@balsamico.shop Forma Si desea cancelar el contrato, complete este formulario y env\u00edelo de vuelta. &#8211; El [Bernardo Tesori &#8211; Acoonia GmbH, Brabandtstrasse 8, 38100 Braunschweig, Alemania &#8211; Correo electr\u00f3nico: shop@balsamico.shop]: &#8211; Por la presente anuncia que yo \/ nosotros (*) cancel\u00e9 mi \/ nuestro (*) contrato para la compra de los siguientes productos (*) \/ la entrega de los siguientes servicios (*) -Publicado el (*) \/ recibido (*) Nombre del consumidor (s) Direcci\u00f3n para el consumidor &#8211; Firma del consumidor (solo) si se comunica en papel. fecha [&hellip;]\" \/>\n<meta property=\"og:url\" content=\"https:\/\/balsamico.shop\/es\/devolucion-reembolso\/\" \/>\n<meta property=\"og:site_name\" content=\"Aceto Balsamico Shop - Espa\u00f1a\" \/>\n<meta property=\"article:modified_time\" content=\"2021-01-01T00:34:37+00:00\" \/>\n<meta name=\"twitter:card\" content=\"summary_large_image\" \/>\n<meta name=\"twitter:label1\" content=\"Tiempo de lectura\" \/>\n\t<meta name=\"twitter:data1\" content=\"3 minutos\" \/>\n<script type=\"application\/ld+json\" class=\"yoast-schema-graph\">{\"@context\":\"https:\\\/\\\/schema.org\",\"@graph\":[{\"@type\":\"WebPage\",\"@id\":\"https:\\\/\\\/balsamico.shop\\\/es\\\/devolucion-reembolso\\\/\",\"url\":\"https:\\\/\\\/balsamico.shop\\\/es\\\/devolucion-reembolso\\\/\",\"name\":\"Devoluci\u00f3n y reembolso - Aceto Balsamico Shop - Espa\u00f1a\",\"isPartOf\":{\"@id\":\"https:\\\/\\\/balsamico.shop\\\/es\\\/#website\"},\"datePublished\":\"2016-03-28T21:07:51+00:00\",\"dateModified\":\"2021-01-01T00:34:37+00:00\",\"breadcrumb\":{\"@id\":\"https:\\\/\\\/balsamico.shop\\\/es\\\/devolucion-reembolso\\\/#breadcrumb\"},\"inLanguage\":\"es\",\"potentialAction\":[{\"@type\":\"ReadAction\",\"target\":[\"https:\\\/\\\/balsamico.shop\\\/es\\\/devolucion-reembolso\\\/\"]}]},{\"@type\":\"BreadcrumbList\",\"@id\":\"https:\\\/\\\/balsamico.shop\\\/es\\\/devolucion-reembolso\\\/#breadcrumb\",\"itemListElement\":[{\"@type\":\"ListItem\",\"position\":1,\"name\":\"Home\",\"item\":\"https:\\\/\\\/balsamico.shop\\\/es\\\/\"},{\"@type\":\"ListItem\",\"position\":2,\"name\":\"Devoluci\u00f3n y reembolso\"}]},{\"@type\":\"WebSite\",\"@id\":\"https:\\\/\\\/balsamico.shop\\\/es\\\/#website\",\"url\":\"https:\\\/\\\/balsamico.shop\\\/es\\\/\",\"name\":\"Aceto Balsamico Shop - Espa\u00f1a\",\"description\":\"Comprar vinagre bals\u00e1mico de M\u00f3dena y Reggio Emilia\",\"potentialAction\":[{\"@type\":\"SearchAction\",\"target\":{\"@type\":\"EntryPoint\",\"urlTemplate\":\"https:\\\/\\\/balsamico.shop\\\/es\\\/?s={search_term_string}\"},\"query-input\":{\"@type\":\"PropertyValueSpecification\",\"valueRequired\":true,\"valueName\":\"search_term_string\"}}],\"inLanguage\":\"es\"}]}<\/script>\n<!-- \/ Yoast SEO plugin. -->","yoast_head_json":{"title":"Devoluci\u00f3n y reembolso - Aceto Balsamico Shop - Espa\u00f1a","robots":{"index":"index","follow":"follow","max-snippet":"max-snippet:-1","max-image-preview":"max-image-preview:large","max-video-preview":"max-video-preview:-1"},"canonical":"https:\/\/balsamico.shop\/es\/devolucion-reembolso\/","og_locale":"es_ES","og_type":"article","og_title":"Devoluci\u00f3n y reembolso - Aceto Balsamico Shop - Espa\u00f1a","og_description":"Devoluci\u00f3n y reembolso Usted tiene el derecho de rescindir este contrato dentro de los catorce d\u00edas sin dar ninguna raz\u00f3n. El per\u00edodo de retenci\u00f3n es de catorce d\u00edas a partir de la fecha de posesi\u00f3n del \u00faltimo art\u00edculo que usted o un tercero indicado por usted no usa o tiene. Para ejercer su derecho, debe (Bernardo Tesori &#8211; Acoonia GmbH, Brabandtstrasse 8, 38100 Braunschweig, Alemania &#8211; Correo electr\u00f3nico: shop@balsamico.shop, \u2706 +49 5041 \/ 9472970) proporcionar una declaraci\u00f3n clara (por ejemplo, enviada por carta o correo electr\u00f3nico) Usted acerca de su decisi\u00f3n de cancelar este contrato. Puede utilizar el formulario de retiro modelo adjunto que no es necesario. Para proteger el per\u00edodo de retenci\u00f3n, es suficiente que env\u00ede la secci\u00f3n central del derecho de retiro antes del per\u00edodo de retiro. Consecuencias de la cancelaci\u00f3n. Si se retira de este contrato, con la excepci\u00f3n de los costos adicionales que recibimos de usted, incluidos los costos de env\u00edo (a partir del hecho de que ha elegido un tipo de entrega diferente a los que ofrecemos), Est\u00e1ndar Est\u00e1ndar), recibido inmediatamente y no m\u00e1s tarde de 14 d\u00edas a partir de la fecha de notificaci\u00f3n de su retiro de este contrato. Para este reembolso, utilizamos los mismos m\u00e9todos de pago que utiliz\u00f3 en la transacci\u00f3n original, a menos que se acuerde expresamente con usted. En ning\u00fan caso se cobrar\u00e1n estos anticipos. Podemos negarnos a reembolsarle hasta que hayamos recibido la devoluci\u00f3n de los bienes, o hasta que hayan proporcionado una prueba de que usted ha devuelto los bienes, lo que ocurra primero. Debe devolvernos las mercanc\u00edas de inmediato y, en cualquier caso, dentro de los catorce d\u00edas a partir de la fecha en que nos informe de la cancelaci\u00f3n de este contrato. El plazo se cumple si env\u00eda las mercanc\u00edas dentro de catorce d\u00edas. Usted asume los costes directos de devoluci\u00f3n de las mercanc\u00edas. Solo tiene que pagar por la depreciaci\u00f3n del art\u00edculo si la p\u00e9rdida de valor se debe a la necesidad de determinar la naturaleza, las caracter\u00edsticas y la funci\u00f3n del manejo de la carga. Informaci\u00f3n general 1) Evitar da\u00f1os y contaminaci\u00f3n de las mercanc\u00edas. Devuelva los art\u00edculos si es necesario en el empaque original con todos los accesorios y todas las partes del empaque. Use un embalaje exterior protector si es necesario. Si ya no tiene el embalaje original, asegure un embalaje adecuado que ofrezca suficiente protecci\u00f3n contra los da\u00f1os del transporte. Fin de las reglas de cancelaci\u00f3n. Acoonia GmbH Brabandtstrasse 8 38100 Braunschweig, Alemania shop@balsamico.shop Forma Si desea cancelar el contrato, complete este formulario y env\u00edelo de vuelta. &#8211; El [Bernardo Tesori &#8211; Acoonia GmbH, Brabandtstrasse 8, 38100 Braunschweig, Alemania &#8211; Correo electr\u00f3nico: shop@balsamico.shop]: &#8211; Por la presente anuncia que yo \/ nosotros (*) cancel\u00e9 mi \/ nuestro (*) contrato para la compra de los siguientes productos (*) \/ la entrega de los siguientes servicios (*) -Publicado el (*) \/ recibido (*) Nombre del consumidor (s) Direcci\u00f3n para el consumidor &#8211; Firma del consumidor (solo) si se comunica en papel. fecha [&hellip;]","og_url":"https:\/\/balsamico.shop\/es\/devolucion-reembolso\/","og_site_name":"Aceto Balsamico Shop - Espa\u00f1a","article_modified_time":"2021-01-01T00:34:37+00:00","twitter_card":"summary_large_image","twitter_misc":{"Tiempo de lectura":"3 minutos"},"schema":{"@context":"https:\/\/schema.org","@graph":[{"@type":"WebPage","@id":"https:\/\/balsamico.shop\/es\/devolucion-reembolso\/","url":"https:\/\/balsamico.shop\/es\/devolucion-reembolso\/","name":"Devoluci\u00f3n y reembolso - Aceto Balsamico Shop - Espa\u00f1a","isPartOf":{"@id":"https:\/\/balsamico.shop\/es\/#website"},"datePublished":"2016-03-28T21:07:51+00:00","dateModified":"2021-01-01T00:34:37+00:00","breadcrumb":{"@id":"https:\/\/balsamico.shop\/es\/devolucion-reembolso\/#breadcrumb"},"inLanguage":"es","potentialAction":[{"@type":"ReadAction","target":["https:\/\/balsamico.shop\/es\/devolucion-reembolso\/"]}]},{"@type":"BreadcrumbList","@id":"https:\/\/balsamico.shop\/es\/devolucion-reembolso\/#breadcrumb","itemListElement":[{"@type":"ListItem","position":1,"name":"Home","item":"https:\/\/balsamico.shop\/es\/"},{"@type":"ListItem","position":2,"name":"Devoluci\u00f3n y reembolso"}]},{"@type":"WebSite","@id":"https:\/\/balsamico.shop\/es\/#website","url":"https:\/\/balsamico.shop\/es\/","name":"Aceto Balsamico Shop - Espa\u00f1a","description":"Comprar vinagre bals\u00e1mico de M\u00f3dena y Reggio Emilia","potentialAction":[{"@type":"SearchAction","target":{"@type":"EntryPoint","urlTemplate":"https:\/\/balsamico.shop\/es\/?s={search_term_string}"},"query-input":{"@type":"PropertyValueSpecification","valueRequired":true,"valueName":"search_term_string"}}],"inLanguage":"es"}]}},"_links":{"self":[{"href":"https:\/\/balsamico.shop\/es\/wp-json\/wp\/v2\/pages\/17","targetHints":{"allow":["GET"]}}],"collection":[{"href":"https:\/\/balsamico.shop\/es\/wp-json\/wp\/v2\/pages"}],"about":[{"href":"https:\/\/balsamico.shop\/es\/wp-json\/wp\/v2\/types\/page"}],"author":[{"embeddable":true,"href":"https:\/\/balsamico.shop\/es\/wp-json\/wp\/v2\/users\/1"}],"replies":[{"embeddable":true,"href":"https:\/\/balsamico.shop\/es\/wp-json\/wp\/v2\/comments?post=17"}],"version-history":[{"count":7,"href":"https:\/\/balsamico.shop\/es\/wp-json\/wp\/v2\/pages\/17\/revisions"}],"predecessor-version":[{"id":1652,"href":"https:\/\/balsamico.shop\/es\/wp-json\/wp\/v2\/pages\/17\/revisions\/1652"}],"wp:attachment":[{"href":"https:\/\/balsamico.shop\/es\/wp-json\/wp\/v2\/media?parent=17"}],"curies":[{"name":"wp","href":"https:\/\/api.w.org\/{rel}","templated":true}]}}