{"id":1930,"date":"2023-02-17T18:44:06","date_gmt":"2023-02-17T17:44:06","guid":{"rendered":"https:\/\/balsamico.shop\/dk\/?post_type=product&#038;p=1930"},"modified":"2026-04-09T19:31:36","modified_gmt":"2026-04-09T17:31:36","slug":"novizio-balsamico-eddike-dressing-picci","status":"publish","type":"product","link":"https:\/\/balsamico.shop\/dk\/produkt\/novizio-balsamico-eddike-dressing-picci\/","title":{"rendered":"IL NOVIZIO &#8211; Balsamico Eddike Dressing &#8211; Picci"},"content":{"rendered":"<p>Den <strong>balsamicoeddike dressing IL NOVIZIO <\/strong>fra Acetaia <strong>Picci <\/strong>i den italienske region Reggio Emilia er det nyeste produkt i vores sortiment!<\/p>\n<p>Som navnet antyder (&#8220;Il <em>Novizio<\/em>&#8221; = den nye), er dette et meget ungt produkt. Da den kun har lagret i tr\u00e6fade i 3 \u00e5r, er smagen meget livlig og frugtagtig. P\u00e5 grund af den korte modningstid n\u00e5r den op p\u00e5 et samlet syreindhold p\u00e5 6 %, men har alligevel en <strong>yderst mild syre <\/strong>og er en forn\u00f8jelse selv for f\u00f8lsomme ganer i sin rene tilstand. Simpelthen den optimale <strong>salatdressing<\/strong>! P\u00e5 grund af sin lave densitet er dette produkt ikke tyktflydende og fordeler sig fremragende p\u00e5 salatbladene.<\/p>\n<p>IL NOVIZIO i den store 500 ml flaske er en frugtagtig balsamicoeddike af h\u00f8j kvalitet uden tils\u00e6tningsstoffer og er <strong>perfekt til din salat.<\/strong><\/p>\n<p><img loading=\"lazy\" decoding=\"async\" class=\"alignleft wp-image-13483\" src=\"https:\/\/balsamico.shop\/de\/wp-content\/uploads\/2023\/02\/Unbenannt-1-picci-fass-detail-300x221.png\" alt=\"balsamiske tr\u00e6fade\n\" width=\"422\" height=\"311\" \/>Til fremstillingen af IL NOVIZIO anvendes n\u00f8jagtig den samme <strong>certificerede kogte druemost <\/strong>af de hvide druer <strong>Spergola <\/strong>og <strong>Trebbiano, som <\/strong>anvendes hos Acetaia Picci til de to \u00e6ldre og bedre kvalitetsprodukter <em>Aceto Balsamico Tradizionale di Reggio Emilia D.O.P -Argento <\/em>(fra 18 \u00e5r) og <em>Aceto Balsamico Tradizionale di Reggio Emilia D.O.P &#8211; Oro <\/em>(fra 25 \u00e5r).<\/p>\n<p>Ligesom de traditionelt fremstillede balsamici best\u00e5r den balsamiske eddikedressing IL NOVIZIO udelukkende af kogt druemost. Med kun denne ene ingrediens er det et <strong>rent naturprodukt<\/strong>!<\/p>\n<p>Dette produkt lagres i 100 liters tr\u00e6fade af to forskellige tr\u00e6sorter: <strong>egetr\u00e6 <\/strong>og <strong>kastanje.<\/strong><\/p>\n<p>&nbsp;<\/p>\n<p><strong>Ingredienser<\/strong>: kogt druemost, kan indeholde naturlige sulfitter.<\/p>\n","protected":false},"excerpt":{"rendered":"<p>Den balsamiske eddikedressing &#8220;IL NOVIZIO&#8221; har &#8211; ligesom Aceto Balsamico Tradizionale &#8211; kogt druemost som eneste ingrediens, derfor er det et rent naturprodukt. Da den kun modner i tr\u00e6fade i 3 \u00e5r, er smagen meget livlig og frugtagtig. P\u00e5 grund af den korte modningstid n\u00e5r den en samlet syreprocent p\u00e5 6%. Simpelthen den optimale salatdressing!<\/p>\n","protected":false},"featured_media":1931,"template":"","meta":[],"product_brand":[],"product_cat":[26],"product_tag":[],"class_list":{"0":"post-1930","1":"product","2":"type-product","3":"status-publish","4":"has-post-thumbnail","6":"product_cat-picci","7":"product_shipping_class-balsamico","9":"first","10":"instock","11":"taxable","12":"shipping-taxable","13":"purchasable","14":"product-type-simple"},"bundle_layout":"","bundled_by":[],"bundled_items":[],"yoast_head":"<!-- This site is optimized with the Yoast SEO plugin v27.4 - https:\/\/yoast.com\/product\/yoast-seo-wordpress\/ -->\n<title>IL NOVIZIO - Balsamico Eddike Dressing - Picci - Aceto Balsamico Shop - Danmark<\/title>\n<meta name=\"robots\" content=\"index, follow, max-snippet:-1, max-image-preview:large, max-video-preview:-1\" \/>\n<link rel=\"canonical\" href=\"https:\/\/balsamico.shop\/dk\/produkt\/novizio-balsamico-eddike-dressing-picci\/\" \/>\n<meta property=\"og:locale\" content=\"da_DK\" \/>\n<meta property=\"og:type\" content=\"article\" \/>\n<meta property=\"og:title\" content=\"IL NOVIZIO - Balsamico Eddike Dressing - Picci - Aceto Balsamico Shop - Danmark\" \/>\n<meta property=\"og:description\" content=\"Den balsamiske eddikedressing &quot;IL NOVIZIO&quot; har - ligesom Aceto Balsamico Tradizionale - kogt druemost som eneste ingrediens, derfor er det et rent naturprodukt. Da den kun modner i tr\u00e6fade i 3 \u00e5r, er smagen meget livlig og frugtagtig. P\u00e5 grund af den korte modningstid n\u00e5r den en samlet syreprocent p\u00e5 6%. Simpelthen den optimale salatdressing!\" \/>\n<meta property=\"og:url\" content=\"https:\/\/balsamico.shop\/dk\/produkt\/novizio-balsamico-eddike-dressing-picci\/\" \/>\n<meta property=\"og:site_name\" content=\"Aceto Balsamico Shop - Danmark\" \/>\n<meta property=\"article:modified_time\" content=\"2026-04-09T17:31:36+00:00\" \/>\n<meta property=\"og:image\" content=\"https:\/\/balsamico.shop\/dk\/wp-content\/uploads\/2023\/02\/novizio-condimento-picci.jpg\" \/>\n\t<meta property=\"og:image:width\" content=\"1600\" \/>\n\t<meta property=\"og:image:height\" content=\"1872\" \/>\n\t<meta property=\"og:image:type\" content=\"image\/jpeg\" \/>\n<meta name=\"twitter:card\" content=\"summary_large_image\" \/>\n<meta name=\"twitter:label1\" content=\"Estimeret l\u00e6setid\" \/>\n\t<meta name=\"twitter:data1\" content=\"2 minutter\" \/>\n<script type=\"application\/ld+json\" class=\"yoast-schema-graph\">{\"@context\":\"https:\\\/\\\/schema.org\",\"@graph\":[{\"@type\":\"WebPage\",\"@id\":\"https:\\\/\\\/balsamico.shop\\\/dk\\\/produkt\\\/novizio-balsamico-eddike-dressing-picci\\\/\",\"url\":\"https:\\\/\\\/balsamico.shop\\\/dk\\\/produkt\\\/novizio-balsamico-eddike-dressing-picci\\\/\",\"name\":\"IL NOVIZIO - Balsamico Eddike Dressing - Picci - Aceto Balsamico Shop - Danmark\",\"isPartOf\":{\"@id\":\"https:\\\/\\\/balsamico.shop\\\/dk\\\/#website\"},\"primaryImageOfPage\":{\"@id\":\"https:\\\/\\\/balsamico.shop\\\/dk\\\/produkt\\\/novizio-balsamico-eddike-dressing-picci\\\/#primaryimage\"},\"image\":{\"@id\":\"https:\\\/\\\/balsamico.shop\\\/dk\\\/produkt\\\/novizio-balsamico-eddike-dressing-picci\\\/#primaryimage\"},\"thumbnailUrl\":\"https:\\\/\\\/balsamico.shop\\\/dk\\\/wp-content\\\/uploads\\\/2023\\\/02\\\/novizio-condimento-picci.jpg\",\"datePublished\":\"2023-02-17T17:44:06+00:00\",\"dateModified\":\"2026-04-09T17:31:36+00:00\",\"breadcrumb\":{\"@id\":\"https:\\\/\\\/balsamico.shop\\\/dk\\\/produkt\\\/novizio-balsamico-eddike-dressing-picci\\\/#breadcrumb\"},\"inLanguage\":\"da-DK\",\"potentialAction\":[{\"@type\":\"ReadAction\",\"target\":[\"https:\\\/\\\/balsamico.shop\\\/dk\\\/produkt\\\/novizio-balsamico-eddike-dressing-picci\\\/\"]}]},{\"@type\":\"ImageObject\",\"inLanguage\":\"da-DK\",\"@id\":\"https:\\\/\\\/balsamico.shop\\\/dk\\\/produkt\\\/novizio-balsamico-eddike-dressing-picci\\\/#primaryimage\",\"url\":\"https:\\\/\\\/balsamico.shop\\\/dk\\\/wp-content\\\/uploads\\\/2023\\\/02\\\/novizio-condimento-picci.jpg\",\"contentUrl\":\"https:\\\/\\\/balsamico.shop\\\/dk\\\/wp-content\\\/uploads\\\/2023\\\/02\\\/novizio-condimento-picci.jpg\",\"width\":1600,\"height\":1872},{\"@type\":\"BreadcrumbList\",\"@id\":\"https:\\\/\\\/balsamico.shop\\\/dk\\\/produkt\\\/novizio-balsamico-eddike-dressing-picci\\\/#breadcrumb\",\"itemListElement\":[{\"@type\":\"ListItem\",\"position\":1,\"name\":\"Home\",\"item\":\"https:\\\/\\\/balsamico.shop\\\/dk\\\/\"},{\"@type\":\"ListItem\",\"position\":2,\"name\":\"Balsamico Eddike Shop\",\"item\":\"https:\\\/\\\/balsamico.shop\\\/dk\\\/shop\\\/\"},{\"@type\":\"ListItem\",\"position\":3,\"name\":\"IL NOVIZIO &#8211; Balsamico Eddike Dressing &#8211; Picci\"}]},{\"@type\":\"WebSite\",\"@id\":\"https:\\\/\\\/balsamico.shop\\\/dk\\\/#website\",\"url\":\"https:\\\/\\\/balsamico.shop\\\/dk\\\/\",\"name\":\"Aceto Balsamico Shop - Danmark\",\"description\":\"Shop for balsamisk eddike fra Modena og Reggio Emilia\",\"potentialAction\":[{\"@type\":\"SearchAction\",\"target\":{\"@type\":\"EntryPoint\",\"urlTemplate\":\"https:\\\/\\\/balsamico.shop\\\/dk\\\/?s={search_term_string}\"},\"query-input\":{\"@type\":\"PropertyValueSpecification\",\"valueRequired\":true,\"valueName\":\"search_term_string\"}}],\"inLanguage\":\"da-DK\"}]}<\/script>\n<!-- \/ Yoast SEO plugin. -->","yoast_head_json":{"title":"IL NOVIZIO - Balsamico Eddike Dressing - Picci - Aceto Balsamico Shop - Danmark","robots":{"index":"index","follow":"follow","max-snippet":"max-snippet:-1","max-image-preview":"max-image-preview:large","max-video-preview":"max-video-preview:-1"},"canonical":"https:\/\/balsamico.shop\/dk\/produkt\/novizio-balsamico-eddike-dressing-picci\/","og_locale":"da_DK","og_type":"article","og_title":"IL NOVIZIO - Balsamico Eddike Dressing - Picci - Aceto Balsamico Shop - Danmark","og_description":"Den balsamiske eddikedressing \"IL NOVIZIO\" har - ligesom Aceto Balsamico Tradizionale - kogt druemost som eneste ingrediens, derfor er det et rent naturprodukt. Da den kun modner i tr\u00e6fade i 3 \u00e5r, er smagen meget livlig og frugtagtig. P\u00e5 grund af den korte modningstid n\u00e5r den en samlet syreprocent p\u00e5 6%. Simpelthen den optimale salatdressing!","og_url":"https:\/\/balsamico.shop\/dk\/produkt\/novizio-balsamico-eddike-dressing-picci\/","og_site_name":"Aceto Balsamico Shop - Danmark","article_modified_time":"2026-04-09T17:31:36+00:00","og_image":[{"width":1600,"height":1872,"url":"https:\/\/balsamico.shop\/dk\/wp-content\/uploads\/2023\/02\/novizio-condimento-picci.jpg","type":"image\/jpeg"}],"twitter_card":"summary_large_image","twitter_misc":{"Estimeret l\u00e6setid":"2 minutter"},"schema":{"@context":"https:\/\/schema.org","@graph":[{"@type":"WebPage","@id":"https:\/\/balsamico.shop\/dk\/produkt\/novizio-balsamico-eddike-dressing-picci\/","url":"https:\/\/balsamico.shop\/dk\/produkt\/novizio-balsamico-eddike-dressing-picci\/","name":"IL NOVIZIO - Balsamico Eddike Dressing - Picci - Aceto Balsamico Shop - Danmark","isPartOf":{"@id":"https:\/\/balsamico.shop\/dk\/#website"},"primaryImageOfPage":{"@id":"https:\/\/balsamico.shop\/dk\/produkt\/novizio-balsamico-eddike-dressing-picci\/#primaryimage"},"image":{"@id":"https:\/\/balsamico.shop\/dk\/produkt\/novizio-balsamico-eddike-dressing-picci\/#primaryimage"},"thumbnailUrl":"https:\/\/balsamico.shop\/dk\/wp-content\/uploads\/2023\/02\/novizio-condimento-picci.jpg","datePublished":"2023-02-17T17:44:06+00:00","dateModified":"2026-04-09T17:31:36+00:00","breadcrumb":{"@id":"https:\/\/balsamico.shop\/dk\/produkt\/novizio-balsamico-eddike-dressing-picci\/#breadcrumb"},"inLanguage":"da-DK","potentialAction":[{"@type":"ReadAction","target":["https:\/\/balsamico.shop\/dk\/produkt\/novizio-balsamico-eddike-dressing-picci\/"]}]},{"@type":"ImageObject","inLanguage":"da-DK","@id":"https:\/\/balsamico.shop\/dk\/produkt\/novizio-balsamico-eddike-dressing-picci\/#primaryimage","url":"https:\/\/balsamico.shop\/dk\/wp-content\/uploads\/2023\/02\/novizio-condimento-picci.jpg","contentUrl":"https:\/\/balsamico.shop\/dk\/wp-content\/uploads\/2023\/02\/novizio-condimento-picci.jpg","width":1600,"height":1872},{"@type":"BreadcrumbList","@id":"https:\/\/balsamico.shop\/dk\/produkt\/novizio-balsamico-eddike-dressing-picci\/#breadcrumb","itemListElement":[{"@type":"ListItem","position":1,"name":"Home","item":"https:\/\/balsamico.shop\/dk\/"},{"@type":"ListItem","position":2,"name":"Balsamico Eddike Shop","item":"https:\/\/balsamico.shop\/dk\/shop\/"},{"@type":"ListItem","position":3,"name":"IL NOVIZIO &#8211; Balsamico Eddike Dressing &#8211; Picci"}]},{"@type":"WebSite","@id":"https:\/\/balsamico.shop\/dk\/#website","url":"https:\/\/balsamico.shop\/dk\/","name":"Aceto Balsamico Shop - Danmark","description":"Shop for balsamisk eddike fra Modena og Reggio Emilia","potentialAction":[{"@type":"SearchAction","target":{"@type":"EntryPoint","urlTemplate":"https:\/\/balsamico.shop\/dk\/?s={search_term_string}"},"query-input":{"@type":"PropertyValueSpecification","valueRequired":true,"valueName":"search_term_string"}}],"inLanguage":"da-DK"}]}},"_links":{"self":[{"href":"https:\/\/balsamico.shop\/dk\/wp-json\/wp\/v2\/product\/1930","targetHints":{"allow":["GET"]}}],"collection":[{"href":"https:\/\/balsamico.shop\/dk\/wp-json\/wp\/v2\/product"}],"about":[{"href":"https:\/\/balsamico.shop\/dk\/wp-json\/wp\/v2\/types\/product"}],"wp:featuredmedia":[{"embeddable":true,"href":"https:\/\/balsamico.shop\/dk\/wp-json\/wp\/v2\/media\/1931"}],"wp:attachment":[{"href":"https:\/\/balsamico.shop\/dk\/wp-json\/wp\/v2\/media?parent=1930"}],"wp:term":[{"taxonomy":"product_brand","embeddable":true,"href":"https:\/\/balsamico.shop\/dk\/wp-json\/wp\/v2\/product_brand?post=1930"},{"taxonomy":"product_cat","embeddable":true,"href":"https:\/\/balsamico.shop\/dk\/wp-json\/wp\/v2\/product_cat?post=1930"},{"taxonomy":"product_tag","embeddable":true,"href":"https:\/\/balsamico.shop\/dk\/wp-json\/wp\/v2\/product_tag?post=1930"}],"curies":[{"name":"wp","href":"https:\/\/api.w.org\/{rel}","templated":true}]}}