{"id":1928,"date":"2020-04-19T14:34:20","date_gmt":"2020-04-19T12:34:20","guid":{"rendered":"https:\/\/balsamico.shop\/dk\/?post_type=product&#038;p=1928"},"modified":"2026-05-04T16:56:07","modified_gmt":"2026-05-04T14:56:07","slug":"giuseppe-cremonini-aceto-balsamico-di-modena-invecchiato-5-druer-aged","status":"publish","type":"product","link":"https:\/\/balsamico.shop\/dk\/produkt\/giuseppe-cremonini-aceto-balsamico-di-modena-invecchiato-5-druer-aged\/","title":{"rendered":"Aceto Balsamico di Modena I.G.P. &#8211; Invecchiato &#8211; Cremonini"},"content":{"rendered":"<p><img loading=\"lazy\" decoding=\"async\" class=\"alignright wp-image-3760 size-medium\" src=\"https:\/\/balsamico.shop\/de\/wp-content\/uploads\/2020\/04\/cremonini-logo-211x300.png\" alt=\"Giuseppe Cremonini Logo\" width=\"211\" height=\"300\" \/>Denne lagrede <strong>Aceto Balsamico di Modena IGP<\/strong> fra huset <strong>Giuseppe Cremonini<\/strong> blev valgt som testvinder blandt 20 testede balsamicoer i den aktuelle juli 2021-udgave af <strong>\u00d6KO-TEST<\/strong>-magasinet med den samlede bed\u00f8mmelse &#8220;<strong>meget god<\/strong>&#8220;. Sidste \u00e5r blev denne balsamico ogs\u00e5 k\u00e5ret som <strong>testvinder<\/strong> af <strong>Stiftung Warentest<\/strong> med en score p\u00e5 <strong>1,6.<\/strong> Dengang blev der testet 27 forskellige, ret billige IGP-balsamicoeddikesovre.<\/p>\n<p>Cremonini-eddike kan normalt findes i supermarkederne. Dette produkt her er dog meget sj\u00e6ldent at finde i butikkerne, det er 5 druesorten med tilf\u00f8jelsen &#8220;Aged&#8221;, som er let at forveksle med den billigere 5 druesort uden <strong>tilf\u00f8jelsen &#8220;Aged&#8221;<\/strong>. Tjek ogs\u00e5 altid bagsiden af flasken!<\/p>\n<p>Denne balsamico har en massefylde p\u00e5 1,33. Det er yderst sj\u00e6ldent, at en IGP-balsamico opn\u00e5r en s\u00e5 h\u00f8j massefylde og dermed en sirupsagtig v\u00e6skefylde. Den h\u00f8je andel af kogt druemost og modningstiden i fadet er afg\u00f8rende for at opn\u00e5 denne egenskab. Kun <a href=\"https:\/\/balsamico.shop\/dk\/produkt\/aceto-balsamico-tradizionale-di-modena-giuseppe-cremonini\/\" target=\"_blank\" rel=\"noopener\">Cremonini&#8217;s Aceto Balsamico Tradizionale<\/a> kan overg\u00e5 denne balsamicoeddike. Den er fremstillet uden kunstige smagsstoffer og konserveringsmidler. Denne balsamico er s\u00e6rlig velegnet til fisk, h\u00e5rd ost, gr\u00f8ntsager og frugt.<\/p>\n<p>Giuseppe Cremonini producerer i den lille landsby Spilamberto, et par kilometer syd\u00f8st for Modena. Spilamberto er blandt eddike-kyndige den egentlige hovedstad for balsamico. Her finder du ogs\u00e5 det ber\u00f8mte balsamico museum og den gigantiske dr\u00e5be (<a href=\"http:\/\/www.lunatiscenografie.it\/portfolio\/la-goccia-balsamica-di-spilamberto\/\">la Goccia balsamica<\/a>). Den mest ber\u00f8mte Palio (balsamico konkurrence), Palio di San Giovanni, finder ogs\u00e5 sted en gang om \u00e5ret i Spilamberto.<\/p>\n<p><strong>Vores sommertip<\/strong>: Du kan bruge denne balsamico perfekt til at lave en balsamico spritzer! Det g\u00f8r du ved at tils\u00e6tte ca. 2 teskefulde balsamico til et glas (0,33) mousserende, koldt mineralvand, r\u00f8r lidt rundt, f\u00e6rdig. Den sommerlige, s\u00f8de og sure forfriskende drik til at regulere pH-balancen og k\u00f8le ned ved h\u00f8je temperaturer.<\/p>\n<p><strong>Produktdata<\/strong>:<\/p>\n<p><strong>Lagring<\/strong>: Lagres i mindst 3 \u00e5r p\u00e5 barriques i tr\u00e6fade.<\/p>\n<p><strong>Massefylde<\/strong>: 1,33 &#8211; premium kvalitet (sirupsagtig \/ tyktflydende)<\/p>\n<p><strong>Farve<\/strong>: rig m\u00f8rkebrun<\/p>\n<p><strong>Aroma<\/strong>: behagelig, ikke skarp syre, god fadnote, intens persistens.<\/p>\n<p><strong>Smag og intensitet<\/strong>: s\u00f8d intens smag med en vaniljenote og en velintegreret syre.<\/p>\n<p><strong>Opbevaring<\/strong>: Opbevares k\u00f8ligt og t\u00f8rt, v\u00e6k fra lys og varme.<\/p>\n<p><strong>Oprindelsesland<\/strong>: Italien<\/p>\n<p><strong>Fremstillet og forarbejdet<\/strong>: Spilamberto, Italien<\/p>\n<p><strong>Beskyttelsesm\u00e6rke<\/strong>: I.G.P. \/ BGB (beskyttet geografisk betegnelse).<\/p>\n<p><strong>Betegnelse beskyttet af<\/strong>: <a href=\"https:\/\/eur-lex.europa.eu\/legal-content\/en\/TXT\/HTML\/?uri=CELEX:32009R0583\" target=\"_blank\" rel=\"noopener\">Forordning (EF) nr. 583\/2009 &#8211; Aceto Balsamico di Modena.<\/a><\/p>\n<p><strong>Tud<\/strong>: integreret, silikone<\/p>\n<p><strong>M\u00e6ngde<\/strong>: 250 milliliter<\/p>\n<p><strong>Ingredienser<\/strong>: Ingredienser:<br \/>\n6% syre, kogt druemost, vineddike. Uden farvestoffer\/karamel<\/p>\n<p><strong>Bem\u00e6rk<\/strong>: indeholder sulfitter<\/p>\n<p><strong>Videotip\u00a0Aceto Balsamico di Modena<\/strong>:<\/p>\n<p><a href=\"https:\/\/www.youtube.com\/watch?v=bFnQwZoXo_8\" target=\"_blank\" rel=\"noopener noreferrer\"><img loading=\"lazy\" decoding=\"async\" class=\"alignnone wp-image-3756 size-full\" src=\"https:\/\/balsamico.shop\/de\/wp-content\/uploads\/2020\/04\/cremonini-balsamico.jpg\" alt=\"Cremonini Balsamico-eddike Video\" width=\"500\" height=\"341\" \/><\/a><\/p>\n<p><strong>Andre navne<\/strong> &#8211; som kan tildeles dette produkt:<\/p>\n<ul>\n<li>Cremonini 5 Grape Balsamico<\/li>\n<li>Aceto Balsamico Modena 5 GP Aged Inter<\/li>\n<li>Aceto Balsamico di Modena I.G.P. Invecchiato Aged, 5 Gold Grapes<\/li>\n<li>Giuseppe Cremonini Balsamico testvinder 2020<\/li>\n<li>Aceto Balsamico fra Cremoni &#8211; 5 gyldne druer<\/li>\n<li>250 ml flaske Balsamico by Cremonini med fem druer<\/li>\n<\/ul>\n","protected":false},"excerpt":{"rendered":"<p>Denne lagrede Aceto Balsamico di Modena IGP fra huset Giuseppe Cremonini blev valgt som testvinder blandt 20 testede balsamicoer i den aktuelle juli 2021-udgave af \u00d6KO-TEST-magasinet med den samlede bed\u00f8mmelse &#8220;meget god&#8220;. Sidste \u00e5r blev denne balsamico ogs\u00e5 k\u00e5ret som testvinder af Stiftung Warentest med en score p\u00e5 1,6. Dengang blev der testet 27 forskellige, ret billige IGP-balsamicoeddikesovre. Cremonini-eddike kan normalt findes i supermarkederne. Dette produkt her er dog meget sj\u00e6ldent at finde i butikkerne, det er 5 druesorten med tilf\u00f8jelsen &#8220;Aged&#8221;, som er let at forveksle med den billigere 5 druesort uden tilf\u00f8jelsen &#8220;Aged&#8221;. Tjek ogs\u00e5 altid bagsiden af flasken! Denne balsamico har en massefylde p\u00e5 1,33. Det er yderst sj\u00e6ldent, at en IGP-balsamico opn\u00e5r en s\u00e5 h\u00f8j massefylde og dermed en sirupsagtig v\u00e6skefylde. Den h\u00f8je andel af kogt druemost og modningstiden i fadet er afg\u00f8rende for at opn\u00e5 denne egenskab. Kun Cremonini&#8217;s Aceto Balsamico Tradizionale kan overg\u00e5 denne balsamicoeddike. Den er fremstillet uden kunstige smagsstoffer og konserveringsmidler. Denne balsamico er s\u00e6rlig velegnet til fisk, h\u00e5rd ost, gr\u00f8ntsager og frugt. Giuseppe Cremonini producerer i den lille landsby Spilamberto, et par kilometer syd\u00f8st for Modena. Spilamberto er blandt eddike-kyndige den egentlige hovedstad for balsamico. Her finder du ogs\u00e5 det ber\u00f8mte balsamico museum og den gigantiske dr\u00e5be (la Goccia balsamica). Den mest ber\u00f8mte Palio (balsamico konkurrence), Palio di San Giovanni, finder ogs\u00e5 sted en gang om \u00e5ret i Spilamberto. Vores sommertip: Du kan bruge denne balsamico perfekt til at lave en balsamico spritzer! Det g\u00f8r du ved at tils\u00e6tte ca. 2 teskefulde balsamico til et glas (0,33) mousserende, koldt mineralvand, r\u00f8r lidt rundt, f\u00e6rdig. Den sommerlige, s\u00f8de og sure forfriskende drik til at regulere pH-balancen og k\u00f8le ned ved h\u00f8je temperaturer. Produktdata: Lagring: Lagres i mindst 3 \u00e5r p\u00e5 barriques i tr\u00e6fade. Massefylde: 1,33 &#8211; premium kvalitet (sirupsagtig \/ tyktflydende) Farve: rig m\u00f8rkebrun Aroma: behagelig, ikke skarp syre, god fadnote, intens persistens. Smag og intensitet: s\u00f8d intens smag med en vaniljenote og en velintegreret syre. Opbevaring: Opbevares k\u00f8ligt og t\u00f8rt, v\u00e6k fra lys og varme. Oprindelsesland: Italien Fremstillet og forarbejdet: Spilamberto, Italien Beskyttelsesm\u00e6rke: I.G.P. \/ BGB (beskyttet geografisk betegnelse). Betegnelse beskyttet af: Forordning (EF) nr. 583\/2009 &#8211; Aceto Balsamico di Modena. Tud: integreret, silikone M\u00e6ngde: 250 milliliter Ingredienser: Ingredienser: 6% syre, kogt druemost, vineddike. Uden farvestoffer\/karamel Bem\u00e6rk: indeholder sulfitter Videotip\u00a0Aceto Balsamico di Modena: Andre navne &#8211; som kan tildeles dette produkt: Cremonini 5 Grape Balsamico Aceto Balsamico Modena 5 GP Aged Inter Aceto Balsamico di Modena I.G.P. Invecchiato Aged, 5 Gold Grapes Giuseppe Cremonini Balsamico testvinder 2020 Aceto Balsamico fra Cremoni &#8211; 5 gyldne druer 250 ml flaske Balsamico by Cremonini med fem druer<\/p>\n","protected":false},"featured_media":1929,"template":"","meta":[],"product_brand":[],"product_cat":[58],"product_tag":[],"class_list":{"0":"post-1928","1":"product","2":"type-product","3":"status-publish","4":"has-post-thumbnail","6":"product_cat-cremonini","7":"product_shipping_class-balsamico","9":"first","10":"instock","11":"taxable","12":"shipping-taxable","13":"purchasable","14":"product-type-simple"},"bundle_layout":"","bundled_by":[],"bundled_items":[],"yoast_head":"<!-- This site is optimized with the Yoast SEO plugin v27.5 - https:\/\/yoast.com\/product\/yoast-seo-wordpress\/ -->\n<title>Aceto Balsamico di Modena I.G.P. - Invecchiato - Cremonini - Aceto Balsamico Shop - Danmark<\/title>\n<meta name=\"robots\" content=\"index, follow, max-snippet:-1, max-image-preview:large, max-video-preview:-1\" \/>\n<link rel=\"canonical\" href=\"https:\/\/balsamico.shop\/dk\/produkt\/giuseppe-cremonini-aceto-balsamico-di-modena-invecchiato-5-druer-aged\/\" \/>\n<meta property=\"og:locale\" content=\"da_DK\" \/>\n<meta property=\"og:type\" content=\"article\" \/>\n<meta property=\"og:title\" content=\"Aceto Balsamico di Modena I.G.P. - Invecchiato - Cremonini - Aceto Balsamico Shop - Danmark\" \/>\n<meta property=\"og:description\" content=\"Denne lagrede Aceto Balsamico di Modena IGP fra huset Giuseppe Cremonini blev valgt som testvinder blandt 20 testede balsamicoer i den aktuelle juli 2021-udgave af \u00d6KO-TEST-magasinet med den samlede bed\u00f8mmelse &#8220;meget god&#8220;. Sidste \u00e5r blev denne balsamico ogs\u00e5 k\u00e5ret som testvinder af Stiftung Warentest med en score p\u00e5 1,6. Dengang blev der testet 27 forskellige, ret billige IGP-balsamicoeddikesovre. Cremonini-eddike kan normalt findes i supermarkederne. Dette produkt her er dog meget sj\u00e6ldent at finde i butikkerne, det er 5 druesorten med tilf\u00f8jelsen &#8220;Aged&#8221;, som er let at forveksle med den billigere 5 druesort uden tilf\u00f8jelsen &#8220;Aged&#8221;. Tjek ogs\u00e5 altid bagsiden af flasken! Denne balsamico har en massefylde p\u00e5 1,33. Det er yderst sj\u00e6ldent, at en IGP-balsamico opn\u00e5r en s\u00e5 h\u00f8j massefylde og dermed en sirupsagtig v\u00e6skefylde. Den h\u00f8je andel af kogt druemost og modningstiden i fadet er afg\u00f8rende for at opn\u00e5 denne egenskab. Kun Cremonini&#8217;s Aceto Balsamico Tradizionale kan overg\u00e5 denne balsamicoeddike. Den er fremstillet uden kunstige smagsstoffer og konserveringsmidler. Denne balsamico er s\u00e6rlig velegnet til fisk, h\u00e5rd ost, gr\u00f8ntsager og frugt. Giuseppe Cremonini producerer i den lille landsby Spilamberto, et par kilometer syd\u00f8st for Modena. Spilamberto er blandt eddike-kyndige den egentlige hovedstad for balsamico. Her finder du ogs\u00e5 det ber\u00f8mte balsamico museum og den gigantiske dr\u00e5be (la Goccia balsamica). Den mest ber\u00f8mte Palio (balsamico konkurrence), Palio di San Giovanni, finder ogs\u00e5 sted en gang om \u00e5ret i Spilamberto. Vores sommertip: Du kan bruge denne balsamico perfekt til at lave en balsamico spritzer! Det g\u00f8r du ved at tils\u00e6tte ca. 2 teskefulde balsamico til et glas (0,33) mousserende, koldt mineralvand, r\u00f8r lidt rundt, f\u00e6rdig. Den sommerlige, s\u00f8de og sure forfriskende drik til at regulere pH-balancen og k\u00f8le ned ved h\u00f8je temperaturer. Produktdata: Lagring: Lagres i mindst 3 \u00e5r p\u00e5 barriques i tr\u00e6fade. Massefylde: 1,33 &#8211; premium kvalitet (sirupsagtig \/ tyktflydende) Farve: rig m\u00f8rkebrun Aroma: behagelig, ikke skarp syre, god fadnote, intens persistens. Smag og intensitet: s\u00f8d intens smag med en vaniljenote og en velintegreret syre. Opbevaring: Opbevares k\u00f8ligt og t\u00f8rt, v\u00e6k fra lys og varme. Oprindelsesland: Italien Fremstillet og forarbejdet: Spilamberto, Italien Beskyttelsesm\u00e6rke: I.G.P. \/ BGB (beskyttet geografisk betegnelse). Betegnelse beskyttet af: Forordning (EF) nr. 583\/2009 &#8211; Aceto Balsamico di Modena. Tud: integreret, silikone M\u00e6ngde: 250 milliliter Ingredienser: Ingredienser: 6% syre, kogt druemost, vineddike. Uden farvestoffer\/karamel Bem\u00e6rk: indeholder sulfitter Videotip\u00a0Aceto Balsamico di Modena: Andre navne &#8211; som kan tildeles dette produkt: Cremonini 5 Grape Balsamico Aceto Balsamico Modena 5 GP Aged Inter Aceto Balsamico di Modena I.G.P. Invecchiato Aged, 5 Gold Grapes Giuseppe Cremonini Balsamico testvinder 2020 Aceto Balsamico fra Cremoni &#8211; 5 gyldne druer 250 ml flaske Balsamico by Cremonini med fem druer\" \/>\n<meta property=\"og:url\" content=\"https:\/\/balsamico.shop\/dk\/produkt\/giuseppe-cremonini-aceto-balsamico-di-modena-invecchiato-5-druer-aged\/\" \/>\n<meta property=\"og:site_name\" content=\"Aceto Balsamico Shop - Danmark\" \/>\n<meta property=\"article:modified_time\" content=\"2026-05-04T14:56:07+00:00\" \/>\n<meta property=\"og:image\" content=\"https:\/\/balsamico.shop\/dk\/wp-content\/uploads\/2020\/04\/giuseppe-cremonini-aceto-balsamico-di-modena-invecchiato-5-trauben-aged.jpg\" \/>\n\t<meta property=\"og:image:width\" content=\"1600\" \/>\n\t<meta property=\"og:image:height\" content=\"1872\" \/>\n\t<meta property=\"og:image:type\" content=\"image\/jpeg\" \/>\n<meta name=\"twitter:card\" content=\"summary_large_image\" \/>\n<meta name=\"twitter:label1\" content=\"Estimeret l\u00e6setid\" \/>\n\t<meta name=\"twitter:data1\" content=\"3 minutter\" \/>\n<script type=\"application\/ld+json\" class=\"yoast-schema-graph\">{\"@context\":\"https:\\\/\\\/schema.org\",\"@graph\":[{\"@type\":\"WebPage\",\"@id\":\"https:\\\/\\\/balsamico.shop\\\/dk\\\/produkt\\\/giuseppe-cremonini-aceto-balsamico-di-modena-invecchiato-5-druer-aged\\\/\",\"url\":\"https:\\\/\\\/balsamico.shop\\\/dk\\\/produkt\\\/giuseppe-cremonini-aceto-balsamico-di-modena-invecchiato-5-druer-aged\\\/\",\"name\":\"Aceto Balsamico di Modena I.G.P. - Invecchiato - Cremonini - Aceto Balsamico Shop - Danmark\",\"isPartOf\":{\"@id\":\"https:\\\/\\\/balsamico.shop\\\/dk\\\/#website\"},\"primaryImageOfPage\":{\"@id\":\"https:\\\/\\\/balsamico.shop\\\/dk\\\/produkt\\\/giuseppe-cremonini-aceto-balsamico-di-modena-invecchiato-5-druer-aged\\\/#primaryimage\"},\"image\":{\"@id\":\"https:\\\/\\\/balsamico.shop\\\/dk\\\/produkt\\\/giuseppe-cremonini-aceto-balsamico-di-modena-invecchiato-5-druer-aged\\\/#primaryimage\"},\"thumbnailUrl\":\"https:\\\/\\\/balsamico.shop\\\/dk\\\/wp-content\\\/uploads\\\/2020\\\/04\\\/giuseppe-cremonini-aceto-balsamico-di-modena-invecchiato-5-trauben-aged.jpg\",\"datePublished\":\"2020-04-19T12:34:20+00:00\",\"dateModified\":\"2026-05-04T14:56:07+00:00\",\"breadcrumb\":{\"@id\":\"https:\\\/\\\/balsamico.shop\\\/dk\\\/produkt\\\/giuseppe-cremonini-aceto-balsamico-di-modena-invecchiato-5-druer-aged\\\/#breadcrumb\"},\"inLanguage\":\"da-DK\",\"potentialAction\":[{\"@type\":\"ReadAction\",\"target\":[\"https:\\\/\\\/balsamico.shop\\\/dk\\\/produkt\\\/giuseppe-cremonini-aceto-balsamico-di-modena-invecchiato-5-druer-aged\\\/\"]}]},{\"@type\":\"ImageObject\",\"inLanguage\":\"da-DK\",\"@id\":\"https:\\\/\\\/balsamico.shop\\\/dk\\\/produkt\\\/giuseppe-cremonini-aceto-balsamico-di-modena-invecchiato-5-druer-aged\\\/#primaryimage\",\"url\":\"https:\\\/\\\/balsamico.shop\\\/dk\\\/wp-content\\\/uploads\\\/2020\\\/04\\\/giuseppe-cremonini-aceto-balsamico-di-modena-invecchiato-5-trauben-aged.jpg\",\"contentUrl\":\"https:\\\/\\\/balsamico.shop\\\/dk\\\/wp-content\\\/uploads\\\/2020\\\/04\\\/giuseppe-cremonini-aceto-balsamico-di-modena-invecchiato-5-trauben-aged.jpg\",\"width\":1600,\"height\":1872},{\"@type\":\"BreadcrumbList\",\"@id\":\"https:\\\/\\\/balsamico.shop\\\/dk\\\/produkt\\\/giuseppe-cremonini-aceto-balsamico-di-modena-invecchiato-5-druer-aged\\\/#breadcrumb\",\"itemListElement\":[{\"@type\":\"ListItem\",\"position\":1,\"name\":\"Home\",\"item\":\"https:\\\/\\\/balsamico.shop\\\/dk\\\/\"},{\"@type\":\"ListItem\",\"position\":2,\"name\":\"Balsamico Eddike Shop\",\"item\":\"https:\\\/\\\/balsamico.shop\\\/dk\\\/shop\\\/\"},{\"@type\":\"ListItem\",\"position\":3,\"name\":\"Aceto Balsamico di Modena I.G.P. &#8211; Invecchiato &#8211; Cremonini\"}]},{\"@type\":\"WebSite\",\"@id\":\"https:\\\/\\\/balsamico.shop\\\/dk\\\/#website\",\"url\":\"https:\\\/\\\/balsamico.shop\\\/dk\\\/\",\"name\":\"Aceto Balsamico Shop - Danmark\",\"description\":\"Shop for balsamisk eddike fra Modena og Reggio Emilia\",\"potentialAction\":[{\"@type\":\"SearchAction\",\"target\":{\"@type\":\"EntryPoint\",\"urlTemplate\":\"https:\\\/\\\/balsamico.shop\\\/dk\\\/?s={search_term_string}\"},\"query-input\":{\"@type\":\"PropertyValueSpecification\",\"valueRequired\":true,\"valueName\":\"search_term_string\"}}],\"inLanguage\":\"da-DK\"}]}<\/script>\n<!-- \/ Yoast SEO plugin. -->","yoast_head_json":{"title":"Aceto Balsamico di Modena I.G.P. - Invecchiato - Cremonini - Aceto Balsamico Shop - Danmark","robots":{"index":"index","follow":"follow","max-snippet":"max-snippet:-1","max-image-preview":"max-image-preview:large","max-video-preview":"max-video-preview:-1"},"canonical":"https:\/\/balsamico.shop\/dk\/produkt\/giuseppe-cremonini-aceto-balsamico-di-modena-invecchiato-5-druer-aged\/","og_locale":"da_DK","og_type":"article","og_title":"Aceto Balsamico di Modena I.G.P. - Invecchiato - Cremonini - Aceto Balsamico Shop - Danmark","og_description":"Denne lagrede Aceto Balsamico di Modena IGP fra huset Giuseppe Cremonini blev valgt som testvinder blandt 20 testede balsamicoer i den aktuelle juli 2021-udgave af \u00d6KO-TEST-magasinet med den samlede bed\u00f8mmelse &#8220;meget god&#8220;. Sidste \u00e5r blev denne balsamico ogs\u00e5 k\u00e5ret som testvinder af Stiftung Warentest med en score p\u00e5 1,6. Dengang blev der testet 27 forskellige, ret billige IGP-balsamicoeddikesovre. Cremonini-eddike kan normalt findes i supermarkederne. Dette produkt her er dog meget sj\u00e6ldent at finde i butikkerne, det er 5 druesorten med tilf\u00f8jelsen &#8220;Aged&#8221;, som er let at forveksle med den billigere 5 druesort uden tilf\u00f8jelsen &#8220;Aged&#8221;. Tjek ogs\u00e5 altid bagsiden af flasken! Denne balsamico har en massefylde p\u00e5 1,33. Det er yderst sj\u00e6ldent, at en IGP-balsamico opn\u00e5r en s\u00e5 h\u00f8j massefylde og dermed en sirupsagtig v\u00e6skefylde. Den h\u00f8je andel af kogt druemost og modningstiden i fadet er afg\u00f8rende for at opn\u00e5 denne egenskab. Kun Cremonini&#8217;s Aceto Balsamico Tradizionale kan overg\u00e5 denne balsamicoeddike. Den er fremstillet uden kunstige smagsstoffer og konserveringsmidler. Denne balsamico er s\u00e6rlig velegnet til fisk, h\u00e5rd ost, gr\u00f8ntsager og frugt. Giuseppe Cremonini producerer i den lille landsby Spilamberto, et par kilometer syd\u00f8st for Modena. Spilamberto er blandt eddike-kyndige den egentlige hovedstad for balsamico. Her finder du ogs\u00e5 det ber\u00f8mte balsamico museum og den gigantiske dr\u00e5be (la Goccia balsamica). Den mest ber\u00f8mte Palio (balsamico konkurrence), Palio di San Giovanni, finder ogs\u00e5 sted en gang om \u00e5ret i Spilamberto. Vores sommertip: Du kan bruge denne balsamico perfekt til at lave en balsamico spritzer! Det g\u00f8r du ved at tils\u00e6tte ca. 2 teskefulde balsamico til et glas (0,33) mousserende, koldt mineralvand, r\u00f8r lidt rundt, f\u00e6rdig. Den sommerlige, s\u00f8de og sure forfriskende drik til at regulere pH-balancen og k\u00f8le ned ved h\u00f8je temperaturer. Produktdata: Lagring: Lagres i mindst 3 \u00e5r p\u00e5 barriques i tr\u00e6fade. Massefylde: 1,33 &#8211; premium kvalitet (sirupsagtig \/ tyktflydende) Farve: rig m\u00f8rkebrun Aroma: behagelig, ikke skarp syre, god fadnote, intens persistens. Smag og intensitet: s\u00f8d intens smag med en vaniljenote og en velintegreret syre. Opbevaring: Opbevares k\u00f8ligt og t\u00f8rt, v\u00e6k fra lys og varme. Oprindelsesland: Italien Fremstillet og forarbejdet: Spilamberto, Italien Beskyttelsesm\u00e6rke: I.G.P. \/ BGB (beskyttet geografisk betegnelse). Betegnelse beskyttet af: Forordning (EF) nr. 583\/2009 &#8211; Aceto Balsamico di Modena. Tud: integreret, silikone M\u00e6ngde: 250 milliliter Ingredienser: Ingredienser: 6% syre, kogt druemost, vineddike. Uden farvestoffer\/karamel Bem\u00e6rk: indeholder sulfitter Videotip\u00a0Aceto Balsamico di Modena: Andre navne &#8211; som kan tildeles dette produkt: Cremonini 5 Grape Balsamico Aceto Balsamico Modena 5 GP Aged Inter Aceto Balsamico di Modena I.G.P. Invecchiato Aged, 5 Gold Grapes Giuseppe Cremonini Balsamico testvinder 2020 Aceto Balsamico fra Cremoni &#8211; 5 gyldne druer 250 ml flaske Balsamico by Cremonini med fem druer","og_url":"https:\/\/balsamico.shop\/dk\/produkt\/giuseppe-cremonini-aceto-balsamico-di-modena-invecchiato-5-druer-aged\/","og_site_name":"Aceto Balsamico Shop - Danmark","article_modified_time":"2026-05-04T14:56:07+00:00","og_image":[{"width":1600,"height":1872,"url":"https:\/\/balsamico.shop\/dk\/wp-content\/uploads\/2020\/04\/giuseppe-cremonini-aceto-balsamico-di-modena-invecchiato-5-trauben-aged.jpg","type":"image\/jpeg"}],"twitter_card":"summary_large_image","twitter_misc":{"Estimeret l\u00e6setid":"3 minutter"},"schema":{"@context":"https:\/\/schema.org","@graph":[{"@type":"WebPage","@id":"https:\/\/balsamico.shop\/dk\/produkt\/giuseppe-cremonini-aceto-balsamico-di-modena-invecchiato-5-druer-aged\/","url":"https:\/\/balsamico.shop\/dk\/produkt\/giuseppe-cremonini-aceto-balsamico-di-modena-invecchiato-5-druer-aged\/","name":"Aceto Balsamico di Modena I.G.P. - Invecchiato - Cremonini - Aceto Balsamico Shop - Danmark","isPartOf":{"@id":"https:\/\/balsamico.shop\/dk\/#website"},"primaryImageOfPage":{"@id":"https:\/\/balsamico.shop\/dk\/produkt\/giuseppe-cremonini-aceto-balsamico-di-modena-invecchiato-5-druer-aged\/#primaryimage"},"image":{"@id":"https:\/\/balsamico.shop\/dk\/produkt\/giuseppe-cremonini-aceto-balsamico-di-modena-invecchiato-5-druer-aged\/#primaryimage"},"thumbnailUrl":"https:\/\/balsamico.shop\/dk\/wp-content\/uploads\/2020\/04\/giuseppe-cremonini-aceto-balsamico-di-modena-invecchiato-5-trauben-aged.jpg","datePublished":"2020-04-19T12:34:20+00:00","dateModified":"2026-05-04T14:56:07+00:00","breadcrumb":{"@id":"https:\/\/balsamico.shop\/dk\/produkt\/giuseppe-cremonini-aceto-balsamico-di-modena-invecchiato-5-druer-aged\/#breadcrumb"},"inLanguage":"da-DK","potentialAction":[{"@type":"ReadAction","target":["https:\/\/balsamico.shop\/dk\/produkt\/giuseppe-cremonini-aceto-balsamico-di-modena-invecchiato-5-druer-aged\/"]}]},{"@type":"ImageObject","inLanguage":"da-DK","@id":"https:\/\/balsamico.shop\/dk\/produkt\/giuseppe-cremonini-aceto-balsamico-di-modena-invecchiato-5-druer-aged\/#primaryimage","url":"https:\/\/balsamico.shop\/dk\/wp-content\/uploads\/2020\/04\/giuseppe-cremonini-aceto-balsamico-di-modena-invecchiato-5-trauben-aged.jpg","contentUrl":"https:\/\/balsamico.shop\/dk\/wp-content\/uploads\/2020\/04\/giuseppe-cremonini-aceto-balsamico-di-modena-invecchiato-5-trauben-aged.jpg","width":1600,"height":1872},{"@type":"BreadcrumbList","@id":"https:\/\/balsamico.shop\/dk\/produkt\/giuseppe-cremonini-aceto-balsamico-di-modena-invecchiato-5-druer-aged\/#breadcrumb","itemListElement":[{"@type":"ListItem","position":1,"name":"Home","item":"https:\/\/balsamico.shop\/dk\/"},{"@type":"ListItem","position":2,"name":"Balsamico Eddike Shop","item":"https:\/\/balsamico.shop\/dk\/shop\/"},{"@type":"ListItem","position":3,"name":"Aceto Balsamico di Modena I.G.P. &#8211; Invecchiato &#8211; Cremonini"}]},{"@type":"WebSite","@id":"https:\/\/balsamico.shop\/dk\/#website","url":"https:\/\/balsamico.shop\/dk\/","name":"Aceto Balsamico Shop - Danmark","description":"Shop for balsamisk eddike fra Modena og Reggio Emilia","potentialAction":[{"@type":"SearchAction","target":{"@type":"EntryPoint","urlTemplate":"https:\/\/balsamico.shop\/dk\/?s={search_term_string}"},"query-input":{"@type":"PropertyValueSpecification","valueRequired":true,"valueName":"search_term_string"}}],"inLanguage":"da-DK"}]}},"_links":{"self":[{"href":"https:\/\/balsamico.shop\/dk\/wp-json\/wp\/v2\/product\/1928","targetHints":{"allow":["GET"]}}],"collection":[{"href":"https:\/\/balsamico.shop\/dk\/wp-json\/wp\/v2\/product"}],"about":[{"href":"https:\/\/balsamico.shop\/dk\/wp-json\/wp\/v2\/types\/product"}],"wp:featuredmedia":[{"embeddable":true,"href":"https:\/\/balsamico.shop\/dk\/wp-json\/wp\/v2\/media\/1929"}],"wp:attachment":[{"href":"https:\/\/balsamico.shop\/dk\/wp-json\/wp\/v2\/media?parent=1928"}],"wp:term":[{"taxonomy":"product_brand","embeddable":true,"href":"https:\/\/balsamico.shop\/dk\/wp-json\/wp\/v2\/product_brand?post=1928"},{"taxonomy":"product_cat","embeddable":true,"href":"https:\/\/balsamico.shop\/dk\/wp-json\/wp\/v2\/product_cat?post=1928"},{"taxonomy":"product_tag","embeddable":true,"href":"https:\/\/balsamico.shop\/dk\/wp-json\/wp\/v2\/product_tag?post=1928"}],"curies":[{"name":"wp","href":"https:\/\/api.w.org\/{rel}","templated":true}]}}