{"id":1887,"date":"2020-02-21T08:50:42","date_gmt":"2020-02-21T07:50:42","guid":{"rendered":"https:\/\/balsamico.shop\/dk\/?post_type=product&#038;p=1887"},"modified":"2024-11-21T15:29:00","modified_gmt":"2024-11-21T14:29:00","slug":"premium-olivenolie-italien-profumo-oliva-gonnelli","status":"publish","type":"product","link":"https:\/\/balsamico.shop\/dk\/produkt\/premium-olivenolie-italien-profumo-oliva-gonnelli\/","title":{"rendered":"Premium olivenolie fra Italien &#8211; Profumo d&#8217;Oliva &#8211; Gonnelli 1585"},"content":{"rendered":"<p>Denne olivenolie af h\u00f8j kvalitet &#8220;Extra Vergine &#8211; Gran Cru&#8221; kommer fra Gonnelli-familiens oliem\u00f8lle i Toscana, Italien. Olien udm\u00e6rker sig ikke kun ved sin enest\u00e5ende smukke og \u00e6dle emballage, men st\u00e5r ogs\u00e5 for en unik produktion under <strong>udelukkelse af ilt<\/strong>. Hele produktionsprocessen fra h\u00f8st af oliven til den f\u00e6rdige olie tager kun 15 timer. M\u00e5let er at fremstille en olivenolie, der er beskyttet mod oxidation under produktionen. Dette bevarer den maksimale smag af en frisk olivenolie. Med dette produkt k\u00f8ber du en h\u00e5ndv\u00e6rksm\u00e6ssig premium olivenolie af meget h\u00f8j kvalitet.<\/p>\n<p><strong>Ny h\u00f8st 2021\/2022!<\/strong> Premium olivenolien Profumo d&#8217;Oliva er helt frisk fra s\u00e6sonen 2021\/2022 og er en mesterlig sammens\u00e6tning hovedsagelig af olivensorterne Frantoio, Moraiolo og en smule af Leccino-sorten. Oliesyreindholdet er meget lavt og if\u00f8lge producenten <strong>kun ca. 0,15%!<\/strong><\/p>\n<p><b><img loading=\"lazy\" decoding=\"async\" class=\"alignright wp-image-3551 size-full\" src=\"https:\/\/balsamico.shop\/de\/wp-content\/uploads\/2020\/02\/profumo-d-olivia-gonnelli.jpg\" alt=\"   Premium olivenolie fra Italien - Smag\" width=\"487\" height=\"355\" \/><\/b><strong>H\u00f8sttidspunkt for oliven<\/strong>: oktober og begyndelsen af november<\/p>\n<p><strong>Rensning af oliven<\/strong>: Olivenerne afbl\u00f8des ved hj\u00e6lp af et patenteret system og fjernes fra fremmedlegemer som f.eks. kviste og blade. Derefter vaskes de med renset vand.<\/p>\n<p><strong>Forarbejdning<\/strong>: Olivenene forarbejdes i en kontinuerlig cyklus uden ilt i en atmosf\u00e6re under nitrogen. Ekstraktionen foretages ved kontrolleret temperatur (koldt).<\/p>\n<p><strong>Produktion<\/strong>: Produktionen er begr\u00e6nset til nogle f\u00e5 flasker.<\/p>\n<p><strong>Filtrering<\/strong>: Olivenolien filtreres med ren cellulose.<\/p>\n<p><strong>Polyphenolv\u00e6rdi<\/strong>: Polyphenolv\u00e6rdien er i gennemsnit 480 mg\/kg. Olivenoliepolyphenoler hj\u00e6lper med at beskytte blodlipider mod oxidativt stress.<\/p>\n<p><strong>Opbevaring<\/strong>: Olivenolien opbevares i beholdere af rustfrit st\u00e5l ved kontrolleret temperatur uden ilt og under nitrogen.<\/p>\n<p><strong>Bouquet<\/strong>: Olivenolien har en fyldig og delikat bouquet med aromaer af friske mandler og artiskokker.<\/p>\n<p><strong>Syreindhold<\/strong>: Olien indeholder meget lidt oliesyre, kun ca. 0,15 %.<\/p>\n<p><strong>Smag<\/strong>: Olien frembringer en harmonisk blanding af bitter-krydret smag og urtenoter samt friske gr\u00f8ntsager i en lang og afbalanceret finish.<\/p>\n<p><strong>Anbefalet kombination<\/strong>: Olien er fremragende til rejesouffl\u00e9 og gr\u00f8ntsagscrudit\u00e9s samt til ren nydelse.<\/p>\n<p><strong>Ingredienser<\/strong>: 100% ekstra jomfruolivenolie fra Italien.<\/p>\n<p>&nbsp;<\/p>\n<p><span data-mce-type=\"bookmark\" style=\"width: 0px;overflow: hidden;line-height: 0\" class=\"mce_SELRES_start\">\ufeff<\/span><\/p>\n<p>Producent<br \/>\nGonnelli 1585 S.r.l.<br \/>\nVia Piero della Francesca snc<br \/>\nFindested. Cascia 50066 &#8211; Reggello (FI) Italien<\/p>\n","protected":false},"excerpt":{"rendered":"<p>Denne olivenolie af h\u00f8j kvalitet &#8220;Extra Vergine &#8211; Gran Cru&#8221; kommer fra Gonnelli-familiens oliem\u00f8lle i Toscana, Italien. Olien udm\u00e6rker sig ikke kun ved sin enest\u00e5ende smukke og \u00e6dle emballage, men st\u00e5r ogs\u00e5 for en unik produktion under udelukkelse af ilt. Hele produktionsprocessen fra h\u00f8st af oliven til den f\u00e6rdige olie tager kun 15 timer. M\u00e5let er at fremstille en olivenolie, der er beskyttet mod oxidation under produktionen. Dette bevarer den maksimale smag af en frisk olivenolie. Med dette produkt k\u00f8ber du en h\u00e5ndv\u00e6rksm\u00e6ssig premium olivenolie af meget h\u00f8j kvalitet. Ny h\u00f8st 2021\/2022! Premium olivenolien Profumo d&#8217;Oliva er helt frisk fra s\u00e6sonen 2021\/2022 og er en mesterlig sammens\u00e6tning hovedsagelig af olivensorterne Frantoio, Moraiolo og en smule af Leccino-sorten. Oliesyreindholdet er meget lavt og if\u00f8lge producenten kun ca. 0,15%! H\u00f8sttidspunkt for oliven: oktober og begyndelsen af november Rensning af oliven: Olivenerne afbl\u00f8des ved hj\u00e6lp af et patenteret system og fjernes fra fremmedlegemer som f.eks. kviste og blade. Derefter vaskes de med renset vand. Forarbejdning: Olivenene forarbejdes i en kontinuerlig cyklus uden ilt i en atmosf\u00e6re under nitrogen. Ekstraktionen foretages ved kontrolleret temperatur (koldt). Produktion: Produktionen er begr\u00e6nset til nogle f\u00e5 flasker. Filtrering: Olivenolien filtreres med ren cellulose. Polyphenolv\u00e6rdi: Polyphenolv\u00e6rdien er i gennemsnit 480 mg\/kg. Olivenoliepolyphenoler hj\u00e6lper med at beskytte blodlipider mod oxidativt stress. Opbevaring: Olivenolien opbevares i beholdere af rustfrit st\u00e5l ved kontrolleret temperatur uden ilt og under nitrogen. Bouquet: Olivenolien har en fyldig og delikat bouquet med aromaer af friske mandler og artiskokker. Syreindhold: Olien indeholder meget lidt oliesyre, kun ca. 0,15 %. Smag: Olien frembringer en harmonisk blanding af bitter-krydret smag og urtenoter samt friske gr\u00f8ntsager i en lang og afbalanceret finish. Anbefalet kombination: Olien er fremragende til rejesouffl\u00e9 og gr\u00f8ntsagscrudit\u00e9s samt til ren nydelse. Ingredienser: 100% ekstra jomfruolivenolie fra Italien. &nbsp; \ufeff Producent Gonnelli 1585 S.r.l. Via Piero della Francesca snc Findested. Cascia 50066 &#8211; Reggello (FI) Italien<\/p>\n","protected":false},"featured_media":1890,"template":"","meta":[],"product_brand":[],"product_cat":[67],"product_tag":[],"class_list":{"0":"post-1887","1":"product","2":"type-product","3":"status-publish","4":"has-post-thumbnail","6":"product_cat-gonnelli","8":"first","9":"outofstock","10":"taxable","11":"shipping-taxable","12":"purchasable","13":"product-type-simple"},"bundle_layout":"","bundled_by":[],"bundled_items":[],"yoast_head":"<!-- This site is optimized with the Yoast SEO plugin v27.4 - https:\/\/yoast.com\/product\/yoast-seo-wordpress\/ -->\n<title>Premium olivenolie fra Italien - Profumo d&#039;Oliva - Gonnelli 1585<\/title>\n<meta name=\"robots\" content=\"index, follow, max-snippet:-1, max-image-preview:large, max-video-preview:-1\" \/>\n<link rel=\"canonical\" href=\"https:\/\/balsamico.shop\/dk\/produkt\/premium-olivenolie-italien-profumo-oliva-gonnelli\/\" \/>\n<meta property=\"og:locale\" content=\"da_DK\" \/>\n<meta property=\"og:type\" content=\"article\" \/>\n<meta property=\"og:title\" content=\"Premium olivenolie fra Italien - Profumo d&#039;Oliva - Gonnelli 1585\" \/>\n<meta property=\"og:description\" content=\"Denne olivenolie af h\u00f8j kvalitet &#8220;Extra Vergine &#8211; Gran Cru&#8221; kommer fra Gonnelli-familiens oliem\u00f8lle i Toscana, Italien. Olien udm\u00e6rker sig ikke kun ved sin enest\u00e5ende smukke og \u00e6dle emballage, men st\u00e5r ogs\u00e5 for en unik produktion under udelukkelse af ilt. Hele produktionsprocessen fra h\u00f8st af oliven til den f\u00e6rdige olie tager kun 15 timer. M\u00e5let er at fremstille en olivenolie, der er beskyttet mod oxidation under produktionen. Dette bevarer den maksimale smag af en frisk olivenolie. Med dette produkt k\u00f8ber du en h\u00e5ndv\u00e6rksm\u00e6ssig premium olivenolie af meget h\u00f8j kvalitet. Ny h\u00f8st 2021\/2022! Premium olivenolien Profumo d&#8217;Oliva er helt frisk fra s\u00e6sonen 2021\/2022 og er en mesterlig sammens\u00e6tning hovedsagelig af olivensorterne Frantoio, Moraiolo og en smule af Leccino-sorten. Oliesyreindholdet er meget lavt og if\u00f8lge producenten kun ca. 0,15%! H\u00f8sttidspunkt for oliven: oktober og begyndelsen af november Rensning af oliven: Olivenerne afbl\u00f8des ved hj\u00e6lp af et patenteret system og fjernes fra fremmedlegemer som f.eks. kviste og blade. Derefter vaskes de med renset vand. Forarbejdning: Olivenene forarbejdes i en kontinuerlig cyklus uden ilt i en atmosf\u00e6re under nitrogen. Ekstraktionen foretages ved kontrolleret temperatur (koldt). Produktion: Produktionen er begr\u00e6nset til nogle f\u00e5 flasker. Filtrering: Olivenolien filtreres med ren cellulose. Polyphenolv\u00e6rdi: Polyphenolv\u00e6rdien er i gennemsnit 480 mg\/kg. Olivenoliepolyphenoler hj\u00e6lper med at beskytte blodlipider mod oxidativt stress. Opbevaring: Olivenolien opbevares i beholdere af rustfrit st\u00e5l ved kontrolleret temperatur uden ilt og under nitrogen. Bouquet: Olivenolien har en fyldig og delikat bouquet med aromaer af friske mandler og artiskokker. Syreindhold: Olien indeholder meget lidt oliesyre, kun ca. 0,15 %. Smag: Olien frembringer en harmonisk blanding af bitter-krydret smag og urtenoter samt friske gr\u00f8ntsager i en lang og afbalanceret finish. Anbefalet kombination: Olien er fremragende til rejesouffl\u00e9 og gr\u00f8ntsagscrudit\u00e9s samt til ren nydelse. Ingredienser: 100% ekstra jomfruolivenolie fra Italien. &nbsp; \ufeff Producent Gonnelli 1585 S.r.l. Via Piero della Francesca snc Findested. Cascia 50066 &#8211; Reggello (FI) Italien\" \/>\n<meta property=\"og:url\" content=\"https:\/\/balsamico.shop\/dk\/produkt\/premium-olivenolie-italien-profumo-oliva-gonnelli\/\" \/>\n<meta property=\"og:site_name\" content=\"Aceto Balsamico Shop - Danmark\" \/>\n<meta property=\"article:modified_time\" content=\"2024-11-21T14:29:00+00:00\" \/>\n<meta property=\"og:image\" content=\"https:\/\/balsamico.shop\/dk\/wp-content\/uploads\/2020\/02\/profumodolivia-gonnelli.jpg\" \/>\n\t<meta property=\"og:image:width\" content=\"1600\" \/>\n\t<meta property=\"og:image:height\" content=\"1872\" \/>\n\t<meta property=\"og:image:type\" content=\"image\/jpeg\" \/>\n<meta name=\"twitter:card\" content=\"summary_large_image\" \/>\n<meta name=\"twitter:label1\" content=\"Estimeret l\u00e6setid\" \/>\n\t<meta name=\"twitter:data1\" content=\"2 minutter\" \/>\n<script type=\"application\/ld+json\" class=\"yoast-schema-graph\">{\"@context\":\"https:\\\/\\\/schema.org\",\"@graph\":[{\"@type\":\"WebPage\",\"@id\":\"https:\\\/\\\/balsamico.shop\\\/dk\\\/produkt\\\/premium-olivenolie-italien-profumo-oliva-gonnelli\\\/\",\"url\":\"https:\\\/\\\/balsamico.shop\\\/dk\\\/produkt\\\/premium-olivenolie-italien-profumo-oliva-gonnelli\\\/\",\"name\":\"Premium olivenolie fra Italien - Profumo d'Oliva - Gonnelli 1585\",\"isPartOf\":{\"@id\":\"https:\\\/\\\/balsamico.shop\\\/dk\\\/#website\"},\"primaryImageOfPage\":{\"@id\":\"https:\\\/\\\/balsamico.shop\\\/dk\\\/produkt\\\/premium-olivenolie-italien-profumo-oliva-gonnelli\\\/#primaryimage\"},\"image\":{\"@id\":\"https:\\\/\\\/balsamico.shop\\\/dk\\\/produkt\\\/premium-olivenolie-italien-profumo-oliva-gonnelli\\\/#primaryimage\"},\"thumbnailUrl\":\"https:\\\/\\\/balsamico.shop\\\/dk\\\/wp-content\\\/uploads\\\/2020\\\/02\\\/profumodolivia-gonnelli.jpg\",\"datePublished\":\"2020-02-21T07:50:42+00:00\",\"dateModified\":\"2024-11-21T14:29:00+00:00\",\"breadcrumb\":{\"@id\":\"https:\\\/\\\/balsamico.shop\\\/dk\\\/produkt\\\/premium-olivenolie-italien-profumo-oliva-gonnelli\\\/#breadcrumb\"},\"inLanguage\":\"da-DK\",\"potentialAction\":[{\"@type\":\"ReadAction\",\"target\":[\"https:\\\/\\\/balsamico.shop\\\/dk\\\/produkt\\\/premium-olivenolie-italien-profumo-oliva-gonnelli\\\/\"]}]},{\"@type\":\"ImageObject\",\"inLanguage\":\"da-DK\",\"@id\":\"https:\\\/\\\/balsamico.shop\\\/dk\\\/produkt\\\/premium-olivenolie-italien-profumo-oliva-gonnelli\\\/#primaryimage\",\"url\":\"https:\\\/\\\/balsamico.shop\\\/dk\\\/wp-content\\\/uploads\\\/2020\\\/02\\\/profumodolivia-gonnelli.jpg\",\"contentUrl\":\"https:\\\/\\\/balsamico.shop\\\/dk\\\/wp-content\\\/uploads\\\/2020\\\/02\\\/profumodolivia-gonnelli.jpg\",\"width\":1600,\"height\":1872,\"caption\":\"Premium Olivien\u00f6l aus Italien - Profumo d' Oliva - Gonnelli 1585\"},{\"@type\":\"BreadcrumbList\",\"@id\":\"https:\\\/\\\/balsamico.shop\\\/dk\\\/produkt\\\/premium-olivenolie-italien-profumo-oliva-gonnelli\\\/#breadcrumb\",\"itemListElement\":[{\"@type\":\"ListItem\",\"position\":1,\"name\":\"Home\",\"item\":\"https:\\\/\\\/balsamico.shop\\\/dk\\\/\"},{\"@type\":\"ListItem\",\"position\":2,\"name\":\"Balsamico Eddike Shop\",\"item\":\"https:\\\/\\\/balsamico.shop\\\/dk\\\/shop\\\/\"},{\"@type\":\"ListItem\",\"position\":3,\"name\":\"Premium olivenolie fra Italien &#8211; Profumo d&#8217;Oliva &#8211; Gonnelli 1585\"}]},{\"@type\":\"WebSite\",\"@id\":\"https:\\\/\\\/balsamico.shop\\\/dk\\\/#website\",\"url\":\"https:\\\/\\\/balsamico.shop\\\/dk\\\/\",\"name\":\"Aceto Balsamico Shop - Danmark\",\"description\":\"Shop for balsamisk eddike fra Modena og Reggio Emilia\",\"potentialAction\":[{\"@type\":\"SearchAction\",\"target\":{\"@type\":\"EntryPoint\",\"urlTemplate\":\"https:\\\/\\\/balsamico.shop\\\/dk\\\/?s={search_term_string}\"},\"query-input\":{\"@type\":\"PropertyValueSpecification\",\"valueRequired\":true,\"valueName\":\"search_term_string\"}}],\"inLanguage\":\"da-DK\"}]}<\/script>\n<!-- \/ Yoast SEO plugin. -->","yoast_head_json":{"title":"Premium olivenolie fra Italien - Profumo d'Oliva - Gonnelli 1585","robots":{"index":"index","follow":"follow","max-snippet":"max-snippet:-1","max-image-preview":"max-image-preview:large","max-video-preview":"max-video-preview:-1"},"canonical":"https:\/\/balsamico.shop\/dk\/produkt\/premium-olivenolie-italien-profumo-oliva-gonnelli\/","og_locale":"da_DK","og_type":"article","og_title":"Premium olivenolie fra Italien - Profumo d'Oliva - Gonnelli 1585","og_description":"Denne olivenolie af h\u00f8j kvalitet &#8220;Extra Vergine &#8211; Gran Cru&#8221; kommer fra Gonnelli-familiens oliem\u00f8lle i Toscana, Italien. Olien udm\u00e6rker sig ikke kun ved sin enest\u00e5ende smukke og \u00e6dle emballage, men st\u00e5r ogs\u00e5 for en unik produktion under udelukkelse af ilt. Hele produktionsprocessen fra h\u00f8st af oliven til den f\u00e6rdige olie tager kun 15 timer. M\u00e5let er at fremstille en olivenolie, der er beskyttet mod oxidation under produktionen. Dette bevarer den maksimale smag af en frisk olivenolie. Med dette produkt k\u00f8ber du en h\u00e5ndv\u00e6rksm\u00e6ssig premium olivenolie af meget h\u00f8j kvalitet. Ny h\u00f8st 2021\/2022! Premium olivenolien Profumo d&#8217;Oliva er helt frisk fra s\u00e6sonen 2021\/2022 og er en mesterlig sammens\u00e6tning hovedsagelig af olivensorterne Frantoio, Moraiolo og en smule af Leccino-sorten. Oliesyreindholdet er meget lavt og if\u00f8lge producenten kun ca. 0,15%! H\u00f8sttidspunkt for oliven: oktober og begyndelsen af november Rensning af oliven: Olivenerne afbl\u00f8des ved hj\u00e6lp af et patenteret system og fjernes fra fremmedlegemer som f.eks. kviste og blade. Derefter vaskes de med renset vand. Forarbejdning: Olivenene forarbejdes i en kontinuerlig cyklus uden ilt i en atmosf\u00e6re under nitrogen. Ekstraktionen foretages ved kontrolleret temperatur (koldt). Produktion: Produktionen er begr\u00e6nset til nogle f\u00e5 flasker. Filtrering: Olivenolien filtreres med ren cellulose. Polyphenolv\u00e6rdi: Polyphenolv\u00e6rdien er i gennemsnit 480 mg\/kg. Olivenoliepolyphenoler hj\u00e6lper med at beskytte blodlipider mod oxidativt stress. Opbevaring: Olivenolien opbevares i beholdere af rustfrit st\u00e5l ved kontrolleret temperatur uden ilt og under nitrogen. Bouquet: Olivenolien har en fyldig og delikat bouquet med aromaer af friske mandler og artiskokker. Syreindhold: Olien indeholder meget lidt oliesyre, kun ca. 0,15 %. Smag: Olien frembringer en harmonisk blanding af bitter-krydret smag og urtenoter samt friske gr\u00f8ntsager i en lang og afbalanceret finish. Anbefalet kombination: Olien er fremragende til rejesouffl\u00e9 og gr\u00f8ntsagscrudit\u00e9s samt til ren nydelse. Ingredienser: 100% ekstra jomfruolivenolie fra Italien. &nbsp; \ufeff Producent Gonnelli 1585 S.r.l. Via Piero della Francesca snc Findested. Cascia 50066 &#8211; Reggello (FI) Italien","og_url":"https:\/\/balsamico.shop\/dk\/produkt\/premium-olivenolie-italien-profumo-oliva-gonnelli\/","og_site_name":"Aceto Balsamico Shop - Danmark","article_modified_time":"2024-11-21T14:29:00+00:00","og_image":[{"width":1600,"height":1872,"url":"https:\/\/balsamico.shop\/dk\/wp-content\/uploads\/2020\/02\/profumodolivia-gonnelli.jpg","type":"image\/jpeg"}],"twitter_card":"summary_large_image","twitter_misc":{"Estimeret l\u00e6setid":"2 minutter"},"schema":{"@context":"https:\/\/schema.org","@graph":[{"@type":"WebPage","@id":"https:\/\/balsamico.shop\/dk\/produkt\/premium-olivenolie-italien-profumo-oliva-gonnelli\/","url":"https:\/\/balsamico.shop\/dk\/produkt\/premium-olivenolie-italien-profumo-oliva-gonnelli\/","name":"Premium olivenolie fra Italien - Profumo d'Oliva - Gonnelli 1585","isPartOf":{"@id":"https:\/\/balsamico.shop\/dk\/#website"},"primaryImageOfPage":{"@id":"https:\/\/balsamico.shop\/dk\/produkt\/premium-olivenolie-italien-profumo-oliva-gonnelli\/#primaryimage"},"image":{"@id":"https:\/\/balsamico.shop\/dk\/produkt\/premium-olivenolie-italien-profumo-oliva-gonnelli\/#primaryimage"},"thumbnailUrl":"https:\/\/balsamico.shop\/dk\/wp-content\/uploads\/2020\/02\/profumodolivia-gonnelli.jpg","datePublished":"2020-02-21T07:50:42+00:00","dateModified":"2024-11-21T14:29:00+00:00","breadcrumb":{"@id":"https:\/\/balsamico.shop\/dk\/produkt\/premium-olivenolie-italien-profumo-oliva-gonnelli\/#breadcrumb"},"inLanguage":"da-DK","potentialAction":[{"@type":"ReadAction","target":["https:\/\/balsamico.shop\/dk\/produkt\/premium-olivenolie-italien-profumo-oliva-gonnelli\/"]}]},{"@type":"ImageObject","inLanguage":"da-DK","@id":"https:\/\/balsamico.shop\/dk\/produkt\/premium-olivenolie-italien-profumo-oliva-gonnelli\/#primaryimage","url":"https:\/\/balsamico.shop\/dk\/wp-content\/uploads\/2020\/02\/profumodolivia-gonnelli.jpg","contentUrl":"https:\/\/balsamico.shop\/dk\/wp-content\/uploads\/2020\/02\/profumodolivia-gonnelli.jpg","width":1600,"height":1872,"caption":"Premium Olivien\u00f6l aus Italien - Profumo d' Oliva - Gonnelli 1585"},{"@type":"BreadcrumbList","@id":"https:\/\/balsamico.shop\/dk\/produkt\/premium-olivenolie-italien-profumo-oliva-gonnelli\/#breadcrumb","itemListElement":[{"@type":"ListItem","position":1,"name":"Home","item":"https:\/\/balsamico.shop\/dk\/"},{"@type":"ListItem","position":2,"name":"Balsamico Eddike Shop","item":"https:\/\/balsamico.shop\/dk\/shop\/"},{"@type":"ListItem","position":3,"name":"Premium olivenolie fra Italien &#8211; Profumo d&#8217;Oliva &#8211; Gonnelli 1585"}]},{"@type":"WebSite","@id":"https:\/\/balsamico.shop\/dk\/#website","url":"https:\/\/balsamico.shop\/dk\/","name":"Aceto Balsamico Shop - Danmark","description":"Shop for balsamisk eddike fra Modena og Reggio Emilia","potentialAction":[{"@type":"SearchAction","target":{"@type":"EntryPoint","urlTemplate":"https:\/\/balsamico.shop\/dk\/?s={search_term_string}"},"query-input":{"@type":"PropertyValueSpecification","valueRequired":true,"valueName":"search_term_string"}}],"inLanguage":"da-DK"}]}},"_links":{"self":[{"href":"https:\/\/balsamico.shop\/dk\/wp-json\/wp\/v2\/product\/1887","targetHints":{"allow":["GET"]}}],"collection":[{"href":"https:\/\/balsamico.shop\/dk\/wp-json\/wp\/v2\/product"}],"about":[{"href":"https:\/\/balsamico.shop\/dk\/wp-json\/wp\/v2\/types\/product"}],"wp:featuredmedia":[{"embeddable":true,"href":"https:\/\/balsamico.shop\/dk\/wp-json\/wp\/v2\/media\/1890"}],"wp:attachment":[{"href":"https:\/\/balsamico.shop\/dk\/wp-json\/wp\/v2\/media?parent=1887"}],"wp:term":[{"taxonomy":"product_brand","embeddable":true,"href":"https:\/\/balsamico.shop\/dk\/wp-json\/wp\/v2\/product_brand?post=1887"},{"taxonomy":"product_cat","embeddable":true,"href":"https:\/\/balsamico.shop\/dk\/wp-json\/wp\/v2\/product_cat?post=1887"},{"taxonomy":"product_tag","embeddable":true,"href":"https:\/\/balsamico.shop\/dk\/wp-json\/wp\/v2\/product_tag?post=1887"}],"curies":[{"name":"wp","href":"https:\/\/api.w.org\/{rel}","templated":true}]}}