{"id":1880,"date":"2016-10-02T16:54:11","date_gmt":"2016-10-02T14:54:11","guid":{"rendered":"https:\/\/balsamico.shop\/dk\/?post_type=product&#038;p=1880"},"modified":"2024-07-15T17:47:13","modified_gmt":"2024-07-15T15:47:13","slug":"abt-modena-extra-vecchio-premium-pedroni","status":"publish","type":"product","link":"https:\/\/balsamico.shop\/dk\/produkt\/abt-modena-extra-vecchio-premium-pedroni\/","title":{"rendered":"Aceto Balsamico Tradizionale di Modena Extra Vecchio Premium &#8211; Pedroni"},"content":{"rendered":"<p><img loading=\"lazy\" decoding=\"async\" class=\"size-medium wp-image-396 alignright\" src=\"https:\/\/balsamico.shop\/de\/wp-content\/uploads\/2016\/10\/pedroni-199x300.png\" alt=\"pedroni\" width=\"199\" height=\"300\" srcset=\"https:\/\/balsamico.shop\/dk\/wp-content\/uploads\/2016\/10\/pedroni-199x300.png 199w, https:\/\/balsamico.shop\/dk\/wp-content\/uploads\/2016\/10\/pedroni.png 215w\" sizes=\"auto, (max-width: 199px) 100vw, 199px\" \/>Dette produkt er definitionen p\u00e5 Aceto Balsamico. Hvis du vil vide, hvordan den originale skal smage, s\u00e5 pr\u00f8v denne uds\u00f8gte dr\u00e5be fra <strong>Pedroni<\/strong>-familiens familiefade fra Modena. Balsamico fra dette gamle batteri af t\u00f8nder, hvis oprindelse g\u00e5r tilbage til 1862, definerer det epikuriske produkt, der har vundet adskillige priser gennem \u00e5rtier og nu er kendt som &#8220;<strong>Aceto Balsamico Tradizionale di Modena DOP extra vecchio<\/strong>&#8220;. Et kvalitetsprodukt, der ikke kan reproduceres, og som er kendetegnet ved uendelig t\u00e5lmodighed og lidenskab. Pedroni-familiens fadbatteri, hvorfra denne balsamicoeddike stammer, best\u00e5r af gamle egetr\u00e6s- og kastanjet\u00f8nder. Nogle af disse fade har v\u00e6ret i brug i over 100 \u00e5r og giver produktet Cesare sin umiskendelige, \u00e6gte smag. Balsamicoen fra disse fade har gennemg\u00e5et mindst 50 oms\u00e6tninger. Da der kun foretages \u00e9n overf\u00f8rsel om \u00e5ret, er der tale om en modningsperiode p\u00e5 mindst 50 \u00e5r. <strong>Cesare Pedroni<\/strong>, Giuseppe III Pedronis oldefar, var den f\u00f8rste generation af Pedronis, der professionaliserede produktionen af balsamicoeddike i Rubbiara i n\u00e6rheden af Modena og samtidig drev sit eget osteria. Gennem sin passion for Aceto Balsamico byggede han en sikker fremtid for sin familie.<\/p>\n<blockquote><p>Kvaliteten huskes stadig, n\u00e5r prisen for l\u00e6ngst er glemt. Aldo Gucci<\/p><\/blockquote>\n<p>Der kan h\u00f8jst bestilles 1 flaske pr. person for dette produkt, s\u00e5 l\u00e6nge lageret ikke er opbrugt.<\/p>\n<p><strong>Ingredienser<\/strong>: 100 % druemost fra druen Trebbiano di Spagna.<\/p>\n<p><strong>Bem\u00e6rk<\/strong>: Dette er et 100% naturligt produkt uden tils\u00e6tningsstoffer.<\/p>\n<p>Producent:<br \/>\nAz. Agr. Pedroni<br \/>\nVia Risaia, 6<br \/>\nRubbiara di Nonantola<br \/>\n41015 Modena<br \/>\nItalien<\/p>\n","protected":false},"excerpt":{"rendered":"<p>Dette produkt er definitionen p\u00e5 Aceto Balsamico. Hvis du vil vide, hvordan den originale skal smage, s\u00e5 pr\u00f8v denne uds\u00f8gte dr\u00e5be fra Pedroni-familiens familiefade fra Modena. Balsamico fra dette gamle batteri af t\u00f8nder, hvis oprindelse g\u00e5r tilbage til 1862, definerer det epikuriske produkt, der har vundet adskillige priser gennem \u00e5rtier og nu er kendt som &#8220;Aceto Balsamico Tradizionale di Modena DOP extra vecchio&#8220;. Et kvalitetsprodukt, der ikke kan reproduceres, og som er kendetegnet ved uendelig t\u00e5lmodighed og lidenskab. Pedroni-familiens fadbatteri, hvorfra denne balsamicoeddike stammer, best\u00e5r af gamle egetr\u00e6s- og kastanjet\u00f8nder. Nogle af disse fade har v\u00e6ret i brug i over 100 \u00e5r og giver produktet Cesare sin umiskendelige, \u00e6gte smag. Balsamicoen fra disse fade har gennemg\u00e5et mindst 50 oms\u00e6tninger. Da der kun foretages \u00e9n overf\u00f8rsel om \u00e5ret, er der tale om en modningsperiode p\u00e5 mindst 50 \u00e5r. Cesare Pedroni, Giuseppe III Pedronis oldefar, var den f\u00f8rste generation af Pedronis, der professionaliserede produktionen af balsamicoeddike i Rubbiara i n\u00e6rheden af Modena og samtidig drev sit eget osteria. Gennem sin passion for Aceto Balsamico byggede han en sikker fremtid for sin familie. Kvaliteten huskes stadig, n\u00e5r prisen for l\u00e6ngst er glemt. Aldo Gucci Der kan h\u00f8jst bestilles 1 flaske pr. person for dette produkt, s\u00e5 l\u00e6nge lageret ikke er opbrugt. Ingredienser: 100 % druemost fra druen Trebbiano di Spagna. Bem\u00e6rk: Dette er et 100% naturligt produkt uden tils\u00e6tningsstoffer. Producent: Az. Agr. Pedroni Via Risaia, 6 Rubbiara di Nonantola 41015 Modena Italien<\/p>\n","protected":false},"featured_media":1963,"template":"","meta":[],"product_brand":[],"product_cat":[36],"product_tag":[],"class_list":{"0":"post-1880","1":"product","2":"type-product","3":"status-publish","4":"has-post-thumbnail","6":"product_cat-villa-san-donnino","7":"product_shipping_class-ueber-700","9":"first","10":"outofstock","11":"taxable","12":"shipping-taxable","13":"purchasable","14":"product-type-simple"},"bundle_layout":"","bundled_by":[],"bundled_items":[],"yoast_head":"<!-- This site is optimized with the Yoast SEO plugin v27.5 - https:\/\/yoast.com\/product\/yoast-seo-wordpress\/ -->\n<title>Aceto Balsamico Tradizionale di Modena Extra Vecchio Premium - Pedroni<\/title>\n<meta name=\"robots\" content=\"index, follow, max-snippet:-1, max-image-preview:large, max-video-preview:-1\" \/>\n<link rel=\"canonical\" href=\"https:\/\/balsamico.shop\/dk\/produkt\/abt-modena-extra-vecchio-premium-pedroni\/\" \/>\n<meta property=\"og:locale\" content=\"da_DK\" \/>\n<meta property=\"og:type\" content=\"article\" \/>\n<meta property=\"og:title\" content=\"Aceto Balsamico Tradizionale di Modena Extra Vecchio Premium - Pedroni\" \/>\n<meta property=\"og:description\" content=\"Dette produkt er definitionen p\u00e5 Aceto Balsamico. Hvis du vil vide, hvordan den originale skal smage, s\u00e5 pr\u00f8v denne uds\u00f8gte dr\u00e5be fra Pedroni-familiens familiefade fra Modena. Balsamico fra dette gamle batteri af t\u00f8nder, hvis oprindelse g\u00e5r tilbage til 1862, definerer det epikuriske produkt, der har vundet adskillige priser gennem \u00e5rtier og nu er kendt som &#8220;Aceto Balsamico Tradizionale di Modena DOP extra vecchio&#8220;. Et kvalitetsprodukt, der ikke kan reproduceres, og som er kendetegnet ved uendelig t\u00e5lmodighed og lidenskab. Pedroni-familiens fadbatteri, hvorfra denne balsamicoeddike stammer, best\u00e5r af gamle egetr\u00e6s- og kastanjet\u00f8nder. Nogle af disse fade har v\u00e6ret i brug i over 100 \u00e5r og giver produktet Cesare sin umiskendelige, \u00e6gte smag. Balsamicoen fra disse fade har gennemg\u00e5et mindst 50 oms\u00e6tninger. Da der kun foretages \u00e9n overf\u00f8rsel om \u00e5ret, er der tale om en modningsperiode p\u00e5 mindst 50 \u00e5r. Cesare Pedroni, Giuseppe III Pedronis oldefar, var den f\u00f8rste generation af Pedronis, der professionaliserede produktionen af balsamicoeddike i Rubbiara i n\u00e6rheden af Modena og samtidig drev sit eget osteria. Gennem sin passion for Aceto Balsamico byggede han en sikker fremtid for sin familie. Kvaliteten huskes stadig, n\u00e5r prisen for l\u00e6ngst er glemt. Aldo Gucci Der kan h\u00f8jst bestilles 1 flaske pr. person for dette produkt, s\u00e5 l\u00e6nge lageret ikke er opbrugt. Ingredienser: 100 % druemost fra druen Trebbiano di Spagna. Bem\u00e6rk: Dette er et 100% naturligt produkt uden tils\u00e6tningsstoffer. Producent: Az. Agr. Pedroni Via Risaia, 6 Rubbiara di Nonantola 41015 Modena Italien\" \/>\n<meta property=\"og:url\" content=\"https:\/\/balsamico.shop\/dk\/produkt\/abt-modena-extra-vecchio-premium-pedroni\/\" \/>\n<meta property=\"og:site_name\" content=\"Aceto Balsamico Shop - Danmark\" \/>\n<meta property=\"article:modified_time\" content=\"2024-07-15T15:47:13+00:00\" \/>\n<meta property=\"og:image\" content=\"https:\/\/balsamico.shop\/dk\/wp-content\/uploads\/2016\/10\/pedroni-aceto-balsamico-tradizionale-extravecchio-cesare-1.jpg\" \/>\n\t<meta property=\"og:image:width\" content=\"1600\" \/>\n\t<meta property=\"og:image:height\" content=\"1872\" \/>\n\t<meta property=\"og:image:type\" content=\"image\/jpeg\" \/>\n<meta name=\"twitter:card\" content=\"summary_large_image\" \/>\n<meta name=\"twitter:label1\" content=\"Estimeret l\u00e6setid\" \/>\n\t<meta name=\"twitter:data1\" content=\"2 minutter\" \/>\n<script type=\"application\/ld+json\" class=\"yoast-schema-graph\">{\"@context\":\"https:\\\/\\\/schema.org\",\"@graph\":[{\"@type\":\"WebPage\",\"@id\":\"https:\\\/\\\/balsamico.shop\\\/dk\\\/produkt\\\/abt-modena-extra-vecchio-premium-pedroni\\\/\",\"url\":\"https:\\\/\\\/balsamico.shop\\\/dk\\\/produkt\\\/abt-modena-extra-vecchio-premium-pedroni\\\/\",\"name\":\"Aceto Balsamico Tradizionale di Modena Extra Vecchio Premium - Pedroni\",\"isPartOf\":{\"@id\":\"https:\\\/\\\/balsamico.shop\\\/dk\\\/#website\"},\"primaryImageOfPage\":{\"@id\":\"https:\\\/\\\/balsamico.shop\\\/dk\\\/produkt\\\/abt-modena-extra-vecchio-premium-pedroni\\\/#primaryimage\"},\"image\":{\"@id\":\"https:\\\/\\\/balsamico.shop\\\/dk\\\/produkt\\\/abt-modena-extra-vecchio-premium-pedroni\\\/#primaryimage\"},\"thumbnailUrl\":\"https:\\\/\\\/balsamico.shop\\\/dk\\\/wp-content\\\/uploads\\\/2016\\\/10\\\/pedroni-aceto-balsamico-tradizionale-extravecchio-cesare-1.jpg\",\"datePublished\":\"2016-10-02T14:54:11+00:00\",\"dateModified\":\"2024-07-15T15:47:13+00:00\",\"breadcrumb\":{\"@id\":\"https:\\\/\\\/balsamico.shop\\\/dk\\\/produkt\\\/abt-modena-extra-vecchio-premium-pedroni\\\/#breadcrumb\"},\"inLanguage\":\"da-DK\",\"potentialAction\":[{\"@type\":\"ReadAction\",\"target\":[\"https:\\\/\\\/balsamico.shop\\\/dk\\\/produkt\\\/abt-modena-extra-vecchio-premium-pedroni\\\/\"]}]},{\"@type\":\"ImageObject\",\"inLanguage\":\"da-DK\",\"@id\":\"https:\\\/\\\/balsamico.shop\\\/dk\\\/produkt\\\/abt-modena-extra-vecchio-premium-pedroni\\\/#primaryimage\",\"url\":\"https:\\\/\\\/balsamico.shop\\\/dk\\\/wp-content\\\/uploads\\\/2016\\\/10\\\/pedroni-aceto-balsamico-tradizionale-extravecchio-cesare-1.jpg\",\"contentUrl\":\"https:\\\/\\\/balsamico.shop\\\/dk\\\/wp-content\\\/uploads\\\/2016\\\/10\\\/pedroni-aceto-balsamico-tradizionale-extravecchio-cesare-1.jpg\",\"width\":1600,\"height\":1872},{\"@type\":\"BreadcrumbList\",\"@id\":\"https:\\\/\\\/balsamico.shop\\\/dk\\\/produkt\\\/abt-modena-extra-vecchio-premium-pedroni\\\/#breadcrumb\",\"itemListElement\":[{\"@type\":\"ListItem\",\"position\":1,\"name\":\"Home\",\"item\":\"https:\\\/\\\/balsamico.shop\\\/dk\\\/\"},{\"@type\":\"ListItem\",\"position\":2,\"name\":\"Balsamico Eddike Shop\",\"item\":\"https:\\\/\\\/balsamico.shop\\\/dk\\\/shop\\\/\"},{\"@type\":\"ListItem\",\"position\":3,\"name\":\"Aceto Balsamico Tradizionale di Modena Extra Vecchio Premium &#8211; Pedroni\"}]},{\"@type\":\"WebSite\",\"@id\":\"https:\\\/\\\/balsamico.shop\\\/dk\\\/#website\",\"url\":\"https:\\\/\\\/balsamico.shop\\\/dk\\\/\",\"name\":\"Aceto Balsamico Shop - Danmark\",\"description\":\"Shop for balsamisk eddike fra Modena og Reggio Emilia\",\"potentialAction\":[{\"@type\":\"SearchAction\",\"target\":{\"@type\":\"EntryPoint\",\"urlTemplate\":\"https:\\\/\\\/balsamico.shop\\\/dk\\\/?s={search_term_string}\"},\"query-input\":{\"@type\":\"PropertyValueSpecification\",\"valueRequired\":true,\"valueName\":\"search_term_string\"}}],\"inLanguage\":\"da-DK\"}]}<\/script>\n<!-- \/ Yoast SEO plugin. -->","yoast_head_json":{"title":"Aceto Balsamico Tradizionale di Modena Extra Vecchio Premium - Pedroni","robots":{"index":"index","follow":"follow","max-snippet":"max-snippet:-1","max-image-preview":"max-image-preview:large","max-video-preview":"max-video-preview:-1"},"canonical":"https:\/\/balsamico.shop\/dk\/produkt\/abt-modena-extra-vecchio-premium-pedroni\/","og_locale":"da_DK","og_type":"article","og_title":"Aceto Balsamico Tradizionale di Modena Extra Vecchio Premium - Pedroni","og_description":"Dette produkt er definitionen p\u00e5 Aceto Balsamico. Hvis du vil vide, hvordan den originale skal smage, s\u00e5 pr\u00f8v denne uds\u00f8gte dr\u00e5be fra Pedroni-familiens familiefade fra Modena. Balsamico fra dette gamle batteri af t\u00f8nder, hvis oprindelse g\u00e5r tilbage til 1862, definerer det epikuriske produkt, der har vundet adskillige priser gennem \u00e5rtier og nu er kendt som &#8220;Aceto Balsamico Tradizionale di Modena DOP extra vecchio&#8220;. Et kvalitetsprodukt, der ikke kan reproduceres, og som er kendetegnet ved uendelig t\u00e5lmodighed og lidenskab. Pedroni-familiens fadbatteri, hvorfra denne balsamicoeddike stammer, best\u00e5r af gamle egetr\u00e6s- og kastanjet\u00f8nder. Nogle af disse fade har v\u00e6ret i brug i over 100 \u00e5r og giver produktet Cesare sin umiskendelige, \u00e6gte smag. Balsamicoen fra disse fade har gennemg\u00e5et mindst 50 oms\u00e6tninger. Da der kun foretages \u00e9n overf\u00f8rsel om \u00e5ret, er der tale om en modningsperiode p\u00e5 mindst 50 \u00e5r. Cesare Pedroni, Giuseppe III Pedronis oldefar, var den f\u00f8rste generation af Pedronis, der professionaliserede produktionen af balsamicoeddike i Rubbiara i n\u00e6rheden af Modena og samtidig drev sit eget osteria. Gennem sin passion for Aceto Balsamico byggede han en sikker fremtid for sin familie. Kvaliteten huskes stadig, n\u00e5r prisen for l\u00e6ngst er glemt. Aldo Gucci Der kan h\u00f8jst bestilles 1 flaske pr. person for dette produkt, s\u00e5 l\u00e6nge lageret ikke er opbrugt. Ingredienser: 100 % druemost fra druen Trebbiano di Spagna. Bem\u00e6rk: Dette er et 100% naturligt produkt uden tils\u00e6tningsstoffer. Producent: Az. Agr. Pedroni Via Risaia, 6 Rubbiara di Nonantola 41015 Modena Italien","og_url":"https:\/\/balsamico.shop\/dk\/produkt\/abt-modena-extra-vecchio-premium-pedroni\/","og_site_name":"Aceto Balsamico Shop - Danmark","article_modified_time":"2024-07-15T15:47:13+00:00","og_image":[{"width":1600,"height":1872,"url":"https:\/\/balsamico.shop\/dk\/wp-content\/uploads\/2016\/10\/pedroni-aceto-balsamico-tradizionale-extravecchio-cesare-1.jpg","type":"image\/jpeg"}],"twitter_card":"summary_large_image","twitter_misc":{"Estimeret l\u00e6setid":"2 minutter"},"schema":{"@context":"https:\/\/schema.org","@graph":[{"@type":"WebPage","@id":"https:\/\/balsamico.shop\/dk\/produkt\/abt-modena-extra-vecchio-premium-pedroni\/","url":"https:\/\/balsamico.shop\/dk\/produkt\/abt-modena-extra-vecchio-premium-pedroni\/","name":"Aceto Balsamico Tradizionale di Modena Extra Vecchio Premium - Pedroni","isPartOf":{"@id":"https:\/\/balsamico.shop\/dk\/#website"},"primaryImageOfPage":{"@id":"https:\/\/balsamico.shop\/dk\/produkt\/abt-modena-extra-vecchio-premium-pedroni\/#primaryimage"},"image":{"@id":"https:\/\/balsamico.shop\/dk\/produkt\/abt-modena-extra-vecchio-premium-pedroni\/#primaryimage"},"thumbnailUrl":"https:\/\/balsamico.shop\/dk\/wp-content\/uploads\/2016\/10\/pedroni-aceto-balsamico-tradizionale-extravecchio-cesare-1.jpg","datePublished":"2016-10-02T14:54:11+00:00","dateModified":"2024-07-15T15:47:13+00:00","breadcrumb":{"@id":"https:\/\/balsamico.shop\/dk\/produkt\/abt-modena-extra-vecchio-premium-pedroni\/#breadcrumb"},"inLanguage":"da-DK","potentialAction":[{"@type":"ReadAction","target":["https:\/\/balsamico.shop\/dk\/produkt\/abt-modena-extra-vecchio-premium-pedroni\/"]}]},{"@type":"ImageObject","inLanguage":"da-DK","@id":"https:\/\/balsamico.shop\/dk\/produkt\/abt-modena-extra-vecchio-premium-pedroni\/#primaryimage","url":"https:\/\/balsamico.shop\/dk\/wp-content\/uploads\/2016\/10\/pedroni-aceto-balsamico-tradizionale-extravecchio-cesare-1.jpg","contentUrl":"https:\/\/balsamico.shop\/dk\/wp-content\/uploads\/2016\/10\/pedroni-aceto-balsamico-tradizionale-extravecchio-cesare-1.jpg","width":1600,"height":1872},{"@type":"BreadcrumbList","@id":"https:\/\/balsamico.shop\/dk\/produkt\/abt-modena-extra-vecchio-premium-pedroni\/#breadcrumb","itemListElement":[{"@type":"ListItem","position":1,"name":"Home","item":"https:\/\/balsamico.shop\/dk\/"},{"@type":"ListItem","position":2,"name":"Balsamico Eddike Shop","item":"https:\/\/balsamico.shop\/dk\/shop\/"},{"@type":"ListItem","position":3,"name":"Aceto Balsamico Tradizionale di Modena Extra Vecchio Premium &#8211; Pedroni"}]},{"@type":"WebSite","@id":"https:\/\/balsamico.shop\/dk\/#website","url":"https:\/\/balsamico.shop\/dk\/","name":"Aceto Balsamico Shop - Danmark","description":"Shop for balsamisk eddike fra Modena og Reggio Emilia","potentialAction":[{"@type":"SearchAction","target":{"@type":"EntryPoint","urlTemplate":"https:\/\/balsamico.shop\/dk\/?s={search_term_string}"},"query-input":{"@type":"PropertyValueSpecification","valueRequired":true,"valueName":"search_term_string"}}],"inLanguage":"da-DK"}]}},"_links":{"self":[{"href":"https:\/\/balsamico.shop\/dk\/wp-json\/wp\/v2\/product\/1880","targetHints":{"allow":["GET"]}}],"collection":[{"href":"https:\/\/balsamico.shop\/dk\/wp-json\/wp\/v2\/product"}],"about":[{"href":"https:\/\/balsamico.shop\/dk\/wp-json\/wp\/v2\/types\/product"}],"wp:featuredmedia":[{"embeddable":true,"href":"https:\/\/balsamico.shop\/dk\/wp-json\/wp\/v2\/media\/1963"}],"wp:attachment":[{"href":"https:\/\/balsamico.shop\/dk\/wp-json\/wp\/v2\/media?parent=1880"}],"wp:term":[{"taxonomy":"product_brand","embeddable":true,"href":"https:\/\/balsamico.shop\/dk\/wp-json\/wp\/v2\/product_brand?post=1880"},{"taxonomy":"product_cat","embeddable":true,"href":"https:\/\/balsamico.shop\/dk\/wp-json\/wp\/v2\/product_cat?post=1880"},{"taxonomy":"product_tag","embeddable":true,"href":"https:\/\/balsamico.shop\/dk\/wp-json\/wp\/v2\/product_tag?post=1880"}],"curies":[{"name":"wp","href":"https:\/\/api.w.org\/{rel}","templated":true}]}}