{"id":1855,"date":"2016-05-03T22:45:03","date_gmt":"2016-05-03T20:45:03","guid":{"rendered":"https:\/\/balsamico.shop\/dk\/?post_type=product&#038;p=1855"},"modified":"2026-02-24T22:35:11","modified_gmt":"2026-02-24T21:35:11","slug":"aceto-balsamico-tradizionale-di-reggio-emilia-d-o-p-argento-picci-18","status":"publish","type":"product","link":"https:\/\/balsamico.shop\/dk\/produkt\/aceto-balsamico-tradizionale-di-reggio-emilia-d-o-p-argento-picci-18\/","title":{"rendered":"Aceto Balsamico Tradizionale di Reggio Emilia D.O.P &#8211; Argento &#8211; Picci &#8211; 18 \u00e5r"},"content":{"rendered":"<p>Den s\u00f8lvfarvede (p\u00e5 italiensk &#8220;<strong>Argento<\/strong>&#8220;) har modnet mindst 18 \u00e5r i <strong>Acetaia Picci<\/strong>-fadene og er blevet dyrket med megen k\u00e6rlighed gennem \u00e5rene. Denne Aceto Balsamico lagrede 6 til 7 \u00e5r l\u00e6ngere end sin lillebror &#8220;Aragosta&#8221;. P\u00e5 grund af den l\u00e6ngere modningstid og den deraf f\u00f8lgende kraftige fordampning er koncentrationen mere tyktflydende og smagen mere intens og afbalanceret p\u00e5 samme tid. Syren er mere i baggrunden, hvilket g\u00f8r denne Aceto velegnet til f\u00f8rste eller anden ret i din menu.<\/p>\n<p>Vores personlige smagning viste en utrolig langvarig aroma. Allerede f\u00e5 minutter senere havde man smagen af fine druer og s\u00f8de tr\u00e6sorter i n\u00e6sen og kunne nyde den i s\u00e6rlig lang tid. Balancen mellem s\u00f8dme og syre overgik ogs\u00e5 vores forventninger.<\/p>\n<p>I kombination med et stykke parmesan eller en meget gammel Gouda kan balsamico&#8217;en udfolde sin fulde styrke uden at v\u00e6re p\u00e5tr\u00e6ngende.<strong> I \u00f8jeblikket er vores personlige favorit.<\/strong><\/p>\n<p><strong>Ingredienser<\/strong>: 100% kogt druemost<\/p>\n<p>Bem\u00e6rk: indeholder naturlige sulfitter.<\/p>\n<p>Producent:<br \/>\nACETAIA PICCI snc<br \/>\nVia Roncaglio 29<br \/>\n42025 Cavriago Reggio Emilia<br \/>\nItalien<\/p>\n","protected":false},"excerpt":{"rendered":"<p>Den s\u00f8lvfarvede (p\u00e5 italiensk &#8220;Argento&#8220;) har modnet mindst 18 \u00e5r i Acetaia Picci-fadene og er blevet dyrket med megen k\u00e6rlighed gennem \u00e5rene. Denne Aceto Balsamico lagrede 6 til 7 \u00e5r l\u00e6ngere end sin lillebror &#8220;Aragosta&#8221;. P\u00e5 grund af den l\u00e6ngere modningstid og den deraf f\u00f8lgende kraftige fordampning er koncentrationen mere tyktflydende og smagen mere intens og afbalanceret p\u00e5 samme tid. Syren er mere i baggrunden, hvilket g\u00f8r denne Aceto velegnet til f\u00f8rste eller anden ret i din menu. Vores personlige smagning viste en utrolig langvarig aroma. Allerede f\u00e5 minutter senere havde man smagen af fine druer og s\u00f8de tr\u00e6sorter i n\u00e6sen og kunne nyde den i s\u00e6rlig lang tid. Balancen mellem s\u00f8dme og syre overgik ogs\u00e5 vores forventninger. I kombination med et stykke parmesan eller en meget gammel Gouda kan balsamico&#8217;en udfolde sin fulde styrke uden at v\u00e6re p\u00e5tr\u00e6ngende. I \u00f8jeblikket er vores personlige favorit. Ingredienser: 100% kogt druemost Bem\u00e6rk: indeholder naturlige sulfitter. Producent: ACETAIA PICCI snc Via Roncaglio 29 42025 Cavriago Reggio Emilia Italien<\/p>\n","protected":false},"featured_media":1964,"template":"","meta":[],"product_brand":[],"product_cat":[26],"product_tag":[],"class_list":{"0":"post-1855","1":"product","2":"type-product","3":"status-publish","4":"has-post-thumbnail","6":"product_cat-picci","7":"product_shipping_class-ueber-700","9":"first","10":"instock","11":"taxable","12":"shipping-taxable","13":"purchasable","14":"product-type-simple"},"bundle_layout":"","bundled_by":[],"bundled_items":[],"yoast_head":"<!-- This site is optimized with the Yoast SEO plugin v27.4 - https:\/\/yoast.com\/product\/yoast-seo-wordpress\/ -->\n<title>Aceto Balsamico Tradizionale di Reggio Emilia D.O.P - Argento - Picci - 18 \u00e5r<\/title>\n<meta name=\"robots\" content=\"index, follow, max-snippet:-1, max-image-preview:large, max-video-preview:-1\" \/>\n<link rel=\"canonical\" href=\"https:\/\/balsamico.shop\/dk\/produkt\/aceto-balsamico-tradizionale-di-reggio-emilia-d-o-p-argento-picci-18\/\" \/>\n<meta property=\"og:locale\" content=\"da_DK\" \/>\n<meta property=\"og:type\" content=\"article\" \/>\n<meta property=\"og:title\" content=\"Aceto Balsamico Tradizionale di Reggio Emilia D.O.P - Argento - Picci - 18 \u00e5r\" \/>\n<meta property=\"og:description\" content=\"Den s\u00f8lvfarvede (p\u00e5 italiensk &#8220;Argento&#8220;) har modnet mindst 18 \u00e5r i Acetaia Picci-fadene og er blevet dyrket med megen k\u00e6rlighed gennem \u00e5rene. Denne Aceto Balsamico lagrede 6 til 7 \u00e5r l\u00e6ngere end sin lillebror &#8220;Aragosta&#8221;. P\u00e5 grund af den l\u00e6ngere modningstid og den deraf f\u00f8lgende kraftige fordampning er koncentrationen mere tyktflydende og smagen mere intens og afbalanceret p\u00e5 samme tid. Syren er mere i baggrunden, hvilket g\u00f8r denne Aceto velegnet til f\u00f8rste eller anden ret i din menu. Vores personlige smagning viste en utrolig langvarig aroma. Allerede f\u00e5 minutter senere havde man smagen af fine druer og s\u00f8de tr\u00e6sorter i n\u00e6sen og kunne nyde den i s\u00e6rlig lang tid. Balancen mellem s\u00f8dme og syre overgik ogs\u00e5 vores forventninger. I kombination med et stykke parmesan eller en meget gammel Gouda kan balsamico&#8217;en udfolde sin fulde styrke uden at v\u00e6re p\u00e5tr\u00e6ngende. I \u00f8jeblikket er vores personlige favorit. Ingredienser: 100% kogt druemost Bem\u00e6rk: indeholder naturlige sulfitter. Producent: ACETAIA PICCI snc Via Roncaglio 29 42025 Cavriago Reggio Emilia Italien\" \/>\n<meta property=\"og:url\" content=\"https:\/\/balsamico.shop\/dk\/produkt\/aceto-balsamico-tradizionale-di-reggio-emilia-d-o-p-argento-picci-18\/\" \/>\n<meta property=\"og:site_name\" content=\"Aceto Balsamico Shop - Danmark\" \/>\n<meta property=\"article:modified_time\" content=\"2026-02-24T21:35:11+00:00\" \/>\n<meta property=\"og:image\" content=\"https:\/\/balsamico.shop\/dk\/wp-content\/uploads\/2016\/05\/acetaia-picci-aceto-balsamico-tradizionale-argento-reggioemilia-1.jpg\" \/>\n\t<meta property=\"og:image:width\" content=\"1600\" \/>\n\t<meta property=\"og:image:height\" content=\"1872\" \/>\n\t<meta property=\"og:image:type\" content=\"image\/jpeg\" \/>\n<meta name=\"twitter:card\" content=\"summary_large_image\" \/>\n<meta name=\"twitter:label1\" content=\"Estimeret l\u00e6setid\" \/>\n\t<meta name=\"twitter:data1\" content=\"1 minut\" \/>\n<script type=\"application\/ld+json\" class=\"yoast-schema-graph\">{\"@context\":\"https:\\\/\\\/schema.org\",\"@graph\":[{\"@type\":\"WebPage\",\"@id\":\"https:\\\/\\\/balsamico.shop\\\/dk\\\/produkt\\\/aceto-balsamico-tradizionale-di-reggio-emilia-d-o-p-argento-picci-18\\\/\",\"url\":\"https:\\\/\\\/balsamico.shop\\\/dk\\\/produkt\\\/aceto-balsamico-tradizionale-di-reggio-emilia-d-o-p-argento-picci-18\\\/\",\"name\":\"Aceto Balsamico Tradizionale di Reggio Emilia D.O.P - Argento - Picci - 18 \u00e5r\",\"isPartOf\":{\"@id\":\"https:\\\/\\\/balsamico.shop\\\/dk\\\/#website\"},\"primaryImageOfPage\":{\"@id\":\"https:\\\/\\\/balsamico.shop\\\/dk\\\/produkt\\\/aceto-balsamico-tradizionale-di-reggio-emilia-d-o-p-argento-picci-18\\\/#primaryimage\"},\"image\":{\"@id\":\"https:\\\/\\\/balsamico.shop\\\/dk\\\/produkt\\\/aceto-balsamico-tradizionale-di-reggio-emilia-d-o-p-argento-picci-18\\\/#primaryimage\"},\"thumbnailUrl\":\"https:\\\/\\\/balsamico.shop\\\/dk\\\/wp-content\\\/uploads\\\/2016\\\/05\\\/acetaia-picci-aceto-balsamico-tradizionale-argento-reggioemilia-1.jpg\",\"datePublished\":\"2016-05-03T20:45:03+00:00\",\"dateModified\":\"2026-02-24T21:35:11+00:00\",\"breadcrumb\":{\"@id\":\"https:\\\/\\\/balsamico.shop\\\/dk\\\/produkt\\\/aceto-balsamico-tradizionale-di-reggio-emilia-d-o-p-argento-picci-18\\\/#breadcrumb\"},\"inLanguage\":\"da-DK\",\"potentialAction\":[{\"@type\":\"ReadAction\",\"target\":[\"https:\\\/\\\/balsamico.shop\\\/dk\\\/produkt\\\/aceto-balsamico-tradizionale-di-reggio-emilia-d-o-p-argento-picci-18\\\/\"]}]},{\"@type\":\"ImageObject\",\"inLanguage\":\"da-DK\",\"@id\":\"https:\\\/\\\/balsamico.shop\\\/dk\\\/produkt\\\/aceto-balsamico-tradizionale-di-reggio-emilia-d-o-p-argento-picci-18\\\/#primaryimage\",\"url\":\"https:\\\/\\\/balsamico.shop\\\/dk\\\/wp-content\\\/uploads\\\/2016\\\/05\\\/acetaia-picci-aceto-balsamico-tradizionale-argento-reggioemilia-1.jpg\",\"contentUrl\":\"https:\\\/\\\/balsamico.shop\\\/dk\\\/wp-content\\\/uploads\\\/2016\\\/05\\\/acetaia-picci-aceto-balsamico-tradizionale-argento-reggioemilia-1.jpg\",\"width\":1600,\"height\":1872},{\"@type\":\"BreadcrumbList\",\"@id\":\"https:\\\/\\\/balsamico.shop\\\/dk\\\/produkt\\\/aceto-balsamico-tradizionale-di-reggio-emilia-d-o-p-argento-picci-18\\\/#breadcrumb\",\"itemListElement\":[{\"@type\":\"ListItem\",\"position\":1,\"name\":\"Home\",\"item\":\"https:\\\/\\\/balsamico.shop\\\/dk\\\/\"},{\"@type\":\"ListItem\",\"position\":2,\"name\":\"Balsamico Eddike Shop\",\"item\":\"https:\\\/\\\/balsamico.shop\\\/dk\\\/shop\\\/\"},{\"@type\":\"ListItem\",\"position\":3,\"name\":\"Aceto Balsamico Tradizionale di Reggio Emilia D.O.P &#8211; Argento &#8211; Picci &#8211; 18 \u00e5r\"}]},{\"@type\":\"WebSite\",\"@id\":\"https:\\\/\\\/balsamico.shop\\\/dk\\\/#website\",\"url\":\"https:\\\/\\\/balsamico.shop\\\/dk\\\/\",\"name\":\"Aceto Balsamico Shop - Danmark\",\"description\":\"Shop for balsamisk eddike fra Modena og Reggio Emilia\",\"potentialAction\":[{\"@type\":\"SearchAction\",\"target\":{\"@type\":\"EntryPoint\",\"urlTemplate\":\"https:\\\/\\\/balsamico.shop\\\/dk\\\/?s={search_term_string}\"},\"query-input\":{\"@type\":\"PropertyValueSpecification\",\"valueRequired\":true,\"valueName\":\"search_term_string\"}}],\"inLanguage\":\"da-DK\"}]}<\/script>\n<!-- \/ Yoast SEO plugin. -->","yoast_head_json":{"title":"Aceto Balsamico Tradizionale di Reggio Emilia D.O.P - Argento - Picci - 18 \u00e5r","robots":{"index":"index","follow":"follow","max-snippet":"max-snippet:-1","max-image-preview":"max-image-preview:large","max-video-preview":"max-video-preview:-1"},"canonical":"https:\/\/balsamico.shop\/dk\/produkt\/aceto-balsamico-tradizionale-di-reggio-emilia-d-o-p-argento-picci-18\/","og_locale":"da_DK","og_type":"article","og_title":"Aceto Balsamico Tradizionale di Reggio Emilia D.O.P - Argento - Picci - 18 \u00e5r","og_description":"Den s\u00f8lvfarvede (p\u00e5 italiensk &#8220;Argento&#8220;) har modnet mindst 18 \u00e5r i Acetaia Picci-fadene og er blevet dyrket med megen k\u00e6rlighed gennem \u00e5rene. Denne Aceto Balsamico lagrede 6 til 7 \u00e5r l\u00e6ngere end sin lillebror &#8220;Aragosta&#8221;. P\u00e5 grund af den l\u00e6ngere modningstid og den deraf f\u00f8lgende kraftige fordampning er koncentrationen mere tyktflydende og smagen mere intens og afbalanceret p\u00e5 samme tid. Syren er mere i baggrunden, hvilket g\u00f8r denne Aceto velegnet til f\u00f8rste eller anden ret i din menu. Vores personlige smagning viste en utrolig langvarig aroma. Allerede f\u00e5 minutter senere havde man smagen af fine druer og s\u00f8de tr\u00e6sorter i n\u00e6sen og kunne nyde den i s\u00e6rlig lang tid. Balancen mellem s\u00f8dme og syre overgik ogs\u00e5 vores forventninger. I kombination med et stykke parmesan eller en meget gammel Gouda kan balsamico&#8217;en udfolde sin fulde styrke uden at v\u00e6re p\u00e5tr\u00e6ngende. I \u00f8jeblikket er vores personlige favorit. Ingredienser: 100% kogt druemost Bem\u00e6rk: indeholder naturlige sulfitter. Producent: ACETAIA PICCI snc Via Roncaglio 29 42025 Cavriago Reggio Emilia Italien","og_url":"https:\/\/balsamico.shop\/dk\/produkt\/aceto-balsamico-tradizionale-di-reggio-emilia-d-o-p-argento-picci-18\/","og_site_name":"Aceto Balsamico Shop - Danmark","article_modified_time":"2026-02-24T21:35:11+00:00","og_image":[{"width":1600,"height":1872,"url":"https:\/\/balsamico.shop\/dk\/wp-content\/uploads\/2016\/05\/acetaia-picci-aceto-balsamico-tradizionale-argento-reggioemilia-1.jpg","type":"image\/jpeg"}],"twitter_card":"summary_large_image","twitter_misc":{"Estimeret l\u00e6setid":"1 minut"},"schema":{"@context":"https:\/\/schema.org","@graph":[{"@type":"WebPage","@id":"https:\/\/balsamico.shop\/dk\/produkt\/aceto-balsamico-tradizionale-di-reggio-emilia-d-o-p-argento-picci-18\/","url":"https:\/\/balsamico.shop\/dk\/produkt\/aceto-balsamico-tradizionale-di-reggio-emilia-d-o-p-argento-picci-18\/","name":"Aceto Balsamico Tradizionale di Reggio Emilia D.O.P - Argento - Picci - 18 \u00e5r","isPartOf":{"@id":"https:\/\/balsamico.shop\/dk\/#website"},"primaryImageOfPage":{"@id":"https:\/\/balsamico.shop\/dk\/produkt\/aceto-balsamico-tradizionale-di-reggio-emilia-d-o-p-argento-picci-18\/#primaryimage"},"image":{"@id":"https:\/\/balsamico.shop\/dk\/produkt\/aceto-balsamico-tradizionale-di-reggio-emilia-d-o-p-argento-picci-18\/#primaryimage"},"thumbnailUrl":"https:\/\/balsamico.shop\/dk\/wp-content\/uploads\/2016\/05\/acetaia-picci-aceto-balsamico-tradizionale-argento-reggioemilia-1.jpg","datePublished":"2016-05-03T20:45:03+00:00","dateModified":"2026-02-24T21:35:11+00:00","breadcrumb":{"@id":"https:\/\/balsamico.shop\/dk\/produkt\/aceto-balsamico-tradizionale-di-reggio-emilia-d-o-p-argento-picci-18\/#breadcrumb"},"inLanguage":"da-DK","potentialAction":[{"@type":"ReadAction","target":["https:\/\/balsamico.shop\/dk\/produkt\/aceto-balsamico-tradizionale-di-reggio-emilia-d-o-p-argento-picci-18\/"]}]},{"@type":"ImageObject","inLanguage":"da-DK","@id":"https:\/\/balsamico.shop\/dk\/produkt\/aceto-balsamico-tradizionale-di-reggio-emilia-d-o-p-argento-picci-18\/#primaryimage","url":"https:\/\/balsamico.shop\/dk\/wp-content\/uploads\/2016\/05\/acetaia-picci-aceto-balsamico-tradizionale-argento-reggioemilia-1.jpg","contentUrl":"https:\/\/balsamico.shop\/dk\/wp-content\/uploads\/2016\/05\/acetaia-picci-aceto-balsamico-tradizionale-argento-reggioemilia-1.jpg","width":1600,"height":1872},{"@type":"BreadcrumbList","@id":"https:\/\/balsamico.shop\/dk\/produkt\/aceto-balsamico-tradizionale-di-reggio-emilia-d-o-p-argento-picci-18\/#breadcrumb","itemListElement":[{"@type":"ListItem","position":1,"name":"Home","item":"https:\/\/balsamico.shop\/dk\/"},{"@type":"ListItem","position":2,"name":"Balsamico Eddike Shop","item":"https:\/\/balsamico.shop\/dk\/shop\/"},{"@type":"ListItem","position":3,"name":"Aceto Balsamico Tradizionale di Reggio Emilia D.O.P &#8211; Argento &#8211; Picci &#8211; 18 \u00e5r"}]},{"@type":"WebSite","@id":"https:\/\/balsamico.shop\/dk\/#website","url":"https:\/\/balsamico.shop\/dk\/","name":"Aceto Balsamico Shop - Danmark","description":"Shop for balsamisk eddike fra Modena og Reggio Emilia","potentialAction":[{"@type":"SearchAction","target":{"@type":"EntryPoint","urlTemplate":"https:\/\/balsamico.shop\/dk\/?s={search_term_string}"},"query-input":{"@type":"PropertyValueSpecification","valueRequired":true,"valueName":"search_term_string"}}],"inLanguage":"da-DK"}]}},"_links":{"self":[{"href":"https:\/\/balsamico.shop\/dk\/wp-json\/wp\/v2\/product\/1855","targetHints":{"allow":["GET"]}}],"collection":[{"href":"https:\/\/balsamico.shop\/dk\/wp-json\/wp\/v2\/product"}],"about":[{"href":"https:\/\/balsamico.shop\/dk\/wp-json\/wp\/v2\/types\/product"}],"wp:featuredmedia":[{"embeddable":true,"href":"https:\/\/balsamico.shop\/dk\/wp-json\/wp\/v2\/media\/1964"}],"wp:attachment":[{"href":"https:\/\/balsamico.shop\/dk\/wp-json\/wp\/v2\/media?parent=1855"}],"wp:term":[{"taxonomy":"product_brand","embeddable":true,"href":"https:\/\/balsamico.shop\/dk\/wp-json\/wp\/v2\/product_brand?post=1855"},{"taxonomy":"product_cat","embeddable":true,"href":"https:\/\/balsamico.shop\/dk\/wp-json\/wp\/v2\/product_cat?post=1855"},{"taxonomy":"product_tag","embeddable":true,"href":"https:\/\/balsamico.shop\/dk\/wp-json\/wp\/v2\/product_tag?post=1855"}],"curies":[{"name":"wp","href":"https:\/\/api.w.org\/{rel}","templated":true}]}}