{"id":1846,"date":"2020-06-04T08:22:22","date_gmt":"2020-06-04T06:22:22","guid":{"rendered":"https:\/\/balsamico.shop\/dk\/?post_type=product&#038;p=1846"},"modified":"2026-02-01T15:40:41","modified_gmt":"2026-02-01T14:40:41","slug":"aceto-balsamico-tradizionale-di-modena-extravecchio-malagoli","status":"publish","type":"product","link":"https:\/\/balsamico.shop\/dk\/produkt\/aceto-balsamico-tradizionale-di-modena-extravecchio-malagoli\/","title":{"rendered":"Aceto Balsamico Tradizionale di Modena &#8211; extravecchio &#8211; Malagoli"},"content":{"rendered":"<p>Denne <strong>Aceto Balsamico Tradizionale di Modena D.O.P. extravecchio<\/strong> er den st\u00f8rste skat fra Acetaia Malagoli. Malagoli-familien fremstiller deres Aceto Balsamico med stor passion. For n\u00e6sten 30 \u00e5r siden begyndte de at producere den traditionelle balsamico p\u00e5 en ejendom, der er typisk for regionen, syd\u00f8st for Modena, omgivet af vinstokke, frugttr\u00e6er og marker. Antallet af t\u00f8nder voksede med \u00e5rene og dermed ogs\u00e5 den fremragende kvalitet af den Aceto Balsamico, der produceres her. I dag er Acetaia repr\u00e6senteret af Sofia Malagoli, Malagolis \u00e6ldste datter. Ligesom sin far har Sofia ogs\u00e5 en passion for balsamico og er involveret i Consorzio Tutela Aceto Balsamico Tradizionale di Modena som repr\u00e6sentant og giver balsamisk kurser og professionelle guidede ture om emnet.<\/p>\n<p>Denne Aceto Balsamico Tradizionale di Modena D.O.P. Extravecchio har modnet i mere end 25 \u00e5r p\u00e5 tr\u00e6fade fra Acetaia Malagoli. Vi er i \u00f8jeblikket en af de meget f\u00e5 online butikker, hvor du kan k\u00f8be denne exceptionelt gode traditionelle Balsamico online.<\/p>\n<p><img loading=\"lazy\" decoding=\"async\" class=\"alignnone\" src=\"https:\/\/balsamico.shop\/de\/wp-content\/uploads\/2020\/06\/sofia-malagoli-extravecchio.jpg\" alt=\"Sofia Malagoli - Acetaia Malagoli\" width=\"561\" height=\"374\" \/><br \/>\nFoto &#8211; Sofia Malagoli &#8211; Acetaia Malagoli<\/p>\n<p>Denne batch, som er i meget begr\u00e6nset antal, blev aftappet i 2020 og leveres i en dekorativ tr\u00e6kasse af \u00e6gte italiensk grantr\u00e6 med den typiske tud. Flasken er desuden pakket i kassen af hensyn til transporten.<\/p>\n<p><strong>Ingredienser<\/strong>: 100% kogt druemost.<\/p>\n<p>Bem\u00e6rk: Kan indeholde sulfitter.<\/p>\n<p>Producent:<br \/>\nAcetaia Malagoli Daniele<br \/>\nVia Celeste 9<br \/>\n41013 Castelfranco Emilia (MO), Italien<\/p>\n","protected":false},"excerpt":{"rendered":"<p>Denne Aceto Balsamico Tradizionale di Modena D.O.P. extravecchio er den st\u00f8rste skat fra Acetaia Malagoli. Malagoli-familien fremstiller deres Aceto Balsamico med stor passion. For n\u00e6sten 30 \u00e5r siden begyndte de at producere den traditionelle balsamico p\u00e5 en ejendom, der er typisk for regionen, syd\u00f8st for Modena, omgivet af vinstokke, frugttr\u00e6er og marker. Antallet af t\u00f8nder voksede med \u00e5rene og dermed ogs\u00e5 den fremragende kvalitet af den Aceto Balsamico, der produceres her. I dag er Acetaia repr\u00e6senteret af Sofia Malagoli, Malagolis \u00e6ldste datter. Ligesom sin far har Sofia ogs\u00e5 en passion for balsamico og er involveret i Consorzio Tutela Aceto Balsamico Tradizionale di Modena som repr\u00e6sentant og giver balsamisk kurser og professionelle guidede ture om emnet. Denne Aceto Balsamico Tradizionale di Modena D.O.P. Extravecchio har modnet i mere end 25 \u00e5r p\u00e5 tr\u00e6fade fra Acetaia Malagoli. Vi er i \u00f8jeblikket en af de meget f\u00e5 online butikker, hvor du kan k\u00f8be denne exceptionelt gode traditionelle Balsamico online. Foto &#8211; Sofia Malagoli &#8211; Acetaia Malagoli Denne batch, som er i meget begr\u00e6nset antal, blev aftappet i 2020 og leveres i en dekorativ tr\u00e6kasse af \u00e6gte italiensk grantr\u00e6 med den typiske tud. Flasken er desuden pakket i kassen af hensyn til transporten. Ingredienser: 100% kogt druemost. Bem\u00e6rk: Kan indeholde sulfitter. Producent: Acetaia Malagoli Daniele Via Celeste 9 41013 Castelfranco Emilia (MO), Italien<\/p>\n","protected":false},"featured_media":1849,"template":"","meta":[],"product_brand":[],"product_cat":[66],"product_tag":[],"class_list":{"0":"post-1846","1":"product","2":"type-product","3":"status-publish","4":"has-post-thumbnail","6":"product_cat-malagoli","7":"product_shipping_class-ueber-700","9":"first","10":"instock","11":"taxable","12":"shipping-taxable","13":"purchasable","14":"product-type-simple"},"bundle_layout":"","bundled_by":[],"bundled_items":[],"yoast_head":"<!-- This site is optimized with the Yoast SEO plugin v27.5 - https:\/\/yoast.com\/product\/yoast-seo-wordpress\/ -->\n<title>Aceto Balsamico Tradizionale di Modena - extravecchio - Malagoli<\/title>\n<meta name=\"robots\" content=\"index, follow, max-snippet:-1, max-image-preview:large, max-video-preview:-1\" \/>\n<link rel=\"canonical\" href=\"https:\/\/balsamico.shop\/dk\/produkt\/aceto-balsamico-tradizionale-di-modena-extravecchio-malagoli\/\" \/>\n<meta property=\"og:locale\" content=\"da_DK\" \/>\n<meta property=\"og:type\" content=\"article\" \/>\n<meta property=\"og:title\" content=\"Aceto Balsamico Tradizionale di Modena - extravecchio - Malagoli\" \/>\n<meta property=\"og:description\" content=\"Denne Aceto Balsamico Tradizionale di Modena D.O.P. extravecchio er den st\u00f8rste skat fra Acetaia Malagoli. Malagoli-familien fremstiller deres Aceto Balsamico med stor passion. For n\u00e6sten 30 \u00e5r siden begyndte de at producere den traditionelle balsamico p\u00e5 en ejendom, der er typisk for regionen, syd\u00f8st for Modena, omgivet af vinstokke, frugttr\u00e6er og marker. Antallet af t\u00f8nder voksede med \u00e5rene og dermed ogs\u00e5 den fremragende kvalitet af den Aceto Balsamico, der produceres her. I dag er Acetaia repr\u00e6senteret af Sofia Malagoli, Malagolis \u00e6ldste datter. Ligesom sin far har Sofia ogs\u00e5 en passion for balsamico og er involveret i Consorzio Tutela Aceto Balsamico Tradizionale di Modena som repr\u00e6sentant og giver balsamisk kurser og professionelle guidede ture om emnet. Denne Aceto Balsamico Tradizionale di Modena D.O.P. Extravecchio har modnet i mere end 25 \u00e5r p\u00e5 tr\u00e6fade fra Acetaia Malagoli. Vi er i \u00f8jeblikket en af de meget f\u00e5 online butikker, hvor du kan k\u00f8be denne exceptionelt gode traditionelle Balsamico online. Foto &#8211; Sofia Malagoli &#8211; Acetaia Malagoli Denne batch, som er i meget begr\u00e6nset antal, blev aftappet i 2020 og leveres i en dekorativ tr\u00e6kasse af \u00e6gte italiensk grantr\u00e6 med den typiske tud. Flasken er desuden pakket i kassen af hensyn til transporten. Ingredienser: 100% kogt druemost. Bem\u00e6rk: Kan indeholde sulfitter. Producent: Acetaia Malagoli Daniele Via Celeste 9 41013 Castelfranco Emilia (MO), Italien\" \/>\n<meta property=\"og:url\" content=\"https:\/\/balsamico.shop\/dk\/produkt\/aceto-balsamico-tradizionale-di-modena-extravecchio-malagoli\/\" \/>\n<meta property=\"og:site_name\" content=\"Aceto Balsamico Shop - Danmark\" \/>\n<meta property=\"article:modified_time\" content=\"2026-02-01T14:40:41+00:00\" \/>\n<meta property=\"og:image\" content=\"https:\/\/balsamico.shop\/dk\/wp-content\/uploads\/2020\/06\/aceto-balsamico-tradizionale-di-modena-dop-malagoli-extravecchio_lum.jpg\" \/>\n\t<meta property=\"og:image:width\" content=\"1600\" \/>\n\t<meta property=\"og:image:height\" content=\"1872\" \/>\n\t<meta property=\"og:image:type\" content=\"image\/jpeg\" \/>\n<meta name=\"twitter:card\" content=\"summary_large_image\" \/>\n<meta name=\"twitter:label1\" content=\"Estimeret l\u00e6setid\" \/>\n\t<meta name=\"twitter:data1\" content=\"2 minutter\" \/>\n<script type=\"application\/ld+json\" class=\"yoast-schema-graph\">{\"@context\":\"https:\\\/\\\/schema.org\",\"@graph\":[{\"@type\":\"WebPage\",\"@id\":\"https:\\\/\\\/balsamico.shop\\\/dk\\\/produkt\\\/aceto-balsamico-tradizionale-di-modena-extravecchio-malagoli\\\/\",\"url\":\"https:\\\/\\\/balsamico.shop\\\/dk\\\/produkt\\\/aceto-balsamico-tradizionale-di-modena-extravecchio-malagoli\\\/\",\"name\":\"Aceto Balsamico Tradizionale di Modena - extravecchio - Malagoli\",\"isPartOf\":{\"@id\":\"https:\\\/\\\/balsamico.shop\\\/dk\\\/#website\"},\"primaryImageOfPage\":{\"@id\":\"https:\\\/\\\/balsamico.shop\\\/dk\\\/produkt\\\/aceto-balsamico-tradizionale-di-modena-extravecchio-malagoli\\\/#primaryimage\"},\"image\":{\"@id\":\"https:\\\/\\\/balsamico.shop\\\/dk\\\/produkt\\\/aceto-balsamico-tradizionale-di-modena-extravecchio-malagoli\\\/#primaryimage\"},\"thumbnailUrl\":\"https:\\\/\\\/balsamico.shop\\\/dk\\\/wp-content\\\/uploads\\\/2020\\\/06\\\/aceto-balsamico-tradizionale-di-modena-dop-malagoli-extravecchio_lum.jpg\",\"datePublished\":\"2020-06-04T06:22:22+00:00\",\"dateModified\":\"2026-02-01T14:40:41+00:00\",\"breadcrumb\":{\"@id\":\"https:\\\/\\\/balsamico.shop\\\/dk\\\/produkt\\\/aceto-balsamico-tradizionale-di-modena-extravecchio-malagoli\\\/#breadcrumb\"},\"inLanguage\":\"da-DK\",\"potentialAction\":[{\"@type\":\"ReadAction\",\"target\":[\"https:\\\/\\\/balsamico.shop\\\/dk\\\/produkt\\\/aceto-balsamico-tradizionale-di-modena-extravecchio-malagoli\\\/\"]}]},{\"@type\":\"ImageObject\",\"inLanguage\":\"da-DK\",\"@id\":\"https:\\\/\\\/balsamico.shop\\\/dk\\\/produkt\\\/aceto-balsamico-tradizionale-di-modena-extravecchio-malagoli\\\/#primaryimage\",\"url\":\"https:\\\/\\\/balsamico.shop\\\/dk\\\/wp-content\\\/uploads\\\/2020\\\/06\\\/aceto-balsamico-tradizionale-di-modena-dop-malagoli-extravecchio_lum.jpg\",\"contentUrl\":\"https:\\\/\\\/balsamico.shop\\\/dk\\\/wp-content\\\/uploads\\\/2020\\\/06\\\/aceto-balsamico-tradizionale-di-modena-dop-malagoli-extravecchio_lum.jpg\",\"width\":1600,\"height\":1872,\"caption\":\"Aceto Balsamico Tradizionale di Modena DOP Malagoli Extravecchio\"},{\"@type\":\"BreadcrumbList\",\"@id\":\"https:\\\/\\\/balsamico.shop\\\/dk\\\/produkt\\\/aceto-balsamico-tradizionale-di-modena-extravecchio-malagoli\\\/#breadcrumb\",\"itemListElement\":[{\"@type\":\"ListItem\",\"position\":1,\"name\":\"Home\",\"item\":\"https:\\\/\\\/balsamico.shop\\\/dk\\\/\"},{\"@type\":\"ListItem\",\"position\":2,\"name\":\"Balsamico Eddike Shop\",\"item\":\"https:\\\/\\\/balsamico.shop\\\/dk\\\/shop\\\/\"},{\"@type\":\"ListItem\",\"position\":3,\"name\":\"Aceto Balsamico Tradizionale di Modena &#8211; extravecchio &#8211; Malagoli\"}]},{\"@type\":\"WebSite\",\"@id\":\"https:\\\/\\\/balsamico.shop\\\/dk\\\/#website\",\"url\":\"https:\\\/\\\/balsamico.shop\\\/dk\\\/\",\"name\":\"Aceto Balsamico Shop - Danmark\",\"description\":\"Shop for balsamisk eddike fra Modena og Reggio Emilia\",\"potentialAction\":[{\"@type\":\"SearchAction\",\"target\":{\"@type\":\"EntryPoint\",\"urlTemplate\":\"https:\\\/\\\/balsamico.shop\\\/dk\\\/?s={search_term_string}\"},\"query-input\":{\"@type\":\"PropertyValueSpecification\",\"valueRequired\":true,\"valueName\":\"search_term_string\"}}],\"inLanguage\":\"da-DK\"}]}<\/script>\n<!-- \/ Yoast SEO plugin. -->","yoast_head_json":{"title":"Aceto Balsamico Tradizionale di Modena - extravecchio - Malagoli","robots":{"index":"index","follow":"follow","max-snippet":"max-snippet:-1","max-image-preview":"max-image-preview:large","max-video-preview":"max-video-preview:-1"},"canonical":"https:\/\/balsamico.shop\/dk\/produkt\/aceto-balsamico-tradizionale-di-modena-extravecchio-malagoli\/","og_locale":"da_DK","og_type":"article","og_title":"Aceto Balsamico Tradizionale di Modena - extravecchio - Malagoli","og_description":"Denne Aceto Balsamico Tradizionale di Modena D.O.P. extravecchio er den st\u00f8rste skat fra Acetaia Malagoli. Malagoli-familien fremstiller deres Aceto Balsamico med stor passion. For n\u00e6sten 30 \u00e5r siden begyndte de at producere den traditionelle balsamico p\u00e5 en ejendom, der er typisk for regionen, syd\u00f8st for Modena, omgivet af vinstokke, frugttr\u00e6er og marker. Antallet af t\u00f8nder voksede med \u00e5rene og dermed ogs\u00e5 den fremragende kvalitet af den Aceto Balsamico, der produceres her. I dag er Acetaia repr\u00e6senteret af Sofia Malagoli, Malagolis \u00e6ldste datter. Ligesom sin far har Sofia ogs\u00e5 en passion for balsamico og er involveret i Consorzio Tutela Aceto Balsamico Tradizionale di Modena som repr\u00e6sentant og giver balsamisk kurser og professionelle guidede ture om emnet. Denne Aceto Balsamico Tradizionale di Modena D.O.P. Extravecchio har modnet i mere end 25 \u00e5r p\u00e5 tr\u00e6fade fra Acetaia Malagoli. Vi er i \u00f8jeblikket en af de meget f\u00e5 online butikker, hvor du kan k\u00f8be denne exceptionelt gode traditionelle Balsamico online. Foto &#8211; Sofia Malagoli &#8211; Acetaia Malagoli Denne batch, som er i meget begr\u00e6nset antal, blev aftappet i 2020 og leveres i en dekorativ tr\u00e6kasse af \u00e6gte italiensk grantr\u00e6 med den typiske tud. Flasken er desuden pakket i kassen af hensyn til transporten. Ingredienser: 100% kogt druemost. Bem\u00e6rk: Kan indeholde sulfitter. Producent: Acetaia Malagoli Daniele Via Celeste 9 41013 Castelfranco Emilia (MO), Italien","og_url":"https:\/\/balsamico.shop\/dk\/produkt\/aceto-balsamico-tradizionale-di-modena-extravecchio-malagoli\/","og_site_name":"Aceto Balsamico Shop - Danmark","article_modified_time":"2026-02-01T14:40:41+00:00","og_image":[{"width":1600,"height":1872,"url":"https:\/\/balsamico.shop\/dk\/wp-content\/uploads\/2020\/06\/aceto-balsamico-tradizionale-di-modena-dop-malagoli-extravecchio_lum.jpg","type":"image\/jpeg"}],"twitter_card":"summary_large_image","twitter_misc":{"Estimeret l\u00e6setid":"2 minutter"},"schema":{"@context":"https:\/\/schema.org","@graph":[{"@type":"WebPage","@id":"https:\/\/balsamico.shop\/dk\/produkt\/aceto-balsamico-tradizionale-di-modena-extravecchio-malagoli\/","url":"https:\/\/balsamico.shop\/dk\/produkt\/aceto-balsamico-tradizionale-di-modena-extravecchio-malagoli\/","name":"Aceto Balsamico Tradizionale di Modena - extravecchio - Malagoli","isPartOf":{"@id":"https:\/\/balsamico.shop\/dk\/#website"},"primaryImageOfPage":{"@id":"https:\/\/balsamico.shop\/dk\/produkt\/aceto-balsamico-tradizionale-di-modena-extravecchio-malagoli\/#primaryimage"},"image":{"@id":"https:\/\/balsamico.shop\/dk\/produkt\/aceto-balsamico-tradizionale-di-modena-extravecchio-malagoli\/#primaryimage"},"thumbnailUrl":"https:\/\/balsamico.shop\/dk\/wp-content\/uploads\/2020\/06\/aceto-balsamico-tradizionale-di-modena-dop-malagoli-extravecchio_lum.jpg","datePublished":"2020-06-04T06:22:22+00:00","dateModified":"2026-02-01T14:40:41+00:00","breadcrumb":{"@id":"https:\/\/balsamico.shop\/dk\/produkt\/aceto-balsamico-tradizionale-di-modena-extravecchio-malagoli\/#breadcrumb"},"inLanguage":"da-DK","potentialAction":[{"@type":"ReadAction","target":["https:\/\/balsamico.shop\/dk\/produkt\/aceto-balsamico-tradizionale-di-modena-extravecchio-malagoli\/"]}]},{"@type":"ImageObject","inLanguage":"da-DK","@id":"https:\/\/balsamico.shop\/dk\/produkt\/aceto-balsamico-tradizionale-di-modena-extravecchio-malagoli\/#primaryimage","url":"https:\/\/balsamico.shop\/dk\/wp-content\/uploads\/2020\/06\/aceto-balsamico-tradizionale-di-modena-dop-malagoli-extravecchio_lum.jpg","contentUrl":"https:\/\/balsamico.shop\/dk\/wp-content\/uploads\/2020\/06\/aceto-balsamico-tradizionale-di-modena-dop-malagoli-extravecchio_lum.jpg","width":1600,"height":1872,"caption":"Aceto Balsamico Tradizionale di Modena DOP Malagoli Extravecchio"},{"@type":"BreadcrumbList","@id":"https:\/\/balsamico.shop\/dk\/produkt\/aceto-balsamico-tradizionale-di-modena-extravecchio-malagoli\/#breadcrumb","itemListElement":[{"@type":"ListItem","position":1,"name":"Home","item":"https:\/\/balsamico.shop\/dk\/"},{"@type":"ListItem","position":2,"name":"Balsamico Eddike Shop","item":"https:\/\/balsamico.shop\/dk\/shop\/"},{"@type":"ListItem","position":3,"name":"Aceto Balsamico Tradizionale di Modena &#8211; extravecchio &#8211; Malagoli"}]},{"@type":"WebSite","@id":"https:\/\/balsamico.shop\/dk\/#website","url":"https:\/\/balsamico.shop\/dk\/","name":"Aceto Balsamico Shop - Danmark","description":"Shop for balsamisk eddike fra Modena og Reggio Emilia","potentialAction":[{"@type":"SearchAction","target":{"@type":"EntryPoint","urlTemplate":"https:\/\/balsamico.shop\/dk\/?s={search_term_string}"},"query-input":{"@type":"PropertyValueSpecification","valueRequired":true,"valueName":"search_term_string"}}],"inLanguage":"da-DK"}]}},"_links":{"self":[{"href":"https:\/\/balsamico.shop\/dk\/wp-json\/wp\/v2\/product\/1846","targetHints":{"allow":["GET"]}}],"collection":[{"href":"https:\/\/balsamico.shop\/dk\/wp-json\/wp\/v2\/product"}],"about":[{"href":"https:\/\/balsamico.shop\/dk\/wp-json\/wp\/v2\/types\/product"}],"wp:featuredmedia":[{"embeddable":true,"href":"https:\/\/balsamico.shop\/dk\/wp-json\/wp\/v2\/media\/1849"}],"wp:attachment":[{"href":"https:\/\/balsamico.shop\/dk\/wp-json\/wp\/v2\/media?parent=1846"}],"wp:term":[{"taxonomy":"product_brand","embeddable":true,"href":"https:\/\/balsamico.shop\/dk\/wp-json\/wp\/v2\/product_brand?post=1846"},{"taxonomy":"product_cat","embeddable":true,"href":"https:\/\/balsamico.shop\/dk\/wp-json\/wp\/v2\/product_cat?post=1846"},{"taxonomy":"product_tag","embeddable":true,"href":"https:\/\/balsamico.shop\/dk\/wp-json\/wp\/v2\/product_tag?post=1846"}],"curies":[{"name":"wp","href":"https:\/\/api.w.org\/{rel}","templated":true}]}}