{"id":1839,"date":"2016-10-02T17:40:28","date_gmt":"2016-10-02T15:40:28","guid":{"rendered":"https:\/\/balsamico.shop\/dk\/?post_type=product&#038;p=1839"},"modified":"2026-01-29T19:15:39","modified_gmt":"2026-01-29T18:15:39","slug":"balsamico-tradizionale-juniper-12-aar-pedroni","status":"publish","type":"product","link":"https:\/\/balsamico.shop\/dk\/produkt\/balsamico-tradizionale-juniper-12-aar-pedroni\/","title":{"rendered":"Aceto Balsamico Tradizionale Juniper &#8211; 12 \u00e5r &#8211; Pedroni"},"content":{"rendered":"<p>Hvis du er p\u00e5 udkig efter en helt speciel <strong>Aceto Balsamico Tradizionale<\/strong>, har du fundet dit m\u00e5l med dette produkt. Fra den traditionelle Pedroni ving\u00e5rd i Rubbiara, n\u00e6r Modena, kommer denne krydrede og unikke Aceto Balsamico Tradizionale. De s\u00f8de Trebbiano-druer fra den historiske ving\u00e5rd, som allerede dengang tilh\u00f8rte den adelige familie Alfonso I d&#8217;Este, danner grundlaget for denne Aceto Balsamico. Denne balsamico er speciel og umiskendelig, fordi den opn\u00e5r sin endelige modning i de s\u00e6rligt krydrede <strong>eneb\u00e6rfade<\/strong>. Eneb\u00e6rt\u00f8nder er meget sj\u00e6ldne, fordi denne type tr\u00e6 nu er beskyttet, og der m\u00e5 ikke fremstilles nye t\u00f8nder af dette tr\u00e6. Acetaia Pedroni ejer stadig nogle historiske t\u00f8nder af denne type tr\u00e6 og kan derfor tilbyde dig en Aceto Balsamico Tradizionale di Modena DOP Juniper. Enhver, der har smagt en krydret Tradizionale, vil ikke undv\u00e6re den igen, is\u00e6r ikke p\u00e5 et \u00e6delt stykke k\u00f8d. Flasken b\u00e6rer navnet UMBERTO.<\/p>\n<p>Navnet stammer fra Italo Pedronis fars onkel. Han forsynede ham med eneb\u00e6rfade.<\/p>\n<p>De, der allerede har nydt en &#8220;normal&#8221; ABTM, vil opdage en ny verden af smag med denne balsamico. Uomiskendelig og kun meget sj\u00e6ldent tilg\u00e6ngelig p\u00e5 balsamico markedet! Benyt denne enest\u00e5ende mulighed og tag denne fantastiske Aceto Balsamico med hjem til Belgien.<\/p>\n<p><strong>Ingredienser<\/strong>: 100 % druemost fra druesorten Trebbiano di Spagna.<\/p>\n<p>Bem\u00e6rk: Kan indeholde naturlige sulfitter.<\/p>\n<p>Producent:<br \/>\nAz. Agr. Pedroni<br \/>\nVia Risaia, 6<br \/>\nRubbiara di Nonantola<br \/>\n41015 Modena<br \/>\nItalien<\/p>\n","protected":false},"excerpt":{"rendered":"<p>Hvis du er p\u00e5 udkig efter en helt speciel Aceto Balsamico Tradizionale, har du fundet dit m\u00e5l med dette produkt. Fra den traditionelle Pedroni ving\u00e5rd i Rubbiara, n\u00e6r Modena, kommer denne krydrede og unikke Aceto Balsamico Tradizionale. De s\u00f8de Trebbiano-druer fra den historiske ving\u00e5rd, som allerede dengang tilh\u00f8rte den adelige familie Alfonso I d&#8217;Este, danner grundlaget for denne Aceto Balsamico. Denne balsamico er speciel og umiskendelig, fordi den opn\u00e5r sin endelige modning i de s\u00e6rligt krydrede eneb\u00e6rfade. Eneb\u00e6rt\u00f8nder er meget sj\u00e6ldne, fordi denne type tr\u00e6 nu er beskyttet, og der m\u00e5 ikke fremstilles nye t\u00f8nder af dette tr\u00e6. Acetaia Pedroni ejer stadig nogle historiske t\u00f8nder af denne type tr\u00e6 og kan derfor tilbyde dig en Aceto Balsamico Tradizionale di Modena DOP Juniper. Enhver, der har smagt en krydret Tradizionale, vil ikke undv\u00e6re den igen, is\u00e6r ikke p\u00e5 et \u00e6delt stykke k\u00f8d. Flasken b\u00e6rer navnet UMBERTO. Navnet stammer fra Italo Pedronis fars onkel. Han forsynede ham med eneb\u00e6rfade. De, der allerede har nydt en &#8220;normal&#8221; ABTM, vil opdage en ny verden af smag med denne balsamico. Uomiskendelig og kun meget sj\u00e6ldent tilg\u00e6ngelig p\u00e5 balsamico markedet! Benyt denne enest\u00e5ende mulighed og tag denne fantastiske Aceto Balsamico med hjem til Belgien. Ingredienser: 100 % druemost fra druesorten Trebbiano di Spagna. Bem\u00e6rk: Kan indeholde naturlige sulfitter. Producent: Az. Agr. Pedroni Via Risaia, 6 Rubbiara di Nonantola 41015 Modena Italien<\/p>\n","protected":false},"featured_media":1974,"template":"","meta":[],"product_brand":[],"product_cat":[32],"product_tag":[],"class_list":{"0":"post-1839","1":"product","2":"type-product","3":"status-publish","4":"has-post-thumbnail","6":"product_cat-pedroni","7":"product_shipping_class-ueber-700","9":"first","10":"instock","11":"taxable","12":"shipping-taxable","13":"purchasable","14":"product-type-simple"},"bundle_layout":"","bundled_by":[],"bundled_items":[],"yoast_head":"<!-- This site is optimized with the Yoast SEO plugin v27.4 - https:\/\/yoast.com\/product\/yoast-seo-wordpress\/ -->\n<title>Aceto Balsamico Tradizionale Juniper - 12 \u00e5r - Pedroni<\/title>\n<meta name=\"robots\" content=\"index, follow, max-snippet:-1, max-image-preview:large, max-video-preview:-1\" \/>\n<link rel=\"canonical\" href=\"https:\/\/balsamico.shop\/dk\/produkt\/balsamico-tradizionale-juniper-12-aar-pedroni\/\" \/>\n<meta property=\"og:locale\" content=\"da_DK\" \/>\n<meta property=\"og:type\" content=\"article\" \/>\n<meta property=\"og:title\" content=\"Aceto Balsamico Tradizionale Juniper - 12 \u00e5r - Pedroni\" \/>\n<meta property=\"og:description\" content=\"Hvis du er p\u00e5 udkig efter en helt speciel Aceto Balsamico Tradizionale, har du fundet dit m\u00e5l med dette produkt. Fra den traditionelle Pedroni ving\u00e5rd i Rubbiara, n\u00e6r Modena, kommer denne krydrede og unikke Aceto Balsamico Tradizionale. De s\u00f8de Trebbiano-druer fra den historiske ving\u00e5rd, som allerede dengang tilh\u00f8rte den adelige familie Alfonso I d&#8217;Este, danner grundlaget for denne Aceto Balsamico. Denne balsamico er speciel og umiskendelig, fordi den opn\u00e5r sin endelige modning i de s\u00e6rligt krydrede eneb\u00e6rfade. Eneb\u00e6rt\u00f8nder er meget sj\u00e6ldne, fordi denne type tr\u00e6 nu er beskyttet, og der m\u00e5 ikke fremstilles nye t\u00f8nder af dette tr\u00e6. Acetaia Pedroni ejer stadig nogle historiske t\u00f8nder af denne type tr\u00e6 og kan derfor tilbyde dig en Aceto Balsamico Tradizionale di Modena DOP Juniper. Enhver, der har smagt en krydret Tradizionale, vil ikke undv\u00e6re den igen, is\u00e6r ikke p\u00e5 et \u00e6delt stykke k\u00f8d. Flasken b\u00e6rer navnet UMBERTO. Navnet stammer fra Italo Pedronis fars onkel. Han forsynede ham med eneb\u00e6rfade. De, der allerede har nydt en &#8220;normal&#8221; ABTM, vil opdage en ny verden af smag med denne balsamico. Uomiskendelig og kun meget sj\u00e6ldent tilg\u00e6ngelig p\u00e5 balsamico markedet! Benyt denne enest\u00e5ende mulighed og tag denne fantastiske Aceto Balsamico med hjem til Belgien. Ingredienser: 100 % druemost fra druesorten Trebbiano di Spagna. Bem\u00e6rk: Kan indeholde naturlige sulfitter. Producent: Az. Agr. Pedroni Via Risaia, 6 Rubbiara di Nonantola 41015 Modena Italien\" \/>\n<meta property=\"og:url\" content=\"https:\/\/balsamico.shop\/dk\/produkt\/balsamico-tradizionale-juniper-12-aar-pedroni\/\" \/>\n<meta property=\"og:site_name\" content=\"Aceto Balsamico Shop - Danmark\" \/>\n<meta property=\"article:modified_time\" content=\"2026-01-29T18:15:39+00:00\" \/>\n<meta property=\"og:image\" content=\"https:\/\/balsamico.shop\/dk\/wp-content\/uploads\/2016\/10\/pedroni-aceto-balsamico-tradizionale-umberto.jpg\" \/>\n\t<meta property=\"og:image:width\" content=\"1600\" \/>\n\t<meta property=\"og:image:height\" content=\"1872\" \/>\n\t<meta property=\"og:image:type\" content=\"image\/jpeg\" \/>\n<meta name=\"twitter:card\" content=\"summary_large_image\" \/>\n<meta name=\"twitter:label1\" content=\"Estimeret l\u00e6setid\" \/>\n\t<meta name=\"twitter:data1\" content=\"2 minutter\" \/>\n<script type=\"application\/ld+json\" class=\"yoast-schema-graph\">{\"@context\":\"https:\\\/\\\/schema.org\",\"@graph\":[{\"@type\":\"WebPage\",\"@id\":\"https:\\\/\\\/balsamico.shop\\\/dk\\\/produkt\\\/balsamico-tradizionale-juniper-12-aar-pedroni\\\/\",\"url\":\"https:\\\/\\\/balsamico.shop\\\/dk\\\/produkt\\\/balsamico-tradizionale-juniper-12-aar-pedroni\\\/\",\"name\":\"Aceto Balsamico Tradizionale Juniper - 12 \u00e5r - Pedroni\",\"isPartOf\":{\"@id\":\"https:\\\/\\\/balsamico.shop\\\/dk\\\/#website\"},\"primaryImageOfPage\":{\"@id\":\"https:\\\/\\\/balsamico.shop\\\/dk\\\/produkt\\\/balsamico-tradizionale-juniper-12-aar-pedroni\\\/#primaryimage\"},\"image\":{\"@id\":\"https:\\\/\\\/balsamico.shop\\\/dk\\\/produkt\\\/balsamico-tradizionale-juniper-12-aar-pedroni\\\/#primaryimage\"},\"thumbnailUrl\":\"https:\\\/\\\/balsamico.shop\\\/dk\\\/wp-content\\\/uploads\\\/2016\\\/10\\\/pedroni-aceto-balsamico-tradizionale-umberto.jpg\",\"datePublished\":\"2016-10-02T15:40:28+00:00\",\"dateModified\":\"2026-01-29T18:15:39+00:00\",\"breadcrumb\":{\"@id\":\"https:\\\/\\\/balsamico.shop\\\/dk\\\/produkt\\\/balsamico-tradizionale-juniper-12-aar-pedroni\\\/#breadcrumb\"},\"inLanguage\":\"da-DK\",\"potentialAction\":[{\"@type\":\"ReadAction\",\"target\":[\"https:\\\/\\\/balsamico.shop\\\/dk\\\/produkt\\\/balsamico-tradizionale-juniper-12-aar-pedroni\\\/\"]}]},{\"@type\":\"ImageObject\",\"inLanguage\":\"da-DK\",\"@id\":\"https:\\\/\\\/balsamico.shop\\\/dk\\\/produkt\\\/balsamico-tradizionale-juniper-12-aar-pedroni\\\/#primaryimage\",\"url\":\"https:\\\/\\\/balsamico.shop\\\/dk\\\/wp-content\\\/uploads\\\/2016\\\/10\\\/pedroni-aceto-balsamico-tradizionale-umberto.jpg\",\"contentUrl\":\"https:\\\/\\\/balsamico.shop\\\/dk\\\/wp-content\\\/uploads\\\/2016\\\/10\\\/pedroni-aceto-balsamico-tradizionale-umberto.jpg\",\"width\":1600,\"height\":1872},{\"@type\":\"BreadcrumbList\",\"@id\":\"https:\\\/\\\/balsamico.shop\\\/dk\\\/produkt\\\/balsamico-tradizionale-juniper-12-aar-pedroni\\\/#breadcrumb\",\"itemListElement\":[{\"@type\":\"ListItem\",\"position\":1,\"name\":\"Home\",\"item\":\"https:\\\/\\\/balsamico.shop\\\/dk\\\/\"},{\"@type\":\"ListItem\",\"position\":2,\"name\":\"Balsamico Eddike Shop\",\"item\":\"https:\\\/\\\/balsamico.shop\\\/dk\\\/shop\\\/\"},{\"@type\":\"ListItem\",\"position\":3,\"name\":\"Aceto Balsamico Tradizionale Juniper &#8211; 12 \u00e5r &#8211; Pedroni\"}]},{\"@type\":\"WebSite\",\"@id\":\"https:\\\/\\\/balsamico.shop\\\/dk\\\/#website\",\"url\":\"https:\\\/\\\/balsamico.shop\\\/dk\\\/\",\"name\":\"Aceto Balsamico Shop - Danmark\",\"description\":\"Shop for balsamisk eddike fra Modena og Reggio Emilia\",\"potentialAction\":[{\"@type\":\"SearchAction\",\"target\":{\"@type\":\"EntryPoint\",\"urlTemplate\":\"https:\\\/\\\/balsamico.shop\\\/dk\\\/?s={search_term_string}\"},\"query-input\":{\"@type\":\"PropertyValueSpecification\",\"valueRequired\":true,\"valueName\":\"search_term_string\"}}],\"inLanguage\":\"da-DK\"}]}<\/script>\n<!-- \/ Yoast SEO plugin. -->","yoast_head_json":{"title":"Aceto Balsamico Tradizionale Juniper - 12 \u00e5r - Pedroni","robots":{"index":"index","follow":"follow","max-snippet":"max-snippet:-1","max-image-preview":"max-image-preview:large","max-video-preview":"max-video-preview:-1"},"canonical":"https:\/\/balsamico.shop\/dk\/produkt\/balsamico-tradizionale-juniper-12-aar-pedroni\/","og_locale":"da_DK","og_type":"article","og_title":"Aceto Balsamico Tradizionale Juniper - 12 \u00e5r - Pedroni","og_description":"Hvis du er p\u00e5 udkig efter en helt speciel Aceto Balsamico Tradizionale, har du fundet dit m\u00e5l med dette produkt. Fra den traditionelle Pedroni ving\u00e5rd i Rubbiara, n\u00e6r Modena, kommer denne krydrede og unikke Aceto Balsamico Tradizionale. De s\u00f8de Trebbiano-druer fra den historiske ving\u00e5rd, som allerede dengang tilh\u00f8rte den adelige familie Alfonso I d&#8217;Este, danner grundlaget for denne Aceto Balsamico. Denne balsamico er speciel og umiskendelig, fordi den opn\u00e5r sin endelige modning i de s\u00e6rligt krydrede eneb\u00e6rfade. Eneb\u00e6rt\u00f8nder er meget sj\u00e6ldne, fordi denne type tr\u00e6 nu er beskyttet, og der m\u00e5 ikke fremstilles nye t\u00f8nder af dette tr\u00e6. Acetaia Pedroni ejer stadig nogle historiske t\u00f8nder af denne type tr\u00e6 og kan derfor tilbyde dig en Aceto Balsamico Tradizionale di Modena DOP Juniper. Enhver, der har smagt en krydret Tradizionale, vil ikke undv\u00e6re den igen, is\u00e6r ikke p\u00e5 et \u00e6delt stykke k\u00f8d. Flasken b\u00e6rer navnet UMBERTO. Navnet stammer fra Italo Pedronis fars onkel. Han forsynede ham med eneb\u00e6rfade. De, der allerede har nydt en &#8220;normal&#8221; ABTM, vil opdage en ny verden af smag med denne balsamico. Uomiskendelig og kun meget sj\u00e6ldent tilg\u00e6ngelig p\u00e5 balsamico markedet! Benyt denne enest\u00e5ende mulighed og tag denne fantastiske Aceto Balsamico med hjem til Belgien. Ingredienser: 100 % druemost fra druesorten Trebbiano di Spagna. Bem\u00e6rk: Kan indeholde naturlige sulfitter. Producent: Az. Agr. Pedroni Via Risaia, 6 Rubbiara di Nonantola 41015 Modena Italien","og_url":"https:\/\/balsamico.shop\/dk\/produkt\/balsamico-tradizionale-juniper-12-aar-pedroni\/","og_site_name":"Aceto Balsamico Shop - Danmark","article_modified_time":"2026-01-29T18:15:39+00:00","og_image":[{"width":1600,"height":1872,"url":"https:\/\/balsamico.shop\/dk\/wp-content\/uploads\/2016\/10\/pedroni-aceto-balsamico-tradizionale-umberto.jpg","type":"image\/jpeg"}],"twitter_card":"summary_large_image","twitter_misc":{"Estimeret l\u00e6setid":"2 minutter"},"schema":{"@context":"https:\/\/schema.org","@graph":[{"@type":"WebPage","@id":"https:\/\/balsamico.shop\/dk\/produkt\/balsamico-tradizionale-juniper-12-aar-pedroni\/","url":"https:\/\/balsamico.shop\/dk\/produkt\/balsamico-tradizionale-juniper-12-aar-pedroni\/","name":"Aceto Balsamico Tradizionale Juniper - 12 \u00e5r - Pedroni","isPartOf":{"@id":"https:\/\/balsamico.shop\/dk\/#website"},"primaryImageOfPage":{"@id":"https:\/\/balsamico.shop\/dk\/produkt\/balsamico-tradizionale-juniper-12-aar-pedroni\/#primaryimage"},"image":{"@id":"https:\/\/balsamico.shop\/dk\/produkt\/balsamico-tradizionale-juniper-12-aar-pedroni\/#primaryimage"},"thumbnailUrl":"https:\/\/balsamico.shop\/dk\/wp-content\/uploads\/2016\/10\/pedroni-aceto-balsamico-tradizionale-umberto.jpg","datePublished":"2016-10-02T15:40:28+00:00","dateModified":"2026-01-29T18:15:39+00:00","breadcrumb":{"@id":"https:\/\/balsamico.shop\/dk\/produkt\/balsamico-tradizionale-juniper-12-aar-pedroni\/#breadcrumb"},"inLanguage":"da-DK","potentialAction":[{"@type":"ReadAction","target":["https:\/\/balsamico.shop\/dk\/produkt\/balsamico-tradizionale-juniper-12-aar-pedroni\/"]}]},{"@type":"ImageObject","inLanguage":"da-DK","@id":"https:\/\/balsamico.shop\/dk\/produkt\/balsamico-tradizionale-juniper-12-aar-pedroni\/#primaryimage","url":"https:\/\/balsamico.shop\/dk\/wp-content\/uploads\/2016\/10\/pedroni-aceto-balsamico-tradizionale-umberto.jpg","contentUrl":"https:\/\/balsamico.shop\/dk\/wp-content\/uploads\/2016\/10\/pedroni-aceto-balsamico-tradizionale-umberto.jpg","width":1600,"height":1872},{"@type":"BreadcrumbList","@id":"https:\/\/balsamico.shop\/dk\/produkt\/balsamico-tradizionale-juniper-12-aar-pedroni\/#breadcrumb","itemListElement":[{"@type":"ListItem","position":1,"name":"Home","item":"https:\/\/balsamico.shop\/dk\/"},{"@type":"ListItem","position":2,"name":"Balsamico Eddike Shop","item":"https:\/\/balsamico.shop\/dk\/shop\/"},{"@type":"ListItem","position":3,"name":"Aceto Balsamico Tradizionale Juniper &#8211; 12 \u00e5r &#8211; Pedroni"}]},{"@type":"WebSite","@id":"https:\/\/balsamico.shop\/dk\/#website","url":"https:\/\/balsamico.shop\/dk\/","name":"Aceto Balsamico Shop - Danmark","description":"Shop for balsamisk eddike fra Modena og Reggio Emilia","potentialAction":[{"@type":"SearchAction","target":{"@type":"EntryPoint","urlTemplate":"https:\/\/balsamico.shop\/dk\/?s={search_term_string}"},"query-input":{"@type":"PropertyValueSpecification","valueRequired":true,"valueName":"search_term_string"}}],"inLanguage":"da-DK"}]}},"_links":{"self":[{"href":"https:\/\/balsamico.shop\/dk\/wp-json\/wp\/v2\/product\/1839","targetHints":{"allow":["GET"]}}],"collection":[{"href":"https:\/\/balsamico.shop\/dk\/wp-json\/wp\/v2\/product"}],"about":[{"href":"https:\/\/balsamico.shop\/dk\/wp-json\/wp\/v2\/types\/product"}],"wp:featuredmedia":[{"embeddable":true,"href":"https:\/\/balsamico.shop\/dk\/wp-json\/wp\/v2\/media\/1974"}],"wp:attachment":[{"href":"https:\/\/balsamico.shop\/dk\/wp-json\/wp\/v2\/media?parent=1839"}],"wp:term":[{"taxonomy":"product_brand","embeddable":true,"href":"https:\/\/balsamico.shop\/dk\/wp-json\/wp\/v2\/product_brand?post=1839"},{"taxonomy":"product_cat","embeddable":true,"href":"https:\/\/balsamico.shop\/dk\/wp-json\/wp\/v2\/product_cat?post=1839"},{"taxonomy":"product_tag","embeddable":true,"href":"https:\/\/balsamico.shop\/dk\/wp-json\/wp\/v2\/product_tag?post=1839"}],"curies":[{"name":"wp","href":"https:\/\/api.w.org\/{rel}","templated":true}]}}