{"id":1824,"date":"2016-10-01T21:29:19","date_gmt":"2016-10-01T19:29:19","guid":{"rendered":"https:\/\/balsamico.shop\/dk\/?post_type=product&#038;p=1824"},"modified":"2026-04-10T17:54:35","modified_gmt":"2026-04-10T15:54:35","slug":"aceto-balsamico-tradizionale-di-modena-pedroni-italo","status":"publish","type":"product","link":"https:\/\/balsamico.shop\/dk\/produkt\/aceto-balsamico-tradizionale-di-modena-pedroni-italo\/","title":{"rendered":"Pedroni Italo &#8211; Traditionel balsamicoeddike &#8211;  ABTM 12 \u00e5r"},"content":{"rendered":"<p>Aceto Balsamico Italo er en klassiker fra det mange gange kronede Pedroni-vinhus. Pedroni&#8217;erne opkalder altid deres traditionelle balsamicoeddikesovs efter vigtige familiemedlemmer, som i dette tilf\u00e6lde. Italo Pedroni er far til Giuseppe III, der er den nuv\u00e6rende leder af Acetaia Pedroni i Rubbiara. Kun 5 km i luftlinje fra Modena centrum ejer og dyrker Pedronis en vinmark ved navn Rubbiara di Nonantola. Den gamle druesort &#8220;<strong>Trebbiano di Spagna<\/strong>&#8221; vokser p\u00e5 denne historiske ving\u00e5rd. Denne druesort blev allerede brugt p\u00e5 Francesco I d&#8217;Este&#8217;s tid og blev reddet fra krigen. Denne druesort danner grundlaget for denne umiskendelige Aceto Balsamico Tradizionale di Modena. Pedronis har arbejdet p\u00e5 dette sted siden 1862 og er kendetegnet ved gamle t\u00f8nder og en utrolig stor erfaring i produktion af balsamico. En traditionel balsamicoeddike, som ikke b\u00f8r mangle i ethvert delikatessek\u00f8kken!<\/p>\n<p>Ingredienser: 100% druemost<\/p>\n<p>Bem\u00e6rk: Kan indeholde naturlige sulfitter.<\/p>\n<p>Producent:<br \/>\nAz. Agr. Pedroni<br \/>\nVia Risaia, 6<br \/>\nRubbiara di Nonantola<br \/>\n41015 Modena<br \/>\nItalien<\/p>\n","protected":false},"excerpt":{"rendered":"<p>Aceto Balsamico Italo er en klassiker fra det mange gange kronede Pedroni-vinhus. Pedroni&#8217;erne opkalder altid deres traditionelle balsamicoeddikesovs efter vigtige familiemedlemmer, som i dette tilf\u00e6lde. Italo Pedroni er far til Giuseppe III, der er den nuv\u00e6rende leder af Acetaia Pedroni i Rubbiara. Kun 5 km i luftlinje fra Modena centrum ejer og dyrker Pedronis en vinmark ved navn Rubbiara di Nonantola. Den gamle druesort &#8220;Trebbiano di Spagna&#8221; vokser p\u00e5 denne historiske ving\u00e5rd. Denne druesort blev allerede brugt p\u00e5 Francesco I d&#8217;Este&#8217;s tid og blev reddet fra krigen. Denne druesort danner grundlaget for denne umiskendelige Aceto Balsamico Tradizionale di Modena. Pedronis har arbejdet p\u00e5 dette sted siden 1862 og er kendetegnet ved gamle t\u00f8nder og en utrolig stor erfaring i produktion af balsamico. En traditionel balsamicoeddike, som ikke b\u00f8r mangle i ethvert delikatessek\u00f8kken! Ingredienser: 100% druemost Bem\u00e6rk: Kan indeholde naturlige sulfitter. Producent: Az. Agr. Pedroni Via Risaia, 6 Rubbiara di Nonantola 41015 Modena Italien<\/p>\n","protected":false},"featured_media":1965,"template":"","meta":[],"product_brand":[],"product_cat":[32],"product_tag":[],"class_list":{"0":"post-1824","1":"product","2":"type-product","3":"status-publish","4":"has-post-thumbnail","6":"product_cat-pedroni","7":"product_shipping_class-balsamico","9":"first","10":"instock","11":"taxable","12":"shipping-taxable","13":"purchasable","14":"product-type-simple"},"bundle_layout":"","bundled_by":[],"bundled_items":[],"yoast_head":"<!-- This site is optimized with the Yoast SEO plugin v27.4 - https:\/\/yoast.com\/product\/yoast-seo-wordpress\/ -->\n<title>Pedroni Italo - Traditionel balsamicoeddike - ABTM 12 \u00e5r<\/title>\n<meta name=\"robots\" content=\"index, follow, max-snippet:-1, max-image-preview:large, max-video-preview:-1\" \/>\n<link rel=\"canonical\" href=\"https:\/\/balsamico.shop\/dk\/produkt\/aceto-balsamico-tradizionale-di-modena-pedroni-italo\/\" \/>\n<meta property=\"og:locale\" content=\"da_DK\" \/>\n<meta property=\"og:type\" content=\"article\" \/>\n<meta property=\"og:title\" content=\"Pedroni Italo - Traditionel balsamicoeddike - ABTM 12 \u00e5r\" \/>\n<meta property=\"og:description\" content=\"Aceto Balsamico Italo er en klassiker fra det mange gange kronede Pedroni-vinhus. Pedroni&#8217;erne opkalder altid deres traditionelle balsamicoeddikesovs efter vigtige familiemedlemmer, som i dette tilf\u00e6lde. Italo Pedroni er far til Giuseppe III, der er den nuv\u00e6rende leder af Acetaia Pedroni i Rubbiara. Kun 5 km i luftlinje fra Modena centrum ejer og dyrker Pedronis en vinmark ved navn Rubbiara di Nonantola. Den gamle druesort &#8220;Trebbiano di Spagna&#8221; vokser p\u00e5 denne historiske ving\u00e5rd. Denne druesort blev allerede brugt p\u00e5 Francesco I d&#8217;Este&#8217;s tid og blev reddet fra krigen. Denne druesort danner grundlaget for denne umiskendelige Aceto Balsamico Tradizionale di Modena. Pedronis har arbejdet p\u00e5 dette sted siden 1862 og er kendetegnet ved gamle t\u00f8nder og en utrolig stor erfaring i produktion af balsamico. En traditionel balsamicoeddike, som ikke b\u00f8r mangle i ethvert delikatessek\u00f8kken! Ingredienser: 100% druemost Bem\u00e6rk: Kan indeholde naturlige sulfitter. Producent: Az. Agr. Pedroni Via Risaia, 6 Rubbiara di Nonantola 41015 Modena Italien\" \/>\n<meta property=\"og:url\" content=\"https:\/\/balsamico.shop\/dk\/produkt\/aceto-balsamico-tradizionale-di-modena-pedroni-italo\/\" \/>\n<meta property=\"og:site_name\" content=\"Aceto Balsamico Shop - Danmark\" \/>\n<meta property=\"article:modified_time\" content=\"2026-04-10T15:54:35+00:00\" \/>\n<meta property=\"og:image\" content=\"https:\/\/balsamico.shop\/dk\/wp-content\/uploads\/2016\/10\/aceto-balsamico-tradizionale-affinato-pedroni-italo-1.jpg\" \/>\n\t<meta property=\"og:image:width\" content=\"1600\" \/>\n\t<meta property=\"og:image:height\" content=\"1872\" \/>\n\t<meta property=\"og:image:type\" content=\"image\/jpeg\" \/>\n<meta name=\"twitter:card\" content=\"summary_large_image\" \/>\n<meta name=\"twitter:label1\" content=\"Estimeret l\u00e6setid\" \/>\n\t<meta name=\"twitter:data1\" content=\"1 minut\" \/>\n<script type=\"application\/ld+json\" class=\"yoast-schema-graph\">{\"@context\":\"https:\\\/\\\/schema.org\",\"@graph\":[{\"@type\":\"WebPage\",\"@id\":\"https:\\\/\\\/balsamico.shop\\\/dk\\\/produkt\\\/aceto-balsamico-tradizionale-di-modena-pedroni-italo\\\/\",\"url\":\"https:\\\/\\\/balsamico.shop\\\/dk\\\/produkt\\\/aceto-balsamico-tradizionale-di-modena-pedroni-italo\\\/\",\"name\":\"Pedroni Italo - Traditionel balsamicoeddike - ABTM 12 \u00e5r\",\"isPartOf\":{\"@id\":\"https:\\\/\\\/balsamico.shop\\\/dk\\\/#website\"},\"primaryImageOfPage\":{\"@id\":\"https:\\\/\\\/balsamico.shop\\\/dk\\\/produkt\\\/aceto-balsamico-tradizionale-di-modena-pedroni-italo\\\/#primaryimage\"},\"image\":{\"@id\":\"https:\\\/\\\/balsamico.shop\\\/dk\\\/produkt\\\/aceto-balsamico-tradizionale-di-modena-pedroni-italo\\\/#primaryimage\"},\"thumbnailUrl\":\"https:\\\/\\\/balsamico.shop\\\/dk\\\/wp-content\\\/uploads\\\/2016\\\/10\\\/aceto-balsamico-tradizionale-affinato-pedroni-italo-1.jpg\",\"datePublished\":\"2016-10-01T19:29:19+00:00\",\"dateModified\":\"2026-04-10T15:54:35+00:00\",\"breadcrumb\":{\"@id\":\"https:\\\/\\\/balsamico.shop\\\/dk\\\/produkt\\\/aceto-balsamico-tradizionale-di-modena-pedroni-italo\\\/#breadcrumb\"},\"inLanguage\":\"da-DK\",\"potentialAction\":[{\"@type\":\"ReadAction\",\"target\":[\"https:\\\/\\\/balsamico.shop\\\/dk\\\/produkt\\\/aceto-balsamico-tradizionale-di-modena-pedroni-italo\\\/\"]}]},{\"@type\":\"ImageObject\",\"inLanguage\":\"da-DK\",\"@id\":\"https:\\\/\\\/balsamico.shop\\\/dk\\\/produkt\\\/aceto-balsamico-tradizionale-di-modena-pedroni-italo\\\/#primaryimage\",\"url\":\"https:\\\/\\\/balsamico.shop\\\/dk\\\/wp-content\\\/uploads\\\/2016\\\/10\\\/aceto-balsamico-tradizionale-affinato-pedroni-italo-1.jpg\",\"contentUrl\":\"https:\\\/\\\/balsamico.shop\\\/dk\\\/wp-content\\\/uploads\\\/2016\\\/10\\\/aceto-balsamico-tradizionale-affinato-pedroni-italo-1.jpg\",\"width\":1600,\"height\":1872},{\"@type\":\"BreadcrumbList\",\"@id\":\"https:\\\/\\\/balsamico.shop\\\/dk\\\/produkt\\\/aceto-balsamico-tradizionale-di-modena-pedroni-italo\\\/#breadcrumb\",\"itemListElement\":[{\"@type\":\"ListItem\",\"position\":1,\"name\":\"Home\",\"item\":\"https:\\\/\\\/balsamico.shop\\\/dk\\\/\"},{\"@type\":\"ListItem\",\"position\":2,\"name\":\"Balsamico Eddike Shop\",\"item\":\"https:\\\/\\\/balsamico.shop\\\/dk\\\/shop\\\/\"},{\"@type\":\"ListItem\",\"position\":3,\"name\":\"Pedroni Italo &#8211; Traditionel balsamicoeddike &#8211; ABTM 12 \u00e5r\"}]},{\"@type\":\"WebSite\",\"@id\":\"https:\\\/\\\/balsamico.shop\\\/dk\\\/#website\",\"url\":\"https:\\\/\\\/balsamico.shop\\\/dk\\\/\",\"name\":\"Aceto Balsamico Shop - Danmark\",\"description\":\"Shop for balsamisk eddike fra Modena og Reggio Emilia\",\"potentialAction\":[{\"@type\":\"SearchAction\",\"target\":{\"@type\":\"EntryPoint\",\"urlTemplate\":\"https:\\\/\\\/balsamico.shop\\\/dk\\\/?s={search_term_string}\"},\"query-input\":{\"@type\":\"PropertyValueSpecification\",\"valueRequired\":true,\"valueName\":\"search_term_string\"}}],\"inLanguage\":\"da-DK\"}]}<\/script>\n<!-- \/ Yoast SEO plugin. -->","yoast_head_json":{"title":"Pedroni Italo - Traditionel balsamicoeddike - ABTM 12 \u00e5r","robots":{"index":"index","follow":"follow","max-snippet":"max-snippet:-1","max-image-preview":"max-image-preview:large","max-video-preview":"max-video-preview:-1"},"canonical":"https:\/\/balsamico.shop\/dk\/produkt\/aceto-balsamico-tradizionale-di-modena-pedroni-italo\/","og_locale":"da_DK","og_type":"article","og_title":"Pedroni Italo - Traditionel balsamicoeddike - ABTM 12 \u00e5r","og_description":"Aceto Balsamico Italo er en klassiker fra det mange gange kronede Pedroni-vinhus. Pedroni&#8217;erne opkalder altid deres traditionelle balsamicoeddikesovs efter vigtige familiemedlemmer, som i dette tilf\u00e6lde. Italo Pedroni er far til Giuseppe III, der er den nuv\u00e6rende leder af Acetaia Pedroni i Rubbiara. Kun 5 km i luftlinje fra Modena centrum ejer og dyrker Pedronis en vinmark ved navn Rubbiara di Nonantola. Den gamle druesort &#8220;Trebbiano di Spagna&#8221; vokser p\u00e5 denne historiske ving\u00e5rd. Denne druesort blev allerede brugt p\u00e5 Francesco I d&#8217;Este&#8217;s tid og blev reddet fra krigen. Denne druesort danner grundlaget for denne umiskendelige Aceto Balsamico Tradizionale di Modena. Pedronis har arbejdet p\u00e5 dette sted siden 1862 og er kendetegnet ved gamle t\u00f8nder og en utrolig stor erfaring i produktion af balsamico. En traditionel balsamicoeddike, som ikke b\u00f8r mangle i ethvert delikatessek\u00f8kken! Ingredienser: 100% druemost Bem\u00e6rk: Kan indeholde naturlige sulfitter. Producent: Az. Agr. Pedroni Via Risaia, 6 Rubbiara di Nonantola 41015 Modena Italien","og_url":"https:\/\/balsamico.shop\/dk\/produkt\/aceto-balsamico-tradizionale-di-modena-pedroni-italo\/","og_site_name":"Aceto Balsamico Shop - Danmark","article_modified_time":"2026-04-10T15:54:35+00:00","og_image":[{"width":1600,"height":1872,"url":"https:\/\/balsamico.shop\/dk\/wp-content\/uploads\/2016\/10\/aceto-balsamico-tradizionale-affinato-pedroni-italo-1.jpg","type":"image\/jpeg"}],"twitter_card":"summary_large_image","twitter_misc":{"Estimeret l\u00e6setid":"1 minut"},"schema":{"@context":"https:\/\/schema.org","@graph":[{"@type":"WebPage","@id":"https:\/\/balsamico.shop\/dk\/produkt\/aceto-balsamico-tradizionale-di-modena-pedroni-italo\/","url":"https:\/\/balsamico.shop\/dk\/produkt\/aceto-balsamico-tradizionale-di-modena-pedroni-italo\/","name":"Pedroni Italo - Traditionel balsamicoeddike - ABTM 12 \u00e5r","isPartOf":{"@id":"https:\/\/balsamico.shop\/dk\/#website"},"primaryImageOfPage":{"@id":"https:\/\/balsamico.shop\/dk\/produkt\/aceto-balsamico-tradizionale-di-modena-pedroni-italo\/#primaryimage"},"image":{"@id":"https:\/\/balsamico.shop\/dk\/produkt\/aceto-balsamico-tradizionale-di-modena-pedroni-italo\/#primaryimage"},"thumbnailUrl":"https:\/\/balsamico.shop\/dk\/wp-content\/uploads\/2016\/10\/aceto-balsamico-tradizionale-affinato-pedroni-italo-1.jpg","datePublished":"2016-10-01T19:29:19+00:00","dateModified":"2026-04-10T15:54:35+00:00","breadcrumb":{"@id":"https:\/\/balsamico.shop\/dk\/produkt\/aceto-balsamico-tradizionale-di-modena-pedroni-italo\/#breadcrumb"},"inLanguage":"da-DK","potentialAction":[{"@type":"ReadAction","target":["https:\/\/balsamico.shop\/dk\/produkt\/aceto-balsamico-tradizionale-di-modena-pedroni-italo\/"]}]},{"@type":"ImageObject","inLanguage":"da-DK","@id":"https:\/\/balsamico.shop\/dk\/produkt\/aceto-balsamico-tradizionale-di-modena-pedroni-italo\/#primaryimage","url":"https:\/\/balsamico.shop\/dk\/wp-content\/uploads\/2016\/10\/aceto-balsamico-tradizionale-affinato-pedroni-italo-1.jpg","contentUrl":"https:\/\/balsamico.shop\/dk\/wp-content\/uploads\/2016\/10\/aceto-balsamico-tradizionale-affinato-pedroni-italo-1.jpg","width":1600,"height":1872},{"@type":"BreadcrumbList","@id":"https:\/\/balsamico.shop\/dk\/produkt\/aceto-balsamico-tradizionale-di-modena-pedroni-italo\/#breadcrumb","itemListElement":[{"@type":"ListItem","position":1,"name":"Home","item":"https:\/\/balsamico.shop\/dk\/"},{"@type":"ListItem","position":2,"name":"Balsamico Eddike Shop","item":"https:\/\/balsamico.shop\/dk\/shop\/"},{"@type":"ListItem","position":3,"name":"Pedroni Italo &#8211; Traditionel balsamicoeddike &#8211; ABTM 12 \u00e5r"}]},{"@type":"WebSite","@id":"https:\/\/balsamico.shop\/dk\/#website","url":"https:\/\/balsamico.shop\/dk\/","name":"Aceto Balsamico Shop - Danmark","description":"Shop for balsamisk eddike fra Modena og Reggio Emilia","potentialAction":[{"@type":"SearchAction","target":{"@type":"EntryPoint","urlTemplate":"https:\/\/balsamico.shop\/dk\/?s={search_term_string}"},"query-input":{"@type":"PropertyValueSpecification","valueRequired":true,"valueName":"search_term_string"}}],"inLanguage":"da-DK"}]}},"_links":{"self":[{"href":"https:\/\/balsamico.shop\/dk\/wp-json\/wp\/v2\/product\/1824","targetHints":{"allow":["GET"]}}],"collection":[{"href":"https:\/\/balsamico.shop\/dk\/wp-json\/wp\/v2\/product"}],"about":[{"href":"https:\/\/balsamico.shop\/dk\/wp-json\/wp\/v2\/types\/product"}],"wp:featuredmedia":[{"embeddable":true,"href":"https:\/\/balsamico.shop\/dk\/wp-json\/wp\/v2\/media\/1965"}],"wp:attachment":[{"href":"https:\/\/balsamico.shop\/dk\/wp-json\/wp\/v2\/media?parent=1824"}],"wp:term":[{"taxonomy":"product_brand","embeddable":true,"href":"https:\/\/balsamico.shop\/dk\/wp-json\/wp\/v2\/product_brand?post=1824"},{"taxonomy":"product_cat","embeddable":true,"href":"https:\/\/balsamico.shop\/dk\/wp-json\/wp\/v2\/product_cat?post=1824"},{"taxonomy":"product_tag","embeddable":true,"href":"https:\/\/balsamico.shop\/dk\/wp-json\/wp\/v2\/product_tag?post=1824"}],"curies":[{"name":"wp","href":"https:\/\/api.w.org\/{rel}","templated":true}]}}