{"id":1797,"date":"2018-07-07T19:07:33","date_gmt":"2018-07-07T17:07:33","guid":{"rendered":"https:\/\/balsamico.shop\/dk\/?post_type=product&#038;p=1797"},"modified":"2026-04-13T20:05:12","modified_gmt":"2026-04-13T18:05:12","slug":"bernardo-tesori-gold-aceto-balsamico-tradizionale-di-modena-dop-extravecchio","status":"publish","type":"product","link":"https:\/\/balsamico.shop\/dk\/produkt\/bernardo-tesori-gold-aceto-balsamico-tradizionale-di-modena-dop-extravecchio\/","title":{"rendered":"Bernardo Tesori &#8211; Gold &#8211; Aceto Balsamico Tradizionale di Modena extravecchio D.O.P."},"content":{"rendered":"<p>Vores specialudgave Bernardo Tesori Gold er en <strong>Aceto Balsamico Tradizionale di Modena extravecchio D.O.P.<\/strong> i en klasse for sig selv. Hos Bernardo Tesori smager vi p\u00e5 utallige traditionelle balsamicoeddikesovre, og kun meget f\u00e5 af dem n\u00e5r frem til vores butik. Vores gyldne serie kroner dette udvalg og hylder en s\u00e6rlig aftapning, som har overbevist os med sin konsistens, aroma og intense smag. Vi deler resultatet af dette unikke udvalg med dig og s\u00e6lger ogs\u00e5 en meget begr\u00e6nset del af denne serie her i butikken.<\/p>\n<p><img decoding=\"async\" class=\"alignleft\" src=\"https:\/\/balsamico.shop\/de\/wp-content\/uploads\/2018\/07\/acetaia.jpg\" \/>Om den gyldne serie af Bernardo Tesori: Denne balsamico af h\u00f8j kvalitet er modnet i over 25 \u00e5r p\u00e5 fem forskellige tr\u00e6fade (eg, kastanje, ask, kirseb\u00e6r og eneb\u00e6r). Vinmarkerne til denne balsamico ligger ca. 15 km nord for Modena centrum. Druesorterne Trebbiano og Lambrusco er blevet anvendt i denne balsamico.<img decoding=\"async\" class=\"alignright\" src=\"https:\/\/balsamico.shop\/de\/wp-content\/uploads\/2018\/07\/zeit-ist-geld.jpg\" \/><\/p>\n<p>Vores smagning viste, at denne balsamico har den rette harmoni mellem syrlighed, intensitet og s\u00f8dme. Balancen og de typiske smagsnuancer fra regionen og druesorten samt de gamle fadbatterier overbeviste os. Med en Brix-v\u00e6rdi p\u00e5 over 70 point giver denne Aceto Balsamico Tradizionale D.O.P. den n\u00f8dvendige s\u00f8dme fra en ekstra gammel balsamico. De 4 % syre er perfekt integreret. Det er s\u00e5dan en <strong>Tradizionale Extravecchio<\/strong> skal smage!<\/p>\n<p>Vi leverer vores gyldne serie i den originale flaske og en b\u00e6redygtig gave\u00e6ske i tr\u00e6 <strong>med en original glaskork<\/strong>.<\/p>\n<p>&nbsp;<\/p>\n<p>Ingredienser: 100% kogt druemost. Kan indeholde naturlige sulfitter.<\/p>\n<p>Distribut\u00f8r: Bernardo Tesori &#8211; et m\u00e6rke af Acoonia GmbH. Brabandtstra\u00dfe 8, 38100 Braunschweig, Tyskland<\/p>\n<p>Ansvarlig producent: ACETOMODENA &#8211; Borelle 120 &#8211; 41126 Modena (MO), Italien<\/p>\n","protected":false},"excerpt":{"rendered":"<p>Vores specialudgave Bernardo Tesori Gold er en Aceto Balsamico Tradizionale di Modena extravecchio D.O.P. i en klasse for sig selv. Hos Bernardo Tesori smager vi p\u00e5 utallige traditionelle balsamicoeddikesovre, og kun meget f\u00e5 af dem n\u00e5r frem til vores butik. Vores gyldne serie kroner dette udvalg og hylder en s\u00e6rlig aftapning, som har overbevist os med sin konsistens, aroma og intense smag. Vi deler resultatet af dette unikke udvalg med dig og s\u00e6lger ogs\u00e5 en meget begr\u00e6nset del af denne serie her i butikken. Om den gyldne serie af Bernardo Tesori: Denne balsamico af h\u00f8j kvalitet er modnet i over 25 \u00e5r p\u00e5 fem forskellige tr\u00e6fade (eg, kastanje, ask, kirseb\u00e6r og eneb\u00e6r). Vinmarkerne til denne balsamico ligger ca. 15 km nord for Modena centrum. Druesorterne Trebbiano og Lambrusco er blevet anvendt i denne balsamico. Vores smagning viste, at denne balsamico har den rette harmoni mellem syrlighed, intensitet og s\u00f8dme. Balancen og de typiske smagsnuancer fra regionen og druesorten samt de gamle fadbatterier overbeviste os. Med en Brix-v\u00e6rdi p\u00e5 over 70 point giver denne Aceto Balsamico Tradizionale D.O.P. den n\u00f8dvendige s\u00f8dme fra en ekstra gammel balsamico. De 4 % syre er perfekt integreret. Det er s\u00e5dan en Tradizionale Extravecchio skal smage! Vi leverer vores gyldne serie i den originale flaske og en b\u00e6redygtig gave\u00e6ske i tr\u00e6 med en original glaskork. &nbsp; Ingredienser: 100% kogt druemost. Kan indeholde naturlige sulfitter. Distribut\u00f8r: Bernardo Tesori &#8211; et m\u00e6rke af Acoonia GmbH. Brabandtstra\u00dfe 8, 38100 Braunschweig, Tyskland Ansvarlig producent: ACETOMODENA &#8211; Borelle 120 &#8211; 41126 Modena (MO), Italien<\/p>\n","protected":false},"featured_media":1800,"template":"","meta":[],"product_brand":[],"product_cat":[53],"product_tag":[],"class_list":{"0":"post-1797","1":"product","2":"type-product","3":"status-publish","4":"has-post-thumbnail","6":"product_cat-bernardo-tesori","7":"product_shipping_class-ueber-700","9":"first","10":"instock","11":"taxable","12":"shipping-taxable","13":"purchasable","14":"product-type-simple"},"bundle_layout":"","bundled_by":[],"bundled_items":[],"yoast_head":"<!-- This site is optimized with the Yoast SEO plugin v27.4 - https:\/\/yoast.com\/product\/yoast-seo-wordpress\/ -->\n<title>Bernardo Tesori - Gold - Aceto Balsamico Tradizionale di Modena extravecchio D.O.P.<\/title>\n<meta name=\"robots\" content=\"index, follow, max-snippet:-1, max-image-preview:large, max-video-preview:-1\" \/>\n<link rel=\"canonical\" href=\"https:\/\/balsamico.shop\/dk\/produkt\/bernardo-tesori-gold-aceto-balsamico-tradizionale-di-modena-dop-extravecchio\/\" \/>\n<meta property=\"og:locale\" content=\"da_DK\" \/>\n<meta property=\"og:type\" content=\"article\" \/>\n<meta property=\"og:title\" content=\"Bernardo Tesori - Gold - Aceto Balsamico Tradizionale di Modena extravecchio D.O.P.\" \/>\n<meta property=\"og:description\" content=\"Vores specialudgave Bernardo Tesori Gold er en Aceto Balsamico Tradizionale di Modena extravecchio D.O.P. i en klasse for sig selv. Hos Bernardo Tesori smager vi p\u00e5 utallige traditionelle balsamicoeddikesovre, og kun meget f\u00e5 af dem n\u00e5r frem til vores butik. Vores gyldne serie kroner dette udvalg og hylder en s\u00e6rlig aftapning, som har overbevist os med sin konsistens, aroma og intense smag. Vi deler resultatet af dette unikke udvalg med dig og s\u00e6lger ogs\u00e5 en meget begr\u00e6nset del af denne serie her i butikken. Om den gyldne serie af Bernardo Tesori: Denne balsamico af h\u00f8j kvalitet er modnet i over 25 \u00e5r p\u00e5 fem forskellige tr\u00e6fade (eg, kastanje, ask, kirseb\u00e6r og eneb\u00e6r). Vinmarkerne til denne balsamico ligger ca. 15 km nord for Modena centrum. Druesorterne Trebbiano og Lambrusco er blevet anvendt i denne balsamico. Vores smagning viste, at denne balsamico har den rette harmoni mellem syrlighed, intensitet og s\u00f8dme. Balancen og de typiske smagsnuancer fra regionen og druesorten samt de gamle fadbatterier overbeviste os. Med en Brix-v\u00e6rdi p\u00e5 over 70 point giver denne Aceto Balsamico Tradizionale D.O.P. den n\u00f8dvendige s\u00f8dme fra en ekstra gammel balsamico. De 4 % syre er perfekt integreret. Det er s\u00e5dan en Tradizionale Extravecchio skal smage! Vi leverer vores gyldne serie i den originale flaske og en b\u00e6redygtig gave\u00e6ske i tr\u00e6 med en original glaskork. &nbsp; Ingredienser: 100% kogt druemost. Kan indeholde naturlige sulfitter. Distribut\u00f8r: Bernardo Tesori &#8211; et m\u00e6rke af Acoonia GmbH. Brabandtstra\u00dfe 8, 38100 Braunschweig, Tyskland Ansvarlig producent: ACETOMODENA &#8211; Borelle 120 &#8211; 41126 Modena (MO), Italien\" \/>\n<meta property=\"og:url\" content=\"https:\/\/balsamico.shop\/dk\/produkt\/bernardo-tesori-gold-aceto-balsamico-tradizionale-di-modena-dop-extravecchio\/\" \/>\n<meta property=\"og:site_name\" content=\"Aceto Balsamico Shop - Danmark\" \/>\n<meta property=\"article:modified_time\" content=\"2026-04-13T18:05:12+00:00\" \/>\n<meta property=\"og:image\" content=\"https:\/\/balsamico.shop\/dk\/wp-content\/uploads\/2018\/07\/bernardo-tesori-aceto-balsamico-tradizionale-di-modena-gold.jpg\" \/>\n\t<meta property=\"og:image:width\" content=\"400\" \/>\n\t<meta property=\"og:image:height\" content=\"520\" \/>\n\t<meta property=\"og:image:type\" content=\"image\/jpeg\" \/>\n<meta name=\"twitter:card\" content=\"summary_large_image\" \/>\n<meta name=\"twitter:label1\" content=\"Estimeret l\u00e6setid\" \/>\n\t<meta name=\"twitter:data1\" content=\"2 minutter\" \/>\n<script type=\"application\/ld+json\" class=\"yoast-schema-graph\">{\"@context\":\"https:\\\/\\\/schema.org\",\"@graph\":[{\"@type\":\"WebPage\",\"@id\":\"https:\\\/\\\/balsamico.shop\\\/dk\\\/produkt\\\/bernardo-tesori-gold-aceto-balsamico-tradizionale-di-modena-dop-extravecchio\\\/\",\"url\":\"https:\\\/\\\/balsamico.shop\\\/dk\\\/produkt\\\/bernardo-tesori-gold-aceto-balsamico-tradizionale-di-modena-dop-extravecchio\\\/\",\"name\":\"Bernardo Tesori - Gold - Aceto Balsamico Tradizionale di Modena extravecchio D.O.P.\",\"isPartOf\":{\"@id\":\"https:\\\/\\\/balsamico.shop\\\/dk\\\/#website\"},\"primaryImageOfPage\":{\"@id\":\"https:\\\/\\\/balsamico.shop\\\/dk\\\/produkt\\\/bernardo-tesori-gold-aceto-balsamico-tradizionale-di-modena-dop-extravecchio\\\/#primaryimage\"},\"image\":{\"@id\":\"https:\\\/\\\/balsamico.shop\\\/dk\\\/produkt\\\/bernardo-tesori-gold-aceto-balsamico-tradizionale-di-modena-dop-extravecchio\\\/#primaryimage\"},\"thumbnailUrl\":\"https:\\\/\\\/balsamico.shop\\\/dk\\\/wp-content\\\/uploads\\\/2018\\\/07\\\/bernardo-tesori-aceto-balsamico-tradizionale-di-modena-gold.jpg\",\"datePublished\":\"2018-07-07T17:07:33+00:00\",\"dateModified\":\"2026-04-13T18:05:12+00:00\",\"breadcrumb\":{\"@id\":\"https:\\\/\\\/balsamico.shop\\\/dk\\\/produkt\\\/bernardo-tesori-gold-aceto-balsamico-tradizionale-di-modena-dop-extravecchio\\\/#breadcrumb\"},\"inLanguage\":\"da-DK\",\"potentialAction\":[{\"@type\":\"ReadAction\",\"target\":[\"https:\\\/\\\/balsamico.shop\\\/dk\\\/produkt\\\/bernardo-tesori-gold-aceto-balsamico-tradizionale-di-modena-dop-extravecchio\\\/\"]}]},{\"@type\":\"ImageObject\",\"inLanguage\":\"da-DK\",\"@id\":\"https:\\\/\\\/balsamico.shop\\\/dk\\\/produkt\\\/bernardo-tesori-gold-aceto-balsamico-tradizionale-di-modena-dop-extravecchio\\\/#primaryimage\",\"url\":\"https:\\\/\\\/balsamico.shop\\\/dk\\\/wp-content\\\/uploads\\\/2018\\\/07\\\/bernardo-tesori-aceto-balsamico-tradizionale-di-modena-gold.jpg\",\"contentUrl\":\"https:\\\/\\\/balsamico.shop\\\/dk\\\/wp-content\\\/uploads\\\/2018\\\/07\\\/bernardo-tesori-aceto-balsamico-tradizionale-di-modena-gold.jpg\",\"width\":400,\"height\":520,\"caption\":\"Bernardo Tesori Aceto Balsamico Tradizionale di Modena DOP extravecchio - Gold\"},{\"@type\":\"BreadcrumbList\",\"@id\":\"https:\\\/\\\/balsamico.shop\\\/dk\\\/produkt\\\/bernardo-tesori-gold-aceto-balsamico-tradizionale-di-modena-dop-extravecchio\\\/#breadcrumb\",\"itemListElement\":[{\"@type\":\"ListItem\",\"position\":1,\"name\":\"Home\",\"item\":\"https:\\\/\\\/balsamico.shop\\\/dk\\\/\"},{\"@type\":\"ListItem\",\"position\":2,\"name\":\"Balsamico Eddike Shop\",\"item\":\"https:\\\/\\\/balsamico.shop\\\/dk\\\/shop\\\/\"},{\"@type\":\"ListItem\",\"position\":3,\"name\":\"Bernardo Tesori &#8211; Gold &#8211; Aceto Balsamico Tradizionale di Modena extravecchio D.O.P.\"}]},{\"@type\":\"WebSite\",\"@id\":\"https:\\\/\\\/balsamico.shop\\\/dk\\\/#website\",\"url\":\"https:\\\/\\\/balsamico.shop\\\/dk\\\/\",\"name\":\"Aceto Balsamico Shop - Danmark\",\"description\":\"Shop for balsamisk eddike fra Modena og Reggio Emilia\",\"potentialAction\":[{\"@type\":\"SearchAction\",\"target\":{\"@type\":\"EntryPoint\",\"urlTemplate\":\"https:\\\/\\\/balsamico.shop\\\/dk\\\/?s={search_term_string}\"},\"query-input\":{\"@type\":\"PropertyValueSpecification\",\"valueRequired\":true,\"valueName\":\"search_term_string\"}}],\"inLanguage\":\"da-DK\"}]}<\/script>\n<!-- \/ Yoast SEO plugin. -->","yoast_head_json":{"title":"Bernardo Tesori - Gold - Aceto Balsamico Tradizionale di Modena extravecchio D.O.P.","robots":{"index":"index","follow":"follow","max-snippet":"max-snippet:-1","max-image-preview":"max-image-preview:large","max-video-preview":"max-video-preview:-1"},"canonical":"https:\/\/balsamico.shop\/dk\/produkt\/bernardo-tesori-gold-aceto-balsamico-tradizionale-di-modena-dop-extravecchio\/","og_locale":"da_DK","og_type":"article","og_title":"Bernardo Tesori - Gold - Aceto Balsamico Tradizionale di Modena extravecchio D.O.P.","og_description":"Vores specialudgave Bernardo Tesori Gold er en Aceto Balsamico Tradizionale di Modena extravecchio D.O.P. i en klasse for sig selv. Hos Bernardo Tesori smager vi p\u00e5 utallige traditionelle balsamicoeddikesovre, og kun meget f\u00e5 af dem n\u00e5r frem til vores butik. Vores gyldne serie kroner dette udvalg og hylder en s\u00e6rlig aftapning, som har overbevist os med sin konsistens, aroma og intense smag. Vi deler resultatet af dette unikke udvalg med dig og s\u00e6lger ogs\u00e5 en meget begr\u00e6nset del af denne serie her i butikken. Om den gyldne serie af Bernardo Tesori: Denne balsamico af h\u00f8j kvalitet er modnet i over 25 \u00e5r p\u00e5 fem forskellige tr\u00e6fade (eg, kastanje, ask, kirseb\u00e6r og eneb\u00e6r). Vinmarkerne til denne balsamico ligger ca. 15 km nord for Modena centrum. Druesorterne Trebbiano og Lambrusco er blevet anvendt i denne balsamico. Vores smagning viste, at denne balsamico har den rette harmoni mellem syrlighed, intensitet og s\u00f8dme. Balancen og de typiske smagsnuancer fra regionen og druesorten samt de gamle fadbatterier overbeviste os. Med en Brix-v\u00e6rdi p\u00e5 over 70 point giver denne Aceto Balsamico Tradizionale D.O.P. den n\u00f8dvendige s\u00f8dme fra en ekstra gammel balsamico. De 4 % syre er perfekt integreret. Det er s\u00e5dan en Tradizionale Extravecchio skal smage! Vi leverer vores gyldne serie i den originale flaske og en b\u00e6redygtig gave\u00e6ske i tr\u00e6 med en original glaskork. &nbsp; Ingredienser: 100% kogt druemost. Kan indeholde naturlige sulfitter. Distribut\u00f8r: Bernardo Tesori &#8211; et m\u00e6rke af Acoonia GmbH. Brabandtstra\u00dfe 8, 38100 Braunschweig, Tyskland Ansvarlig producent: ACETOMODENA &#8211; Borelle 120 &#8211; 41126 Modena (MO), Italien","og_url":"https:\/\/balsamico.shop\/dk\/produkt\/bernardo-tesori-gold-aceto-balsamico-tradizionale-di-modena-dop-extravecchio\/","og_site_name":"Aceto Balsamico Shop - Danmark","article_modified_time":"2026-04-13T18:05:12+00:00","og_image":[{"width":400,"height":520,"url":"https:\/\/balsamico.shop\/dk\/wp-content\/uploads\/2018\/07\/bernardo-tesori-aceto-balsamico-tradizionale-di-modena-gold.jpg","type":"image\/jpeg"}],"twitter_card":"summary_large_image","twitter_misc":{"Estimeret l\u00e6setid":"2 minutter"},"schema":{"@context":"https:\/\/schema.org","@graph":[{"@type":"WebPage","@id":"https:\/\/balsamico.shop\/dk\/produkt\/bernardo-tesori-gold-aceto-balsamico-tradizionale-di-modena-dop-extravecchio\/","url":"https:\/\/balsamico.shop\/dk\/produkt\/bernardo-tesori-gold-aceto-balsamico-tradizionale-di-modena-dop-extravecchio\/","name":"Bernardo Tesori - Gold - Aceto Balsamico Tradizionale di Modena extravecchio D.O.P.","isPartOf":{"@id":"https:\/\/balsamico.shop\/dk\/#website"},"primaryImageOfPage":{"@id":"https:\/\/balsamico.shop\/dk\/produkt\/bernardo-tesori-gold-aceto-balsamico-tradizionale-di-modena-dop-extravecchio\/#primaryimage"},"image":{"@id":"https:\/\/balsamico.shop\/dk\/produkt\/bernardo-tesori-gold-aceto-balsamico-tradizionale-di-modena-dop-extravecchio\/#primaryimage"},"thumbnailUrl":"https:\/\/balsamico.shop\/dk\/wp-content\/uploads\/2018\/07\/bernardo-tesori-aceto-balsamico-tradizionale-di-modena-gold.jpg","datePublished":"2018-07-07T17:07:33+00:00","dateModified":"2026-04-13T18:05:12+00:00","breadcrumb":{"@id":"https:\/\/balsamico.shop\/dk\/produkt\/bernardo-tesori-gold-aceto-balsamico-tradizionale-di-modena-dop-extravecchio\/#breadcrumb"},"inLanguage":"da-DK","potentialAction":[{"@type":"ReadAction","target":["https:\/\/balsamico.shop\/dk\/produkt\/bernardo-tesori-gold-aceto-balsamico-tradizionale-di-modena-dop-extravecchio\/"]}]},{"@type":"ImageObject","inLanguage":"da-DK","@id":"https:\/\/balsamico.shop\/dk\/produkt\/bernardo-tesori-gold-aceto-balsamico-tradizionale-di-modena-dop-extravecchio\/#primaryimage","url":"https:\/\/balsamico.shop\/dk\/wp-content\/uploads\/2018\/07\/bernardo-tesori-aceto-balsamico-tradizionale-di-modena-gold.jpg","contentUrl":"https:\/\/balsamico.shop\/dk\/wp-content\/uploads\/2018\/07\/bernardo-tesori-aceto-balsamico-tradizionale-di-modena-gold.jpg","width":400,"height":520,"caption":"Bernardo Tesori Aceto Balsamico Tradizionale di Modena DOP extravecchio - Gold"},{"@type":"BreadcrumbList","@id":"https:\/\/balsamico.shop\/dk\/produkt\/bernardo-tesori-gold-aceto-balsamico-tradizionale-di-modena-dop-extravecchio\/#breadcrumb","itemListElement":[{"@type":"ListItem","position":1,"name":"Home","item":"https:\/\/balsamico.shop\/dk\/"},{"@type":"ListItem","position":2,"name":"Balsamico Eddike Shop","item":"https:\/\/balsamico.shop\/dk\/shop\/"},{"@type":"ListItem","position":3,"name":"Bernardo Tesori &#8211; Gold &#8211; Aceto Balsamico Tradizionale di Modena extravecchio D.O.P."}]},{"@type":"WebSite","@id":"https:\/\/balsamico.shop\/dk\/#website","url":"https:\/\/balsamico.shop\/dk\/","name":"Aceto Balsamico Shop - Danmark","description":"Shop for balsamisk eddike fra Modena og Reggio Emilia","potentialAction":[{"@type":"SearchAction","target":{"@type":"EntryPoint","urlTemplate":"https:\/\/balsamico.shop\/dk\/?s={search_term_string}"},"query-input":{"@type":"PropertyValueSpecification","valueRequired":true,"valueName":"search_term_string"}}],"inLanguage":"da-DK"}]}},"_links":{"self":[{"href":"https:\/\/balsamico.shop\/dk\/wp-json\/wp\/v2\/product\/1797","targetHints":{"allow":["GET"]}}],"collection":[{"href":"https:\/\/balsamico.shop\/dk\/wp-json\/wp\/v2\/product"}],"about":[{"href":"https:\/\/balsamico.shop\/dk\/wp-json\/wp\/v2\/types\/product"}],"wp:featuredmedia":[{"embeddable":true,"href":"https:\/\/balsamico.shop\/dk\/wp-json\/wp\/v2\/media\/1800"}],"wp:attachment":[{"href":"https:\/\/balsamico.shop\/dk\/wp-json\/wp\/v2\/media?parent=1797"}],"wp:term":[{"taxonomy":"product_brand","embeddable":true,"href":"https:\/\/balsamico.shop\/dk\/wp-json\/wp\/v2\/product_brand?post=1797"},{"taxonomy":"product_cat","embeddable":true,"href":"https:\/\/balsamico.shop\/dk\/wp-json\/wp\/v2\/product_cat?post=1797"},{"taxonomy":"product_tag","embeddable":true,"href":"https:\/\/balsamico.shop\/dk\/wp-json\/wp\/v2\/product_tag?post=1797"}],"curies":[{"name":"wp","href":"https:\/\/api.w.org\/{rel}","templated":true}]}}