{"id":1786,"date":"2021-03-27T23:31:16","date_gmt":"2021-03-27T22:31:16","guid":{"rendered":"https:\/\/balsamico.shop\/dk\/?post_type=product&#038;p=1786"},"modified":"2026-04-01T13:45:56","modified_gmt":"2026-04-01T11:45:56","slug":"aceto-balsamico-di-modena-igp-bernardo-tesori","status":"publish","type":"product","link":"https:\/\/balsamico.shop\/dk\/produkt\/aceto-balsamico-di-modena-igp-bernardo-tesori\/","title":{"rendered":"Aceto Balsamico di Modena IGP &#8211; Bernardo Tesori"},"content":{"rendered":"<p><strong>Ny<\/strong>! Vores Bernardo Tesori &#8211; <strong>Aceto Balsamico di Modena I.G.P.<\/strong> &#8211; Bronze Edition i en eksklusiv aftapning. Denne balsamico, der er lagret p\u00e5 tr\u00e6fade, overbeviser med sin h\u00f8je t\u00e6thed og sirupsagtige konsistens. Den er ideel til tilberedning af velsmagende dressinger og saucer <strong>til daglig brug<\/strong>. Dens <strong>tykke konsistens<\/strong> g\u00f8r den ogs\u00e5 velegnet til pynt til hovedretter. S\u00e6rligt velegnet til den klassiske opskrift med tomat, mozzarella, balsamicoeddike og frisk basilikum. Du f\u00e5r en italiensk Aceto Balsamico di Modena IGP i topklasse til et utroligt godt pris\/ydelsesforhold. <img loading=\"lazy\" decoding=\"async\" class=\"alignright\" src=\"https:\/\/balsamico.shop\/de\/wp-content\/uploads\/2021\/03\/bronze-tropfen-balsamico-bernardo-tesori.png\" alt=\"Aceto Balsamico di Modena IGP - Bernardo Tesori\" width=\"253\" height=\"256\" \/><\/p>\n<p>Denne <strong>certificerede I.G.P. Balsamico<\/strong> er ekstremt m\u00f8rk, us\u00e6dvanlig frugtagtig i smagen og gennemsyret af fine tr\u00e6agtige noter af kirseb\u00e6r og eg. Syreindholdet p\u00e5 seks procent (som en Aceto Balsamico di Modena I.G.P. skal have) er perfekt integreret og danner en behagelig harmoni mellem s\u00f8dme og syre, s\u00e5 denne balsamico ogs\u00e5 kan nydes ren. Dette italienske naturprodukt er fremstillet uden farvestoffer eller kunstige tils\u00e6tningsstoffer.<\/p>\n<p>Duften er velafbalanceret med lette noter af tobak og blommer. Syren er diskret i baggrunden og skiller sig ikke ud.<\/p>\n<p>Bernardo Tesori Bronze-aftapningen er skabt i t\u00e6t samarbejde med de bedste balsamico specialister i Modena og forfinet af &#8220;Smagsmesteren&#8221; fra en kendt familieacetaia. Du modtager en premium balsamico, som du kun kan k\u00f8be her i vores online shop! Den allerede integrerede sk\u00e6nkehane sikrer, at der <strong>h\u00e6ldes uden at dryppe<\/strong>. Du kan derfor placere flasken p\u00e5 spisebordet p\u00e5 en visuelt tiltalende m\u00e5de. Et l\u00e6kkert mesterv\u00e6rk til en uovertruffen pris.<\/p>\n<p><strong>Opbevarings- og holdbarhedsoplysninger<\/strong>: Bedst f\u00f8r: 03\/2031, ogs\u00e5 efter \u00e5bning. Opbevares lukket ved stuetemperatur v\u00e6k fra direkte sollys.<\/p>\n<p><span style=\"text-decoration: underline;\"><strong>Produktdata<\/strong><\/span>:<\/p>\n<p><strong>Lagring<\/strong>: Druemosten lagres i egetr\u00e6sfade, vineddiken lagres i egetr\u00e6sfade.<\/p>\n<p><strong>Druesorter<\/strong>: Lambrusco og Trebbiano<\/p>\n<p><strong>Massefylde<\/strong>: 1,34 &#8211; f\u00f8rsteklasses kvalitet (sirupsagtig \/ tyktflydende)<\/p>\n<p><strong>Farve<\/strong>: dyb m\u00f8rkebrun<\/p>\n<p><strong>Aroma<\/strong>: behageligt tilbageholdende, bundet syre, intenst frugtagtig og stimulerende<\/p>\n<p><strong>Smag og intensitet<\/strong>: s\u00f8d intens smag med lette tobaks- og blommetoner, harmonisk integreret syre.<\/p>\n<p><strong>Opbevaring<\/strong>: Opbevares k\u00f8ligt, t\u00f8rt og beskyttet mod lys og varme.<\/p>\n<p><strong>Aftapning<\/strong>: 2021<\/p>\n<p><strong>Holdbarhed<\/strong>: 10 \u00e5r &#8211; indtil MHD 03\/2031<\/p>\n<p><strong>Oprindelsesland<\/strong>: Italien<\/p>\n<p><strong>Produceret og forarbejdet<\/strong>: Modena, Italien<\/p>\n<p><strong>Beskyttelsesm\u00e6rke<\/strong>: I.G.P. = Beskyttet geografisk betegnelse (BGB).<\/p>\n<p><strong>Betegnelse beskyttet af<\/strong>: Forordning (EF) nr. 583\/2009 &#8211; Aceto Balsamico di Modena.<\/p>\n<p><strong>Tud<\/strong>: integreret, silikone<\/p>\n<p><strong>M\u00e6ngde<\/strong>: 250 milliliter<\/p>\n<p><strong>Ingredienser<\/strong>:<br \/>\n6% syre, kogt druemost, vineddike.<\/p>\n<p><strong>Bem\u00e6rk<\/strong>: indeholder sulfitter<\/p>\n<p>&nbsp;<\/p>\n<p>&nbsp;<\/p>\n<p>Aftapningssted: n.CSAQ 392211, Modena, Italien<\/p>\n<p>Distribut\u00f8r: Bernardo Tesori &#8211; et m\u00e6rke fra Acoonia GmbH., Brabandtstrasse 8, 38100 Brunswick<\/p>\n","protected":false},"excerpt":{"rendered":"<p>Ny! Vores Bernardo Tesori &#8211; Aceto Balsamico di Modena I.G.P. &#8211; Bronze Edition i en eksklusiv aftapning. Denne balsamico, der er lagret p\u00e5 tr\u00e6fade, overbeviser med sin h\u00f8je t\u00e6thed og sirupsagtige konsistens. Den er ideel til tilberedning af velsmagende dressinger og saucer til daglig brug. Dens tykke konsistens g\u00f8r den ogs\u00e5 velegnet til pynt til hovedretter. S\u00e6rligt velegnet til den klassiske opskrift med tomat, mozzarella, balsamicoeddike og frisk basilikum. Du f\u00e5r en italiensk Aceto Balsamico di Modena IGP i topklasse til et utroligt godt pris\/ydelsesforhold. Denne certificerede I.G.P. Balsamico er ekstremt m\u00f8rk, us\u00e6dvanlig frugtagtig i smagen og gennemsyret af fine tr\u00e6agtige noter af kirseb\u00e6r og eg. Syreindholdet p\u00e5 seks procent (som en Aceto Balsamico di Modena I.G.P. skal have) er perfekt integreret og danner en behagelig harmoni mellem s\u00f8dme og syre, s\u00e5 denne balsamico ogs\u00e5 kan nydes ren. Dette italienske naturprodukt er fremstillet uden farvestoffer eller kunstige tils\u00e6tningsstoffer. Duften er velafbalanceret med lette noter af tobak og blommer. Syren er diskret i baggrunden og skiller sig ikke ud. Bernardo Tesori Bronze-aftapningen er skabt i t\u00e6t samarbejde med de bedste balsamico specialister i Modena og forfinet af &#8220;Smagsmesteren&#8221; fra en kendt familieacetaia. Du modtager en premium balsamico, som du kun kan k\u00f8be her i vores online shop! Den allerede integrerede sk\u00e6nkehane sikrer, at der h\u00e6ldes uden at dryppe. Du kan derfor placere flasken p\u00e5 spisebordet p\u00e5 en visuelt tiltalende m\u00e5de. Et l\u00e6kkert mesterv\u00e6rk til en uovertruffen pris. Opbevarings- og holdbarhedsoplysninger: Bedst f\u00f8r: 03\/2031, ogs\u00e5 efter \u00e5bning. Opbevares lukket ved stuetemperatur v\u00e6k fra direkte sollys. Produktdata: Lagring: Druemosten lagres i egetr\u00e6sfade, vineddiken lagres i egetr\u00e6sfade. Druesorter: Lambrusco og Trebbiano Massefylde: 1,34 &#8211; f\u00f8rsteklasses kvalitet (sirupsagtig \/ tyktflydende) Farve: dyb m\u00f8rkebrun Aroma: behageligt tilbageholdende, bundet syre, intenst frugtagtig og stimulerende Smag og intensitet: s\u00f8d intens smag med lette tobaks- og blommetoner, harmonisk integreret syre. Opbevaring: Opbevares k\u00f8ligt, t\u00f8rt og beskyttet mod lys og varme. Aftapning: 2021 Holdbarhed: 10 \u00e5r &#8211; indtil MHD 03\/2031 Oprindelsesland: Italien Produceret og forarbejdet: Modena, Italien Beskyttelsesm\u00e6rke: I.G.P. = Beskyttet geografisk betegnelse (BGB). Betegnelse beskyttet af: Forordning (EF) nr. 583\/2009 &#8211; Aceto Balsamico di Modena. Tud: integreret, silikone M\u00e6ngde: 250 milliliter Ingredienser: 6% syre, kogt druemost, vineddike. Bem\u00e6rk: indeholder sulfitter &nbsp; &nbsp; Aftapningssted: n.CSAQ 392211, Modena, Italien Distribut\u00f8r: Bernardo Tesori &#8211; et m\u00e6rke fra Acoonia GmbH., Brabandtstrasse 8, 38100 Brunswick<\/p>\n","protected":false},"featured_media":1789,"template":"","meta":[],"product_brand":[],"product_cat":[53],"product_tag":[],"class_list":{"0":"post-1786","1":"product","2":"type-product","3":"status-publish","4":"has-post-thumbnail","6":"product_cat-bernardo-tesori","7":"product_shipping_class-balsamico","9":"first","10":"outofstock","11":"taxable","12":"shipping-taxable","13":"purchasable","14":"product-type-simple"},"bundle_layout":"","bundled_by":[],"bundled_items":[],"yoast_head":"<!-- This site is optimized with the Yoast SEO plugin v27.4 - https:\/\/yoast.com\/product\/yoast-seo-wordpress\/ -->\n<title>Aceto Balsamico di Modena IGP - Bernardo Tesori<\/title>\n<meta name=\"robots\" content=\"index, follow, max-snippet:-1, max-image-preview:large, max-video-preview:-1\" \/>\n<link rel=\"canonical\" href=\"https:\/\/balsamico.shop\/dk\/produkt\/aceto-balsamico-di-modena-igp-bernardo-tesori\/\" \/>\n<meta property=\"og:locale\" content=\"da_DK\" \/>\n<meta property=\"og:type\" content=\"article\" \/>\n<meta property=\"og:title\" content=\"Aceto Balsamico di Modena IGP - Bernardo Tesori\" \/>\n<meta property=\"og:description\" content=\"Ny! Vores Bernardo Tesori &#8211; Aceto Balsamico di Modena I.G.P. &#8211; Bronze Edition i en eksklusiv aftapning. Denne balsamico, der er lagret p\u00e5 tr\u00e6fade, overbeviser med sin h\u00f8je t\u00e6thed og sirupsagtige konsistens. Den er ideel til tilberedning af velsmagende dressinger og saucer til daglig brug. Dens tykke konsistens g\u00f8r den ogs\u00e5 velegnet til pynt til hovedretter. S\u00e6rligt velegnet til den klassiske opskrift med tomat, mozzarella, balsamicoeddike og frisk basilikum. Du f\u00e5r en italiensk Aceto Balsamico di Modena IGP i topklasse til et utroligt godt pris\/ydelsesforhold. Denne certificerede I.G.P. Balsamico er ekstremt m\u00f8rk, us\u00e6dvanlig frugtagtig i smagen og gennemsyret af fine tr\u00e6agtige noter af kirseb\u00e6r og eg. Syreindholdet p\u00e5 seks procent (som en Aceto Balsamico di Modena I.G.P. skal have) er perfekt integreret og danner en behagelig harmoni mellem s\u00f8dme og syre, s\u00e5 denne balsamico ogs\u00e5 kan nydes ren. Dette italienske naturprodukt er fremstillet uden farvestoffer eller kunstige tils\u00e6tningsstoffer. Duften er velafbalanceret med lette noter af tobak og blommer. Syren er diskret i baggrunden og skiller sig ikke ud. Bernardo Tesori Bronze-aftapningen er skabt i t\u00e6t samarbejde med de bedste balsamico specialister i Modena og forfinet af &#8220;Smagsmesteren&#8221; fra en kendt familieacetaia. Du modtager en premium balsamico, som du kun kan k\u00f8be her i vores online shop! Den allerede integrerede sk\u00e6nkehane sikrer, at der h\u00e6ldes uden at dryppe. Du kan derfor placere flasken p\u00e5 spisebordet p\u00e5 en visuelt tiltalende m\u00e5de. Et l\u00e6kkert mesterv\u00e6rk til en uovertruffen pris. Opbevarings- og holdbarhedsoplysninger: Bedst f\u00f8r: 03\/2031, ogs\u00e5 efter \u00e5bning. Opbevares lukket ved stuetemperatur v\u00e6k fra direkte sollys. Produktdata: Lagring: Druemosten lagres i egetr\u00e6sfade, vineddiken lagres i egetr\u00e6sfade. Druesorter: Lambrusco og Trebbiano Massefylde: 1,34 &#8211; f\u00f8rsteklasses kvalitet (sirupsagtig \/ tyktflydende) Farve: dyb m\u00f8rkebrun Aroma: behageligt tilbageholdende, bundet syre, intenst frugtagtig og stimulerende Smag og intensitet: s\u00f8d intens smag med lette tobaks- og blommetoner, harmonisk integreret syre. Opbevaring: Opbevares k\u00f8ligt, t\u00f8rt og beskyttet mod lys og varme. Aftapning: 2021 Holdbarhed: 10 \u00e5r &#8211; indtil MHD 03\/2031 Oprindelsesland: Italien Produceret og forarbejdet: Modena, Italien Beskyttelsesm\u00e6rke: I.G.P. = Beskyttet geografisk betegnelse (BGB). Betegnelse beskyttet af: Forordning (EF) nr. 583\/2009 &#8211; Aceto Balsamico di Modena. Tud: integreret, silikone M\u00e6ngde: 250 milliliter Ingredienser: 6% syre, kogt druemost, vineddike. Bem\u00e6rk: indeholder sulfitter &nbsp; &nbsp; Aftapningssted: n.CSAQ 392211, Modena, Italien Distribut\u00f8r: Bernardo Tesori &#8211; et m\u00e6rke fra Acoonia GmbH., Brabandtstrasse 8, 38100 Brunswick\" \/>\n<meta property=\"og:url\" content=\"https:\/\/balsamico.shop\/dk\/produkt\/aceto-balsamico-di-modena-igp-bernardo-tesori\/\" \/>\n<meta property=\"og:site_name\" content=\"Aceto Balsamico Shop - Danmark\" \/>\n<meta property=\"article:modified_time\" content=\"2026-04-01T11:45:56+00:00\" \/>\n<meta property=\"og:image\" content=\"https:\/\/balsamico.shop\/dk\/wp-content\/uploads\/2021\/03\/bernardo-tesori-aceto-balsamico-di-modena-igp.jpg\" \/>\n\t<meta property=\"og:image:width\" content=\"1600\" \/>\n\t<meta property=\"og:image:height\" content=\"1872\" \/>\n\t<meta property=\"og:image:type\" content=\"image\/jpeg\" \/>\n<meta name=\"twitter:card\" content=\"summary_large_image\" \/>\n<meta name=\"twitter:label1\" content=\"Estimeret l\u00e6setid\" \/>\n\t<meta name=\"twitter:data1\" content=\"3 minutter\" \/>\n<script type=\"application\/ld+json\" class=\"yoast-schema-graph\">{\"@context\":\"https:\\\/\\\/schema.org\",\"@graph\":[{\"@type\":\"WebPage\",\"@id\":\"https:\\\/\\\/balsamico.shop\\\/dk\\\/produkt\\\/aceto-balsamico-di-modena-igp-bernardo-tesori\\\/\",\"url\":\"https:\\\/\\\/balsamico.shop\\\/dk\\\/produkt\\\/aceto-balsamico-di-modena-igp-bernardo-tesori\\\/\",\"name\":\"Aceto Balsamico di Modena IGP - Bernardo Tesori\",\"isPartOf\":{\"@id\":\"https:\\\/\\\/balsamico.shop\\\/dk\\\/#website\"},\"primaryImageOfPage\":{\"@id\":\"https:\\\/\\\/balsamico.shop\\\/dk\\\/produkt\\\/aceto-balsamico-di-modena-igp-bernardo-tesori\\\/#primaryimage\"},\"image\":{\"@id\":\"https:\\\/\\\/balsamico.shop\\\/dk\\\/produkt\\\/aceto-balsamico-di-modena-igp-bernardo-tesori\\\/#primaryimage\"},\"thumbnailUrl\":\"https:\\\/\\\/balsamico.shop\\\/dk\\\/wp-content\\\/uploads\\\/2021\\\/03\\\/bernardo-tesori-aceto-balsamico-di-modena-igp.jpg\",\"datePublished\":\"2021-03-27T22:31:16+00:00\",\"dateModified\":\"2026-04-01T11:45:56+00:00\",\"breadcrumb\":{\"@id\":\"https:\\\/\\\/balsamico.shop\\\/dk\\\/produkt\\\/aceto-balsamico-di-modena-igp-bernardo-tesori\\\/#breadcrumb\"},\"inLanguage\":\"da-DK\",\"potentialAction\":[{\"@type\":\"ReadAction\",\"target\":[\"https:\\\/\\\/balsamico.shop\\\/dk\\\/produkt\\\/aceto-balsamico-di-modena-igp-bernardo-tesori\\\/\"]}]},{\"@type\":\"ImageObject\",\"inLanguage\":\"da-DK\",\"@id\":\"https:\\\/\\\/balsamico.shop\\\/dk\\\/produkt\\\/aceto-balsamico-di-modena-igp-bernardo-tesori\\\/#primaryimage\",\"url\":\"https:\\\/\\\/balsamico.shop\\\/dk\\\/wp-content\\\/uploads\\\/2021\\\/03\\\/bernardo-tesori-aceto-balsamico-di-modena-igp.jpg\",\"contentUrl\":\"https:\\\/\\\/balsamico.shop\\\/dk\\\/wp-content\\\/uploads\\\/2021\\\/03\\\/bernardo-tesori-aceto-balsamico-di-modena-igp.jpg\",\"width\":1600,\"height\":1872,\"caption\":\"Aceto Balsamico di Modena IGP - Bernardo Tesori\"},{\"@type\":\"BreadcrumbList\",\"@id\":\"https:\\\/\\\/balsamico.shop\\\/dk\\\/produkt\\\/aceto-balsamico-di-modena-igp-bernardo-tesori\\\/#breadcrumb\",\"itemListElement\":[{\"@type\":\"ListItem\",\"position\":1,\"name\":\"Home\",\"item\":\"https:\\\/\\\/balsamico.shop\\\/dk\\\/\"},{\"@type\":\"ListItem\",\"position\":2,\"name\":\"Balsamico Eddike Shop\",\"item\":\"https:\\\/\\\/balsamico.shop\\\/dk\\\/shop\\\/\"},{\"@type\":\"ListItem\",\"position\":3,\"name\":\"Aceto Balsamico di Modena IGP &#8211; Bernardo Tesori\"}]},{\"@type\":\"WebSite\",\"@id\":\"https:\\\/\\\/balsamico.shop\\\/dk\\\/#website\",\"url\":\"https:\\\/\\\/balsamico.shop\\\/dk\\\/\",\"name\":\"Aceto Balsamico Shop - Danmark\",\"description\":\"Shop for balsamisk eddike fra Modena og Reggio Emilia\",\"potentialAction\":[{\"@type\":\"SearchAction\",\"target\":{\"@type\":\"EntryPoint\",\"urlTemplate\":\"https:\\\/\\\/balsamico.shop\\\/dk\\\/?s={search_term_string}\"},\"query-input\":{\"@type\":\"PropertyValueSpecification\",\"valueRequired\":true,\"valueName\":\"search_term_string\"}}],\"inLanguage\":\"da-DK\"}]}<\/script>\n<!-- \/ Yoast SEO plugin. -->","yoast_head_json":{"title":"Aceto Balsamico di Modena IGP - Bernardo Tesori","robots":{"index":"index","follow":"follow","max-snippet":"max-snippet:-1","max-image-preview":"max-image-preview:large","max-video-preview":"max-video-preview:-1"},"canonical":"https:\/\/balsamico.shop\/dk\/produkt\/aceto-balsamico-di-modena-igp-bernardo-tesori\/","og_locale":"da_DK","og_type":"article","og_title":"Aceto Balsamico di Modena IGP - Bernardo Tesori","og_description":"Ny! Vores Bernardo Tesori &#8211; Aceto Balsamico di Modena I.G.P. &#8211; Bronze Edition i en eksklusiv aftapning. Denne balsamico, der er lagret p\u00e5 tr\u00e6fade, overbeviser med sin h\u00f8je t\u00e6thed og sirupsagtige konsistens. Den er ideel til tilberedning af velsmagende dressinger og saucer til daglig brug. Dens tykke konsistens g\u00f8r den ogs\u00e5 velegnet til pynt til hovedretter. S\u00e6rligt velegnet til den klassiske opskrift med tomat, mozzarella, balsamicoeddike og frisk basilikum. Du f\u00e5r en italiensk Aceto Balsamico di Modena IGP i topklasse til et utroligt godt pris\/ydelsesforhold. Denne certificerede I.G.P. Balsamico er ekstremt m\u00f8rk, us\u00e6dvanlig frugtagtig i smagen og gennemsyret af fine tr\u00e6agtige noter af kirseb\u00e6r og eg. Syreindholdet p\u00e5 seks procent (som en Aceto Balsamico di Modena I.G.P. skal have) er perfekt integreret og danner en behagelig harmoni mellem s\u00f8dme og syre, s\u00e5 denne balsamico ogs\u00e5 kan nydes ren. Dette italienske naturprodukt er fremstillet uden farvestoffer eller kunstige tils\u00e6tningsstoffer. Duften er velafbalanceret med lette noter af tobak og blommer. Syren er diskret i baggrunden og skiller sig ikke ud. Bernardo Tesori Bronze-aftapningen er skabt i t\u00e6t samarbejde med de bedste balsamico specialister i Modena og forfinet af &#8220;Smagsmesteren&#8221; fra en kendt familieacetaia. Du modtager en premium balsamico, som du kun kan k\u00f8be her i vores online shop! Den allerede integrerede sk\u00e6nkehane sikrer, at der h\u00e6ldes uden at dryppe. Du kan derfor placere flasken p\u00e5 spisebordet p\u00e5 en visuelt tiltalende m\u00e5de. Et l\u00e6kkert mesterv\u00e6rk til en uovertruffen pris. Opbevarings- og holdbarhedsoplysninger: Bedst f\u00f8r: 03\/2031, ogs\u00e5 efter \u00e5bning. Opbevares lukket ved stuetemperatur v\u00e6k fra direkte sollys. Produktdata: Lagring: Druemosten lagres i egetr\u00e6sfade, vineddiken lagres i egetr\u00e6sfade. Druesorter: Lambrusco og Trebbiano Massefylde: 1,34 &#8211; f\u00f8rsteklasses kvalitet (sirupsagtig \/ tyktflydende) Farve: dyb m\u00f8rkebrun Aroma: behageligt tilbageholdende, bundet syre, intenst frugtagtig og stimulerende Smag og intensitet: s\u00f8d intens smag med lette tobaks- og blommetoner, harmonisk integreret syre. Opbevaring: Opbevares k\u00f8ligt, t\u00f8rt og beskyttet mod lys og varme. Aftapning: 2021 Holdbarhed: 10 \u00e5r &#8211; indtil MHD 03\/2031 Oprindelsesland: Italien Produceret og forarbejdet: Modena, Italien Beskyttelsesm\u00e6rke: I.G.P. = Beskyttet geografisk betegnelse (BGB). Betegnelse beskyttet af: Forordning (EF) nr. 583\/2009 &#8211; Aceto Balsamico di Modena. Tud: integreret, silikone M\u00e6ngde: 250 milliliter Ingredienser: 6% syre, kogt druemost, vineddike. Bem\u00e6rk: indeholder sulfitter &nbsp; &nbsp; Aftapningssted: n.CSAQ 392211, Modena, Italien Distribut\u00f8r: Bernardo Tesori &#8211; et m\u00e6rke fra Acoonia GmbH., Brabandtstrasse 8, 38100 Brunswick","og_url":"https:\/\/balsamico.shop\/dk\/produkt\/aceto-balsamico-di-modena-igp-bernardo-tesori\/","og_site_name":"Aceto Balsamico Shop - Danmark","article_modified_time":"2026-04-01T11:45:56+00:00","og_image":[{"width":1600,"height":1872,"url":"https:\/\/balsamico.shop\/dk\/wp-content\/uploads\/2021\/03\/bernardo-tesori-aceto-balsamico-di-modena-igp.jpg","type":"image\/jpeg"}],"twitter_card":"summary_large_image","twitter_misc":{"Estimeret l\u00e6setid":"3 minutter"},"schema":{"@context":"https:\/\/schema.org","@graph":[{"@type":"WebPage","@id":"https:\/\/balsamico.shop\/dk\/produkt\/aceto-balsamico-di-modena-igp-bernardo-tesori\/","url":"https:\/\/balsamico.shop\/dk\/produkt\/aceto-balsamico-di-modena-igp-bernardo-tesori\/","name":"Aceto Balsamico di Modena IGP - Bernardo Tesori","isPartOf":{"@id":"https:\/\/balsamico.shop\/dk\/#website"},"primaryImageOfPage":{"@id":"https:\/\/balsamico.shop\/dk\/produkt\/aceto-balsamico-di-modena-igp-bernardo-tesori\/#primaryimage"},"image":{"@id":"https:\/\/balsamico.shop\/dk\/produkt\/aceto-balsamico-di-modena-igp-bernardo-tesori\/#primaryimage"},"thumbnailUrl":"https:\/\/balsamico.shop\/dk\/wp-content\/uploads\/2021\/03\/bernardo-tesori-aceto-balsamico-di-modena-igp.jpg","datePublished":"2021-03-27T22:31:16+00:00","dateModified":"2026-04-01T11:45:56+00:00","breadcrumb":{"@id":"https:\/\/balsamico.shop\/dk\/produkt\/aceto-balsamico-di-modena-igp-bernardo-tesori\/#breadcrumb"},"inLanguage":"da-DK","potentialAction":[{"@type":"ReadAction","target":["https:\/\/balsamico.shop\/dk\/produkt\/aceto-balsamico-di-modena-igp-bernardo-tesori\/"]}]},{"@type":"ImageObject","inLanguage":"da-DK","@id":"https:\/\/balsamico.shop\/dk\/produkt\/aceto-balsamico-di-modena-igp-bernardo-tesori\/#primaryimage","url":"https:\/\/balsamico.shop\/dk\/wp-content\/uploads\/2021\/03\/bernardo-tesori-aceto-balsamico-di-modena-igp.jpg","contentUrl":"https:\/\/balsamico.shop\/dk\/wp-content\/uploads\/2021\/03\/bernardo-tesori-aceto-balsamico-di-modena-igp.jpg","width":1600,"height":1872,"caption":"Aceto Balsamico di Modena IGP - Bernardo Tesori"},{"@type":"BreadcrumbList","@id":"https:\/\/balsamico.shop\/dk\/produkt\/aceto-balsamico-di-modena-igp-bernardo-tesori\/#breadcrumb","itemListElement":[{"@type":"ListItem","position":1,"name":"Home","item":"https:\/\/balsamico.shop\/dk\/"},{"@type":"ListItem","position":2,"name":"Balsamico Eddike Shop","item":"https:\/\/balsamico.shop\/dk\/shop\/"},{"@type":"ListItem","position":3,"name":"Aceto Balsamico di Modena IGP &#8211; Bernardo Tesori"}]},{"@type":"WebSite","@id":"https:\/\/balsamico.shop\/dk\/#website","url":"https:\/\/balsamico.shop\/dk\/","name":"Aceto Balsamico Shop - Danmark","description":"Shop for balsamisk eddike fra Modena og Reggio Emilia","potentialAction":[{"@type":"SearchAction","target":{"@type":"EntryPoint","urlTemplate":"https:\/\/balsamico.shop\/dk\/?s={search_term_string}"},"query-input":{"@type":"PropertyValueSpecification","valueRequired":true,"valueName":"search_term_string"}}],"inLanguage":"da-DK"}]}},"_links":{"self":[{"href":"https:\/\/balsamico.shop\/dk\/wp-json\/wp\/v2\/product\/1786","targetHints":{"allow":["GET"]}}],"collection":[{"href":"https:\/\/balsamico.shop\/dk\/wp-json\/wp\/v2\/product"}],"about":[{"href":"https:\/\/balsamico.shop\/dk\/wp-json\/wp\/v2\/types\/product"}],"wp:featuredmedia":[{"embeddable":true,"href":"https:\/\/balsamico.shop\/dk\/wp-json\/wp\/v2\/media\/1789"}],"wp:attachment":[{"href":"https:\/\/balsamico.shop\/dk\/wp-json\/wp\/v2\/media?parent=1786"}],"wp:term":[{"taxonomy":"product_brand","embeddable":true,"href":"https:\/\/balsamico.shop\/dk\/wp-json\/wp\/v2\/product_brand?post=1786"},{"taxonomy":"product_cat","embeddable":true,"href":"https:\/\/balsamico.shop\/dk\/wp-json\/wp\/v2\/product_cat?post=1786"},{"taxonomy":"product_tag","embeddable":true,"href":"https:\/\/balsamico.shop\/dk\/wp-json\/wp\/v2\/product_tag?post=1786"}],"curies":[{"name":"wp","href":"https:\/\/api.w.org\/{rel}","templated":true}]}}