{"id":1778,"date":"2016-11-17T23:12:27","date_gmt":"2016-11-17T22:12:27","guid":{"rendered":"https:\/\/balsamico.shop\/dk\/?post_type=product&#038;p=1778"},"modified":"2025-07-22T23:18:53","modified_gmt":"2025-07-22T21:18:53","slug":"hvid-balsamico-eddike","status":"publish","type":"product","link":"https:\/\/balsamico.shop\/dk\/produkt\/hvid-balsamico-eddike\/","title":{"rendered":"Condimento Balsamico Bianco uden additiver &#8211; Prelibato Riserva"},"content":{"rendered":"<p>Malpighi har forsket i mere end fem \u00e5r for at kunne fremstille en let <strong>Condimento Balsamico<\/strong> af h\u00f8j kvalitet. S\u00e5 meget kan afsl\u00f8res: <strong>Prelibato riserva<\/strong> (den gyldne etiket) best\u00e5r ikke af kogt druemost som en traditionel balsamico. Tilberedningsprocessen ville allerede g\u00f8re balsamicoen m\u00f8rkere. Den rene druemost blev til eddike og lagrede derefter i mindst otte \u00e5r p\u00e5 t\u00f8nder af asketr\u00e6, som p\u00e5 grund af deres tr\u00e6sort n\u00e6ppe har afgivet farvestofg\u00e6rende g\u00e6ringsstoffer til eddiken i \u00e5renes l\u00f8b, og som derfor har bevaret den lyse farve. Denne Condimento Balsamico best\u00e5r udelukkende af druemost. En hvid eddike uden yderligere tils\u00e6tningsstoffer.<\/p>\n<p>Denne Condimento Balsamico har intet at g\u00f8re med smagen af en \u00e6gte Tradizionale. Hvis du er p\u00e5 udkig efter en rigtig balsamico, skal du k\u00f8be en brun Tradizionale. Men &#8211; hvis du leder efter en hvid balsamico af h\u00f8j kvalitet, der ikke er industrielt masseproduceret til dekoration eller for\u00e6dling &#8211; s\u00e5 er denne eddike pr\u00e6cis din kandidat, der h\u00f8rer til den resterende 1%.<\/p>\n<p><strong>Farve<\/strong>: let gylden, gennemskinnelig<\/p>\n<p><strong>Smag<\/strong>: I begyndelsen har denne eddike en <strong>hvidvinsnote<\/strong>, der meget hurtigt forsvinder og ikke bliver h\u00e6ngende, hvorefter denne otte \u00e5r gamle eddike bliver meget s\u00f8d, og f\u00f8rst i slutningen kommer eddikeens syre kortvarigt, men tydeligt til udtryk &#8211; s\u00f8dmen bliver h\u00e6ngende i lang tid.<\/p>\n<p>Med disse egenskaber er denne lette eddike velegnet til fisk og fjerkr\u00e6 og til min \u00e6rgrelse ogs\u00e5 s\u00e6rdeles god til at snacke i ren form \ud83d\ude42<\/p>\n<p>Takket v\u00e6re den forholdsvis lavere pris i forhold til en \u00e6gte Tradizionale h\u00f8rer dette produkt hjemme i ethvert godt k\u00f8kken.<\/p>\n<p><strong>Ingredienser<\/strong>: 100% druemost<\/p>\n<p><strong>Bem\u00e6rk<\/strong>: Kan indeholde naturlige sulfitter.<\/p>\n<p>&nbsp;<\/p>\n<p>Producent:\u00a0Acetaia MALPIGHI Srl &#8211;\u00a0 Stradello Barca, 20 &#8211; 41126 Modena, Italien<\/p>\n","protected":false},"excerpt":{"rendered":"<p>Malpighi har forsket i mere end fem \u00e5r for at kunne fremstille en let Condimento Balsamico af h\u00f8j kvalitet. S\u00e5 meget kan afsl\u00f8res: Prelibato riserva (den gyldne etiket) best\u00e5r ikke af kogt druemost som en traditionel balsamico. Tilberedningsprocessen ville allerede g\u00f8re balsamicoen m\u00f8rkere. Den rene druemost blev til eddike og lagrede derefter i mindst otte \u00e5r p\u00e5 t\u00f8nder af asketr\u00e6, som p\u00e5 grund af deres tr\u00e6sort n\u00e6ppe har afgivet farvestofg\u00e6rende g\u00e6ringsstoffer til eddiken i \u00e5renes l\u00f8b, og som derfor har bevaret den lyse farve. Denne Condimento Balsamico best\u00e5r udelukkende af druemost. En hvid eddike uden yderligere tils\u00e6tningsstoffer. Denne Condimento Balsamico har intet at g\u00f8re med smagen af en \u00e6gte Tradizionale. Hvis du er p\u00e5 udkig efter en rigtig balsamico, skal du k\u00f8be en brun Tradizionale. Men &#8211; hvis du leder efter en hvid balsamico af h\u00f8j kvalitet, der ikke er industrielt masseproduceret til dekoration eller for\u00e6dling &#8211; s\u00e5 er denne eddike pr\u00e6cis din kandidat, der h\u00f8rer til den resterende 1%. Farve: let gylden, gennemskinnelig Smag: I begyndelsen har denne eddike en hvidvinsnote, der meget hurtigt forsvinder og ikke bliver h\u00e6ngende, hvorefter denne otte \u00e5r gamle eddike bliver meget s\u00f8d, og f\u00f8rst i slutningen kommer eddikeens syre kortvarigt, men tydeligt til udtryk &#8211; s\u00f8dmen bliver h\u00e6ngende i lang tid. Med disse egenskaber er denne lette eddike velegnet til fisk og fjerkr\u00e6 og til min \u00e6rgrelse ogs\u00e5 s\u00e6rdeles god til at snacke i ren form \ud83d\ude42 Takket v\u00e6re den forholdsvis lavere pris i forhold til en \u00e6gte Tradizionale h\u00f8rer dette produkt hjemme i ethvert godt k\u00f8kken. Ingredienser: 100% druemost Bem\u00e6rk: Kan indeholde naturlige sulfitter. &nbsp; Producent:\u00a0Acetaia MALPIGHI Srl &#8211;\u00a0 Stradello Barca, 20 &#8211; 41126 Modena, Italien<\/p>\n","protected":false},"featured_media":1973,"template":"","meta":[],"product_brand":[],"product_cat":[34],"product_tag":[],"class_list":{"0":"post-1778","1":"product","2":"type-product","3":"status-publish","4":"has-post-thumbnail","6":"product_cat-malpighi","8":"first","9":"outofstock","10":"taxable","11":"shipping-taxable","12":"purchasable","13":"product-type-simple"},"bundle_layout":"","bundled_by":[],"bundled_items":[],"yoast_head":"<!-- This site is optimized with the Yoast SEO plugin v27.5 - https:\/\/yoast.com\/product\/yoast-seo-wordpress\/ -->\n<title>Condimento Balsamico Bianco uden additiver - Prelibato Riserva - Aceto Balsamico Shop - Danmark<\/title>\n<meta name=\"robots\" content=\"index, follow, max-snippet:-1, max-image-preview:large, max-video-preview:-1\" \/>\n<link rel=\"canonical\" href=\"https:\/\/balsamico.shop\/dk\/produkt\/hvid-balsamico-eddike\/\" \/>\n<meta property=\"og:locale\" content=\"da_DK\" \/>\n<meta property=\"og:type\" content=\"article\" \/>\n<meta property=\"og:title\" content=\"Condimento Balsamico Bianco uden additiver - Prelibato Riserva - Aceto Balsamico Shop - Danmark\" \/>\n<meta property=\"og:description\" content=\"Malpighi har forsket i mere end fem \u00e5r for at kunne fremstille en let Condimento Balsamico af h\u00f8j kvalitet. S\u00e5 meget kan afsl\u00f8res: Prelibato riserva (den gyldne etiket) best\u00e5r ikke af kogt druemost som en traditionel balsamico. Tilberedningsprocessen ville allerede g\u00f8re balsamicoen m\u00f8rkere. Den rene druemost blev til eddike og lagrede derefter i mindst otte \u00e5r p\u00e5 t\u00f8nder af asketr\u00e6, som p\u00e5 grund af deres tr\u00e6sort n\u00e6ppe har afgivet farvestofg\u00e6rende g\u00e6ringsstoffer til eddiken i \u00e5renes l\u00f8b, og som derfor har bevaret den lyse farve. Denne Condimento Balsamico best\u00e5r udelukkende af druemost. En hvid eddike uden yderligere tils\u00e6tningsstoffer. Denne Condimento Balsamico har intet at g\u00f8re med smagen af en \u00e6gte Tradizionale. Hvis du er p\u00e5 udkig efter en rigtig balsamico, skal du k\u00f8be en brun Tradizionale. Men &#8211; hvis du leder efter en hvid balsamico af h\u00f8j kvalitet, der ikke er industrielt masseproduceret til dekoration eller for\u00e6dling &#8211; s\u00e5 er denne eddike pr\u00e6cis din kandidat, der h\u00f8rer til den resterende 1%. Farve: let gylden, gennemskinnelig Smag: I begyndelsen har denne eddike en hvidvinsnote, der meget hurtigt forsvinder og ikke bliver h\u00e6ngende, hvorefter denne otte \u00e5r gamle eddike bliver meget s\u00f8d, og f\u00f8rst i slutningen kommer eddikeens syre kortvarigt, men tydeligt til udtryk &#8211; s\u00f8dmen bliver h\u00e6ngende i lang tid. Med disse egenskaber er denne lette eddike velegnet til fisk og fjerkr\u00e6 og til min \u00e6rgrelse ogs\u00e5 s\u00e6rdeles god til at snacke i ren form \ud83d\ude42 Takket v\u00e6re den forholdsvis lavere pris i forhold til en \u00e6gte Tradizionale h\u00f8rer dette produkt hjemme i ethvert godt k\u00f8kken. Ingredienser: 100% druemost Bem\u00e6rk: Kan indeholde naturlige sulfitter. &nbsp; Producent:\u00a0Acetaia MALPIGHI Srl &#8211;\u00a0 Stradello Barca, 20 &#8211; 41126 Modena, Italien\" \/>\n<meta property=\"og:url\" content=\"https:\/\/balsamico.shop\/dk\/produkt\/hvid-balsamico-eddike\/\" \/>\n<meta property=\"og:site_name\" content=\"Aceto Balsamico Shop - Danmark\" \/>\n<meta property=\"article:modified_time\" content=\"2025-07-22T21:18:53+00:00\" \/>\n<meta property=\"og:image\" content=\"https:\/\/balsamico.shop\/dk\/wp-content\/uploads\/2016\/11\/malpighi-prelibato-riserva.jpg\" \/>\n\t<meta property=\"og:image:width\" content=\"1600\" \/>\n\t<meta property=\"og:image:height\" content=\"1872\" \/>\n\t<meta property=\"og:image:type\" content=\"image\/jpeg\" \/>\n<meta name=\"twitter:card\" content=\"summary_large_image\" \/>\n<meta name=\"twitter:label1\" content=\"Estimeret l\u00e6setid\" \/>\n\t<meta name=\"twitter:data1\" content=\"2 minutter\" \/>\n<script type=\"application\/ld+json\" class=\"yoast-schema-graph\">{\"@context\":\"https:\\\/\\\/schema.org\",\"@graph\":[{\"@type\":\"WebPage\",\"@id\":\"https:\\\/\\\/balsamico.shop\\\/dk\\\/produkt\\\/hvid-balsamico-eddike\\\/\",\"url\":\"https:\\\/\\\/balsamico.shop\\\/dk\\\/produkt\\\/hvid-balsamico-eddike\\\/\",\"name\":\"Condimento Balsamico Bianco uden additiver - Prelibato Riserva - Aceto Balsamico Shop - Danmark\",\"isPartOf\":{\"@id\":\"https:\\\/\\\/balsamico.shop\\\/dk\\\/#website\"},\"primaryImageOfPage\":{\"@id\":\"https:\\\/\\\/balsamico.shop\\\/dk\\\/produkt\\\/hvid-balsamico-eddike\\\/#primaryimage\"},\"image\":{\"@id\":\"https:\\\/\\\/balsamico.shop\\\/dk\\\/produkt\\\/hvid-balsamico-eddike\\\/#primaryimage\"},\"thumbnailUrl\":\"https:\\\/\\\/balsamico.shop\\\/dk\\\/wp-content\\\/uploads\\\/2016\\\/11\\\/malpighi-prelibato-riserva.jpg\",\"datePublished\":\"2016-11-17T22:12:27+00:00\",\"dateModified\":\"2025-07-22T21:18:53+00:00\",\"breadcrumb\":{\"@id\":\"https:\\\/\\\/balsamico.shop\\\/dk\\\/produkt\\\/hvid-balsamico-eddike\\\/#breadcrumb\"},\"inLanguage\":\"da-DK\",\"potentialAction\":[{\"@type\":\"ReadAction\",\"target\":[\"https:\\\/\\\/balsamico.shop\\\/dk\\\/produkt\\\/hvid-balsamico-eddike\\\/\"]}]},{\"@type\":\"ImageObject\",\"inLanguage\":\"da-DK\",\"@id\":\"https:\\\/\\\/balsamico.shop\\\/dk\\\/produkt\\\/hvid-balsamico-eddike\\\/#primaryimage\",\"url\":\"https:\\\/\\\/balsamico.shop\\\/dk\\\/wp-content\\\/uploads\\\/2016\\\/11\\\/malpighi-prelibato-riserva.jpg\",\"contentUrl\":\"https:\\\/\\\/balsamico.shop\\\/dk\\\/wp-content\\\/uploads\\\/2016\\\/11\\\/malpighi-prelibato-riserva.jpg\",\"width\":1600,\"height\":1872},{\"@type\":\"BreadcrumbList\",\"@id\":\"https:\\\/\\\/balsamico.shop\\\/dk\\\/produkt\\\/hvid-balsamico-eddike\\\/#breadcrumb\",\"itemListElement\":[{\"@type\":\"ListItem\",\"position\":1,\"name\":\"Home\",\"item\":\"https:\\\/\\\/balsamico.shop\\\/dk\\\/\"},{\"@type\":\"ListItem\",\"position\":2,\"name\":\"Balsamico Eddike Shop\",\"item\":\"https:\\\/\\\/balsamico.shop\\\/dk\\\/shop\\\/\"},{\"@type\":\"ListItem\",\"position\":3,\"name\":\"Condimento Balsamico Bianco uden additiver &#8211; Prelibato Riserva\"}]},{\"@type\":\"WebSite\",\"@id\":\"https:\\\/\\\/balsamico.shop\\\/dk\\\/#website\",\"url\":\"https:\\\/\\\/balsamico.shop\\\/dk\\\/\",\"name\":\"Aceto Balsamico Shop - Danmark\",\"description\":\"Shop for balsamisk eddike fra Modena og Reggio Emilia\",\"potentialAction\":[{\"@type\":\"SearchAction\",\"target\":{\"@type\":\"EntryPoint\",\"urlTemplate\":\"https:\\\/\\\/balsamico.shop\\\/dk\\\/?s={search_term_string}\"},\"query-input\":{\"@type\":\"PropertyValueSpecification\",\"valueRequired\":true,\"valueName\":\"search_term_string\"}}],\"inLanguage\":\"da-DK\"}]}<\/script>\n<!-- \/ Yoast SEO plugin. -->","yoast_head_json":{"title":"Condimento Balsamico Bianco uden additiver - Prelibato Riserva - Aceto Balsamico Shop - Danmark","robots":{"index":"index","follow":"follow","max-snippet":"max-snippet:-1","max-image-preview":"max-image-preview:large","max-video-preview":"max-video-preview:-1"},"canonical":"https:\/\/balsamico.shop\/dk\/produkt\/hvid-balsamico-eddike\/","og_locale":"da_DK","og_type":"article","og_title":"Condimento Balsamico Bianco uden additiver - Prelibato Riserva - Aceto Balsamico Shop - Danmark","og_description":"Malpighi har forsket i mere end fem \u00e5r for at kunne fremstille en let Condimento Balsamico af h\u00f8j kvalitet. S\u00e5 meget kan afsl\u00f8res: Prelibato riserva (den gyldne etiket) best\u00e5r ikke af kogt druemost som en traditionel balsamico. Tilberedningsprocessen ville allerede g\u00f8re balsamicoen m\u00f8rkere. Den rene druemost blev til eddike og lagrede derefter i mindst otte \u00e5r p\u00e5 t\u00f8nder af asketr\u00e6, som p\u00e5 grund af deres tr\u00e6sort n\u00e6ppe har afgivet farvestofg\u00e6rende g\u00e6ringsstoffer til eddiken i \u00e5renes l\u00f8b, og som derfor har bevaret den lyse farve. Denne Condimento Balsamico best\u00e5r udelukkende af druemost. En hvid eddike uden yderligere tils\u00e6tningsstoffer. Denne Condimento Balsamico har intet at g\u00f8re med smagen af en \u00e6gte Tradizionale. Hvis du er p\u00e5 udkig efter en rigtig balsamico, skal du k\u00f8be en brun Tradizionale. Men &#8211; hvis du leder efter en hvid balsamico af h\u00f8j kvalitet, der ikke er industrielt masseproduceret til dekoration eller for\u00e6dling &#8211; s\u00e5 er denne eddike pr\u00e6cis din kandidat, der h\u00f8rer til den resterende 1%. Farve: let gylden, gennemskinnelig Smag: I begyndelsen har denne eddike en hvidvinsnote, der meget hurtigt forsvinder og ikke bliver h\u00e6ngende, hvorefter denne otte \u00e5r gamle eddike bliver meget s\u00f8d, og f\u00f8rst i slutningen kommer eddikeens syre kortvarigt, men tydeligt til udtryk &#8211; s\u00f8dmen bliver h\u00e6ngende i lang tid. Med disse egenskaber er denne lette eddike velegnet til fisk og fjerkr\u00e6 og til min \u00e6rgrelse ogs\u00e5 s\u00e6rdeles god til at snacke i ren form \ud83d\ude42 Takket v\u00e6re den forholdsvis lavere pris i forhold til en \u00e6gte Tradizionale h\u00f8rer dette produkt hjemme i ethvert godt k\u00f8kken. Ingredienser: 100% druemost Bem\u00e6rk: Kan indeholde naturlige sulfitter. &nbsp; Producent:\u00a0Acetaia MALPIGHI Srl &#8211;\u00a0 Stradello Barca, 20 &#8211; 41126 Modena, Italien","og_url":"https:\/\/balsamico.shop\/dk\/produkt\/hvid-balsamico-eddike\/","og_site_name":"Aceto Balsamico Shop - Danmark","article_modified_time":"2025-07-22T21:18:53+00:00","og_image":[{"width":1600,"height":1872,"url":"https:\/\/balsamico.shop\/dk\/wp-content\/uploads\/2016\/11\/malpighi-prelibato-riserva.jpg","type":"image\/jpeg"}],"twitter_card":"summary_large_image","twitter_misc":{"Estimeret l\u00e6setid":"2 minutter"},"schema":{"@context":"https:\/\/schema.org","@graph":[{"@type":"WebPage","@id":"https:\/\/balsamico.shop\/dk\/produkt\/hvid-balsamico-eddike\/","url":"https:\/\/balsamico.shop\/dk\/produkt\/hvid-balsamico-eddike\/","name":"Condimento Balsamico Bianco uden additiver - Prelibato Riserva - Aceto Balsamico Shop - Danmark","isPartOf":{"@id":"https:\/\/balsamico.shop\/dk\/#website"},"primaryImageOfPage":{"@id":"https:\/\/balsamico.shop\/dk\/produkt\/hvid-balsamico-eddike\/#primaryimage"},"image":{"@id":"https:\/\/balsamico.shop\/dk\/produkt\/hvid-balsamico-eddike\/#primaryimage"},"thumbnailUrl":"https:\/\/balsamico.shop\/dk\/wp-content\/uploads\/2016\/11\/malpighi-prelibato-riserva.jpg","datePublished":"2016-11-17T22:12:27+00:00","dateModified":"2025-07-22T21:18:53+00:00","breadcrumb":{"@id":"https:\/\/balsamico.shop\/dk\/produkt\/hvid-balsamico-eddike\/#breadcrumb"},"inLanguage":"da-DK","potentialAction":[{"@type":"ReadAction","target":["https:\/\/balsamico.shop\/dk\/produkt\/hvid-balsamico-eddike\/"]}]},{"@type":"ImageObject","inLanguage":"da-DK","@id":"https:\/\/balsamico.shop\/dk\/produkt\/hvid-balsamico-eddike\/#primaryimage","url":"https:\/\/balsamico.shop\/dk\/wp-content\/uploads\/2016\/11\/malpighi-prelibato-riserva.jpg","contentUrl":"https:\/\/balsamico.shop\/dk\/wp-content\/uploads\/2016\/11\/malpighi-prelibato-riserva.jpg","width":1600,"height":1872},{"@type":"BreadcrumbList","@id":"https:\/\/balsamico.shop\/dk\/produkt\/hvid-balsamico-eddike\/#breadcrumb","itemListElement":[{"@type":"ListItem","position":1,"name":"Home","item":"https:\/\/balsamico.shop\/dk\/"},{"@type":"ListItem","position":2,"name":"Balsamico Eddike Shop","item":"https:\/\/balsamico.shop\/dk\/shop\/"},{"@type":"ListItem","position":3,"name":"Condimento Balsamico Bianco uden additiver &#8211; Prelibato Riserva"}]},{"@type":"WebSite","@id":"https:\/\/balsamico.shop\/dk\/#website","url":"https:\/\/balsamico.shop\/dk\/","name":"Aceto Balsamico Shop - Danmark","description":"Shop for balsamisk eddike fra Modena og Reggio Emilia","potentialAction":[{"@type":"SearchAction","target":{"@type":"EntryPoint","urlTemplate":"https:\/\/balsamico.shop\/dk\/?s={search_term_string}"},"query-input":{"@type":"PropertyValueSpecification","valueRequired":true,"valueName":"search_term_string"}}],"inLanguage":"da-DK"}]}},"_links":{"self":[{"href":"https:\/\/balsamico.shop\/dk\/wp-json\/wp\/v2\/product\/1778","targetHints":{"allow":["GET"]}}],"collection":[{"href":"https:\/\/balsamico.shop\/dk\/wp-json\/wp\/v2\/product"}],"about":[{"href":"https:\/\/balsamico.shop\/dk\/wp-json\/wp\/v2\/types\/product"}],"wp:featuredmedia":[{"embeddable":true,"href":"https:\/\/balsamico.shop\/dk\/wp-json\/wp\/v2\/media\/1973"}],"wp:attachment":[{"href":"https:\/\/balsamico.shop\/dk\/wp-json\/wp\/v2\/media?parent=1778"}],"wp:term":[{"taxonomy":"product_brand","embeddable":true,"href":"https:\/\/balsamico.shop\/dk\/wp-json\/wp\/v2\/product_brand?post=1778"},{"taxonomy":"product_cat","embeddable":true,"href":"https:\/\/balsamico.shop\/dk\/wp-json\/wp\/v2\/product_cat?post=1778"},{"taxonomy":"product_tag","embeddable":true,"href":"https:\/\/balsamico.shop\/dk\/wp-json\/wp\/v2\/product_tag?post=1778"}],"curies":[{"name":"wp","href":"https:\/\/api.w.org\/{rel}","templated":true}]}}