{"id":1540,"date":"2020-06-04T08:24:52","date_gmt":"2020-06-04T06:24:52","guid":{"rendered":"https:\/\/balsamico.shop\/dk\/?post_type=product&#038;p=1540"},"modified":"2025-11-30T21:01:41","modified_gmt":"2025-11-30T20:01:41","slug":"aceto-balsamico-tradizionale-di-modena-giuseppe-cremonini","status":"publish","type":"product","link":"https:\/\/balsamico.shop\/dk\/produkt\/aceto-balsamico-tradizionale-di-modena-giuseppe-cremonini\/","title":{"rendered":"Aceto Balsamico Tradizionale di Modena &#8211; Giuseppe Cremonini"},"content":{"rendered":"<p><img loading=\"lazy\" decoding=\"async\" class=\"size-medium wp-image-1541 alignright\" src=\"https:\/\/balsamico.shop\/dk\/wp-content\/uploads\/2020\/06\/cremonini-logo-211x300.png\" alt=\"\" width=\"211\" height=\"300\" srcset=\"https:\/\/balsamico.shop\/dk\/wp-content\/uploads\/2020\/06\/cremonini-logo-211x300.png 211w, https:\/\/balsamico.shop\/dk\/wp-content\/uploads\/2020\/06\/cremonini-logo.png 238w\" sizes=\"auto, (max-width: 211px) 100vw, 211px\" \/>Familien Cremonini er en af \u200b\u200bde mest ber\u00f8mte producenter af balsamicoeddike i Italien. Mellem byerne San Donnino og Spilamberto, omgivet af vinstokke og marker, har virksomheden <strong>Giuseppe Cremonini<\/strong> produceret aceto-balsamicoeddik i mange \u00e5r.<\/p>\n<p>Den traditionelle virksomhed er meget fortrolig med de forskellige industrielle kvalitetsniveauer, og ud over de mange prisoptimerede balsamiske vinegarer til detailhandlen kan Cremonini ogs\u00e5 score med ekstrem h\u00f8j kvalitet. Dette blev for nylig bevist i en test af Stiftung Warentest i Tyskland &#8211; her vandt Giuseppe Cremonini med sin t\u00f8nde modne fremragende aceto-balsamicoeddik!<\/p>\n<p>Giuseppe Cremonini fremstiller en <strong>Aceto Balsamico Tradizionale di Modena D.O.P. <\/strong>\u00a0i meget sm\u00e5 m\u00e6ngder. Det er den h\u00f8jeste kunst inden for produktion af balsamicoeddike, og i dette omr\u00e5de kan Affinato fuldt ud overbevise med hensyn til smag efter 12 \u00e5rs aldring i tr\u00e6t\u00f8nder.<\/p>\n<p>Oplev den ekstraordin\u00e6re smagintensitet af denne Aceto Balsamico Tradizionale di Modena. Du vil straks smage forskellen p\u00e5 andre produkter fra denne producent.<\/p>\n<p>Denne Aceto Balsamico Tradizionale best\u00e5r udelukkende af kogt druemost og uden andre tils\u00e6tningsstoffer, is\u00e6r uden tils\u00e6tning af vineddike. Syren integreres udm\u00e6rket i produktet, har en intens og langvarig smag og overbeviser med sin karakteristiske smag af mange \u00e5r med modning.<\/p>\n<p>Ingredienser: 100% kogt druemost<\/p>\n<p>Bem\u00e6rk: Kan indeholde sulfitter.<\/p>\n","protected":false},"excerpt":{"rendered":"<p>Familien Cremonini er en af \u200b\u200bde mest ber\u00f8mte producenter af balsamicoeddike i Italien. Mellem byerne San Donnino og Spilamberto, omgivet af vinstokke og marker, har virksomheden Giuseppe Cremonini produceret aceto-balsamicoeddik i mange \u00e5r. Den traditionelle virksomhed er meget fortrolig med de forskellige industrielle kvalitetsniveauer, og ud over de mange prisoptimerede balsamiske vinegarer til detailhandlen kan Cremonini ogs\u00e5 score med ekstrem h\u00f8j kvalitet. Dette blev for nylig bevist i en test af Stiftung Warentest i Tyskland &#8211; her vandt Giuseppe Cremonini med sin t\u00f8nde modne fremragende aceto-balsamicoeddik! Giuseppe Cremonini fremstiller en Aceto Balsamico Tradizionale di Modena D.O.P. \u00a0i meget sm\u00e5 m\u00e6ngder. Det er den h\u00f8jeste kunst inden for produktion af balsamicoeddike, og i dette omr\u00e5de kan Affinato fuldt ud overbevise med hensyn til smag efter 12 \u00e5rs aldring i tr\u00e6t\u00f8nder. Oplev den ekstraordin\u00e6re smagintensitet af denne Aceto Balsamico Tradizionale di Modena. Du vil straks smage forskellen p\u00e5 andre produkter fra denne producent. Denne Aceto Balsamico Tradizionale best\u00e5r udelukkende af kogt druemost og uden andre tils\u00e6tningsstoffer, is\u00e6r uden tils\u00e6tning af vineddike. Syren integreres udm\u00e6rket i produktet, har en intens og langvarig smag og overbeviser med sin karakteristiske smag af mange \u00e5r med modning. Ingredienser: 100% kogt druemost Bem\u00e6rk: Kan indeholde sulfitter.<\/p>\n","protected":false},"featured_media":1613,"template":"","meta":[],"product_brand":[],"product_cat":[58],"product_tag":[],"class_list":{"0":"post-1540","1":"product","2":"type-product","3":"status-publish","4":"has-post-thumbnail","6":"product_cat-cremonini","7":"product_shipping_class-balsamico","9":"first","10":"outofstock","11":"taxable","12":"shipping-taxable","13":"purchasable","14":"product-type-simple"},"bundle_layout":"","bundled_by":[],"bundled_items":[],"yoast_head":"<!-- This site is optimized with the Yoast SEO plugin v27.5 - https:\/\/yoast.com\/product\/yoast-seo-wordpress\/ -->\n<title>Aceto Balsamico Tradizionale di Modena - Giuseppe Cremonini<\/title>\n<meta name=\"robots\" content=\"index, follow, max-snippet:-1, max-image-preview:large, max-video-preview:-1\" \/>\n<link rel=\"canonical\" href=\"https:\/\/balsamico.shop\/dk\/produkt\/aceto-balsamico-tradizionale-di-modena-giuseppe-cremonini\/\" \/>\n<meta property=\"og:locale\" content=\"da_DK\" \/>\n<meta property=\"og:type\" content=\"article\" \/>\n<meta property=\"og:title\" content=\"Aceto Balsamico Tradizionale di Modena - Giuseppe Cremonini\" \/>\n<meta property=\"og:description\" content=\"Familien Cremonini er en af \u200b\u200bde mest ber\u00f8mte producenter af balsamicoeddike i Italien. Mellem byerne San Donnino og Spilamberto, omgivet af vinstokke og marker, har virksomheden Giuseppe Cremonini produceret aceto-balsamicoeddik i mange \u00e5r. Den traditionelle virksomhed er meget fortrolig med de forskellige industrielle kvalitetsniveauer, og ud over de mange prisoptimerede balsamiske vinegarer til detailhandlen kan Cremonini ogs\u00e5 score med ekstrem h\u00f8j kvalitet. Dette blev for nylig bevist i en test af Stiftung Warentest i Tyskland &#8211; her vandt Giuseppe Cremonini med sin t\u00f8nde modne fremragende aceto-balsamicoeddik! Giuseppe Cremonini fremstiller en Aceto Balsamico Tradizionale di Modena D.O.P. \u00a0i meget sm\u00e5 m\u00e6ngder. Det er den h\u00f8jeste kunst inden for produktion af balsamicoeddike, og i dette omr\u00e5de kan Affinato fuldt ud overbevise med hensyn til smag efter 12 \u00e5rs aldring i tr\u00e6t\u00f8nder. Oplev den ekstraordin\u00e6re smagintensitet af denne Aceto Balsamico Tradizionale di Modena. Du vil straks smage forskellen p\u00e5 andre produkter fra denne producent. Denne Aceto Balsamico Tradizionale best\u00e5r udelukkende af kogt druemost og uden andre tils\u00e6tningsstoffer, is\u00e6r uden tils\u00e6tning af vineddike. Syren integreres udm\u00e6rket i produktet, har en intens og langvarig smag og overbeviser med sin karakteristiske smag af mange \u00e5r med modning. Ingredienser: 100% kogt druemost Bem\u00e6rk: Kan indeholde sulfitter.\" \/>\n<meta property=\"og:url\" content=\"https:\/\/balsamico.shop\/dk\/produkt\/aceto-balsamico-tradizionale-di-modena-giuseppe-cremonini\/\" \/>\n<meta property=\"og:site_name\" content=\"Aceto Balsamico Shop - Danmark\" \/>\n<meta property=\"article:modified_time\" content=\"2025-11-30T20:01:41+00:00\" \/>\n<meta property=\"og:image\" content=\"https:\/\/balsamico.shop\/dk\/wp-content\/uploads\/2020\/06\/aceto-balsamico-tradizionale-di-modena-giuseppe-cremonini-12-lum.jpg\" \/>\n\t<meta property=\"og:image:width\" content=\"1600\" \/>\n\t<meta property=\"og:image:height\" content=\"1872\" \/>\n\t<meta property=\"og:image:type\" content=\"image\/jpeg\" \/>\n<meta name=\"twitter:card\" content=\"summary_large_image\" \/>\n<meta name=\"twitter:label1\" content=\"Estimeret l\u00e6setid\" \/>\n\t<meta name=\"twitter:data1\" content=\"2 minutter\" \/>\n<script type=\"application\/ld+json\" class=\"yoast-schema-graph\">{\"@context\":\"https:\\\/\\\/schema.org\",\"@graph\":[{\"@type\":\"WebPage\",\"@id\":\"https:\\\/\\\/balsamico.shop\\\/dk\\\/produkt\\\/aceto-balsamico-tradizionale-di-modena-giuseppe-cremonini\\\/\",\"url\":\"https:\\\/\\\/balsamico.shop\\\/dk\\\/produkt\\\/aceto-balsamico-tradizionale-di-modena-giuseppe-cremonini\\\/\",\"name\":\"Aceto Balsamico Tradizionale di Modena - Giuseppe Cremonini\",\"isPartOf\":{\"@id\":\"https:\\\/\\\/balsamico.shop\\\/dk\\\/#website\"},\"primaryImageOfPage\":{\"@id\":\"https:\\\/\\\/balsamico.shop\\\/dk\\\/produkt\\\/aceto-balsamico-tradizionale-di-modena-giuseppe-cremonini\\\/#primaryimage\"},\"image\":{\"@id\":\"https:\\\/\\\/balsamico.shop\\\/dk\\\/produkt\\\/aceto-balsamico-tradizionale-di-modena-giuseppe-cremonini\\\/#primaryimage\"},\"thumbnailUrl\":\"https:\\\/\\\/balsamico.shop\\\/dk\\\/wp-content\\\/uploads\\\/2020\\\/06\\\/aceto-balsamico-tradizionale-di-modena-giuseppe-cremonini-12-lum.jpg\",\"datePublished\":\"2020-06-04T06:24:52+00:00\",\"dateModified\":\"2025-11-30T20:01:41+00:00\",\"breadcrumb\":{\"@id\":\"https:\\\/\\\/balsamico.shop\\\/dk\\\/produkt\\\/aceto-balsamico-tradizionale-di-modena-giuseppe-cremonini\\\/#breadcrumb\"},\"inLanguage\":\"da-DK\",\"potentialAction\":[{\"@type\":\"ReadAction\",\"target\":[\"https:\\\/\\\/balsamico.shop\\\/dk\\\/produkt\\\/aceto-balsamico-tradizionale-di-modena-giuseppe-cremonini\\\/\"]}]},{\"@type\":\"ImageObject\",\"inLanguage\":\"da-DK\",\"@id\":\"https:\\\/\\\/balsamico.shop\\\/dk\\\/produkt\\\/aceto-balsamico-tradizionale-di-modena-giuseppe-cremonini\\\/#primaryimage\",\"url\":\"https:\\\/\\\/balsamico.shop\\\/dk\\\/wp-content\\\/uploads\\\/2020\\\/06\\\/aceto-balsamico-tradizionale-di-modena-giuseppe-cremonini-12-lum.jpg\",\"contentUrl\":\"https:\\\/\\\/balsamico.shop\\\/dk\\\/wp-content\\\/uploads\\\/2020\\\/06\\\/aceto-balsamico-tradizionale-di-modena-giuseppe-cremonini-12-lum.jpg\",\"width\":1600,\"height\":1872,\"caption\":\"Aceto Balsamico Tradizionale Giuseppe Cremonini\"},{\"@type\":\"BreadcrumbList\",\"@id\":\"https:\\\/\\\/balsamico.shop\\\/dk\\\/produkt\\\/aceto-balsamico-tradizionale-di-modena-giuseppe-cremonini\\\/#breadcrumb\",\"itemListElement\":[{\"@type\":\"ListItem\",\"position\":1,\"name\":\"Home\",\"item\":\"https:\\\/\\\/balsamico.shop\\\/dk\\\/\"},{\"@type\":\"ListItem\",\"position\":2,\"name\":\"Balsamico Eddike Shop\",\"item\":\"https:\\\/\\\/balsamico.shop\\\/dk\\\/shop\\\/\"},{\"@type\":\"ListItem\",\"position\":3,\"name\":\"Aceto Balsamico Tradizionale di Modena &#8211; Giuseppe Cremonini\"}]},{\"@type\":\"WebSite\",\"@id\":\"https:\\\/\\\/balsamico.shop\\\/dk\\\/#website\",\"url\":\"https:\\\/\\\/balsamico.shop\\\/dk\\\/\",\"name\":\"Aceto Balsamico Shop - Danmark\",\"description\":\"Shop for balsamisk eddike fra Modena og Reggio Emilia\",\"potentialAction\":[{\"@type\":\"SearchAction\",\"target\":{\"@type\":\"EntryPoint\",\"urlTemplate\":\"https:\\\/\\\/balsamico.shop\\\/dk\\\/?s={search_term_string}\"},\"query-input\":{\"@type\":\"PropertyValueSpecification\",\"valueRequired\":true,\"valueName\":\"search_term_string\"}}],\"inLanguage\":\"da-DK\"}]}<\/script>\n<!-- \/ Yoast SEO plugin. -->","yoast_head_json":{"title":"Aceto Balsamico Tradizionale di Modena - Giuseppe Cremonini","robots":{"index":"index","follow":"follow","max-snippet":"max-snippet:-1","max-image-preview":"max-image-preview:large","max-video-preview":"max-video-preview:-1"},"canonical":"https:\/\/balsamico.shop\/dk\/produkt\/aceto-balsamico-tradizionale-di-modena-giuseppe-cremonini\/","og_locale":"da_DK","og_type":"article","og_title":"Aceto Balsamico Tradizionale di Modena - Giuseppe Cremonini","og_description":"Familien Cremonini er en af \u200b\u200bde mest ber\u00f8mte producenter af balsamicoeddike i Italien. Mellem byerne San Donnino og Spilamberto, omgivet af vinstokke og marker, har virksomheden Giuseppe Cremonini produceret aceto-balsamicoeddik i mange \u00e5r. Den traditionelle virksomhed er meget fortrolig med de forskellige industrielle kvalitetsniveauer, og ud over de mange prisoptimerede balsamiske vinegarer til detailhandlen kan Cremonini ogs\u00e5 score med ekstrem h\u00f8j kvalitet. Dette blev for nylig bevist i en test af Stiftung Warentest i Tyskland &#8211; her vandt Giuseppe Cremonini med sin t\u00f8nde modne fremragende aceto-balsamicoeddik! Giuseppe Cremonini fremstiller en Aceto Balsamico Tradizionale di Modena D.O.P. \u00a0i meget sm\u00e5 m\u00e6ngder. Det er den h\u00f8jeste kunst inden for produktion af balsamicoeddike, og i dette omr\u00e5de kan Affinato fuldt ud overbevise med hensyn til smag efter 12 \u00e5rs aldring i tr\u00e6t\u00f8nder. Oplev den ekstraordin\u00e6re smagintensitet af denne Aceto Balsamico Tradizionale di Modena. Du vil straks smage forskellen p\u00e5 andre produkter fra denne producent. Denne Aceto Balsamico Tradizionale best\u00e5r udelukkende af kogt druemost og uden andre tils\u00e6tningsstoffer, is\u00e6r uden tils\u00e6tning af vineddike. Syren integreres udm\u00e6rket i produktet, har en intens og langvarig smag og overbeviser med sin karakteristiske smag af mange \u00e5r med modning. Ingredienser: 100% kogt druemost Bem\u00e6rk: Kan indeholde sulfitter.","og_url":"https:\/\/balsamico.shop\/dk\/produkt\/aceto-balsamico-tradizionale-di-modena-giuseppe-cremonini\/","og_site_name":"Aceto Balsamico Shop - Danmark","article_modified_time":"2025-11-30T20:01:41+00:00","og_image":[{"width":1600,"height":1872,"url":"https:\/\/balsamico.shop\/dk\/wp-content\/uploads\/2020\/06\/aceto-balsamico-tradizionale-di-modena-giuseppe-cremonini-12-lum.jpg","type":"image\/jpeg"}],"twitter_card":"summary_large_image","twitter_misc":{"Estimeret l\u00e6setid":"2 minutter"},"schema":{"@context":"https:\/\/schema.org","@graph":[{"@type":"WebPage","@id":"https:\/\/balsamico.shop\/dk\/produkt\/aceto-balsamico-tradizionale-di-modena-giuseppe-cremonini\/","url":"https:\/\/balsamico.shop\/dk\/produkt\/aceto-balsamico-tradizionale-di-modena-giuseppe-cremonini\/","name":"Aceto Balsamico Tradizionale di Modena - Giuseppe Cremonini","isPartOf":{"@id":"https:\/\/balsamico.shop\/dk\/#website"},"primaryImageOfPage":{"@id":"https:\/\/balsamico.shop\/dk\/produkt\/aceto-balsamico-tradizionale-di-modena-giuseppe-cremonini\/#primaryimage"},"image":{"@id":"https:\/\/balsamico.shop\/dk\/produkt\/aceto-balsamico-tradizionale-di-modena-giuseppe-cremonini\/#primaryimage"},"thumbnailUrl":"https:\/\/balsamico.shop\/dk\/wp-content\/uploads\/2020\/06\/aceto-balsamico-tradizionale-di-modena-giuseppe-cremonini-12-lum.jpg","datePublished":"2020-06-04T06:24:52+00:00","dateModified":"2025-11-30T20:01:41+00:00","breadcrumb":{"@id":"https:\/\/balsamico.shop\/dk\/produkt\/aceto-balsamico-tradizionale-di-modena-giuseppe-cremonini\/#breadcrumb"},"inLanguage":"da-DK","potentialAction":[{"@type":"ReadAction","target":["https:\/\/balsamico.shop\/dk\/produkt\/aceto-balsamico-tradizionale-di-modena-giuseppe-cremonini\/"]}]},{"@type":"ImageObject","inLanguage":"da-DK","@id":"https:\/\/balsamico.shop\/dk\/produkt\/aceto-balsamico-tradizionale-di-modena-giuseppe-cremonini\/#primaryimage","url":"https:\/\/balsamico.shop\/dk\/wp-content\/uploads\/2020\/06\/aceto-balsamico-tradizionale-di-modena-giuseppe-cremonini-12-lum.jpg","contentUrl":"https:\/\/balsamico.shop\/dk\/wp-content\/uploads\/2020\/06\/aceto-balsamico-tradizionale-di-modena-giuseppe-cremonini-12-lum.jpg","width":1600,"height":1872,"caption":"Aceto Balsamico Tradizionale Giuseppe Cremonini"},{"@type":"BreadcrumbList","@id":"https:\/\/balsamico.shop\/dk\/produkt\/aceto-balsamico-tradizionale-di-modena-giuseppe-cremonini\/#breadcrumb","itemListElement":[{"@type":"ListItem","position":1,"name":"Home","item":"https:\/\/balsamico.shop\/dk\/"},{"@type":"ListItem","position":2,"name":"Balsamico Eddike Shop","item":"https:\/\/balsamico.shop\/dk\/shop\/"},{"@type":"ListItem","position":3,"name":"Aceto Balsamico Tradizionale di Modena &#8211; Giuseppe Cremonini"}]},{"@type":"WebSite","@id":"https:\/\/balsamico.shop\/dk\/#website","url":"https:\/\/balsamico.shop\/dk\/","name":"Aceto Balsamico Shop - Danmark","description":"Shop for balsamisk eddike fra Modena og Reggio Emilia","potentialAction":[{"@type":"SearchAction","target":{"@type":"EntryPoint","urlTemplate":"https:\/\/balsamico.shop\/dk\/?s={search_term_string}"},"query-input":{"@type":"PropertyValueSpecification","valueRequired":true,"valueName":"search_term_string"}}],"inLanguage":"da-DK"}]}},"_links":{"self":[{"href":"https:\/\/balsamico.shop\/dk\/wp-json\/wp\/v2\/product\/1540","targetHints":{"allow":["GET"]}}],"collection":[{"href":"https:\/\/balsamico.shop\/dk\/wp-json\/wp\/v2\/product"}],"about":[{"href":"https:\/\/balsamico.shop\/dk\/wp-json\/wp\/v2\/types\/product"}],"wp:featuredmedia":[{"embeddable":true,"href":"https:\/\/balsamico.shop\/dk\/wp-json\/wp\/v2\/media\/1613"}],"wp:attachment":[{"href":"https:\/\/balsamico.shop\/dk\/wp-json\/wp\/v2\/media?parent=1540"}],"wp:term":[{"taxonomy":"product_brand","embeddable":true,"href":"https:\/\/balsamico.shop\/dk\/wp-json\/wp\/v2\/product_brand?post=1540"},{"taxonomy":"product_cat","embeddable":true,"href":"https:\/\/balsamico.shop\/dk\/wp-json\/wp\/v2\/product_cat?post=1540"},{"taxonomy":"product_tag","embeddable":true,"href":"https:\/\/balsamico.shop\/dk\/wp-json\/wp\/v2\/product_tag?post=1540"}],"curies":[{"name":"wp","href":"https:\/\/api.w.org\/{rel}","templated":true}]}}