{"id":1538,"date":"2016-10-02T00:57:39","date_gmt":"2016-10-01T22:57:39","guid":{"rendered":"https:\/\/balsamico.shop\/dk\/?post_type=product&#038;p=1538"},"modified":"2026-04-17T10:27:01","modified_gmt":"2026-04-17T08:27:01","slug":"duetto-aceti-balsamici-tradizionali-12-25-ar-la-secchia","status":"publish","type":"product","link":"https:\/\/balsamico.shop\/dk\/produkt\/duetto-aceti-balsamici-tradizionali-12-25-ar-la-secchia\/","title":{"rendered":"Duetto &#8211; Aceti Balsamici Tradizionali &#8211; 12 + 25 \u00e5r &#8211; La Secchia"},"content":{"rendered":"<p>Den perfekte gave til den balsamiske k\u00e6reste &#8211; &#8220;Il <strong>Duetto<\/strong>&#8221; &#8211; de to perfektioner samles i en lukket enhed. &#8220;Aceto Balsamico Tradizionale di Modena DOP&#8221; og &#8220;Aceto Balsamico Tradizionale di Modena extravecchio DOP&#8221; fra Lorenzo Righi leveres i en smuk, moderne dobbeltboks med en traditionel h\u00e6lder og viser kenderen hele mangfoldigheden af \u200b\u200bModenas traditionelle balsamiske h\u00e5ndv\u00e6rk.<\/p>\n<p><img loading=\"lazy\" decoding=\"async\" class=\"alignnone wp-image-393 size-full\" src=\"https:\/\/balsamico.shop\/dk\/wp-content\/uploads\/2016\/10\/duetto-box.png\" alt=\"Aceto Balsamico Tradizionale 12 ar en 25 ar Modena\" width=\"552\" height=\"505\" srcset=\"https:\/\/balsamico.shop\/dk\/wp-content\/uploads\/2016\/10\/duetto-box.png 552w, https:\/\/balsamico.shop\/dk\/wp-content\/uploads\/2016\/10\/duetto-box-300x274.png 300w, https:\/\/balsamico.shop\/dk\/wp-content\/uploads\/2016\/10\/duetto-box-390x357.png 390w\" sizes=\"auto, (max-width: 552px) 100vw, 552px\" \/><\/p>\n<p>Som koordinator for Club Excellence, et kooperativ for f\u00f8rende vinhandlere og vinimport\u00f8rer i Italien og med sin faglige erfaring inden for vinsektoren, er Lorenzo Righi ogs\u00e5 kyndig inden for vinproduktion. Som operat\u00f8r af sin <a href=\"https:\/\/lasecchia.it\/\" target=\"_blank\" rel=\"noopener noreferrer\">Acetaia La Secchia<\/a> i den sydlige del af Modena giver han ogs\u00e5 interesserede parter en direkte indsigt i balsamico-verdenen med en rundvisning i hans t\u00f8ndeopbevaring og efterf\u00f8lgende smagning:<\/p>\n<p><img loading=\"lazy\" decoding=\"async\" class=\"alignnone wp-image-391 size-full\" src=\"https:\/\/balsamico.shop\/dk\/wp-content\/uploads\/2016\/10\/la-secchia.png\" alt=\"Acetaia La Secchia\" width=\"699\" height=\"747\" srcset=\"https:\/\/balsamico.shop\/dk\/wp-content\/uploads\/2016\/10\/la-secchia.png 699w, https:\/\/balsamico.shop\/dk\/wp-content\/uploads\/2016\/10\/la-secchia-600x641.png 600w, https:\/\/balsamico.shop\/dk\/wp-content\/uploads\/2016\/10\/la-secchia-281x300.png 281w, https:\/\/balsamico.shop\/dk\/wp-content\/uploads\/2016\/10\/la-secchia-390x417.png 390w, https:\/\/balsamico.shop\/dk\/wp-content\/uploads\/2016\/10\/la-secchia-300x321.png 300w\" sizes=\"auto, (max-width: 699px) 100vw, 699px\" \/><\/p>\n<p>Ingredienser: 100% druemost<\/p>\n<p>Bem\u00e6rk: Kan indeholde naturlige sulfitter.<\/p>\n<p>Producent: Antica Acetaia La Secchia di Righi L. &#8211; Via Francesco Ghiaroni, 169\/171 &#8211;\u00a0 41126 Modena &#8211; Italien<\/p>\n","protected":false},"excerpt":{"rendered":"<p>Den perfekte gave til den balsamiske k\u00e6reste &#8211; &#8220;Il Duetto&#8221; &#8211; de to perfektioner samles i en lukket enhed. &#8220;Aceto Balsamico Tradizionale di Modena DOP&#8221; og &#8220;Aceto Balsamico Tradizionale di Modena extravecchio DOP&#8221; fra Lorenzo Righi leveres i en smuk, moderne dobbeltboks med en traditionel h\u00e6lder og viser kenderen hele mangfoldigheden af \u200b\u200bModenas traditionelle balsamiske h\u00e5ndv\u00e6rk. Som koordinator for Club Excellence, et kooperativ for f\u00f8rende vinhandlere og vinimport\u00f8rer i Italien og med sin faglige erfaring inden for vinsektoren, er Lorenzo Righi ogs\u00e5 kyndig inden for vinproduktion. Som operat\u00f8r af sin Acetaia La Secchia i den sydlige del af Modena giver han ogs\u00e5 interesserede parter en direkte indsigt i balsamico-verdenen med en rundvisning i hans t\u00f8ndeopbevaring og efterf\u00f8lgende smagning: Ingredienser: 100% druemost Bem\u00e6rk: Kan indeholde naturlige sulfitter. Producent: Antica Acetaia La Secchia di Righi L. &#8211; Via Francesco Ghiaroni, 169\/171 &#8211;\u00a0 41126 Modena &#8211; Italien<\/p>\n","protected":false},"featured_media":1969,"template":"","meta":[],"product_brand":[],"product_cat":[33],"product_tag":[],"class_list":{"0":"post-1538","1":"product","2":"type-product","3":"status-publish","4":"has-post-thumbnail","6":"product_cat-la-secchia","7":"product_shipping_class-ueber-700","9":"first","10":"instock","11":"taxable","12":"shipping-taxable","13":"purchasable","14":"product-type-simple"},"bundle_layout":"","bundled_by":[],"bundled_items":[],"yoast_head":"<!-- This site is optimized with the Yoast SEO plugin v27.4 - https:\/\/yoast.com\/product\/yoast-seo-wordpress\/ -->\n<title>Duetto - Aceti Balsamici Tradizionali - 12 + 25 \u00e5r - La Secchia<\/title>\n<meta name=\"robots\" content=\"index, follow, max-snippet:-1, max-image-preview:large, max-video-preview:-1\" \/>\n<link rel=\"canonical\" href=\"https:\/\/balsamico.shop\/dk\/produkt\/duetto-aceti-balsamici-tradizionali-12-25-ar-la-secchia\/\" \/>\n<meta property=\"og:locale\" content=\"da_DK\" \/>\n<meta property=\"og:type\" content=\"article\" \/>\n<meta property=\"og:title\" content=\"Duetto - Aceti Balsamici Tradizionali - 12 + 25 \u00e5r - La Secchia\" \/>\n<meta property=\"og:description\" content=\"Den perfekte gave til den balsamiske k\u00e6reste &#8211; &#8220;Il Duetto&#8221; &#8211; de to perfektioner samles i en lukket enhed. &#8220;Aceto Balsamico Tradizionale di Modena DOP&#8221; og &#8220;Aceto Balsamico Tradizionale di Modena extravecchio DOP&#8221; fra Lorenzo Righi leveres i en smuk, moderne dobbeltboks med en traditionel h\u00e6lder og viser kenderen hele mangfoldigheden af \u200b\u200bModenas traditionelle balsamiske h\u00e5ndv\u00e6rk. Som koordinator for Club Excellence, et kooperativ for f\u00f8rende vinhandlere og vinimport\u00f8rer i Italien og med sin faglige erfaring inden for vinsektoren, er Lorenzo Righi ogs\u00e5 kyndig inden for vinproduktion. Som operat\u00f8r af sin Acetaia La Secchia i den sydlige del af Modena giver han ogs\u00e5 interesserede parter en direkte indsigt i balsamico-verdenen med en rundvisning i hans t\u00f8ndeopbevaring og efterf\u00f8lgende smagning: Ingredienser: 100% druemost Bem\u00e6rk: Kan indeholde naturlige sulfitter. Producent: Antica Acetaia La Secchia di Righi L. &#8211; Via Francesco Ghiaroni, 169\/171 &#8211;\u00a0 41126 Modena &#8211; Italien\" \/>\n<meta property=\"og:url\" content=\"https:\/\/balsamico.shop\/dk\/produkt\/duetto-aceti-balsamici-tradizionali-12-25-ar-la-secchia\/\" \/>\n<meta property=\"og:site_name\" content=\"Aceto Balsamico Shop - Danmark\" \/>\n<meta property=\"article:modified_time\" content=\"2026-04-17T08:27:01+00:00\" \/>\n<meta property=\"og:image\" content=\"https:\/\/balsamico.shop\/dk\/wp-content\/uploads\/2016\/10\/duetto-aceto-balsamico-affinato-extravecchio-1.jpg\" \/>\n\t<meta property=\"og:image:width\" content=\"1600\" \/>\n\t<meta property=\"og:image:height\" content=\"1872\" \/>\n\t<meta property=\"og:image:type\" content=\"image\/jpeg\" \/>\n<meta name=\"twitter:card\" content=\"summary_large_image\" \/>\n<meta name=\"twitter:label1\" content=\"Estimeret l\u00e6setid\" \/>\n\t<meta name=\"twitter:data1\" content=\"1 minut\" \/>\n<script type=\"application\/ld+json\" class=\"yoast-schema-graph\">{\"@context\":\"https:\\\/\\\/schema.org\",\"@graph\":[{\"@type\":\"WebPage\",\"@id\":\"https:\\\/\\\/balsamico.shop\\\/dk\\\/produkt\\\/duetto-aceti-balsamici-tradizionali-12-25-ar-la-secchia\\\/\",\"url\":\"https:\\\/\\\/balsamico.shop\\\/dk\\\/produkt\\\/duetto-aceti-balsamici-tradizionali-12-25-ar-la-secchia\\\/\",\"name\":\"Duetto - Aceti Balsamici Tradizionali - 12 + 25 \u00e5r - La Secchia\",\"isPartOf\":{\"@id\":\"https:\\\/\\\/balsamico.shop\\\/dk\\\/#website\"},\"primaryImageOfPage\":{\"@id\":\"https:\\\/\\\/balsamico.shop\\\/dk\\\/produkt\\\/duetto-aceti-balsamici-tradizionali-12-25-ar-la-secchia\\\/#primaryimage\"},\"image\":{\"@id\":\"https:\\\/\\\/balsamico.shop\\\/dk\\\/produkt\\\/duetto-aceti-balsamici-tradizionali-12-25-ar-la-secchia\\\/#primaryimage\"},\"thumbnailUrl\":\"https:\\\/\\\/balsamico.shop\\\/dk\\\/wp-content\\\/uploads\\\/2016\\\/10\\\/duetto-aceto-balsamico-affinato-extravecchio-1.jpg\",\"datePublished\":\"2016-10-01T22:57:39+00:00\",\"dateModified\":\"2026-04-17T08:27:01+00:00\",\"breadcrumb\":{\"@id\":\"https:\\\/\\\/balsamico.shop\\\/dk\\\/produkt\\\/duetto-aceti-balsamici-tradizionali-12-25-ar-la-secchia\\\/#breadcrumb\"},\"inLanguage\":\"da-DK\",\"potentialAction\":[{\"@type\":\"ReadAction\",\"target\":[\"https:\\\/\\\/balsamico.shop\\\/dk\\\/produkt\\\/duetto-aceti-balsamici-tradizionali-12-25-ar-la-secchia\\\/\"]}]},{\"@type\":\"ImageObject\",\"inLanguage\":\"da-DK\",\"@id\":\"https:\\\/\\\/balsamico.shop\\\/dk\\\/produkt\\\/duetto-aceti-balsamici-tradizionali-12-25-ar-la-secchia\\\/#primaryimage\",\"url\":\"https:\\\/\\\/balsamico.shop\\\/dk\\\/wp-content\\\/uploads\\\/2016\\\/10\\\/duetto-aceto-balsamico-affinato-extravecchio-1.jpg\",\"contentUrl\":\"https:\\\/\\\/balsamico.shop\\\/dk\\\/wp-content\\\/uploads\\\/2016\\\/10\\\/duetto-aceto-balsamico-affinato-extravecchio-1.jpg\",\"width\":1600,\"height\":1872},{\"@type\":\"BreadcrumbList\",\"@id\":\"https:\\\/\\\/balsamico.shop\\\/dk\\\/produkt\\\/duetto-aceti-balsamici-tradizionali-12-25-ar-la-secchia\\\/#breadcrumb\",\"itemListElement\":[{\"@type\":\"ListItem\",\"position\":1,\"name\":\"Home\",\"item\":\"https:\\\/\\\/balsamico.shop\\\/dk\\\/\"},{\"@type\":\"ListItem\",\"position\":2,\"name\":\"Balsamico Eddike Shop\",\"item\":\"https:\\\/\\\/balsamico.shop\\\/dk\\\/shop\\\/\"},{\"@type\":\"ListItem\",\"position\":3,\"name\":\"Duetto &#8211; Aceti Balsamici Tradizionali &#8211; 12 + 25 \u00e5r &#8211; La Secchia\"}]},{\"@type\":\"WebSite\",\"@id\":\"https:\\\/\\\/balsamico.shop\\\/dk\\\/#website\",\"url\":\"https:\\\/\\\/balsamico.shop\\\/dk\\\/\",\"name\":\"Aceto Balsamico Shop - Danmark\",\"description\":\"Shop for balsamisk eddike fra Modena og Reggio Emilia\",\"potentialAction\":[{\"@type\":\"SearchAction\",\"target\":{\"@type\":\"EntryPoint\",\"urlTemplate\":\"https:\\\/\\\/balsamico.shop\\\/dk\\\/?s={search_term_string}\"},\"query-input\":{\"@type\":\"PropertyValueSpecification\",\"valueRequired\":true,\"valueName\":\"search_term_string\"}}],\"inLanguage\":\"da-DK\"}]}<\/script>\n<!-- \/ Yoast SEO plugin. -->","yoast_head_json":{"title":"Duetto - Aceti Balsamici Tradizionali - 12 + 25 \u00e5r - La Secchia","robots":{"index":"index","follow":"follow","max-snippet":"max-snippet:-1","max-image-preview":"max-image-preview:large","max-video-preview":"max-video-preview:-1"},"canonical":"https:\/\/balsamico.shop\/dk\/produkt\/duetto-aceti-balsamici-tradizionali-12-25-ar-la-secchia\/","og_locale":"da_DK","og_type":"article","og_title":"Duetto - Aceti Balsamici Tradizionali - 12 + 25 \u00e5r - La Secchia","og_description":"Den perfekte gave til den balsamiske k\u00e6reste &#8211; &#8220;Il Duetto&#8221; &#8211; de to perfektioner samles i en lukket enhed. &#8220;Aceto Balsamico Tradizionale di Modena DOP&#8221; og &#8220;Aceto Balsamico Tradizionale di Modena extravecchio DOP&#8221; fra Lorenzo Righi leveres i en smuk, moderne dobbeltboks med en traditionel h\u00e6lder og viser kenderen hele mangfoldigheden af \u200b\u200bModenas traditionelle balsamiske h\u00e5ndv\u00e6rk. Som koordinator for Club Excellence, et kooperativ for f\u00f8rende vinhandlere og vinimport\u00f8rer i Italien og med sin faglige erfaring inden for vinsektoren, er Lorenzo Righi ogs\u00e5 kyndig inden for vinproduktion. Som operat\u00f8r af sin Acetaia La Secchia i den sydlige del af Modena giver han ogs\u00e5 interesserede parter en direkte indsigt i balsamico-verdenen med en rundvisning i hans t\u00f8ndeopbevaring og efterf\u00f8lgende smagning: Ingredienser: 100% druemost Bem\u00e6rk: Kan indeholde naturlige sulfitter. Producent: Antica Acetaia La Secchia di Righi L. &#8211; Via Francesco Ghiaroni, 169\/171 &#8211;\u00a0 41126 Modena &#8211; Italien","og_url":"https:\/\/balsamico.shop\/dk\/produkt\/duetto-aceti-balsamici-tradizionali-12-25-ar-la-secchia\/","og_site_name":"Aceto Balsamico Shop - Danmark","article_modified_time":"2026-04-17T08:27:01+00:00","og_image":[{"width":1600,"height":1872,"url":"https:\/\/balsamico.shop\/dk\/wp-content\/uploads\/2016\/10\/duetto-aceto-balsamico-affinato-extravecchio-1.jpg","type":"image\/jpeg"}],"twitter_card":"summary_large_image","twitter_misc":{"Estimeret l\u00e6setid":"1 minut"},"schema":{"@context":"https:\/\/schema.org","@graph":[{"@type":"WebPage","@id":"https:\/\/balsamico.shop\/dk\/produkt\/duetto-aceti-balsamici-tradizionali-12-25-ar-la-secchia\/","url":"https:\/\/balsamico.shop\/dk\/produkt\/duetto-aceti-balsamici-tradizionali-12-25-ar-la-secchia\/","name":"Duetto - Aceti Balsamici Tradizionali - 12 + 25 \u00e5r - La Secchia","isPartOf":{"@id":"https:\/\/balsamico.shop\/dk\/#website"},"primaryImageOfPage":{"@id":"https:\/\/balsamico.shop\/dk\/produkt\/duetto-aceti-balsamici-tradizionali-12-25-ar-la-secchia\/#primaryimage"},"image":{"@id":"https:\/\/balsamico.shop\/dk\/produkt\/duetto-aceti-balsamici-tradizionali-12-25-ar-la-secchia\/#primaryimage"},"thumbnailUrl":"https:\/\/balsamico.shop\/dk\/wp-content\/uploads\/2016\/10\/duetto-aceto-balsamico-affinato-extravecchio-1.jpg","datePublished":"2016-10-01T22:57:39+00:00","dateModified":"2026-04-17T08:27:01+00:00","breadcrumb":{"@id":"https:\/\/balsamico.shop\/dk\/produkt\/duetto-aceti-balsamici-tradizionali-12-25-ar-la-secchia\/#breadcrumb"},"inLanguage":"da-DK","potentialAction":[{"@type":"ReadAction","target":["https:\/\/balsamico.shop\/dk\/produkt\/duetto-aceti-balsamici-tradizionali-12-25-ar-la-secchia\/"]}]},{"@type":"ImageObject","inLanguage":"da-DK","@id":"https:\/\/balsamico.shop\/dk\/produkt\/duetto-aceti-balsamici-tradizionali-12-25-ar-la-secchia\/#primaryimage","url":"https:\/\/balsamico.shop\/dk\/wp-content\/uploads\/2016\/10\/duetto-aceto-balsamico-affinato-extravecchio-1.jpg","contentUrl":"https:\/\/balsamico.shop\/dk\/wp-content\/uploads\/2016\/10\/duetto-aceto-balsamico-affinato-extravecchio-1.jpg","width":1600,"height":1872},{"@type":"BreadcrumbList","@id":"https:\/\/balsamico.shop\/dk\/produkt\/duetto-aceti-balsamici-tradizionali-12-25-ar-la-secchia\/#breadcrumb","itemListElement":[{"@type":"ListItem","position":1,"name":"Home","item":"https:\/\/balsamico.shop\/dk\/"},{"@type":"ListItem","position":2,"name":"Balsamico Eddike Shop","item":"https:\/\/balsamico.shop\/dk\/shop\/"},{"@type":"ListItem","position":3,"name":"Duetto &#8211; Aceti Balsamici Tradizionali &#8211; 12 + 25 \u00e5r &#8211; La Secchia"}]},{"@type":"WebSite","@id":"https:\/\/balsamico.shop\/dk\/#website","url":"https:\/\/balsamico.shop\/dk\/","name":"Aceto Balsamico Shop - Danmark","description":"Shop for balsamisk eddike fra Modena og Reggio Emilia","potentialAction":[{"@type":"SearchAction","target":{"@type":"EntryPoint","urlTemplate":"https:\/\/balsamico.shop\/dk\/?s={search_term_string}"},"query-input":{"@type":"PropertyValueSpecification","valueRequired":true,"valueName":"search_term_string"}}],"inLanguage":"da-DK"}]}},"_links":{"self":[{"href":"https:\/\/balsamico.shop\/dk\/wp-json\/wp\/v2\/product\/1538","targetHints":{"allow":["GET"]}}],"collection":[{"href":"https:\/\/balsamico.shop\/dk\/wp-json\/wp\/v2\/product"}],"about":[{"href":"https:\/\/balsamico.shop\/dk\/wp-json\/wp\/v2\/types\/product"}],"wp:featuredmedia":[{"embeddable":true,"href":"https:\/\/balsamico.shop\/dk\/wp-json\/wp\/v2\/media\/1969"}],"wp:attachment":[{"href":"https:\/\/balsamico.shop\/dk\/wp-json\/wp\/v2\/media?parent=1538"}],"wp:term":[{"taxonomy":"product_brand","embeddable":true,"href":"https:\/\/balsamico.shop\/dk\/wp-json\/wp\/v2\/product_brand?post=1538"},{"taxonomy":"product_cat","embeddable":true,"href":"https:\/\/balsamico.shop\/dk\/wp-json\/wp\/v2\/product_cat?post=1538"},{"taxonomy":"product_tag","embeddable":true,"href":"https:\/\/balsamico.shop\/dk\/wp-json\/wp\/v2\/product_tag?post=1538"}],"curies":[{"name":"wp","href":"https:\/\/api.w.org\/{rel}","templated":true}]}}