{"id":1426,"date":"2017-01-14T21:28:29","date_gmt":"2017-01-14T20:28:29","guid":{"rendered":"https:\/\/balsamico.shop\/dk\/?post_type=product&#038;p=1426"},"modified":"2026-05-13T17:25:21","modified_gmt":"2026-05-13T15:25:21","slug":"balsamico-cavalli-druemost","status":"publish","type":"product","link":"https:\/\/balsamico.shop\/dk\/produkt\/balsamico-cavalli-druemost\/","title":{"rendered":"Condimento Balsamico Cavalli &#8211; 100% druemost"},"content":{"rendered":"<p>Igen og igen blev vi spurgt af vores kunder, hvis vi ikke kan tilbyde ogs\u00e5 en balsamicoeddike, som er meget t\u00e6t p\u00e5 en rigtig traditionel, men ikke s\u00e5 dyr. En daglig balsamico, som du ogs\u00e5 kan nyde ubekymret uden direkte at t\u00e6nke p\u00e5 prisen.<\/p>\n<p>Prisen p\u00e5 en \u00e6gte Aceto BalsamicoTradizionale er f\u00f8rst og fremmest den tid det tager for sin modning, dens tekstur og dens komplekse smag. Tiden st\u00e5r for en balsamico i ordets rigtige forstand. N\u00e6sten alle Acetaia i Modena eller Reggio Emilia s\u00e6lger sammen med Aceto Balsamico Tradizionale di Modena D.O.P. ogs\u00e5 en kondimento &#8211; s\u00e5 en krydret sauce eller en forl\u00f8ber af Tradizionale. Acetaia Cavalli Ferdinando fra Scandiano i provinsen Reggio Emilia, hvorfra Aceto Balsamico Tradizionale di Reggio Emilia kommer fra.<\/p>\n<p><img loading=\"lazy\" decoding=\"async\" width=\"843\" height=\"160\" class=\"alignnone wp-image-585 size-full\" src=\"https:\/\/balsamico.shop\/dk\/wp-content\/uploads\/2017\/01\/cavalli-logo.jpg\" alt=\"Balsamico\" srcset=\"https:\/\/balsamico.shop\/dk\/wp-content\/uploads\/2017\/01\/cavalli-logo.jpg 843w, https:\/\/balsamico.shop\/dk\/wp-content\/uploads\/2017\/01\/cavalli-logo-600x114.jpg 600w, https:\/\/balsamico.shop\/dk\/wp-content\/uploads\/2017\/01\/cavalli-logo-300x57.jpg 300w, https:\/\/balsamico.shop\/dk\/wp-content\/uploads\/2017\/01\/cavalli-logo-768x146.jpg 768w, https:\/\/balsamico.shop\/dk\/wp-content\/uploads\/2017\/01\/cavalli-logo-390x74.jpg 390w\" sizes=\"auto, (max-width: 843px) 100vw, 843px\" \/><\/p>\n<p>Condimento Balsamico Cavalli &#8220;<strong>Riserva Nando<\/strong>&#8221; er en forl\u00f8ber for den traditionelle balsamicoeddike. Selv om det modnes &#8220;kun&#8221; fem til otte \u00e5r i t\u00f8nder Acetaia Cavalli, men det allerede har konsistens til en &#8220;rigtig&#8221; &#8211; ikke helt s\u00e5 kompliceret og finanlisiert ligesom en Tradizionale men denne balsamisk eddike imponerer med sin renhed og sin karakteristiske smag af Trebbiano drue og ikke mindst af prisen.<\/p>\n<p>Ingredienser: <strong>100%<\/strong> kogt druemost, sorteret fra <strong>Trebbiano<\/strong> druen<\/p>\n<p>Denne balsamicoeddike er glutenfri, uden vineddike, uden farvestoffer uden fors\u00e6tningsmidler, uden konserveringsmidler, uden smagsstoffer!<\/p>\n<p>Producent: Cavalli cav. Ferdinando srl &#8211;\u00a0 Via del Cristo 6\/ab &#8211; 42019 Scandiano Reggio Emilia &#8211; Italien<\/p>\n","protected":false},"excerpt":{"rendered":"<p>Igen og igen blev vi spurgt af vores kunder, hvis vi ikke kan tilbyde ogs\u00e5 en balsamicoeddike, som er meget t\u00e6t p\u00e5 en rigtig traditionel, men ikke s\u00e5 dyr. En daglig balsamico, som du ogs\u00e5 kan nyde ubekymret uden direkte at t\u00e6nke p\u00e5 prisen. Prisen p\u00e5 en \u00e6gte Aceto BalsamicoTradizionale er f\u00f8rst og fremmest den tid det tager for sin modning, dens tekstur og dens komplekse smag. Tiden st\u00e5r for en balsamico i ordets rigtige forstand. N\u00e6sten alle Acetaia i Modena eller Reggio Emilia s\u00e6lger sammen med Aceto Balsamico Tradizionale di Modena D.O.P. ogs\u00e5 en kondimento &#8211; s\u00e5 en krydret sauce eller en forl\u00f8ber af Tradizionale. Acetaia Cavalli Ferdinando fra Scandiano i provinsen Reggio Emilia, hvorfra Aceto Balsamico Tradizionale di Reggio Emilia kommer fra. Condimento Balsamico Cavalli &#8220;Riserva Nando&#8221; er en forl\u00f8ber for den traditionelle balsamicoeddike. Selv om det modnes &#8220;kun&#8221; fem til otte \u00e5r i t\u00f8nder Acetaia Cavalli, men det allerede har konsistens til en &#8220;rigtig&#8221; &#8211; ikke helt s\u00e5 kompliceret og finanlisiert ligesom en Tradizionale men denne balsamisk eddike imponerer med sin renhed og sin karakteristiske smag af Trebbiano drue og ikke mindst af prisen. Ingredienser: 100% kogt druemost, sorteret fra Trebbiano druen Denne balsamicoeddike er glutenfri, uden vineddike, uden farvestoffer uden fors\u00e6tningsmidler, uden konserveringsmidler, uden smagsstoffer! Producent: Cavalli cav. Ferdinando srl &#8211;\u00a0 Via del Cristo 6\/ab &#8211; 42019 Scandiano Reggio Emilia &#8211; Italien<\/p>\n","protected":false},"featured_media":1970,"template":"","meta":[],"product_brand":[],"product_cat":[31],"product_tag":[],"class_list":{"0":"post-1426","1":"product","2":"type-product","3":"status-publish","4":"has-post-thumbnail","6":"product_cat-cavalli","8":"first","9":"instock","10":"taxable","11":"shipping-taxable","12":"purchasable","13":"product-type-simple"},"bundle_layout":"","bundled_by":[],"bundled_items":[],"yoast_head":"<!-- This site is optimized with the Yoast SEO plugin v27.5 - https:\/\/yoast.com\/product\/yoast-seo-wordpress\/ -->\n<title>Condimento Balsamico Cavalli - 100% druemost - Balsamico Shop<\/title>\n<meta name=\"robots\" content=\"index, follow, max-snippet:-1, max-image-preview:large, max-video-preview:-1\" \/>\n<link rel=\"canonical\" href=\"https:\/\/balsamico.shop\/dk\/produkt\/balsamico-cavalli-druemost\/\" \/>\n<meta property=\"og:locale\" content=\"da_DK\" \/>\n<meta property=\"og:type\" content=\"article\" \/>\n<meta property=\"og:title\" content=\"Condimento Balsamico Cavalli - 100% druemost - Balsamico Shop\" \/>\n<meta property=\"og:description\" content=\"Igen og igen blev vi spurgt af vores kunder, hvis vi ikke kan tilbyde ogs\u00e5 en balsamicoeddike, som er meget t\u00e6t p\u00e5 en rigtig traditionel, men ikke s\u00e5 dyr. En daglig balsamico, som du ogs\u00e5 kan nyde ubekymret uden direkte at t\u00e6nke p\u00e5 prisen. Prisen p\u00e5 en \u00e6gte Aceto BalsamicoTradizionale er f\u00f8rst og fremmest den tid det tager for sin modning, dens tekstur og dens komplekse smag. Tiden st\u00e5r for en balsamico i ordets rigtige forstand. N\u00e6sten alle Acetaia i Modena eller Reggio Emilia s\u00e6lger sammen med Aceto Balsamico Tradizionale di Modena D.O.P. ogs\u00e5 en kondimento &#8211; s\u00e5 en krydret sauce eller en forl\u00f8ber af Tradizionale. Acetaia Cavalli Ferdinando fra Scandiano i provinsen Reggio Emilia, hvorfra Aceto Balsamico Tradizionale di Reggio Emilia kommer fra. Condimento Balsamico Cavalli &#8220;Riserva Nando&#8221; er en forl\u00f8ber for den traditionelle balsamicoeddike. Selv om det modnes &#8220;kun&#8221; fem til otte \u00e5r i t\u00f8nder Acetaia Cavalli, men det allerede har konsistens til en &#8220;rigtig&#8221; &#8211; ikke helt s\u00e5 kompliceret og finanlisiert ligesom en Tradizionale men denne balsamisk eddike imponerer med sin renhed og sin karakteristiske smag af Trebbiano drue og ikke mindst af prisen. Ingredienser: 100% kogt druemost, sorteret fra Trebbiano druen Denne balsamicoeddike er glutenfri, uden vineddike, uden farvestoffer uden fors\u00e6tningsmidler, uden konserveringsmidler, uden smagsstoffer! Producent: Cavalli cav. Ferdinando srl &#8211;\u00a0 Via del Cristo 6\/ab &#8211; 42019 Scandiano Reggio Emilia &#8211; Italien\" \/>\n<meta property=\"og:url\" content=\"https:\/\/balsamico.shop\/dk\/produkt\/balsamico-cavalli-druemost\/\" \/>\n<meta property=\"og:site_name\" content=\"Aceto Balsamico Shop - Danmark\" \/>\n<meta property=\"article:modified_time\" content=\"2026-05-13T15:25:21+00:00\" \/>\n<meta property=\"og:image\" content=\"https:\/\/balsamico.shop\/dk\/wp-content\/uploads\/2017\/01\/balsamico-riserva-nando.jpg\" \/>\n\t<meta property=\"og:image:width\" content=\"1600\" \/>\n\t<meta property=\"og:image:height\" content=\"1872\" \/>\n\t<meta property=\"og:image:type\" content=\"image\/jpeg\" \/>\n<meta name=\"twitter:card\" content=\"summary_large_image\" \/>\n<meta name=\"twitter:label1\" content=\"Estimeret l\u00e6setid\" \/>\n\t<meta name=\"twitter:data1\" content=\"1 minut\" \/>\n<script type=\"application\/ld+json\" class=\"yoast-schema-graph\">{\"@context\":\"https:\\\/\\\/schema.org\",\"@graph\":[{\"@type\":\"WebPage\",\"@id\":\"https:\\\/\\\/balsamico.shop\\\/dk\\\/produkt\\\/balsamico-cavalli-druemost\\\/\",\"url\":\"https:\\\/\\\/balsamico.shop\\\/dk\\\/produkt\\\/balsamico-cavalli-druemost\\\/\",\"name\":\"Condimento Balsamico Cavalli - 100% druemost - Balsamico Shop\",\"isPartOf\":{\"@id\":\"https:\\\/\\\/balsamico.shop\\\/dk\\\/#website\"},\"primaryImageOfPage\":{\"@id\":\"https:\\\/\\\/balsamico.shop\\\/dk\\\/produkt\\\/balsamico-cavalli-druemost\\\/#primaryimage\"},\"image\":{\"@id\":\"https:\\\/\\\/balsamico.shop\\\/dk\\\/produkt\\\/balsamico-cavalli-druemost\\\/#primaryimage\"},\"thumbnailUrl\":\"https:\\\/\\\/balsamico.shop\\\/dk\\\/wp-content\\\/uploads\\\/2017\\\/01\\\/balsamico-riserva-nando.jpg\",\"datePublished\":\"2017-01-14T20:28:29+00:00\",\"dateModified\":\"2026-05-13T15:25:21+00:00\",\"breadcrumb\":{\"@id\":\"https:\\\/\\\/balsamico.shop\\\/dk\\\/produkt\\\/balsamico-cavalli-druemost\\\/#breadcrumb\"},\"inLanguage\":\"da-DK\",\"potentialAction\":[{\"@type\":\"ReadAction\",\"target\":[\"https:\\\/\\\/balsamico.shop\\\/dk\\\/produkt\\\/balsamico-cavalli-druemost\\\/\"]}]},{\"@type\":\"ImageObject\",\"inLanguage\":\"da-DK\",\"@id\":\"https:\\\/\\\/balsamico.shop\\\/dk\\\/produkt\\\/balsamico-cavalli-druemost\\\/#primaryimage\",\"url\":\"https:\\\/\\\/balsamico.shop\\\/dk\\\/wp-content\\\/uploads\\\/2017\\\/01\\\/balsamico-riserva-nando.jpg\",\"contentUrl\":\"https:\\\/\\\/balsamico.shop\\\/dk\\\/wp-content\\\/uploads\\\/2017\\\/01\\\/balsamico-riserva-nando.jpg\",\"width\":1600,\"height\":1872},{\"@type\":\"BreadcrumbList\",\"@id\":\"https:\\\/\\\/balsamico.shop\\\/dk\\\/produkt\\\/balsamico-cavalli-druemost\\\/#breadcrumb\",\"itemListElement\":[{\"@type\":\"ListItem\",\"position\":1,\"name\":\"Home\",\"item\":\"https:\\\/\\\/balsamico.shop\\\/dk\\\/\"},{\"@type\":\"ListItem\",\"position\":2,\"name\":\"Balsamico Eddike Shop\",\"item\":\"https:\\\/\\\/balsamico.shop\\\/dk\\\/shop\\\/\"},{\"@type\":\"ListItem\",\"position\":3,\"name\":\"Condimento Balsamico Cavalli &#8211; 100% druemost\"}]},{\"@type\":\"WebSite\",\"@id\":\"https:\\\/\\\/balsamico.shop\\\/dk\\\/#website\",\"url\":\"https:\\\/\\\/balsamico.shop\\\/dk\\\/\",\"name\":\"Aceto Balsamico Shop - Danmark\",\"description\":\"Shop for balsamisk eddike fra Modena og Reggio Emilia\",\"potentialAction\":[{\"@type\":\"SearchAction\",\"target\":{\"@type\":\"EntryPoint\",\"urlTemplate\":\"https:\\\/\\\/balsamico.shop\\\/dk\\\/?s={search_term_string}\"},\"query-input\":{\"@type\":\"PropertyValueSpecification\",\"valueRequired\":true,\"valueName\":\"search_term_string\"}}],\"inLanguage\":\"da-DK\"}]}<\/script>\n<!-- \/ Yoast SEO plugin. -->","yoast_head_json":{"title":"Condimento Balsamico Cavalli - 100% druemost - Balsamico Shop","robots":{"index":"index","follow":"follow","max-snippet":"max-snippet:-1","max-image-preview":"max-image-preview:large","max-video-preview":"max-video-preview:-1"},"canonical":"https:\/\/balsamico.shop\/dk\/produkt\/balsamico-cavalli-druemost\/","og_locale":"da_DK","og_type":"article","og_title":"Condimento Balsamico Cavalli - 100% druemost - Balsamico Shop","og_description":"Igen og igen blev vi spurgt af vores kunder, hvis vi ikke kan tilbyde ogs\u00e5 en balsamicoeddike, som er meget t\u00e6t p\u00e5 en rigtig traditionel, men ikke s\u00e5 dyr. En daglig balsamico, som du ogs\u00e5 kan nyde ubekymret uden direkte at t\u00e6nke p\u00e5 prisen. Prisen p\u00e5 en \u00e6gte Aceto BalsamicoTradizionale er f\u00f8rst og fremmest den tid det tager for sin modning, dens tekstur og dens komplekse smag. Tiden st\u00e5r for en balsamico i ordets rigtige forstand. N\u00e6sten alle Acetaia i Modena eller Reggio Emilia s\u00e6lger sammen med Aceto Balsamico Tradizionale di Modena D.O.P. ogs\u00e5 en kondimento &#8211; s\u00e5 en krydret sauce eller en forl\u00f8ber af Tradizionale. Acetaia Cavalli Ferdinando fra Scandiano i provinsen Reggio Emilia, hvorfra Aceto Balsamico Tradizionale di Reggio Emilia kommer fra. Condimento Balsamico Cavalli &#8220;Riserva Nando&#8221; er en forl\u00f8ber for den traditionelle balsamicoeddike. Selv om det modnes &#8220;kun&#8221; fem til otte \u00e5r i t\u00f8nder Acetaia Cavalli, men det allerede har konsistens til en &#8220;rigtig&#8221; &#8211; ikke helt s\u00e5 kompliceret og finanlisiert ligesom en Tradizionale men denne balsamisk eddike imponerer med sin renhed og sin karakteristiske smag af Trebbiano drue og ikke mindst af prisen. Ingredienser: 100% kogt druemost, sorteret fra Trebbiano druen Denne balsamicoeddike er glutenfri, uden vineddike, uden farvestoffer uden fors\u00e6tningsmidler, uden konserveringsmidler, uden smagsstoffer! Producent: Cavalli cav. Ferdinando srl &#8211;\u00a0 Via del Cristo 6\/ab &#8211; 42019 Scandiano Reggio Emilia &#8211; Italien","og_url":"https:\/\/balsamico.shop\/dk\/produkt\/balsamico-cavalli-druemost\/","og_site_name":"Aceto Balsamico Shop - Danmark","article_modified_time":"2026-05-13T15:25:21+00:00","og_image":[{"width":1600,"height":1872,"url":"https:\/\/balsamico.shop\/dk\/wp-content\/uploads\/2017\/01\/balsamico-riserva-nando.jpg","type":"image\/jpeg"}],"twitter_card":"summary_large_image","twitter_misc":{"Estimeret l\u00e6setid":"1 minut"},"schema":{"@context":"https:\/\/schema.org","@graph":[{"@type":"WebPage","@id":"https:\/\/balsamico.shop\/dk\/produkt\/balsamico-cavalli-druemost\/","url":"https:\/\/balsamico.shop\/dk\/produkt\/balsamico-cavalli-druemost\/","name":"Condimento Balsamico Cavalli - 100% druemost - Balsamico Shop","isPartOf":{"@id":"https:\/\/balsamico.shop\/dk\/#website"},"primaryImageOfPage":{"@id":"https:\/\/balsamico.shop\/dk\/produkt\/balsamico-cavalli-druemost\/#primaryimage"},"image":{"@id":"https:\/\/balsamico.shop\/dk\/produkt\/balsamico-cavalli-druemost\/#primaryimage"},"thumbnailUrl":"https:\/\/balsamico.shop\/dk\/wp-content\/uploads\/2017\/01\/balsamico-riserva-nando.jpg","datePublished":"2017-01-14T20:28:29+00:00","dateModified":"2026-05-13T15:25:21+00:00","breadcrumb":{"@id":"https:\/\/balsamico.shop\/dk\/produkt\/balsamico-cavalli-druemost\/#breadcrumb"},"inLanguage":"da-DK","potentialAction":[{"@type":"ReadAction","target":["https:\/\/balsamico.shop\/dk\/produkt\/balsamico-cavalli-druemost\/"]}]},{"@type":"ImageObject","inLanguage":"da-DK","@id":"https:\/\/balsamico.shop\/dk\/produkt\/balsamico-cavalli-druemost\/#primaryimage","url":"https:\/\/balsamico.shop\/dk\/wp-content\/uploads\/2017\/01\/balsamico-riserva-nando.jpg","contentUrl":"https:\/\/balsamico.shop\/dk\/wp-content\/uploads\/2017\/01\/balsamico-riserva-nando.jpg","width":1600,"height":1872},{"@type":"BreadcrumbList","@id":"https:\/\/balsamico.shop\/dk\/produkt\/balsamico-cavalli-druemost\/#breadcrumb","itemListElement":[{"@type":"ListItem","position":1,"name":"Home","item":"https:\/\/balsamico.shop\/dk\/"},{"@type":"ListItem","position":2,"name":"Balsamico Eddike Shop","item":"https:\/\/balsamico.shop\/dk\/shop\/"},{"@type":"ListItem","position":3,"name":"Condimento Balsamico Cavalli &#8211; 100% druemost"}]},{"@type":"WebSite","@id":"https:\/\/balsamico.shop\/dk\/#website","url":"https:\/\/balsamico.shop\/dk\/","name":"Aceto Balsamico Shop - Danmark","description":"Shop for balsamisk eddike fra Modena og Reggio Emilia","potentialAction":[{"@type":"SearchAction","target":{"@type":"EntryPoint","urlTemplate":"https:\/\/balsamico.shop\/dk\/?s={search_term_string}"},"query-input":{"@type":"PropertyValueSpecification","valueRequired":true,"valueName":"search_term_string"}}],"inLanguage":"da-DK"}]}},"_links":{"self":[{"href":"https:\/\/balsamico.shop\/dk\/wp-json\/wp\/v2\/product\/1426","targetHints":{"allow":["GET"]}}],"collection":[{"href":"https:\/\/balsamico.shop\/dk\/wp-json\/wp\/v2\/product"}],"about":[{"href":"https:\/\/balsamico.shop\/dk\/wp-json\/wp\/v2\/types\/product"}],"wp:featuredmedia":[{"embeddable":true,"href":"https:\/\/balsamico.shop\/dk\/wp-json\/wp\/v2\/media\/1970"}],"wp:attachment":[{"href":"https:\/\/balsamico.shop\/dk\/wp-json\/wp\/v2\/media?parent=1426"}],"wp:term":[{"taxonomy":"product_brand","embeddable":true,"href":"https:\/\/balsamico.shop\/dk\/wp-json\/wp\/v2\/product_brand?post=1426"},{"taxonomy":"product_cat","embeddable":true,"href":"https:\/\/balsamico.shop\/dk\/wp-json\/wp\/v2\/product_cat?post=1426"},{"taxonomy":"product_tag","embeddable":true,"href":"https:\/\/balsamico.shop\/dk\/wp-json\/wp\/v2\/product_tag?post=1426"}],"curies":[{"name":"wp","href":"https:\/\/api.w.org\/{rel}","templated":true}]}}