{"id":1372,"date":"2016-09-22T13:53:17","date_gmt":"2016-09-22T11:53:17","guid":{"rendered":"https:\/\/balsamico.shop\/dk\/?post_type=product&#038;p=1372"},"modified":"2026-03-11T11:24:36","modified_gmt":"2026-03-11T10:24:36","slug":"abt-di-re-12-ar-cavalli","status":"publish","type":"product","link":"https:\/\/balsamico.shop\/dk\/produkt\/abt-di-re-12-ar-cavalli\/","title":{"rendered":"Cavalli &#8211; Aceto Balsamico Tradizionale di Reggio Emilia &#8211; 12 \u00e5r &#8211; S\u00f8lv"},"content":{"rendered":"<p><strong>Giovanni Cavalli<\/strong> producerer k\u00e6rligt sin Aceto Balsamico Tradizionale di Reggio Emilia &#8211; Argento (S\u00f8lv) i Scandiano, en lille by i provinsen Reggio Emilia. Cavalli bruger kun de s\u00f8de Trebbiano druer fra regionen Reggio Emilia til sin ABT og er blevet godkendt til kommercialisering af Aceto Balsamico Tradizionale di Reggio Emilia D.O.P for mere end 30 \u00e5r siden, hvilket g\u00f8r det til en af de f\u00f8rste i regionen. Serien p\u00e5 salg her blev opbevaret i fem tr\u00e6fat i f\u00f8lgende r\u00e6kkef\u00f8lge: eg, kastanje, eneb\u00e6r, kirseb\u00e6r, morb\u00e6r. T\u00e6theden, der beskriver den sirupagtige egenskab, ligger mellem 1,33 og 1,34 i denne balsamicoeddike, hvilket er langt over minimumskravet p\u00e5 1,2. Denne serie omfatter kun <strong>551 flasker<\/strong> over hele verden.<\/p>\n<p><strong>12 \u00e5r og allerede s\u00f8lv?<\/strong><\/p>\n<p>Til trods for opbevaring af 12 \u00e5r tildeles dette balsamico s\u00f8lv-Argento-seglet, fordi det kun er f\u00e5, at forseglingen er tildelt i overensstemmelse med ministeriets specifikationer for antallet af kvalitetspunkter. Denne eddike n\u00e5r det tilstr\u00e6kkelige antal kvalitetspunkter efter kun 12 \u00e5r for at f\u00e5 s\u00f8lvforseglingen. I henhold til bekendtg\u00f8relsens <a href=\"https:\/\/translate.google.de\/translate?hl=da&amp;sl=it&amp;tl=da&amp;u=https%3A%2F%2Fdemetra.bmti.it%2FCaricaPdfDopIgp.do%3Fc%3D20_Aceto%20balsamico%20tradizionale%20di%20Reggio%20Emilia%20DOP\" target=\"_blank\" rel=\"noopener noreferrer\">artikel 6<\/a> skal scoren n\u00e5 over <strong>270 point<\/strong> &#8211; dette kriterium er n\u00e5et af denne serie og b\u00e6rer med rette s\u00f8lvforseglingen.<\/p>\n<p>Hver aftappning er kvalitetsstyret og certificeret af ministeriet for landbrug, f\u00f8devarer og skovbrug. Du genkender originalen p\u00e5 voksforseglingen, som var forsynet med bogstaverne: &#8220;DOP ABTRE&#8221;. Flaskeformen, der ligner en tulipan, er ordineret til denne balsamicoeddike. Flasken er m\u00e6rket med D.O.P-forseglingen, og etiketten indeholder s\u00e6tningen: &#8220;Certificato da organismo di controllo autorizzato dal <a href=\"https:\/\/www.politicheagricole.it\/flex\/cm\/pages\/ServeBLOB.php\/L\/IT\/IDPagina\/202\" target=\"_blank\" rel=\"noopener noreferrer\">Mipaaf<\/a>&#8221; og bekr\u00e6fter godkendelsestesten af ministeriet.<\/p>\n<p><span title=\"Zutaten: 100% gekochter Trauenmost keine zus\u00e4tzlichen Sulfite.\">Ingredienser: 100% kogt druemost. <\/span><span title=\"Glutenfrei. \">Gluten fri.<\/span><\/p>\n<p>Bem\u00e6rk: indeholder ingen sulfitter<\/p>\n<p>Producent: Cavalli cav. Ferdinando srl &#8211; Via del Cristo 6\/ab &#8211; 42019 Scandiano Reggio Emilia &#8211; Italien<\/p>\n","protected":false},"excerpt":{"rendered":"<p>Giovanni Cavalli producerer k\u00e6rligt sin Aceto Balsamico Tradizionale di Reggio Emilia &#8211; Argento (S\u00f8lv) i Scandiano, en lille by i provinsen Reggio Emilia. Cavalli bruger kun de s\u00f8de Trebbiano druer fra regionen Reggio Emilia til sin ABT og er blevet godkendt til kommercialisering af Aceto Balsamico Tradizionale di Reggio Emilia D.O.P for mere end 30 \u00e5r siden, hvilket g\u00f8r det til en af de f\u00f8rste i regionen. Serien p\u00e5 salg her blev opbevaret i fem tr\u00e6fat i f\u00f8lgende r\u00e6kkef\u00f8lge: eg, kastanje, eneb\u00e6r, kirseb\u00e6r, morb\u00e6r. T\u00e6theden, der beskriver den sirupagtige egenskab, ligger mellem 1,33 og 1,34 i denne balsamicoeddike, hvilket er langt over minimumskravet p\u00e5 1,2. Denne serie omfatter kun 551 flasker over hele verden. 12 \u00e5r og allerede s\u00f8lv? Til trods for opbevaring af 12 \u00e5r tildeles dette balsamico s\u00f8lv-Argento-seglet, fordi det kun er f\u00e5, at forseglingen er tildelt i overensstemmelse med ministeriets specifikationer for antallet af kvalitetspunkter. Denne eddike n\u00e5r det tilstr\u00e6kkelige antal kvalitetspunkter efter kun 12 \u00e5r for at f\u00e5 s\u00f8lvforseglingen. I henhold til bekendtg\u00f8relsens artikel 6 skal scoren n\u00e5 over 270 point &#8211; dette kriterium er n\u00e5et af denne serie og b\u00e6rer med rette s\u00f8lvforseglingen. Hver aftappning er kvalitetsstyret og certificeret af ministeriet for landbrug, f\u00f8devarer og skovbrug. Du genkender originalen p\u00e5 voksforseglingen, som var forsynet med bogstaverne: &#8220;DOP ABTRE&#8221;. Flaskeformen, der ligner en tulipan, er ordineret til denne balsamicoeddike. Flasken er m\u00e6rket med D.O.P-forseglingen, og etiketten indeholder s\u00e6tningen: &#8220;Certificato da organismo di controllo autorizzato dal Mipaaf&#8221; og bekr\u00e6fter godkendelsestesten af ministeriet. Ingredienser: 100% kogt druemost. Gluten fri. Bem\u00e6rk: indeholder ingen sulfitter Producent: Cavalli cav. Ferdinando srl &#8211; Via del Cristo 6\/ab &#8211; 42019 Scandiano Reggio Emilia &#8211; Italien<\/p>\n","protected":false},"featured_media":1977,"template":"","meta":[],"product_brand":[],"product_cat":[31],"product_tag":[],"class_list":{"0":"post-1372","1":"product","2":"type-product","3":"status-publish","4":"has-post-thumbnail","6":"product_cat-cavalli","8":"first","9":"instock","10":"taxable","11":"shipping-taxable","12":"purchasable","13":"product-type-simple"},"bundle_layout":"","bundled_by":[],"bundled_items":[],"yoast_head":"<!-- This site is optimized with the Yoast SEO plugin v27.4 - https:\/\/yoast.com\/product\/yoast-seo-wordpress\/ -->\n<title>Cavalli - Aceto Balsamico Tradizionale di Reggio Emilia - 12 \u00e5r - S\u00f8lv - Aceto Balsamico Shop - Danmark<\/title>\n<meta name=\"robots\" content=\"index, follow, max-snippet:-1, max-image-preview:large, max-video-preview:-1\" \/>\n<link rel=\"canonical\" href=\"https:\/\/balsamico.shop\/dk\/produkt\/abt-di-re-12-ar-cavalli\/\" \/>\n<meta property=\"og:locale\" content=\"da_DK\" \/>\n<meta property=\"og:type\" content=\"article\" \/>\n<meta property=\"og:title\" content=\"Cavalli - Aceto Balsamico Tradizionale di Reggio Emilia - 12 \u00e5r - S\u00f8lv - Aceto Balsamico Shop - Danmark\" \/>\n<meta property=\"og:description\" content=\"Giovanni Cavalli producerer k\u00e6rligt sin Aceto Balsamico Tradizionale di Reggio Emilia &#8211; Argento (S\u00f8lv) i Scandiano, en lille by i provinsen Reggio Emilia. Cavalli bruger kun de s\u00f8de Trebbiano druer fra regionen Reggio Emilia til sin ABT og er blevet godkendt til kommercialisering af Aceto Balsamico Tradizionale di Reggio Emilia D.O.P for mere end 30 \u00e5r siden, hvilket g\u00f8r det til en af de f\u00f8rste i regionen. Serien p\u00e5 salg her blev opbevaret i fem tr\u00e6fat i f\u00f8lgende r\u00e6kkef\u00f8lge: eg, kastanje, eneb\u00e6r, kirseb\u00e6r, morb\u00e6r. T\u00e6theden, der beskriver den sirupagtige egenskab, ligger mellem 1,33 og 1,34 i denne balsamicoeddike, hvilket er langt over minimumskravet p\u00e5 1,2. Denne serie omfatter kun 551 flasker over hele verden. 12 \u00e5r og allerede s\u00f8lv? Til trods for opbevaring af 12 \u00e5r tildeles dette balsamico s\u00f8lv-Argento-seglet, fordi det kun er f\u00e5, at forseglingen er tildelt i overensstemmelse med ministeriets specifikationer for antallet af kvalitetspunkter. Denne eddike n\u00e5r det tilstr\u00e6kkelige antal kvalitetspunkter efter kun 12 \u00e5r for at f\u00e5 s\u00f8lvforseglingen. I henhold til bekendtg\u00f8relsens artikel 6 skal scoren n\u00e5 over 270 point &#8211; dette kriterium er n\u00e5et af denne serie og b\u00e6rer med rette s\u00f8lvforseglingen. Hver aftappning er kvalitetsstyret og certificeret af ministeriet for landbrug, f\u00f8devarer og skovbrug. Du genkender originalen p\u00e5 voksforseglingen, som var forsynet med bogstaverne: &#8220;DOP ABTRE&#8221;. Flaskeformen, der ligner en tulipan, er ordineret til denne balsamicoeddike. Flasken er m\u00e6rket med D.O.P-forseglingen, og etiketten indeholder s\u00e6tningen: &#8220;Certificato da organismo di controllo autorizzato dal Mipaaf&#8221; og bekr\u00e6fter godkendelsestesten af ministeriet. Ingredienser: 100% kogt druemost. Gluten fri. Bem\u00e6rk: indeholder ingen sulfitter Producent: Cavalli cav. Ferdinando srl &#8211; Via del Cristo 6\/ab &#8211; 42019 Scandiano Reggio Emilia &#8211; Italien\" \/>\n<meta property=\"og:url\" content=\"https:\/\/balsamico.shop\/dk\/produkt\/abt-di-re-12-ar-cavalli\/\" \/>\n<meta property=\"og:site_name\" content=\"Aceto Balsamico Shop - Danmark\" \/>\n<meta property=\"article:modified_time\" content=\"2026-03-11T10:24:36+00:00\" \/>\n<meta property=\"og:image\" content=\"https:\/\/balsamico.shop\/dk\/wp-content\/uploads\/2016\/09\/aceto-balsamico-tradizionale-reggioemilia-argento-cavalli.jpg\" \/>\n\t<meta property=\"og:image:width\" content=\"1600\" \/>\n\t<meta property=\"og:image:height\" content=\"1872\" \/>\n\t<meta property=\"og:image:type\" content=\"image\/jpeg\" \/>\n<meta name=\"twitter:card\" content=\"summary_large_image\" \/>\n<meta name=\"twitter:label1\" content=\"Estimeret l\u00e6setid\" \/>\n\t<meta name=\"twitter:data1\" content=\"1 minut\" \/>\n<script type=\"application\/ld+json\" class=\"yoast-schema-graph\">{\"@context\":\"https:\\\/\\\/schema.org\",\"@graph\":[{\"@type\":\"WebPage\",\"@id\":\"https:\\\/\\\/balsamico.shop\\\/dk\\\/produkt\\\/abt-di-re-12-ar-cavalli\\\/\",\"url\":\"https:\\\/\\\/balsamico.shop\\\/dk\\\/produkt\\\/abt-di-re-12-ar-cavalli\\\/\",\"name\":\"Cavalli - Aceto Balsamico Tradizionale di Reggio Emilia - 12 \u00e5r - S\u00f8lv - Aceto Balsamico Shop - Danmark\",\"isPartOf\":{\"@id\":\"https:\\\/\\\/balsamico.shop\\\/dk\\\/#website\"},\"primaryImageOfPage\":{\"@id\":\"https:\\\/\\\/balsamico.shop\\\/dk\\\/produkt\\\/abt-di-re-12-ar-cavalli\\\/#primaryimage\"},\"image\":{\"@id\":\"https:\\\/\\\/balsamico.shop\\\/dk\\\/produkt\\\/abt-di-re-12-ar-cavalli\\\/#primaryimage\"},\"thumbnailUrl\":\"https:\\\/\\\/balsamico.shop\\\/dk\\\/wp-content\\\/uploads\\\/2016\\\/09\\\/aceto-balsamico-tradizionale-reggioemilia-argento-cavalli.jpg\",\"datePublished\":\"2016-09-22T11:53:17+00:00\",\"dateModified\":\"2026-03-11T10:24:36+00:00\",\"breadcrumb\":{\"@id\":\"https:\\\/\\\/balsamico.shop\\\/dk\\\/produkt\\\/abt-di-re-12-ar-cavalli\\\/#breadcrumb\"},\"inLanguage\":\"da-DK\",\"potentialAction\":[{\"@type\":\"ReadAction\",\"target\":[\"https:\\\/\\\/balsamico.shop\\\/dk\\\/produkt\\\/abt-di-re-12-ar-cavalli\\\/\"]}]},{\"@type\":\"ImageObject\",\"inLanguage\":\"da-DK\",\"@id\":\"https:\\\/\\\/balsamico.shop\\\/dk\\\/produkt\\\/abt-di-re-12-ar-cavalli\\\/#primaryimage\",\"url\":\"https:\\\/\\\/balsamico.shop\\\/dk\\\/wp-content\\\/uploads\\\/2016\\\/09\\\/aceto-balsamico-tradizionale-reggioemilia-argento-cavalli.jpg\",\"contentUrl\":\"https:\\\/\\\/balsamico.shop\\\/dk\\\/wp-content\\\/uploads\\\/2016\\\/09\\\/aceto-balsamico-tradizionale-reggioemilia-argento-cavalli.jpg\",\"width\":1600,\"height\":1872},{\"@type\":\"BreadcrumbList\",\"@id\":\"https:\\\/\\\/balsamico.shop\\\/dk\\\/produkt\\\/abt-di-re-12-ar-cavalli\\\/#breadcrumb\",\"itemListElement\":[{\"@type\":\"ListItem\",\"position\":1,\"name\":\"Home\",\"item\":\"https:\\\/\\\/balsamico.shop\\\/dk\\\/\"},{\"@type\":\"ListItem\",\"position\":2,\"name\":\"Balsamico Eddike Shop\",\"item\":\"https:\\\/\\\/balsamico.shop\\\/dk\\\/shop\\\/\"},{\"@type\":\"ListItem\",\"position\":3,\"name\":\"Cavalli &#8211; Aceto Balsamico Tradizionale di Reggio Emilia &#8211; 12 \u00e5r &#8211; S\u00f8lv\"}]},{\"@type\":\"WebSite\",\"@id\":\"https:\\\/\\\/balsamico.shop\\\/dk\\\/#website\",\"url\":\"https:\\\/\\\/balsamico.shop\\\/dk\\\/\",\"name\":\"Aceto Balsamico Shop - Danmark\",\"description\":\"Shop for balsamisk eddike fra Modena og Reggio Emilia\",\"potentialAction\":[{\"@type\":\"SearchAction\",\"target\":{\"@type\":\"EntryPoint\",\"urlTemplate\":\"https:\\\/\\\/balsamico.shop\\\/dk\\\/?s={search_term_string}\"},\"query-input\":{\"@type\":\"PropertyValueSpecification\",\"valueRequired\":true,\"valueName\":\"search_term_string\"}}],\"inLanguage\":\"da-DK\"}]}<\/script>\n<!-- \/ Yoast SEO plugin. -->","yoast_head_json":{"title":"Cavalli - Aceto Balsamico Tradizionale di Reggio Emilia - 12 \u00e5r - S\u00f8lv - Aceto Balsamico Shop - Danmark","robots":{"index":"index","follow":"follow","max-snippet":"max-snippet:-1","max-image-preview":"max-image-preview:large","max-video-preview":"max-video-preview:-1"},"canonical":"https:\/\/balsamico.shop\/dk\/produkt\/abt-di-re-12-ar-cavalli\/","og_locale":"da_DK","og_type":"article","og_title":"Cavalli - Aceto Balsamico Tradizionale di Reggio Emilia - 12 \u00e5r - S\u00f8lv - Aceto Balsamico Shop - Danmark","og_description":"Giovanni Cavalli producerer k\u00e6rligt sin Aceto Balsamico Tradizionale di Reggio Emilia &#8211; Argento (S\u00f8lv) i Scandiano, en lille by i provinsen Reggio Emilia. Cavalli bruger kun de s\u00f8de Trebbiano druer fra regionen Reggio Emilia til sin ABT og er blevet godkendt til kommercialisering af Aceto Balsamico Tradizionale di Reggio Emilia D.O.P for mere end 30 \u00e5r siden, hvilket g\u00f8r det til en af de f\u00f8rste i regionen. Serien p\u00e5 salg her blev opbevaret i fem tr\u00e6fat i f\u00f8lgende r\u00e6kkef\u00f8lge: eg, kastanje, eneb\u00e6r, kirseb\u00e6r, morb\u00e6r. T\u00e6theden, der beskriver den sirupagtige egenskab, ligger mellem 1,33 og 1,34 i denne balsamicoeddike, hvilket er langt over minimumskravet p\u00e5 1,2. Denne serie omfatter kun 551 flasker over hele verden. 12 \u00e5r og allerede s\u00f8lv? Til trods for opbevaring af 12 \u00e5r tildeles dette balsamico s\u00f8lv-Argento-seglet, fordi det kun er f\u00e5, at forseglingen er tildelt i overensstemmelse med ministeriets specifikationer for antallet af kvalitetspunkter. Denne eddike n\u00e5r det tilstr\u00e6kkelige antal kvalitetspunkter efter kun 12 \u00e5r for at f\u00e5 s\u00f8lvforseglingen. I henhold til bekendtg\u00f8relsens artikel 6 skal scoren n\u00e5 over 270 point &#8211; dette kriterium er n\u00e5et af denne serie og b\u00e6rer med rette s\u00f8lvforseglingen. Hver aftappning er kvalitetsstyret og certificeret af ministeriet for landbrug, f\u00f8devarer og skovbrug. Du genkender originalen p\u00e5 voksforseglingen, som var forsynet med bogstaverne: &#8220;DOP ABTRE&#8221;. Flaskeformen, der ligner en tulipan, er ordineret til denne balsamicoeddike. Flasken er m\u00e6rket med D.O.P-forseglingen, og etiketten indeholder s\u00e6tningen: &#8220;Certificato da organismo di controllo autorizzato dal Mipaaf&#8221; og bekr\u00e6fter godkendelsestesten af ministeriet. Ingredienser: 100% kogt druemost. Gluten fri. Bem\u00e6rk: indeholder ingen sulfitter Producent: Cavalli cav. Ferdinando srl &#8211; Via del Cristo 6\/ab &#8211; 42019 Scandiano Reggio Emilia &#8211; Italien","og_url":"https:\/\/balsamico.shop\/dk\/produkt\/abt-di-re-12-ar-cavalli\/","og_site_name":"Aceto Balsamico Shop - Danmark","article_modified_time":"2026-03-11T10:24:36+00:00","og_image":[{"width":1600,"height":1872,"url":"https:\/\/balsamico.shop\/dk\/wp-content\/uploads\/2016\/09\/aceto-balsamico-tradizionale-reggioemilia-argento-cavalli.jpg","type":"image\/jpeg"}],"twitter_card":"summary_large_image","twitter_misc":{"Estimeret l\u00e6setid":"1 minut"},"schema":{"@context":"https:\/\/schema.org","@graph":[{"@type":"WebPage","@id":"https:\/\/balsamico.shop\/dk\/produkt\/abt-di-re-12-ar-cavalli\/","url":"https:\/\/balsamico.shop\/dk\/produkt\/abt-di-re-12-ar-cavalli\/","name":"Cavalli - Aceto Balsamico Tradizionale di Reggio Emilia - 12 \u00e5r - S\u00f8lv - Aceto Balsamico Shop - Danmark","isPartOf":{"@id":"https:\/\/balsamico.shop\/dk\/#website"},"primaryImageOfPage":{"@id":"https:\/\/balsamico.shop\/dk\/produkt\/abt-di-re-12-ar-cavalli\/#primaryimage"},"image":{"@id":"https:\/\/balsamico.shop\/dk\/produkt\/abt-di-re-12-ar-cavalli\/#primaryimage"},"thumbnailUrl":"https:\/\/balsamico.shop\/dk\/wp-content\/uploads\/2016\/09\/aceto-balsamico-tradizionale-reggioemilia-argento-cavalli.jpg","datePublished":"2016-09-22T11:53:17+00:00","dateModified":"2026-03-11T10:24:36+00:00","breadcrumb":{"@id":"https:\/\/balsamico.shop\/dk\/produkt\/abt-di-re-12-ar-cavalli\/#breadcrumb"},"inLanguage":"da-DK","potentialAction":[{"@type":"ReadAction","target":["https:\/\/balsamico.shop\/dk\/produkt\/abt-di-re-12-ar-cavalli\/"]}]},{"@type":"ImageObject","inLanguage":"da-DK","@id":"https:\/\/balsamico.shop\/dk\/produkt\/abt-di-re-12-ar-cavalli\/#primaryimage","url":"https:\/\/balsamico.shop\/dk\/wp-content\/uploads\/2016\/09\/aceto-balsamico-tradizionale-reggioemilia-argento-cavalli.jpg","contentUrl":"https:\/\/balsamico.shop\/dk\/wp-content\/uploads\/2016\/09\/aceto-balsamico-tradizionale-reggioemilia-argento-cavalli.jpg","width":1600,"height":1872},{"@type":"BreadcrumbList","@id":"https:\/\/balsamico.shop\/dk\/produkt\/abt-di-re-12-ar-cavalli\/#breadcrumb","itemListElement":[{"@type":"ListItem","position":1,"name":"Home","item":"https:\/\/balsamico.shop\/dk\/"},{"@type":"ListItem","position":2,"name":"Balsamico Eddike Shop","item":"https:\/\/balsamico.shop\/dk\/shop\/"},{"@type":"ListItem","position":3,"name":"Cavalli &#8211; Aceto Balsamico Tradizionale di Reggio Emilia &#8211; 12 \u00e5r &#8211; S\u00f8lv"}]},{"@type":"WebSite","@id":"https:\/\/balsamico.shop\/dk\/#website","url":"https:\/\/balsamico.shop\/dk\/","name":"Aceto Balsamico Shop - Danmark","description":"Shop for balsamisk eddike fra Modena og Reggio Emilia","potentialAction":[{"@type":"SearchAction","target":{"@type":"EntryPoint","urlTemplate":"https:\/\/balsamico.shop\/dk\/?s={search_term_string}"},"query-input":{"@type":"PropertyValueSpecification","valueRequired":true,"valueName":"search_term_string"}}],"inLanguage":"da-DK"}]}},"_links":{"self":[{"href":"https:\/\/balsamico.shop\/dk\/wp-json\/wp\/v2\/product\/1372","targetHints":{"allow":["GET"]}}],"collection":[{"href":"https:\/\/balsamico.shop\/dk\/wp-json\/wp\/v2\/product"}],"about":[{"href":"https:\/\/balsamico.shop\/dk\/wp-json\/wp\/v2\/types\/product"}],"wp:featuredmedia":[{"embeddable":true,"href":"https:\/\/balsamico.shop\/dk\/wp-json\/wp\/v2\/media\/1977"}],"wp:attachment":[{"href":"https:\/\/balsamico.shop\/dk\/wp-json\/wp\/v2\/media?parent=1372"}],"wp:term":[{"taxonomy":"product_brand","embeddable":true,"href":"https:\/\/balsamico.shop\/dk\/wp-json\/wp\/v2\/product_brand?post=1372"},{"taxonomy":"product_cat","embeddable":true,"href":"https:\/\/balsamico.shop\/dk\/wp-json\/wp\/v2\/product_cat?post=1372"},{"taxonomy":"product_tag","embeddable":true,"href":"https:\/\/balsamico.shop\/dk\/wp-json\/wp\/v2\/product_tag?post=1372"}],"curies":[{"name":"wp","href":"https:\/\/api.w.org\/{rel}","templated":true}]}}