{"id":37,"date":"2016-03-30T23:01:06","date_gmt":"2016-03-30T21:01:06","guid":{"rendered":"http:\/\/de.aceto-balsamico-tradizionale.com\/?page_id=37"},"modified":"2019-03-12T08:26:18","modified_gmt":"2019-03-12T07:26:18","slug":"vores-historie","status":"publish","type":"page","link":"https:\/\/balsamico.shop\/dk\/vores-historie\/","title":{"rendered":"Vores historie"},"content":{"rendered":"<p><span id=\"result_box\" class=\"\" lang=\"da\" tabindex=\"-1\"><span title=\"Der Name &quot;Bernardo Tesori&quot; steht f\u00fcr den Handel mit ausgew\u00e4hlten Aceti Balsamici Tradizionali verschiedener zertifizierter Anbieter aus Italien.\">Navnet &#8220;Bernardo Tesori&#8221; st\u00e5r for handel med udvalgte Aceti Balsamici Tradizionali fra forskellige certificerede leverand\u00f8rer fra Italien. <\/span><span title=\"Unser Ziel ist es, Ihnen die Vielfalt der zahlreichen, traditionell hergestellten, Balsamessigen aus Italien hier in Deutschland und \u00d6sterreich zug\u00e4nglich zu machen.\">Vores m\u00e5l er at g\u00f8re mangfoldigheden af \u200b\u200bde mange traditionelle balsamiske vinegarer fra Italien her i <span title=\"Verkauft werden diese edlen Tropfen bislang entweder nur vor Ort in Modena oder Reggio Emilia bzw. nur auf dem heimischem italienischen Markt.\">Danmark <\/span>og \u00d8strig tilg\u00e6ngelig for dig. <\/span><span title=\"Viele kleinere Essigproduzenten sind Familienbetriebe und besitzen nur sehr kleine Mengen ihrer \u00fcber jahrzehnte tradionell hergestellten Aceti Balsamici.\">Mange mindre eddikeproducenter er familiebedrifter og har kun meget sm\u00e5 m\u00e6ngder af deres \u00e5rtier med traditionelt producerede Aceti Balsamici. <\/span><span title=\"Verkauft werden diese edlen Tropfen bislang entweder nur vor Ort in Modena oder Reggio Emilia bzw. nur auf dem heimischem italienischen Markt.\">Indtil videre er disse fine vine blevet solgt enten kun lokalt i Modena eller Reggio Emilia eller kun p\u00e5 det indenlandske italienske marked. Vores m\u00e5l er at g\u00f8re disse eksklusive produkter lettere tilg\u00e6ngelige, s\u00e5 du kan ogs\u00e5 pr\u00f8ve disse fremragende vine i Danmark.<\/span><\/span><\/p>\n<p><span title=\"Unsere Kunden sind keine Gastronomen, welche literweise Essig beziehen wollen, sondern in erster Linie private Feinschmecker und Gourmets sowie all diejenigen, die schon immer einmal einen echten Aceto Balsamico Tradizionale verkosten oder verschenken wollten.\">Vores kunder er ikke restaurat\u00f8rer, der \u00f8nsker at henvise liter eddike, men f\u00f8rst og fremmest private gourmeter og madelskere, og alle dem, der altid har \u00f8nsket at smage eller give det en reel traditionelle balsamico. <\/span><span title=\"Firmen nutzen unsere Produkt oft als Pr\u00e4sent oder Incentive f\u00fcr herausragende Leistung ihrer Mitarbeiter oder als besondere Aufmerksamkeit f\u00fcr ihre besten Kunden.\n\n\">Virksomheder bruger ofte vores produkt som gave eller incitament til deres medarbejders fremragende pr\u00e6station eller som s\u00e6rlig opm\u00e6rksomhed for deres bedste kunder.<\/span><\/p>\n<p><span title=\"Der Aceto Balsamico Tradizionale tr\u00e4gt im Prozess seiner Herstellung die Tugenden Geduld, M\u00e4\u00dfigkeit und Flei\u00df insich vereint und spiegelt einen Kontrast zu unserer hochbeschleunigten Gesellschaft in dem Fastfood, produktionsoptimierung und Massenproduktionen leider unseren Alltag bestimmen.\">Traditionelle balsamicoeddike hj\u00e6lper i processen med fremstilling dyder t\u00e5lmodighed, m\u00e5dehold og flid insich mejet\u00e6rskere og afspejler en kontrast til vores h\u00f8jt accelererede samfund, hvor fastfood, produktionsoptimering og masseproduktion desv\u00e6rre bestemme vores dagligdag. <\/span><span title=\"Zeit ist unser kostbarstes und verg\u00e4nglichstes Gut und wohl der einzige Grund, der die recht hohen Preise dieser Produkte rechtfertigt.\">Tiden er vores mest v\u00e6rdifulde og mest letford\u00e6rvelige gode og sandsynligvis den eneste grund til at retf\u00e6rdigg\u00f8re de h\u00f8je priser p\u00e5 disse produkter. <\/span><span title=\"Das einzige Konservierungsmittel in einem Tradizionale ist Zeit.\n\n\">Det eneste konserveringsmiddel i en traditionelt er tid.<\/span><\/p>\n<p><span title=\"Der Auswahl von \u00fcber 30 verschiedenen Tradizionale im Sortiment im Laufe eines Jahres steht die Verkostung von mehr als 70 verschiedenen Tradizionale zuvor.\">Udv\u00e6lgelsen af \u200b\u200bover 30 forskellige Eddike i omr\u00e5det i l\u00f8bet af \u00e5ret er pr\u00f8vesmagning af mere end 70 forskellige Eddike f\u00f8r. <\/span><span title=\"Nur die Balsamici, von denen wir bei der Verkostung \u00fcberzeugt sind, schaffen es in unseren Shop.\n\n\">Kun de balsamici, som vi er overbeviste om i pr\u00f8vesmagningen, g\u00f8r det i vores butik.<\/span><\/p>\n<p><span title=\"Wir von &quot;Bernardo Tesori&quot; verkosten alle Chargen der hier angebotenen Tradizionale unserer Lieferanten selbst, bevor wir diese in unserem Online-Shop aufnehmen.\">Vi ved &#8220;Bernardo Tesori&#8221; pr\u00f8vesmagning alle partier af Eddike tilbudt vores leverand\u00f8rer endnu f\u00f8r vi inkludere dem i vores online shop. <\/span><span title=\"Bei allen unseren Lieferanten stehen wir mit den Familien und Betrieben in Italien in direkter Verbindung.\">Alle vores leverand\u00f8rer har direkte kontakt med familier og virksomheder i Italien. <\/span><span title=\"In unserem Produktportfolio befinden sich vorwiegend &quot;Tradizionale&quot; - diese Bezeichnung steht f\u00fcr ein traditionelles Herstellungsverfahren sowie einen Reifeprozess von mindestens 12 Jahren.\">I vores produktportef\u00f8lje er der hovedsagelig &#8220;Tradizionale&#8221; &#8211; dette navn st\u00e5r for en traditionel fremstillingsproces og en modningsproces p\u00e5 mindst 12 \u00e5r. <\/span><span title=\"Erst nach 12 Jahren darf einem Aceto Balsamico das Pr\u00e4dikat &quot;Tradizionale&quot; verliehen werden.\">Det er f\u00f8rst efter 12 \u00e5r at titlen &#8220;Traditionel&#8221; kan gives til en Aceto Balsamico. <\/span><span title=\"Zudem achten wir im Shop darauf, prim\u00e4r Aceto Balsamico Tradizionale mit der europ\u00e4ischen Zertifizierung D.O.P - das steht f\u00fcr &quot;Denominazione d\u2019Origine Protetta&quot; - aufzunehmen.\">Vi betaler ogs\u00e5 opm\u00e6rksom p\u00e5 vores katalog p\u00e5 prim\u00e6r Traditionelle balsamicoeddike med europ\u00e6isk certificering D.O.P &#8211; som st\u00e5r for &#8220;Denominazione d&#8217;Origine Protetta&#8221; &#8211; tage. <\/span><span title=\"Diese Zertifizierung bedeutet, dass alle Produktionsschritte in der Region Modena bzw. Reggio Emilia stattgefunden haben m\u00fcssen und wird von der Kiwa Cermet Italia kontrolliert.\n\n\">Denne certificering betyder, at alle produktionsprocesser i regionen Modena og Reggio Emilia m\u00e5 have fundet sted, og styres af Kiwa cermet Italia.<\/span><\/p>\n<p><span title=\"Unsere Kunden sch\u00e4tzen unseren Shop nicht nur wegen unserem ausgefallenen Balsamico-Sortiment, sondern auch wegen unserer Beratung.\">Vores kunder s\u00e6tter pris p\u00e5 vores butik ikke kun p\u00e5 grund af vores flotte balsamiske sortiment, men ogs\u00e5 p\u00e5 grund af vores r\u00e5d. <\/span><span title=\"Gern beraten wir auch Sie, wenn Sie uns anrufen.\n\n\">Vi er ogs\u00e5 glade for at r\u00e5dgive dig, hvis du ringer til os.<\/span><\/p>\n<p><span title=\"Sollten Sie Fragen zu den Produkten in unserem Shop haben, k\u00f6nnen Sie uns jederzeit ansprechen oder eine Email an shop@balsamico.shop zusenden.\">Har du sp\u00f8rgsm\u00e5l om produkterne i vores butik, kan du til enhver tid kontakte os eller sende en mail til shop@balsamico.shop.<\/span><\/p>\n","protected":false},"excerpt":{"rendered":"<p>Navnet &#8220;Bernardo Tesori&#8221; st\u00e5r for handel med udvalgte Aceti Balsamici Tradizionali fra forskellige certificerede leverand\u00f8rer fra Italien. Vores m\u00e5l er at g\u00f8re mangfoldigheden af \u200b\u200bde mange traditionelle balsamiske vinegarer fra Italien her i Danmark og \u00d8strig tilg\u00e6ngelig for dig. Mange mindre eddikeproducenter er familiebedrifter og har kun meget sm\u00e5 m\u00e6ngder af deres \u00e5rtier med traditionelt producerede Aceti Balsamici. Indtil videre er disse fine vine blevet solgt enten kun lokalt i Modena eller Reggio Emilia eller kun p\u00e5 det indenlandske italienske marked. Vores m\u00e5l er at g\u00f8re disse eksklusive produkter lettere tilg\u00e6ngelige, s\u00e5 du kan ogs\u00e5 pr\u00f8ve disse fremragende vine i Danmark. Vores kunder er ikke restaurat\u00f8rer, der \u00f8nsker at henvise liter eddike, men f\u00f8rst og fremmest private gourmeter og madelskere, og alle dem, der altid har \u00f8nsket at smage eller give det en reel traditionelle balsamico. Virksomheder bruger ofte vores produkt som gave eller incitament til deres medarbejders fremragende pr\u00e6station eller som s\u00e6rlig opm\u00e6rksomhed for deres bedste kunder. Traditionelle balsamicoeddike hj\u00e6lper i processen med fremstilling dyder t\u00e5lmodighed, m\u00e5dehold og flid insich mejet\u00e6rskere og afspejler en kontrast til vores h\u00f8jt accelererede samfund, hvor fastfood, produktionsoptimering og masseproduktion desv\u00e6rre bestemme vores dagligdag. Tiden er vores mest v\u00e6rdifulde og mest letford\u00e6rvelige gode og sandsynligvis den eneste grund til at retf\u00e6rdigg\u00f8re de h\u00f8je priser p\u00e5 disse produkter. Det eneste konserveringsmiddel i en traditionelt er tid. Udv\u00e6lgelsen af \u200b\u200bover 30 forskellige Eddike i omr\u00e5det i l\u00f8bet af \u00e5ret er pr\u00f8vesmagning af mere end 70 forskellige Eddike f\u00f8r. Kun de balsamici, som vi er overbeviste om i pr\u00f8vesmagningen, g\u00f8r det i vores butik. Vi ved &#8220;Bernardo Tesori&#8221; pr\u00f8vesmagning alle partier af Eddike tilbudt vores leverand\u00f8rer endnu f\u00f8r vi inkludere dem i vores online shop. Alle vores leverand\u00f8rer har direkte kontakt med familier og virksomheder i Italien. I vores produktportef\u00f8lje er der hovedsagelig &#8220;Tradizionale&#8221; &#8211; dette navn st\u00e5r for en traditionel fremstillingsproces og en modningsproces p\u00e5 mindst 12 \u00e5r. Det er f\u00f8rst efter 12 \u00e5r at titlen &#8220;Traditionel&#8221; kan gives til en Aceto Balsamico. Vi betaler ogs\u00e5 opm\u00e6rksom p\u00e5 vores katalog p\u00e5 prim\u00e6r Traditionelle balsamicoeddike med europ\u00e6isk certificering D.O.P &#8211; som st\u00e5r for &#8220;Denominazione d&#8217;Origine Protetta&#8221; &#8211; tage. Denne certificering betyder, at alle produktionsprocesser i regionen Modena og Reggio Emilia m\u00e5 have fundet sted, og styres af Kiwa cermet Italia. Vores kunder s\u00e6tter pris p\u00e5 vores butik ikke kun p\u00e5 grund af vores flotte balsamiske sortiment, men ogs\u00e5 p\u00e5 grund af vores r\u00e5d. Vi er ogs\u00e5 glade for at r\u00e5dgive dig, hvis du ringer til os. Har du sp\u00f8rgsm\u00e5l om produkterne i vores butik, kan du til enhver tid kontakte os eller sende en mail til shop@balsamico.shop.<\/p>\n","protected":false},"author":1,"featured_media":0,"parent":0,"menu_order":0,"comment_status":"closed","ping_status":"closed","template":"","meta":{"footnotes":""},"class_list":["post-37","page","type-page","status-publish","hentry"],"yoast_head":"<!-- This site is optimized with the Yoast SEO plugin v26.6 - https:\/\/yoast.com\/wordpress\/plugins\/seo\/ -->\n<title>Vores historie - Aceto Balsamico Shop - Danmark<\/title>\n<meta name=\"robots\" content=\"index, follow, max-snippet:-1, max-image-preview:large, max-video-preview:-1\" \/>\n<link rel=\"canonical\" href=\"https:\/\/balsamico.shop\/dk\/vores-historie\/\" \/>\n<meta property=\"og:locale\" content=\"da_DK\" \/>\n<meta property=\"og:type\" content=\"article\" \/>\n<meta property=\"og:title\" content=\"Vores historie - Aceto Balsamico Shop - Danmark\" \/>\n<meta property=\"og:description\" content=\"Navnet &#8220;Bernardo Tesori&#8221; st\u00e5r for handel med udvalgte Aceti Balsamici Tradizionali fra forskellige certificerede leverand\u00f8rer fra Italien. Vores m\u00e5l er at g\u00f8re mangfoldigheden af \u200b\u200bde mange traditionelle balsamiske vinegarer fra Italien her i Danmark og \u00d8strig tilg\u00e6ngelig for dig. Mange mindre eddikeproducenter er familiebedrifter og har kun meget sm\u00e5 m\u00e6ngder af deres \u00e5rtier med traditionelt producerede Aceti Balsamici. Indtil videre er disse fine vine blevet solgt enten kun lokalt i Modena eller Reggio Emilia eller kun p\u00e5 det indenlandske italienske marked. Vores m\u00e5l er at g\u00f8re disse eksklusive produkter lettere tilg\u00e6ngelige, s\u00e5 du kan ogs\u00e5 pr\u00f8ve disse fremragende vine i Danmark. Vores kunder er ikke restaurat\u00f8rer, der \u00f8nsker at henvise liter eddike, men f\u00f8rst og fremmest private gourmeter og madelskere, og alle dem, der altid har \u00f8nsket at smage eller give det en reel traditionelle balsamico. Virksomheder bruger ofte vores produkt som gave eller incitament til deres medarbejders fremragende pr\u00e6station eller som s\u00e6rlig opm\u00e6rksomhed for deres bedste kunder. Traditionelle balsamicoeddike hj\u00e6lper i processen med fremstilling dyder t\u00e5lmodighed, m\u00e5dehold og flid insich mejet\u00e6rskere og afspejler en kontrast til vores h\u00f8jt accelererede samfund, hvor fastfood, produktionsoptimering og masseproduktion desv\u00e6rre bestemme vores dagligdag. Tiden er vores mest v\u00e6rdifulde og mest letford\u00e6rvelige gode og sandsynligvis den eneste grund til at retf\u00e6rdigg\u00f8re de h\u00f8je priser p\u00e5 disse produkter. Det eneste konserveringsmiddel i en traditionelt er tid. Udv\u00e6lgelsen af \u200b\u200bover 30 forskellige Eddike i omr\u00e5det i l\u00f8bet af \u00e5ret er pr\u00f8vesmagning af mere end 70 forskellige Eddike f\u00f8r. Kun de balsamici, som vi er overbeviste om i pr\u00f8vesmagningen, g\u00f8r det i vores butik. Vi ved &#8220;Bernardo Tesori&#8221; pr\u00f8vesmagning alle partier af Eddike tilbudt vores leverand\u00f8rer endnu f\u00f8r vi inkludere dem i vores online shop. Alle vores leverand\u00f8rer har direkte kontakt med familier og virksomheder i Italien. I vores produktportef\u00f8lje er der hovedsagelig &#8220;Tradizionale&#8221; &#8211; dette navn st\u00e5r for en traditionel fremstillingsproces og en modningsproces p\u00e5 mindst 12 \u00e5r. Det er f\u00f8rst efter 12 \u00e5r at titlen &#8220;Traditionel&#8221; kan gives til en Aceto Balsamico. Vi betaler ogs\u00e5 opm\u00e6rksom p\u00e5 vores katalog p\u00e5 prim\u00e6r Traditionelle balsamicoeddike med europ\u00e6isk certificering D.O.P &#8211; som st\u00e5r for &#8220;Denominazione d&#8217;Origine Protetta&#8221; &#8211; tage. Denne certificering betyder, at alle produktionsprocesser i regionen Modena og Reggio Emilia m\u00e5 have fundet sted, og styres af Kiwa cermet Italia. Vores kunder s\u00e6tter pris p\u00e5 vores butik ikke kun p\u00e5 grund af vores flotte balsamiske sortiment, men ogs\u00e5 p\u00e5 grund af vores r\u00e5d. Vi er ogs\u00e5 glade for at r\u00e5dgive dig, hvis du ringer til os. Har du sp\u00f8rgsm\u00e5l om produkterne i vores butik, kan du til enhver tid kontakte os eller sende en mail til shop@balsamico.shop.\" \/>\n<meta property=\"og:url\" content=\"https:\/\/balsamico.shop\/dk\/vores-historie\/\" \/>\n<meta property=\"og:site_name\" content=\"Aceto Balsamico Shop - Danmark\" \/>\n<meta property=\"article:modified_time\" content=\"2019-03-12T07:26:18+00:00\" \/>\n<meta name=\"twitter:card\" content=\"summary_large_image\" \/>\n<meta name=\"twitter:label1\" content=\"Estimeret l\u00e6setid\" \/>\n\t<meta name=\"twitter:data1\" content=\"2 minutter\" \/>\n<script type=\"application\/ld+json\" class=\"yoast-schema-graph\">{\"@context\":\"https:\/\/schema.org\",\"@graph\":[{\"@type\":\"WebPage\",\"@id\":\"https:\/\/balsamico.shop\/dk\/vores-historie\/\",\"url\":\"https:\/\/balsamico.shop\/dk\/vores-historie\/\",\"name\":\"Vores historie - Aceto Balsamico Shop - Danmark\",\"isPartOf\":{\"@id\":\"https:\/\/balsamico.shop\/dk\/#website\"},\"datePublished\":\"2016-03-30T21:01:06+00:00\",\"dateModified\":\"2019-03-12T07:26:18+00:00\",\"breadcrumb\":{\"@id\":\"https:\/\/balsamico.shop\/dk\/vores-historie\/#breadcrumb\"},\"inLanguage\":\"da-DK\",\"potentialAction\":[{\"@type\":\"ReadAction\",\"target\":[\"https:\/\/balsamico.shop\/dk\/vores-historie\/\"]}]},{\"@type\":\"BreadcrumbList\",\"@id\":\"https:\/\/balsamico.shop\/dk\/vores-historie\/#breadcrumb\",\"itemListElement\":[{\"@type\":\"ListItem\",\"position\":1,\"name\":\"Home\",\"item\":\"https:\/\/balsamico.shop\/dk\/\"},{\"@type\":\"ListItem\",\"position\":2,\"name\":\"Vores historie\"}]},{\"@type\":\"WebSite\",\"@id\":\"https:\/\/balsamico.shop\/dk\/#website\",\"url\":\"https:\/\/balsamico.shop\/dk\/\",\"name\":\"Aceto Balsamico Shop - Danmark\",\"description\":\"Shop for balsamisk eddike fra Modena og Reggio Emilia\",\"potentialAction\":[{\"@type\":\"SearchAction\",\"target\":{\"@type\":\"EntryPoint\",\"urlTemplate\":\"https:\/\/balsamico.shop\/dk\/?s={search_term_string}\"},\"query-input\":{\"@type\":\"PropertyValueSpecification\",\"valueRequired\":true,\"valueName\":\"search_term_string\"}}],\"inLanguage\":\"da-DK\"}]}<\/script>\n<!-- \/ Yoast SEO plugin. -->","yoast_head_json":{"title":"Vores historie - Aceto Balsamico Shop - Danmark","robots":{"index":"index","follow":"follow","max-snippet":"max-snippet:-1","max-image-preview":"max-image-preview:large","max-video-preview":"max-video-preview:-1"},"canonical":"https:\/\/balsamico.shop\/dk\/vores-historie\/","og_locale":"da_DK","og_type":"article","og_title":"Vores historie - Aceto Balsamico Shop - Danmark","og_description":"Navnet &#8220;Bernardo Tesori&#8221; st\u00e5r for handel med udvalgte Aceti Balsamici Tradizionali fra forskellige certificerede leverand\u00f8rer fra Italien. Vores m\u00e5l er at g\u00f8re mangfoldigheden af \u200b\u200bde mange traditionelle balsamiske vinegarer fra Italien her i Danmark og \u00d8strig tilg\u00e6ngelig for dig. Mange mindre eddikeproducenter er familiebedrifter og har kun meget sm\u00e5 m\u00e6ngder af deres \u00e5rtier med traditionelt producerede Aceti Balsamici. Indtil videre er disse fine vine blevet solgt enten kun lokalt i Modena eller Reggio Emilia eller kun p\u00e5 det indenlandske italienske marked. Vores m\u00e5l er at g\u00f8re disse eksklusive produkter lettere tilg\u00e6ngelige, s\u00e5 du kan ogs\u00e5 pr\u00f8ve disse fremragende vine i Danmark. Vores kunder er ikke restaurat\u00f8rer, der \u00f8nsker at henvise liter eddike, men f\u00f8rst og fremmest private gourmeter og madelskere, og alle dem, der altid har \u00f8nsket at smage eller give det en reel traditionelle balsamico. Virksomheder bruger ofte vores produkt som gave eller incitament til deres medarbejders fremragende pr\u00e6station eller som s\u00e6rlig opm\u00e6rksomhed for deres bedste kunder. Traditionelle balsamicoeddike hj\u00e6lper i processen med fremstilling dyder t\u00e5lmodighed, m\u00e5dehold og flid insich mejet\u00e6rskere og afspejler en kontrast til vores h\u00f8jt accelererede samfund, hvor fastfood, produktionsoptimering og masseproduktion desv\u00e6rre bestemme vores dagligdag. Tiden er vores mest v\u00e6rdifulde og mest letford\u00e6rvelige gode og sandsynligvis den eneste grund til at retf\u00e6rdigg\u00f8re de h\u00f8je priser p\u00e5 disse produkter. Det eneste konserveringsmiddel i en traditionelt er tid. Udv\u00e6lgelsen af \u200b\u200bover 30 forskellige Eddike i omr\u00e5det i l\u00f8bet af \u00e5ret er pr\u00f8vesmagning af mere end 70 forskellige Eddike f\u00f8r. Kun de balsamici, som vi er overbeviste om i pr\u00f8vesmagningen, g\u00f8r det i vores butik. Vi ved &#8220;Bernardo Tesori&#8221; pr\u00f8vesmagning alle partier af Eddike tilbudt vores leverand\u00f8rer endnu f\u00f8r vi inkludere dem i vores online shop. Alle vores leverand\u00f8rer har direkte kontakt med familier og virksomheder i Italien. I vores produktportef\u00f8lje er der hovedsagelig &#8220;Tradizionale&#8221; &#8211; dette navn st\u00e5r for en traditionel fremstillingsproces og en modningsproces p\u00e5 mindst 12 \u00e5r. Det er f\u00f8rst efter 12 \u00e5r at titlen &#8220;Traditionel&#8221; kan gives til en Aceto Balsamico. Vi betaler ogs\u00e5 opm\u00e6rksom p\u00e5 vores katalog p\u00e5 prim\u00e6r Traditionelle balsamicoeddike med europ\u00e6isk certificering D.O.P &#8211; som st\u00e5r for &#8220;Denominazione d&#8217;Origine Protetta&#8221; &#8211; tage. Denne certificering betyder, at alle produktionsprocesser i regionen Modena og Reggio Emilia m\u00e5 have fundet sted, og styres af Kiwa cermet Italia. Vores kunder s\u00e6tter pris p\u00e5 vores butik ikke kun p\u00e5 grund af vores flotte balsamiske sortiment, men ogs\u00e5 p\u00e5 grund af vores r\u00e5d. Vi er ogs\u00e5 glade for at r\u00e5dgive dig, hvis du ringer til os. Har du sp\u00f8rgsm\u00e5l om produkterne i vores butik, kan du til enhver tid kontakte os eller sende en mail til shop@balsamico.shop.","og_url":"https:\/\/balsamico.shop\/dk\/vores-historie\/","og_site_name":"Aceto Balsamico Shop - Danmark","article_modified_time":"2019-03-12T07:26:18+00:00","twitter_card":"summary_large_image","twitter_misc":{"Estimeret l\u00e6setid":"2 minutter"},"schema":{"@context":"https:\/\/schema.org","@graph":[{"@type":"WebPage","@id":"https:\/\/balsamico.shop\/dk\/vores-historie\/","url":"https:\/\/balsamico.shop\/dk\/vores-historie\/","name":"Vores historie - Aceto Balsamico Shop - Danmark","isPartOf":{"@id":"https:\/\/balsamico.shop\/dk\/#website"},"datePublished":"2016-03-30T21:01:06+00:00","dateModified":"2019-03-12T07:26:18+00:00","breadcrumb":{"@id":"https:\/\/balsamico.shop\/dk\/vores-historie\/#breadcrumb"},"inLanguage":"da-DK","potentialAction":[{"@type":"ReadAction","target":["https:\/\/balsamico.shop\/dk\/vores-historie\/"]}]},{"@type":"BreadcrumbList","@id":"https:\/\/balsamico.shop\/dk\/vores-historie\/#breadcrumb","itemListElement":[{"@type":"ListItem","position":1,"name":"Home","item":"https:\/\/balsamico.shop\/dk\/"},{"@type":"ListItem","position":2,"name":"Vores historie"}]},{"@type":"WebSite","@id":"https:\/\/balsamico.shop\/dk\/#website","url":"https:\/\/balsamico.shop\/dk\/","name":"Aceto Balsamico Shop - Danmark","description":"Shop for balsamisk eddike fra Modena og Reggio Emilia","potentialAction":[{"@type":"SearchAction","target":{"@type":"EntryPoint","urlTemplate":"https:\/\/balsamico.shop\/dk\/?s={search_term_string}"},"query-input":{"@type":"PropertyValueSpecification","valueRequired":true,"valueName":"search_term_string"}}],"inLanguage":"da-DK"}]}},"_links":{"self":[{"href":"https:\/\/balsamico.shop\/dk\/wp-json\/wp\/v2\/pages\/37","targetHints":{"allow":["GET"]}}],"collection":[{"href":"https:\/\/balsamico.shop\/dk\/wp-json\/wp\/v2\/pages"}],"about":[{"href":"https:\/\/balsamico.shop\/dk\/wp-json\/wp\/v2\/types\/page"}],"author":[{"embeddable":true,"href":"https:\/\/balsamico.shop\/dk\/wp-json\/wp\/v2\/users\/1"}],"replies":[{"embeddable":true,"href":"https:\/\/balsamico.shop\/dk\/wp-json\/wp\/v2\/comments?post=37"}],"version-history":[{"count":3,"href":"https:\/\/balsamico.shop\/dk\/wp-json\/wp\/v2\/pages\/37\/revisions"}],"predecessor-version":[{"id":1435,"href":"https:\/\/balsamico.shop\/dk\/wp-json\/wp\/v2\/pages\/37\/revisions\/1435"}],"wp:attachment":[{"href":"https:\/\/balsamico.shop\/dk\/wp-json\/wp\/v2\/media?parent=37"}],"curies":[{"name":"wp","href":"https:\/\/api.w.org\/{rel}","templated":true}]}}