{"id":2,"date":"2016-03-28T16:24:27","date_gmt":"2016-03-28T14:24:27","guid":{"rendered":"http:\/\/de.aceto-balsamico-tradizionale.com\/?page_id=2"},"modified":"2018-01-20T12:44:34","modified_gmt":"2018-01-20T11:44:34","slug":"home","status":"publish","type":"page","link":"https:\/\/balsamico.shop\/dk\/","title":{"rendered":"Home"},"content":{"rendered":"<p><span id=\"result_box\" class=\"\" lang=\"da\" tabindex=\"-1\">Balsamico (Balsamisk eddike) er ikke bare balsamisk &#8211; sortimentet af balsamiske vinegarer, der er tilg\u00e6ngelige p\u00e5 markedet, varierer fra 4 kr.\/ liter til mere end 75.000 kr. pr liter! Disse prisforskelle skyldes prim\u00e6rt de ekstreme kvalitetsforskelle i balsamico. <span class=\"\">Smagen af et naturligt og uden tils\u00e6tningsstoffer lavet af balsamicoeddike, der udelukkende best\u00e5r af kogt druemost og modnet i mere end 12 \u00e5r i forskellige tr\u00e6fat, er en uforglemmelig og intens smagsoplevelse mellem s\u00f8d og sur i en unik kombination.<\/span><\/span><\/p>\n<blockquote><p><span id=\"result_box\" class=\"\" lang=\"da\" tabindex=\"-1\">Vi tror, at kun dem, der har smagt en rigtig god Aceto Balsamico Tradizionale selv ved, hvorfor denne mad er med rette en af de dyreste f\u00f8devarer i verden.<\/span><\/p><\/blockquote>\n<p><span id=\"result_box\" class=\"\" lang=\"da\" tabindex=\"-1\"><span class=\"\">Oplev i vores <a href=\"https:\/\/balsamico.shop\/dk\/shop\/\">Balsamico Shop<\/a> et lille men uds\u00f8gt udvalg af l\u00e6kre vine fra udvalgte eddikeproducenter i regionerne Modena og Reggio Emilia i Italien samt nogle eksotiske rariteter fra verden af <a href=\"https:\/\/balsamico.shop\/dk\/forskel-mellem-balsamico-balsamicoeddike\/\">balsamicoeddike<\/a>. Italiensk balsamico-eddike fra Modena, balsamico-eddikens hjemstavn. Denne balsamico er lagret p\u00e5 tr\u00e6fade i mindst 12 \u00e5r, hvilket giver en let syrlig-s\u00f8d smag og aroma.<br \/>\n<\/span><\/span><\/p>\n","protected":false},"excerpt":{"rendered":"<p>Balsamico (Balsamisk eddike) er ikke bare balsamisk &#8211; sortimentet af balsamiske vinegarer, der er tilg\u00e6ngelige p\u00e5 markedet, varierer fra 4 kr.\/ liter til mere end 75.000 kr. pr liter! Disse prisforskelle skyldes prim\u00e6rt de ekstreme kvalitetsforskelle i balsamico. Smagen af et naturligt og uden tils\u00e6tningsstoffer lavet af balsamicoeddike, der udelukkende best\u00e5r af kogt druemost og modnet i mere end 12 \u00e5r i forskellige tr\u00e6fat, er en uforglemmelig og intens smagsoplevelse mellem s\u00f8d og sur i en unik kombination. Vi tror, at kun dem, der har smagt en rigtig god Aceto Balsamico Tradizionale selv ved, hvorfor denne mad er med rette en af de dyreste f\u00f8devarer i verden. Oplev i vores Balsamico Shop et lille men uds\u00f8gt udvalg af l\u00e6kre vine fra udvalgte eddikeproducenter i regionerne Modena og Reggio Emilia i Italien samt nogle eksotiske rariteter fra verden af balsamicoeddike. Italiensk balsamico-eddike fra Modena, balsamico-eddikens hjemstavn. Denne balsamico er lagret p\u00e5 tr\u00e6fade i mindst 12 \u00e5r, hvilket giver en let syrlig-s\u00f8d smag og aroma.<\/p>\n","protected":false},"author":1,"featured_media":0,"parent":0,"menu_order":0,"comment_status":"closed","ping_status":"open","template":"","meta":{"footnotes":""},"class_list":["post-2","page","type-page","status-publish","hentry"],"yoast_head":"<!-- This site is optimized with the Yoast SEO plugin v27.4 - https:\/\/yoast.com\/product\/yoast-seo-wordpress\/ -->\n<title>\u00c6gte balsamico fra Modena - Balsamicoeddike - Aceto Balsamico Tradizionale<\/title>\n<meta name=\"description\" content=\"Vi \u2764 Aceto Balsamico Tradizionale - \u00e6gte, gammel balsamico eddike fra Modena og Reggio Emilia smagte til dig og nu til salg!\" \/>\n<meta name=\"robots\" content=\"index, follow, max-snippet:-1, max-image-preview:large, max-video-preview:-1\" \/>\n<link rel=\"canonical\" href=\"https:\/\/balsamico.shop\/dk\/\" \/>\n<meta property=\"og:locale\" content=\"da_DK\" \/>\n<meta property=\"og:type\" content=\"article\" \/>\n<meta property=\"og:title\" content=\"\u00c6gte balsamico fra Modena - Balsamicoeddike - Aceto Balsamico Tradizionale\" \/>\n<meta property=\"og:description\" content=\"Vi \u2764 Aceto Balsamico Tradizionale - \u00e6gte, gammel balsamico eddike fra Modena og Reggio Emilia smagte til dig og nu til salg!\" \/>\n<meta property=\"og:url\" content=\"https:\/\/balsamico.shop\/dk\/\" \/>\n<meta property=\"og:site_name\" content=\"Aceto Balsamico Shop - Danmark\" \/>\n<meta property=\"article:modified_time\" content=\"2018-01-20T11:44:34+00:00\" \/>\n<meta name=\"twitter:card\" content=\"summary_large_image\" \/>\n<meta name=\"twitter:label1\" content=\"Estimeret l\u00e6setid\" \/>\n\t<meta name=\"twitter:data1\" content=\"1 minut\" \/>\n<script type=\"application\/ld+json\" class=\"yoast-schema-graph\">{\"@context\":\"https:\\\/\\\/schema.org\",\"@graph\":[{\"@type\":\"WebPage\",\"@id\":\"https:\\\/\\\/balsamico.shop\\\/dk\\\/\",\"url\":\"https:\\\/\\\/balsamico.shop\\\/dk\\\/\",\"name\":\"\u00c6gte balsamico fra Modena - Balsamicoeddike - Aceto Balsamico Tradizionale\",\"isPartOf\":{\"@id\":\"https:\\\/\\\/balsamico.shop\\\/dk\\\/#website\"},\"datePublished\":\"2016-03-28T14:24:27+00:00\",\"dateModified\":\"2018-01-20T11:44:34+00:00\",\"description\":\"Vi \u2764 Aceto Balsamico Tradizionale - \u00e6gte, gammel balsamico eddike fra Modena og Reggio Emilia smagte til dig og nu til salg!\",\"breadcrumb\":{\"@id\":\"https:\\\/\\\/balsamico.shop\\\/dk\\\/#breadcrumb\"},\"inLanguage\":\"da-DK\",\"potentialAction\":[{\"@type\":\"ReadAction\",\"target\":[\"https:\\\/\\\/balsamico.shop\\\/dk\\\/\"]}]},{\"@type\":\"BreadcrumbList\",\"@id\":\"https:\\\/\\\/balsamico.shop\\\/dk\\\/#breadcrumb\",\"itemListElement\":[{\"@type\":\"ListItem\",\"position\":1,\"name\":\"Home\",\"item\":\"https:\\\/\\\/balsamico.shop\\\/dk\\\/\"},{\"@type\":\"ListItem\",\"position\":2,\"name\":\"Home\"}]},{\"@type\":\"WebSite\",\"@id\":\"https:\\\/\\\/balsamico.shop\\\/dk\\\/#website\",\"url\":\"https:\\\/\\\/balsamico.shop\\\/dk\\\/\",\"name\":\"Aceto Balsamico Shop - Danmark\",\"description\":\"Shop for balsamisk eddike fra Modena og Reggio Emilia\",\"potentialAction\":[{\"@type\":\"SearchAction\",\"target\":{\"@type\":\"EntryPoint\",\"urlTemplate\":\"https:\\\/\\\/balsamico.shop\\\/dk\\\/?s={search_term_string}\"},\"query-input\":{\"@type\":\"PropertyValueSpecification\",\"valueRequired\":true,\"valueName\":\"search_term_string\"}}],\"inLanguage\":\"da-DK\"}]}<\/script>\n<!-- \/ Yoast SEO plugin. -->","yoast_head_json":{"title":"\u00c6gte balsamico fra Modena - Balsamicoeddike - Aceto Balsamico Tradizionale","description":"Vi \u2764 Aceto Balsamico Tradizionale - \u00e6gte, gammel balsamico eddike fra Modena og Reggio Emilia smagte til dig og nu til salg!","robots":{"index":"index","follow":"follow","max-snippet":"max-snippet:-1","max-image-preview":"max-image-preview:large","max-video-preview":"max-video-preview:-1"},"canonical":"https:\/\/balsamico.shop\/dk\/","og_locale":"da_DK","og_type":"article","og_title":"\u00c6gte balsamico fra Modena - Balsamicoeddike - Aceto Balsamico Tradizionale","og_description":"Vi \u2764 Aceto Balsamico Tradizionale - \u00e6gte, gammel balsamico eddike fra Modena og Reggio Emilia smagte til dig og nu til salg!","og_url":"https:\/\/balsamico.shop\/dk\/","og_site_name":"Aceto Balsamico Shop - Danmark","article_modified_time":"2018-01-20T11:44:34+00:00","twitter_card":"summary_large_image","twitter_misc":{"Estimeret l\u00e6setid":"1 minut"},"schema":{"@context":"https:\/\/schema.org","@graph":[{"@type":"WebPage","@id":"https:\/\/balsamico.shop\/dk\/","url":"https:\/\/balsamico.shop\/dk\/","name":"\u00c6gte balsamico fra Modena - Balsamicoeddike - Aceto Balsamico Tradizionale","isPartOf":{"@id":"https:\/\/balsamico.shop\/dk\/#website"},"datePublished":"2016-03-28T14:24:27+00:00","dateModified":"2018-01-20T11:44:34+00:00","description":"Vi \u2764 Aceto Balsamico Tradizionale - \u00e6gte, gammel balsamico eddike fra Modena og Reggio Emilia smagte til dig og nu til salg!","breadcrumb":{"@id":"https:\/\/balsamico.shop\/dk\/#breadcrumb"},"inLanguage":"da-DK","potentialAction":[{"@type":"ReadAction","target":["https:\/\/balsamico.shop\/dk\/"]}]},{"@type":"BreadcrumbList","@id":"https:\/\/balsamico.shop\/dk\/#breadcrumb","itemListElement":[{"@type":"ListItem","position":1,"name":"Home","item":"https:\/\/balsamico.shop\/dk\/"},{"@type":"ListItem","position":2,"name":"Home"}]},{"@type":"WebSite","@id":"https:\/\/balsamico.shop\/dk\/#website","url":"https:\/\/balsamico.shop\/dk\/","name":"Aceto Balsamico Shop - Danmark","description":"Shop for balsamisk eddike fra Modena og Reggio Emilia","potentialAction":[{"@type":"SearchAction","target":{"@type":"EntryPoint","urlTemplate":"https:\/\/balsamico.shop\/dk\/?s={search_term_string}"},"query-input":{"@type":"PropertyValueSpecification","valueRequired":true,"valueName":"search_term_string"}}],"inLanguage":"da-DK"}]}},"_links":{"self":[{"href":"https:\/\/balsamico.shop\/dk\/wp-json\/wp\/v2\/pages\/2","targetHints":{"allow":["GET"]}}],"collection":[{"href":"https:\/\/balsamico.shop\/dk\/wp-json\/wp\/v2\/pages"}],"about":[{"href":"https:\/\/balsamico.shop\/dk\/wp-json\/wp\/v2\/types\/page"}],"author":[{"embeddable":true,"href":"https:\/\/balsamico.shop\/dk\/wp-json\/wp\/v2\/users\/1"}],"replies":[{"embeddable":true,"href":"https:\/\/balsamico.shop\/dk\/wp-json\/wp\/v2\/comments?post=2"}],"version-history":[{"count":9,"href":"https:\/\/balsamico.shop\/dk\/wp-json\/wp\/v2\/pages\/2\/revisions"}],"predecessor-version":[{"id":1379,"href":"https:\/\/balsamico.shop\/dk\/wp-json\/wp\/v2\/pages\/2\/revisions\/1379"}],"wp:attachment":[{"href":"https:\/\/balsamico.shop\/dk\/wp-json\/wp\/v2\/media?parent=2"}],"curies":[{"name":"wp","href":"https:\/\/api.w.org\/{rel}","templated":true}]}}