{"id":17,"date":"2016-03-28T23:07:51","date_gmt":"2016-03-28T21:07:51","guid":{"rendered":"http:\/\/de.aceto-balsamico-tradizionale.com\/?page_id=17"},"modified":"2021-01-01T01:33:11","modified_gmt":"2021-01-01T00:33:11","slug":"returnering","status":"publish","type":"page","link":"https:\/\/balsamico.shop\/dk\/returnering\/","title":{"rendered":"Returnering"},"content":{"rendered":"<p><strong>Returnering<\/strong><\/p>\n<p><span id=\"result_box\" class=\"\" lang=\"da\" tabindex=\"-1\"><span title=\"Sie haben das Recht, binnen vierzehn Tagen ohne Angabe von Gr\u00fcnden diesen Vertrag zu widerrufen. \">Du har ret til at tr\u00e6kke sig ud af denne kontrakt inden for fjorten dage uden at give nogen grund.<\/span><\/span><\/p>\n<p><span title=\"Die Widerrufsfrist betr\u00e4gt vierzehn Tage ab dem Tag, an dem Sie oder ein von Ihnen benannter Dritter, der nicht Bef\u00f6rderer ist, die letzte Ware in Besitz genommen haben bzw. hat. \">Tilbageholdelsestiden er fjorten dage fra den dag, tog den sidste varer besiddelse af, som du eller en tredjepart angivet af dig, ikke b\u00e6rer eller har.<\/span><\/p>\n<p><span title=\"Um Ihr Widerrufsrecht auszu\u00fcben, m\u00fcssen Sie uns (Bernardo Tesori Inh. Uwe Tippmann, Weizenkamp 5, 318232 Springe Email: shop@aceto-balsamico-tradizionale.com) mittels einer eindeutigen Erkl\u00e4rung (zB ein mit der Post versandter Brief oder E-Mail)\">For at ud\u00f8ve din ret, har du til (Bernardo Tesori &#8211; Acoonia GmbH, Brabandtstrasse 8, 38100 Braunschweig, <span title=\"Deutschland \">Tyskland<\/span> &#8211; E-mail : shop@balsamico.shop, \u2706 +49 5041 \/ 9472970) ved hj\u00e6lp af en klar erkl\u00e6ring (f.eks en afsendt med posten brev eller e-mail) <\/span><span title=\"\u00fcber Ihren Entschluss, diesen Vertrag zu widerrufen, informieren.\">informere om din beslutning om at tr\u00e6kke sig ud af denne kontrakt. <\/span><span title=\"Sie k\u00f6nnen daf\u00fcr das beigef\u00fcgte Muster-Widerrufsformular verwenden, das jedoch nicht vorgeschrieben ist. \">Du kan bruge den vedh\u00e6ftede model udtr\u00e6ksformular, som ikke er p\u00e5kr\u00e6vet.<\/span><\/p>\n<p><span title=\"Zur Wahrung der Widerrufsfrist reicht es aus, dass Sie die Mittteilung \u00fcber die Aus\u00fcbung des Widerrufsrechts vor Ablauf der Widerrufsfrist absenden. \">Det gjorde for at beskytte tilbageholdelsestiden er tilstr\u00e6kkelig for dig at sende den midt-division p\u00e5 fortrydelsesretten inden fristen for tilbagetr\u00e6kning.<\/span><\/p>\n<p><span title=\"Folgen des Widerrufs \">Konsekvenser af annulleringen<br \/>\n<\/span><span title=\"Wenn Sie diesen Vertrag widerrufen, haben wir Ihnen alle Zahlungen, die wir von Ihnen erhalten haben, einschlie\u00dflich der Lieferkosten (mit Ausnahme der zus\u00e4tzlichen Kosten die sich daraus ergeben, dass Sie eine andere Art der Lieferung als die von uns angebotene, g\u00fcnstigste Standardlieferung gew\u00e4hlt haben\">Hvis du fortrydelsesret i denne aftale, vil vi, med undtagelse af de ekstra omkostninger, der opst\u00e5r alle betalinger, vi har modtaget fra dig, herunder leveringsomkostninger (fra det faktum, at du har valgt en type leverance andet end det, der tilbydes af os, billigste Standard <\/span><span title=\"), unverz\u00fcglich und sp\u00e4testens binnen vierzehn Tagen ab dem Tag zur\u00fcckzuzahlen, an dem die Mitteilung \u00fcber Ihren Widerruf dieses Vertrags bei uns eingegangen ist.\">), straks og senest 14 dage fra datoen for meddelelsen om din tilbagekaldelse af denne kontrakt er modtaget af os. <\/span><span title=\"F\u00fcr diese R\u00fcckzahlung verwenden wir dasselbe Zahlungsmittel, das Sie bei der urspr\u00fcnglichen Transaktion eingesetzt haben, es sei denn, mit Ihnen wurde ausdr\u00fccklich etws anderes vereinbart;\">For denne tilbagebetaling bruger vi de samme betalingsformer som du brugte i den oprindelige transaktion, medmindre andet udtrykkeligt er aftalt med dig. <\/span><span title=\"in keinem Fall werden Ihnen wegen dieser R\u00fcckzahlung Entgelte berechnet.\">I intet tilf\u00e6lde vil du blive opkr\u00e6vet for disse afdragsgebyrer. <\/span><span title=\"Wir k\u00f6nnen die R\u00fcckzahlung verweigern, bis wir die Waren wieder zur\u00fcckerhalten haben oder bis Die den Nachweis erbracht haben, dass Sie die Waren zur\u00fcckgesandt haben, je nachdem, welches der fr\u00fchere Zeitpunkt ist. \">Vi kan n\u00e6gte at tilbagebetale dig, indtil vi har modtaget varerne tilbage, eller indtil de har fremlagt bevis for, at du har returneret varerne, alt efter hvad der er det tidligere.<\/span><\/p>\n<p><span title=\"Sie haben die Waren unverz\u00fcglich und in jedem Fall sp\u00e4testens binnen vierzehn Tagen ab dem Tag, an dem Sie uns \u00fcber den Widerruf dieses Vertrags unterrichten, an uns zur\u00fcckzusenden oder zu \u00fcbergeben.\">Du skal returnere varerne til os straks og under alle omst\u00e6ndigheder senest fjorten dage fra den dato, hvor du informerer os om annulleringen af \u200b\u200bdenne kontrakt. <\/span><span title=\"Die Frist ist gewahrt, wenn Sie die Waren vor Ablauf der Frist von vierzehn Tagen absenden. \">Fristen er opfyldt, hvis du sender varerne inden for en frist p\u00e5 fjorten dage.<\/span><\/p>\n<p><span title=\"Sie tragen die unmittelbaren Kosten der R\u00fccksendung der Waren. \">Du b\u00e6rer de umiddelbare omkostninger ved returnering af varerne.<\/span><\/p>\n<p><span title=\"Sie m\u00fcssen f\u00fcr einen etwaigen Werverlust der Waren nur aufkommen, wenn dieser Wertverlust auf einen zur Pr\u00fcfung der Beschaffenheit, Eigenschaften und Funktionsweise der Waren nicht notwendigen Umgang mit ihnen zur\u00fcckzuf\u00fchren ist.\">Du beh\u00f8ver kun at betale for en eventuel <span id=\"result_box\" class=\"short_text\" lang=\"da\" tabindex=\"-1\"><span class=\"\">afskrivninger<\/span><\/span> af varen, hvis v\u00e6rdien tabet skyldes en n\u00f8dvendig for at fastsl\u00e5 arten, karakteristika og funktion af de godsh\u00e5ndtering.<\/span><\/p>\n<p><span id=\"result_box\" class=\"\" lang=\"da\" tabindex=\"-1\"><span title=\"Allgemeine Hinweise \">Generelle oplysninger<\/span><\/span><\/p>\n<p><span title=\"1) Bitte vermeiden sie Besch\u00e4digungen und Verunreinigungen der Ware.\">1) Undg\u00e5 beskadigelse og forurening af varerne. <\/span><span title=\"Senden Sie die Ware bitte m\u00f6glichst in Originalverpackung mit s\u00e4mtlichem Zubeh\u00f6r und mit allen Verpackungsbestandteilen an uns zur\u00fcck.\">Send eventuelt varerne tilbage til os i deres originale emballage med alt tilbeh\u00f8r og alle emballagekomponenter. <\/span><span title=\"Verwenden Sie ggf. eine sch\u00fctzende Umverpackung.\">Brug om n\u00f8dvendigt en beskyttende ydre emballage. <\/span><span title=\"Wenn Sie die Originalverpackung nicht mehr besitzen, sorgen sie bitte mit einer geeigneten Verpackung f\u00fcr einen ausreichenden Schutz vor Transportsch\u00e4den. \">Hvis du ikke l\u00e6ngere har den originale emballage, skal du s\u00f8rge for passende emballage for tilstr\u00e6kkelig beskyttelse mod transportskader.<\/span><\/p>\n<p><span title=\"Ende der Widerrufsbelehrung \">Slutningen af \u200b\u200bafbestillingsreglerne<\/span><\/p>\n<p>Acoonia GmbH<br \/>\nBrabandtstrasse 8<br \/>\n38100 Braunschweig<br \/>\nE-Mail: shop@balsamico.shop<\/p>\n<p><span title=\"Muster-Widerrufsformular \">Standardfortrydelsesformular<\/span><\/p>\n<p><span title=\"Wenn Sie den Vertrag widerrufen wollen, dann f\u00fcllen Sie bitte dieses Formular aus und senden Sie es zur\u00fcck. \">Hvis du vil annullere kontrakten, bedes du udfylde denne formular og sende den tilbage.<\/span><\/p>\n<p><span title=\"- An [Bernardo Tesori Inh. Uwe Tippmann, Weizenkamp 5, 318232 Springe Email: shop@aceto-balsamico-tradizionale.com]: \">&#8211; Den [Bernardo Tesori &#8211; Acoonia GmbH, Brabandtstrasse 8, 38100 Braunschweig, Germany &#8211; E-mail : shop@balsamico.shop]:<\/span><\/p>\n<p><span title=\"- Hiermit widerrufe(n) ich\/wir (*) den von mir\/uns (*) abgeschlossenen Vertrag \u00fcber den Kauf der folgenden Waren (*)\/ die Erbringung der folgenden Dienstleistung (*) \">&#8211; meddeler herved (r) Jeg \/ vi (*) tr\u00e6kke sig tilbage fra min \/ vores (*) kontrakt indg\u00e5et for k\u00f8b af f\u00f8lgende varer (*) \/ levering af f\u00f8lgende tjenester (*)<\/span><\/p>\n<p><span title=\"-Bestellt am (*)\/erhalten am (*) \">-Postet p\u00e5 (*) \/ modtaget den (*)<\/span><\/p>\n<p><span title=\"-Name des\/der Verbraucher(s) \">Navn p\u00e5 forbrugeren (e)<\/span><\/p>\n<p><span title=\"-Anschrift des\/der Verbraucher(s) \">Adresse til forbrugeren<\/span><\/p>\n<p><span title=\"- Unterschrift des\/der Verbraucher(s) (nur bei Mitteilung auf Papier) \">&#8211; Forbrugerens underskrift (kun), n\u00e5r den meddeles p\u00e5 papir)<\/span><\/p>\n<p><span title=\"- Datum \">&#8211; dato<br \/>\n<\/span><span title=\"_______________ \">_______________<br \/>\n<\/span><span title=\"(*) Unzutreffendes streichen.\">(*) Slet efter omst\u00e6ndighederne.<\/span><\/p>\n","protected":false},"excerpt":{"rendered":"<p>Returnering Du har ret til at tr\u00e6kke sig ud af denne kontrakt inden for fjorten dage uden at give nogen grund. Tilbageholdelsestiden er fjorten dage fra den dag, tog den sidste varer besiddelse af, som du eller en tredjepart angivet af dig, ikke b\u00e6rer eller har. For at ud\u00f8ve din ret, har du til (Bernardo Tesori &#8211; Acoonia GmbH, Brabandtstrasse 8, 38100 Braunschweig, Tyskland &#8211; E-mail : shop@balsamico.shop, \u2706 +49 5041 \/ 9472970) ved hj\u00e6lp af en klar erkl\u00e6ring (f.eks en afsendt med posten brev eller e-mail) informere om din beslutning om at tr\u00e6kke sig ud af denne kontrakt. Du kan bruge den vedh\u00e6ftede model udtr\u00e6ksformular, som ikke er p\u00e5kr\u00e6vet. Det gjorde for at beskytte tilbageholdelsestiden er tilstr\u00e6kkelig for dig at sende den midt-division p\u00e5 fortrydelsesretten inden fristen for tilbagetr\u00e6kning. Konsekvenser af annulleringen Hvis du fortrydelsesret i denne aftale, vil vi, med undtagelse af de ekstra omkostninger, der opst\u00e5r alle betalinger, vi har modtaget fra dig, herunder leveringsomkostninger (fra det faktum, at du har valgt en type leverance andet end det, der tilbydes af os, billigste Standard ), straks og senest 14 dage fra datoen for meddelelsen om din tilbagekaldelse af denne kontrakt er modtaget af os. For denne tilbagebetaling bruger vi de samme betalingsformer som du brugte i den oprindelige transaktion, medmindre andet udtrykkeligt er aftalt med dig. I intet tilf\u00e6lde vil du blive opkr\u00e6vet for disse afdragsgebyrer. Vi kan n\u00e6gte at tilbagebetale dig, indtil vi har modtaget varerne tilbage, eller indtil de har fremlagt bevis for, at du har returneret varerne, alt efter hvad der er det tidligere. Du skal returnere varerne til os straks og under alle omst\u00e6ndigheder senest fjorten dage fra den dato, hvor du informerer os om annulleringen af \u200b\u200bdenne kontrakt. Fristen er opfyldt, hvis du sender varerne inden for en frist p\u00e5 fjorten dage. Du b\u00e6rer de umiddelbare omkostninger ved returnering af varerne. Du beh\u00f8ver kun at betale for en eventuel afskrivninger af varen, hvis v\u00e6rdien tabet skyldes en n\u00f8dvendig for at fastsl\u00e5 arten, karakteristika og funktion af de godsh\u00e5ndtering. Generelle oplysninger 1) Undg\u00e5 beskadigelse og forurening af varerne. Send eventuelt varerne tilbage til os i deres originale emballage med alt tilbeh\u00f8r og alle emballagekomponenter. Brug om n\u00f8dvendigt en beskyttende ydre emballage. Hvis du ikke l\u00e6ngere har den originale emballage, skal du s\u00f8rge for passende emballage for tilstr\u00e6kkelig beskyttelse mod transportskader. Slutningen af \u200b\u200bafbestillingsreglerne Acoonia GmbH Brabandtstrasse 8 38100 Braunschweig E-Mail: shop@balsamico.shop Standardfortrydelsesformular Hvis du vil annullere kontrakten, bedes du udfylde denne formular og sende den tilbage. &#8211; Den [Bernardo Tesori &#8211; Acoonia GmbH, Brabandtstrasse 8, 38100 Braunschweig, Germany &#8211; E-mail : shop@balsamico.shop]: &#8211; meddeler herved (r) Jeg \/ vi (*) tr\u00e6kke sig tilbage fra min \/ vores (*) kontrakt indg\u00e5et for k\u00f8b af f\u00f8lgende varer (*) \/ levering af f\u00f8lgende tjenester (*) -Postet p\u00e5 (*) \/ modtaget den (*) Navn p\u00e5 forbrugeren (e) Adresse til forbrugeren &#8211; Forbrugerens underskrift (kun), n\u00e5r den meddeles p\u00e5 papir) &#8211; dato _______________ (*) Slet efter omst\u00e6ndighederne.<\/p>\n","protected":false},"author":1,"featured_media":0,"parent":0,"menu_order":0,"comment_status":"closed","ping_status":"closed","template":"","meta":{"footnotes":""},"class_list":["post-17","page","type-page","status-publish","hentry"],"yoast_head":"<!-- This site is optimized with the Yoast SEO plugin v27.4 - https:\/\/yoast.com\/product\/yoast-seo-wordpress\/ -->\n<title>Returnering - Aceto Balsamico Shop - Danmark<\/title>\n<meta name=\"robots\" content=\"index, follow, max-snippet:-1, max-image-preview:large, max-video-preview:-1\" \/>\n<link rel=\"canonical\" href=\"https:\/\/balsamico.shop\/dk\/returnering\/\" \/>\n<meta property=\"og:locale\" content=\"da_DK\" \/>\n<meta property=\"og:type\" content=\"article\" \/>\n<meta property=\"og:title\" content=\"Returnering - Aceto Balsamico Shop - Danmark\" \/>\n<meta property=\"og:description\" content=\"Returnering Du har ret til at tr\u00e6kke sig ud af denne kontrakt inden for fjorten dage uden at give nogen grund. Tilbageholdelsestiden er fjorten dage fra den dag, tog den sidste varer besiddelse af, som du eller en tredjepart angivet af dig, ikke b\u00e6rer eller har. For at ud\u00f8ve din ret, har du til (Bernardo Tesori &#8211; Acoonia GmbH, Brabandtstrasse 8, 38100 Braunschweig, Tyskland &#8211; E-mail : shop@balsamico.shop, \u2706 +49 5041 \/ 9472970) ved hj\u00e6lp af en klar erkl\u00e6ring (f.eks en afsendt med posten brev eller e-mail) informere om din beslutning om at tr\u00e6kke sig ud af denne kontrakt. Du kan bruge den vedh\u00e6ftede model udtr\u00e6ksformular, som ikke er p\u00e5kr\u00e6vet. Det gjorde for at beskytte tilbageholdelsestiden er tilstr\u00e6kkelig for dig at sende den midt-division p\u00e5 fortrydelsesretten inden fristen for tilbagetr\u00e6kning. Konsekvenser af annulleringen Hvis du fortrydelsesret i denne aftale, vil vi, med undtagelse af de ekstra omkostninger, der opst\u00e5r alle betalinger, vi har modtaget fra dig, herunder leveringsomkostninger (fra det faktum, at du har valgt en type leverance andet end det, der tilbydes af os, billigste Standard ), straks og senest 14 dage fra datoen for meddelelsen om din tilbagekaldelse af denne kontrakt er modtaget af os. For denne tilbagebetaling bruger vi de samme betalingsformer som du brugte i den oprindelige transaktion, medmindre andet udtrykkeligt er aftalt med dig. I intet tilf\u00e6lde vil du blive opkr\u00e6vet for disse afdragsgebyrer. Vi kan n\u00e6gte at tilbagebetale dig, indtil vi har modtaget varerne tilbage, eller indtil de har fremlagt bevis for, at du har returneret varerne, alt efter hvad der er det tidligere. Du skal returnere varerne til os straks og under alle omst\u00e6ndigheder senest fjorten dage fra den dato, hvor du informerer os om annulleringen af \u200b\u200bdenne kontrakt. Fristen er opfyldt, hvis du sender varerne inden for en frist p\u00e5 fjorten dage. Du b\u00e6rer de umiddelbare omkostninger ved returnering af varerne. Du beh\u00f8ver kun at betale for en eventuel afskrivninger af varen, hvis v\u00e6rdien tabet skyldes en n\u00f8dvendig for at fastsl\u00e5 arten, karakteristika og funktion af de godsh\u00e5ndtering. Generelle oplysninger 1) Undg\u00e5 beskadigelse og forurening af varerne. Send eventuelt varerne tilbage til os i deres originale emballage med alt tilbeh\u00f8r og alle emballagekomponenter. Brug om n\u00f8dvendigt en beskyttende ydre emballage. Hvis du ikke l\u00e6ngere har den originale emballage, skal du s\u00f8rge for passende emballage for tilstr\u00e6kkelig beskyttelse mod transportskader. Slutningen af \u200b\u200bafbestillingsreglerne Acoonia GmbH Brabandtstrasse 8 38100 Braunschweig E-Mail: shop@balsamico.shop Standardfortrydelsesformular Hvis du vil annullere kontrakten, bedes du udfylde denne formular og sende den tilbage. &#8211; Den [Bernardo Tesori &#8211; Acoonia GmbH, Brabandtstrasse 8, 38100 Braunschweig, Germany &#8211; E-mail : shop@balsamico.shop]: &#8211; meddeler herved (r) Jeg \/ vi (*) tr\u00e6kke sig tilbage fra min \/ vores (*) kontrakt indg\u00e5et for k\u00f8b af f\u00f8lgende varer (*) \/ levering af f\u00f8lgende tjenester (*) -Postet p\u00e5 (*) \/ modtaget den (*) Navn p\u00e5 forbrugeren (e) Adresse til forbrugeren &#8211; Forbrugerens underskrift (kun), n\u00e5r den meddeles p\u00e5 papir) &#8211; dato _______________ (*) Slet efter omst\u00e6ndighederne.\" \/>\n<meta property=\"og:url\" content=\"https:\/\/balsamico.shop\/dk\/returnering\/\" \/>\n<meta property=\"og:site_name\" content=\"Aceto Balsamico Shop - Danmark\" \/>\n<meta property=\"article:modified_time\" content=\"2021-01-01T00:33:11+00:00\" \/>\n<meta name=\"twitter:card\" content=\"summary_large_image\" \/>\n<meta name=\"twitter:label1\" content=\"Estimeret l\u00e6setid\" \/>\n\t<meta name=\"twitter:data1\" content=\"3 minutter\" \/>\n<script type=\"application\/ld+json\" class=\"yoast-schema-graph\">{\"@context\":\"https:\\\/\\\/schema.org\",\"@graph\":[{\"@type\":\"WebPage\",\"@id\":\"https:\\\/\\\/balsamico.shop\\\/dk\\\/returnering\\\/\",\"url\":\"https:\\\/\\\/balsamico.shop\\\/dk\\\/returnering\\\/\",\"name\":\"Returnering - Aceto Balsamico Shop - Danmark\",\"isPartOf\":{\"@id\":\"https:\\\/\\\/balsamico.shop\\\/dk\\\/#website\"},\"datePublished\":\"2016-03-28T21:07:51+00:00\",\"dateModified\":\"2021-01-01T00:33:11+00:00\",\"breadcrumb\":{\"@id\":\"https:\\\/\\\/balsamico.shop\\\/dk\\\/returnering\\\/#breadcrumb\"},\"inLanguage\":\"da-DK\",\"potentialAction\":[{\"@type\":\"ReadAction\",\"target\":[\"https:\\\/\\\/balsamico.shop\\\/dk\\\/returnering\\\/\"]}]},{\"@type\":\"BreadcrumbList\",\"@id\":\"https:\\\/\\\/balsamico.shop\\\/dk\\\/returnering\\\/#breadcrumb\",\"itemListElement\":[{\"@type\":\"ListItem\",\"position\":1,\"name\":\"Home\",\"item\":\"https:\\\/\\\/balsamico.shop\\\/dk\\\/\"},{\"@type\":\"ListItem\",\"position\":2,\"name\":\"Returnering\"}]},{\"@type\":\"WebSite\",\"@id\":\"https:\\\/\\\/balsamico.shop\\\/dk\\\/#website\",\"url\":\"https:\\\/\\\/balsamico.shop\\\/dk\\\/\",\"name\":\"Aceto Balsamico Shop - Danmark\",\"description\":\"Shop for balsamisk eddike fra Modena og Reggio Emilia\",\"potentialAction\":[{\"@type\":\"SearchAction\",\"target\":{\"@type\":\"EntryPoint\",\"urlTemplate\":\"https:\\\/\\\/balsamico.shop\\\/dk\\\/?s={search_term_string}\"},\"query-input\":{\"@type\":\"PropertyValueSpecification\",\"valueRequired\":true,\"valueName\":\"search_term_string\"}}],\"inLanguage\":\"da-DK\"}]}<\/script>\n<!-- \/ Yoast SEO plugin. -->","yoast_head_json":{"title":"Returnering - Aceto Balsamico Shop - Danmark","robots":{"index":"index","follow":"follow","max-snippet":"max-snippet:-1","max-image-preview":"max-image-preview:large","max-video-preview":"max-video-preview:-1"},"canonical":"https:\/\/balsamico.shop\/dk\/returnering\/","og_locale":"da_DK","og_type":"article","og_title":"Returnering - Aceto Balsamico Shop - Danmark","og_description":"Returnering Du har ret til at tr\u00e6kke sig ud af denne kontrakt inden for fjorten dage uden at give nogen grund. Tilbageholdelsestiden er fjorten dage fra den dag, tog den sidste varer besiddelse af, som du eller en tredjepart angivet af dig, ikke b\u00e6rer eller har. For at ud\u00f8ve din ret, har du til (Bernardo Tesori &#8211; Acoonia GmbH, Brabandtstrasse 8, 38100 Braunschweig, Tyskland &#8211; E-mail : shop@balsamico.shop, \u2706 +49 5041 \/ 9472970) ved hj\u00e6lp af en klar erkl\u00e6ring (f.eks en afsendt med posten brev eller e-mail) informere om din beslutning om at tr\u00e6kke sig ud af denne kontrakt. Du kan bruge den vedh\u00e6ftede model udtr\u00e6ksformular, som ikke er p\u00e5kr\u00e6vet. Det gjorde for at beskytte tilbageholdelsestiden er tilstr\u00e6kkelig for dig at sende den midt-division p\u00e5 fortrydelsesretten inden fristen for tilbagetr\u00e6kning. Konsekvenser af annulleringen Hvis du fortrydelsesret i denne aftale, vil vi, med undtagelse af de ekstra omkostninger, der opst\u00e5r alle betalinger, vi har modtaget fra dig, herunder leveringsomkostninger (fra det faktum, at du har valgt en type leverance andet end det, der tilbydes af os, billigste Standard ), straks og senest 14 dage fra datoen for meddelelsen om din tilbagekaldelse af denne kontrakt er modtaget af os. For denne tilbagebetaling bruger vi de samme betalingsformer som du brugte i den oprindelige transaktion, medmindre andet udtrykkeligt er aftalt med dig. I intet tilf\u00e6lde vil du blive opkr\u00e6vet for disse afdragsgebyrer. Vi kan n\u00e6gte at tilbagebetale dig, indtil vi har modtaget varerne tilbage, eller indtil de har fremlagt bevis for, at du har returneret varerne, alt efter hvad der er det tidligere. Du skal returnere varerne til os straks og under alle omst\u00e6ndigheder senest fjorten dage fra den dato, hvor du informerer os om annulleringen af \u200b\u200bdenne kontrakt. Fristen er opfyldt, hvis du sender varerne inden for en frist p\u00e5 fjorten dage. Du b\u00e6rer de umiddelbare omkostninger ved returnering af varerne. Du beh\u00f8ver kun at betale for en eventuel afskrivninger af varen, hvis v\u00e6rdien tabet skyldes en n\u00f8dvendig for at fastsl\u00e5 arten, karakteristika og funktion af de godsh\u00e5ndtering. Generelle oplysninger 1) Undg\u00e5 beskadigelse og forurening af varerne. Send eventuelt varerne tilbage til os i deres originale emballage med alt tilbeh\u00f8r og alle emballagekomponenter. Brug om n\u00f8dvendigt en beskyttende ydre emballage. Hvis du ikke l\u00e6ngere har den originale emballage, skal du s\u00f8rge for passende emballage for tilstr\u00e6kkelig beskyttelse mod transportskader. Slutningen af \u200b\u200bafbestillingsreglerne Acoonia GmbH Brabandtstrasse 8 38100 Braunschweig E-Mail: shop@balsamico.shop Standardfortrydelsesformular Hvis du vil annullere kontrakten, bedes du udfylde denne formular og sende den tilbage. &#8211; Den [Bernardo Tesori &#8211; Acoonia GmbH, Brabandtstrasse 8, 38100 Braunschweig, Germany &#8211; E-mail : shop@balsamico.shop]: &#8211; meddeler herved (r) Jeg \/ vi (*) tr\u00e6kke sig tilbage fra min \/ vores (*) kontrakt indg\u00e5et for k\u00f8b af f\u00f8lgende varer (*) \/ levering af f\u00f8lgende tjenester (*) -Postet p\u00e5 (*) \/ modtaget den (*) Navn p\u00e5 forbrugeren (e) Adresse til forbrugeren &#8211; Forbrugerens underskrift (kun), n\u00e5r den meddeles p\u00e5 papir) &#8211; dato _______________ (*) Slet efter omst\u00e6ndighederne.","og_url":"https:\/\/balsamico.shop\/dk\/returnering\/","og_site_name":"Aceto Balsamico Shop - Danmark","article_modified_time":"2021-01-01T00:33:11+00:00","twitter_card":"summary_large_image","twitter_misc":{"Estimeret l\u00e6setid":"3 minutter"},"schema":{"@context":"https:\/\/schema.org","@graph":[{"@type":"WebPage","@id":"https:\/\/balsamico.shop\/dk\/returnering\/","url":"https:\/\/balsamico.shop\/dk\/returnering\/","name":"Returnering - Aceto Balsamico Shop - Danmark","isPartOf":{"@id":"https:\/\/balsamico.shop\/dk\/#website"},"datePublished":"2016-03-28T21:07:51+00:00","dateModified":"2021-01-01T00:33:11+00:00","breadcrumb":{"@id":"https:\/\/balsamico.shop\/dk\/returnering\/#breadcrumb"},"inLanguage":"da-DK","potentialAction":[{"@type":"ReadAction","target":["https:\/\/balsamico.shop\/dk\/returnering\/"]}]},{"@type":"BreadcrumbList","@id":"https:\/\/balsamico.shop\/dk\/returnering\/#breadcrumb","itemListElement":[{"@type":"ListItem","position":1,"name":"Home","item":"https:\/\/balsamico.shop\/dk\/"},{"@type":"ListItem","position":2,"name":"Returnering"}]},{"@type":"WebSite","@id":"https:\/\/balsamico.shop\/dk\/#website","url":"https:\/\/balsamico.shop\/dk\/","name":"Aceto Balsamico Shop - Danmark","description":"Shop for balsamisk eddike fra Modena og Reggio Emilia","potentialAction":[{"@type":"SearchAction","target":{"@type":"EntryPoint","urlTemplate":"https:\/\/balsamico.shop\/dk\/?s={search_term_string}"},"query-input":{"@type":"PropertyValueSpecification","valueRequired":true,"valueName":"search_term_string"}}],"inLanguage":"da-DK"}]}},"_links":{"self":[{"href":"https:\/\/balsamico.shop\/dk\/wp-json\/wp\/v2\/pages\/17","targetHints":{"allow":["GET"]}}],"collection":[{"href":"https:\/\/balsamico.shop\/dk\/wp-json\/wp\/v2\/pages"}],"about":[{"href":"https:\/\/balsamico.shop\/dk\/wp-json\/wp\/v2\/types\/page"}],"author":[{"embeddable":true,"href":"https:\/\/balsamico.shop\/dk\/wp-json\/wp\/v2\/users\/1"}],"replies":[{"embeddable":true,"href":"https:\/\/balsamico.shop\/dk\/wp-json\/wp\/v2\/comments?post=17"}],"version-history":[{"count":6,"href":"https:\/\/balsamico.shop\/dk\/wp-json\/wp\/v2\/pages\/17\/revisions"}],"predecessor-version":[{"id":1570,"href":"https:\/\/balsamico.shop\/dk\/wp-json\/wp\/v2\/pages\/17\/revisions\/1570"}],"wp:attachment":[{"href":"https:\/\/balsamico.shop\/dk\/wp-json\/wp\/v2\/media?parent=17"}],"curies":[{"name":"wp","href":"https:\/\/api.w.org\/{rel}","templated":true}]}}