{"id":15,"date":"2016-03-28T22:58:21","date_gmt":"2016-03-28T20:58:21","guid":{"rendered":"http:\/\/de.aceto-balsamico-tradizionale.com\/?page_id=15"},"modified":"2020-12-31T23:11:55","modified_gmt":"2020-12-31T22:11:55","slug":"kontakt","status":"publish","type":"page","link":"https:\/\/balsamico.shop\/dk\/kontakt\/","title":{"rendered":"Imprint"},"content":{"rendered":"<p>Bernardo Tesori<br \/>\na Division of<\/p>\n<p>Acoonia GmbH<br \/>\nBrabandtstrasse 8<br \/>\n38100 Braunschweig, Tyskland<br \/>\nPhone: 0049 <span class=\"phone\">5041 \/ 9472970<\/span><br \/>\nE-Mail: shop@balsamico.shop<\/p>\n<p>CEO: Uwe Tippmann<br \/>\nVAT ID: DE295209052<\/p>\n<p>\u00a7 55 RStV: U. Tippmann<\/p>\n<p><span id=\"result_box\" class=\"short_text\" lang=\"da\" tabindex=\"-1\"><span class=\"\">Procedure<\/span> <span class=\"\">klager<\/span><\/span><br \/>\n<div class=\"woocommerce woocommerce-gzd woocommerce-gzd-complaints-shortcode\">\n\t\t\t<h3>Alternative Dispute Resolution in accordance with Art. 14 (1) ODR-VO and \u00a7 36 VSBG:<\/h3>\n\t\nEuropa-Kommissionen udg\u00f8r en platform for online tvistbil\u00e6ggelse (OS), der findes p\u00e5 . Vi er ikke forpligtede og uvillige til at deltage i en tvistbil\u00e6ggelsesprocedure inden for en forbruger voldgiftskomit\u00e9.<\/div><\/p>\n","protected":false},"excerpt":{"rendered":"<p>Bernardo Tesori a Division of Acoonia GmbH Brabandtstrasse 8 38100 Braunschweig, Tyskland Phone: 0049 5041 \/ 9472970 E-Mail: shop@balsamico.shop CEO: Uwe Tippmann VAT ID: DE295209052 \u00a7 55 RStV: U. Tippmann Procedure klager<\/p>\n","protected":false},"author":1,"featured_media":0,"parent":0,"menu_order":0,"comment_status":"closed","ping_status":"closed","template":"","meta":{"footnotes":""},"class_list":["post-15","page","type-page","status-publish","hentry"],"yoast_head":"<!-- This site is optimized with the Yoast SEO plugin v26.6 - https:\/\/yoast.com\/wordpress\/plugins\/seo\/ -->\n<title>Imprint - Aceto Balsamico Shop - Danmark<\/title>\n<meta name=\"robots\" content=\"index, follow, max-snippet:-1, max-image-preview:large, max-video-preview:-1\" \/>\n<link rel=\"canonical\" href=\"https:\/\/balsamico.shop\/dk\/kontakt\/\" \/>\n<meta property=\"og:locale\" content=\"da_DK\" \/>\n<meta property=\"og:type\" content=\"article\" \/>\n<meta property=\"og:title\" content=\"Imprint - Aceto Balsamico Shop - Danmark\" \/>\n<meta property=\"og:description\" content=\"Bernardo Tesori a Division of Acoonia GmbH Brabandtstrasse 8 38100 Braunschweig, Tyskland Phone: 0049 5041 \/ 9472970 E-Mail: shop@balsamico.shop CEO: Uwe Tippmann VAT ID: DE295209052 \u00a7 55 RStV: U. Tippmann Procedure klager\" \/>\n<meta property=\"og:url\" content=\"https:\/\/balsamico.shop\/dk\/kontakt\/\" \/>\n<meta property=\"og:site_name\" content=\"Aceto Balsamico Shop - Danmark\" \/>\n<meta property=\"article:modified_time\" content=\"2020-12-31T22:11:55+00:00\" \/>\n<meta name=\"twitter:card\" content=\"summary_large_image\" \/>\n<script type=\"application\/ld+json\" class=\"yoast-schema-graph\">{\"@context\":\"https:\/\/schema.org\",\"@graph\":[{\"@type\":\"WebPage\",\"@id\":\"https:\/\/balsamico.shop\/dk\/kontakt\/\",\"url\":\"https:\/\/balsamico.shop\/dk\/kontakt\/\",\"name\":\"Imprint - Aceto Balsamico Shop - Danmark\",\"isPartOf\":{\"@id\":\"https:\/\/balsamico.shop\/dk\/#website\"},\"datePublished\":\"2016-03-28T20:58:21+00:00\",\"dateModified\":\"2020-12-31T22:11:55+00:00\",\"breadcrumb\":{\"@id\":\"https:\/\/balsamico.shop\/dk\/kontakt\/#breadcrumb\"},\"inLanguage\":\"da-DK\",\"potentialAction\":[{\"@type\":\"ReadAction\",\"target\":[\"https:\/\/balsamico.shop\/dk\/kontakt\/\"]}]},{\"@type\":\"BreadcrumbList\",\"@id\":\"https:\/\/balsamico.shop\/dk\/kontakt\/#breadcrumb\",\"itemListElement\":[{\"@type\":\"ListItem\",\"position\":1,\"name\":\"Home\",\"item\":\"https:\/\/balsamico.shop\/dk\/\"},{\"@type\":\"ListItem\",\"position\":2,\"name\":\"Imprint\"}]},{\"@type\":\"WebSite\",\"@id\":\"https:\/\/balsamico.shop\/dk\/#website\",\"url\":\"https:\/\/balsamico.shop\/dk\/\",\"name\":\"Aceto Balsamico Shop - Danmark\",\"description\":\"Shop for balsamisk eddike fra Modena og Reggio Emilia\",\"potentialAction\":[{\"@type\":\"SearchAction\",\"target\":{\"@type\":\"EntryPoint\",\"urlTemplate\":\"https:\/\/balsamico.shop\/dk\/?s={search_term_string}\"},\"query-input\":{\"@type\":\"PropertyValueSpecification\",\"valueRequired\":true,\"valueName\":\"search_term_string\"}}],\"inLanguage\":\"da-DK\"}]}<\/script>\n<!-- \/ Yoast SEO plugin. -->","yoast_head_json":{"title":"Imprint - Aceto Balsamico Shop - Danmark","robots":{"index":"index","follow":"follow","max-snippet":"max-snippet:-1","max-image-preview":"max-image-preview:large","max-video-preview":"max-video-preview:-1"},"canonical":"https:\/\/balsamico.shop\/dk\/kontakt\/","og_locale":"da_DK","og_type":"article","og_title":"Imprint - Aceto Balsamico Shop - Danmark","og_description":"Bernardo Tesori a Division of Acoonia GmbH Brabandtstrasse 8 38100 Braunschweig, Tyskland Phone: 0049 5041 \/ 9472970 E-Mail: shop@balsamico.shop CEO: Uwe Tippmann VAT ID: DE295209052 \u00a7 55 RStV: U. Tippmann Procedure klager","og_url":"https:\/\/balsamico.shop\/dk\/kontakt\/","og_site_name":"Aceto Balsamico Shop - Danmark","article_modified_time":"2020-12-31T22:11:55+00:00","twitter_card":"summary_large_image","schema":{"@context":"https:\/\/schema.org","@graph":[{"@type":"WebPage","@id":"https:\/\/balsamico.shop\/dk\/kontakt\/","url":"https:\/\/balsamico.shop\/dk\/kontakt\/","name":"Imprint - Aceto Balsamico Shop - Danmark","isPartOf":{"@id":"https:\/\/balsamico.shop\/dk\/#website"},"datePublished":"2016-03-28T20:58:21+00:00","dateModified":"2020-12-31T22:11:55+00:00","breadcrumb":{"@id":"https:\/\/balsamico.shop\/dk\/kontakt\/#breadcrumb"},"inLanguage":"da-DK","potentialAction":[{"@type":"ReadAction","target":["https:\/\/balsamico.shop\/dk\/kontakt\/"]}]},{"@type":"BreadcrumbList","@id":"https:\/\/balsamico.shop\/dk\/kontakt\/#breadcrumb","itemListElement":[{"@type":"ListItem","position":1,"name":"Home","item":"https:\/\/balsamico.shop\/dk\/"},{"@type":"ListItem","position":2,"name":"Imprint"}]},{"@type":"WebSite","@id":"https:\/\/balsamico.shop\/dk\/#website","url":"https:\/\/balsamico.shop\/dk\/","name":"Aceto Balsamico Shop - Danmark","description":"Shop for balsamisk eddike fra Modena og Reggio Emilia","potentialAction":[{"@type":"SearchAction","target":{"@type":"EntryPoint","urlTemplate":"https:\/\/balsamico.shop\/dk\/?s={search_term_string}"},"query-input":{"@type":"PropertyValueSpecification","valueRequired":true,"valueName":"search_term_string"}}],"inLanguage":"da-DK"}]}},"_links":{"self":[{"href":"https:\/\/balsamico.shop\/dk\/wp-json\/wp\/v2\/pages\/15","targetHints":{"allow":["GET"]}}],"collection":[{"href":"https:\/\/balsamico.shop\/dk\/wp-json\/wp\/v2\/pages"}],"about":[{"href":"https:\/\/balsamico.shop\/dk\/wp-json\/wp\/v2\/types\/page"}],"author":[{"embeddable":true,"href":"https:\/\/balsamico.shop\/dk\/wp-json\/wp\/v2\/users\/1"}],"replies":[{"embeddable":true,"href":"https:\/\/balsamico.shop\/dk\/wp-json\/wp\/v2\/comments?post=15"}],"version-history":[{"count":6,"href":"https:\/\/balsamico.shop\/dk\/wp-json\/wp\/v2\/pages\/15\/revisions"}],"predecessor-version":[{"id":1566,"href":"https:\/\/balsamico.shop\/dk\/wp-json\/wp\/v2\/pages\/15\/revisions\/1566"}],"wp:attachment":[{"href":"https:\/\/balsamico.shop\/dk\/wp-json\/wp\/v2\/media?parent=15"}],"curies":[{"name":"wp","href":"https:\/\/api.w.org\/{rel}","templated":true}]}}