{"id":136,"date":"2016-04-11T16:22:23","date_gmt":"2016-04-11T14:22:23","guid":{"rendered":"https:\/\/de.aceto-balsamico-tradizionale.com\/?page_id=136"},"modified":"2018-01-15T15:39:53","modified_gmt":"2018-01-15T14:39:53","slug":"betalingsmuligheder","status":"publish","type":"page","link":"https:\/\/balsamico.shop\/dk\/betalingsmuligheder\/","title":{"rendered":"Betalingsmuligheder"},"content":{"rendered":"<p><span id=\"result_box\" class=\"\" lang=\"da\" tabindex=\"-1\">I \u00f8jeblikket underst\u00f8tter vi PayPal, kreditkort (Visa, Mastercard eller American Express) og forudbetaling ved bankoverf\u00f8rsel som betaling.<\/span><\/p>\n<p>Du kan ogs\u00e5 bruge PayPal til at betale med kreditkort (Visa eller Mastercard) selvom du ikke er registreret hos PayPal.<\/p>\n<p>Vi accepterer ogs\u00e5 f\u00f8lgende kryptomargin via Coinify:<\/p>\n<p><img loading=\"lazy\" decoding=\"async\" class=\"alignnone wp-image-1366 size-full\" src=\"https:\/\/balsamico.shop\/dk\/wp-content\/uploads\/2018\/01\/crypto.jpg\" alt=\"\" width=\"480\" height=\"175\" srcset=\"https:\/\/balsamico.shop\/dk\/wp-content\/uploads\/2018\/01\/crypto.jpg 480w, https:\/\/balsamico.shop\/dk\/wp-content\/uploads\/2018\/01\/crypto-300x109.jpg 300w, https:\/\/balsamico.shop\/dk\/wp-content\/uploads\/2018\/01\/crypto-390x142.jpg 390w\" sizes=\"auto, (max-width: 480px) 100vw, 480px\" \/><\/p>\n","protected":false},"excerpt":{"rendered":"<p>I \u00f8jeblikket underst\u00f8tter vi PayPal, kreditkort (Visa, Mastercard eller American Express) og forudbetaling ved bankoverf\u00f8rsel som betaling. Du kan ogs\u00e5 bruge PayPal til at betale med kreditkort (Visa eller Mastercard) selvom du ikke er registreret hos PayPal. Vi accepterer ogs\u00e5 f\u00f8lgende kryptomargin via Coinify:<\/p>\n","protected":false},"author":1,"featured_media":0,"parent":0,"menu_order":0,"comment_status":"closed","ping_status":"closed","template":"","meta":{"footnotes":""},"class_list":["post-136","page","type-page","status-publish","hentry"],"yoast_head":"<!-- This site is optimized with the Yoast SEO plugin v27.4 - https:\/\/yoast.com\/product\/yoast-seo-wordpress\/ -->\n<title>Betalingsmuligheder - Aceto Balsamico Shop - Danmark<\/title>\n<meta name=\"robots\" content=\"index, follow, max-snippet:-1, max-image-preview:large, max-video-preview:-1\" \/>\n<link rel=\"canonical\" href=\"https:\/\/balsamico.shop\/dk\/betalingsmuligheder\/\" \/>\n<meta property=\"og:locale\" content=\"da_DK\" \/>\n<meta property=\"og:type\" content=\"article\" \/>\n<meta property=\"og:title\" content=\"Betalingsmuligheder - Aceto Balsamico Shop - Danmark\" \/>\n<meta property=\"og:description\" content=\"I \u00f8jeblikket underst\u00f8tter vi PayPal, kreditkort (Visa, Mastercard eller American Express) og forudbetaling ved bankoverf\u00f8rsel som betaling. Du kan ogs\u00e5 bruge PayPal til at betale med kreditkort (Visa eller Mastercard) selvom du ikke er registreret hos PayPal. Vi accepterer ogs\u00e5 f\u00f8lgende kryptomargin via Coinify:\" \/>\n<meta property=\"og:url\" content=\"https:\/\/balsamico.shop\/dk\/betalingsmuligheder\/\" \/>\n<meta property=\"og:site_name\" content=\"Aceto Balsamico Shop - Danmark\" \/>\n<meta property=\"article:modified_time\" content=\"2018-01-15T14:39:53+00:00\" \/>\n<meta property=\"og:image\" content=\"https:\/\/balsamico.shop\/dk\/wp-content\/uploads\/2018\/01\/crypto.jpg\" \/>\n<meta name=\"twitter:card\" content=\"summary_large_image\" \/>\n<script type=\"application\/ld+json\" class=\"yoast-schema-graph\">{\"@context\":\"https:\\\/\\\/schema.org\",\"@graph\":[{\"@type\":\"WebPage\",\"@id\":\"https:\\\/\\\/balsamico.shop\\\/dk\\\/betalingsmuligheder\\\/\",\"url\":\"https:\\\/\\\/balsamico.shop\\\/dk\\\/betalingsmuligheder\\\/\",\"name\":\"Betalingsmuligheder - Aceto Balsamico Shop - Danmark\",\"isPartOf\":{\"@id\":\"https:\\\/\\\/balsamico.shop\\\/dk\\\/#website\"},\"primaryImageOfPage\":{\"@id\":\"https:\\\/\\\/balsamico.shop\\\/dk\\\/betalingsmuligheder\\\/#primaryimage\"},\"image\":{\"@id\":\"https:\\\/\\\/balsamico.shop\\\/dk\\\/betalingsmuligheder\\\/#primaryimage\"},\"thumbnailUrl\":\"https:\\\/\\\/balsamico.shop\\\/dk\\\/wp-content\\\/uploads\\\/2018\\\/01\\\/crypto.jpg\",\"datePublished\":\"2016-04-11T14:22:23+00:00\",\"dateModified\":\"2018-01-15T14:39:53+00:00\",\"breadcrumb\":{\"@id\":\"https:\\\/\\\/balsamico.shop\\\/dk\\\/betalingsmuligheder\\\/#breadcrumb\"},\"inLanguage\":\"da-DK\",\"potentialAction\":[{\"@type\":\"ReadAction\",\"target\":[\"https:\\\/\\\/balsamico.shop\\\/dk\\\/betalingsmuligheder\\\/\"]}]},{\"@type\":\"ImageObject\",\"inLanguage\":\"da-DK\",\"@id\":\"https:\\\/\\\/balsamico.shop\\\/dk\\\/betalingsmuligheder\\\/#primaryimage\",\"url\":\"https:\\\/\\\/balsamico.shop\\\/dk\\\/wp-content\\\/uploads\\\/2018\\\/01\\\/crypto.jpg\",\"contentUrl\":\"https:\\\/\\\/balsamico.shop\\\/dk\\\/wp-content\\\/uploads\\\/2018\\\/01\\\/crypto.jpg\",\"width\":480,\"height\":175},{\"@type\":\"BreadcrumbList\",\"@id\":\"https:\\\/\\\/balsamico.shop\\\/dk\\\/betalingsmuligheder\\\/#breadcrumb\",\"itemListElement\":[{\"@type\":\"ListItem\",\"position\":1,\"name\":\"Home\",\"item\":\"https:\\\/\\\/balsamico.shop\\\/dk\\\/\"},{\"@type\":\"ListItem\",\"position\":2,\"name\":\"Betalingsmuligheder\"}]},{\"@type\":\"WebSite\",\"@id\":\"https:\\\/\\\/balsamico.shop\\\/dk\\\/#website\",\"url\":\"https:\\\/\\\/balsamico.shop\\\/dk\\\/\",\"name\":\"Aceto Balsamico Shop - Danmark\",\"description\":\"Shop for balsamisk eddike fra Modena og Reggio Emilia\",\"potentialAction\":[{\"@type\":\"SearchAction\",\"target\":{\"@type\":\"EntryPoint\",\"urlTemplate\":\"https:\\\/\\\/balsamico.shop\\\/dk\\\/?s={search_term_string}\"},\"query-input\":{\"@type\":\"PropertyValueSpecification\",\"valueRequired\":true,\"valueName\":\"search_term_string\"}}],\"inLanguage\":\"da-DK\"}]}<\/script>\n<!-- \/ Yoast SEO plugin. -->","yoast_head_json":{"title":"Betalingsmuligheder - Aceto Balsamico Shop - Danmark","robots":{"index":"index","follow":"follow","max-snippet":"max-snippet:-1","max-image-preview":"max-image-preview:large","max-video-preview":"max-video-preview:-1"},"canonical":"https:\/\/balsamico.shop\/dk\/betalingsmuligheder\/","og_locale":"da_DK","og_type":"article","og_title":"Betalingsmuligheder - Aceto Balsamico Shop - Danmark","og_description":"I \u00f8jeblikket underst\u00f8tter vi PayPal, kreditkort (Visa, Mastercard eller American Express) og forudbetaling ved bankoverf\u00f8rsel som betaling. Du kan ogs\u00e5 bruge PayPal til at betale med kreditkort (Visa eller Mastercard) selvom du ikke er registreret hos PayPal. Vi accepterer ogs\u00e5 f\u00f8lgende kryptomargin via Coinify:","og_url":"https:\/\/balsamico.shop\/dk\/betalingsmuligheder\/","og_site_name":"Aceto Balsamico Shop - Danmark","article_modified_time":"2018-01-15T14:39:53+00:00","og_image":[{"url":"https:\/\/balsamico.shop\/dk\/wp-content\/uploads\/2018\/01\/crypto.jpg","type":"","width":"","height":""}],"twitter_card":"summary_large_image","schema":{"@context":"https:\/\/schema.org","@graph":[{"@type":"WebPage","@id":"https:\/\/balsamico.shop\/dk\/betalingsmuligheder\/","url":"https:\/\/balsamico.shop\/dk\/betalingsmuligheder\/","name":"Betalingsmuligheder - Aceto Balsamico Shop - Danmark","isPartOf":{"@id":"https:\/\/balsamico.shop\/dk\/#website"},"primaryImageOfPage":{"@id":"https:\/\/balsamico.shop\/dk\/betalingsmuligheder\/#primaryimage"},"image":{"@id":"https:\/\/balsamico.shop\/dk\/betalingsmuligheder\/#primaryimage"},"thumbnailUrl":"https:\/\/balsamico.shop\/dk\/wp-content\/uploads\/2018\/01\/crypto.jpg","datePublished":"2016-04-11T14:22:23+00:00","dateModified":"2018-01-15T14:39:53+00:00","breadcrumb":{"@id":"https:\/\/balsamico.shop\/dk\/betalingsmuligheder\/#breadcrumb"},"inLanguage":"da-DK","potentialAction":[{"@type":"ReadAction","target":["https:\/\/balsamico.shop\/dk\/betalingsmuligheder\/"]}]},{"@type":"ImageObject","inLanguage":"da-DK","@id":"https:\/\/balsamico.shop\/dk\/betalingsmuligheder\/#primaryimage","url":"https:\/\/balsamico.shop\/dk\/wp-content\/uploads\/2018\/01\/crypto.jpg","contentUrl":"https:\/\/balsamico.shop\/dk\/wp-content\/uploads\/2018\/01\/crypto.jpg","width":480,"height":175},{"@type":"BreadcrumbList","@id":"https:\/\/balsamico.shop\/dk\/betalingsmuligheder\/#breadcrumb","itemListElement":[{"@type":"ListItem","position":1,"name":"Home","item":"https:\/\/balsamico.shop\/dk\/"},{"@type":"ListItem","position":2,"name":"Betalingsmuligheder"}]},{"@type":"WebSite","@id":"https:\/\/balsamico.shop\/dk\/#website","url":"https:\/\/balsamico.shop\/dk\/","name":"Aceto Balsamico Shop - Danmark","description":"Shop for balsamisk eddike fra Modena og Reggio Emilia","potentialAction":[{"@type":"SearchAction","target":{"@type":"EntryPoint","urlTemplate":"https:\/\/balsamico.shop\/dk\/?s={search_term_string}"},"query-input":{"@type":"PropertyValueSpecification","valueRequired":true,"valueName":"search_term_string"}}],"inLanguage":"da-DK"}]}},"_links":{"self":[{"href":"https:\/\/balsamico.shop\/dk\/wp-json\/wp\/v2\/pages\/136","targetHints":{"allow":["GET"]}}],"collection":[{"href":"https:\/\/balsamico.shop\/dk\/wp-json\/wp\/v2\/pages"}],"about":[{"href":"https:\/\/balsamico.shop\/dk\/wp-json\/wp\/v2\/types\/page"}],"author":[{"embeddable":true,"href":"https:\/\/balsamico.shop\/dk\/wp-json\/wp\/v2\/users\/1"}],"replies":[{"embeddable":true,"href":"https:\/\/balsamico.shop\/dk\/wp-json\/wp\/v2\/comments?post=136"}],"version-history":[{"count":3,"href":"https:\/\/balsamico.shop\/dk\/wp-json\/wp\/v2\/pages\/136\/revisions"}],"predecessor-version":[{"id":1367,"href":"https:\/\/balsamico.shop\/dk\/wp-json\/wp\/v2\/pages\/136\/revisions\/1367"}],"wp:attachment":[{"href":"https:\/\/balsamico.shop\/dk\/wp-json\/wp\/v2\/media?parent=136"}],"curies":[{"name":"wp","href":"https:\/\/api.w.org\/{rel}","templated":true}]}}