{"id":5963,"date":"2021-03-27T23:31:16","date_gmt":"2021-03-27T22:31:16","guid":{"rendered":"https:\/\/balsamico.shop\/de\/?post_type=product&#038;p=5963"},"modified":"2026-03-10T12:43:36","modified_gmt":"2026-03-10T11:43:36","slug":"aceto-balsamico-di-modena-igp-bernardo-tesori","status":"publish","type":"product","link":"https:\/\/balsamico.shop\/de\/produkt\/aceto-balsamico-di-modena-igp-bernardo-tesori\/","title":{"rendered":"Aceto Balsamico di Modena IGP \u2013 Bernardo Tesori"},"content":{"rendered":"<p style=\"padding-left: 40px;\"><strong>Neu!<\/strong> Unser Bernardo Tesori \u2013 <strong>Aceto Balsamico di Modena I.G.P.<\/strong> \u2013 Bronze Edition in einer exklusiven Abf\u00fcllung. Dieser holzfassgereifte Balsamico \u00fcberzeugt durch seine hohe Dichte und <strong>sirupartige Konsistenz<\/strong> und eignet sich hervorragend <strong>zum t\u00e4glichen Gebrauch<\/strong> \u00fcber den <strong>Salat<\/strong>, zum Zubereiten schmackhafter <strong>So\u00dfen<\/strong> sowie durch seine Dickfl\u00fcssigkeit auch zum Garnieren von Hauptspeisen. Besonders geeignet f\u00fcr den Balsamico-Klassiker &#8222;<strong>Tomate Mozzarella<\/strong>&#8220; mit frischem Basilikum. Sie erhalten einen italienischen Aceto Balsamico di Modena IGP der Spitzenklasse zu einem unglaublichen Preis-Leistungsverh\u00e4ltnis.<\/p>\n<p><img loading=\"lazy\" decoding=\"async\" class=\"size-full wp-image-6384 alignright\" src=\"https:\/\/balsamico.shop\/de\/wp-content\/uploads\/2021\/03\/bronze-tropfen-balsamico-bernardo-tesori.png\" alt=\"Tropfen Bronze Balsamico Bernardo Tesori\" width=\"253\" height=\"256\" srcset=\"https:\/\/balsamico.shop\/de\/wp-content\/uploads\/2021\/03\/bronze-tropfen-balsamico-bernardo-tesori.png 253w, https:\/\/balsamico.shop\/de\/wp-content\/uploads\/2021\/03\/bronze-tropfen-balsamico-bernardo-tesori-75x75.png 75w, https:\/\/balsamico.shop\/de\/wp-content\/uploads\/2021\/03\/bronze-tropfen-balsamico-bernardo-tesori-100x100.png 100w\" sizes=\"auto, (max-width: 253px) 100vw, 253px\" \/>Dieser <strong>zertifizierte I.G.P. Balsamico<\/strong> ist extrem dunkel, au\u00dferordentlich fruchtig im Geschmack und durchdrungen von feinen Holznoten von Kirsche und Eiche. Die 6% S\u00e4ure, welche ein Aceto Balsamico di Modena I.G.P. haben muss, ist perfekt eingebunden und bildet einen angenehme Harmonie zwischen S\u00fc\u00dfe und S\u00e4ure, sodass man diesen Balsamico auch pur genie\u00dfen kann. Dieses italienische Naturprodukt wurde ohne Farbstoff und ohne k\u00fcnstliche Zus\u00e4tze hergestellt.<\/p>\n<p>Der Geruch ist ausgewogen, mit leichter Tabak- und Pflaumennote. Die S\u00e4ure befindet sich dezent im Hintergrund und sticht nicht hervor.<\/p>\n<p>Die Bernardo Tesori Bronze Abf\u00fcllung wurde in enger Zusammenarbeit mit den besten Balsamico-Spezialisten in Modena kreiert und durch den &#8222;Taste-Master&#8220; einer bekannten Familien-Acetaia verfeinert. Der bereits integrierte Ausgie\u00dfer garantiert das <strong>Ausgie\u00dfen ohne zu tropfen<\/strong>. Sie k\u00f6nnen daher die Flasche optisch ansprechend auf dem Esstisch platzieren. Ein k\u00f6stliches Meisterwerk zu einem unschlagbaren Preis.<\/p>\n<p><strong>Hinweis zur Lagerung &amp; Haltbarkeit<\/strong>: Mindestens haltbar bis: 03\/2031, auch nach dem \u00d6ffnen, verschlossen bei Raumtemperatur und gesch\u00fctzt vor direktem Sonnenlicht!<\/p>\n<p><strong><u>Produktdaten<\/u><\/strong>:<\/p>\n<p><strong>Alterung<\/strong>: Der Traubenmost und der Weinessig reifte im Eichen-Holzfass.<\/p>\n<p><strong>Traubenart<\/strong>: Lambrusco und Trebbiano<\/p>\n<p><strong>Dichte<\/strong>: 1,34 \u2013 Premiumqualit\u00e4t (sirupartig \/ z\u00e4hfl\u00fcssig)<\/p>\n<p><strong>Farbe<\/strong>: tiefes dunkelbraun<\/p>\n<p><strong>Geruch<\/strong>: angenehme zur\u00fcckhaltende, gebundene S\u00e4ure, intensiv fruchtig und anregend<\/p>\n<p><strong>Geschmack &amp; Intensit\u00e4t<\/strong>: s\u00fc\u00dflicher intensiver Geschmack mit leichter Tabak- und Pflaumennote, harmonisch eingebundene S\u00e4ure.<\/p>\n<p><strong>Aufbewahrung<\/strong>: k\u00fchl und trocken, gesch\u00fctzt vor Licht und Hitze lagern.<\/p>\n<p><strong>Haltbarkeit<\/strong>: bis MHD 03\/2031<\/p>\n<p><strong>Ursprungsland<\/strong>: Italien<\/p>\n<p><strong>Hergestellt und verarbeitet<\/strong>: Modena, Italien<\/p>\n<p><strong>Schutzsiegel<\/strong>: I.G.P. \/ g.g.A (Gesch\u00fctzte geografische Angabe).<\/p>\n<p><strong>Bezeichnung gesch\u00fctzt durch<\/strong>: Verordnung (EG) Nr. 583\/2009 \u2013 Aceto Balsamico di Modena<\/p>\n<p><strong>Ausgie\u00dfer<\/strong>: integriert, Silikon<\/p>\n<p><strong>Menge<\/strong>: 250 Milliliter<\/p>\n<p><strong>Inhaltsstoffe<\/strong>:<br \/>\n6% S\u00e4ure, gekochter Traubenmost, Weinessig.<\/p>\n<p><strong>Hinweis<\/strong>: enth\u00e4lt Sulfite<\/p>\n","protected":false},"excerpt":{"rendered":"<p><strong>Neu eingetroffen!<\/strong> Unser Bernardo Tesori &#8211; <strong>Aceto Balsamico di Modena I.G.P.<\/strong> in einer exklusiven Abf\u00fcllung erhalten Sie einen italienischen Aceto Balsamico di Modena IGP der Spitzenklasse zu einem vertretbaren Preis. Dieser holzfassgereifte Balsamico \u00fcberzeugt durch seine hohe Dichte und <strong>sirupartige Konsistenz<\/strong> und eignet sich hervorragend <strong>zum t\u00e4glichen Gebrauch<\/strong> \u00fcber den <strong>Salat<\/strong>, zum Zubereiten schmackhafter <strong>So\u00dfen<\/strong> sowie durch seine Dickfl\u00fcssigkeit auch zum Garnieren von Hauptspeisen.<\/p>\n<p>Dieser <strong>zertifizierte I.G.P. Balsamico<\/strong> ist extrem dunkel, au\u00dferordentlich fruchtig im Geschmack und durchdrungen von feinen Holznoten von Kirsche und Eiche. Die 6% S\u00e4ure, welche ein Aceto Balsamico di Modena I.G.P. haben muss, ist perfekt eingebunden und bildet einen angenehme Harmonie zwischen S\u00fc\u00dfe und S\u00e4ure, sodass man diesen Balsamico auch pur genie\u00dfen kann.<\/p>\n","protected":false},"featured_media":5985,"template":"","meta":[],"product_brand":[],"product_cat":[50],"product_tag":[69,60],"class_list":{"0":"post-5963","1":"product","2":"type-product","3":"status-publish","4":"has-post-thumbnail","6":"product_cat-bernardo-tesori","7":"product_tag-igp","8":"product_tag-modena","9":"product_shipping_class-balsamico","11":"first","12":"outofstock","13":"taxable","14":"shipping-taxable","15":"purchasable","16":"product-type-simple"},"bundle_layout":"","bundled_by":["13473"],"bundled_items":[],"yoast_head":"<!-- This site is optimized with the Yoast SEO plugin v27.5 - https:\/\/yoast.com\/product\/yoast-seo-wordpress\/ -->\n<title>Aceto Balsamico di Modena IGP \u2013 Bernardo Tesori<\/title>\n<meta name=\"robots\" content=\"index, follow, max-snippet:-1, max-image-preview:large, max-video-preview:-1\" \/>\n<link rel=\"canonical\" href=\"https:\/\/balsamico.shop\/de\/produkt\/aceto-balsamico-di-modena-igp-bernardo-tesori\/\" \/>\n<script type=\"application\/ld+json\" class=\"yoast-schema-graph\">{\"@context\":\"https:\\\/\\\/schema.org\",\"@graph\":[{\"@type\":\"WebPage\",\"@id\":\"https:\\\/\\\/balsamico.shop\\\/de\\\/produkt\\\/aceto-balsamico-di-modena-igp-bernardo-tesori\\\/\",\"url\":\"https:\\\/\\\/balsamico.shop\\\/de\\\/produkt\\\/aceto-balsamico-di-modena-igp-bernardo-tesori\\\/\",\"name\":\"Aceto Balsamico di Modena IGP \u2013 Bernardo Tesori\",\"isPartOf\":{\"@id\":\"https:\\\/\\\/balsamico.shop\\\/de\\\/#website\"},\"primaryImageOfPage\":{\"@id\":\"https:\\\/\\\/balsamico.shop\\\/de\\\/produkt\\\/aceto-balsamico-di-modena-igp-bernardo-tesori\\\/#primaryimage\"},\"image\":{\"@id\":\"https:\\\/\\\/balsamico.shop\\\/de\\\/produkt\\\/aceto-balsamico-di-modena-igp-bernardo-tesori\\\/#primaryimage\"},\"thumbnailUrl\":\"https:\\\/\\\/balsamico.shop\\\/de\\\/wp-content\\\/uploads\\\/2021\\\/03\\\/bernardo-tesori-aceto-balsamico-di-modena-igp.jpg\",\"datePublished\":\"2021-03-27T22:31:16+00:00\",\"dateModified\":\"2026-03-10T11:43:36+00:00\",\"breadcrumb\":{\"@id\":\"https:\\\/\\\/balsamico.shop\\\/de\\\/produkt\\\/aceto-balsamico-di-modena-igp-bernardo-tesori\\\/#breadcrumb\"},\"inLanguage\":\"de\",\"potentialAction\":[{\"@type\":\"ReadAction\",\"target\":[\"https:\\\/\\\/balsamico.shop\\\/de\\\/produkt\\\/aceto-balsamico-di-modena-igp-bernardo-tesori\\\/\"]}]},{\"@type\":\"ImageObject\",\"inLanguage\":\"de\",\"@id\":\"https:\\\/\\\/balsamico.shop\\\/de\\\/produkt\\\/aceto-balsamico-di-modena-igp-bernardo-tesori\\\/#primaryimage\",\"url\":\"https:\\\/\\\/balsamico.shop\\\/de\\\/wp-content\\\/uploads\\\/2021\\\/03\\\/bernardo-tesori-aceto-balsamico-di-modena-igp.jpg\",\"contentUrl\":\"https:\\\/\\\/balsamico.shop\\\/de\\\/wp-content\\\/uploads\\\/2021\\\/03\\\/bernardo-tesori-aceto-balsamico-di-modena-igp.jpg\",\"width\":1600,\"height\":1872,\"caption\":\"Aceto Balsamico di Modena IGP - Bernardo Tesori\"},{\"@type\":\"BreadcrumbList\",\"@id\":\"https:\\\/\\\/balsamico.shop\\\/de\\\/produkt\\\/aceto-balsamico-di-modena-igp-bernardo-tesori\\\/#breadcrumb\",\"itemListElement\":[{\"@type\":\"ListItem\",\"position\":1,\"name\":\"Startseite\",\"item\":\"https:\\\/\\\/balsamico.shop\\\/de\\\/\"},{\"@type\":\"ListItem\",\"position\":2,\"name\":\"Aceto Balsamico Shop\",\"item\":\"https:\\\/\\\/balsamico.shop\\\/de\\\/shop\\\/\"},{\"@type\":\"ListItem\",\"position\":3,\"name\":\"Aceto Balsamico di Modena IGP \u2013 Bernardo Tesori\"}]},{\"@type\":\"WebSite\",\"@id\":\"https:\\\/\\\/balsamico.shop\\\/de\\\/#website\",\"url\":\"https:\\\/\\\/balsamico.shop\\\/de\\\/\",\"name\":\"Aceto Balsamico Shop\",\"description\":\"Shop f\u00fcr Balsamico aus Modena &amp; Reggio Emilia\",\"publisher\":{\"@id\":\"https:\\\/\\\/balsamico.shop\\\/de\\\/#organization\"},\"potentialAction\":[{\"@type\":\"SearchAction\",\"target\":{\"@type\":\"EntryPoint\",\"urlTemplate\":\"https:\\\/\\\/balsamico.shop\\\/de\\\/?s={search_term_string}\"},\"query-input\":{\"@type\":\"PropertyValueSpecification\",\"valueRequired\":true,\"valueName\":\"search_term_string\"}}],\"inLanguage\":\"de\"},{\"@type\":\"Organization\",\"@id\":\"https:\\\/\\\/balsamico.shop\\\/de\\\/#organization\",\"name\":\"Bernardo Tesori\",\"url\":\"https:\\\/\\\/balsamico.shop\\\/de\\\/\",\"logo\":{\"@type\":\"ImageObject\",\"inLanguage\":\"de\",\"@id\":\"https:\\\/\\\/balsamico.shop\\\/de\\\/#\\\/schema\\\/logo\\\/image\\\/\",\"url\":\"https:\\\/\\\/balsamico.shop\\\/de\\\/wp-content\\\/uploads\\\/2016\\\/04\\\/logo_bernardo.png\",\"contentUrl\":\"https:\\\/\\\/balsamico.shop\\\/de\\\/wp-content\\\/uploads\\\/2016\\\/04\\\/logo_bernardo.png\",\"width\":278,\"height\":466,\"caption\":\"Bernardo Tesori\"},\"image\":{\"@id\":\"https:\\\/\\\/balsamico.shop\\\/de\\\/#\\\/schema\\\/logo\\\/image\\\/\"}}]}<\/script>\n<!-- \/ Yoast SEO plugin. -->","yoast_head_json":{"title":"Aceto Balsamico di Modena IGP \u2013 Bernardo Tesori","robots":{"index":"index","follow":"follow","max-snippet":"max-snippet:-1","max-image-preview":"max-image-preview:large","max-video-preview":"max-video-preview:-1"},"canonical":"https:\/\/balsamico.shop\/de\/produkt\/aceto-balsamico-di-modena-igp-bernardo-tesori\/","schema":{"@context":"https:\/\/schema.org","@graph":[{"@type":"WebPage","@id":"https:\/\/balsamico.shop\/de\/produkt\/aceto-balsamico-di-modena-igp-bernardo-tesori\/","url":"https:\/\/balsamico.shop\/de\/produkt\/aceto-balsamico-di-modena-igp-bernardo-tesori\/","name":"Aceto Balsamico di Modena IGP \u2013 Bernardo Tesori","isPartOf":{"@id":"https:\/\/balsamico.shop\/de\/#website"},"primaryImageOfPage":{"@id":"https:\/\/balsamico.shop\/de\/produkt\/aceto-balsamico-di-modena-igp-bernardo-tesori\/#primaryimage"},"image":{"@id":"https:\/\/balsamico.shop\/de\/produkt\/aceto-balsamico-di-modena-igp-bernardo-tesori\/#primaryimage"},"thumbnailUrl":"https:\/\/balsamico.shop\/de\/wp-content\/uploads\/2021\/03\/bernardo-tesori-aceto-balsamico-di-modena-igp.jpg","datePublished":"2021-03-27T22:31:16+00:00","dateModified":"2026-03-10T11:43:36+00:00","breadcrumb":{"@id":"https:\/\/balsamico.shop\/de\/produkt\/aceto-balsamico-di-modena-igp-bernardo-tesori\/#breadcrumb"},"inLanguage":"de","potentialAction":[{"@type":"ReadAction","target":["https:\/\/balsamico.shop\/de\/produkt\/aceto-balsamico-di-modena-igp-bernardo-tesori\/"]}]},{"@type":"ImageObject","inLanguage":"de","@id":"https:\/\/balsamico.shop\/de\/produkt\/aceto-balsamico-di-modena-igp-bernardo-tesori\/#primaryimage","url":"https:\/\/balsamico.shop\/de\/wp-content\/uploads\/2021\/03\/bernardo-tesori-aceto-balsamico-di-modena-igp.jpg","contentUrl":"https:\/\/balsamico.shop\/de\/wp-content\/uploads\/2021\/03\/bernardo-tesori-aceto-balsamico-di-modena-igp.jpg","width":1600,"height":1872,"caption":"Aceto Balsamico di Modena IGP - Bernardo Tesori"},{"@type":"BreadcrumbList","@id":"https:\/\/balsamico.shop\/de\/produkt\/aceto-balsamico-di-modena-igp-bernardo-tesori\/#breadcrumb","itemListElement":[{"@type":"ListItem","position":1,"name":"Startseite","item":"https:\/\/balsamico.shop\/de\/"},{"@type":"ListItem","position":2,"name":"Aceto Balsamico Shop","item":"https:\/\/balsamico.shop\/de\/shop\/"},{"@type":"ListItem","position":3,"name":"Aceto Balsamico di Modena IGP \u2013 Bernardo Tesori"}]},{"@type":"WebSite","@id":"https:\/\/balsamico.shop\/de\/#website","url":"https:\/\/balsamico.shop\/de\/","name":"Aceto Balsamico Shop","description":"Shop f\u00fcr Balsamico aus Modena &amp; Reggio Emilia","publisher":{"@id":"https:\/\/balsamico.shop\/de\/#organization"},"potentialAction":[{"@type":"SearchAction","target":{"@type":"EntryPoint","urlTemplate":"https:\/\/balsamico.shop\/de\/?s={search_term_string}"},"query-input":{"@type":"PropertyValueSpecification","valueRequired":true,"valueName":"search_term_string"}}],"inLanguage":"de"},{"@type":"Organization","@id":"https:\/\/balsamico.shop\/de\/#organization","name":"Bernardo Tesori","url":"https:\/\/balsamico.shop\/de\/","logo":{"@type":"ImageObject","inLanguage":"de","@id":"https:\/\/balsamico.shop\/de\/#\/schema\/logo\/image\/","url":"https:\/\/balsamico.shop\/de\/wp-content\/uploads\/2016\/04\/logo_bernardo.png","contentUrl":"https:\/\/balsamico.shop\/de\/wp-content\/uploads\/2016\/04\/logo_bernardo.png","width":278,"height":466,"caption":"Bernardo Tesori"},"image":{"@id":"https:\/\/balsamico.shop\/de\/#\/schema\/logo\/image\/"}}]}},"_links":{"self":[{"href":"https:\/\/balsamico.shop\/de\/wp-json\/wp\/v2\/product\/5963","targetHints":{"allow":["GET"]}}],"collection":[{"href":"https:\/\/balsamico.shop\/de\/wp-json\/wp\/v2\/product"}],"about":[{"href":"https:\/\/balsamico.shop\/de\/wp-json\/wp\/v2\/types\/product"}],"wp:featuredmedia":[{"embeddable":true,"href":"https:\/\/balsamico.shop\/de\/wp-json\/wp\/v2\/media\/5985"}],"wp:attachment":[{"href":"https:\/\/balsamico.shop\/de\/wp-json\/wp\/v2\/media?parent=5963"}],"wp:term":[{"taxonomy":"product_brand","embeddable":true,"href":"https:\/\/balsamico.shop\/de\/wp-json\/wp\/v2\/product_brand?post=5963"},{"taxonomy":"product_cat","embeddable":true,"href":"https:\/\/balsamico.shop\/de\/wp-json\/wp\/v2\/product_cat?post=5963"},{"taxonomy":"product_tag","embeddable":true,"href":"https:\/\/balsamico.shop\/de\/wp-json\/wp\/v2\/product_tag?post=5963"}],"curies":[{"name":"wp","href":"https:\/\/api.w.org\/{rel}","templated":true}]}}