{"id":571,"date":"2017-01-07T20:09:32","date_gmt":"2017-01-07T19:09:32","guid":{"rendered":"https:\/\/balsamico.shop\/de\/produkt\/extravecchio-abtm-villa-san-donnino\/"},"modified":"2026-02-17T16:23:27","modified_gmt":"2026-02-17T15:23:27","slug":"extravecchio-abtm-villa-san-donnino","status":"publish","type":"product","link":"https:\/\/balsamico.shop\/de\/produkt\/extravecchio-abtm-villa-san-donnino\/","title":{"rendered":"Extravecchio \u2013 Aceto Balsamico Tradizionale di Modena DOP \u2013 Villa San Donnino"},"content":{"rendered":"<p><img loading=\"lazy\" decoding=\"async\" class=\"size-full wp-image-340 alignright\" src=\"https:\/\/balsamico.shop\/de\/wp-content\/uploads\/2016\/08\/villa-san-donnino.jpg\" alt=\"\" width=\"198\" height=\"145\" \/>Mehr als 25 Jahre verbrachte dieser Balsam in den hauseigenen F\u00e4ssern der Acetaia Villa San Donnino. Die Acetaia ist bekannt durch seine Jugendstilvilla in San Donnino einem Ort unweit von Modena entfernt. Wohl durch seine strategisch gute Lage an der Autostrada A1 sowie seinem hervorragenden Ruf war diese Acetaia auch f\u00fcr den Facebook-Gr\u00fcnder Mark Zuckerberg und seine Frau Priscilla Chan bei ihrem Kurzbesuch im August letzten Jahres (<a href=\"https:\/\/www.sassuolo2000.it\/2016\/08\/30\/mark-zuckerberg-incantato-dallaceto-balsamico-tradizionale-di-modena\/\" target=\"_blank\" rel=\"noopener noreferrer\">Pressebericht<\/a>) in Modena die Station, bei der diese Prominenten Halt machten.\u00a0 Vor ihrem Besuch in der Osteria Francescana verkosteten Sie in der Villa San Donnino den ber\u00fchmten Aceto Balsamico Tradizionale di Modena.<\/p>\n<p>Der Geschmack ist einzigartig &#8211; die F\u00e4sser sind ein besonderer Schatz und geben, diesem ABTM extra vecchio seinen ganz besonderen Charakter.<\/p>\n<p>Zur Balsamico Herstellung:<\/p>\n<p>Dieser Balsamessig wird durch die Fermentation von gekochtem Most hergestellt. Die Essigbakterien entstammen h\u00e4ufig in Bakterienkolonien die als &#8222;M\u00fctter&#8220; bezeichnet werden. Anschlie\u00dfend findet \u00fcber einen langen Zeitraum die\u00a0 langsame Reifung durch Enzyme statt, dies ist eine Art chemisch-physikalische Transformation. Der Traubenmost besteht aus gekelterten &#8222;Trebbiano&#8220; und anderen traditionellen Traubensorten aus Modena, zum Beispiel &#8222;Lambrusco&#8220;. Die Trauben werden gepresst und anschlie\u00dfend wird der ungekochte Traubensaft in offene Kochbottiche gegossen und bei ca. 95C\u00b0 \u00fcber dem offenen Feuer gekocht. Beim Kochen des Traubenmostes reduziert sich der Most und wird konzentriert, da beim Kochen eine Menge an Wasser verloren geht und die Keime abget\u00f6tet werden. Der gekochte Most ist dann bereits dunkel, br\u00e4unlich und hat einen einen erh\u00f6hten Gehalt an Zucker. Nach dem Kochen wird der Most gek\u00fchlt, dekantiert und in einer Reihe von F\u00e4ssern mit abnehmendem Volumen und verschiedenen H\u00f6lzern (Eiche, Kastanie, Maulbeere, Kirsche, Wacholder, etc.) gef\u00fcllt. Jede Fassreihe, bestehende aus f\u00fcnf bis sieben F\u00e4ssern einzelnen F\u00e4ssern wird als &#8222;Batterie&#8220; bezeichnet. In diesen Batterien reifte der Aceto Balsamico Tradizionale di Modena extravecchio D.O.P dann die n\u00e4chsten Jahrzehnte.<\/p>\n<p>Zutaten: 100% eingekochter Traubenmost<\/p>\n","protected":false},"excerpt":{"rendered":"<p>Mehr als 25 Jahre verbrachte dieser Balsam in den hauseigenen F\u00e4ssern der Acetaia Villa San Donnino. Die Acetaia ist bekannt durch seine Jugendstilvilla in San Donnino einem Ort unweit von Modena entfernt. Wohl durch seine strategisch gute Lage an der Autostrada A1 sowie seinem hervorragenden Ruf war diese Acetaia auch f\u00fcr den Facebook-Gr\u00fcnder Mark Zuckerberg und seine Frau Priscilla Chan bei ihrem Kurzbesuch im August letzten Jahres (Pressebericht) in Modena die Station, bei der diese Prominenten Halt machten.\u00a0 Vor ihrem Besuch in der Osteria Francescana verkosteten Sie in der Villa San Donnino den ber\u00fchmten Aceto Balsamico Tradizionale di Modena. Der Geschmack ist einzigartig &#8211; die F\u00e4sser sind ein besonderer Schatz und geben, diesem ABTM extra vecchio seinen ganz besonderen Charakter. Zur Balsamico Herstellung: Dieser Balsamessig wird durch die Fermentation von gekochtem Most hergestellt. Die Essigbakterien entstammen h\u00e4ufig in Bakterienkolonien die als &#8222;M\u00fctter&#8220; bezeichnet werden. Anschlie\u00dfend findet \u00fcber einen langen Zeitraum die\u00a0 langsame Reifung durch Enzyme statt, dies ist eine Art chemisch-physikalische Transformation. Der Traubenmost besteht aus gekelterten &#8222;Trebbiano&#8220; und anderen traditionellen Traubensorten aus Modena, zum Beispiel &#8222;Lambrusco&#8220;. Die Trauben werden gepresst und anschlie\u00dfend wird der ungekochte Traubensaft in offene Kochbottiche gegossen und bei ca. 95C\u00b0 \u00fcber dem offenen Feuer gekocht. Beim Kochen des Traubenmostes reduziert sich der Most und wird konzentriert, da beim Kochen eine Menge an Wasser verloren geht und die Keime abget\u00f6tet werden. Der gekochte Most ist dann bereits dunkel, br\u00e4unlich und hat einen einen erh\u00f6hten Gehalt an Zucker. Nach dem Kochen wird der Most gek\u00fchlt, dekantiert und in einer Reihe von F\u00e4ssern mit abnehmendem Volumen und verschiedenen H\u00f6lzern (Eiche, Kastanie, Maulbeere, Kirsche, Wacholder, etc.) gef\u00fcllt. Jede Fassreihe, bestehende aus f\u00fcnf bis sieben F\u00e4ssern einzelnen F\u00e4ssern wird als &#8222;Batterie&#8220; bezeichnet. In diesen Batterien reifte der Aceto Balsamico Tradizionale di Modena extravecchio D.O.P dann die n\u00e4chsten Jahrzehnte. Zutaten: 100% eingekochter Traubenmost<\/p>\n","protected":false},"featured_media":13927,"template":"","meta":[],"product_brand":[],"product_cat":[36],"product_tag":[58,60],"class_list":{"0":"post-571","1":"product","2":"type-product","3":"status-publish","4":"has-post-thumbnail","6":"product_cat-villa-san-donnino","7":"product_tag-58","8":"product_tag-modena","9":"product_shipping_class-ueber-100","11":"first","12":"instock","13":"featured","14":"taxable","15":"shipping-taxable","16":"purchasable","17":"product-type-simple"},"bundle_layout":"","bundled_by":[],"bundled_items":[],"yoast_head":"<!-- This site is optimized with the Yoast SEO plugin v27.3 - https:\/\/yoast.com\/product\/yoast-seo-wordpress\/ -->\n<title>Aceto Balsamico Tradizionale di Modena D.O.P extravecchio<\/title>\n<meta name=\"description\" content=\"Der Extravecchio aus der Villa San Donnino ist in Deutschland exklusiv bei uns ab Lager lieferbar. Die Edel-Acetaia aus San Donnino, welche auch Facebook - Gr\u00fcnder Mark Zuckerberg aufsuchte, um diesen Balsam zu verkosten.\" \/>\n<meta name=\"robots\" content=\"index, follow, max-snippet:-1, max-image-preview:large, max-video-preview:-1\" \/>\n<link rel=\"canonical\" href=\"https:\/\/balsamico.shop\/de\/produkt\/extravecchio-abtm-villa-san-donnino\/\" \/>\n<script type=\"application\/ld+json\" class=\"yoast-schema-graph\">{\"@context\":\"https:\\\/\\\/schema.org\",\"@graph\":[{\"@type\":\"ImageObject\",\"inLanguage\":\"de\",\"@id\":\"https:\\\/\\\/balsamico.shop\\\/de\\\/produkt\\\/extravecchio-abtm-villa-san-donnino\\\/#primaryimage\",\"url\":\"https:\\\/\\\/balsamico.shop\\\/de\\\/wp-content\\\/uploads\\\/2017\\\/01\\\/villa-san-donnino-aceto-balsamico-tradizionale-extravecchio.jpg\",\"contentUrl\":\"https:\\\/\\\/balsamico.shop\\\/de\\\/wp-content\\\/uploads\\\/2017\\\/01\\\/villa-san-donnino-aceto-balsamico-tradizionale-extravecchio.jpg\",\"width\":1600,\"height\":1872},{\"@type\":\"BreadcrumbList\",\"@id\":\"https:\\\/\\\/balsamico.shop\\\/de\\\/produkt\\\/extravecchio-abtm-villa-san-donnino\\\/#breadcrumb\",\"itemListElement\":[{\"@type\":\"ListItem\",\"position\":1,\"name\":\"Startseite\",\"item\":\"https:\\\/\\\/balsamico.shop\\\/de\\\/\"},{\"@type\":\"ListItem\",\"position\":2,\"name\":\"Aceto Balsamico Shop\",\"item\":\"https:\\\/\\\/balsamico.shop\\\/de\\\/shop\\\/\"},{\"@type\":\"ListItem\",\"position\":3,\"name\":\"Extravecchio \u2013 Aceto Balsamico Tradizionale di Modena DOP \u2013 Villa San Donnino\"}]},{\"@type\":\"WebSite\",\"@id\":\"https:\\\/\\\/balsamico.shop\\\/de\\\/#website\",\"url\":\"https:\\\/\\\/balsamico.shop\\\/de\\\/\",\"name\":\"Aceto Balsamico Shop\",\"description\":\"Shop f\u00fcr Balsamico aus Modena &amp; Reggio Emilia\",\"publisher\":{\"@id\":\"https:\\\/\\\/balsamico.shop\\\/de\\\/#organization\"},\"potentialAction\":[{\"@type\":\"SearchAction\",\"target\":{\"@type\":\"EntryPoint\",\"urlTemplate\":\"https:\\\/\\\/balsamico.shop\\\/de\\\/?s={search_term_string}\"},\"query-input\":{\"@type\":\"PropertyValueSpecification\",\"valueRequired\":true,\"valueName\":\"search_term_string\"}}],\"inLanguage\":\"de\"},{\"@type\":\"Organization\",\"@id\":\"https:\\\/\\\/balsamico.shop\\\/de\\\/#organization\",\"name\":\"Bernardo Tesori\",\"url\":\"https:\\\/\\\/balsamico.shop\\\/de\\\/\",\"logo\":{\"@type\":\"ImageObject\",\"inLanguage\":\"de\",\"@id\":\"https:\\\/\\\/balsamico.shop\\\/de\\\/#\\\/schema\\\/logo\\\/image\\\/\",\"url\":\"https:\\\/\\\/balsamico.shop\\\/de\\\/wp-content\\\/uploads\\\/2016\\\/04\\\/logo_bernardo.png\",\"contentUrl\":\"https:\\\/\\\/balsamico.shop\\\/de\\\/wp-content\\\/uploads\\\/2016\\\/04\\\/logo_bernardo.png\",\"width\":278,\"height\":466,\"caption\":\"Bernardo Tesori\"},\"image\":{\"@id\":\"https:\\\/\\\/balsamico.shop\\\/de\\\/#\\\/schema\\\/logo\\\/image\\\/\"}}]}<\/script>\n<!-- \/ Yoast SEO plugin. -->","yoast_head_json":{"title":"Aceto Balsamico Tradizionale di Modena D.O.P extravecchio","description":"Der Extravecchio aus der Villa San Donnino ist in Deutschland exklusiv bei uns ab Lager lieferbar. Die Edel-Acetaia aus San Donnino, welche auch Facebook - Gr\u00fcnder Mark Zuckerberg aufsuchte, um diesen Balsam zu verkosten.","robots":{"index":"index","follow":"follow","max-snippet":"max-snippet:-1","max-image-preview":"max-image-preview:large","max-video-preview":"max-video-preview:-1"},"canonical":"https:\/\/balsamico.shop\/de\/produkt\/extravecchio-abtm-villa-san-donnino\/","schema":{"@context":"https:\/\/schema.org","@graph":[{"@type":"ImageObject","inLanguage":"de","@id":"https:\/\/balsamico.shop\/de\/produkt\/extravecchio-abtm-villa-san-donnino\/#primaryimage","url":"https:\/\/balsamico.shop\/de\/wp-content\/uploads\/2017\/01\/villa-san-donnino-aceto-balsamico-tradizionale-extravecchio.jpg","contentUrl":"https:\/\/balsamico.shop\/de\/wp-content\/uploads\/2017\/01\/villa-san-donnino-aceto-balsamico-tradizionale-extravecchio.jpg","width":1600,"height":1872},{"@type":"BreadcrumbList","@id":"https:\/\/balsamico.shop\/de\/produkt\/extravecchio-abtm-villa-san-donnino\/#breadcrumb","itemListElement":[{"@type":"ListItem","position":1,"name":"Startseite","item":"https:\/\/balsamico.shop\/de\/"},{"@type":"ListItem","position":2,"name":"Aceto Balsamico Shop","item":"https:\/\/balsamico.shop\/de\/shop\/"},{"@type":"ListItem","position":3,"name":"Extravecchio \u2013 Aceto Balsamico Tradizionale di Modena DOP \u2013 Villa San Donnino"}]},{"@type":"WebSite","@id":"https:\/\/balsamico.shop\/de\/#website","url":"https:\/\/balsamico.shop\/de\/","name":"Aceto Balsamico Shop","description":"Shop f\u00fcr Balsamico aus Modena &amp; Reggio Emilia","publisher":{"@id":"https:\/\/balsamico.shop\/de\/#organization"},"potentialAction":[{"@type":"SearchAction","target":{"@type":"EntryPoint","urlTemplate":"https:\/\/balsamico.shop\/de\/?s={search_term_string}"},"query-input":{"@type":"PropertyValueSpecification","valueRequired":true,"valueName":"search_term_string"}}],"inLanguage":"de"},{"@type":"Organization","@id":"https:\/\/balsamico.shop\/de\/#organization","name":"Bernardo Tesori","url":"https:\/\/balsamico.shop\/de\/","logo":{"@type":"ImageObject","inLanguage":"de","@id":"https:\/\/balsamico.shop\/de\/#\/schema\/logo\/image\/","url":"https:\/\/balsamico.shop\/de\/wp-content\/uploads\/2016\/04\/logo_bernardo.png","contentUrl":"https:\/\/balsamico.shop\/de\/wp-content\/uploads\/2016\/04\/logo_bernardo.png","width":278,"height":466,"caption":"Bernardo Tesori"},"image":{"@id":"https:\/\/balsamico.shop\/de\/#\/schema\/logo\/image\/"}}]}},"_links":{"self":[{"href":"https:\/\/balsamico.shop\/de\/wp-json\/wp\/v2\/product\/571","targetHints":{"allow":["GET"]}}],"collection":[{"href":"https:\/\/balsamico.shop\/de\/wp-json\/wp\/v2\/product"}],"about":[{"href":"https:\/\/balsamico.shop\/de\/wp-json\/wp\/v2\/types\/product"}],"wp:featuredmedia":[{"embeddable":true,"href":"https:\/\/balsamico.shop\/de\/wp-json\/wp\/v2\/media\/13927"}],"wp:attachment":[{"href":"https:\/\/balsamico.shop\/de\/wp-json\/wp\/v2\/media?parent=571"}],"wp:term":[{"taxonomy":"product_brand","embeddable":true,"href":"https:\/\/balsamico.shop\/de\/wp-json\/wp\/v2\/product_brand?post=571"},{"taxonomy":"product_cat","embeddable":true,"href":"https:\/\/balsamico.shop\/de\/wp-json\/wp\/v2\/product_cat?post=571"},{"taxonomy":"product_tag","embeddable":true,"href":"https:\/\/balsamico.shop\/de\/wp-json\/wp\/v2\/product_tag?post=571"}],"curies":[{"name":"wp","href":"https:\/\/api.w.org\/{rel}","templated":true}]}}