{"id":5669,"date":"2021-02-04T10:48:02","date_gmt":"2021-02-04T09:48:02","guid":{"rendered":"https:\/\/balsamico.shop\/de\/?post_type=product&#038;p=5669"},"modified":"2026-03-10T12:15:43","modified_gmt":"2026-03-10T11:15:43","slug":"balsamico-herz","status":"publish","type":"product","link":"https:\/\/balsamico.shop\/de\/produkt\/balsamico-herz\/","title":{"rendered":"Balsamico Herz \u2764\ufe0f Condimento Alimentare"},"content":{"rendered":"<p>Diese <strong>exklusive Abf\u00fcllung<\/strong> ist eine s\u00fc\u00dfe Verf\u00fchrung f\u00fcr alle \u2764\ufe0f Balsamico-Liebhaber. Mit einem extrem hohen Anteil von <strong>80%<\/strong> gekochtem Traubenmost einem Schuss Rotweinessig ist dieser Balsamico f\u00fcr alle die einen milden Balsamico probieren m\u00f6chten genau richtig. Eine leichte, hervorragend eingebundene S\u00e4ure umgibt den s\u00fc\u00dfen, gut 7 Jahre lang in Barriquef\u00e4ssern (Eiche) gereiften Traubenmost. Der zugesetzte Weinessig ist ein f\u00fcr die Region Modena typisch aus der Lambrusco-Traube gewonnen. Dieser Balsamico &#8211; oder wie man in Italien auch sagt, ein Condimento Alimentare &#8211; ist <strong>sirupartig<\/strong> und \u00fcberzeugt mit einer hohen Dichte. G\u00f6nnen Sie sich oder Ihrem Partner diese au\u00dfergew\u00f6hnliche und exklusive Abf\u00fcllung direkt aus Sassuolo, Modena, Italien. Ein St\u00fcck Italien f\u00fcr zu Hause so s\u00fc\u00df &amp; sauer wie eine lebendige Beziehung und passend zum <strong>Valentinstag<\/strong>.<\/p>\n<blockquote><p>Wir schenken Ihnen eine Flasche Balsamico Herz, wenn Sie eine Flasche des exklusiven\u00a0 <a href=\"https:\/\/balsamico.shop\/de\/produkt\/bernardo-tesori-gold-aceto-balsamico-tradizionale-di-modena-dop-extra-alt\/\">Bernado Tesori &#8211; Gold &#8211; Aceto Balsamico Tradizionale di Modena ExtraVecchio D.O.P. 25 Jahre gereift<\/a>\u00a0 kaufen.<\/p><\/blockquote>\n<p><img loading=\"lazy\" decoding=\"async\" width=\"500\" height=\"332\" class=\"alignnone wp-image-5679 size-full\" src=\"https:\/\/balsamico.shop\/de\/wp-content\/uploads\/2021\/02\/balsamico-herz-valentinstag-bernardo-tesori-1.jpg\" alt=\"Bernardo Tesori Valentistag Herz\" srcset=\"https:\/\/balsamico.shop\/de\/wp-content\/uploads\/2021\/02\/balsamico-herz-valentinstag-bernardo-tesori-1.jpg 500w, https:\/\/balsamico.shop\/de\/wp-content\/uploads\/2021\/02\/balsamico-herz-valentinstag-bernardo-tesori-1-300x199.jpg 300w, https:\/\/balsamico.shop\/de\/wp-content\/uploads\/2021\/02\/balsamico-herz-valentinstag-bernardo-tesori-1-390x259.jpg 390w\" sizes=\"auto, (max-width: 500px) 100vw, 500px\" \/><\/p>\n<p>Dieses hochwertige Produkt ist ein reines Naturprodukt, ohne k\u00fcnstliche Zus\u00e4tze, ohne Farbstoff und ohne Verdickungsmittel.<\/p>\n<p><strong>Serviervorschlag<\/strong>: Diesen Balsamico k\u00f6nnen Sie wegen seiner milden S\u00e4ure und starken S\u00fc\u00dfe sehr gut pur naschen oder zusammen mit Vanille-Eis oder einem St\u00fcck gealtertem Gouda (ab 36 Monate).<\/p>\n<p>Zutaten: gekochter Traubenmost (80%), Weinessig (20%).\u00a0 Enth\u00e4lt nat\u00fcrliche Sulfite.<\/p>\n","protected":false},"excerpt":{"rendered":"<p>Diese exklusive Abf\u00fcllung ist eine s\u00fc\u00dfe Verf\u00fchrung f\u00fcr alle \u2764\ufe0f Balsamico-Liebhaber. Mit einem extrem hohen Anteil von 80% gekochtem Traubenmost einem Schuss Rotweinessig ist dieser Balsamico f\u00fcr alle die einen milden Balsamico probieren m\u00f6chten genau richtig. 7 Jahre lang in Barriquef\u00e4ssern (Eiche) gereifter Traubenmost. Ein St\u00fcck Italien so s\u00fc\u00df &amp; sauer wie eine lebendige Beziehung.<\/p>\n<p>Diese au\u00dfergew\u00f6hnliche und exklusive Abf\u00fcllung kommt direkt aus Sassuolo, Modena, Italien. Ein St\u00fcck Italien f\u00fcr zu Hause so s\u00fc\u00df &amp; sauer wie eine lebendige Beziehung und passend zum <strong>Valentinstag<\/strong>.<\/p>\n<p>Dieses hochwertige Produkt ist ein reines Naturprodukt, ohne k\u00fcnstliche Zus\u00e4tze, ohne Farbstoff und ohne Verdickungsmittel.<\/p>\n","protected":false},"featured_media":5676,"template":"","meta":[],"product_brand":[],"product_cat":[50],"product_tag":[],"class_list":{"0":"post-5669","1":"product","2":"type-product","3":"status-publish","4":"has-post-thumbnail","6":"product_cat-bernardo-tesori","7":"product_shipping_class-balsamico","9":"first","10":"instock","11":"taxable","12":"shipping-taxable","13":"purchasable","14":"product-type-simple"},"bundle_layout":"","bundled_by":[],"bundled_items":[],"yoast_head":"<!-- This site is optimized with the Yoast SEO plugin v27.3 - https:\/\/yoast.com\/product\/yoast-seo-wordpress\/ -->\n<title>Balsamico Herz \u2764\ufe0f Condimento Alimentare<\/title>\n<meta name=\"description\" content=\"Verschenken Sie einen s\u00fc\u00dfen Tropfen aus Italien. Exklusive Balsamico Abf\u00fcllung f\u00fcr Bernardo Tesori - perfekt f\u00fcr jeden Anlass!\" \/>\n<meta name=\"robots\" content=\"index, follow, max-snippet:-1, max-image-preview:large, max-video-preview:-1\" \/>\n<link rel=\"canonical\" href=\"https:\/\/balsamico.shop\/de\/produkt\/balsamico-herz\/\" \/>\n<script type=\"application\/ld+json\" class=\"yoast-schema-graph\">{\"@context\":\"https:\\\/\\\/schema.org\",\"@graph\":[{\"@type\":\"ImageObject\",\"inLanguage\":\"de\",\"@id\":\"https:\\\/\\\/balsamico.shop\\\/de\\\/produkt\\\/balsamico-herz\\\/#primaryimage\",\"url\":\"https:\\\/\\\/balsamico.shop\\\/de\\\/wp-content\\\/uploads\\\/2021\\\/02\\\/balsamico-herz.jpg\",\"contentUrl\":\"https:\\\/\\\/balsamico.shop\\\/de\\\/wp-content\\\/uploads\\\/2021\\\/02\\\/balsamico-herz.jpg\",\"width\":1600,\"height\":1872,\"caption\":\"Balsamico Herz\"},{\"@type\":\"BreadcrumbList\",\"@id\":\"https:\\\/\\\/balsamico.shop\\\/de\\\/produkt\\\/balsamico-herz\\\/#breadcrumb\",\"itemListElement\":[{\"@type\":\"ListItem\",\"position\":1,\"name\":\"Startseite\",\"item\":\"https:\\\/\\\/balsamico.shop\\\/de\\\/\"},{\"@type\":\"ListItem\",\"position\":2,\"name\":\"Aceto Balsamico Shop\",\"item\":\"https:\\\/\\\/balsamico.shop\\\/de\\\/shop\\\/\"},{\"@type\":\"ListItem\",\"position\":3,\"name\":\"Balsamico Herz \u2764\ufe0f Condimento Alimentare\"}]},{\"@type\":\"WebSite\",\"@id\":\"https:\\\/\\\/balsamico.shop\\\/de\\\/#website\",\"url\":\"https:\\\/\\\/balsamico.shop\\\/de\\\/\",\"name\":\"Aceto Balsamico Shop\",\"description\":\"Shop f\u00fcr Balsamico aus Modena &amp; Reggio Emilia\",\"publisher\":{\"@id\":\"https:\\\/\\\/balsamico.shop\\\/de\\\/#organization\"},\"potentialAction\":[{\"@type\":\"SearchAction\",\"target\":{\"@type\":\"EntryPoint\",\"urlTemplate\":\"https:\\\/\\\/balsamico.shop\\\/de\\\/?s={search_term_string}\"},\"query-input\":{\"@type\":\"PropertyValueSpecification\",\"valueRequired\":true,\"valueName\":\"search_term_string\"}}],\"inLanguage\":\"de\"},{\"@type\":\"Organization\",\"@id\":\"https:\\\/\\\/balsamico.shop\\\/de\\\/#organization\",\"name\":\"Bernardo Tesori\",\"url\":\"https:\\\/\\\/balsamico.shop\\\/de\\\/\",\"logo\":{\"@type\":\"ImageObject\",\"inLanguage\":\"de\",\"@id\":\"https:\\\/\\\/balsamico.shop\\\/de\\\/#\\\/schema\\\/logo\\\/image\\\/\",\"url\":\"https:\\\/\\\/balsamico.shop\\\/de\\\/wp-content\\\/uploads\\\/2016\\\/04\\\/logo_bernardo.png\",\"contentUrl\":\"https:\\\/\\\/balsamico.shop\\\/de\\\/wp-content\\\/uploads\\\/2016\\\/04\\\/logo_bernardo.png\",\"width\":278,\"height\":466,\"caption\":\"Bernardo Tesori\"},\"image\":{\"@id\":\"https:\\\/\\\/balsamico.shop\\\/de\\\/#\\\/schema\\\/logo\\\/image\\\/\"}}]}<\/script>\n<!-- \/ Yoast SEO plugin. -->","yoast_head_json":{"title":"Balsamico Herz \u2764\ufe0f Condimento Alimentare","description":"Verschenken Sie einen s\u00fc\u00dfen Tropfen aus Italien. Exklusive Balsamico Abf\u00fcllung f\u00fcr Bernardo Tesori - perfekt f\u00fcr jeden Anlass!","robots":{"index":"index","follow":"follow","max-snippet":"max-snippet:-1","max-image-preview":"max-image-preview:large","max-video-preview":"max-video-preview:-1"},"canonical":"https:\/\/balsamico.shop\/de\/produkt\/balsamico-herz\/","schema":{"@context":"https:\/\/schema.org","@graph":[{"@type":"ImageObject","inLanguage":"de","@id":"https:\/\/balsamico.shop\/de\/produkt\/balsamico-herz\/#primaryimage","url":"https:\/\/balsamico.shop\/de\/wp-content\/uploads\/2021\/02\/balsamico-herz.jpg","contentUrl":"https:\/\/balsamico.shop\/de\/wp-content\/uploads\/2021\/02\/balsamico-herz.jpg","width":1600,"height":1872,"caption":"Balsamico Herz"},{"@type":"BreadcrumbList","@id":"https:\/\/balsamico.shop\/de\/produkt\/balsamico-herz\/#breadcrumb","itemListElement":[{"@type":"ListItem","position":1,"name":"Startseite","item":"https:\/\/balsamico.shop\/de\/"},{"@type":"ListItem","position":2,"name":"Aceto Balsamico Shop","item":"https:\/\/balsamico.shop\/de\/shop\/"},{"@type":"ListItem","position":3,"name":"Balsamico Herz \u2764\ufe0f Condimento Alimentare"}]},{"@type":"WebSite","@id":"https:\/\/balsamico.shop\/de\/#website","url":"https:\/\/balsamico.shop\/de\/","name":"Aceto Balsamico Shop","description":"Shop f\u00fcr Balsamico aus Modena &amp; Reggio Emilia","publisher":{"@id":"https:\/\/balsamico.shop\/de\/#organization"},"potentialAction":[{"@type":"SearchAction","target":{"@type":"EntryPoint","urlTemplate":"https:\/\/balsamico.shop\/de\/?s={search_term_string}"},"query-input":{"@type":"PropertyValueSpecification","valueRequired":true,"valueName":"search_term_string"}}],"inLanguage":"de"},{"@type":"Organization","@id":"https:\/\/balsamico.shop\/de\/#organization","name":"Bernardo Tesori","url":"https:\/\/balsamico.shop\/de\/","logo":{"@type":"ImageObject","inLanguage":"de","@id":"https:\/\/balsamico.shop\/de\/#\/schema\/logo\/image\/","url":"https:\/\/balsamico.shop\/de\/wp-content\/uploads\/2016\/04\/logo_bernardo.png","contentUrl":"https:\/\/balsamico.shop\/de\/wp-content\/uploads\/2016\/04\/logo_bernardo.png","width":278,"height":466,"caption":"Bernardo Tesori"},"image":{"@id":"https:\/\/balsamico.shop\/de\/#\/schema\/logo\/image\/"}}]}},"_links":{"self":[{"href":"https:\/\/balsamico.shop\/de\/wp-json\/wp\/v2\/product\/5669","targetHints":{"allow":["GET"]}}],"collection":[{"href":"https:\/\/balsamico.shop\/de\/wp-json\/wp\/v2\/product"}],"about":[{"href":"https:\/\/balsamico.shop\/de\/wp-json\/wp\/v2\/types\/product"}],"wp:featuredmedia":[{"embeddable":true,"href":"https:\/\/balsamico.shop\/de\/wp-json\/wp\/v2\/media\/5676"}],"wp:attachment":[{"href":"https:\/\/balsamico.shop\/de\/wp-json\/wp\/v2\/media?parent=5669"}],"wp:term":[{"taxonomy":"product_brand","embeddable":true,"href":"https:\/\/balsamico.shop\/de\/wp-json\/wp\/v2\/product_brand?post=5669"},{"taxonomy":"product_cat","embeddable":true,"href":"https:\/\/balsamico.shop\/de\/wp-json\/wp\/v2\/product_cat?post=5669"},{"taxonomy":"product_tag","embeddable":true,"href":"https:\/\/balsamico.shop\/de\/wp-json\/wp\/v2\/product_tag?post=5669"}],"curies":[{"name":"wp","href":"https:\/\/api.w.org\/{rel}","templated":true}]}}