{"id":454,"date":"2016-11-17T21:17:53","date_gmt":"2016-11-17T20:17:53","guid":{"rendered":"https:\/\/balsamico.shop\/de\/produkt\/ermes-malpighi-aceto-balsamico-tradizionale-extra-vecchio\/"},"modified":"2026-03-03T16:01:48","modified_gmt":"2026-03-03T15:01:48","slug":"ermes-malpighi-aceto-balsamico-tradizionale-extra-vecchio","status":"publish","type":"product","link":"https:\/\/balsamico.shop\/de\/produkt\/ermes-malpighi-aceto-balsamico-tradizionale-extra-vecchio\/","title":{"rendered":"Ermes Malpighi &#8211; Aceto Balsamico Tradizionale di Modena D.O.P. &#8211; Extra vecchio"},"content":{"rendered":"<p>1945 ist das Jahr in dem <strong>Ermes Malpighi<\/strong> geboren wurde. Ermes Malpighi hat die Acetaia Malpighi ma\u00dfgeblich in der vierten Generation gepr\u00e4gt und hat sich als aktives Mitglied im Consorzio Produttori Aceto Balsamico Tradizionale di Modena D.O.P. immer wieder f\u00fcr den Aceto Balsamico stark gemacht. Unter seiner Leitung gewann Malpighi u.a. den &#8222;goldenen L\u00f6ffel&#8220; mit 364 von 400 Punkten und belegte den zweiten Platz beim Super Palio 1991. Diesem Meister des Essighandwerks ist dieser Aceto Balsamico Tradizionale di Modena D.O.P. gewidmet. Ermes Malpighi hat jedes Unikat pers\u00f6nlich signiert und steht mit seinem Namen hinter dem Geschmack und der Ausgewogenheit dieses einzigartigen Meisterwerks. Malpighi selbst spricht bei diesem Essig von &#8222;35 transfers&#8220; &#8211; was soviel bedeutet, wie 35 Umf\u00fcllzyklen, bevor es zur ersten Flaschenabf\u00fcllung kommt. Einmal im Jahr werden die F\u00e4sser (Batteria) um- und aufgef\u00fcllt. <strong>Nach 35 Jahren kommt dieser extravecchio in die Flasche<\/strong> und \u00fcbertrifft damit die mindestens 25 geforderten Jahre.<\/p>\n<p>Dieser ABTM ist ein sehr sirupartiger, dunkelbrauner, extrem ausgewogener Tropfen und sehr komplex im Geschmack. Malpighi verwendet bei der Herstellung nicht nur Trebbiano Trauben, sondern auch die zugelassenen Lambrusco Trauben.<\/p>\n<p>Sehen Sie nachfolgend ein <strong>Interview mit Ermes Malpighi<\/strong> &#8211; wie er von seiner Acetaia, seinen Produkten und der Welt des Aceto Balsamico Tradizionale di Modena D.O.P. schw\u00e4rmt:<\/p>\n<p><iframe loading=\"lazy\" hcb-fetch-image-from=\"https:\/\/www.youtube.com\/watch?v=LUD30o-G1YM\" title=\"&quot;Italian Food&quot; - Traditional &quot;Balsamic Vinegar&quot; of Modena  (part 1 of 2) - &quot;Acetaia Malpighi&quot;\" width=\"1170\" height=\"658\" src=\"https:\/\/www.youtube.com\/embed\/LUD30o-G1YM?feature=oembed\" frameborder=\"0\" allow=\"accelerometer; autoplay; clipboard-write; encrypted-media; gyroscope; picture-in-picture; web-share\" referrerpolicy=\"strict-origin-when-cross-origin\" allowfullscreen><\/iframe><\/p>\n<p>Zutaten: 100% eingekochter Traubenmost<\/p>\n<p>Hinweis: Kann nat\u00fcrliche Sulfite enthalten.<\/p>\n","protected":false},"excerpt":{"rendered":"<p>Ermes Malpighi hat jedes Unikat pers\u00f6nlich signiert und steht mit seinem Namen hinter dem Geschmack und der Ausgewogenheit dieses einzigartigen Meisterwerks. <strong>Nach 35 Jahren kommt dieser extravecchio in die Flasche<\/strong> und \u00fcbertrifft damit die mindestens 25 geforderten Jahre.<\/p>\n","protected":false},"featured_media":13892,"template":"","meta":[],"product_brand":[],"product_cat":[34],"product_tag":[58,60],"class_list":{"0":"post-454","1":"product","2":"type-product","3":"status-publish","4":"has-post-thumbnail","6":"product_cat-malpighi","7":"product_tag-58","8":"product_tag-modena","9":"product_shipping_class-balsamico","11":"first","12":"instock","13":"taxable","14":"shipping-taxable","15":"purchasable","16":"product-type-simple"},"bundle_layout":"","bundled_by":[],"bundled_items":[],"yoast_head":"<!-- This site is optimized with the Yoast SEO plugin v27.3 - https:\/\/yoast.com\/product\/yoast-seo-wordpress\/ -->\n<title>Ermes Malpighi - Aceto Balsamico Tradizionale extra vecchio<\/title>\n<meta name=\"robots\" content=\"index, follow, max-snippet:-1, max-image-preview:large, max-video-preview:-1\" \/>\n<link rel=\"canonical\" href=\"https:\/\/balsamico.shop\/de\/produkt\/ermes-malpighi-aceto-balsamico-tradizionale-extra-vecchio\/\" \/>\n<script type=\"application\/ld+json\" class=\"yoast-schema-graph\">{\"@context\":\"https:\\\/\\\/schema.org\",\"@graph\":[{\"@type\":\"ImageObject\",\"inLanguage\":\"de\",\"@id\":\"https:\\\/\\\/balsamico.shop\\\/de\\\/produkt\\\/ermes-malpighi-aceto-balsamico-tradizionale-extra-vecchio\\\/#primaryimage\",\"url\":\"https:\\\/\\\/balsamico.shop\\\/de\\\/wp-content\\\/uploads\\\/2016\\\/11\\\/malpighi-aceto-balsamico-affinato-extravecchio-ermes-1.jpg\",\"contentUrl\":\"https:\\\/\\\/balsamico.shop\\\/de\\\/wp-content\\\/uploads\\\/2016\\\/11\\\/malpighi-aceto-balsamico-affinato-extravecchio-ermes-1.jpg\",\"width\":1600,\"height\":1872},{\"@type\":\"BreadcrumbList\",\"@id\":\"https:\\\/\\\/balsamico.shop\\\/de\\\/produkt\\\/ermes-malpighi-aceto-balsamico-tradizionale-extra-vecchio\\\/#breadcrumb\",\"itemListElement\":[{\"@type\":\"ListItem\",\"position\":1,\"name\":\"Startseite\",\"item\":\"https:\\\/\\\/balsamico.shop\\\/de\\\/\"},{\"@type\":\"ListItem\",\"position\":2,\"name\":\"Aceto Balsamico Shop\",\"item\":\"https:\\\/\\\/balsamico.shop\\\/de\\\/shop\\\/\"},{\"@type\":\"ListItem\",\"position\":3,\"name\":\"Ermes Malpighi &#8211; Aceto Balsamico Tradizionale di Modena D.O.P. &#8211; Extra vecchio\"}]},{\"@type\":\"WebSite\",\"@id\":\"https:\\\/\\\/balsamico.shop\\\/de\\\/#website\",\"url\":\"https:\\\/\\\/balsamico.shop\\\/de\\\/\",\"name\":\"Aceto Balsamico Shop\",\"description\":\"Shop f\u00fcr Balsamico aus Modena &amp; Reggio Emilia\",\"publisher\":{\"@id\":\"https:\\\/\\\/balsamico.shop\\\/de\\\/#organization\"},\"potentialAction\":[{\"@type\":\"SearchAction\",\"target\":{\"@type\":\"EntryPoint\",\"urlTemplate\":\"https:\\\/\\\/balsamico.shop\\\/de\\\/?s={search_term_string}\"},\"query-input\":{\"@type\":\"PropertyValueSpecification\",\"valueRequired\":true,\"valueName\":\"search_term_string\"}}],\"inLanguage\":\"de\"},{\"@type\":\"Organization\",\"@id\":\"https:\\\/\\\/balsamico.shop\\\/de\\\/#organization\",\"name\":\"Bernardo Tesori\",\"url\":\"https:\\\/\\\/balsamico.shop\\\/de\\\/\",\"logo\":{\"@type\":\"ImageObject\",\"inLanguage\":\"de\",\"@id\":\"https:\\\/\\\/balsamico.shop\\\/de\\\/#\\\/schema\\\/logo\\\/image\\\/\",\"url\":\"https:\\\/\\\/balsamico.shop\\\/de\\\/wp-content\\\/uploads\\\/2016\\\/04\\\/logo_bernardo.png\",\"contentUrl\":\"https:\\\/\\\/balsamico.shop\\\/de\\\/wp-content\\\/uploads\\\/2016\\\/04\\\/logo_bernardo.png\",\"width\":278,\"height\":466,\"caption\":\"Bernardo Tesori\"},\"image\":{\"@id\":\"https:\\\/\\\/balsamico.shop\\\/de\\\/#\\\/schema\\\/logo\\\/image\\\/\"}}]}<\/script>\n<!-- \/ Yoast SEO plugin. -->","yoast_head_json":{"title":"Ermes Malpighi - Aceto Balsamico Tradizionale extra vecchio","robots":{"index":"index","follow":"follow","max-snippet":"max-snippet:-1","max-image-preview":"max-image-preview:large","max-video-preview":"max-video-preview:-1"},"canonical":"https:\/\/balsamico.shop\/de\/produkt\/ermes-malpighi-aceto-balsamico-tradizionale-extra-vecchio\/","schema":{"@context":"https:\/\/schema.org","@graph":[{"@type":"ImageObject","inLanguage":"de","@id":"https:\/\/balsamico.shop\/de\/produkt\/ermes-malpighi-aceto-balsamico-tradizionale-extra-vecchio\/#primaryimage","url":"https:\/\/balsamico.shop\/de\/wp-content\/uploads\/2016\/11\/malpighi-aceto-balsamico-affinato-extravecchio-ermes-1.jpg","contentUrl":"https:\/\/balsamico.shop\/de\/wp-content\/uploads\/2016\/11\/malpighi-aceto-balsamico-affinato-extravecchio-ermes-1.jpg","width":1600,"height":1872},{"@type":"BreadcrumbList","@id":"https:\/\/balsamico.shop\/de\/produkt\/ermes-malpighi-aceto-balsamico-tradizionale-extra-vecchio\/#breadcrumb","itemListElement":[{"@type":"ListItem","position":1,"name":"Startseite","item":"https:\/\/balsamico.shop\/de\/"},{"@type":"ListItem","position":2,"name":"Aceto Balsamico Shop","item":"https:\/\/balsamico.shop\/de\/shop\/"},{"@type":"ListItem","position":3,"name":"Ermes Malpighi &#8211; Aceto Balsamico Tradizionale di Modena D.O.P. &#8211; Extra vecchio"}]},{"@type":"WebSite","@id":"https:\/\/balsamico.shop\/de\/#website","url":"https:\/\/balsamico.shop\/de\/","name":"Aceto Balsamico Shop","description":"Shop f\u00fcr Balsamico aus Modena &amp; Reggio Emilia","publisher":{"@id":"https:\/\/balsamico.shop\/de\/#organization"},"potentialAction":[{"@type":"SearchAction","target":{"@type":"EntryPoint","urlTemplate":"https:\/\/balsamico.shop\/de\/?s={search_term_string}"},"query-input":{"@type":"PropertyValueSpecification","valueRequired":true,"valueName":"search_term_string"}}],"inLanguage":"de"},{"@type":"Organization","@id":"https:\/\/balsamico.shop\/de\/#organization","name":"Bernardo Tesori","url":"https:\/\/balsamico.shop\/de\/","logo":{"@type":"ImageObject","inLanguage":"de","@id":"https:\/\/balsamico.shop\/de\/#\/schema\/logo\/image\/","url":"https:\/\/balsamico.shop\/de\/wp-content\/uploads\/2016\/04\/logo_bernardo.png","contentUrl":"https:\/\/balsamico.shop\/de\/wp-content\/uploads\/2016\/04\/logo_bernardo.png","width":278,"height":466,"caption":"Bernardo Tesori"},"image":{"@id":"https:\/\/balsamico.shop\/de\/#\/schema\/logo\/image\/"}}]}},"_links":{"self":[{"href":"https:\/\/balsamico.shop\/de\/wp-json\/wp\/v2\/product\/454","targetHints":{"allow":["GET"]}}],"collection":[{"href":"https:\/\/balsamico.shop\/de\/wp-json\/wp\/v2\/product"}],"about":[{"href":"https:\/\/balsamico.shop\/de\/wp-json\/wp\/v2\/types\/product"}],"wp:featuredmedia":[{"embeddable":true,"href":"https:\/\/balsamico.shop\/de\/wp-json\/wp\/v2\/media\/13892"}],"wp:attachment":[{"href":"https:\/\/balsamico.shop\/de\/wp-json\/wp\/v2\/media?parent=454"}],"wp:term":[{"taxonomy":"product_brand","embeddable":true,"href":"https:\/\/balsamico.shop\/de\/wp-json\/wp\/v2\/product_brand?post=454"},{"taxonomy":"product_cat","embeddable":true,"href":"https:\/\/balsamico.shop\/de\/wp-json\/wp\/v2\/product_cat?post=454"},{"taxonomy":"product_tag","embeddable":true,"href":"https:\/\/balsamico.shop\/de\/wp-json\/wp\/v2\/product_tag?post=454"}],"curies":[{"name":"wp","href":"https:\/\/api.w.org\/{rel}","templated":true}]}}