{"id":4042,"date":"2020-06-04T08:24:52","date_gmt":"2020-06-04T06:24:52","guid":{"rendered":"https:\/\/balsamico.shop\/de\/?post_type=product&#038;p=4042"},"modified":"2025-11-30T21:01:31","modified_gmt":"2025-11-30T20:01:31","slug":"aceto-balsamico-tradizionale-di-modena-giuseppe-cremonini","status":"publish","type":"product","link":"https:\/\/balsamico.shop\/de\/produkt\/aceto-balsamico-tradizionale-di-modena-giuseppe-cremonini\/","title":{"rendered":"Aceto Balsamico Tradizionale di Modena \u2013 Giuseppe Cremonini"},"content":{"rendered":"<p><img loading=\"lazy\" decoding=\"async\" class=\"size-medium wp-image-3759 alignright\" src=\"https:\/\/balsamico.shop\/de\/wp-content\/uploads\/2020\/04\/giuseppe-cremonini-logo-211x300.jpg\" alt=\"Giuseppe Cremonini Logo\" width=\"211\" height=\"300\" srcset=\"https:\/\/balsamico.shop\/de\/wp-content\/uploads\/2020\/04\/giuseppe-cremonini-logo-211x300.jpg 211w, https:\/\/balsamico.shop\/de\/wp-content\/uploads\/2020\/04\/giuseppe-cremonini-logo.jpg 238w\" sizes=\"auto, (max-width: 211px) 100vw, 211px\" \/>Einer der bekanntesten Balsamico-Produzenten in Italien ist die Familie Cremonini. Zwischen den Orten San Donnino und Spilamberto mitten umgeben von Reben und Feldern produziert die Firma <strong>Giuseppe Cremonini<\/strong> seit vielen Jahren Aceto Balsamico. Die Produkte von Cremonini kennt man zum Beispiel aus den Superm\u00e4rkten wie Kaufland, Rewe (Feine Welt), Edeka, tegut oder\u00a0 Lidl (Deluxe). Cremonini produziert f\u00fcr viele dieser bekannten Supermarktketten die jeweilige Balsamico-Hausmarke.<\/p>\n<p>Das Traditionsunternehmen kennt sich bestens mit den unterschiedlichen industriellen Qualit\u00e4tsstufen aus und neben den zahlreichen preisoptimierten Balsamico-Essigen f\u00fcr den Einzelhandel kann Cremonini auch mit <strong>extrem hoher Qualit\u00e4t<\/strong> punkten. Dies wurde erst k\u00fcrzlich in einem Test der Stiftung Warentest unter Beweis gestellt &#8211; hier gewann Giuseppe Cremonini mit seinem <a href=\"https:\/\/balsamico.shop\/de\/produkt\/giuseppe-cremonini-aceto-balsamico-di-modena-invecchiato-5-trauben-aged\/\" target=\"_blank\" rel=\"noopener noreferrer\">fass-gereiften Premium Balsamico<\/a>!<\/p>\n<p>Au\u00dferhalb dieser Liga &#8211; produziert Giuseppe Cremonini in <strong>sehr kleinen Mengen<\/strong> einen <strong>Aceto Balsamico Tradizionale di Modena D.O.P.<\/strong> &#8211; Dieses Produkt findet man von Cremonini so gut wie nie im deutschen Einzelhandel. Es ist die h\u00f6chste Kunst der Balsamico-Herstellung und in diesem Bereich kann der Affinato nach 12 Jahren Holzfassreifung \u00fcberzeugen.<\/p>\n<p>Wir konnten Giuseppe Cremonini \u00fcberzeugen, dieses handwerkliche Traditionsprodukt, welches g\u00e4nzlich <strong>ohne den Einsatz industrieller Verfahren<\/strong> hergestellt wurde mit in unser Portfolio aufzunehmen. \u00dcberzeugen Sie sich von der au\u00dferordentlichen Geschmacksintensit\u00e4t dieses Aceto Balsamico Tradizionale di Modena. Sie werden den Unterschied zu anderen Produkten sofort schmecken.<\/p>\n<p>Dieser Aceto Balsamico Tradizionale besteht <strong>nur<\/strong> aus eingekochtem <strong>Traubenmost<\/strong> und <strong>ohne weitere Zus\u00e4tze<\/strong>, vor allem <strong>ohne<\/strong> der Beimischung von <strong>Weinessig<\/strong>. Die S\u00e4ure bindet sich hervorragend in das Produkt ein, ist intensiv und lang andauernd im Geschmack und \u00fcberzeugt von seinen ausgepr\u00e4gten Fassnoten der jahrelangen Reifung.<\/p>\n<p><strong>Zutaten<\/strong>: 100% eingekochter Traubenmost<\/p>\n<p><strong>Hinweis<\/strong>: Kann Sulfite enthalten.<\/p>\n","protected":false},"excerpt":{"rendered":"<p>Online exklusive bei uns im Shop. Der Tradizionale aus den F\u00e4ssern der ber\u00fchmten Acetaia Giuseppe Cremonini in Spilamberto, der eigentlichen Hauptstadt des traditionellen Balsamicos, wo sich auch das weltweit einzige <a href=\"https:\/\/www.museodelbalsamicotradizionale.org\/\" target=\"_blank\" rel=\"noopener noreferrer\">Museum<\/a> f\u00fcr dieses &#8222;schwarze Gold Italiens&#8220; befinden. Dieses Produkt bekommen Sie so gut wie nie im Einzelhandel, es ist den G\u00e4sten und Gesch\u00e4ftsfreunden der traditionsreichen Acetaia vorbehalten. Nutzen Sie die Gelegenheit und sichern Sie sich noch heute Ihr limitiertes Exemplar.<\/p>\n","protected":false},"featured_media":4666,"template":"","meta":[],"product_brand":[],"product_cat":[75,73],"product_tag":[59,60],"class_list":{"0":"post-4042","1":"product","2":"type-product","3":"status-publish","4":"has-post-thumbnail","6":"product_cat-cremonini","7":"product_cat-neu","8":"product_tag-59","9":"product_tag-modena","10":"product_shipping_class-balsamico","12":"first","13":"outofstock","14":"taxable","15":"shipping-taxable","16":"purchasable","17":"product-type-simple"},"bundle_layout":"","bundled_by":[],"bundled_items":[],"yoast_head":"<!-- This site is optimized with the Yoast SEO plugin v27.3 - https:\/\/yoast.com\/product\/yoast-seo-wordpress\/ -->\n<title>Giuseppe Cremonini - Aceto Balsamico Tradizionale di Modena D.O.P.<\/title>\n<meta name=\"description\" content=\"Erleben Sie den einen Aceto Balsamico Tradizionale di Modena der Spitzenklasse aus der traditionsreichen Acetaia Giuseppe Cremonini - exklusiv f\u00fcr Sie in Deutschland verf\u00fcgbar.\" \/>\n<meta name=\"robots\" content=\"index, follow, max-snippet:-1, max-image-preview:large, max-video-preview:-1\" \/>\n<link rel=\"canonical\" href=\"https:\/\/balsamico.shop\/de\/produkt\/aceto-balsamico-tradizionale-di-modena-giuseppe-cremonini\/\" \/>\n<script type=\"application\/ld+json\" class=\"yoast-schema-graph\">{\"@context\":\"https:\\\/\\\/schema.org\",\"@graph\":[{\"@type\":\"ImageObject\",\"inLanguage\":\"de\",\"@id\":\"https:\\\/\\\/balsamico.shop\\\/de\\\/produkt\\\/aceto-balsamico-tradizionale-di-modena-giuseppe-cremonini\\\/#primaryimage\",\"url\":\"https:\\\/\\\/balsamico.shop\\\/de\\\/wp-content\\\/uploads\\\/2020\\\/06\\\/aceto-balsamico-tradizionale-di-modena-giuseppe-cremonini-12-lum.jpg\",\"contentUrl\":\"https:\\\/\\\/balsamico.shop\\\/de\\\/wp-content\\\/uploads\\\/2020\\\/06\\\/aceto-balsamico-tradizionale-di-modena-giuseppe-cremonini-12-lum.jpg\",\"width\":1600,\"height\":1872,\"caption\":\"Aceto Balsamico Tradizionale Giuseppe Cremonini\"},{\"@type\":\"BreadcrumbList\",\"@id\":\"https:\\\/\\\/balsamico.shop\\\/de\\\/produkt\\\/aceto-balsamico-tradizionale-di-modena-giuseppe-cremonini\\\/#breadcrumb\",\"itemListElement\":[{\"@type\":\"ListItem\",\"position\":1,\"name\":\"Startseite\",\"item\":\"https:\\\/\\\/balsamico.shop\\\/de\\\/\"},{\"@type\":\"ListItem\",\"position\":2,\"name\":\"Aceto Balsamico Shop\",\"item\":\"https:\\\/\\\/balsamico.shop\\\/de\\\/shop\\\/\"},{\"@type\":\"ListItem\",\"position\":3,\"name\":\"Aceto Balsamico Tradizionale di Modena \u2013 Giuseppe Cremonini\"}]},{\"@type\":\"WebSite\",\"@id\":\"https:\\\/\\\/balsamico.shop\\\/de\\\/#website\",\"url\":\"https:\\\/\\\/balsamico.shop\\\/de\\\/\",\"name\":\"Aceto Balsamico Shop\",\"description\":\"Shop f\u00fcr Balsamico aus Modena &amp; Reggio Emilia\",\"publisher\":{\"@id\":\"https:\\\/\\\/balsamico.shop\\\/de\\\/#organization\"},\"potentialAction\":[{\"@type\":\"SearchAction\",\"target\":{\"@type\":\"EntryPoint\",\"urlTemplate\":\"https:\\\/\\\/balsamico.shop\\\/de\\\/?s={search_term_string}\"},\"query-input\":{\"@type\":\"PropertyValueSpecification\",\"valueRequired\":true,\"valueName\":\"search_term_string\"}}],\"inLanguage\":\"de\"},{\"@type\":\"Organization\",\"@id\":\"https:\\\/\\\/balsamico.shop\\\/de\\\/#organization\",\"name\":\"Bernardo Tesori\",\"url\":\"https:\\\/\\\/balsamico.shop\\\/de\\\/\",\"logo\":{\"@type\":\"ImageObject\",\"inLanguage\":\"de\",\"@id\":\"https:\\\/\\\/balsamico.shop\\\/de\\\/#\\\/schema\\\/logo\\\/image\\\/\",\"url\":\"https:\\\/\\\/balsamico.shop\\\/de\\\/wp-content\\\/uploads\\\/2016\\\/04\\\/logo_bernardo.png\",\"contentUrl\":\"https:\\\/\\\/balsamico.shop\\\/de\\\/wp-content\\\/uploads\\\/2016\\\/04\\\/logo_bernardo.png\",\"width\":278,\"height\":466,\"caption\":\"Bernardo Tesori\"},\"image\":{\"@id\":\"https:\\\/\\\/balsamico.shop\\\/de\\\/#\\\/schema\\\/logo\\\/image\\\/\"}}]}<\/script>\n<!-- \/ Yoast SEO plugin. -->","yoast_head_json":{"title":"Giuseppe Cremonini - Aceto Balsamico Tradizionale di Modena D.O.P.","description":"Erleben Sie den einen Aceto Balsamico Tradizionale di Modena der Spitzenklasse aus der traditionsreichen Acetaia Giuseppe Cremonini - exklusiv f\u00fcr Sie in Deutschland verf\u00fcgbar.","robots":{"index":"index","follow":"follow","max-snippet":"max-snippet:-1","max-image-preview":"max-image-preview:large","max-video-preview":"max-video-preview:-1"},"canonical":"https:\/\/balsamico.shop\/de\/produkt\/aceto-balsamico-tradizionale-di-modena-giuseppe-cremonini\/","schema":{"@context":"https:\/\/schema.org","@graph":[{"@type":"ImageObject","inLanguage":"de","@id":"https:\/\/balsamico.shop\/de\/produkt\/aceto-balsamico-tradizionale-di-modena-giuseppe-cremonini\/#primaryimage","url":"https:\/\/balsamico.shop\/de\/wp-content\/uploads\/2020\/06\/aceto-balsamico-tradizionale-di-modena-giuseppe-cremonini-12-lum.jpg","contentUrl":"https:\/\/balsamico.shop\/de\/wp-content\/uploads\/2020\/06\/aceto-balsamico-tradizionale-di-modena-giuseppe-cremonini-12-lum.jpg","width":1600,"height":1872,"caption":"Aceto Balsamico Tradizionale Giuseppe Cremonini"},{"@type":"BreadcrumbList","@id":"https:\/\/balsamico.shop\/de\/produkt\/aceto-balsamico-tradizionale-di-modena-giuseppe-cremonini\/#breadcrumb","itemListElement":[{"@type":"ListItem","position":1,"name":"Startseite","item":"https:\/\/balsamico.shop\/de\/"},{"@type":"ListItem","position":2,"name":"Aceto Balsamico Shop","item":"https:\/\/balsamico.shop\/de\/shop\/"},{"@type":"ListItem","position":3,"name":"Aceto Balsamico Tradizionale di Modena \u2013 Giuseppe Cremonini"}]},{"@type":"WebSite","@id":"https:\/\/balsamico.shop\/de\/#website","url":"https:\/\/balsamico.shop\/de\/","name":"Aceto Balsamico Shop","description":"Shop f\u00fcr Balsamico aus Modena &amp; Reggio Emilia","publisher":{"@id":"https:\/\/balsamico.shop\/de\/#organization"},"potentialAction":[{"@type":"SearchAction","target":{"@type":"EntryPoint","urlTemplate":"https:\/\/balsamico.shop\/de\/?s={search_term_string}"},"query-input":{"@type":"PropertyValueSpecification","valueRequired":true,"valueName":"search_term_string"}}],"inLanguage":"de"},{"@type":"Organization","@id":"https:\/\/balsamico.shop\/de\/#organization","name":"Bernardo Tesori","url":"https:\/\/balsamico.shop\/de\/","logo":{"@type":"ImageObject","inLanguage":"de","@id":"https:\/\/balsamico.shop\/de\/#\/schema\/logo\/image\/","url":"https:\/\/balsamico.shop\/de\/wp-content\/uploads\/2016\/04\/logo_bernardo.png","contentUrl":"https:\/\/balsamico.shop\/de\/wp-content\/uploads\/2016\/04\/logo_bernardo.png","width":278,"height":466,"caption":"Bernardo Tesori"},"image":{"@id":"https:\/\/balsamico.shop\/de\/#\/schema\/logo\/image\/"}}]}},"_links":{"self":[{"href":"https:\/\/balsamico.shop\/de\/wp-json\/wp\/v2\/product\/4042","targetHints":{"allow":["GET"]}}],"collection":[{"href":"https:\/\/balsamico.shop\/de\/wp-json\/wp\/v2\/product"}],"about":[{"href":"https:\/\/balsamico.shop\/de\/wp-json\/wp\/v2\/types\/product"}],"wp:featuredmedia":[{"embeddable":true,"href":"https:\/\/balsamico.shop\/de\/wp-json\/wp\/v2\/media\/4666"}],"wp:attachment":[{"href":"https:\/\/balsamico.shop\/de\/wp-json\/wp\/v2\/media?parent=4042"}],"wp:term":[{"taxonomy":"product_brand","embeddable":true,"href":"https:\/\/balsamico.shop\/de\/wp-json\/wp\/v2\/product_brand?post=4042"},{"taxonomy":"product_cat","embeddable":true,"href":"https:\/\/balsamico.shop\/de\/wp-json\/wp\/v2\/product_cat?post=4042"},{"taxonomy":"product_tag","embeddable":true,"href":"https:\/\/balsamico.shop\/de\/wp-json\/wp\/v2\/product_tag?post=4042"}],"curies":[{"name":"wp","href":"https:\/\/api.w.org\/{rel}","templated":true}]}}