{"id":389,"date":"2016-10-02T00:57:39","date_gmt":"2016-10-01T22:57:39","guid":{"rendered":"https:\/\/de.aceto-balsamico-tradizionale.com\/shop\/la-secchia-duetto-balsamico-tradizionale\/"},"modified":"2026-04-17T10:26:56","modified_gmt":"2026-04-17T08:26:56","slug":"la-secchia-duetto-balsamico-tradizionale","status":"publish","type":"product","link":"https:\/\/balsamico.shop\/de\/produkt\/la-secchia-duetto-balsamico-tradizionale\/","title":{"rendered":"Duetto \u2013 Zwei Aceto Balsamico Tradizionale di Modena DOP \u2013 12 &#038; 25 Jahre \u2013 La Secchia"},"content":{"rendered":"<p>Das perfekte <strong>Geschenk<\/strong> f\u00fcr den Balsamico Liebhaber &#8211; &#8222;Il <strong>Duetto<\/strong>&#8220; &#8211; die beiden Perfektionen treffen in einer geschlossenen Einheit zusammen. Der &#8222;<em>Aceto Balsamico Tradizionale di Modena DOP<\/em>&#8220; <strong>und<\/strong> der &#8222;<em>Aceto Balsamico Tradizionale di Modena extravecchio DOP<\/em>&#8220; von Lorenzo Righi werden in einer wundersch\u00f6nen, modernen <strong>Doppelbox samt traditionellem Ausgie\u00dfer<\/strong> geliefert und zeigen dem Genie\u00dfer die gesamte Vielfalt des traditionellen Balsamico-Handwerks Modenas.<\/p>\n<p><img loading=\"lazy\" decoding=\"async\" class=\"aligncenter wp-image-393 size-full\" src=\"https:\/\/balsamico.shop\/de\/wp-content\/uploads\/2016\/10\/duetto-box.png\" alt=\"Aceto Balsamico Tradizionale 12 Jahre und 25 Jahre Modena\" width=\"552\" height=\"505\" srcset=\"https:\/\/balsamico.shop\/de\/wp-content\/uploads\/2016\/10\/duetto-box.png 552w, https:\/\/balsamico.shop\/de\/wp-content\/uploads\/2016\/10\/duetto-box-300x274.png 300w, https:\/\/balsamico.shop\/de\/wp-content\/uploads\/2016\/10\/duetto-box-390x357.png 390w\" sizes=\"auto, (max-width: 552px) 100vw, 552px\" \/><\/p>\n<p>Als Koordinator des Club Excellence, einer Genossenschaft f\u00fchrender Weinh\u00e4ndler und Weinimporteure in Italien und mit seiner beruflichen Erfahrung im Weinsektor, kennt sich Lorenzo Righi auch auf dem Gebiet der Weinherstellung aus. Als Betreiber seiner Acetaia La Secchia im S\u00fcden von Modena, gibt er auf Anfrage Interessierten auch einen direkten Einblick in die Welt des Balsamicos mit einer F\u00fchrung durch seine Fasslager und anschlie\u00dfender Verkostung:<\/p>\n<p><img loading=\"lazy\" decoding=\"async\" class=\"aligncenter wp-image-391 size-full\" src=\"https:\/\/balsamico.shop\/de\/wp-content\/uploads\/2016\/10\/la-secchia.png\" alt=\"la-secchia\" width=\"699\" height=\"747\" srcset=\"https:\/\/balsamico.shop\/de\/wp-content\/uploads\/2016\/10\/la-secchia.png 699w, https:\/\/balsamico.shop\/de\/wp-content\/uploads\/2016\/10\/la-secchia-281x300.png 281w, https:\/\/balsamico.shop\/de\/wp-content\/uploads\/2016\/10\/la-secchia-390x417.png 390w, https:\/\/balsamico.shop\/de\/wp-content\/uploads\/2016\/10\/la-secchia-300x321.png 300w, https:\/\/balsamico.shop\/de\/wp-content\/uploads\/2016\/10\/la-secchia-600x641.png 600w\" sizes=\"auto, (max-width: 699px) 100vw, 699px\" \/><\/p>\n<p>Zutaten: 100% Traubenmost<\/p>\n<p>Hinweis: Kann nat\u00fcrliche Sulfite enthalten.<\/p>\n","protected":false},"excerpt":{"rendered":"<p>Das beste Einsteiger-Set f\u00fcr alle die die Welt des traditionellen Balsamicos n\u00e4her kennenlernen wollen. Ein 12-J\u00e4hriger Affinato sowie ein 25-J\u00e4hriger Extravecchio aus der Acetaia La Secchia, einer kleinen Acetaia im S\u00fcden Modenas wird Sie begeistern! Mit diesem Paket erhalten zwei Flaschen Aceto Balsamico Tradizionale di Modena in den beiden im Fachmarkt verf\u00fcgbaren Qualit\u00e4tsstufen.<\/p>\n","protected":false},"featured_media":13898,"template":"","meta":[],"product_brand":[],"product_cat":[71,33],"product_tag":[59,58,60],"class_list":{"0":"post-389","1":"product","2":"type-product","3":"status-publish","4":"has-post-thumbnail","6":"product_cat-sale","7":"product_cat-la-secchia","8":"product_tag-59","9":"product_tag-58","10":"product_tag-modena","11":"product_shipping_class-ueber-100","13":"first","14":"instock","15":"sale","16":"featured","17":"taxable","18":"shipping-taxable","19":"purchasable","20":"product-type-simple"},"bundle_layout":"","bundled_by":[],"bundled_items":[],"yoast_head":"<!-- This site is optimized with the Yoast SEO plugin v27.3 - https:\/\/yoast.com\/product\/yoast-seo-wordpress\/ -->\n<title>Duetto Balsamico - 2x Tradizionale 12&amp;25 Jahre La Secchia<\/title>\n<meta name=\"description\" content=\"Jetzt mit Bestpreis-Garantie. Das perfekte Geschenk! Der Duetto von La Secchia. 12 &amp; 25 Jahre alter Aceto Balsamico Tradizionale.\" \/>\n<meta name=\"robots\" content=\"index, follow, max-snippet:-1, max-image-preview:large, max-video-preview:-1\" \/>\n<link rel=\"canonical\" href=\"https:\/\/balsamico.shop\/de\/produkt\/la-secchia-duetto-balsamico-tradizionale\/\" \/>\n<script type=\"application\/ld+json\" class=\"yoast-schema-graph\">{\"@context\":\"https:\\\/\\\/schema.org\",\"@graph\":[{\"@type\":\"ImageObject\",\"inLanguage\":\"de\",\"@id\":\"https:\\\/\\\/balsamico.shop\\\/de\\\/produkt\\\/la-secchia-duetto-balsamico-tradizionale\\\/#primaryimage\",\"url\":\"https:\\\/\\\/balsamico.shop\\\/de\\\/wp-content\\\/uploads\\\/2016\\\/10\\\/duetto-aceto-balsamico-affinato-extravecchio-1.jpg\",\"contentUrl\":\"https:\\\/\\\/balsamico.shop\\\/de\\\/wp-content\\\/uploads\\\/2016\\\/10\\\/duetto-aceto-balsamico-affinato-extravecchio-1.jpg\",\"width\":1600,\"height\":1872},{\"@type\":\"BreadcrumbList\",\"@id\":\"https:\\\/\\\/balsamico.shop\\\/de\\\/produkt\\\/la-secchia-duetto-balsamico-tradizionale\\\/#breadcrumb\",\"itemListElement\":[{\"@type\":\"ListItem\",\"position\":1,\"name\":\"Startseite\",\"item\":\"https:\\\/\\\/balsamico.shop\\\/de\\\/\"},{\"@type\":\"ListItem\",\"position\":2,\"name\":\"Aceto Balsamico Shop\",\"item\":\"https:\\\/\\\/balsamico.shop\\\/de\\\/shop\\\/\"},{\"@type\":\"ListItem\",\"position\":3,\"name\":\"Duetto \u2013 Zwei Aceto Balsamico Tradizionale di Modena DOP \u2013 12 &#038; 25 Jahre \u2013 La Secchia\"}]},{\"@type\":\"WebSite\",\"@id\":\"https:\\\/\\\/balsamico.shop\\\/de\\\/#website\",\"url\":\"https:\\\/\\\/balsamico.shop\\\/de\\\/\",\"name\":\"Aceto Balsamico Shop\",\"description\":\"Shop f\u00fcr Balsamico aus Modena &amp; Reggio Emilia\",\"publisher\":{\"@id\":\"https:\\\/\\\/balsamico.shop\\\/de\\\/#organization\"},\"potentialAction\":[{\"@type\":\"SearchAction\",\"target\":{\"@type\":\"EntryPoint\",\"urlTemplate\":\"https:\\\/\\\/balsamico.shop\\\/de\\\/?s={search_term_string}\"},\"query-input\":{\"@type\":\"PropertyValueSpecification\",\"valueRequired\":true,\"valueName\":\"search_term_string\"}}],\"inLanguage\":\"de\"},{\"@type\":\"Organization\",\"@id\":\"https:\\\/\\\/balsamico.shop\\\/de\\\/#organization\",\"name\":\"Bernardo Tesori\",\"url\":\"https:\\\/\\\/balsamico.shop\\\/de\\\/\",\"logo\":{\"@type\":\"ImageObject\",\"inLanguage\":\"de\",\"@id\":\"https:\\\/\\\/balsamico.shop\\\/de\\\/#\\\/schema\\\/logo\\\/image\\\/\",\"url\":\"https:\\\/\\\/balsamico.shop\\\/de\\\/wp-content\\\/uploads\\\/2016\\\/04\\\/logo_bernardo.png\",\"contentUrl\":\"https:\\\/\\\/balsamico.shop\\\/de\\\/wp-content\\\/uploads\\\/2016\\\/04\\\/logo_bernardo.png\",\"width\":278,\"height\":466,\"caption\":\"Bernardo Tesori\"},\"image\":{\"@id\":\"https:\\\/\\\/balsamico.shop\\\/de\\\/#\\\/schema\\\/logo\\\/image\\\/\"}}]}<\/script>\n<!-- \/ Yoast SEO plugin. -->","yoast_head_json":{"title":"Duetto Balsamico - 2x Tradizionale 12&25 Jahre La Secchia","description":"Jetzt mit Bestpreis-Garantie. Das perfekte Geschenk! Der Duetto von La Secchia. 12 & 25 Jahre alter Aceto Balsamico Tradizionale.","robots":{"index":"index","follow":"follow","max-snippet":"max-snippet:-1","max-image-preview":"max-image-preview:large","max-video-preview":"max-video-preview:-1"},"canonical":"https:\/\/balsamico.shop\/de\/produkt\/la-secchia-duetto-balsamico-tradizionale\/","schema":{"@context":"https:\/\/schema.org","@graph":[{"@type":"ImageObject","inLanguage":"de","@id":"https:\/\/balsamico.shop\/de\/produkt\/la-secchia-duetto-balsamico-tradizionale\/#primaryimage","url":"https:\/\/balsamico.shop\/de\/wp-content\/uploads\/2016\/10\/duetto-aceto-balsamico-affinato-extravecchio-1.jpg","contentUrl":"https:\/\/balsamico.shop\/de\/wp-content\/uploads\/2016\/10\/duetto-aceto-balsamico-affinato-extravecchio-1.jpg","width":1600,"height":1872},{"@type":"BreadcrumbList","@id":"https:\/\/balsamico.shop\/de\/produkt\/la-secchia-duetto-balsamico-tradizionale\/#breadcrumb","itemListElement":[{"@type":"ListItem","position":1,"name":"Startseite","item":"https:\/\/balsamico.shop\/de\/"},{"@type":"ListItem","position":2,"name":"Aceto Balsamico Shop","item":"https:\/\/balsamico.shop\/de\/shop\/"},{"@type":"ListItem","position":3,"name":"Duetto \u2013 Zwei Aceto Balsamico Tradizionale di Modena DOP \u2013 12 &#038; 25 Jahre \u2013 La Secchia"}]},{"@type":"WebSite","@id":"https:\/\/balsamico.shop\/de\/#website","url":"https:\/\/balsamico.shop\/de\/","name":"Aceto Balsamico Shop","description":"Shop f\u00fcr Balsamico aus Modena &amp; Reggio Emilia","publisher":{"@id":"https:\/\/balsamico.shop\/de\/#organization"},"potentialAction":[{"@type":"SearchAction","target":{"@type":"EntryPoint","urlTemplate":"https:\/\/balsamico.shop\/de\/?s={search_term_string}"},"query-input":{"@type":"PropertyValueSpecification","valueRequired":true,"valueName":"search_term_string"}}],"inLanguage":"de"},{"@type":"Organization","@id":"https:\/\/balsamico.shop\/de\/#organization","name":"Bernardo Tesori","url":"https:\/\/balsamico.shop\/de\/","logo":{"@type":"ImageObject","inLanguage":"de","@id":"https:\/\/balsamico.shop\/de\/#\/schema\/logo\/image\/","url":"https:\/\/balsamico.shop\/de\/wp-content\/uploads\/2016\/04\/logo_bernardo.png","contentUrl":"https:\/\/balsamico.shop\/de\/wp-content\/uploads\/2016\/04\/logo_bernardo.png","width":278,"height":466,"caption":"Bernardo Tesori"},"image":{"@id":"https:\/\/balsamico.shop\/de\/#\/schema\/logo\/image\/"}}]}},"_links":{"self":[{"href":"https:\/\/balsamico.shop\/de\/wp-json\/wp\/v2\/product\/389","targetHints":{"allow":["GET"]}}],"collection":[{"href":"https:\/\/balsamico.shop\/de\/wp-json\/wp\/v2\/product"}],"about":[{"href":"https:\/\/balsamico.shop\/de\/wp-json\/wp\/v2\/types\/product"}],"wp:featuredmedia":[{"embeddable":true,"href":"https:\/\/balsamico.shop\/de\/wp-json\/wp\/v2\/media\/13898"}],"wp:attachment":[{"href":"https:\/\/balsamico.shop\/de\/wp-json\/wp\/v2\/media?parent=389"}],"wp:term":[{"taxonomy":"product_brand","embeddable":true,"href":"https:\/\/balsamico.shop\/de\/wp-json\/wp\/v2\/product_brand?post=389"},{"taxonomy":"product_cat","embeddable":true,"href":"https:\/\/balsamico.shop\/de\/wp-json\/wp\/v2\/product_cat?post=389"},{"taxonomy":"product_tag","embeddable":true,"href":"https:\/\/balsamico.shop\/de\/wp-json\/wp\/v2\/product_tag?post=389"}],"curies":[{"name":"wp","href":"https:\/\/api.w.org\/{rel}","templated":true}]}}