{"id":3548,"date":"2020-02-21T08:50:42","date_gmt":"2020-02-21T07:50:42","guid":{"rendered":"https:\/\/balsamico.shop\/de\/?post_type=product&#038;p=3548"},"modified":"2026-04-02T18:46:39","modified_gmt":"2026-04-02T16:46:39","slug":"premium-olivenoel-italien-profumo-oliva-gonnelli","status":"publish","type":"product","link":"https:\/\/balsamico.shop\/de\/produkt\/premium-olivenoel-italien-profumo-oliva-gonnelli\/","title":{"rendered":"Premium Oliven\u00f6l aus Italien \u2013 Profumo d\u2019Oliva \u2013 Gonnelli 1585"},"content":{"rendered":"<p>Dieses hochwertige Oliven\u00f6l Extra Vergine &#8211; Gran Cru &#8211; stammt aus der \u00d6lm\u00fchle der Familie Gonnelli, welche Ihren Standort in der Toscana in Italien hat. Das \u00d6l zeichnet sich nicht nur durch seine einzigartig sch\u00f6ne und edle Verpackung aus, sondern steht f\u00fcr eine einzigartige Produktion unter <strong>Ausschluss von Sauerstoff<\/strong>. Der gesamte Verarbeitungsprozess von der Olivenernte bis zum fertigen \u00d6l findet in nur 15 Stunden statt. Ziel dabei ist es ein Oliven\u00f6l herzustellen, welches w\u00e4hrend der Produktion vor der Oxidation gesch\u00fctzt werden soll. Damit wird der maximale Geschmack eines frischen Oliven\u00f6ls erhalten. Mit diesem Produkt kaufen Sie ein handwerklich sehr hochwertiges Premium-Oliven\u00f6l.<\/p>\n<p>Das Premium Oliven\u00f6l Profumo d\u2019Oliva ist eine meisterliche Komposition vorwiegend aus den Olivensorten Moraiolo und ein wenig von der Sorte Leccino. Die \u00d6ls\u00e4ure ist sehr gering und liegt lt. Hersteller bei <strong>nur ca. 0,15%<\/strong>!<\/p>\n<p><b><img loading=\"lazy\" decoding=\"async\" class=\"aligncenter wp-image-3551\" src=\"https:\/\/balsamico.shop\/de\/wp-content\/uploads\/2020\/02\/Geschmackgrafik_Porfumo-1-1.jpg\" alt=\"Premium Oliven\u00f6l aus Italien - Geschmack\" width=\"600\" height=\"437\" \/><\/b><\/p>\n<p><strong>Zutaten<\/strong>: 100% Oliven\u00f6l Extra Vergine aus Italien.<\/p>\n<p><b>Olivenerntezeit<\/b>\u00a0: Oktober und Anfang November<\/p>\n<p><b>Reinigung von Oliven<\/b>\u00a0: Entlaubung und Trennung von Fremdk\u00f6rpern (Zweigen, Bl\u00e4ttern) mittels eines patentierten Systems, Waschen mit gereinigtem Wasser.<\/p>\n<p><b>Verarbeitung: <\/b>\u00a0kontinuierlicher Zyklus in Abwesenheit von Sauerstoff unter Stickstoff, Extraktion bei kontrollierter Temperatur (kalt).<\/p>\n<p><b>Produktion: <\/b>begrenzt auf wenige Flaschen<\/p>\n<p><b>Filterung: <\/b>\u00a0mit reiner Cellulose.<\/p>\n<p><b>Polyphenol Wert <\/b>: durchschnittlich 480 mg \/ kg. Oliven\u00f6l-Polyphenole tragen dazu bei, die Blutfette vor oxidativem Stress zu sch\u00fctzen.<\/p>\n<p><b>Lagerung: <\/b>\u00a0in Edelstahlbeh\u00e4ltern bei kontrollierter Temperatur in Abwesenheit von Sauerstoff unter Stickstoff.<\/p>\n<p><b>Bouquet<\/b>\u00a0: reichhaltiges und feines Bouquet mit frischen Mandeln und Artischocken.<\/p>\n<p><strong>S\u00e4ure<\/strong>: sehr wenig \u00d6ls\u00e4ure, nur ca. 0,15%<\/p>\n<p><b>Geschmack<\/b>\u00a0: Harmonie von bitter-w\u00fcrzigen Empfindungen und Kr\u00e4uternoten sowie frischem Gem\u00fcse in einem <strong>langen und ausgewogenen Abgang<\/strong>.<\/p>\n<p><b>Empfohlene Kombination<\/b>: Hervorragend f\u00fcr Garnelensouffl\u00e9 und Gem\u00fcse-Crudit\u00e9s sowie f\u00fcr den puren Genuss<\/p>\n<p>&nbsp;<\/p>\n<p><iframe loading=\"lazy\" src=\"https:\/\/www.youtube-nocookie.com\/embed\/9-lhIaM15nc\" width=\"100%\" height=\"100%\" frameborder=\"0\" allowfullscreen=\"allowfullscreen\"><span data-mce-type=\"bookmark\" style=\"display: inline-block; width: 0px; overflow: hidden; line-height: 0;\" class=\"mce_SELRES_start\">\ufeff<\/span><\/iframe><\/p>\n<p>&nbsp;<\/p>\n","protected":false},"excerpt":{"rendered":"<p><strong>Neue Ernte 2022\/2023!<\/strong> Dieses hochwertige Oliven\u00f6l Extra Vergine &#8211; Gran Cru &#8211; stammt aus der \u00d6lm\u00fchle der Familie Gonnelli. Der gesamte Verarbeitungsprozess von der Olivenernte bis zum fertigen \u00d6l findet in nur 15 Stunden statt. Damit wird der maximale Geschmack eines frischen Oliven\u00f6ls erhalten. Mit diesem Produkt kaufen Sie ein handwerklich sehr hochwertiges Premium-Oliven\u00f6l.<\/p>\n","protected":false},"featured_media":3550,"template":"","meta":[],"product_brand":[],"product_cat":[71,170,51],"product_tag":[52],"class_list":{"0":"post-3548","1":"product","2":"type-product","3":"status-publish","4":"has-post-thumbnail","6":"product_cat-sale","7":"product_cat-delikatessen","8":"product_cat-olivenoel","9":"product_tag-olivenoel","10":"product_shipping_class-balsamico","12":"first","13":"outofstock","14":"sale","15":"taxable","16":"shipping-taxable","17":"purchasable","18":"product-type-simple"},"bundle_layout":"","bundled_by":["3600"],"bundled_items":[],"yoast_head":"<!-- This site is optimized with the Yoast SEO plugin v27.5 - https:\/\/yoast.com\/product\/yoast-seo-wordpress\/ -->\n<title>Premium Oliven\u00f6l aus Italien \u2013 Profumo d\u2019Oliva \u2013 Gonnelli 1585 kaufen<\/title>\n<meta name=\"description\" content=\"Das Premium Oliven\u00f6l Profumo d\u2019Oliva ist ganz frisch aus der Saison und ist eine Komposition aus Frantoio, Moraiolo und Leccino.\" \/>\n<meta name=\"robots\" content=\"noindex, follow\" \/>\n<script type=\"application\/ld+json\" class=\"yoast-schema-graph\">{\"@context\":\"https:\\\/\\\/schema.org\",\"@graph\":[{\"@type\":\"WebPage\",\"@id\":\"https:\\\/\\\/balsamico.shop\\\/de\\\/produkt\\\/premium-olivenoel-italien-profumo-oliva-gonnelli\\\/\",\"url\":\"https:\\\/\\\/balsamico.shop\\\/de\\\/produkt\\\/premium-olivenoel-italien-profumo-oliva-gonnelli\\\/\",\"name\":\"Premium Oliven\u00f6l aus Italien \u2013 Profumo d\u2019Oliva \u2013 Gonnelli 1585 kaufen\",\"isPartOf\":{\"@id\":\"https:\\\/\\\/balsamico.shop\\\/de\\\/#website\"},\"primaryImageOfPage\":{\"@id\":\"https:\\\/\\\/balsamico.shop\\\/de\\\/produkt\\\/premium-olivenoel-italien-profumo-oliva-gonnelli\\\/#primaryimage\"},\"image\":{\"@id\":\"https:\\\/\\\/balsamico.shop\\\/de\\\/produkt\\\/premium-olivenoel-italien-profumo-oliva-gonnelli\\\/#primaryimage\"},\"thumbnailUrl\":\"https:\\\/\\\/balsamico.shop\\\/de\\\/wp-content\\\/uploads\\\/2020\\\/02\\\/profumodolivia-gonnelli.jpg\",\"datePublished\":\"2020-02-21T07:50:42+00:00\",\"dateModified\":\"2026-04-02T16:46:39+00:00\",\"description\":\"Das Premium Oliven\u00f6l Profumo d\u2019Oliva ist ganz frisch aus der Saison und ist eine Komposition aus Frantoio, Moraiolo und Leccino.\",\"breadcrumb\":{\"@id\":\"https:\\\/\\\/balsamico.shop\\\/de\\\/produkt\\\/premium-olivenoel-italien-profumo-oliva-gonnelli\\\/#breadcrumb\"},\"inLanguage\":\"de\",\"potentialAction\":[{\"@type\":\"ReadAction\",\"target\":[\"https:\\\/\\\/balsamico.shop\\\/de\\\/produkt\\\/premium-olivenoel-italien-profumo-oliva-gonnelli\\\/\"]}]},{\"@type\":\"ImageObject\",\"inLanguage\":\"de\",\"@id\":\"https:\\\/\\\/balsamico.shop\\\/de\\\/produkt\\\/premium-olivenoel-italien-profumo-oliva-gonnelli\\\/#primaryimage\",\"url\":\"https:\\\/\\\/balsamico.shop\\\/de\\\/wp-content\\\/uploads\\\/2020\\\/02\\\/profumodolivia-gonnelli.jpg\",\"contentUrl\":\"https:\\\/\\\/balsamico.shop\\\/de\\\/wp-content\\\/uploads\\\/2020\\\/02\\\/profumodolivia-gonnelli.jpg\",\"width\":1600,\"height\":1872,\"caption\":\"Premium Olivien\u00f6l aus Italien - Profumo d' Oliva - Gonnelli 1585\"},{\"@type\":\"BreadcrumbList\",\"@id\":\"https:\\\/\\\/balsamico.shop\\\/de\\\/produkt\\\/premium-olivenoel-italien-profumo-oliva-gonnelli\\\/#breadcrumb\",\"itemListElement\":[{\"@type\":\"ListItem\",\"position\":1,\"name\":\"Startseite\",\"item\":\"https:\\\/\\\/balsamico.shop\\\/de\\\/\"},{\"@type\":\"ListItem\",\"position\":2,\"name\":\"Aceto Balsamico Shop\",\"item\":\"https:\\\/\\\/balsamico.shop\\\/de\\\/shop\\\/\"},{\"@type\":\"ListItem\",\"position\":3,\"name\":\"Premium Oliven\u00f6l aus Italien \u2013 Profumo d\u2019Oliva \u2013 Gonnelli 1585\"}]},{\"@type\":\"WebSite\",\"@id\":\"https:\\\/\\\/balsamico.shop\\\/de\\\/#website\",\"url\":\"https:\\\/\\\/balsamico.shop\\\/de\\\/\",\"name\":\"Aceto Balsamico Shop\",\"description\":\"Shop f\u00fcr Balsamico aus Modena &amp; Reggio Emilia\",\"publisher\":{\"@id\":\"https:\\\/\\\/balsamico.shop\\\/de\\\/#organization\"},\"potentialAction\":[{\"@type\":\"SearchAction\",\"target\":{\"@type\":\"EntryPoint\",\"urlTemplate\":\"https:\\\/\\\/balsamico.shop\\\/de\\\/?s={search_term_string}\"},\"query-input\":{\"@type\":\"PropertyValueSpecification\",\"valueRequired\":true,\"valueName\":\"search_term_string\"}}],\"inLanguage\":\"de\"},{\"@type\":\"Organization\",\"@id\":\"https:\\\/\\\/balsamico.shop\\\/de\\\/#organization\",\"name\":\"Bernardo Tesori\",\"url\":\"https:\\\/\\\/balsamico.shop\\\/de\\\/\",\"logo\":{\"@type\":\"ImageObject\",\"inLanguage\":\"de\",\"@id\":\"https:\\\/\\\/balsamico.shop\\\/de\\\/#\\\/schema\\\/logo\\\/image\\\/\",\"url\":\"https:\\\/\\\/balsamico.shop\\\/de\\\/wp-content\\\/uploads\\\/2016\\\/04\\\/logo_bernardo.png\",\"contentUrl\":\"https:\\\/\\\/balsamico.shop\\\/de\\\/wp-content\\\/uploads\\\/2016\\\/04\\\/logo_bernardo.png\",\"width\":278,\"height\":466,\"caption\":\"Bernardo Tesori\"},\"image\":{\"@id\":\"https:\\\/\\\/balsamico.shop\\\/de\\\/#\\\/schema\\\/logo\\\/image\\\/\"}}]}<\/script>\n<!-- \/ Yoast SEO plugin. -->","yoast_head_json":{"title":"Premium Oliven\u00f6l aus Italien \u2013 Profumo d\u2019Oliva \u2013 Gonnelli 1585 kaufen","description":"Das Premium Oliven\u00f6l Profumo d\u2019Oliva ist ganz frisch aus der Saison und ist eine Komposition aus Frantoio, Moraiolo und Leccino.","robots":{"index":"noindex","follow":"follow"},"schema":{"@context":"https:\/\/schema.org","@graph":[{"@type":"WebPage","@id":"https:\/\/balsamico.shop\/de\/produkt\/premium-olivenoel-italien-profumo-oliva-gonnelli\/","url":"https:\/\/balsamico.shop\/de\/produkt\/premium-olivenoel-italien-profumo-oliva-gonnelli\/","name":"Premium Oliven\u00f6l aus Italien \u2013 Profumo d\u2019Oliva \u2013 Gonnelli 1585 kaufen","isPartOf":{"@id":"https:\/\/balsamico.shop\/de\/#website"},"primaryImageOfPage":{"@id":"https:\/\/balsamico.shop\/de\/produkt\/premium-olivenoel-italien-profumo-oliva-gonnelli\/#primaryimage"},"image":{"@id":"https:\/\/balsamico.shop\/de\/produkt\/premium-olivenoel-italien-profumo-oliva-gonnelli\/#primaryimage"},"thumbnailUrl":"https:\/\/balsamico.shop\/de\/wp-content\/uploads\/2020\/02\/profumodolivia-gonnelli.jpg","datePublished":"2020-02-21T07:50:42+00:00","dateModified":"2026-04-02T16:46:39+00:00","description":"Das Premium Oliven\u00f6l Profumo d\u2019Oliva ist ganz frisch aus der Saison und ist eine Komposition aus Frantoio, Moraiolo und Leccino.","breadcrumb":{"@id":"https:\/\/balsamico.shop\/de\/produkt\/premium-olivenoel-italien-profumo-oliva-gonnelli\/#breadcrumb"},"inLanguage":"de","potentialAction":[{"@type":"ReadAction","target":["https:\/\/balsamico.shop\/de\/produkt\/premium-olivenoel-italien-profumo-oliva-gonnelli\/"]}]},{"@type":"ImageObject","inLanguage":"de","@id":"https:\/\/balsamico.shop\/de\/produkt\/premium-olivenoel-italien-profumo-oliva-gonnelli\/#primaryimage","url":"https:\/\/balsamico.shop\/de\/wp-content\/uploads\/2020\/02\/profumodolivia-gonnelli.jpg","contentUrl":"https:\/\/balsamico.shop\/de\/wp-content\/uploads\/2020\/02\/profumodolivia-gonnelli.jpg","width":1600,"height":1872,"caption":"Premium Olivien\u00f6l aus Italien - Profumo d' Oliva - Gonnelli 1585"},{"@type":"BreadcrumbList","@id":"https:\/\/balsamico.shop\/de\/produkt\/premium-olivenoel-italien-profumo-oliva-gonnelli\/#breadcrumb","itemListElement":[{"@type":"ListItem","position":1,"name":"Startseite","item":"https:\/\/balsamico.shop\/de\/"},{"@type":"ListItem","position":2,"name":"Aceto Balsamico Shop","item":"https:\/\/balsamico.shop\/de\/shop\/"},{"@type":"ListItem","position":3,"name":"Premium Oliven\u00f6l aus Italien \u2013 Profumo d\u2019Oliva \u2013 Gonnelli 1585"}]},{"@type":"WebSite","@id":"https:\/\/balsamico.shop\/de\/#website","url":"https:\/\/balsamico.shop\/de\/","name":"Aceto Balsamico Shop","description":"Shop f\u00fcr Balsamico aus Modena &amp; Reggio Emilia","publisher":{"@id":"https:\/\/balsamico.shop\/de\/#organization"},"potentialAction":[{"@type":"SearchAction","target":{"@type":"EntryPoint","urlTemplate":"https:\/\/balsamico.shop\/de\/?s={search_term_string}"},"query-input":{"@type":"PropertyValueSpecification","valueRequired":true,"valueName":"search_term_string"}}],"inLanguage":"de"},{"@type":"Organization","@id":"https:\/\/balsamico.shop\/de\/#organization","name":"Bernardo Tesori","url":"https:\/\/balsamico.shop\/de\/","logo":{"@type":"ImageObject","inLanguage":"de","@id":"https:\/\/balsamico.shop\/de\/#\/schema\/logo\/image\/","url":"https:\/\/balsamico.shop\/de\/wp-content\/uploads\/2016\/04\/logo_bernardo.png","contentUrl":"https:\/\/balsamico.shop\/de\/wp-content\/uploads\/2016\/04\/logo_bernardo.png","width":278,"height":466,"caption":"Bernardo Tesori"},"image":{"@id":"https:\/\/balsamico.shop\/de\/#\/schema\/logo\/image\/"}}]}},"_links":{"self":[{"href":"https:\/\/balsamico.shop\/de\/wp-json\/wp\/v2\/product\/3548","targetHints":{"allow":["GET"]}}],"collection":[{"href":"https:\/\/balsamico.shop\/de\/wp-json\/wp\/v2\/product"}],"about":[{"href":"https:\/\/balsamico.shop\/de\/wp-json\/wp\/v2\/types\/product"}],"wp:featuredmedia":[{"embeddable":true,"href":"https:\/\/balsamico.shop\/de\/wp-json\/wp\/v2\/media\/3550"}],"wp:attachment":[{"href":"https:\/\/balsamico.shop\/de\/wp-json\/wp\/v2\/media?parent=3548"}],"wp:term":[{"taxonomy":"product_brand","embeddable":true,"href":"https:\/\/balsamico.shop\/de\/wp-json\/wp\/v2\/product_brand?post=3548"},{"taxonomy":"product_cat","embeddable":true,"href":"https:\/\/balsamico.shop\/de\/wp-json\/wp\/v2\/product_cat?post=3548"},{"taxonomy":"product_tag","embeddable":true,"href":"https:\/\/balsamico.shop\/de\/wp-json\/wp\/v2\/product_tag?post=3548"}],"curies":[{"name":"wp","href":"https:\/\/api.w.org\/{rel}","templated":true}]}}