{"id":3481,"date":"2020-02-04T08:39:20","date_gmt":"2020-02-04T07:39:20","guid":{"rendered":"https:\/\/balsamico.shop\/de\/?post_type=product&#038;p=3481"},"modified":"2026-04-02T19:05:45","modified_gmt":"2026-04-02T17:05:45","slug":"anti-aging-creme-lucilla-aceto-balsamico","status":"publish","type":"product","link":"https:\/\/balsamico.shop\/de\/produkt\/anti-aging-creme-lucilla-aceto-balsamico\/","title":{"rendered":"Lucilla &#8211; die erste Gesichtscreme mit Aceto Balsamico Tradizionale di Modena D.O.P."},"content":{"rendered":"<p><img loading=\"lazy\" decoding=\"async\" class=\"size-full wp-image-3488 alignright\" src=\"https:\/\/balsamico.shop\/de\/wp-content\/uploads\/2020\/02\/sofia-lucuilla-1.jpg\" alt=\"Sofia Malagoli &amp; Lucuilla\" width=\"200\" height=\"300\" \/>Dank Ihrer Hingabe und Liebe zum kostbaren Aceto Balsamico Tradizionale di Modena D.O.P. entwickelte Sofia Malagoli ein einzigartiges Produkt, welches die Kraft und die Intensit\u00e4t des wohl wertvollsten Lebensmittels Italiens &#8211; dem traditionellen Balsamico &#8211; in einer Anti Aging Gesichtscreme vereint. Zusammen mit Gabriella Gibertini, der Betreiberin der einzigen Thermalquelle in Modena entstand aus dem wohltuenden Wasser der Quelle und dem \u00fcber 12 Jahre gereiften kostbaren traditionellen Balsamico der Malagolis ein weltweit exklusives Sch\u00f6nheitsprodukt f\u00fcr Frauen mit h\u00f6chsten Anspr\u00fcchen.<\/p>\n<p>Sofia taufte dieses Produkt mit dem Namen &#8222;<strong>Lucilla<\/strong>&#8222;, eine authentische\u00a0 Anti-Aging-Creme aus Modena, die von Frauen f\u00fcr Frauen entwickelt wurde.<\/p>\n<p><img loading=\"lazy\" decoding=\"async\" class=\"size-full wp-image-3489 alignleft\" src=\"https:\/\/balsamico.shop\/de\/wp-content\/uploads\/2020\/02\/lucilla-anti-aging-creme.jpg\" alt=\"lucilla anti aging creme\" width=\"274\" height=\"179\" \/>Seit Jahrhunderten hat Balsamico-Essig einen bedeutenden Platz in der italienischen K\u00fcche eingenommen, und es ist bekannt, dass er vom K\u00f6nigshaus als ein prestigetr\u00e4chtiges &#8222;kaiserliches Geschenk&#8220; verwendet wurde. Allerdings wissen nicht viele, dass der traditionelle Balsamico-Essig seit dem Mittelalter aufgrund seiner wertvollen Eigenschaften als Wundermittel galt. Daher ist es nicht allzu merkw\u00fcrdig, dass Sofia sich entschied, ein einzigartiges Anti-Aging-Gesichtscremeprodukt mit diesem bemerkenswerten schwarzen Gold zu kreieren.<\/p>\n<p>Lucilla ist die perfekte Kombination zwischen dem authentischen traditionellen DOP-Balsamessig aus Modena (mindestens 12 Jahre in Holzf\u00e4ssern gereift) und dem Wasser der nat\u00fcrlichen Thermalquelle von <a href=\"https:\/\/www.termesalvarola.it\/\" target=\"_blank\" rel=\"noopener noreferrer\">Salvarola<\/a>. Auch dank der weiteren nat\u00fcrlichen Bestandteile dieser Anti-Aging-Creme wie nat\u00fcrliche Hyalurons\u00e4ure, Vitamin C+E, Traubenkern\u00f6l und Jojoba-\u00d6l ist Lucilla die perfekte L\u00f6sung zur Verj\u00fcngung Ihrer Haut!<\/p>\n<p>Als erster Spezial-H\u00e4ndler in Deutschland, haben wir dieses Premium-Luxus-Produkt f\u00fcr Sie in einer sehr begrenzten St\u00fcckzahl verf\u00fcgbar.<\/p>\n","protected":false},"excerpt":{"rendered":"<p>Dank Ihrer Hingabe und Liebe zum kostbaren Aceto Balsamico Tradizionale di Modena D.O.P. entwickelte Sofia Malagoli ein einzigartiges Produkt, welches die Kraft und die Intensit\u00e4t des wohl wertvollsten Lebensmittels Italiens &#8211; dem traditionellen Balsamico &#8211; in einer Anti Aging Gesichtscreme vereint. Zusammen mit Gabriella Gibertini, der Betreiberin der einzigen Thermalquelle in Modena entstand aus dem wohltuenden Wasser der Quelle und dem \u00fcber 12 Jahre gereiften kostbaren traditionellen Balsamico der Malagolis ein weltweit exklusives Sch\u00f6nheitsprodukt f\u00fcr Frauen mit h\u00f6chsten Anspr\u00fcchen. Sofia taufte dieses Produkt mit dem Namen &#8222;Lucilla&#8222;, eine authentische\u00a0 Anti-Aging-Creme aus Modena, die von Frauen f\u00fcr Frauen entwickelt wurde. Seit Jahrhunderten hat Balsamico-Essig einen bedeutenden Platz in der italienischen K\u00fcche eingenommen, und es ist bekannt, dass er vom K\u00f6nigshaus als ein prestigetr\u00e4chtiges &#8222;kaiserliches Geschenk&#8220; verwendet wurde. Allerdings wissen nicht viele, dass der traditionelle Balsamico-Essig seit dem Mittelalter aufgrund seiner wertvollen Eigenschaften als Wundermittel galt. Daher ist es nicht allzu merkw\u00fcrdig, dass Sofia sich entschied, ein einzigartiges Anti-Aging-Gesichtscremeprodukt mit diesem bemerkenswerten schwarzen Gold zu kreieren. Lucilla ist die perfekte Kombination zwischen dem authentischen traditionellen DOP-Balsamessig aus Modena (mindestens 12 Jahre in Holzf\u00e4ssern gereift) und dem Wasser der nat\u00fcrlichen Thermalquelle von Salvarola. Auch dank der weiteren nat\u00fcrlichen Bestandteile dieser Anti-Aging-Creme wie nat\u00fcrliche Hyalurons\u00e4ure, Vitamin C+E, Traubenkern\u00f6l und Jojoba-\u00d6l ist Lucilla die perfekte L\u00f6sung zur Verj\u00fcngung Ihrer Haut! Als erster Spezial-H\u00e4ndler in Deutschland, haben wir dieses Premium-Luxus-Produkt f\u00fcr Sie in einer sehr begrenzten St\u00fcckzahl verf\u00fcgbar.<\/p>\n","protected":false},"featured_media":3490,"template":"","meta":[],"product_brand":[],"product_cat":[72],"product_tag":[],"class_list":{"0":"post-3481","1":"product","2":"type-product","3":"status-publish","4":"has-post-thumbnail","6":"product_cat-malagoli","7":"product_shipping_class-ueber-100","9":"first","10":"outofstock","11":"taxable","12":"shipping-taxable","13":"purchasable","14":"product-type-simple"},"bundle_layout":"","bundled_by":[],"bundled_items":[],"yoast_head":"<!-- This site is optimized with the Yoast SEO plugin v27.5 - https:\/\/yoast.com\/product\/yoast-seo-wordpress\/ -->\n<title>Anti Aging Creme mit Aceto Balsamico Tradizionale di Modena - Lucilla<\/title>\n<meta name=\"description\" content=\"Die weltweit erste Anti Aging Creme mit dem luxeri\u00f6sen Aceto Balsamico Tradizionale D.O.P.\" \/>\n<meta name=\"robots\" content=\"noindex, follow\" \/>\n<script type=\"application\/ld+json\" class=\"yoast-schema-graph\">{\"@context\":\"https:\\\/\\\/schema.org\",\"@graph\":[{\"@type\":\"WebPage\",\"@id\":\"https:\\\/\\\/balsamico.shop\\\/de\\\/produkt\\\/anti-aging-creme-lucilla-aceto-balsamico\\\/\",\"url\":\"https:\\\/\\\/balsamico.shop\\\/de\\\/produkt\\\/anti-aging-creme-lucilla-aceto-balsamico\\\/\",\"name\":\"Anti Aging Creme mit Aceto Balsamico Tradizionale di Modena - Lucilla\",\"isPartOf\":{\"@id\":\"https:\\\/\\\/balsamico.shop\\\/de\\\/#website\"},\"primaryImageOfPage\":{\"@id\":\"https:\\\/\\\/balsamico.shop\\\/de\\\/produkt\\\/anti-aging-creme-lucilla-aceto-balsamico\\\/#primaryimage\"},\"image\":{\"@id\":\"https:\\\/\\\/balsamico.shop\\\/de\\\/produkt\\\/anti-aging-creme-lucilla-aceto-balsamico\\\/#primaryimage\"},\"thumbnailUrl\":\"https:\\\/\\\/balsamico.shop\\\/de\\\/wp-content\\\/uploads\\\/2020\\\/02\\\/lucilla-anti-aging-creme-aceto-balsamico.jpg\",\"datePublished\":\"2020-02-04T07:39:20+00:00\",\"dateModified\":\"2026-04-02T17:05:45+00:00\",\"description\":\"Die weltweit erste Anti Aging Creme mit dem luxeri\u00f6sen Aceto Balsamico Tradizionale D.O.P.\",\"breadcrumb\":{\"@id\":\"https:\\\/\\\/balsamico.shop\\\/de\\\/produkt\\\/anti-aging-creme-lucilla-aceto-balsamico\\\/#breadcrumb\"},\"inLanguage\":\"de\",\"potentialAction\":[{\"@type\":\"ReadAction\",\"target\":[\"https:\\\/\\\/balsamico.shop\\\/de\\\/produkt\\\/anti-aging-creme-lucilla-aceto-balsamico\\\/\"]}]},{\"@type\":\"ImageObject\",\"inLanguage\":\"de\",\"@id\":\"https:\\\/\\\/balsamico.shop\\\/de\\\/produkt\\\/anti-aging-creme-lucilla-aceto-balsamico\\\/#primaryimage\",\"url\":\"https:\\\/\\\/balsamico.shop\\\/de\\\/wp-content\\\/uploads\\\/2020\\\/02\\\/lucilla-anti-aging-creme-aceto-balsamico.jpg\",\"contentUrl\":\"https:\\\/\\\/balsamico.shop\\\/de\\\/wp-content\\\/uploads\\\/2020\\\/02\\\/lucilla-anti-aging-creme-aceto-balsamico.jpg\",\"width\":1600,\"height\":1872,\"caption\":\"lucilla anti aging creme mit aceto balsamico tradizionale\"},{\"@type\":\"BreadcrumbList\",\"@id\":\"https:\\\/\\\/balsamico.shop\\\/de\\\/produkt\\\/anti-aging-creme-lucilla-aceto-balsamico\\\/#breadcrumb\",\"itemListElement\":[{\"@type\":\"ListItem\",\"position\":1,\"name\":\"Startseite\",\"item\":\"https:\\\/\\\/balsamico.shop\\\/de\\\/\"},{\"@type\":\"ListItem\",\"position\":2,\"name\":\"Aceto Balsamico Shop\",\"item\":\"https:\\\/\\\/balsamico.shop\\\/de\\\/shop\\\/\"},{\"@type\":\"ListItem\",\"position\":3,\"name\":\"Lucilla &#8211; die erste Gesichtscreme mit Aceto Balsamico Tradizionale di Modena D.O.P.\"}]},{\"@type\":\"WebSite\",\"@id\":\"https:\\\/\\\/balsamico.shop\\\/de\\\/#website\",\"url\":\"https:\\\/\\\/balsamico.shop\\\/de\\\/\",\"name\":\"Aceto Balsamico Shop\",\"description\":\"Shop f\u00fcr Balsamico aus Modena &amp; Reggio Emilia\",\"publisher\":{\"@id\":\"https:\\\/\\\/balsamico.shop\\\/de\\\/#organization\"},\"potentialAction\":[{\"@type\":\"SearchAction\",\"target\":{\"@type\":\"EntryPoint\",\"urlTemplate\":\"https:\\\/\\\/balsamico.shop\\\/de\\\/?s={search_term_string}\"},\"query-input\":{\"@type\":\"PropertyValueSpecification\",\"valueRequired\":true,\"valueName\":\"search_term_string\"}}],\"inLanguage\":\"de\"},{\"@type\":\"Organization\",\"@id\":\"https:\\\/\\\/balsamico.shop\\\/de\\\/#organization\",\"name\":\"Bernardo Tesori\",\"url\":\"https:\\\/\\\/balsamico.shop\\\/de\\\/\",\"logo\":{\"@type\":\"ImageObject\",\"inLanguage\":\"de\",\"@id\":\"https:\\\/\\\/balsamico.shop\\\/de\\\/#\\\/schema\\\/logo\\\/image\\\/\",\"url\":\"https:\\\/\\\/balsamico.shop\\\/de\\\/wp-content\\\/uploads\\\/2016\\\/04\\\/logo_bernardo.png\",\"contentUrl\":\"https:\\\/\\\/balsamico.shop\\\/de\\\/wp-content\\\/uploads\\\/2016\\\/04\\\/logo_bernardo.png\",\"width\":278,\"height\":466,\"caption\":\"Bernardo Tesori\"},\"image\":{\"@id\":\"https:\\\/\\\/balsamico.shop\\\/de\\\/#\\\/schema\\\/logo\\\/image\\\/\"}}]}<\/script>\n<!-- \/ Yoast SEO plugin. -->","yoast_head_json":{"title":"Anti Aging Creme mit Aceto Balsamico Tradizionale di Modena - Lucilla","description":"Die weltweit erste Anti Aging Creme mit dem luxeri\u00f6sen Aceto Balsamico Tradizionale D.O.P.","robots":{"index":"noindex","follow":"follow"},"schema":{"@context":"https:\/\/schema.org","@graph":[{"@type":"WebPage","@id":"https:\/\/balsamico.shop\/de\/produkt\/anti-aging-creme-lucilla-aceto-balsamico\/","url":"https:\/\/balsamico.shop\/de\/produkt\/anti-aging-creme-lucilla-aceto-balsamico\/","name":"Anti Aging Creme mit Aceto Balsamico Tradizionale di Modena - Lucilla","isPartOf":{"@id":"https:\/\/balsamico.shop\/de\/#website"},"primaryImageOfPage":{"@id":"https:\/\/balsamico.shop\/de\/produkt\/anti-aging-creme-lucilla-aceto-balsamico\/#primaryimage"},"image":{"@id":"https:\/\/balsamico.shop\/de\/produkt\/anti-aging-creme-lucilla-aceto-balsamico\/#primaryimage"},"thumbnailUrl":"https:\/\/balsamico.shop\/de\/wp-content\/uploads\/2020\/02\/lucilla-anti-aging-creme-aceto-balsamico.jpg","datePublished":"2020-02-04T07:39:20+00:00","dateModified":"2026-04-02T17:05:45+00:00","description":"Die weltweit erste Anti Aging Creme mit dem luxeri\u00f6sen Aceto Balsamico Tradizionale D.O.P.","breadcrumb":{"@id":"https:\/\/balsamico.shop\/de\/produkt\/anti-aging-creme-lucilla-aceto-balsamico\/#breadcrumb"},"inLanguage":"de","potentialAction":[{"@type":"ReadAction","target":["https:\/\/balsamico.shop\/de\/produkt\/anti-aging-creme-lucilla-aceto-balsamico\/"]}]},{"@type":"ImageObject","inLanguage":"de","@id":"https:\/\/balsamico.shop\/de\/produkt\/anti-aging-creme-lucilla-aceto-balsamico\/#primaryimage","url":"https:\/\/balsamico.shop\/de\/wp-content\/uploads\/2020\/02\/lucilla-anti-aging-creme-aceto-balsamico.jpg","contentUrl":"https:\/\/balsamico.shop\/de\/wp-content\/uploads\/2020\/02\/lucilla-anti-aging-creme-aceto-balsamico.jpg","width":1600,"height":1872,"caption":"lucilla anti aging creme mit aceto balsamico tradizionale"},{"@type":"BreadcrumbList","@id":"https:\/\/balsamico.shop\/de\/produkt\/anti-aging-creme-lucilla-aceto-balsamico\/#breadcrumb","itemListElement":[{"@type":"ListItem","position":1,"name":"Startseite","item":"https:\/\/balsamico.shop\/de\/"},{"@type":"ListItem","position":2,"name":"Aceto Balsamico Shop","item":"https:\/\/balsamico.shop\/de\/shop\/"},{"@type":"ListItem","position":3,"name":"Lucilla &#8211; die erste Gesichtscreme mit Aceto Balsamico Tradizionale di Modena D.O.P."}]},{"@type":"WebSite","@id":"https:\/\/balsamico.shop\/de\/#website","url":"https:\/\/balsamico.shop\/de\/","name":"Aceto Balsamico Shop","description":"Shop f\u00fcr Balsamico aus Modena &amp; Reggio Emilia","publisher":{"@id":"https:\/\/balsamico.shop\/de\/#organization"},"potentialAction":[{"@type":"SearchAction","target":{"@type":"EntryPoint","urlTemplate":"https:\/\/balsamico.shop\/de\/?s={search_term_string}"},"query-input":{"@type":"PropertyValueSpecification","valueRequired":true,"valueName":"search_term_string"}}],"inLanguage":"de"},{"@type":"Organization","@id":"https:\/\/balsamico.shop\/de\/#organization","name":"Bernardo Tesori","url":"https:\/\/balsamico.shop\/de\/","logo":{"@type":"ImageObject","inLanguage":"de","@id":"https:\/\/balsamico.shop\/de\/#\/schema\/logo\/image\/","url":"https:\/\/balsamico.shop\/de\/wp-content\/uploads\/2016\/04\/logo_bernardo.png","contentUrl":"https:\/\/balsamico.shop\/de\/wp-content\/uploads\/2016\/04\/logo_bernardo.png","width":278,"height":466,"caption":"Bernardo Tesori"},"image":{"@id":"https:\/\/balsamico.shop\/de\/#\/schema\/logo\/image\/"}}]}},"_links":{"self":[{"href":"https:\/\/balsamico.shop\/de\/wp-json\/wp\/v2\/product\/3481","targetHints":{"allow":["GET"]}}],"collection":[{"href":"https:\/\/balsamico.shop\/de\/wp-json\/wp\/v2\/product"}],"about":[{"href":"https:\/\/balsamico.shop\/de\/wp-json\/wp\/v2\/types\/product"}],"wp:featuredmedia":[{"embeddable":true,"href":"https:\/\/balsamico.shop\/de\/wp-json\/wp\/v2\/media\/3490"}],"wp:attachment":[{"href":"https:\/\/balsamico.shop\/de\/wp-json\/wp\/v2\/media?parent=3481"}],"wp:term":[{"taxonomy":"product_brand","embeddable":true,"href":"https:\/\/balsamico.shop\/de\/wp-json\/wp\/v2\/product_brand?post=3481"},{"taxonomy":"product_cat","embeddable":true,"href":"https:\/\/balsamico.shop\/de\/wp-json\/wp\/v2\/product_cat?post=3481"},{"taxonomy":"product_tag","embeddable":true,"href":"https:\/\/balsamico.shop\/de\/wp-json\/wp\/v2\/product_tag?post=3481"}],"curies":[{"name":"wp","href":"https:\/\/api.w.org\/{rel}","templated":true}]}}